{"id":427,"date":"2026-01-20T02:44:32","date_gmt":"2026-01-20T02:44:32","guid":{"rendered":"https:\/\/fumot.uk\/?post_type=product&#038;p=427"},"modified":"2026-01-20T07:59:46","modified_gmt":"2026-01-20T07:59:46","slug":"randm-tornado-20000-puffs-peach-pineapple-orange","status":"publish","type":"product","link":"https:\/\/fumot.uk\/fr\/product\/randm-tornado-20000-puffs-peach-pineapple-orange\/","title":{"rendered":"RandM Tornado 20000 Puffs Vape Jetable \u2013 P\u00eache Ananas Orange | 20ml, Double Mesh, Rechargeable, \u00c9cran LED"},"content":{"rendered":"<h2>RandM Tornado 20000 Puffs \u2013 P\u00eache Ananas Orange<\/h2>\n<p>Apportez une explosion de luminosit\u00e9 insulaire \u00e0 chaque bouff\u00e9e. Le <strong>RandM Tornado 20000 Puffs Vape Jetable<\/strong> in <strong>P\u00eache Ananas Orange<\/strong> superpose la douceur douce de la p\u00eache avec une touche p\u00e9tillante d'ananas, termin\u00e9e par un \u00e9clat d'agrumes \u00e0 l'orange. Le r\u00e9sultat est un <strong>vape aux fruits tropicaux<\/strong> qui reste doux, \u00e9quilibr\u00e9 et rafra\u00eechissant de bout en bout.<\/p>\n<p>Con\u00e7u pour les longues journ\u00e9es et un suivi facile, ce <strong>vape jetable rechargeable<\/strong> combine un g\u00e9n\u00e9reux <strong>Capacit\u00e9 de 20ml de e-liquide<\/strong> avec un <strong>bobine double mesh<\/strong> pour une distribution r\u00e9guli\u00e8re de la saveur. Un clair <strong>affichage LED<\/strong> vous aide \u00e0 surveiller les niveaux de batterie et de e-liquide\u2014pour ne pas deviner en milieu de session.<\/p>\n<h3>Notes de saveur (P\u00eache \u2022 Ananas \u2022 Orange)<\/h3>\n<ul>\n<li><strong>Inhalation :<\/strong> p\u00eache douce et m\u00fbre<\/li>\n<li><strong>Milieu :<\/strong> ananas tropical \u00e9clatant<\/li>\n<li><strong>Expiration :<\/strong> finition d'agrumes \u00e0 l'orange croquante<\/li>\n<\/ul>\n<h3>Caract\u00e9ristiques cl\u00e9s<\/h3>\n<ul>\n<li><strong>Jusqu'\u00e0 20000 bouff\u00e9es<\/strong> (d\u00e9pend de la longueur de la bouff\u00e9e)<\/li>\n<li><strong>20ml d'e-liquide<\/strong> pour une utilisation prolong\u00e9e<\/li>\n<li><strong>Options de nicotine :<\/strong> <strong>2%<\/strong> or <strong>5%<\/strong> (choisissez votre pr\u00e9f\u00e9rence)<\/li>\n<li><strong>Batterie rechargeable 850mAh<\/strong> pour une puissance fiable toute la journ\u00e9e<\/li>\n<li><strong>charge Type-C<\/strong> pour des recharges pratiques<\/li>\n<li><strong>Double bobine en mesh<\/strong> pour une saveur plus riche et une vapeur douce<\/li>\n<li><strong>affichage LED<\/strong> montre la batterie et le e-liquide en un coup d'\u0153il<\/li>\n<\/ul>\n<h3>Pourquoi vous aimerez ce m\u00e9lange P\u00eache Ananas Orange<\/h3>\n<p>Si vous appr\u00e9ciez <strong>vapes jetables ax\u00e9es sur les fruits<\/strong> qui ne go\u00fbtent pas lourd ou trop sucr\u00e9, ce m\u00e9lange atteint un juste milieu satisfaisant : la p\u00eache le garde arrondi, l'ananas ajoute de l'\u00e9clat, et l'orange lui donne une finition propre et zest\u00e9e qui reste fra\u00eeche.<\/p>\n<h3>Achetez plus sur fumot.uk<\/h3>\n<p>D\u00e9couvrez plus de saveurs longue dur\u00e9e sur <a href=\"https:\/\/fumot.uk\/fr\/\">fumot.uk<\/a>. Vous pouvez parcourir nos <a href=\"https:\/\/fumot.uk\/fr\/product-category\/20000-puff\/\">vapes de 20000 bouff\u00e9es<\/a> ou explorer la collection compl\u00e8te <a href=\"https:\/\/fumot.uk\/fr\/product-category\/randm-tornado-20000-puffs\/\">RandM Tornado 20000 Puffs<\/a> pour comparer les saveurs et choisir votre force de nicotine pr\u00e9f\u00e9r\u00e9e.<\/p>\n<p><strong>P\u00eache Ananas Orange<\/strong> est un trio tropical vif avec une touche d'agrumes \u00e9clatante\u2014propre, fruit\u00e9 et facile \u00e0 appr\u00e9cier jour apr\u00e8s jour.<\/p>","protected":false},"excerpt":{"rendered":"<p>RandM Tornado 20000 Puffs Peach Pineapple Orange cigarette \u00e9lectronique jetable avec 20ml de e-liquide, double bobine en mesh, \u00e9cran LED, batterie rechargeable Type\u2011C de 850mAh, et options de nicotine 2%\/5%.<\/p>","protected":false},"featured_media":469,"comment_status":"open","ping_status":"closed","template":"","meta":[],"product_brand":[],"product_cat":[68,69,17],"product_tag":[70,60,71,20,72,73,74,80,30,35,26,27,62,28],"class_list":{"0":"post-427","1":"product","2":"type-product","3":"status-publish","4":"has-post-thumbnail","6":"product_cat-20000-puff","7":"product_cat-randm-tornado-20000-puffs","8":"product_cat-vape","9":"product_tag-2-nikotin","10":"product_tag-20ml","11":"product_tag-5-nikotin","12":"product_tag-850mah","13":"product_tag-direct-to-lung","14":"product_tag-dual-mesh","15":"product_tag-lcd-display","16":"product_tag-orange","17":"product_tag-peach","18":"product_tag-pineapple","19":"product_tag-rechargeable","20":"product_tag-rgb-light","21":"product_tag-sale-vape","22":"product_tag-type-c","24":"first","25":"instock","26":"sale","27":"shipping-taxable","28":"purchasable","29":"product-type-variable","30":"has-default-attributes"},"yoast_head":"<!-- This site is optimized with the Yoast SEO plugin v26.8 - https:\/\/yoast.com\/product\/yoast-seo-wordpress\/ -->\n<title>RandM Tornado 20000 Peach Pineapple Orange Vape<\/title>\n<meta name=\"description\" content=\"RandM Tornado 20000 Puffs Peach Pineapple Orange: 20ml, dual mesh coil, LED display, 850mAh rechargeable Type\u2011C. Choose 2% or 5% nicotine.\" \/>\n<meta name=\"robots\" content=\"index, follow, max-snippet:-1, max-image-preview:large, max-video-preview:-1\" \/>\n<link rel=\"canonical\" href=\"https:\/\/fumot.uk\/fr\/product\/randm-tornado-20000-puffs-peach-pineapple-orange\/\" \/>\n<meta property=\"og:locale\" content=\"fr_FR\" \/>\n<meta property=\"og:type\" content=\"article\" \/>\n<meta property=\"og:title\" content=\"RandM Tornado 20000 \u2013 Peach Pineapple Orange\" \/>\n<meta property=\"og:description\" content=\"A bright tropical blend with a zesty citrus finish. 20ml, dual mesh, LED display, 850mAh rechargeable Type\u2011C. Choose 2% or 5% nicotine.\" \/>\n<meta property=\"og:url\" content=\"https:\/\/fumot.uk\/fr\/product\/randm-tornado-20000-puffs-peach-pineapple-orange\/\" \/>\n<meta property=\"og:site_name\" content=\"Fumot Official Direct | Straight from the Factory, 100% Genuine\" \/>\n<meta property=\"article:modified_time\" content=\"2026-01-20T07:59:46+00:00\" \/>\n<meta property=\"og:image\" content=\"https:\/\/fumot.uk\/wp-content\/uploads\/2026\/01\/Peach-Pineapple-0range_Randm-Tornado-20000-Puffs-Disposable-Vape.jpg\" \/>\n\t<meta property=\"og:image:width\" content=\"2000\" \/>\n\t<meta property=\"og:image:height\" content=\"2000\" \/>\n\t<meta property=\"og:image:type\" content=\"image\/jpeg\" \/>\n<meta name=\"twitter:card\" content=\"summary_large_image\" \/>\n<meta name=\"twitter:label1\" content=\"Dur\u00e9e de lecture estim\u00e9e\" \/>\n\t<meta name=\"twitter:data1\" content=\"2 minutes\" \/>\n<script type=\"application\/ld+json\" class=\"yoast-schema-graph\">{\"@context\":\"https:\/\/schema.org\",\"@graph\":[{\"@type\":\"WebPage\",\"@id\":\"https:\/\/fumot.uk\/product\/randm-tornado-20000-puffs-peach-pineapple-orange\/\",\"url\":\"https:\/\/fumot.uk\/product\/randm-tornado-20000-puffs-peach-pineapple-orange\/\",\"name\":\"RandM Tornado 20000 Peach Pineapple Orange Vape\",\"isPartOf\":{\"@id\":\"https:\/\/fumot.uk\/#website\"},\"primaryImageOfPage\":{\"@id\":\"https:\/\/fumot.uk\/product\/randm-tornado-20000-puffs-peach-pineapple-orange\/#primaryimage\"},\"image\":{\"@id\":\"https:\/\/fumot.uk\/product\/randm-tornado-20000-puffs-peach-pineapple-orange\/#primaryimage\"},\"thumbnailUrl\":\"https:\/\/fumot.uk\/wp-content\/uploads\/2026\/01\/Peach-Pineapple-0range_Randm-Tornado-20000-Puffs-Disposable-Vape.jpg\",\"datePublished\":\"2026-01-20T02:44:32+00:00\",\"dateModified\":\"2026-01-20T07:59:46+00:00\",\"description\":\"RandM Tornado 20000 Puffs Peach Pineapple Orange: 20ml, dual mesh coil, LED display, 850mAh rechargeable Type\u2011C. Choose 2% or 5% nicotine.\",\"breadcrumb\":{\"@id\":\"https:\/\/fumot.uk\/product\/randm-tornado-20000-puffs-peach-pineapple-orange\/#breadcrumb\"},\"inLanguage\":\"fr-FR\",\"potentialAction\":[{\"@type\":\"ReadAction\",\"target\":[\"https:\/\/fumot.uk\/product\/randm-tornado-20000-puffs-peach-pineapple-orange\/\"]}]},{\"@type\":\"ImageObject\",\"inLanguage\":\"fr-FR\",\"@id\":\"https:\/\/fumot.uk\/product\/randm-tornado-20000-puffs-peach-pineapple-orange\/#primaryimage\",\"url\":\"https:\/\/fumot.uk\/wp-content\/uploads\/2026\/01\/Peach-Pineapple-0range_Randm-Tornado-20000-Puffs-Disposable-Vape.jpg\",\"contentUrl\":\"https:\/\/fumot.uk\/wp-content\/uploads\/2026\/01\/Peach-Pineapple-0range_Randm-Tornado-20000-Puffs-Disposable-Vape.jpg\",\"width\":2000,\"height\":2000},{\"@type\":\"BreadcrumbList\",\"@id\":\"https:\/\/fumot.uk\/product\/randm-tornado-20000-puffs-peach-pineapple-orange\/#breadcrumb\",\"itemListElement\":[{\"@type\":\"ListItem\",\"position\":1,\"name\":\"Home\",\"item\":\"https:\/\/fumot.uk\/\"},{\"@type\":\"ListItem\",\"position\":2,\"name\":\"Shop\",\"item\":\"https:\/\/fumot.uk\/shop\/\"},{\"@type\":\"ListItem\",\"position\":3,\"name\":\"RandM Tornado 20000 Puffs Disposable Vape \u2013 Peach Pineapple Orange | 20ml, Dual Mesh, Rechargeable, LED Display\"}]},{\"@type\":\"WebSite\",\"@id\":\"https:\/\/fumot.uk\/#website\",\"url\":\"https:\/\/fumot.uk\/\",\"name\":\"Fumot Official Direct | Straight from the Factory, 100% Genuine\",\"description\":\"Official Website\",\"publisher\":{\"@id\":\"https:\/\/fumot.uk\/#organization\"},\"potentialAction\":[{\"@type\":\"SearchAction\",\"target\":{\"@type\":\"EntryPoint\",\"urlTemplate\":\"https:\/\/fumot.uk\/?s={search_term_string}\"},\"query-input\":{\"@type\":\"PropertyValueSpecification\",\"valueRequired\":true,\"valueName\":\"search_term_string\"}}],\"inLanguage\":\"fr-FR\"},{\"@type\":\"Organization\",\"@id\":\"https:\/\/fumot.uk\/#organization\",\"name\":\"Fumot Official Direct | Straight from the Factory, 100% Genuine\",\"url\":\"https:\/\/fumot.uk\/\",\"logo\":{\"@type\":\"ImageObject\",\"inLanguage\":\"fr-FR\",\"@id\":\"https:\/\/fumot.uk\/#\/schema\/logo\/image\/\",\"url\":\"https:\/\/fumot.uk\/wp-content\/uploads\/2026\/01\/cropped-fumot-logo1.png\",\"contentUrl\":\"https:\/\/fumot.uk\/wp-content\/uploads\/2026\/01\/cropped-fumot-logo1.png\",\"width\":152,\"height\":106,\"caption\":\"Fumot Official Direct | Straight from the Factory, 100% Genuine\"},\"image\":{\"@id\":\"https:\/\/fumot.uk\/#\/schema\/logo\/image\/\"}}]}<\/script>\n<!-- \/ Yoast SEO plugin. -->","yoast_head_json":{"title":"RandM Tornado 20000 Vape P\u00eache Ananas Orange","description":"RandM Tornado 20000 Puffs P\u00eache Ananas Orange : 20ml, double bobine en mesh, affichage LED, rechargeable 850mAh Type\u2011C. Choisissez 2% ou 5% nicotine.","robots":{"index":"index","follow":"follow","max-snippet":"max-snippet:-1","max-image-preview":"max-image-preview:large","max-video-preview":"max-video-preview:-1"},"canonical":"https:\/\/fumot.uk\/fr\/product\/randm-tornado-20000-puffs-peach-pineapple-orange\/","og_locale":"fr_FR","og_type":"article","og_title":"RandM Tornado 20000 \u2013 Peach Pineapple Orange","og_description":"A bright tropical blend with a zesty citrus finish. 20ml, dual mesh, LED display, 850mAh rechargeable Type\u2011C. Choose 2% or 5% nicotine.","og_url":"https:\/\/fumot.uk\/fr\/product\/randm-tornado-20000-puffs-peach-pineapple-orange\/","og_site_name":"Fumot Official Direct | Straight from the Factory, 100% Genuine","article_modified_time":"2026-01-20T07:59:46+00:00","og_image":[{"width":2000,"height":2000,"url":"https:\/\/fumot.uk\/wp-content\/uploads\/2026\/01\/Peach-Pineapple-0range_Randm-Tornado-20000-Puffs-Disposable-Vape.jpg","type":"image\/jpeg"}],"twitter_card":"summary_large_image","twitter_misc":{"Dur\u00e9e de lecture estim\u00e9e":"2 minutes"},"schema":{"@context":"https:\/\/schema.org","@graph":[{"@type":"WebPage","@id":"https:\/\/fumot.uk\/product\/randm-tornado-20000-puffs-peach-pineapple-orange\/","url":"https:\/\/fumot.uk\/product\/randm-tornado-20000-puffs-peach-pineapple-orange\/","name":"RandM Tornado 20000 Vape P\u00eache Ananas Orange","isPartOf":{"@id":"https:\/\/fumot.uk\/#website"},"primaryImageOfPage":{"@id":"https:\/\/fumot.uk\/product\/randm-tornado-20000-puffs-peach-pineapple-orange\/#primaryimage"},"image":{"@id":"https:\/\/fumot.uk\/product\/randm-tornado-20000-puffs-peach-pineapple-orange\/#primaryimage"},"thumbnailUrl":"https:\/\/fumot.uk\/wp-content\/uploads\/2026\/01\/Peach-Pineapple-0range_Randm-Tornado-20000-Puffs-Disposable-Vape.jpg","datePublished":"2026-01-20T02:44:32+00:00","dateModified":"2026-01-20T07:59:46+00:00","description":"RandM Tornado 20000 Puffs P\u00eache Ananas Orange : 20ml, double bobine en mesh, affichage LED, rechargeable 850mAh Type\u2011C. Choisissez 2% ou 5% nicotine.","breadcrumb":{"@id":"https:\/\/fumot.uk\/product\/randm-tornado-20000-puffs-peach-pineapple-orange\/#breadcrumb"},"inLanguage":"fr-FR","potentialAction":[{"@type":"ReadAction","target":["https:\/\/fumot.uk\/product\/randm-tornado-20000-puffs-peach-pineapple-orange\/"]}]},{"@type":"ImageObject","inLanguage":"fr-FR","@id":"https:\/\/fumot.uk\/product\/randm-tornado-20000-puffs-peach-pineapple-orange\/#primaryimage","url":"https:\/\/fumot.uk\/wp-content\/uploads\/2026\/01\/Peach-Pineapple-0range_Randm-Tornado-20000-Puffs-Disposable-Vape.jpg","contentUrl":"https:\/\/fumot.uk\/wp-content\/uploads\/2026\/01\/Peach-Pineapple-0range_Randm-Tornado-20000-Puffs-Disposable-Vape.jpg","width":2000,"height":2000},{"@type":"BreadcrumbList","@id":"https:\/\/fumot.uk\/product\/randm-tornado-20000-puffs-peach-pineapple-orange\/#breadcrumb","itemListElement":[{"@type":"ListItem","position":1,"name":"Home","item":"https:\/\/fumot.uk\/"},{"@type":"ListItem","position":2,"name":"Shop","item":"https:\/\/fumot.uk\/shop\/"},{"@type":"ListItem","position":3,"name":"RandM Tornado 20000 Puffs Disposable Vape \u2013 Peach Pineapple Orange | 20ml, Dual Mesh, Rechargeable, LED Display"}]},{"@type":"WebSite","@id":"https:\/\/fumot.uk\/#website","url":"https:\/\/fumot.uk\/","name":"Fumot Official Direct | Directement de l'usine, 100% Authentique","description":"Site officiel","publisher":{"@id":"https:\/\/fumot.uk\/#organization"},"potentialAction":[{"@type":"SearchAction","target":{"@type":"EntryPoint","urlTemplate":"https:\/\/fumot.uk\/?s={search_term_string}"},"query-input":{"@type":"PropertyValueSpecification","valueRequired":true,"valueName":"search_term_string"}}],"inLanguage":"fr-FR"},{"@type":"Organization","@id":"https:\/\/fumot.uk\/#organization","name":"Fumot Official Direct | Directement de l'usine, 100% Authentique","url":"https:\/\/fumot.uk\/","logo":{"@type":"ImageObject","inLanguage":"fr-FR","@id":"https:\/\/fumot.uk\/#\/schema\/logo\/image\/","url":"https:\/\/fumot.uk\/wp-content\/uploads\/2026\/01\/cropped-fumot-logo1.png","contentUrl":"https:\/\/fumot.uk\/wp-content\/uploads\/2026\/01\/cropped-fumot-logo1.png","width":152,"height":106,"caption":"Fumot Official Direct | Straight from the Factory, 100% Genuine"},"image":{"@id":"https:\/\/fumot.uk\/#\/schema\/logo\/image\/"}}]}},"_links":{"self":[{"href":"https:\/\/fumot.uk\/fr\/wp-json\/wp\/v2\/product\/427","targetHints":{"allow":["GET"]}}],"collection":[{"href":"https:\/\/fumot.uk\/fr\/wp-json\/wp\/v2\/product"}],"about":[{"href":"https:\/\/fumot.uk\/fr\/wp-json\/wp\/v2\/types\/product"}],"replies":[{"embeddable":true,"href":"https:\/\/fumot.uk\/fr\/wp-json\/wp\/v2\/comments?post=427"}],"wp:featuredmedia":[{"embeddable":true,"href":"https:\/\/fumot.uk\/fr\/wp-json\/wp\/v2\/media\/469"}],"wp:attachment":[{"href":"https:\/\/fumot.uk\/fr\/wp-json\/wp\/v2\/media?parent=427"}],"wp:term":[{"taxonomy":"product_brand","embeddable":true,"href":"https:\/\/fumot.uk\/fr\/wp-json\/wp\/v2\/product_brand?post=427"},{"taxonomy":"product_cat","embeddable":true,"href":"https:\/\/fumot.uk\/fr\/wp-json\/wp\/v2\/product_cat?post=427"},{"taxonomy":"product_tag","embeddable":true,"href":"https:\/\/fumot.uk\/fr\/wp-json\/wp\/v2\/product_tag?post=427"}],"curies":[{"name":"wp","href":"https:\/\/api.w.org\/{rel}","templated":true}]}}