{"id":4265,"date":"2026-01-21T04:08:48","date_gmt":"2026-01-21T04:08:48","guid":{"rendered":"https:\/\/fumot.uk\/?post_type=product&#038;p=4265"},"modified":"2026-01-21T07:07:16","modified_gmt":"2026-01-21T07:07:16","slug":"strawberry-raspberry-cherry-ice-jnr-mega-box-50000-puffs","status":"publish","type":"product","link":"https:\/\/fumot.uk\/fr\/product\/strawberry-raspberry-cherry-ice-jnr-mega-box-50000-puffs\/","title":{"rendered":"JNR Mega Box Pro 50000 Puffs Fraise Framboise Cerise Glac\u00e9e (32ml, Rechargeable, Affichage)"},"content":{"rendered":"<h2>JNR Mega Box Pro 50000 Puffs \u2013 Fraise Framboise Cerise Glac\u00e9e<\/h2>\n<p>Transformez chaque bouff\u00e9e en un moment fruit\u00e9 et glac\u00e9 \u00e9clatant. Le <strong>JNR Mega Box Pro 50000 Puffs Fraise Framboise Cerise Glac\u00e9e<\/strong> m\u00e9lange <strong>fraise sucr\u00e9e<\/strong>, <strong>framboise juteuse<\/strong>, et <strong>cerise m\u00fbre<\/strong>, termin\u00e9 par une <strong>expiration glac\u00e9e et rafra\u00eechissante<\/strong>. Le r\u00e9sultat est stratifi\u00e9 et rafra\u00eechissant\u2014fruit\u00e9 au d\u00e9but, agr\u00e9ablement frais \u00e0 la fin.<\/p>\n<h3>Profil de Saveur<\/h3>\n<ul>\n<li><strong>Inhalation :<\/strong> Douceur de fraise avec framboise vibrante<\/li>\n<li><strong>Milieu :<\/strong> Note de cerise arrondie qui ajoute de la profondeur<\/li>\n<li><strong>Finition :<\/strong> Effet de glace croquante\u2014frais, mais pas \u00e9crasant<\/li>\n<\/ul>\n<h3>Con\u00e7u pour un Sentiment Premium, Construit pour Performer<\/h3>\n<p>Avec son corps m\u00e9tallique sombre et ses lignes \u00e9pur\u00e9es et minimalistes, le Mega Box Pro a un look moderne et se sent solide en main. Un <strong>affichage LED<\/strong> vous aide \u00e0 suivre <strong>batterie<\/strong> et <strong>niveau de e-liquide<\/strong>, pour que l'exp\u00e9rience reste simple et pr\u00e9visible.<\/p>\n<h3>Pourquoi vous allez l'aimer<\/h3>\n<ul>\n<li><strong>capacit\u00e9 de 32 ml d'e-liquide<\/strong> pour une saveur durable<\/li>\n<li><strong>Double R\u00e9sistance en Maille + Double C\u0153ur<\/strong> pour une vapeur douce et dense et un go\u00fbt constant<\/li>\n<li><strong>Batterie rechargeable 850mAh<\/strong> avec <strong>Type-C<\/strong> chargement<\/li>\n<li>Options de nicotine disponibles : <strong>0%<\/strong>, <strong>2%<\/strong>, <strong>5%<\/strong><\/li>\n<\/ul>\n<h3>Sp\u00e9cifications<\/h3>\n<ul>\n<li><strong>Produit :<\/strong> JNR Mega Box Pro<\/li>\n<li><strong>Bouff\u00e9es :<\/strong> Jusqu'\u00e0 50000<\/li>\n<li><strong>Saveur :<\/strong> Glace de fraise framboise cerise<\/li>\n<li><strong>E-Liquide :<\/strong> <a href=\"https:\/\/fumot.uk\/fr\/product-tag\/32ml\/\">32ml<\/a><\/li>\n<li><strong>R\u00e9sistance :<\/strong> Double Mesh Coil &amp; Double Core<\/li>\n<li><strong>Batterie :<\/strong> 850mAh (Rechargeable)<\/li>\n<li><strong>Chargement :<\/strong> Type-C<\/li>\n<li><strong>Affichage :<\/strong> Affichage du statut de l'e-liquide et de la batterie<\/li>\n<li><strong>Teneur en Nicotine :<\/strong> 0% \/ 2% \/ 5%<\/li>\n<\/ul>\n<p>D\u00e9couvrez plus de saveurs et toute la gamme d'options jetables \u00e0 haute capacit\u00e9 sur <a href=\"https:\/\/fumot.uk\/fr\/\">fumot.uk<\/a>.<\/p>","protected":false},"excerpt":{"rendered":"<p>JNR Mega Box Pro 50000 Puffs en Fraise Framboise Cerise Glac\u00e9e\u2014baies sucr\u00e9es, cerise riche, et une finition glac\u00e9e croustillante. 32ml, double bobine en mesh, \u00e9cran LED, rechargeable Type\u2011C 850mAh. Nicotine : 0%\/2%\/5%.<\/p>","protected":false},"featured_media":4295,"comment_status":"open","ping_status":"closed","template":"","meta":[],"product_brand":[],"product_cat":[110,214,17],"product_tag":[84,70,167,71,20,36,72,23,73,29,34,26,37,28],"class_list":{"0":"post-4265","1":"product","2":"type-product","3":"status-publish","4":"has-post-thumbnail","6":"product_cat-50000-puff","7":"product_cat-jnr-mega-box-pro-50000-puffs","8":"product_cat-vape","9":"product_tag-0-nikotin","10":"product_tag-2-nikotin","11":"product_tag-32ml","12":"product_tag-5-nikotin","13":"product_tag-850mah","14":"product_tag-cherry","15":"product_tag-direct-to-lung","16":"product_tag-display","17":"product_tag-dual-mesh","18":"product_tag-ice","19":"product_tag-raspberry","20":"product_tag-rechargeable","21":"product_tag-strawberry","22":"product_tag-type-c","24":"first","25":"instock","26":"sale","27":"shipping-taxable","28":"purchasable","29":"product-type-variable","30":"has-default-attributes"},"yoast_head":"<!-- This site is optimized with the Yoast SEO plugin v26.8 - https:\/\/yoast.com\/product\/yoast-seo-wordpress\/ -->\n<title>JNR Mega Box Pro 50000 Strawberry Raspberry Cherry Ice<\/title>\n<meta name=\"description\" content=\"JNR Mega Box Pro 50000 Puffs Strawberry Raspberry Cherry Ice. 32ml e-liquid, dual mesh coil, LED display, 850mAh Type\u2011C rechargeable. 0\/2\/5% nicotine.\" \/>\n<meta name=\"robots\" content=\"index, follow, max-snippet:-1, max-image-preview:large, max-video-preview:-1\" \/>\n<link rel=\"canonical\" href=\"https:\/\/fumot.uk\/fr\/product\/strawberry-raspberry-cherry-ice-jnr-mega-box-50000-puffs\/\" \/>\n<meta property=\"og:locale\" content=\"fr_FR\" \/>\n<meta property=\"og:type\" content=\"article\" \/>\n<meta property=\"og:title\" content=\"Strawberry Raspberry Cherry Ice \u2013 JNR Mega Box Pro 50000\" \/>\n<meta property=\"og:description\" content=\"A bright blend of strawberry, raspberry and cherry with a crisp ice finish. 32ml, dual mesh coil, LED display, 850mAh Type\u2011C rechargeable. 0\/2\/5% nicotine.\" \/>\n<meta property=\"og:url\" content=\"https:\/\/fumot.uk\/fr\/product\/strawberry-raspberry-cherry-ice-jnr-mega-box-50000-puffs\/\" \/>\n<meta property=\"og:site_name\" content=\"Fumot Official Direct | Straight from the Factory, 100% Genuine\" \/>\n<meta property=\"article:modified_time\" content=\"2026-01-21T07:07:16+00:00\" \/>\n<meta property=\"og:image\" content=\"https:\/\/fumot.uk\/wp-content\/uploads\/2026\/01\/STRAWBERRY-RASPBERRY-CHERRY-ICE-JNR-Mega-Box-Pro-50000-Puffs-Disposable-Device-scaled-1.jpg\" \/>\n\t<meta property=\"og:image:width\" content=\"2560\" \/>\n\t<meta property=\"og:image:height\" content=\"2560\" \/>\n\t<meta property=\"og:image:type\" content=\"image\/jpeg\" \/>\n<meta name=\"twitter:card\" content=\"summary_large_image\" \/>\n<meta name=\"twitter:label1\" content=\"Dur\u00e9e de lecture estim\u00e9e\" \/>\n\t<meta name=\"twitter:data1\" content=\"1 minute\" \/>\n<script type=\"application\/ld+json\" class=\"yoast-schema-graph\">{\"@context\":\"https:\/\/schema.org\",\"@graph\":[{\"@type\":\"WebPage\",\"@id\":\"https:\/\/fumot.uk\/product\/strawberry-raspberry-cherry-ice-jnr-mega-box-50000-puffs\/\",\"url\":\"https:\/\/fumot.uk\/product\/strawberry-raspberry-cherry-ice-jnr-mega-box-50000-puffs\/\",\"name\":\"JNR Mega Box Pro 50000 Strawberry Raspberry Cherry Ice\",\"isPartOf\":{\"@id\":\"https:\/\/fumot.uk\/#website\"},\"primaryImageOfPage\":{\"@id\":\"https:\/\/fumot.uk\/product\/strawberry-raspberry-cherry-ice-jnr-mega-box-50000-puffs\/#primaryimage\"},\"image\":{\"@id\":\"https:\/\/fumot.uk\/product\/strawberry-raspberry-cherry-ice-jnr-mega-box-50000-puffs\/#primaryimage\"},\"thumbnailUrl\":\"https:\/\/fumot.uk\/wp-content\/uploads\/2026\/01\/STRAWBERRY-RASPBERRY-CHERRY-ICE-JNR-Mega-Box-Pro-50000-Puffs-Disposable-Device-scaled-1.jpg\",\"datePublished\":\"2026-01-21T04:08:48+00:00\",\"dateModified\":\"2026-01-21T07:07:16+00:00\",\"description\":\"JNR Mega Box Pro 50000 Puffs Strawberry Raspberry Cherry Ice. 32ml e-liquid, dual mesh coil, LED display, 850mAh Type\u2011C rechargeable. 0\/2\/5% nicotine.\",\"breadcrumb\":{\"@id\":\"https:\/\/fumot.uk\/product\/strawberry-raspberry-cherry-ice-jnr-mega-box-50000-puffs\/#breadcrumb\"},\"inLanguage\":\"fr-FR\",\"potentialAction\":[{\"@type\":\"ReadAction\",\"target\":[\"https:\/\/fumot.uk\/product\/strawberry-raspberry-cherry-ice-jnr-mega-box-50000-puffs\/\"]}]},{\"@type\":\"ImageObject\",\"inLanguage\":\"fr-FR\",\"@id\":\"https:\/\/fumot.uk\/product\/strawberry-raspberry-cherry-ice-jnr-mega-box-50000-puffs\/#primaryimage\",\"url\":\"https:\/\/fumot.uk\/wp-content\/uploads\/2026\/01\/STRAWBERRY-RASPBERRY-CHERRY-ICE-JNR-Mega-Box-Pro-50000-Puffs-Disposable-Device-scaled-1.jpg\",\"contentUrl\":\"https:\/\/fumot.uk\/wp-content\/uploads\/2026\/01\/STRAWBERRY-RASPBERRY-CHERRY-ICE-JNR-Mega-Box-Pro-50000-Puffs-Disposable-Device-scaled-1.jpg\",\"width\":2560,\"height\":2560},{\"@type\":\"BreadcrumbList\",\"@id\":\"https:\/\/fumot.uk\/product\/strawberry-raspberry-cherry-ice-jnr-mega-box-50000-puffs\/#breadcrumb\",\"itemListElement\":[{\"@type\":\"ListItem\",\"position\":1,\"name\":\"Home\",\"item\":\"https:\/\/fumot.uk\/\"},{\"@type\":\"ListItem\",\"position\":2,\"name\":\"Shop\",\"item\":\"https:\/\/fumot.uk\/shop\/\"},{\"@type\":\"ListItem\",\"position\":3,\"name\":\"JNR Mega Box Pro 50000 Puffs Strawberry Raspberry Cherry Ice (32ml, Rechargeable, Display)\"}]},{\"@type\":\"WebSite\",\"@id\":\"https:\/\/fumot.uk\/#website\",\"url\":\"https:\/\/fumot.uk\/\",\"name\":\"Fumot Official Direct | Straight from the Factory, 100% Genuine\",\"description\":\"Official Website\",\"publisher\":{\"@id\":\"https:\/\/fumot.uk\/#organization\"},\"potentialAction\":[{\"@type\":\"SearchAction\",\"target\":{\"@type\":\"EntryPoint\",\"urlTemplate\":\"https:\/\/fumot.uk\/?s={search_term_string}\"},\"query-input\":{\"@type\":\"PropertyValueSpecification\",\"valueRequired\":true,\"valueName\":\"search_term_string\"}}],\"inLanguage\":\"fr-FR\"},{\"@type\":\"Organization\",\"@id\":\"https:\/\/fumot.uk\/#organization\",\"name\":\"Fumot Official Direct | Straight from the Factory, 100% Genuine\",\"url\":\"https:\/\/fumot.uk\/\",\"logo\":{\"@type\":\"ImageObject\",\"inLanguage\":\"fr-FR\",\"@id\":\"https:\/\/fumot.uk\/#\/schema\/logo\/image\/\",\"url\":\"https:\/\/fumot.uk\/wp-content\/uploads\/2026\/01\/cropped-fumot-logo1.png\",\"contentUrl\":\"https:\/\/fumot.uk\/wp-content\/uploads\/2026\/01\/cropped-fumot-logo1.png\",\"width\":152,\"height\":106,\"caption\":\"Fumot Official Direct | Straight from the Factory, 100% Genuine\"},\"image\":{\"@id\":\"https:\/\/fumot.uk\/#\/schema\/logo\/image\/\"}}]}<\/script>\n<!-- \/ Yoast SEO plugin. -->","yoast_head_json":{"title":"JNR Mega Box Pro 50000 Fraise Framboise Cerise Glac\u00e9e","description":"JNR Mega Box Pro 50000 Puffs Fraise Framboise Cerise Glac\u00e9e. 32ml e-liquide, double bobine en mesh, affichage LED, 850mAh Type\u2011C rechargeable. 0\/2\/5% nicotine.","robots":{"index":"index","follow":"follow","max-snippet":"max-snippet:-1","max-image-preview":"max-image-preview:large","max-video-preview":"max-video-preview:-1"},"canonical":"https:\/\/fumot.uk\/fr\/product\/strawberry-raspberry-cherry-ice-jnr-mega-box-50000-puffs\/","og_locale":"fr_FR","og_type":"article","og_title":"Strawberry Raspberry Cherry Ice \u2013 JNR Mega Box Pro 50000","og_description":"A bright blend of strawberry, raspberry and cherry with a crisp ice finish. 32ml, dual mesh coil, LED display, 850mAh Type\u2011C rechargeable. 0\/2\/5% nicotine.","og_url":"https:\/\/fumot.uk\/fr\/product\/strawberry-raspberry-cherry-ice-jnr-mega-box-50000-puffs\/","og_site_name":"Fumot Official Direct | Straight from the Factory, 100% Genuine","article_modified_time":"2026-01-21T07:07:16+00:00","og_image":[{"width":2560,"height":2560,"url":"https:\/\/fumot.uk\/wp-content\/uploads\/2026\/01\/STRAWBERRY-RASPBERRY-CHERRY-ICE-JNR-Mega-Box-Pro-50000-Puffs-Disposable-Device-scaled-1.jpg","type":"image\/jpeg"}],"twitter_card":"summary_large_image","twitter_misc":{"Dur\u00e9e de lecture estim\u00e9e":"1 minute"},"schema":{"@context":"https:\/\/schema.org","@graph":[{"@type":"WebPage","@id":"https:\/\/fumot.uk\/product\/strawberry-raspberry-cherry-ice-jnr-mega-box-50000-puffs\/","url":"https:\/\/fumot.uk\/product\/strawberry-raspberry-cherry-ice-jnr-mega-box-50000-puffs\/","name":"JNR Mega Box Pro 50000 Fraise Framboise Cerise Glac\u00e9e","isPartOf":{"@id":"https:\/\/fumot.uk\/#website"},"primaryImageOfPage":{"@id":"https:\/\/fumot.uk\/product\/strawberry-raspberry-cherry-ice-jnr-mega-box-50000-puffs\/#primaryimage"},"image":{"@id":"https:\/\/fumot.uk\/product\/strawberry-raspberry-cherry-ice-jnr-mega-box-50000-puffs\/#primaryimage"},"thumbnailUrl":"https:\/\/fumot.uk\/wp-content\/uploads\/2026\/01\/STRAWBERRY-RASPBERRY-CHERRY-ICE-JNR-Mega-Box-Pro-50000-Puffs-Disposable-Device-scaled-1.jpg","datePublished":"2026-01-21T04:08:48+00:00","dateModified":"2026-01-21T07:07:16+00:00","description":"JNR Mega Box Pro 50000 Puffs Fraise Framboise Cerise Glac\u00e9e. 32ml e-liquide, double bobine en mesh, affichage LED, 850mAh Type\u2011C rechargeable. 0\/2\/5% nicotine.","breadcrumb":{"@id":"https:\/\/fumot.uk\/product\/strawberry-raspberry-cherry-ice-jnr-mega-box-50000-puffs\/#breadcrumb"},"inLanguage":"fr-FR","potentialAction":[{"@type":"ReadAction","target":["https:\/\/fumot.uk\/product\/strawberry-raspberry-cherry-ice-jnr-mega-box-50000-puffs\/"]}]},{"@type":"ImageObject","inLanguage":"fr-FR","@id":"https:\/\/fumot.uk\/product\/strawberry-raspberry-cherry-ice-jnr-mega-box-50000-puffs\/#primaryimage","url":"https:\/\/fumot.uk\/wp-content\/uploads\/2026\/01\/STRAWBERRY-RASPBERRY-CHERRY-ICE-JNR-Mega-Box-Pro-50000-Puffs-Disposable-Device-scaled-1.jpg","contentUrl":"https:\/\/fumot.uk\/wp-content\/uploads\/2026\/01\/STRAWBERRY-RASPBERRY-CHERRY-ICE-JNR-Mega-Box-Pro-50000-Puffs-Disposable-Device-scaled-1.jpg","width":2560,"height":2560},{"@type":"BreadcrumbList","@id":"https:\/\/fumot.uk\/product\/strawberry-raspberry-cherry-ice-jnr-mega-box-50000-puffs\/#breadcrumb","itemListElement":[{"@type":"ListItem","position":1,"name":"Home","item":"https:\/\/fumot.uk\/"},{"@type":"ListItem","position":2,"name":"Shop","item":"https:\/\/fumot.uk\/shop\/"},{"@type":"ListItem","position":3,"name":"JNR Mega Box Pro 50000 Puffs Strawberry Raspberry Cherry Ice (32ml, Rechargeable, Display)"}]},{"@type":"WebSite","@id":"https:\/\/fumot.uk\/#website","url":"https:\/\/fumot.uk\/","name":"Fumot Official Direct | Directement de l'usine, 100% Authentique","description":"Site officiel","publisher":{"@id":"https:\/\/fumot.uk\/#organization"},"potentialAction":[{"@type":"SearchAction","target":{"@type":"EntryPoint","urlTemplate":"https:\/\/fumot.uk\/?s={search_term_string}"},"query-input":{"@type":"PropertyValueSpecification","valueRequired":true,"valueName":"search_term_string"}}],"inLanguage":"fr-FR"},{"@type":"Organization","@id":"https:\/\/fumot.uk\/#organization","name":"Fumot Official Direct | Directement de l'usine, 100% Authentique","url":"https:\/\/fumot.uk\/","logo":{"@type":"ImageObject","inLanguage":"fr-FR","@id":"https:\/\/fumot.uk\/#\/schema\/logo\/image\/","url":"https:\/\/fumot.uk\/wp-content\/uploads\/2026\/01\/cropped-fumot-logo1.png","contentUrl":"https:\/\/fumot.uk\/wp-content\/uploads\/2026\/01\/cropped-fumot-logo1.png","width":152,"height":106,"caption":"Fumot Official Direct | Straight from the Factory, 100% Genuine"},"image":{"@id":"https:\/\/fumot.uk\/#\/schema\/logo\/image\/"}}]}},"_links":{"self":[{"href":"https:\/\/fumot.uk\/fr\/wp-json\/wp\/v2\/product\/4265","targetHints":{"allow":["GET"]}}],"collection":[{"href":"https:\/\/fumot.uk\/fr\/wp-json\/wp\/v2\/product"}],"about":[{"href":"https:\/\/fumot.uk\/fr\/wp-json\/wp\/v2\/types\/product"}],"replies":[{"embeddable":true,"href":"https:\/\/fumot.uk\/fr\/wp-json\/wp\/v2\/comments?post=4265"}],"wp:featuredmedia":[{"embeddable":true,"href":"https:\/\/fumot.uk\/fr\/wp-json\/wp\/v2\/media\/4295"}],"wp:attachment":[{"href":"https:\/\/fumot.uk\/fr\/wp-json\/wp\/v2\/media?parent=4265"}],"wp:term":[{"taxonomy":"product_brand","embeddable":true,"href":"https:\/\/fumot.uk\/fr\/wp-json\/wp\/v2\/product_brand?post=4265"},{"taxonomy":"product_cat","embeddable":true,"href":"https:\/\/fumot.uk\/fr\/wp-json\/wp\/v2\/product_cat?post=4265"},{"taxonomy":"product_tag","embeddable":true,"href":"https:\/\/fumot.uk\/fr\/wp-json\/wp\/v2\/product_tag?post=4265"}],"curies":[{"name":"wp","href":"https:\/\/api.w.org\/{rel}","templated":true}]}}