{"id":4263,"date":"2026-01-21T04:08:47","date_gmt":"2026-01-21T04:08:47","guid":{"rendered":"https:\/\/fumot.uk\/?post_type=product&#038;p=4263"},"modified":"2026-01-21T07:08:59","modified_gmt":"2026-01-21T07:08:59","slug":"cherry-cola-jnr-mega-box-50000-puffs","status":"publish","type":"product","link":"https:\/\/fumot.uk\/fr\/product\/cherry-cola-jnr-mega-box-50000-puffs\/","title":{"rendered":"JNR Mega Box Pro 50000 Puffs \u2013 Vape Jetable Cherry Cola (32ml, Pr\u00e9sentoir, Rechargeable Type\u2011C)"},"content":{"rendered":"<h3>Saveur Cola Cerise : Cola P\u00e9tillant Rencontre Cerise Sucr\u00e9e<\/h3>\n<p>Le <strong>JNR Mega Box Pro 50000 Puffs \u2013 Cola Cerise<\/strong> m\u00e9lange l'effervescence classique du cola avec une finition cerise fruit\u00e9e et douce. La premi\u00e8re inhalation apporte cette morsure de cola famili\u00e8re, suivie d'une douceur de cerise \u00e9quilibr\u00e9e qui reste vive sans dominer votre palais\u2014une saveur facile \u00e0 appr\u00e9cier toute la journ\u00e9e pour les fans de cola et les amateurs de fruits.<\/p>\n<h3>Look Premium, Technologie Moderne<\/h3>\n<p>Con\u00e7u pour \u00eatre aussi agr\u00e9able \u00e0 tenir qu'\u00e0 d\u00e9guster, cet appareil pr\u00e9sente un corps en m\u00e9tal sombre avec des d\u00e9tails fins pour une prise en main solide et premium. Un \u00e9cran clair <a href=\"https:\/\/fumot.uk\/fr\/product-tag\/display\/\">affichage LED<\/a> garde les informations cl\u00e9s visibles, tandis que les lignes \u00e9pur\u00e9es et minimalistes lui donnent une finition \u00e9l\u00e9gante et moderne.<\/p>\n<h3>Nuages Doux &amp; Go\u00fbt Constant<\/h3>\n<p>Avec <strong>Double Bobine Mesh<\/strong> et <strong>Double Core<\/strong> technologie, le profil Cola Cerise reste riche et stable, offrant une vapeur dense mais douce et une exp\u00e9rience de saveur durable.<\/p>\n<h3>Caract\u00e9ristiques cl\u00e9s<\/h3>\n<ul>\n<li><strong>Bouff\u00e9es :<\/strong> Jusqu'\u00e0 50000 (varie selon l'utilisation)<\/li>\n<li><strong>Capacit\u00e9 de E\u2011Liquide :<\/strong> 32ml<\/li>\n<li><strong>R\u00e9sistance :<\/strong> Double R\u00e9sistance en Maille + Double C\u0153ur<\/li>\n<li><strong>Batterie :<\/strong> 850mAh<\/li>\n<li><strong>Chargement :<\/strong> rechargeable Type\u2011C<\/li>\n<li><strong>Affichage :<\/strong> Niveau de e-liquide &amp; statut de la batterie<\/li>\n<li><strong>Options de Nicotine :<\/strong> 0% \/ 2% \/ 5%<\/li>\n<\/ul>\n<h3>Choisissez Votre Force de Nicotine<\/h3>\n<p>S\u00e9lectionnez l'option qui correspond \u00e0 votre pr\u00e9f\u00e9rence : <strong>0% nicotine<\/strong>, <strong>2% nicotine<\/strong>, ou <strong>5% nicotine<\/strong> (la disponibilit\u00e9 peut varier). Explorez plus de saveurs et la collection compl\u00e8te <a href=\"https:\/\/fumot.uk\/fr\/product-category\/jnr-mega-box-pro-50000-puffs\/\">JNR Mega Box Pro 50000 Puffs<\/a> sur fumot.uk.<\/p>","protected":false},"excerpt":{"rendered":"<p>JNR Mega Box Pro 50000 Puffs saveur Cherry Cola\u2014cerise sucr\u00e9e superpos\u00e9e sur cola p\u00e9tillant. 32ml e\u2011liquide, Double Bobine Mesh, \u00e9cran LED, rechargeable Type\u2011C 850mAh. Nicotine : 0%\/2%\/5%.<\/p>","protected":false},"featured_media":4293,"comment_status":"open","ping_status":"closed","template":"","meta":[],"product_brand":[],"product_cat":[110,214,17],"product_tag":[84,70,167,71,20,36,40,72,23,73,26,28],"class_list":{"0":"post-4263","1":"product","2":"type-product","3":"status-publish","4":"has-post-thumbnail","6":"product_cat-50000-puff","7":"product_cat-jnr-mega-box-pro-50000-puffs","8":"product_cat-vape","9":"product_tag-0-nikotin","10":"product_tag-2-nikotin","11":"product_tag-32ml","12":"product_tag-5-nikotin","13":"product_tag-850mah","14":"product_tag-cherry","15":"product_tag-cola","16":"product_tag-direct-to-lung","17":"product_tag-display","18":"product_tag-dual-mesh","19":"product_tag-rechargeable","20":"product_tag-type-c","22":"first","23":"instock","24":"sale","25":"shipping-taxable","26":"purchasable","27":"product-type-variable","28":"has-default-attributes"},"yoast_head":"<!-- This site is optimized with the Yoast SEO plugin v26.8 - https:\/\/yoast.com\/product\/yoast-seo-wordpress\/ -->\n<title>JNR Mega Box Pro 50000 Puffs Cherry Cola | 32ml<\/title>\n<meta name=\"description\" content=\"Cherry Cola JNR Mega Box Pro 50000 Puffs: 32ml, Dual Mesh Coil, LED display, 850mAh Type\u2011C rechargeable. Choose 0%\/2%\/5% nicotine.\" \/>\n<meta name=\"robots\" content=\"index, follow, max-snippet:-1, max-image-preview:large, max-video-preview:-1\" \/>\n<link rel=\"canonical\" href=\"https:\/\/fumot.uk\/fr\/product\/cherry-cola-jnr-mega-box-50000-puffs\/\" \/>\n<meta property=\"og:locale\" content=\"fr_FR\" \/>\n<meta property=\"og:type\" content=\"article\" \/>\n<meta property=\"og:title\" content=\"Cherry Cola \u2013 JNR Mega Box Pro 50000 Puffs\" \/>\n<meta property=\"og:description\" content=\"A fizzy cola hit with a smooth cherry finish. 32ml, Dual Mesh Coil, LED display, 850mAh Type\u2011C rechargeable. 0%\/2%\/5% nicotine options.\" \/>\n<meta property=\"og:url\" content=\"https:\/\/fumot.uk\/fr\/product\/cherry-cola-jnr-mega-box-50000-puffs\/\" \/>\n<meta property=\"og:site_name\" content=\"Fumot Official Direct | Straight from the Factory, 100% Genuine\" \/>\n<meta property=\"article:modified_time\" content=\"2026-01-21T07:08:59+00:00\" \/>\n<meta property=\"og:image\" content=\"https:\/\/fumot.uk\/wp-content\/uploads\/2026\/01\/CHERRY-COLA-JNR-Mega-Box-Pro-50000-Puffs-Disposable-Device-scaled-1.jpg\" \/>\n\t<meta property=\"og:image:width\" content=\"2560\" \/>\n\t<meta property=\"og:image:height\" content=\"2560\" \/>\n\t<meta property=\"og:image:type\" content=\"image\/jpeg\" \/>\n<meta name=\"twitter:card\" content=\"summary_large_image\" \/>\n<meta name=\"twitter:label1\" content=\"Dur\u00e9e de lecture estim\u00e9e\" \/>\n\t<meta name=\"twitter:data1\" content=\"1 minute\" \/>\n<script type=\"application\/ld+json\" class=\"yoast-schema-graph\">{\"@context\":\"https:\/\/schema.org\",\"@graph\":[{\"@type\":\"WebPage\",\"@id\":\"https:\/\/fumot.uk\/product\/cherry-cola-jnr-mega-box-50000-puffs\/\",\"url\":\"https:\/\/fumot.uk\/product\/cherry-cola-jnr-mega-box-50000-puffs\/\",\"name\":\"JNR Mega Box Pro 50000 Puffs Cherry Cola | 32ml\",\"isPartOf\":{\"@id\":\"https:\/\/fumot.uk\/#website\"},\"primaryImageOfPage\":{\"@id\":\"https:\/\/fumot.uk\/product\/cherry-cola-jnr-mega-box-50000-puffs\/#primaryimage\"},\"image\":{\"@id\":\"https:\/\/fumot.uk\/product\/cherry-cola-jnr-mega-box-50000-puffs\/#primaryimage\"},\"thumbnailUrl\":\"https:\/\/fumot.uk\/wp-content\/uploads\/2026\/01\/CHERRY-COLA-JNR-Mega-Box-Pro-50000-Puffs-Disposable-Device-scaled-1.jpg\",\"datePublished\":\"2026-01-21T04:08:47+00:00\",\"dateModified\":\"2026-01-21T07:08:59+00:00\",\"description\":\"Cherry Cola JNR Mega Box Pro 50000 Puffs: 32ml, Dual Mesh Coil, LED display, 850mAh Type\u2011C rechargeable. Choose 0%\/2%\/5% nicotine.\",\"breadcrumb\":{\"@id\":\"https:\/\/fumot.uk\/product\/cherry-cola-jnr-mega-box-50000-puffs\/#breadcrumb\"},\"inLanguage\":\"fr-FR\",\"potentialAction\":[{\"@type\":\"ReadAction\",\"target\":[\"https:\/\/fumot.uk\/product\/cherry-cola-jnr-mega-box-50000-puffs\/\"]}]},{\"@type\":\"ImageObject\",\"inLanguage\":\"fr-FR\",\"@id\":\"https:\/\/fumot.uk\/product\/cherry-cola-jnr-mega-box-50000-puffs\/#primaryimage\",\"url\":\"https:\/\/fumot.uk\/wp-content\/uploads\/2026\/01\/CHERRY-COLA-JNR-Mega-Box-Pro-50000-Puffs-Disposable-Device-scaled-1.jpg\",\"contentUrl\":\"https:\/\/fumot.uk\/wp-content\/uploads\/2026\/01\/CHERRY-COLA-JNR-Mega-Box-Pro-50000-Puffs-Disposable-Device-scaled-1.jpg\",\"width\":2560,\"height\":2560},{\"@type\":\"BreadcrumbList\",\"@id\":\"https:\/\/fumot.uk\/product\/cherry-cola-jnr-mega-box-50000-puffs\/#breadcrumb\",\"itemListElement\":[{\"@type\":\"ListItem\",\"position\":1,\"name\":\"Home\",\"item\":\"https:\/\/fumot.uk\/\"},{\"@type\":\"ListItem\",\"position\":2,\"name\":\"Shop\",\"item\":\"https:\/\/fumot.uk\/shop\/\"},{\"@type\":\"ListItem\",\"position\":3,\"name\":\"JNR Mega Box Pro 50000 Puffs \u2013 Cherry Cola Disposable Vape (32ml, Display, Type\u2011C Rechargeable)\"}]},{\"@type\":\"WebSite\",\"@id\":\"https:\/\/fumot.uk\/#website\",\"url\":\"https:\/\/fumot.uk\/\",\"name\":\"Fumot Official Direct | Straight from the Factory, 100% Genuine\",\"description\":\"Official Website\",\"publisher\":{\"@id\":\"https:\/\/fumot.uk\/#organization\"},\"potentialAction\":[{\"@type\":\"SearchAction\",\"target\":{\"@type\":\"EntryPoint\",\"urlTemplate\":\"https:\/\/fumot.uk\/?s={search_term_string}\"},\"query-input\":{\"@type\":\"PropertyValueSpecification\",\"valueRequired\":true,\"valueName\":\"search_term_string\"}}],\"inLanguage\":\"fr-FR\"},{\"@type\":\"Organization\",\"@id\":\"https:\/\/fumot.uk\/#organization\",\"name\":\"Fumot Official Direct | Straight from the Factory, 100% Genuine\",\"url\":\"https:\/\/fumot.uk\/\",\"logo\":{\"@type\":\"ImageObject\",\"inLanguage\":\"fr-FR\",\"@id\":\"https:\/\/fumot.uk\/#\/schema\/logo\/image\/\",\"url\":\"https:\/\/fumot.uk\/wp-content\/uploads\/2026\/01\/cropped-fumot-logo1.png\",\"contentUrl\":\"https:\/\/fumot.uk\/wp-content\/uploads\/2026\/01\/cropped-fumot-logo1.png\",\"width\":152,\"height\":106,\"caption\":\"Fumot Official Direct | Straight from the Factory, 100% Genuine\"},\"image\":{\"@id\":\"https:\/\/fumot.uk\/#\/schema\/logo\/image\/\"}}]}<\/script>\n<!-- \/ Yoast SEO plugin. -->","yoast_head_json":{"title":"JNR Mega Box Pro 50000 Puffs Cherry Cola | 32ml","description":"Cherry Cola JNR Mega Box Pro 50000 Puffs : 32ml, Double Mesh Coil, Affichage LED, 850mAh Type\u2011C rechargeable. Choisissez 0%\/2%\/5% nicotine.","robots":{"index":"index","follow":"follow","max-snippet":"max-snippet:-1","max-image-preview":"max-image-preview:large","max-video-preview":"max-video-preview:-1"},"canonical":"https:\/\/fumot.uk\/fr\/product\/cherry-cola-jnr-mega-box-50000-puffs\/","og_locale":"fr_FR","og_type":"article","og_title":"Cherry Cola \u2013 JNR Mega Box Pro 50000 Puffs","og_description":"A fizzy cola hit with a smooth cherry finish. 32ml, Dual Mesh Coil, LED display, 850mAh Type\u2011C rechargeable. 0%\/2%\/5% nicotine options.","og_url":"https:\/\/fumot.uk\/fr\/product\/cherry-cola-jnr-mega-box-50000-puffs\/","og_site_name":"Fumot Official Direct | Straight from the Factory, 100% Genuine","article_modified_time":"2026-01-21T07:08:59+00:00","og_image":[{"width":2560,"height":2560,"url":"https:\/\/fumot.uk\/wp-content\/uploads\/2026\/01\/CHERRY-COLA-JNR-Mega-Box-Pro-50000-Puffs-Disposable-Device-scaled-1.jpg","type":"image\/jpeg"}],"twitter_card":"summary_large_image","twitter_misc":{"Dur\u00e9e de lecture estim\u00e9e":"1 minute"},"schema":{"@context":"https:\/\/schema.org","@graph":[{"@type":"WebPage","@id":"https:\/\/fumot.uk\/product\/cherry-cola-jnr-mega-box-50000-puffs\/","url":"https:\/\/fumot.uk\/product\/cherry-cola-jnr-mega-box-50000-puffs\/","name":"JNR Mega Box Pro 50000 Puffs Cherry Cola | 32ml","isPartOf":{"@id":"https:\/\/fumot.uk\/#website"},"primaryImageOfPage":{"@id":"https:\/\/fumot.uk\/product\/cherry-cola-jnr-mega-box-50000-puffs\/#primaryimage"},"image":{"@id":"https:\/\/fumot.uk\/product\/cherry-cola-jnr-mega-box-50000-puffs\/#primaryimage"},"thumbnailUrl":"https:\/\/fumot.uk\/wp-content\/uploads\/2026\/01\/CHERRY-COLA-JNR-Mega-Box-Pro-50000-Puffs-Disposable-Device-scaled-1.jpg","datePublished":"2026-01-21T04:08:47+00:00","dateModified":"2026-01-21T07:08:59+00:00","description":"Cherry Cola JNR Mega Box Pro 50000 Puffs : 32ml, Double Mesh Coil, Affichage LED, 850mAh Type\u2011C rechargeable. Choisissez 0%\/2%\/5% nicotine.","breadcrumb":{"@id":"https:\/\/fumot.uk\/product\/cherry-cola-jnr-mega-box-50000-puffs\/#breadcrumb"},"inLanguage":"fr-FR","potentialAction":[{"@type":"ReadAction","target":["https:\/\/fumot.uk\/product\/cherry-cola-jnr-mega-box-50000-puffs\/"]}]},{"@type":"ImageObject","inLanguage":"fr-FR","@id":"https:\/\/fumot.uk\/product\/cherry-cola-jnr-mega-box-50000-puffs\/#primaryimage","url":"https:\/\/fumot.uk\/wp-content\/uploads\/2026\/01\/CHERRY-COLA-JNR-Mega-Box-Pro-50000-Puffs-Disposable-Device-scaled-1.jpg","contentUrl":"https:\/\/fumot.uk\/wp-content\/uploads\/2026\/01\/CHERRY-COLA-JNR-Mega-Box-Pro-50000-Puffs-Disposable-Device-scaled-1.jpg","width":2560,"height":2560},{"@type":"BreadcrumbList","@id":"https:\/\/fumot.uk\/product\/cherry-cola-jnr-mega-box-50000-puffs\/#breadcrumb","itemListElement":[{"@type":"ListItem","position":1,"name":"Home","item":"https:\/\/fumot.uk\/"},{"@type":"ListItem","position":2,"name":"Shop","item":"https:\/\/fumot.uk\/shop\/"},{"@type":"ListItem","position":3,"name":"JNR Mega Box Pro 50000 Puffs \u2013 Cherry Cola Disposable Vape (32ml, Display, Type\u2011C Rechargeable)"}]},{"@type":"WebSite","@id":"https:\/\/fumot.uk\/#website","url":"https:\/\/fumot.uk\/","name":"Fumot Official Direct | Directement de l'usine, 100% Authentique","description":"Site officiel","publisher":{"@id":"https:\/\/fumot.uk\/#organization"},"potentialAction":[{"@type":"SearchAction","target":{"@type":"EntryPoint","urlTemplate":"https:\/\/fumot.uk\/?s={search_term_string}"},"query-input":{"@type":"PropertyValueSpecification","valueRequired":true,"valueName":"search_term_string"}}],"inLanguage":"fr-FR"},{"@type":"Organization","@id":"https:\/\/fumot.uk\/#organization","name":"Fumot Official Direct | Directement de l'usine, 100% Authentique","url":"https:\/\/fumot.uk\/","logo":{"@type":"ImageObject","inLanguage":"fr-FR","@id":"https:\/\/fumot.uk\/#\/schema\/logo\/image\/","url":"https:\/\/fumot.uk\/wp-content\/uploads\/2026\/01\/cropped-fumot-logo1.png","contentUrl":"https:\/\/fumot.uk\/wp-content\/uploads\/2026\/01\/cropped-fumot-logo1.png","width":152,"height":106,"caption":"Fumot Official Direct | Straight from the Factory, 100% Genuine"},"image":{"@id":"https:\/\/fumot.uk\/#\/schema\/logo\/image\/"}}]}},"_links":{"self":[{"href":"https:\/\/fumot.uk\/fr\/wp-json\/wp\/v2\/product\/4263","targetHints":{"allow":["GET"]}}],"collection":[{"href":"https:\/\/fumot.uk\/fr\/wp-json\/wp\/v2\/product"}],"about":[{"href":"https:\/\/fumot.uk\/fr\/wp-json\/wp\/v2\/types\/product"}],"replies":[{"embeddable":true,"href":"https:\/\/fumot.uk\/fr\/wp-json\/wp\/v2\/comments?post=4263"}],"wp:featuredmedia":[{"embeddable":true,"href":"https:\/\/fumot.uk\/fr\/wp-json\/wp\/v2\/media\/4293"}],"wp:attachment":[{"href":"https:\/\/fumot.uk\/fr\/wp-json\/wp\/v2\/media?parent=4263"}],"wp:term":[{"taxonomy":"product_brand","embeddable":true,"href":"https:\/\/fumot.uk\/fr\/wp-json\/wp\/v2\/product_brand?post=4263"},{"taxonomy":"product_cat","embeddable":true,"href":"https:\/\/fumot.uk\/fr\/wp-json\/wp\/v2\/product_cat?post=4263"},{"taxonomy":"product_tag","embeddable":true,"href":"https:\/\/fumot.uk\/fr\/wp-json\/wp\/v2\/product_tag?post=4263"}],"curies":[{"name":"wp","href":"https:\/\/api.w.org\/{rel}","templated":true}]}}