{"id":4252,"date":"2026-01-21T04:08:45","date_gmt":"2026-01-21T04:08:45","guid":{"rendered":"https:\/\/fumot.uk\/?post_type=product&#038;p=4252"},"modified":"2026-01-21T07:14:29","modified_gmt":"2026-01-21T07:14:29","slug":"jnr-barpro-10000-puffs-blueberry-pomegranate-ice","status":"publish","type":"product","link":"https:\/\/fumot.uk\/fr\/product\/jnr-barpro-10000-puffs-blueberry-pomegranate-ice\/","title":{"rendered":"JNR BarPro 10000 Puffs Myrtille Grenade Glac\u00e9e \u2013 Vape Pr\u00e9rempli Rechargeable (12ml, Bobine en Maille)"},"content":{"rendered":"<h2>JNR BarPro 10000 Puffs \u2013 Glace Myrtille Grenade<\/h2>\n<p><strong>Glace Myrtille Grenade<\/strong> m\u00e9lange la douceur juteuse des myrtilles m\u00fbres avec la touche vive et l\u00e9g\u00e8rement acidul\u00e9e de la grenade\u2014termin\u00e9 par une note de glace fra\u00eeche et rafra\u00eechissante. Le r\u00e9sultat est un profil fruit\u00e9 \u00e9quilibr\u00e9 qui semble frais du premier au dernier souffle.<\/p>\n<h3>Exp\u00e9rience de Saveur<\/h3>\n<p>\u00c0 l'inhalation, la myrtille m\u00e8ne avec un ar\u00f4me de baies doux. En milieu de tirage, la grenade ajoute un bord fruit\u00e9 et croquant pour garder le go\u00fbt vif et stratifi\u00e9. Le doux <strong>glace<\/strong> fini garde tout rafra\u00eechissant sans dominer le fruit.<\/p>\n<h3>Pourquoi vous allez adorer le JNR BarPro 10000 Puffs<\/h3>\n<p>Con\u00e7u pour la commodit\u00e9 quotidienne, le <strong>JNR BarPro 10000 Puffs<\/strong> associe un corps compact au look m\u00e9tallique premium avec une performance pratique\u2014id\u00e9al pour une utilisation \u00e0 la maison ou en d\u00e9placement.<\/p>\n<ul>\n<li><strong>Jusqu'\u00e0 10000 bouff\u00e9es<\/strong> pour une utilisation longue dur\u00e9e<\/li>\n<li><strong>12ml d'e-liquide pr\u00e9-rempli<\/strong> pour un plaisir prolong\u00e9<\/li>\n<li><strong>Bobine en maille<\/strong> pour une saveur constante et une vapeur satisfaisante<\/li>\n<li><strong>Batterie rechargeable de 800mAh<\/strong> avec <strong>Type-C<\/strong> chargement<\/li>\n<li><strong>Options de nicotine :<\/strong> 0% \/ 2% \/ 5%<\/li>\n<li><strong>effet de lumi\u00e8re RGB<\/strong> pour un look moderne et \u00e9l\u00e9gant<\/li>\n<li><strong>certification TPD<\/strong><\/li>\n<\/ul>\n<h3>Options de force de nicotine<\/h3>\n<p>Choisissez la force qui convient \u00e0 votre routine :<\/p>\n<ul>\n<li><strong>0% nicotine<\/strong> \u2013 saveur avant tout, sans nicotine<\/li>\n<li><strong>2% nicotine<\/strong> \u2013 une option quotidienne plus l\u00e9g\u00e8re<\/li>\n<li><strong>5% nicotine<\/strong> \u2013 un choix de nicotine plus fort<\/li>\n<\/ul>\n<h3>Achetez plus sur fumot.uk<\/h3>\n<p>Vous cherchez plus de <strong>Vapes jetables 10000 puffs<\/strong> ou de nouvelles saveurs fruit-glace ? Parcourez les derni\u00e8res arriv\u00e9es sur <a href=\"https:\/\/fumot.uk\/fr\/\">fumot.uk<\/a>.<\/p>\n<p><strong>Produit :<\/strong> JNR BarPro 10000 Puffs (Glace Myrtille Grenade)<br \/>\n<strong>Cat\u00e9gorie :<\/strong> Vape jetable 10000 puffs, Vape pr\u00e9-remplie<\/p>","protected":false},"excerpt":{"rendered":"<p>Une vape pr\u00e9-remplie \u00e0 la Glace Myrtille Grenade rafra\u00eechissante avec une inhalation douce de baies, une touche de grenade acidul\u00e9e et une finition fra\u00eeche. Jusqu'\u00e0 10000 bouff\u00e9es, 12ml, bobine en mesh, rechargeable 800mAh (Type\u2011C), 0\/2\/5% nicotine.<\/p>","protected":false},"featured_media":4282,"comment_status":"open","ping_status":"closed","template":"","meta":[],"product_brand":[],"product_cat":[209,210,17],"product_tag":[84,211,70,71,212,33,72,29,25,54,213,26,27,204,28],"class_list":{"0":"post-4252","1":"product","2":"type-product","3":"status-publish","4":"has-post-thumbnail","6":"product_cat-10000-puff","7":"product_cat-jnr-barpro-10000-puffs","8":"product_cat-vape","9":"product_tag-0-nikotin","10":"product_tag-12ml","11":"product_tag-2-nikotin","12":"product_tag-5-nikotin","13":"product_tag-800-mah","14":"product_tag-blueberry","15":"product_tag-direct-to-lung","16":"product_tag-ice","17":"product_tag-mesh-coil","18":"product_tag-pomegranate","19":"product_tag-prefilled-vape","20":"product_tag-rechargeable","21":"product_tag-rgb-light","22":"product_tag-tpd-certification","23":"product_tag-type-c","25":"first","26":"instock","27":"sale","28":"shipping-taxable","29":"purchasable","30":"product-type-variable","31":"has-default-attributes"},"yoast_head":"<!-- This site is optimized with the Yoast SEO plugin v26.8 - https:\/\/yoast.com\/product\/yoast-seo-wordpress\/ -->\n<title>JNR BarPro 10000 Puffs Blueberry Pomegranate Ice<\/title>\n<meta name=\"description\" content=\"Blueberry Pomegranate Ice JNR BarPro: up to 10000 puffs, 12ml prefilled, mesh coil, rechargeable 800mAh Type\u2011C. Choose 0%, 2% or 5% nicotine.\" \/>\n<meta name=\"robots\" content=\"index, follow, max-snippet:-1, max-image-preview:large, max-video-preview:-1\" \/>\n<link rel=\"canonical\" href=\"https:\/\/fumot.uk\/fr\/product\/jnr-barpro-10000-puffs-blueberry-pomegranate-ice\/\" \/>\n<meta property=\"og:locale\" content=\"fr_FR\" \/>\n<meta property=\"og:type\" content=\"article\" \/>\n<meta property=\"og:title\" content=\"Blueberry Pomegranate Ice \u2013 JNR BarPro 10000 Puffs\" \/>\n<meta property=\"og:description\" content=\"Juicy blueberry meets tangy pomegranate with a cool ice finish. 12ml prefilled, mesh coil, rechargeable 800mAh Type\u2011C. Available in 0\/2\/5% nicotine.\" \/>\n<meta property=\"og:url\" content=\"https:\/\/fumot.uk\/fr\/product\/jnr-barpro-10000-puffs-blueberry-pomegranate-ice\/\" \/>\n<meta property=\"og:site_name\" content=\"Fumot Official Direct | Straight from the Factory, 100% Genuine\" \/>\n<meta property=\"article:modified_time\" content=\"2026-01-21T07:14:29+00:00\" \/>\n<meta property=\"og:image\" content=\"https:\/\/fumot.uk\/wp-content\/uploads\/2026\/01\/JNR-BARPRO-10000-PUFFS-Blueberry-Pomegranate-Ice-Disposable-Vape-ultravape.jpg\" \/>\n\t<meta property=\"og:image:width\" content=\"800\" \/>\n\t<meta property=\"og:image:height\" content=\"800\" \/>\n\t<meta property=\"og:image:type\" content=\"image\/jpeg\" \/>\n<meta name=\"twitter:card\" content=\"summary_large_image\" \/>\n<meta name=\"twitter:label1\" content=\"Dur\u00e9e de lecture estim\u00e9e\" \/>\n\t<meta name=\"twitter:data1\" content=\"1 minute\" \/>\n<script type=\"application\/ld+json\" class=\"yoast-schema-graph\">{\"@context\":\"https:\/\/schema.org\",\"@graph\":[{\"@type\":\"WebPage\",\"@id\":\"https:\/\/fumot.uk\/product\/jnr-barpro-10000-puffs-blueberry-pomegranate-ice\/\",\"url\":\"https:\/\/fumot.uk\/product\/jnr-barpro-10000-puffs-blueberry-pomegranate-ice\/\",\"name\":\"JNR BarPro 10000 Puffs Blueberry Pomegranate Ice\",\"isPartOf\":{\"@id\":\"https:\/\/fumot.uk\/#website\"},\"primaryImageOfPage\":{\"@id\":\"https:\/\/fumot.uk\/product\/jnr-barpro-10000-puffs-blueberry-pomegranate-ice\/#primaryimage\"},\"image\":{\"@id\":\"https:\/\/fumot.uk\/product\/jnr-barpro-10000-puffs-blueberry-pomegranate-ice\/#primaryimage\"},\"thumbnailUrl\":\"https:\/\/fumot.uk\/wp-content\/uploads\/2026\/01\/JNR-BARPRO-10000-PUFFS-Blueberry-Pomegranate-Ice-Disposable-Vape-ultravape.jpg\",\"datePublished\":\"2026-01-21T04:08:45+00:00\",\"dateModified\":\"2026-01-21T07:14:29+00:00\",\"description\":\"Blueberry Pomegranate Ice JNR BarPro: up to 10000 puffs, 12ml prefilled, mesh coil, rechargeable 800mAh Type\u2011C. Choose 0%, 2% or 5% nicotine.\",\"breadcrumb\":{\"@id\":\"https:\/\/fumot.uk\/product\/jnr-barpro-10000-puffs-blueberry-pomegranate-ice\/#breadcrumb\"},\"inLanguage\":\"fr-FR\",\"potentialAction\":[{\"@type\":\"ReadAction\",\"target\":[\"https:\/\/fumot.uk\/product\/jnr-barpro-10000-puffs-blueberry-pomegranate-ice\/\"]}]},{\"@type\":\"ImageObject\",\"inLanguage\":\"fr-FR\",\"@id\":\"https:\/\/fumot.uk\/product\/jnr-barpro-10000-puffs-blueberry-pomegranate-ice\/#primaryimage\",\"url\":\"https:\/\/fumot.uk\/wp-content\/uploads\/2026\/01\/JNR-BARPRO-10000-PUFFS-Blueberry-Pomegranate-Ice-Disposable-Vape-ultravape.jpg\",\"contentUrl\":\"https:\/\/fumot.uk\/wp-content\/uploads\/2026\/01\/JNR-BARPRO-10000-PUFFS-Blueberry-Pomegranate-Ice-Disposable-Vape-ultravape.jpg\",\"width\":800,\"height\":800},{\"@type\":\"BreadcrumbList\",\"@id\":\"https:\/\/fumot.uk\/product\/jnr-barpro-10000-puffs-blueberry-pomegranate-ice\/#breadcrumb\",\"itemListElement\":[{\"@type\":\"ListItem\",\"position\":1,\"name\":\"Home\",\"item\":\"https:\/\/fumot.uk\/\"},{\"@type\":\"ListItem\",\"position\":2,\"name\":\"Shop\",\"item\":\"https:\/\/fumot.uk\/shop\/\"},{\"@type\":\"ListItem\",\"position\":3,\"name\":\"JNR BarPro 10000 Puffs Blueberry Pomegranate Ice \u2013 Rechargeable Prefilled Vape (12ml, Mesh Coil)\"}]},{\"@type\":\"WebSite\",\"@id\":\"https:\/\/fumot.uk\/#website\",\"url\":\"https:\/\/fumot.uk\/\",\"name\":\"Fumot Official Direct | Straight from the Factory, 100% Genuine\",\"description\":\"Official Website\",\"publisher\":{\"@id\":\"https:\/\/fumot.uk\/#organization\"},\"potentialAction\":[{\"@type\":\"SearchAction\",\"target\":{\"@type\":\"EntryPoint\",\"urlTemplate\":\"https:\/\/fumot.uk\/?s={search_term_string}\"},\"query-input\":{\"@type\":\"PropertyValueSpecification\",\"valueRequired\":true,\"valueName\":\"search_term_string\"}}],\"inLanguage\":\"fr-FR\"},{\"@type\":\"Organization\",\"@id\":\"https:\/\/fumot.uk\/#organization\",\"name\":\"Fumot Official Direct | Straight from the Factory, 100% Genuine\",\"url\":\"https:\/\/fumot.uk\/\",\"logo\":{\"@type\":\"ImageObject\",\"inLanguage\":\"fr-FR\",\"@id\":\"https:\/\/fumot.uk\/#\/schema\/logo\/image\/\",\"url\":\"https:\/\/fumot.uk\/wp-content\/uploads\/2026\/01\/cropped-fumot-logo1.png\",\"contentUrl\":\"https:\/\/fumot.uk\/wp-content\/uploads\/2026\/01\/cropped-fumot-logo1.png\",\"width\":152,\"height\":106,\"caption\":\"Fumot Official Direct | Straight from the Factory, 100% Genuine\"},\"image\":{\"@id\":\"https:\/\/fumot.uk\/#\/schema\/logo\/image\/\"}}]}<\/script>\n<!-- \/ Yoast SEO plugin. -->","yoast_head_json":{"title":"JNR BarPro 10000 Puffs Glace Myrtille Grenade","description":"Barre JNR Pro Myrtille Grenade Glac\u00e9e : jusqu'\u00e0 10000 bouff\u00e9es, 12ml pr\u00e9rempli, r\u00e9sistance en maille, rechargeable 800mAh Type\u2011C. Choisissez 0%, 2% ou 5% de nicotine.","robots":{"index":"index","follow":"follow","max-snippet":"max-snippet:-1","max-image-preview":"max-image-preview:large","max-video-preview":"max-video-preview:-1"},"canonical":"https:\/\/fumot.uk\/fr\/product\/jnr-barpro-10000-puffs-blueberry-pomegranate-ice\/","og_locale":"fr_FR","og_type":"article","og_title":"Blueberry Pomegranate Ice \u2013 JNR BarPro 10000 Puffs","og_description":"Juicy blueberry meets tangy pomegranate with a cool ice finish. 12ml prefilled, mesh coil, rechargeable 800mAh Type\u2011C. Available in 0\/2\/5% nicotine.","og_url":"https:\/\/fumot.uk\/fr\/product\/jnr-barpro-10000-puffs-blueberry-pomegranate-ice\/","og_site_name":"Fumot Official Direct | Straight from the Factory, 100% Genuine","article_modified_time":"2026-01-21T07:14:29+00:00","og_image":[{"width":800,"height":800,"url":"https:\/\/fumot.uk\/wp-content\/uploads\/2026\/01\/JNR-BARPRO-10000-PUFFS-Blueberry-Pomegranate-Ice-Disposable-Vape-ultravape.jpg","type":"image\/jpeg"}],"twitter_card":"summary_large_image","twitter_misc":{"Dur\u00e9e de lecture estim\u00e9e":"1 minute"},"schema":{"@context":"https:\/\/schema.org","@graph":[{"@type":"WebPage","@id":"https:\/\/fumot.uk\/product\/jnr-barpro-10000-puffs-blueberry-pomegranate-ice\/","url":"https:\/\/fumot.uk\/product\/jnr-barpro-10000-puffs-blueberry-pomegranate-ice\/","name":"JNR BarPro 10000 Puffs Glace Myrtille Grenade","isPartOf":{"@id":"https:\/\/fumot.uk\/#website"},"primaryImageOfPage":{"@id":"https:\/\/fumot.uk\/product\/jnr-barpro-10000-puffs-blueberry-pomegranate-ice\/#primaryimage"},"image":{"@id":"https:\/\/fumot.uk\/product\/jnr-barpro-10000-puffs-blueberry-pomegranate-ice\/#primaryimage"},"thumbnailUrl":"https:\/\/fumot.uk\/wp-content\/uploads\/2026\/01\/JNR-BARPRO-10000-PUFFS-Blueberry-Pomegranate-Ice-Disposable-Vape-ultravape.jpg","datePublished":"2026-01-21T04:08:45+00:00","dateModified":"2026-01-21T07:14:29+00:00","description":"Barre JNR Pro Myrtille Grenade Glac\u00e9e : jusqu'\u00e0 10000 bouff\u00e9es, 12ml pr\u00e9rempli, r\u00e9sistance en maille, rechargeable 800mAh Type\u2011C. Choisissez 0%, 2% ou 5% de nicotine.","breadcrumb":{"@id":"https:\/\/fumot.uk\/product\/jnr-barpro-10000-puffs-blueberry-pomegranate-ice\/#breadcrumb"},"inLanguage":"fr-FR","potentialAction":[{"@type":"ReadAction","target":["https:\/\/fumot.uk\/product\/jnr-barpro-10000-puffs-blueberry-pomegranate-ice\/"]}]},{"@type":"ImageObject","inLanguage":"fr-FR","@id":"https:\/\/fumot.uk\/product\/jnr-barpro-10000-puffs-blueberry-pomegranate-ice\/#primaryimage","url":"https:\/\/fumot.uk\/wp-content\/uploads\/2026\/01\/JNR-BARPRO-10000-PUFFS-Blueberry-Pomegranate-Ice-Disposable-Vape-ultravape.jpg","contentUrl":"https:\/\/fumot.uk\/wp-content\/uploads\/2026\/01\/JNR-BARPRO-10000-PUFFS-Blueberry-Pomegranate-Ice-Disposable-Vape-ultravape.jpg","width":800,"height":800},{"@type":"BreadcrumbList","@id":"https:\/\/fumot.uk\/product\/jnr-barpro-10000-puffs-blueberry-pomegranate-ice\/#breadcrumb","itemListElement":[{"@type":"ListItem","position":1,"name":"Home","item":"https:\/\/fumot.uk\/"},{"@type":"ListItem","position":2,"name":"Shop","item":"https:\/\/fumot.uk\/shop\/"},{"@type":"ListItem","position":3,"name":"JNR BarPro 10000 Puffs Blueberry Pomegranate Ice \u2013 Rechargeable Prefilled Vape (12ml, Mesh Coil)"}]},{"@type":"WebSite","@id":"https:\/\/fumot.uk\/#website","url":"https:\/\/fumot.uk\/","name":"Fumot Official Direct | Directement de l'usine, 100% Authentique","description":"Site officiel","publisher":{"@id":"https:\/\/fumot.uk\/#organization"},"potentialAction":[{"@type":"SearchAction","target":{"@type":"EntryPoint","urlTemplate":"https:\/\/fumot.uk\/?s={search_term_string}"},"query-input":{"@type":"PropertyValueSpecification","valueRequired":true,"valueName":"search_term_string"}}],"inLanguage":"fr-FR"},{"@type":"Organization","@id":"https:\/\/fumot.uk\/#organization","name":"Fumot Official Direct | Directement de l'usine, 100% Authentique","url":"https:\/\/fumot.uk\/","logo":{"@type":"ImageObject","inLanguage":"fr-FR","@id":"https:\/\/fumot.uk\/#\/schema\/logo\/image\/","url":"https:\/\/fumot.uk\/wp-content\/uploads\/2026\/01\/cropped-fumot-logo1.png","contentUrl":"https:\/\/fumot.uk\/wp-content\/uploads\/2026\/01\/cropped-fumot-logo1.png","width":152,"height":106,"caption":"Fumot Official Direct | Straight from the Factory, 100% Genuine"},"image":{"@id":"https:\/\/fumot.uk\/#\/schema\/logo\/image\/"}}]}},"_links":{"self":[{"href":"https:\/\/fumot.uk\/fr\/wp-json\/wp\/v2\/product\/4252","targetHints":{"allow":["GET"]}}],"collection":[{"href":"https:\/\/fumot.uk\/fr\/wp-json\/wp\/v2\/product"}],"about":[{"href":"https:\/\/fumot.uk\/fr\/wp-json\/wp\/v2\/types\/product"}],"replies":[{"embeddable":true,"href":"https:\/\/fumot.uk\/fr\/wp-json\/wp\/v2\/comments?post=4252"}],"wp:featuredmedia":[{"embeddable":true,"href":"https:\/\/fumot.uk\/fr\/wp-json\/wp\/v2\/media\/4282"}],"wp:attachment":[{"href":"https:\/\/fumot.uk\/fr\/wp-json\/wp\/v2\/media?parent=4252"}],"wp:term":[{"taxonomy":"product_brand","embeddable":true,"href":"https:\/\/fumot.uk\/fr\/wp-json\/wp\/v2\/product_brand?post=4252"},{"taxonomy":"product_cat","embeddable":true,"href":"https:\/\/fumot.uk\/fr\/wp-json\/wp\/v2\/product_cat?post=4252"},{"taxonomy":"product_tag","embeddable":true,"href":"https:\/\/fumot.uk\/fr\/wp-json\/wp\/v2\/product_tag?post=4252"}],"curies":[{"name":"wp","href":"https:\/\/api.w.org\/{rel}","templated":true}]}}