{"id":412,"date":"2026-01-20T02:44:11","date_gmt":"2026-01-20T02:44:11","guid":{"rendered":"https:\/\/fumot.uk\/?post_type=product&#038;p=412"},"modified":"2026-01-20T07:59:50","modified_gmt":"2026-01-20T07:59:50","slug":"randm-tornado-20000-puffs-lychee-hami-melon","status":"publish","type":"product","link":"https:\/\/fumot.uk\/fr\/product\/randm-tornado-20000-puffs-lychee-hami-melon\/","title":{"rendered":"RandM Tornado 20000 Puffs Vape Jetable \u2013 Lychee Hami Melon (20ml, Double Mesh, LCD, 850mAh Rechargeable, 2%\/5%)"},"content":{"rendered":"<h2>RandM Tornado 20000 Puffs \u2013 Lychee Hami Melon<\/h2>\n<p>Obtenez un profil fruit\u00e9 qui reste l\u00e9ger, lumineux et facile \u00e0 retrouver. Le <strong>RandM Tornado 20000 Puffs Vape Jetable<\/strong> in <strong>Lychee Hami Melon<\/strong> associe le lychee juteux et aromatique \u00e0 une finition douce de melon Hami\u2014sucr\u00e9, propre et bien \u00e9quilibr\u00e9 du premier tirage au dernier.<\/p>\n<h3>Profil de saveur : Lychee x Melon Hami<\/h3>\n<ul>\n<li><strong>Lychee au d\u00e9part :<\/strong> douceur tropicale parfum\u00e9e avec une morsure juteuse.<\/li>\n<li><strong>Finition de melon Hami :<\/strong> douceur douce et moelleuse qui garde le m\u00e9lange lisse.<\/li>\n<li><strong>Convient toute la journ\u00e9e :<\/strong> ax\u00e9 sur les fruits sans se sentir lourd ou \u00e9crasant.<\/li>\n<\/ul>\n<h3>Caract\u00e9ristiques cl\u00e9s<\/h3>\n<ul>\n<li><strong>Jusqu'\u00e0 20000 bouff\u00e9es<\/strong> pour une utilisation longue dur\u00e9e.<\/li>\n<li><strong>Capacit\u00e9 de 20ml de e-liquide<\/strong> pour vous permettre de continuer plus longtemps entre les remplacements.<\/li>\n<li><strong>Forces de nicotine :<\/strong> <strong>2%<\/strong> or <strong>5%<\/strong> (s\u00e9lectionnez votre pr\u00e9f\u00e9rence).<\/li>\n<li><strong>Batterie rechargeable de 850mAh<\/strong> pour des performances constantes.<\/li>\n<li><strong>Recharge USB Type-C<\/strong> pour une recharge pratique.<\/li>\n<li><strong>\u00c9cran LCD intelligent<\/strong> montre l'\u00e9tat de la batterie et du liquide \u00e0 un coup d'\u0153il.<\/li>\n<li><strong>Double bobine en mesh<\/strong> con\u00e7u pour une saveur plus riche et des tirages plus doux.<\/li>\n<li><strong>Style Direct-to-Lung (DTL)<\/strong> pour une inhalation a\u00e9rienne et satisfaisante.<\/li>\n<\/ul>\n<h3>Pourquoi choisir cette saveur RandM Tornado 20000 ?<\/h3>\n<p>Si vous aimez <strong>vapes jetables au lychee<\/strong> mais vous voulez quelque chose de plus doux \u00e0 la fin, Lychee Hami Melon atteint le juste milieu\u2014tropical et juteux au d\u00e9part, puis propre et doux \u00e0 l'expiration. C'est une combinaison de fruits simple et satisfaisante qui ne cherche pas trop.<\/p>\n<h3>Plus de fumot.uk<\/h3>\n<p>Explorez plus de saveurs dans le <a href=\"https:\/\/fumot.uk\/fr\/product-category\/randm-tornado-20000-puffs\/\">RandM Tornado 20000 Puffs<\/a>, ou parcourez la s\u00e9lection plus large de <a href=\"https:\/\/fumot.uk\/fr\/product-category\/20000-puff\/\">vapes jetables 20000 puffs<\/a> at <a href=\"https:\/\/fumot.uk\/fr\/\">fumot.uk<\/a>.<\/p>\n<p><strong>Remarque :<\/strong> Le nombre de puffs varie selon le style d'utilisation et la longueur du tirage.<\/p>","protected":false},"excerpt":{"rendered":"<p>RandM Tornado 20000 Puffs Lychee Hami Melon : litchi juteux avec une finition douce de melon Hami. 20ml, double bobine en mesh, \u00e9cran LCD, rechargeable 850mAh, USB\u2011C. 2%\/5% nicotine.<\/p>","protected":false},"featured_media":466,"comment_status":"open","ping_status":"closed","template":"","meta":[],"product_brand":[],"product_cat":[68,69,17],"product_tag":[70,60,71,20,72,73,74,77,78,26,27,62,28],"class_list":{"0":"post-412","1":"product","2":"type-product","3":"status-publish","4":"has-post-thumbnail","6":"product_cat-20000-puff","7":"product_cat-randm-tornado-20000-puffs","8":"product_cat-vape","9":"product_tag-2-nikotin","10":"product_tag-20ml","11":"product_tag-5-nikotin","12":"product_tag-850mah","13":"product_tag-direct-to-lung","14":"product_tag-dual-mesh","15":"product_tag-lcd-display","16":"product_tag-lychee","17":"product_tag-melon","18":"product_tag-rechargeable","19":"product_tag-rgb-light","20":"product_tag-sale-vape","21":"product_tag-type-c","23":"first","24":"instock","25":"sale","26":"shipping-taxable","27":"purchasable","28":"product-type-variable","29":"has-default-attributes"},"yoast_head":"<!-- This site is optimized with the Yoast SEO plugin v26.8 - https:\/\/yoast.com\/product\/yoast-seo-wordpress\/ -->\n<title>RandM Tornado 20000 Lychee Hami Melon | fumot.uk<\/title>\n<meta name=\"description\" content=\"RandM Tornado 20000 Lychee Hami Melon disposable vape: 20ml, dual mesh, LCD, 850mAh rechargeable, USB\u2011C. Choose 2% or 5% nicotine.\" \/>\n<meta name=\"robots\" content=\"index, follow, max-snippet:-1, max-image-preview:large, max-video-preview:-1\" \/>\n<link rel=\"canonical\" href=\"https:\/\/fumot.uk\/fr\/product\/randm-tornado-20000-puffs-lychee-hami-melon\/\" \/>\n<meta property=\"og:locale\" content=\"fr_FR\" \/>\n<meta property=\"og:type\" content=\"article\" \/>\n<meta property=\"og:title\" content=\"RandM Tornado 20000 \u2013 Lychee Hami Melon (20ml, Rechargeable)\" \/>\n<meta property=\"og:description\" content=\"Bright lychee sweetness meets smooth Hami melon. Dual mesh + LCD display, 850mAh rechargeable battery, USB\u2011C charging, 20ml. 2%\/5% nicotine.\" \/>\n<meta property=\"og:url\" content=\"https:\/\/fumot.uk\/fr\/product\/randm-tornado-20000-puffs-lychee-hami-melon\/\" \/>\n<meta property=\"og:site_name\" content=\"Fumot Official Direct | Straight from the Factory, 100% Genuine\" \/>\n<meta property=\"article:modified_time\" content=\"2026-01-20T07:59:50+00:00\" \/>\n<meta property=\"og:image\" content=\"https:\/\/fumot.uk\/wp-content\/uploads\/2026\/01\/Lychee-Hami-Melon_Randm-Tornado-20000-Puffs-Disposable-Vape.jpg\" \/>\n\t<meta property=\"og:image:width\" content=\"2000\" \/>\n\t<meta property=\"og:image:height\" content=\"2000\" \/>\n\t<meta property=\"og:image:type\" content=\"image\/jpeg\" \/>\n<meta name=\"twitter:card\" content=\"summary_large_image\" \/>\n<meta name=\"twitter:label1\" content=\"Dur\u00e9e de lecture estim\u00e9e\" \/>\n\t<meta name=\"twitter:data1\" content=\"2 minutes\" \/>\n<script type=\"application\/ld+json\" class=\"yoast-schema-graph\">{\"@context\":\"https:\/\/schema.org\",\"@graph\":[{\"@type\":\"WebPage\",\"@id\":\"https:\/\/fumot.uk\/product\/randm-tornado-20000-puffs-lychee-hami-melon\/\",\"url\":\"https:\/\/fumot.uk\/product\/randm-tornado-20000-puffs-lychee-hami-melon\/\",\"name\":\"RandM Tornado 20000 Lychee Hami Melon | fumot.uk\",\"isPartOf\":{\"@id\":\"https:\/\/fumot.uk\/#website\"},\"primaryImageOfPage\":{\"@id\":\"https:\/\/fumot.uk\/product\/randm-tornado-20000-puffs-lychee-hami-melon\/#primaryimage\"},\"image\":{\"@id\":\"https:\/\/fumot.uk\/product\/randm-tornado-20000-puffs-lychee-hami-melon\/#primaryimage\"},\"thumbnailUrl\":\"https:\/\/fumot.uk\/wp-content\/uploads\/2026\/01\/Lychee-Hami-Melon_Randm-Tornado-20000-Puffs-Disposable-Vape.jpg\",\"datePublished\":\"2026-01-20T02:44:11+00:00\",\"dateModified\":\"2026-01-20T07:59:50+00:00\",\"description\":\"RandM Tornado 20000 Lychee Hami Melon disposable vape: 20ml, dual mesh, LCD, 850mAh rechargeable, USB\u2011C. Choose 2% or 5% nicotine.\",\"breadcrumb\":{\"@id\":\"https:\/\/fumot.uk\/product\/randm-tornado-20000-puffs-lychee-hami-melon\/#breadcrumb\"},\"inLanguage\":\"fr-FR\",\"potentialAction\":[{\"@type\":\"ReadAction\",\"target\":[\"https:\/\/fumot.uk\/product\/randm-tornado-20000-puffs-lychee-hami-melon\/\"]}]},{\"@type\":\"ImageObject\",\"inLanguage\":\"fr-FR\",\"@id\":\"https:\/\/fumot.uk\/product\/randm-tornado-20000-puffs-lychee-hami-melon\/#primaryimage\",\"url\":\"https:\/\/fumot.uk\/wp-content\/uploads\/2026\/01\/Lychee-Hami-Melon_Randm-Tornado-20000-Puffs-Disposable-Vape.jpg\",\"contentUrl\":\"https:\/\/fumot.uk\/wp-content\/uploads\/2026\/01\/Lychee-Hami-Melon_Randm-Tornado-20000-Puffs-Disposable-Vape.jpg\",\"width\":2000,\"height\":2000},{\"@type\":\"BreadcrumbList\",\"@id\":\"https:\/\/fumot.uk\/product\/randm-tornado-20000-puffs-lychee-hami-melon\/#breadcrumb\",\"itemListElement\":[{\"@type\":\"ListItem\",\"position\":1,\"name\":\"Home\",\"item\":\"https:\/\/fumot.uk\/\"},{\"@type\":\"ListItem\",\"position\":2,\"name\":\"Shop\",\"item\":\"https:\/\/fumot.uk\/shop\/\"},{\"@type\":\"ListItem\",\"position\":3,\"name\":\"RandM Tornado 20000 Puffs Disposable Vape \u2013 Lychee Hami Melon (20ml, Dual Mesh, LCD, 850mAh Rechargeable, 2%\/5%)\"}]},{\"@type\":\"WebSite\",\"@id\":\"https:\/\/fumot.uk\/#website\",\"url\":\"https:\/\/fumot.uk\/\",\"name\":\"Fumot Official Direct | Straight from the Factory, 100% Genuine\",\"description\":\"Official Website\",\"publisher\":{\"@id\":\"https:\/\/fumot.uk\/#organization\"},\"potentialAction\":[{\"@type\":\"SearchAction\",\"target\":{\"@type\":\"EntryPoint\",\"urlTemplate\":\"https:\/\/fumot.uk\/?s={search_term_string}\"},\"query-input\":{\"@type\":\"PropertyValueSpecification\",\"valueRequired\":true,\"valueName\":\"search_term_string\"}}],\"inLanguage\":\"fr-FR\"},{\"@type\":\"Organization\",\"@id\":\"https:\/\/fumot.uk\/#organization\",\"name\":\"Fumot Official Direct | Straight from the Factory, 100% Genuine\",\"url\":\"https:\/\/fumot.uk\/\",\"logo\":{\"@type\":\"ImageObject\",\"inLanguage\":\"fr-FR\",\"@id\":\"https:\/\/fumot.uk\/#\/schema\/logo\/image\/\",\"url\":\"https:\/\/fumot.uk\/wp-content\/uploads\/2026\/01\/cropped-fumot-logo1.png\",\"contentUrl\":\"https:\/\/fumot.uk\/wp-content\/uploads\/2026\/01\/cropped-fumot-logo1.png\",\"width\":152,\"height\":106,\"caption\":\"Fumot Official Direct | Straight from the Factory, 100% Genuine\"},\"image\":{\"@id\":\"https:\/\/fumot.uk\/#\/schema\/logo\/image\/\"}}]}<\/script>\n<!-- \/ Yoast SEO plugin. -->","yoast_head_json":{"title":"RandM Tornado 20000 Lychee Hami Melon | fumot.uk","description":"RandM Tornado 20000 Lychee Hami Melon vape jetable : 20ml, double mesh, LCD, 850mAh rechargeable, USB\u2011C. Choisissez 2% ou 5% nicotine.","robots":{"index":"index","follow":"follow","max-snippet":"max-snippet:-1","max-image-preview":"max-image-preview:large","max-video-preview":"max-video-preview:-1"},"canonical":"https:\/\/fumot.uk\/fr\/product\/randm-tornado-20000-puffs-lychee-hami-melon\/","og_locale":"fr_FR","og_type":"article","og_title":"RandM Tornado 20000 \u2013 Lychee Hami Melon (20ml, Rechargeable)","og_description":"Bright lychee sweetness meets smooth Hami melon. Dual mesh + LCD display, 850mAh rechargeable battery, USB\u2011C charging, 20ml. 2%\/5% nicotine.","og_url":"https:\/\/fumot.uk\/fr\/product\/randm-tornado-20000-puffs-lychee-hami-melon\/","og_site_name":"Fumot Official Direct | Straight from the Factory, 100% Genuine","article_modified_time":"2026-01-20T07:59:50+00:00","og_image":[{"width":2000,"height":2000,"url":"https:\/\/fumot.uk\/wp-content\/uploads\/2026\/01\/Lychee-Hami-Melon_Randm-Tornado-20000-Puffs-Disposable-Vape.jpg","type":"image\/jpeg"}],"twitter_card":"summary_large_image","twitter_misc":{"Dur\u00e9e de lecture estim\u00e9e":"2 minutes"},"schema":{"@context":"https:\/\/schema.org","@graph":[{"@type":"WebPage","@id":"https:\/\/fumot.uk\/product\/randm-tornado-20000-puffs-lychee-hami-melon\/","url":"https:\/\/fumot.uk\/product\/randm-tornado-20000-puffs-lychee-hami-melon\/","name":"RandM Tornado 20000 Lychee Hami Melon | fumot.uk","isPartOf":{"@id":"https:\/\/fumot.uk\/#website"},"primaryImageOfPage":{"@id":"https:\/\/fumot.uk\/product\/randm-tornado-20000-puffs-lychee-hami-melon\/#primaryimage"},"image":{"@id":"https:\/\/fumot.uk\/product\/randm-tornado-20000-puffs-lychee-hami-melon\/#primaryimage"},"thumbnailUrl":"https:\/\/fumot.uk\/wp-content\/uploads\/2026\/01\/Lychee-Hami-Melon_Randm-Tornado-20000-Puffs-Disposable-Vape.jpg","datePublished":"2026-01-20T02:44:11+00:00","dateModified":"2026-01-20T07:59:50+00:00","description":"RandM Tornado 20000 Lychee Hami Melon vape jetable : 20ml, double mesh, LCD, 850mAh rechargeable, USB\u2011C. Choisissez 2% ou 5% nicotine.","breadcrumb":{"@id":"https:\/\/fumot.uk\/product\/randm-tornado-20000-puffs-lychee-hami-melon\/#breadcrumb"},"inLanguage":"fr-FR","potentialAction":[{"@type":"ReadAction","target":["https:\/\/fumot.uk\/product\/randm-tornado-20000-puffs-lychee-hami-melon\/"]}]},{"@type":"ImageObject","inLanguage":"fr-FR","@id":"https:\/\/fumot.uk\/product\/randm-tornado-20000-puffs-lychee-hami-melon\/#primaryimage","url":"https:\/\/fumot.uk\/wp-content\/uploads\/2026\/01\/Lychee-Hami-Melon_Randm-Tornado-20000-Puffs-Disposable-Vape.jpg","contentUrl":"https:\/\/fumot.uk\/wp-content\/uploads\/2026\/01\/Lychee-Hami-Melon_Randm-Tornado-20000-Puffs-Disposable-Vape.jpg","width":2000,"height":2000},{"@type":"BreadcrumbList","@id":"https:\/\/fumot.uk\/product\/randm-tornado-20000-puffs-lychee-hami-melon\/#breadcrumb","itemListElement":[{"@type":"ListItem","position":1,"name":"Home","item":"https:\/\/fumot.uk\/"},{"@type":"ListItem","position":2,"name":"Shop","item":"https:\/\/fumot.uk\/shop\/"},{"@type":"ListItem","position":3,"name":"RandM Tornado 20000 Puffs Disposable Vape \u2013 Lychee Hami Melon (20ml, Dual Mesh, LCD, 850mAh Rechargeable, 2%\/5%)"}]},{"@type":"WebSite","@id":"https:\/\/fumot.uk\/#website","url":"https:\/\/fumot.uk\/","name":"Fumot Official Direct | Directement de l'usine, 100% Authentique","description":"Site officiel","publisher":{"@id":"https:\/\/fumot.uk\/#organization"},"potentialAction":[{"@type":"SearchAction","target":{"@type":"EntryPoint","urlTemplate":"https:\/\/fumot.uk\/?s={search_term_string}"},"query-input":{"@type":"PropertyValueSpecification","valueRequired":true,"valueName":"search_term_string"}}],"inLanguage":"fr-FR"},{"@type":"Organization","@id":"https:\/\/fumot.uk\/#organization","name":"Fumot Official Direct | Directement de l'usine, 100% Authentique","url":"https:\/\/fumot.uk\/","logo":{"@type":"ImageObject","inLanguage":"fr-FR","@id":"https:\/\/fumot.uk\/#\/schema\/logo\/image\/","url":"https:\/\/fumot.uk\/wp-content\/uploads\/2026\/01\/cropped-fumot-logo1.png","contentUrl":"https:\/\/fumot.uk\/wp-content\/uploads\/2026\/01\/cropped-fumot-logo1.png","width":152,"height":106,"caption":"Fumot Official Direct | Straight from the Factory, 100% Genuine"},"image":{"@id":"https:\/\/fumot.uk\/#\/schema\/logo\/image\/"}}]}},"_links":{"self":[{"href":"https:\/\/fumot.uk\/fr\/wp-json\/wp\/v2\/product\/412","targetHints":{"allow":["GET"]}}],"collection":[{"href":"https:\/\/fumot.uk\/fr\/wp-json\/wp\/v2\/product"}],"about":[{"href":"https:\/\/fumot.uk\/fr\/wp-json\/wp\/v2\/types\/product"}],"replies":[{"embeddable":true,"href":"https:\/\/fumot.uk\/fr\/wp-json\/wp\/v2\/comments?post=412"}],"wp:featuredmedia":[{"embeddable":true,"href":"https:\/\/fumot.uk\/fr\/wp-json\/wp\/v2\/media\/466"}],"wp:attachment":[{"href":"https:\/\/fumot.uk\/fr\/wp-json\/wp\/v2\/media?parent=412"}],"wp:term":[{"taxonomy":"product_brand","embeddable":true,"href":"https:\/\/fumot.uk\/fr\/wp-json\/wp\/v2\/product_brand?post=412"},{"taxonomy":"product_cat","embeddable":true,"href":"https:\/\/fumot.uk\/fr\/wp-json\/wp\/v2\/product_cat?post=412"},{"taxonomy":"product_tag","embeddable":true,"href":"https:\/\/fumot.uk\/fr\/wp-json\/wp\/v2\/product_tag?post=412"}],"curies":[{"name":"wp","href":"https:\/\/api.w.org\/{rel}","templated":true}]}}