{"id":4086,"date":"2026-01-21T04:07:17","date_gmt":"2026-01-21T04:07:17","guid":{"rendered":"https:\/\/fumot.uk\/?post_type=product&#038;p=4086"},"modified":"2026-01-21T07:47:25","modified_gmt":"2026-01-21T07:47:25","slug":"jnr-aero-x-32000-puff-summer-peach-lce-refillable-pod-e-cigarette","status":"publish","type":"product","link":"https:\/\/fumot.uk\/fr\/product\/jnr-aero-x-32000-puff-summer-peach-lce-refillable-pod-e-cigarette\/","title":{"rendered":"JNR Aero X 32000 Puffs Summer Peach Ice \u2013 Vape Pod Rechargeable (2% Nicotine), Double R\u00e9sistance en Maille, Flux d'Air R\u00e9glable, USB\u2011C"},"content":{"rendered":"<h2>JNR Aero X 32000 Puffs \u2013 Glace \u00e0 la p\u00eache d'\u00e9t\u00e9<\/h2>\n<p>Rencontrez <strong>P\u00eache d'\u00c9t\u00e9 Glace<\/strong>: un profil de p\u00eache m\u00fbrie au soleil avec une fra\u00eecheur vive et nette. Vous go\u00fbterez une p\u00eache douce et juteuse \u00e0 l'inhalation, puis une finition glac\u00e9e et croquante qui garde l'arri\u00e8re-go\u00fbt l\u00e9ger et rafra\u00eechissant\u2014id\u00e9al pour une vape facile et r\u00e9p\u00e9table toute la journ\u00e9e.<\/p>\n<h3>Saveur qui reste constante avec Dual Mesh<\/h3>\n<p>Le <strong>JNR Aero X 32000 Puffs<\/strong> est con\u00e7u pour une performance stable. Son <strong>bobine double mesh<\/strong> chauffe uniform\u00e9ment pour maintenir une saveur stable et une vapeur douce au fil du temps. Combinez cela avec <strong>flux d'air r\u00e9glable<\/strong>, et vous pouvez affiner votre tirage d'un <strong>MTL (bouche-\u00e0-poumon)<\/strong> plus serr\u00e9 \u00e0 un <strong>DL (direct-poumon)<\/strong> plus ouvert.<\/p>\n<h3>Syst\u00e8me de pod rechargeable et rempla\u00e7able<\/h3>\n<p>Con\u00e7u pour la praticit\u00e9 quotidienne, l'Aero X utilise un <strong>pod rechargeable<\/strong> qui est \u00e9galement <strong>rempla\u00e7able<\/strong>\u2014pour que vous puissiez garder votre appareil frais et pratique sans changer tout votre \u00e9quipement. Le pod se connecte via un <strong>ajustement magn\u00e9tique<\/strong> pour des \u00e9changes rapides et s\u00e9curis\u00e9s.<\/p>\n<h3>Certifi\u00e9 TPD pour un vapotage conforme<\/h3>\n<p><strong>certification TPD<\/strong> confirme que l'appareil r\u00e9pond aux exigences de l'UE en mati\u00e8re de s\u00e9curit\u00e9, d'\u00e9tiquetage et d'emballage\u2014vous aidant \u00e0 acheter en toute clart\u00e9 et confiance.<\/p>\n<h3>Caract\u00e9ristiques cl\u00e9s<\/h3>\n<ul>\n<li><strong>Capacit\u00e9 de bouff\u00e9es :<\/strong> jusqu'\u00e0 32000 bouff\u00e9es (varie selon la longueur du tirage)<\/li>\n<li><strong>Force de nicotine :<\/strong> 2%<\/li>\n<li><strong>Batterie :<\/strong> 850mAh rechargeable<\/li>\n<li><strong>Chargement :<\/strong> chargement rapide USB\u2011C<\/li>\n<li><strong>Flux d'air :<\/strong> r\u00e9glable (MTL \u00e0 DL)<\/li>\n<li><strong>R\u00e9sistance :<\/strong> Double Bobine Mesh<\/li>\n<li><strong>Connexion du pod :<\/strong> ajustement magn\u00e9tique<\/li>\n<li><strong>Indicateur de batterie :<\/strong> affichage de la puissance en temps r\u00e9el<\/li>\n<\/ul>\n<h3>D\u00e9couvrez plus de saveurs de p\u00eache sur fumot.uk<\/h3>\n<p>Si vous aimez les profils de p\u00eache, explorez plus d'options dans notre <a href=\"https:\/\/fumot.uk\/fr\/product-tag\/peach\/\">Collection de saveurs de p\u00eache<\/a>. Vous pouvez \u00e9galement parcourir les derni\u00e8res nouveaut\u00e9s et la gamme d'appareils sur <a href=\"https:\/\/fumot.uk\/fr\/\">fumot.uk<\/a>.<\/p>","protected":false},"excerpt":{"rendered":"<p>Summer Peach Ice associe une p\u00eache m\u00fbre juteuse \u00e0 une finition glac\u00e9e nette. JNR Aero X 32000 Puffs propose une capsule rechargeable et rempla\u00e7able, une double bobine en mesh, un flux d'air r\u00e9glable (MTL\u2013DL), une charge USB\u2011C de 850mAh, et 2% de nicotine.<\/p>","protected":false},"featured_media":4138,"comment_status":"open","ping_status":"closed","template":"","meta":[],"product_brand":[],"product_cat":[200,201,17],"product_tag":[70,20,21,72,29,25,202,30,26,203,204,28],"class_list":{"0":"post-4086","1":"product","2":"type-product","3":"status-publish","4":"has-post-thumbnail","6":"product_cat-32000-puff","7":"product_cat-jnr-aero-x-32000-puffs","8":"product_cat-vape","9":"product_tag-2-nikotin","10":"product_tag-850mah","11":"product_tag-adjustable-airflow","12":"product_tag-direct-to-lung","13":"product_tag-ice","14":"product_tag-mesh-coil","15":"product_tag-mouth-to-lung","16":"product_tag-peach","17":"product_tag-rechargeable","18":"product_tag-refillable-e-cigarette","19":"product_tag-tpd-certification","20":"product_tag-type-c","22":"first","23":"instock","24":"sale","25":"shipping-taxable","26":"purchasable","27":"product-type-variable","28":"has-default-attributes"},"yoast_head":"<!-- This site is optimized with the Yoast SEO plugin v26.8 - https:\/\/yoast.com\/product\/yoast-seo-wordpress\/ -->\n<title>JNR Aero X 32000 Summer Peach Ice Refillable Pod Vape<\/title>\n<meta name=\"description\" content=\"Juicy peach with an icy finish. JNR Aero X 32000 Puffs refillable pod vape: dual mesh coil, adjustable airflow, 850mAh USB\u2011C &amp; 2% nicotine.\" \/>\n<meta name=\"robots\" content=\"index, follow, max-snippet:-1, max-image-preview:large, max-video-preview:-1\" \/>\n<link rel=\"canonical\" href=\"https:\/\/fumot.uk\/fr\/product\/jnr-aero-x-32000-puff-summer-peach-lce-refillable-pod-e-cigarette\/\" \/>\n<meta property=\"og:locale\" content=\"fr_FR\" \/>\n<meta property=\"og:type\" content=\"article\" \/>\n<meta property=\"og:title\" content=\"JNR Aero X 32000 Puffs \u2013 Summer Peach Ice (Refillable Pod)\" \/>\n<meta property=\"og:description\" content=\"Smooth ripe peach meets a crisp icy finish. Dual mesh coil, adjustable airflow, USB\u2011C charging, and 2% nicotine\u2014shop at fumot.uk.\" \/>\n<meta property=\"og:url\" content=\"https:\/\/fumot.uk\/fr\/product\/jnr-aero-x-32000-puff-summer-peach-lce-refillable-pod-e-cigarette\/\" \/>\n<meta property=\"og:site_name\" content=\"Fumot Official Direct | Straight from the Factory, 100% Genuine\" \/>\n<meta property=\"article:modified_time\" content=\"2026-01-21T07:47:25+00:00\" \/>\n<meta property=\"og:image\" content=\"https:\/\/fumot.uk\/wp-content\/uploads\/2026\/01\/Summer-Peach-Ice_JNR-Areo-X-32000-Puffs-Disposable-Vape.jpg\" \/>\n\t<meta property=\"og:image:width\" content=\"800\" \/>\n\t<meta property=\"og:image:height\" content=\"800\" \/>\n\t<meta property=\"og:image:type\" content=\"image\/jpeg\" \/>\n<meta name=\"twitter:card\" content=\"summary_large_image\" \/>\n<meta name=\"twitter:label1\" content=\"Dur\u00e9e de lecture estim\u00e9e\" \/>\n\t<meta name=\"twitter:data1\" content=\"1 minute\" \/>\n<script type=\"application\/ld+json\" class=\"yoast-schema-graph\">{\"@context\":\"https:\/\/schema.org\",\"@graph\":[{\"@type\":\"WebPage\",\"@id\":\"https:\/\/fumot.uk\/product\/jnr-aero-x-32000-puff-summer-peach-lce-refillable-pod-e-cigarette\/\",\"url\":\"https:\/\/fumot.uk\/product\/jnr-aero-x-32000-puff-summer-peach-lce-refillable-pod-e-cigarette\/\",\"name\":\"JNR Aero X 32000 Summer Peach Ice Refillable Pod Vape\",\"isPartOf\":{\"@id\":\"https:\/\/fumot.uk\/#website\"},\"primaryImageOfPage\":{\"@id\":\"https:\/\/fumot.uk\/product\/jnr-aero-x-32000-puff-summer-peach-lce-refillable-pod-e-cigarette\/#primaryimage\"},\"image\":{\"@id\":\"https:\/\/fumot.uk\/product\/jnr-aero-x-32000-puff-summer-peach-lce-refillable-pod-e-cigarette\/#primaryimage\"},\"thumbnailUrl\":\"https:\/\/fumot.uk\/wp-content\/uploads\/2026\/01\/Summer-Peach-Ice_JNR-Areo-X-32000-Puffs-Disposable-Vape.jpg\",\"datePublished\":\"2026-01-21T04:07:17+00:00\",\"dateModified\":\"2026-01-21T07:47:25+00:00\",\"description\":\"Juicy peach with an icy finish. JNR Aero X 32000 Puffs refillable pod vape: dual mesh coil, adjustable airflow, 850mAh USB\u2011C & 2% nicotine.\",\"breadcrumb\":{\"@id\":\"https:\/\/fumot.uk\/product\/jnr-aero-x-32000-puff-summer-peach-lce-refillable-pod-e-cigarette\/#breadcrumb\"},\"inLanguage\":\"fr-FR\",\"potentialAction\":[{\"@type\":\"ReadAction\",\"target\":[\"https:\/\/fumot.uk\/product\/jnr-aero-x-32000-puff-summer-peach-lce-refillable-pod-e-cigarette\/\"]}]},{\"@type\":\"ImageObject\",\"inLanguage\":\"fr-FR\",\"@id\":\"https:\/\/fumot.uk\/product\/jnr-aero-x-32000-puff-summer-peach-lce-refillable-pod-e-cigarette\/#primaryimage\",\"url\":\"https:\/\/fumot.uk\/wp-content\/uploads\/2026\/01\/Summer-Peach-Ice_JNR-Areo-X-32000-Puffs-Disposable-Vape.jpg\",\"contentUrl\":\"https:\/\/fumot.uk\/wp-content\/uploads\/2026\/01\/Summer-Peach-Ice_JNR-Areo-X-32000-Puffs-Disposable-Vape.jpg\",\"width\":800,\"height\":800},{\"@type\":\"BreadcrumbList\",\"@id\":\"https:\/\/fumot.uk\/product\/jnr-aero-x-32000-puff-summer-peach-lce-refillable-pod-e-cigarette\/#breadcrumb\",\"itemListElement\":[{\"@type\":\"ListItem\",\"position\":1,\"name\":\"Home\",\"item\":\"https:\/\/fumot.uk\/\"},{\"@type\":\"ListItem\",\"position\":2,\"name\":\"Shop\",\"item\":\"https:\/\/fumot.uk\/shop\/\"},{\"@type\":\"ListItem\",\"position\":3,\"name\":\"JNR Aero X 32000 Puffs Summer Peach Ice \u2013 Refillable Pod Vape (2% Nicotine), Dual Mesh Coil, Adjustable Airflow, USB\u2011C\"}]},{\"@type\":\"WebSite\",\"@id\":\"https:\/\/fumot.uk\/#website\",\"url\":\"https:\/\/fumot.uk\/\",\"name\":\"Fumot Official Direct | Straight from the Factory, 100% Genuine\",\"description\":\"Official Website\",\"publisher\":{\"@id\":\"https:\/\/fumot.uk\/#organization\"},\"potentialAction\":[{\"@type\":\"SearchAction\",\"target\":{\"@type\":\"EntryPoint\",\"urlTemplate\":\"https:\/\/fumot.uk\/?s={search_term_string}\"},\"query-input\":{\"@type\":\"PropertyValueSpecification\",\"valueRequired\":true,\"valueName\":\"search_term_string\"}}],\"inLanguage\":\"fr-FR\"},{\"@type\":\"Organization\",\"@id\":\"https:\/\/fumot.uk\/#organization\",\"name\":\"Fumot Official Direct | Straight from the Factory, 100% Genuine\",\"url\":\"https:\/\/fumot.uk\/\",\"logo\":{\"@type\":\"ImageObject\",\"inLanguage\":\"fr-FR\",\"@id\":\"https:\/\/fumot.uk\/#\/schema\/logo\/image\/\",\"url\":\"https:\/\/fumot.uk\/wp-content\/uploads\/2026\/01\/cropped-fumot-logo1.png\",\"contentUrl\":\"https:\/\/fumot.uk\/wp-content\/uploads\/2026\/01\/cropped-fumot-logo1.png\",\"width\":152,\"height\":106,\"caption\":\"Fumot Official Direct | Straight from the Factory, 100% Genuine\"},\"image\":{\"@id\":\"https:\/\/fumot.uk\/#\/schema\/logo\/image\/\"}}]}<\/script>\n<!-- \/ Yoast SEO plugin. -->","yoast_head_json":{"title":"JNR Aero X 32000 Pod Vape Rechargeable Saveur P\u00eache d'\u00c9t\u00e9","description":"P\u00eache juteuse avec une finition glac\u00e9e. JNR Aero X 32000 Puffs pod vape rechargeable : double bobine en mesh, flux d'air r\u00e9glable, USB\u2011C 850mAh &amp; 2% nicotine.","robots":{"index":"index","follow":"follow","max-snippet":"max-snippet:-1","max-image-preview":"max-image-preview:large","max-video-preview":"max-video-preview:-1"},"canonical":"https:\/\/fumot.uk\/fr\/product\/jnr-aero-x-32000-puff-summer-peach-lce-refillable-pod-e-cigarette\/","og_locale":"fr_FR","og_type":"article","og_title":"JNR Aero X 32000 Puffs \u2013 Summer Peach Ice (Refillable Pod)","og_description":"Smooth ripe peach meets a crisp icy finish. Dual mesh coil, adjustable airflow, USB\u2011C charging, and 2% nicotine\u2014shop at fumot.uk.","og_url":"https:\/\/fumot.uk\/fr\/product\/jnr-aero-x-32000-puff-summer-peach-lce-refillable-pod-e-cigarette\/","og_site_name":"Fumot Official Direct | Straight from the Factory, 100% Genuine","article_modified_time":"2026-01-21T07:47:25+00:00","og_image":[{"width":800,"height":800,"url":"https:\/\/fumot.uk\/wp-content\/uploads\/2026\/01\/Summer-Peach-Ice_JNR-Areo-X-32000-Puffs-Disposable-Vape.jpg","type":"image\/jpeg"}],"twitter_card":"summary_large_image","twitter_misc":{"Dur\u00e9e de lecture estim\u00e9e":"1 minute"},"schema":{"@context":"https:\/\/schema.org","@graph":[{"@type":"WebPage","@id":"https:\/\/fumot.uk\/product\/jnr-aero-x-32000-puff-summer-peach-lce-refillable-pod-e-cigarette\/","url":"https:\/\/fumot.uk\/product\/jnr-aero-x-32000-puff-summer-peach-lce-refillable-pod-e-cigarette\/","name":"JNR Aero X 32000 Pod Vape Rechargeable Saveur P\u00eache d'\u00c9t\u00e9","isPartOf":{"@id":"https:\/\/fumot.uk\/#website"},"primaryImageOfPage":{"@id":"https:\/\/fumot.uk\/product\/jnr-aero-x-32000-puff-summer-peach-lce-refillable-pod-e-cigarette\/#primaryimage"},"image":{"@id":"https:\/\/fumot.uk\/product\/jnr-aero-x-32000-puff-summer-peach-lce-refillable-pod-e-cigarette\/#primaryimage"},"thumbnailUrl":"https:\/\/fumot.uk\/wp-content\/uploads\/2026\/01\/Summer-Peach-Ice_JNR-Areo-X-32000-Puffs-Disposable-Vape.jpg","datePublished":"2026-01-21T04:07:17+00:00","dateModified":"2026-01-21T07:47:25+00:00","description":"P\u00eache juteuse avec une finition glac\u00e9e. JNR Aero X 32000 Puffs pod vape rechargeable : double bobine en mesh, flux d'air r\u00e9glable, USB\u2011C 850mAh &amp; 2% nicotine.","breadcrumb":{"@id":"https:\/\/fumot.uk\/product\/jnr-aero-x-32000-puff-summer-peach-lce-refillable-pod-e-cigarette\/#breadcrumb"},"inLanguage":"fr-FR","potentialAction":[{"@type":"ReadAction","target":["https:\/\/fumot.uk\/product\/jnr-aero-x-32000-puff-summer-peach-lce-refillable-pod-e-cigarette\/"]}]},{"@type":"ImageObject","inLanguage":"fr-FR","@id":"https:\/\/fumot.uk\/product\/jnr-aero-x-32000-puff-summer-peach-lce-refillable-pod-e-cigarette\/#primaryimage","url":"https:\/\/fumot.uk\/wp-content\/uploads\/2026\/01\/Summer-Peach-Ice_JNR-Areo-X-32000-Puffs-Disposable-Vape.jpg","contentUrl":"https:\/\/fumot.uk\/wp-content\/uploads\/2026\/01\/Summer-Peach-Ice_JNR-Areo-X-32000-Puffs-Disposable-Vape.jpg","width":800,"height":800},{"@type":"BreadcrumbList","@id":"https:\/\/fumot.uk\/product\/jnr-aero-x-32000-puff-summer-peach-lce-refillable-pod-e-cigarette\/#breadcrumb","itemListElement":[{"@type":"ListItem","position":1,"name":"Home","item":"https:\/\/fumot.uk\/"},{"@type":"ListItem","position":2,"name":"Shop","item":"https:\/\/fumot.uk\/shop\/"},{"@type":"ListItem","position":3,"name":"JNR Aero X 32000 Puffs Summer Peach Ice \u2013 Refillable Pod Vape (2% Nicotine), Dual Mesh Coil, Adjustable Airflow, USB\u2011C"}]},{"@type":"WebSite","@id":"https:\/\/fumot.uk\/#website","url":"https:\/\/fumot.uk\/","name":"Fumot Official Direct | Directement de l'usine, 100% Authentique","description":"Site officiel","publisher":{"@id":"https:\/\/fumot.uk\/#organization"},"potentialAction":[{"@type":"SearchAction","target":{"@type":"EntryPoint","urlTemplate":"https:\/\/fumot.uk\/?s={search_term_string}"},"query-input":{"@type":"PropertyValueSpecification","valueRequired":true,"valueName":"search_term_string"}}],"inLanguage":"fr-FR"},{"@type":"Organization","@id":"https:\/\/fumot.uk\/#organization","name":"Fumot Official Direct | Directement de l'usine, 100% Authentique","url":"https:\/\/fumot.uk\/","logo":{"@type":"ImageObject","inLanguage":"fr-FR","@id":"https:\/\/fumot.uk\/#\/schema\/logo\/image\/","url":"https:\/\/fumot.uk\/wp-content\/uploads\/2026\/01\/cropped-fumot-logo1.png","contentUrl":"https:\/\/fumot.uk\/wp-content\/uploads\/2026\/01\/cropped-fumot-logo1.png","width":152,"height":106,"caption":"Fumot Official Direct | Straight from the Factory, 100% Genuine"},"image":{"@id":"https:\/\/fumot.uk\/#\/schema\/logo\/image\/"}}]}},"_links":{"self":[{"href":"https:\/\/fumot.uk\/fr\/wp-json\/wp\/v2\/product\/4086","targetHints":{"allow":["GET"]}}],"collection":[{"href":"https:\/\/fumot.uk\/fr\/wp-json\/wp\/v2\/product"}],"about":[{"href":"https:\/\/fumot.uk\/fr\/wp-json\/wp\/v2\/types\/product"}],"replies":[{"embeddable":true,"href":"https:\/\/fumot.uk\/fr\/wp-json\/wp\/v2\/comments?post=4086"}],"wp:featuredmedia":[{"embeddable":true,"href":"https:\/\/fumot.uk\/fr\/wp-json\/wp\/v2\/media\/4138"}],"wp:attachment":[{"href":"https:\/\/fumot.uk\/fr\/wp-json\/wp\/v2\/media?parent=4086"}],"wp:term":[{"taxonomy":"product_brand","embeddable":true,"href":"https:\/\/fumot.uk\/fr\/wp-json\/wp\/v2\/product_brand?post=4086"},{"taxonomy":"product_cat","embeddable":true,"href":"https:\/\/fumot.uk\/fr\/wp-json\/wp\/v2\/product_cat?post=4086"},{"taxonomy":"product_tag","embeddable":true,"href":"https:\/\/fumot.uk\/fr\/wp-json\/wp\/v2\/product_tag?post=4086"}],"curies":[{"name":"wp","href":"https:\/\/api.w.org\/{rel}","templated":true}]}}