{"id":408,"date":"2026-01-20T02:44:10","date_gmt":"2026-01-20T02:44:10","guid":{"rendered":"https:\/\/fumot.uk\/?post_type=product&#038;p=408"},"modified":"2026-01-20T07:59:59","modified_gmt":"2026-01-20T07:59:59","slug":"randm-tornado-20000-puffs-cotton-candy","status":"publish","type":"product","link":"https:\/\/fumot.uk\/fr\/product\/randm-tornado-20000-puffs-cotton-candy\/","title":{"rendered":"RandM Tornado 20000 Puffs Vape Jetable Barbe \u00e0 Papa \u2013 20ml, 850mAh Rechargeable, Double Mesh, LCD, Type\u2011C (2%\/5% Nicotine)"},"content":{"rendered":"<h2>RandM Tornado 20000 Puffs \u2013 Vape jetable \u00e0 la barbe \u00e0 papa<\/h2>\n<p><strong>Doux, l\u00e9ger et instantan\u00e9ment nostalgique.<\/strong> Le <strong>RandM Tornado 20000 Puffs Barbe \u00e0 papa<\/strong> Le vape jetable apporte cette ambiance classique de barbe \u00e0 papa de carnaval \u00e0 votre rotation quotidienne\u2014douceur sucr\u00e9e douce, une inhalation douce, et une finition moelleuse qui reste douce plut\u00f4t que vive.<\/p>\n<p>Con\u00e7u pour de longues sessions et une utilisation quotidienne facile, il combine un <strong>Capacit\u00e9 de 20ml de e-liquide<\/strong> avec une <strong>Batterie rechargeable 850mAh<\/strong>, plus un <strong>Bobine Double Mesh<\/strong> pour une saveur toujours pleine et des nuages satisfaisants. Le <strong>\u00e9cran LCD intelligent<\/strong> vous aide \u00e0 surveiller les niveaux de batterie et de liquide, afin que vous ne deviniez pas quand il est temps de recharger.<\/p>\n<h3>Profil de saveur : Barbe \u00e0 papa<\/h3>\n<ul>\n<li><strong>Haut :<\/strong> Douceur l\u00e9g\u00e8re de bonbon<\/li>\n<li><strong>Milieu :<\/strong> Corps a\u00e9rien de \u201cbarbe \u00e0 papa\u201d fil\u00e9 au sucre<\/li>\n<li><strong>Finition :<\/strong> Douceur douce et moelleuse avec un arri\u00e8re-go\u00fbt propre<\/li>\n<\/ul>\n<h3>Caract\u00e9ristiques cl\u00e9s<\/h3>\n<ul>\n<li><strong>Jusqu'\u00e0 20000 bouff\u00e9es<\/strong> (varie selon l'utilisation)<\/li>\n<li><strong>Forces de nicotine :<\/strong> 2% ou 5% (s\u00e9lectionnez votre pr\u00e9f\u00e9rence)<\/li>\n<li><strong>20ml d'e-liquide<\/strong> pour une utilisation prolong\u00e9e<\/li>\n<li><strong>Batterie rechargeable 850mAh<\/strong> pour un vapotage quotidien fiable<\/li>\n<li><strong>charge Type\u2011C<\/strong> pour des recharges pratiques<\/li>\n<li><strong>Bobine Double Mesh<\/strong> pour une aspiration plus douce et une saveur plus riche<\/li>\n<li><strong>\u00e9cran LCD<\/strong> montre l'\u00e9tat de la batterie et du e-liquide en un coup d'\u0153il<\/li>\n<\/ul>\n<h3>Id\u00e9al pour<\/h3>\n<p>Si vous appr\u00e9ciez <strong>saveurs sucr\u00e9es de style dessert<\/strong> et veulent une <strong>vape jetable \u00e0 haute bouff\u00e9e<\/strong> avec des fonctionnalit\u00e9s modernes et pratiques (rechargeable Type\u2011C + LCD + double mesh), Barbe \u00e0 papa est un choix facile pour une vape douce et ludique toute la journ\u00e9e.<\/p>\n<h3>Achetez plus sur fumot.uk<\/h3>\n<p>Explorez plus d'options durables dans la m\u00eame cat\u00e9gorie : <a href=\"https:\/\/fumot.uk\/fr\/product-category\/20000-puff\/\">Vapes 20000 Puffs<\/a>. Vous pouvez \u00e9galement visiter <a href=\"https:\/\/fumot.uk\/fr\/\">fumot.uk<\/a> pour d\u00e9couvrir plus de saveurs RandM et trouver votre prochain incontournable.<\/p>\n<p><strong>Barbe \u00e0 papa<\/strong>\u2014un go\u00fbt doux fil\u00e9 au sucre, des performances constantes, et une ambiance de f\u00eate foraine \u00e0 chaque aspiration.<\/p>","protected":false},"excerpt":{"rendered":"<p>RandM Tornado 20000 Puffs Cotton Candy vape jetable avec douceur de barbe \u00e0 papa, 20ml d'e-liquide, batterie rechargeable 850mAh, bobine Dual Mesh, \u00e9cran LCD et charge Type\u2011C. Choisissez 2% ou 5% nicotine.<\/p>","protected":false},"featured_media":450,"comment_status":"open","ping_status":"closed","template":"","meta":[],"product_brand":[],"product_cat":[68,69,17],"product_tag":[70,60,71,20,47,75,72,73,74,26,27,62,28],"class_list":{"0":"post-408","1":"product","2":"type-product","3":"status-publish","4":"has-post-thumbnail","6":"product_cat-20000-puff","7":"product_cat-randm-tornado-20000-puffs","8":"product_cat-vape","9":"product_tag-2-nikotin","10":"product_tag-20ml","11":"product_tag-5-nikotin","12":"product_tag-850mah","13":"product_tag-candy","14":"product_tag-cotton","15":"product_tag-direct-to-lung","16":"product_tag-dual-mesh","17":"product_tag-lcd-display","18":"product_tag-rechargeable","19":"product_tag-rgb-light","20":"product_tag-sale-vape","21":"product_tag-type-c","23":"first","24":"instock","25":"sale","26":"shipping-taxable","27":"purchasable","28":"product-type-variable","29":"has-default-attributes"},"yoast_head":"<!-- This site is optimized with the Yoast SEO plugin v26.8 - https:\/\/yoast.com\/product\/yoast-seo-wordpress\/ -->\n<title>RandM Tornado 20000 Cotton Candy Vape | 20ml LCD<\/title>\n<meta name=\"description\" content=\"Shop RandM Tornado 20000 Puffs Cotton Candy at fumot.uk: 20ml e-liquid, 850mAh rechargeable, Dual Mesh, LCD, Type\u2011C. Choose 2% or 5% nicotine.\" \/>\n<meta name=\"robots\" content=\"index, follow, max-snippet:-1, max-image-preview:large, max-video-preview:-1\" \/>\n<link rel=\"canonical\" href=\"https:\/\/fumot.uk\/fr\/product\/randm-tornado-20000-puffs-cotton-candy\/\" \/>\n<meta property=\"og:locale\" content=\"fr_FR\" \/>\n<meta property=\"og:type\" content=\"article\" \/>\n<meta property=\"og:title\" content=\"RandM Tornado 20000 Puffs \u2013 Cotton Candy (20ml, LCD, Dual Mesh)\" \/>\n<meta property=\"og:description\" content=\"Carnival-sweet Cotton Candy flavor with 20ml e-liquid, 850mAh rechargeable battery, Dual Mesh coil, LCD display and Type\u2011C charging. 2%\/5% nicotine.\" \/>\n<meta property=\"og:url\" content=\"https:\/\/fumot.uk\/fr\/product\/randm-tornado-20000-puffs-cotton-candy\/\" \/>\n<meta property=\"og:site_name\" content=\"Fumot Official Direct | Straight from the Factory, 100% Genuine\" \/>\n<meta property=\"article:modified_time\" content=\"2026-01-20T07:59:59+00:00\" \/>\n<meta property=\"og:image\" content=\"https:\/\/fumot.uk\/wp-content\/uploads\/2026\/01\/Cotton-Candy_Randm-Tornado-20000-Puffs-Disposable-Vape.jpg\" \/>\n\t<meta property=\"og:image:width\" content=\"2000\" \/>\n\t<meta property=\"og:image:height\" content=\"2000\" \/>\n\t<meta property=\"og:image:type\" content=\"image\/jpeg\" \/>\n<meta name=\"twitter:card\" content=\"summary_large_image\" \/>\n<meta name=\"twitter:label1\" content=\"Dur\u00e9e de lecture estim\u00e9e\" \/>\n\t<meta name=\"twitter:data1\" content=\"2 minutes\" \/>\n<script type=\"application\/ld+json\" class=\"yoast-schema-graph\">{\"@context\":\"https:\/\/schema.org\",\"@graph\":[{\"@type\":\"WebPage\",\"@id\":\"https:\/\/fumot.uk\/product\/randm-tornado-20000-puffs-cotton-candy\/\",\"url\":\"https:\/\/fumot.uk\/product\/randm-tornado-20000-puffs-cotton-candy\/\",\"name\":\"RandM Tornado 20000 Cotton Candy Vape | 20ml LCD\",\"isPartOf\":{\"@id\":\"https:\/\/fumot.uk\/#website\"},\"primaryImageOfPage\":{\"@id\":\"https:\/\/fumot.uk\/product\/randm-tornado-20000-puffs-cotton-candy\/#primaryimage\"},\"image\":{\"@id\":\"https:\/\/fumot.uk\/product\/randm-tornado-20000-puffs-cotton-candy\/#primaryimage\"},\"thumbnailUrl\":\"https:\/\/fumot.uk\/wp-content\/uploads\/2026\/01\/Cotton-Candy_Randm-Tornado-20000-Puffs-Disposable-Vape.jpg\",\"datePublished\":\"2026-01-20T02:44:10+00:00\",\"dateModified\":\"2026-01-20T07:59:59+00:00\",\"description\":\"Shop RandM Tornado 20000 Puffs Cotton Candy at fumot.uk: 20ml e-liquid, 850mAh rechargeable, Dual Mesh, LCD, Type\u2011C. Choose 2% or 5% nicotine.\",\"breadcrumb\":{\"@id\":\"https:\/\/fumot.uk\/product\/randm-tornado-20000-puffs-cotton-candy\/#breadcrumb\"},\"inLanguage\":\"fr-FR\",\"potentialAction\":[{\"@type\":\"ReadAction\",\"target\":[\"https:\/\/fumot.uk\/product\/randm-tornado-20000-puffs-cotton-candy\/\"]}]},{\"@type\":\"ImageObject\",\"inLanguage\":\"fr-FR\",\"@id\":\"https:\/\/fumot.uk\/product\/randm-tornado-20000-puffs-cotton-candy\/#primaryimage\",\"url\":\"https:\/\/fumot.uk\/wp-content\/uploads\/2026\/01\/Cotton-Candy_Randm-Tornado-20000-Puffs-Disposable-Vape.jpg\",\"contentUrl\":\"https:\/\/fumot.uk\/wp-content\/uploads\/2026\/01\/Cotton-Candy_Randm-Tornado-20000-Puffs-Disposable-Vape.jpg\",\"width\":2000,\"height\":2000},{\"@type\":\"BreadcrumbList\",\"@id\":\"https:\/\/fumot.uk\/product\/randm-tornado-20000-puffs-cotton-candy\/#breadcrumb\",\"itemListElement\":[{\"@type\":\"ListItem\",\"position\":1,\"name\":\"Home\",\"item\":\"https:\/\/fumot.uk\/\"},{\"@type\":\"ListItem\",\"position\":2,\"name\":\"Shop\",\"item\":\"https:\/\/fumot.uk\/shop\/\"},{\"@type\":\"ListItem\",\"position\":3,\"name\":\"RandM Tornado 20000 Puffs Cotton Candy Disposable Vape \u2013 20ml, 850mAh Rechargeable, Dual Mesh, LCD, Type\u2011C (2%\/5% Nicotine)\"}]},{\"@type\":\"WebSite\",\"@id\":\"https:\/\/fumot.uk\/#website\",\"url\":\"https:\/\/fumot.uk\/\",\"name\":\"Fumot Official Direct | Straight from the Factory, 100% Genuine\",\"description\":\"Official Website\",\"publisher\":{\"@id\":\"https:\/\/fumot.uk\/#organization\"},\"potentialAction\":[{\"@type\":\"SearchAction\",\"target\":{\"@type\":\"EntryPoint\",\"urlTemplate\":\"https:\/\/fumot.uk\/?s={search_term_string}\"},\"query-input\":{\"@type\":\"PropertyValueSpecification\",\"valueRequired\":true,\"valueName\":\"search_term_string\"}}],\"inLanguage\":\"fr-FR\"},{\"@type\":\"Organization\",\"@id\":\"https:\/\/fumot.uk\/#organization\",\"name\":\"Fumot Official Direct | Straight from the Factory, 100% Genuine\",\"url\":\"https:\/\/fumot.uk\/\",\"logo\":{\"@type\":\"ImageObject\",\"inLanguage\":\"fr-FR\",\"@id\":\"https:\/\/fumot.uk\/#\/schema\/logo\/image\/\",\"url\":\"https:\/\/fumot.uk\/wp-content\/uploads\/2026\/01\/cropped-fumot-logo1.png\",\"contentUrl\":\"https:\/\/fumot.uk\/wp-content\/uploads\/2026\/01\/cropped-fumot-logo1.png\",\"width\":152,\"height\":106,\"caption\":\"Fumot Official Direct | Straight from the Factory, 100% Genuine\"},\"image\":{\"@id\":\"https:\/\/fumot.uk\/#\/schema\/logo\/image\/\"}}]}<\/script>\n<!-- \/ Yoast SEO plugin. -->","yoast_head_json":{"title":"RandM Tornado 20000 Vape Barbe \u00e0 Papa | 20ml LCD","description":"Achetez RandM Tornado 20000 Puffs Cotton Candy sur fumot.uk : 20ml e-liquide, 850mAh rechargeable, Double Mesh, LCD, Type\u2011C. Choisissez 2% ou 5% nicotine.","robots":{"index":"index","follow":"follow","max-snippet":"max-snippet:-1","max-image-preview":"max-image-preview:large","max-video-preview":"max-video-preview:-1"},"canonical":"https:\/\/fumot.uk\/fr\/product\/randm-tornado-20000-puffs-cotton-candy\/","og_locale":"fr_FR","og_type":"article","og_title":"RandM Tornado 20000 Puffs \u2013 Cotton Candy (20ml, LCD, Dual Mesh)","og_description":"Carnival-sweet Cotton Candy flavor with 20ml e-liquid, 850mAh rechargeable battery, Dual Mesh coil, LCD display and Type\u2011C charging. 2%\/5% nicotine.","og_url":"https:\/\/fumot.uk\/fr\/product\/randm-tornado-20000-puffs-cotton-candy\/","og_site_name":"Fumot Official Direct | Straight from the Factory, 100% Genuine","article_modified_time":"2026-01-20T07:59:59+00:00","og_image":[{"width":2000,"height":2000,"url":"https:\/\/fumot.uk\/wp-content\/uploads\/2026\/01\/Cotton-Candy_Randm-Tornado-20000-Puffs-Disposable-Vape.jpg","type":"image\/jpeg"}],"twitter_card":"summary_large_image","twitter_misc":{"Dur\u00e9e de lecture estim\u00e9e":"2 minutes"},"schema":{"@context":"https:\/\/schema.org","@graph":[{"@type":"WebPage","@id":"https:\/\/fumot.uk\/product\/randm-tornado-20000-puffs-cotton-candy\/","url":"https:\/\/fumot.uk\/product\/randm-tornado-20000-puffs-cotton-candy\/","name":"RandM Tornado 20000 Vape Barbe \u00e0 Papa | 20ml LCD","isPartOf":{"@id":"https:\/\/fumot.uk\/#website"},"primaryImageOfPage":{"@id":"https:\/\/fumot.uk\/product\/randm-tornado-20000-puffs-cotton-candy\/#primaryimage"},"image":{"@id":"https:\/\/fumot.uk\/product\/randm-tornado-20000-puffs-cotton-candy\/#primaryimage"},"thumbnailUrl":"https:\/\/fumot.uk\/wp-content\/uploads\/2026\/01\/Cotton-Candy_Randm-Tornado-20000-Puffs-Disposable-Vape.jpg","datePublished":"2026-01-20T02:44:10+00:00","dateModified":"2026-01-20T07:59:59+00:00","description":"Achetez RandM Tornado 20000 Puffs Cotton Candy sur fumot.uk : 20ml e-liquide, 850mAh rechargeable, Double Mesh, LCD, Type\u2011C. Choisissez 2% ou 5% nicotine.","breadcrumb":{"@id":"https:\/\/fumot.uk\/product\/randm-tornado-20000-puffs-cotton-candy\/#breadcrumb"},"inLanguage":"fr-FR","potentialAction":[{"@type":"ReadAction","target":["https:\/\/fumot.uk\/product\/randm-tornado-20000-puffs-cotton-candy\/"]}]},{"@type":"ImageObject","inLanguage":"fr-FR","@id":"https:\/\/fumot.uk\/product\/randm-tornado-20000-puffs-cotton-candy\/#primaryimage","url":"https:\/\/fumot.uk\/wp-content\/uploads\/2026\/01\/Cotton-Candy_Randm-Tornado-20000-Puffs-Disposable-Vape.jpg","contentUrl":"https:\/\/fumot.uk\/wp-content\/uploads\/2026\/01\/Cotton-Candy_Randm-Tornado-20000-Puffs-Disposable-Vape.jpg","width":2000,"height":2000},{"@type":"BreadcrumbList","@id":"https:\/\/fumot.uk\/product\/randm-tornado-20000-puffs-cotton-candy\/#breadcrumb","itemListElement":[{"@type":"ListItem","position":1,"name":"Home","item":"https:\/\/fumot.uk\/"},{"@type":"ListItem","position":2,"name":"Shop","item":"https:\/\/fumot.uk\/shop\/"},{"@type":"ListItem","position":3,"name":"RandM Tornado 20000 Puffs Cotton Candy Disposable Vape \u2013 20ml, 850mAh Rechargeable, Dual Mesh, LCD, Type\u2011C (2%\/5% Nicotine)"}]},{"@type":"WebSite","@id":"https:\/\/fumot.uk\/#website","url":"https:\/\/fumot.uk\/","name":"Fumot Official Direct | Directement de l'usine, 100% Authentique","description":"Site officiel","publisher":{"@id":"https:\/\/fumot.uk\/#organization"},"potentialAction":[{"@type":"SearchAction","target":{"@type":"EntryPoint","urlTemplate":"https:\/\/fumot.uk\/?s={search_term_string}"},"query-input":{"@type":"PropertyValueSpecification","valueRequired":true,"valueName":"search_term_string"}}],"inLanguage":"fr-FR"},{"@type":"Organization","@id":"https:\/\/fumot.uk\/#organization","name":"Fumot Official Direct | Directement de l'usine, 100% Authentique","url":"https:\/\/fumot.uk\/","logo":{"@type":"ImageObject","inLanguage":"fr-FR","@id":"https:\/\/fumot.uk\/#\/schema\/logo\/image\/","url":"https:\/\/fumot.uk\/wp-content\/uploads\/2026\/01\/cropped-fumot-logo1.png","contentUrl":"https:\/\/fumot.uk\/wp-content\/uploads\/2026\/01\/cropped-fumot-logo1.png","width":152,"height":106,"caption":"Fumot Official Direct | Straight from the Factory, 100% Genuine"},"image":{"@id":"https:\/\/fumot.uk\/#\/schema\/logo\/image\/"}}]}},"_links":{"self":[{"href":"https:\/\/fumot.uk\/fr\/wp-json\/wp\/v2\/product\/408","targetHints":{"allow":["GET"]}}],"collection":[{"href":"https:\/\/fumot.uk\/fr\/wp-json\/wp\/v2\/product"}],"about":[{"href":"https:\/\/fumot.uk\/fr\/wp-json\/wp\/v2\/types\/product"}],"replies":[{"embeddable":true,"href":"https:\/\/fumot.uk\/fr\/wp-json\/wp\/v2\/comments?post=408"}],"wp:featuredmedia":[{"embeddable":true,"href":"https:\/\/fumot.uk\/fr\/wp-json\/wp\/v2\/media\/450"}],"wp:attachment":[{"href":"https:\/\/fumot.uk\/fr\/wp-json\/wp\/v2\/media?parent=408"}],"wp:term":[{"taxonomy":"product_brand","embeddable":true,"href":"https:\/\/fumot.uk\/fr\/wp-json\/wp\/v2\/product_brand?post=408"},{"taxonomy":"product_cat","embeddable":true,"href":"https:\/\/fumot.uk\/fr\/wp-json\/wp\/v2\/product_cat?post=408"},{"taxonomy":"product_tag","embeddable":true,"href":"https:\/\/fumot.uk\/fr\/wp-json\/wp\/v2\/product_tag?post=408"}],"curies":[{"name":"wp","href":"https:\/\/api.w.org\/{rel}","templated":true}]}}