{"id":404,"date":"2026-01-20T02:44:09","date_gmt":"2026-01-20T02:44:09","guid":{"rendered":"https:\/\/fumot.uk\/?post_type=product&#038;p=404"},"modified":"2026-01-20T02:46:56","modified_gmt":"2026-01-20T02:46:56","slug":"randm-tornado-20000-puffs-banana-cake","status":"publish","type":"product","link":"https:\/\/fumot.uk\/fr\/product\/randm-tornado-20000-puffs-banana-cake\/","title":{"rendered":"Randm Tornado 20000 Puffs-G\u00e2teau \u00e0 la banane"},"content":{"rendered":"<h3 data-start=\"50\" data-end=\"99\"><strong data-start=\"54\" data-end=\"97\">Randm Tornado 20000 Puffs \u2013 G\u00e2teau \u00e0 la banane<\/strong><\/h3>\n<p data-start=\"101\" data-end=\"522\"><strong data-start=\"101\" data-end=\"164\">Doux et intense, profitez de l'exp\u00e9rience de vapotage ultime<\/strong><br data-start=\"164\" data-end=\"167\" \/>La cigarette \u00e9lectronique Randm Tornado 20000 Puffs au go\u00fbt G\u00e2teau \u00e0 la banane combine la saveur intense de bananes m\u00fbres avec la douceur douce du g\u00e2teau. Chaque bouff\u00e9e ressemble \u00e0 un g\u00e2teau \u00e0 la banane fra\u00eechement cuit \u2013 sucr\u00e9, mais pas trop envahissant \u2013 et offre une exp\u00e9rience de vapotage douce et agr\u00e9able qui rend chaque utilisation un plaisir.<\/p>\n<h3 data-start=\"524\" data-end=\"544\"><strong data-start=\"524\" data-end=\"542\">Caract\u00e9ristiques principales :<\/strong><\/h3>\n<p data-start=\"548\" data-end=\"655\">\u2611 <strong data-start=\"26\" data-end=\"40\">Go\u00fbt :<\/strong> Saveur riche de g\u00e2teau \u00e0 la banane avec des ar\u00f4mes complexes, parfait comme un dessert.<br data-start=\"131\" data-end=\"134\" \/>\u2611 <strong data-start=\"136\" data-end=\"154\">Teneur en nicotine :<\/strong> 2% \/ 5%, pour r\u00e9pondre \u00e0 diff\u00e9rents besoins.<br data-start=\"208\" data-end=\"211\" data-is-only-node=\"\" \/>\u2611 <strong data-start=\"213\" data-end=\"231\">Capacit\u00e9 de la batterie :<\/strong> Batterie rechargeable de 850 mAh pour une performance durable.<br data-start=\"291\" data-end=\"294\" \/>\u2611 <strong data-start=\"296\" data-end=\"310\">Nombre de bouff\u00e9es :<\/strong> Jusqu'\u00e0 20000 bouff\u00e9es pour un plaisir prolong\u00e9 sans remplissage fr\u00e9quent.<br data-start=\"381\" data-end=\"384\" \/>\u2611 <strong data-start=\"386\" data-end=\"409\">Capacit\u00e9 de l'e-liquide :<\/strong> <a href=\"https:\/\/ultravape.de\/product-tag\/20ml\/\">20 ml<\/a> pour un vapotage continu.<br data-start=\"445\" data-end=\"448\" \/>\u2611 <strong data-start=\"450\" data-end=\"468\">Affichage intelligent :<\/strong> Indicateur LED pour surveiller en temps r\u00e9el le statut de l'e-liquide et de la batterie, gestion facile.<br data-start=\"560\" data-end=\"563\" \/>\u2611 <strong data-start=\"565\" data-end=\"591\">Technologie Dual-Mesh :<\/strong> Vapeur intense et saveur pleine pour une exp\u00e9rience de vapotage douce et riche.<br data-start=\"684\" data-end=\"687\" \/>\u2611 <strong data-start=\"689\" data-end=\"721\">Port de charge rapide Type-C :<\/strong> Recharge rapide, pr\u00eat \u00e0 l'emploi \u00e0 tout moment pour un plaisir ininterrompu.<\/p>\n<h3 data-start=\"1274\" data-end=\"1290\">Public cible<\/h3>\n<p data-start=\"1328\" data-end=\"1486\">Pour les vapoteurs qui aiment les saveurs fruit\u00e9es et de dessert et qui appr\u00e9cient les appareils de haute qualit\u00e9, durables et confortables.<\/p>\n<p><strong data-start=\"1488\" data-end=\"1543\">G\u00e2teau \u00e0 la banane \u2013 Douce tentation, chaque bouff\u00e9e un d\u00e9lice<\/strong><\/p>\n<p>La cigarette \u00e9lectronique Randm Tornado 20000 Puffs en G\u00e2teau \u00e0 la banane combine une technologie de pointe avec une exp\u00e9rience gustative intense. Chaque bouff\u00e9e est douce, pleine et sucr\u00e9e, sans \u00eatre trop charg\u00e9e, vous permettant de vous perdre compl\u00e8tement dans le monde d\u00e9licieux du g\u00e2teau \u00e0 la banane.<\/p>","protected":false},"excerpt":{"rendered":"<p>Randm Tornado 20000 Puffs \u2013 G\u00e2teau \u00e0 la banane Doux et intense, profitez de l'exp\u00e9rience de vapotage ultimeLa cigarette \u00e9lectronique Randm Tornado 20000 Puffs au go\u00fbt G\u00e2teau \u00e0 la banane combine le go\u00fbt intense de bananes m\u00fbres avec la douce saveur de g\u00e2teau. Chaque bouff\u00e9e ressemble \u00e0 un g\u00e2teau \u00e0 la banane fra\u00eechement cuit \u2013 doux, mais pas trop envahissant \u2013 et [\u2026]<\/p>","protected":false},"featured_media":446,"comment_status":"open","ping_status":"closed","template":"","meta":[],"product_brand":[],"product_cat":[68,69,17],"product_tag":[70,60,71,20,57,72,73,74,26,27,62,28],"class_list":{"0":"post-404","1":"product","2":"type-product","3":"status-publish","4":"has-post-thumbnail","6":"product_cat-20000-puff","7":"product_cat-randm-tornado-20000-puffs","8":"product_cat-vape","9":"product_tag-2-nikotin","10":"product_tag-20ml","11":"product_tag-5-nikotin","12":"product_tag-850mah","13":"product_tag-banana","14":"product_tag-direct-to-lung","15":"product_tag-dual-mesh","16":"product_tag-lcd-display","17":"product_tag-rechargeable","18":"product_tag-rgb-light","19":"product_tag-sale-vape","20":"product_tag-type-c","22":"first","23":"instock","24":"sale","25":"shipping-taxable","26":"purchasable","27":"product-type-variable","28":"has-default-attributes"},"yoast_head":"<!-- This site is optimized with the Yoast SEO plugin v26.8 - https:\/\/yoast.com\/product\/yoast-seo-wordpress\/ -->\n<title>Randm Tornado 20000 Puffs-Banana Cake - Fumot Official Direct | Straight from the Factory, 100% Genuine<\/title>\n<meta name=\"robots\" content=\"index, follow, max-snippet:-1, max-image-preview:large, max-video-preview:-1\" \/>\n<link rel=\"canonical\" href=\"https:\/\/fumot.uk\/fr\/product\/randm-tornado-20000-puffs-banana-cake\/\" \/>\n<meta property=\"og:locale\" content=\"fr_FR\" \/>\n<meta property=\"og:type\" content=\"article\" \/>\n<meta property=\"og:title\" content=\"Randm Tornado 20000 Puffs-Banana Cake - Fumot Official Direct | Straight from the Factory, 100% Genuine\" \/>\n<meta property=\"og:description\" content=\"Randm Tornado 20000 Puffs \u2013 Banana Cake S\u00fc\u00df und intensiv, genie\u00dfen Sie das ultimative DampferlebnisDie Randm Tornado 20000 Puffs E-Zigarette in der Geschmacksrichtung Banana Cake vereint den intensiven Geschmack reifer Bananen mit der sanften S\u00fc\u00dfe von Kuchen. Jeder Zug f\u00fchlt sich an wie ein frisch gebackener Bananenkuchen \u2013 s\u00fc\u00df, aber nicht zu aufdringlich \u2013 und [&hellip;]\" \/>\n<meta property=\"og:url\" content=\"https:\/\/fumot.uk\/fr\/product\/randm-tornado-20000-puffs-banana-cake\/\" \/>\n<meta property=\"og:site_name\" content=\"Fumot Official Direct | Straight from the Factory, 100% Genuine\" \/>\n<meta property=\"article:modified_time\" content=\"2026-01-20T02:46:56+00:00\" \/>\n<meta property=\"og:image\" content=\"https:\/\/fumot.uk\/wp-content\/uploads\/2026\/01\/Randm-Tornado-20000-Puffs-Disposable-Vape-Banana-cake.jpg\" \/>\n\t<meta property=\"og:image:width\" content=\"2000\" \/>\n\t<meta property=\"og:image:height\" content=\"2000\" \/>\n\t<meta property=\"og:image:type\" content=\"image\/jpeg\" \/>\n<meta name=\"twitter:card\" content=\"summary_large_image\" \/>\n<meta name=\"twitter:label1\" content=\"Dur\u00e9e de lecture estim\u00e9e\" \/>\n\t<meta name=\"twitter:data1\" content=\"2 minutes\" \/>\n<script type=\"application\/ld+json\" class=\"yoast-schema-graph\">{\"@context\":\"https:\/\/schema.org\",\"@graph\":[{\"@type\":\"WebPage\",\"@id\":\"https:\/\/fumot.uk\/product\/randm-tornado-20000-puffs-banana-cake\/\",\"url\":\"https:\/\/fumot.uk\/product\/randm-tornado-20000-puffs-banana-cake\/\",\"name\":\"Randm Tornado 20000 Puffs-Banana Cake - Fumot Official Direct | Straight from the Factory, 100% Genuine\",\"isPartOf\":{\"@id\":\"https:\/\/fumot.uk\/#website\"},\"primaryImageOfPage\":{\"@id\":\"https:\/\/fumot.uk\/product\/randm-tornado-20000-puffs-banana-cake\/#primaryimage\"},\"image\":{\"@id\":\"https:\/\/fumot.uk\/product\/randm-tornado-20000-puffs-banana-cake\/#primaryimage\"},\"thumbnailUrl\":\"https:\/\/fumot.uk\/wp-content\/uploads\/2026\/01\/Randm-Tornado-20000-Puffs-Disposable-Vape-Banana-cake.jpg\",\"datePublished\":\"2026-01-20T02:44:09+00:00\",\"dateModified\":\"2026-01-20T02:46:56+00:00\",\"breadcrumb\":{\"@id\":\"https:\/\/fumot.uk\/product\/randm-tornado-20000-puffs-banana-cake\/#breadcrumb\"},\"inLanguage\":\"fr-FR\",\"potentialAction\":[{\"@type\":\"ReadAction\",\"target\":[\"https:\/\/fumot.uk\/product\/randm-tornado-20000-puffs-banana-cake\/\"]}]},{\"@type\":\"ImageObject\",\"inLanguage\":\"fr-FR\",\"@id\":\"https:\/\/fumot.uk\/product\/randm-tornado-20000-puffs-banana-cake\/#primaryimage\",\"url\":\"https:\/\/fumot.uk\/wp-content\/uploads\/2026\/01\/Randm-Tornado-20000-Puffs-Disposable-Vape-Banana-cake.jpg\",\"contentUrl\":\"https:\/\/fumot.uk\/wp-content\/uploads\/2026\/01\/Randm-Tornado-20000-Puffs-Disposable-Vape-Banana-cake.jpg\",\"width\":2000,\"height\":2000},{\"@type\":\"BreadcrumbList\",\"@id\":\"https:\/\/fumot.uk\/product\/randm-tornado-20000-puffs-banana-cake\/#breadcrumb\",\"itemListElement\":[{\"@type\":\"ListItem\",\"position\":1,\"name\":\"Home\",\"item\":\"https:\/\/fumot.uk\/\"},{\"@type\":\"ListItem\",\"position\":2,\"name\":\"Shop\",\"item\":\"https:\/\/fumot.uk\/shop\/\"},{\"@type\":\"ListItem\",\"position\":3,\"name\":\"Randm Tornado 20000 Puffs-Banana Cake\"}]},{\"@type\":\"WebSite\",\"@id\":\"https:\/\/fumot.uk\/#website\",\"url\":\"https:\/\/fumot.uk\/\",\"name\":\"Fumot Official Direct | Straight from the Factory, 100% Genuine\",\"description\":\"Official Website\",\"publisher\":{\"@id\":\"https:\/\/fumot.uk\/#organization\"},\"potentialAction\":[{\"@type\":\"SearchAction\",\"target\":{\"@type\":\"EntryPoint\",\"urlTemplate\":\"https:\/\/fumot.uk\/?s={search_term_string}\"},\"query-input\":{\"@type\":\"PropertyValueSpecification\",\"valueRequired\":true,\"valueName\":\"search_term_string\"}}],\"inLanguage\":\"fr-FR\"},{\"@type\":\"Organization\",\"@id\":\"https:\/\/fumot.uk\/#organization\",\"name\":\"Fumot Official Direct | Straight from the Factory, 100% Genuine\",\"url\":\"https:\/\/fumot.uk\/\",\"logo\":{\"@type\":\"ImageObject\",\"inLanguage\":\"fr-FR\",\"@id\":\"https:\/\/fumot.uk\/#\/schema\/logo\/image\/\",\"url\":\"https:\/\/fumot.uk\/wp-content\/uploads\/2026\/01\/cropped-fumot-logo1.png\",\"contentUrl\":\"https:\/\/fumot.uk\/wp-content\/uploads\/2026\/01\/cropped-fumot-logo1.png\",\"width\":152,\"height\":106,\"caption\":\"Fumot Official Direct | Straight from the Factory, 100% Genuine\"},\"image\":{\"@id\":\"https:\/\/fumot.uk\/#\/schema\/logo\/image\/\"}}]}<\/script>\n<!-- \/ Yoast SEO plugin. -->","yoast_head_json":{"title":"Randm Tornado 20000 Puffs-G\u00e2teau \u00e0 la banane - Fumot Official Direct | Directement de l'usine, 100% Authentique","robots":{"index":"index","follow":"follow","max-snippet":"max-snippet:-1","max-image-preview":"max-image-preview:large","max-video-preview":"max-video-preview:-1"},"canonical":"https:\/\/fumot.uk\/fr\/product\/randm-tornado-20000-puffs-banana-cake\/","og_locale":"fr_FR","og_type":"article","og_title":"Randm Tornado 20000 Puffs-Banana Cake - Fumot Official Direct | Straight from the Factory, 100% Genuine","og_description":"Randm Tornado 20000 Puffs \u2013 Banana Cake S\u00fc\u00df und intensiv, genie\u00dfen Sie das ultimative DampferlebnisDie Randm Tornado 20000 Puffs E-Zigarette in der Geschmacksrichtung Banana Cake vereint den intensiven Geschmack reifer Bananen mit der sanften S\u00fc\u00dfe von Kuchen. Jeder Zug f\u00fchlt sich an wie ein frisch gebackener Bananenkuchen \u2013 s\u00fc\u00df, aber nicht zu aufdringlich \u2013 und [&hellip;]","og_url":"https:\/\/fumot.uk\/fr\/product\/randm-tornado-20000-puffs-banana-cake\/","og_site_name":"Fumot Official Direct | Straight from the Factory, 100% Genuine","article_modified_time":"2026-01-20T02:46:56+00:00","og_image":[{"width":2000,"height":2000,"url":"https:\/\/fumot.uk\/wp-content\/uploads\/2026\/01\/Randm-Tornado-20000-Puffs-Disposable-Vape-Banana-cake.jpg","type":"image\/jpeg"}],"twitter_card":"summary_large_image","twitter_misc":{"Dur\u00e9e de lecture estim\u00e9e":"2 minutes"},"schema":{"@context":"https:\/\/schema.org","@graph":[{"@type":"WebPage","@id":"https:\/\/fumot.uk\/product\/randm-tornado-20000-puffs-banana-cake\/","url":"https:\/\/fumot.uk\/product\/randm-tornado-20000-puffs-banana-cake\/","name":"Randm Tornado 20000 Puffs-G\u00e2teau \u00e0 la banane - Fumot Official Direct | Directement de l'usine, 100% Authentique","isPartOf":{"@id":"https:\/\/fumot.uk\/#website"},"primaryImageOfPage":{"@id":"https:\/\/fumot.uk\/product\/randm-tornado-20000-puffs-banana-cake\/#primaryimage"},"image":{"@id":"https:\/\/fumot.uk\/product\/randm-tornado-20000-puffs-banana-cake\/#primaryimage"},"thumbnailUrl":"https:\/\/fumot.uk\/wp-content\/uploads\/2026\/01\/Randm-Tornado-20000-Puffs-Disposable-Vape-Banana-cake.jpg","datePublished":"2026-01-20T02:44:09+00:00","dateModified":"2026-01-20T02:46:56+00:00","breadcrumb":{"@id":"https:\/\/fumot.uk\/product\/randm-tornado-20000-puffs-banana-cake\/#breadcrumb"},"inLanguage":"fr-FR","potentialAction":[{"@type":"ReadAction","target":["https:\/\/fumot.uk\/product\/randm-tornado-20000-puffs-banana-cake\/"]}]},{"@type":"ImageObject","inLanguage":"fr-FR","@id":"https:\/\/fumot.uk\/product\/randm-tornado-20000-puffs-banana-cake\/#primaryimage","url":"https:\/\/fumot.uk\/wp-content\/uploads\/2026\/01\/Randm-Tornado-20000-Puffs-Disposable-Vape-Banana-cake.jpg","contentUrl":"https:\/\/fumot.uk\/wp-content\/uploads\/2026\/01\/Randm-Tornado-20000-Puffs-Disposable-Vape-Banana-cake.jpg","width":2000,"height":2000},{"@type":"BreadcrumbList","@id":"https:\/\/fumot.uk\/product\/randm-tornado-20000-puffs-banana-cake\/#breadcrumb","itemListElement":[{"@type":"ListItem","position":1,"name":"Home","item":"https:\/\/fumot.uk\/"},{"@type":"ListItem","position":2,"name":"Shop","item":"https:\/\/fumot.uk\/shop\/"},{"@type":"ListItem","position":3,"name":"Randm Tornado 20000 Puffs-Banana Cake"}]},{"@type":"WebSite","@id":"https:\/\/fumot.uk\/#website","url":"https:\/\/fumot.uk\/","name":"Fumot Official Direct | Directement de l'usine, 100% Authentique","description":"Site officiel","publisher":{"@id":"https:\/\/fumot.uk\/#organization"},"potentialAction":[{"@type":"SearchAction","target":{"@type":"EntryPoint","urlTemplate":"https:\/\/fumot.uk\/?s={search_term_string}"},"query-input":{"@type":"PropertyValueSpecification","valueRequired":true,"valueName":"search_term_string"}}],"inLanguage":"fr-FR"},{"@type":"Organization","@id":"https:\/\/fumot.uk\/#organization","name":"Fumot Official Direct | Directement de l'usine, 100% Authentique","url":"https:\/\/fumot.uk\/","logo":{"@type":"ImageObject","inLanguage":"fr-FR","@id":"https:\/\/fumot.uk\/#\/schema\/logo\/image\/","url":"https:\/\/fumot.uk\/wp-content\/uploads\/2026\/01\/cropped-fumot-logo1.png","contentUrl":"https:\/\/fumot.uk\/wp-content\/uploads\/2026\/01\/cropped-fumot-logo1.png","width":152,"height":106,"caption":"Fumot Official Direct | Straight from the Factory, 100% Genuine"},"image":{"@id":"https:\/\/fumot.uk\/#\/schema\/logo\/image\/"}}]}},"_links":{"self":[{"href":"https:\/\/fumot.uk\/fr\/wp-json\/wp\/v2\/product\/404","targetHints":{"allow":["GET"]}}],"collection":[{"href":"https:\/\/fumot.uk\/fr\/wp-json\/wp\/v2\/product"}],"about":[{"href":"https:\/\/fumot.uk\/fr\/wp-json\/wp\/v2\/types\/product"}],"replies":[{"embeddable":true,"href":"https:\/\/fumot.uk\/fr\/wp-json\/wp\/v2\/comments?post=404"}],"wp:featuredmedia":[{"embeddable":true,"href":"https:\/\/fumot.uk\/fr\/wp-json\/wp\/v2\/media\/446"}],"wp:attachment":[{"href":"https:\/\/fumot.uk\/fr\/wp-json\/wp\/v2\/media?parent=404"}],"wp:term":[{"taxonomy":"product_brand","embeddable":true,"href":"https:\/\/fumot.uk\/fr\/wp-json\/wp\/v2\/product_brand?post=404"},{"taxonomy":"product_cat","embeddable":true,"href":"https:\/\/fumot.uk\/fr\/wp-json\/wp\/v2\/product_cat?post=404"},{"taxonomy":"product_tag","embeddable":true,"href":"https:\/\/fumot.uk\/fr\/wp-json\/wp\/v2\/product_tag?post=404"}],"curies":[{"name":"wp","href":"https:\/\/api.w.org\/{rel}","templated":true}]}}