{"id":402,"date":"2026-01-20T02:44:09","date_gmt":"2026-01-20T02:44:09","guid":{"rendered":"https:\/\/fumot.uk\/?post_type=product&#038;p=402"},"modified":"2026-01-20T08:00:06","modified_gmt":"2026-01-20T08:00:06","slug":"blueberry-kiwi-randm-tornado-12000-puffs","status":"publish","type":"product","link":"https:\/\/fumot.uk\/fr\/product\/blueberry-kiwi-randm-tornado-12000-puffs\/","title":{"rendered":"RandM Tornado 12000 Puffs Blueberry Kiwi Vape Jetable \u2013 20ml, 850mAh Type\u2011C, \u00c9cran LED, R\u00e9sistance Mesh"},"content":{"rendered":"<p><strong>RandM Tornado 12000 Puffs Blueberry Kiwi Vape Jetable<\/strong> est fait pour le vapotage quotidien, \u00e0 emporter, avec une touche fruit\u00e9e et croquante. Pr\u00e9rempli avec une g\u00e9n\u00e9reuse <strong>20ml de e\u2011liquide<\/strong> et aliment\u00e9 par un <strong>rechargeable de 850mAh<\/strong> batterie, il est con\u00e7u pour vous accompagner sans tracas. L\u2019\u00e9cran int\u00e9gr\u00e9 <strong>affichage LED<\/strong> montre vos niveaux de batterie et de e\u2011liquide en un coup d'\u0153il, tandis que le <strong>bobine en maille<\/strong> aide \u00e0 maintenir une saveur douce et constante du premier au dernier tirage.<\/p>\n<h3>Profil de Saveur Myrtille Kiwi<\/h3>\n<p>Attendez-vous \u00e0 un m\u00e9lange lumineux et complexe o\u00f9 la douceur juteuse <strong>myrtille<\/strong> rencontre la fra\u00eecheur nette de <strong>kiwi<\/strong>. C'est un vape fruit\u00e9 au go\u00fbt frais qui reste vif et \u00e9quilibr\u00e9\u2014id\u00e9al quand vous voulez quelque chose de l\u00e9ger, mais pas fade.<\/p>\n<h3>Pourquoi vous allez l'aimer<\/h3>\n<ul>\n<li><strong>Jusqu'\u00e0 12 000 puffs<\/strong> par appareil (l'utilisation varie)<\/li>\n<li><strong>20ml pr\u00e9rempli<\/strong> capacit\u00e9 de e\u2011liquide<\/li>\n<li><strong>Options de sel de nicotine :<\/strong> 0% \/ 2% \/ 3% \/ 5%<\/li>\n<li><strong>850mAh rechargeable<\/strong> batterie int\u00e9gr\u00e9e<\/li>\n<li><strong>charge Type\u2011C<\/strong> pour une recharge facile<\/li>\n<li><strong>affichage LED<\/strong> pour l'\u00e9tat de la batterie et du e\u2011liquide<\/li>\n<li><strong>Bobine en maille<\/strong> pour un tirage plus doux et une distribution uniforme de la saveur<\/li>\n<li>De la <strong>RandM Tornado 12000<\/strong> s\u00e9rie avec plus de saveurs disponibles<\/li>\n<\/ul>\n<h3>Explorez Plus de Saveurs RandM Tornado 12000<\/h3>\n<p>Vous voulez comparer les saveurs ou acheter plus de mod\u00e8les jetables longue dur\u00e9e ? Visitez <a href=\"https:\/\/fumot.uk\/fr\/\">fumot.uk<\/a> ou parcourez l'ensemble de la <a href=\"https:\/\/fumot.uk\/fr\/product-category\/randm-tornado-12000-puffs\/\">collection RandM Tornado 12000 Puffs<\/a>.<\/p>\n<p><em>Remarque :<\/em> Le nombre de bouff\u00e9es est une estimation et variera selon la longueur et la fr\u00e9quence des tirages.<\/p>","protected":false},"excerpt":{"rendered":"<p>RandM Tornado 12000 Puffs Blueberry Kiwi vape jetable avec 20ml d'e\u2011liquide, batterie rechargeable 850mAh Type\u2011C, affichage LED de la batterie\/liquide, et diffusion de saveur \u00e0 maillage lisse.<\/p>","protected":false},"featured_media":444,"comment_status":"open","ping_status":"closed","template":"","meta":[],"product_brand":[],"product_cat":[58,59,17],"product_tag":[60,20,33,23,45,25,26,62,28],"class_list":{"0":"post-402","1":"product","2":"type-product","3":"status-publish","4":"has-post-thumbnail","6":"product_cat-12000-puff","7":"product_cat-randm-tornado-12000-puffs","8":"product_cat-vape","9":"product_tag-20ml","10":"product_tag-850mah","11":"product_tag-blueberry","12":"product_tag-display","13":"product_tag-kiwi","14":"product_tag-mesh-coil","15":"product_tag-rechargeable","16":"product_tag-sale-vape","17":"product_tag-type-c","19":"first","20":"instock","21":"sale","22":"shipping-taxable","23":"purchasable","24":"product-type-variable","25":"has-default-attributes"},"yoast_head":"<!-- This site is optimized with the Yoast SEO plugin v26.8 - https:\/\/yoast.com\/product\/yoast-seo-wordpress\/ -->\n<title>RandM Tornado 12000 Blueberry Kiwi | 20ml, 850mAh<\/title>\n<meta name=\"description\" content=\"RandM Tornado 12000 Blueberry Kiwi disposable vape: 20ml e\u2011liquid, 850mAh Type\u2011C rechargeable battery, LED display, mesh coil, 0\/2\/3\/5% nic salt options.\" \/>\n<meta name=\"robots\" content=\"index, follow, max-snippet:-1, max-image-preview:large, max-video-preview:-1\" \/>\n<link rel=\"canonical\" href=\"https:\/\/fumot.uk\/fr\/product\/blueberry-kiwi-randm-tornado-12000-puffs\/\" \/>\n<meta property=\"og:locale\" content=\"fr_FR\" \/>\n<meta property=\"og:type\" content=\"article\" \/>\n<meta property=\"og:title\" content=\"RandM Tornado 12000 Blueberry Kiwi \u2013 12,000 Puffs\" \/>\n<meta property=\"og:description\" content=\"Fresh blueberry meets tangy kiwi in the RandM Tornado 12000. 20ml prefilled, 850mAh Type\u2011C rechargeable, LED display, mesh coil. Shop at fumot.uk.\" \/>\n<meta property=\"og:url\" content=\"https:\/\/fumot.uk\/fr\/product\/blueberry-kiwi-randm-tornado-12000-puffs\/\" \/>\n<meta property=\"og:site_name\" content=\"Fumot Official Direct | Straight from the Factory, 100% Genuine\" \/>\n<meta property=\"article:modified_time\" content=\"2026-01-20T08:00:06+00:00\" \/>\n<meta property=\"og:image\" content=\"https:\/\/fumot.uk\/wp-content\/uploads\/2026\/01\/Randm-Tornado-12000-Puffs-Blueberry-kiwi-Disposable-Vape-scaled-1.jpg\" \/>\n\t<meta property=\"og:image:width\" content=\"2560\" \/>\n\t<meta property=\"og:image:height\" content=\"2560\" \/>\n\t<meta property=\"og:image:type\" content=\"image\/jpeg\" \/>\n<meta name=\"twitter:card\" content=\"summary_large_image\" \/>\n<meta name=\"twitter:label1\" content=\"Dur\u00e9e de lecture estim\u00e9e\" \/>\n\t<meta name=\"twitter:data1\" content=\"2 minutes\" \/>\n<script type=\"application\/ld+json\" class=\"yoast-schema-graph\">{\"@context\":\"https:\/\/schema.org\",\"@graph\":[{\"@type\":\"WebPage\",\"@id\":\"https:\/\/fumot.uk\/product\/blueberry-kiwi-randm-tornado-12000-puffs\/\",\"url\":\"https:\/\/fumot.uk\/product\/blueberry-kiwi-randm-tornado-12000-puffs\/\",\"name\":\"RandM Tornado 12000 Blueberry Kiwi | 20ml, 850mAh\",\"isPartOf\":{\"@id\":\"https:\/\/fumot.uk\/#website\"},\"primaryImageOfPage\":{\"@id\":\"https:\/\/fumot.uk\/product\/blueberry-kiwi-randm-tornado-12000-puffs\/#primaryimage\"},\"image\":{\"@id\":\"https:\/\/fumot.uk\/product\/blueberry-kiwi-randm-tornado-12000-puffs\/#primaryimage\"},\"thumbnailUrl\":\"https:\/\/fumot.uk\/wp-content\/uploads\/2026\/01\/Randm-Tornado-12000-Puffs-Blueberry-kiwi-Disposable-Vape-scaled-1.jpg\",\"datePublished\":\"2026-01-20T02:44:09+00:00\",\"dateModified\":\"2026-01-20T08:00:06+00:00\",\"description\":\"RandM Tornado 12000 Blueberry Kiwi disposable vape: 20ml e\u2011liquid, 850mAh Type\u2011C rechargeable battery, LED display, mesh coil, 0\/2\/3\/5% nic salt options.\",\"breadcrumb\":{\"@id\":\"https:\/\/fumot.uk\/product\/blueberry-kiwi-randm-tornado-12000-puffs\/#breadcrumb\"},\"inLanguage\":\"fr-FR\",\"potentialAction\":[{\"@type\":\"ReadAction\",\"target\":[\"https:\/\/fumot.uk\/product\/blueberry-kiwi-randm-tornado-12000-puffs\/\"]}]},{\"@type\":\"ImageObject\",\"inLanguage\":\"fr-FR\",\"@id\":\"https:\/\/fumot.uk\/product\/blueberry-kiwi-randm-tornado-12000-puffs\/#primaryimage\",\"url\":\"https:\/\/fumot.uk\/wp-content\/uploads\/2026\/01\/Randm-Tornado-12000-Puffs-Blueberry-kiwi-Disposable-Vape-scaled-1.jpg\",\"contentUrl\":\"https:\/\/fumot.uk\/wp-content\/uploads\/2026\/01\/Randm-Tornado-12000-Puffs-Blueberry-kiwi-Disposable-Vape-scaled-1.jpg\",\"width\":2560,\"height\":2560},{\"@type\":\"BreadcrumbList\",\"@id\":\"https:\/\/fumot.uk\/product\/blueberry-kiwi-randm-tornado-12000-puffs\/#breadcrumb\",\"itemListElement\":[{\"@type\":\"ListItem\",\"position\":1,\"name\":\"Home\",\"item\":\"https:\/\/fumot.uk\/\"},{\"@type\":\"ListItem\",\"position\":2,\"name\":\"Shop\",\"item\":\"https:\/\/fumot.uk\/shop\/\"},{\"@type\":\"ListItem\",\"position\":3,\"name\":\"RandM Tornado 12000 Puffs Blueberry Kiwi Disposable Vape \u2013 20ml, 850mAh Type\u2011C, LED Display, Mesh Coil\"}]},{\"@type\":\"WebSite\",\"@id\":\"https:\/\/fumot.uk\/#website\",\"url\":\"https:\/\/fumot.uk\/\",\"name\":\"Fumot Official Direct | Straight from the Factory, 100% Genuine\",\"description\":\"Official Website\",\"publisher\":{\"@id\":\"https:\/\/fumot.uk\/#organization\"},\"potentialAction\":[{\"@type\":\"SearchAction\",\"target\":{\"@type\":\"EntryPoint\",\"urlTemplate\":\"https:\/\/fumot.uk\/?s={search_term_string}\"},\"query-input\":{\"@type\":\"PropertyValueSpecification\",\"valueRequired\":true,\"valueName\":\"search_term_string\"}}],\"inLanguage\":\"fr-FR\"},{\"@type\":\"Organization\",\"@id\":\"https:\/\/fumot.uk\/#organization\",\"name\":\"Fumot Official Direct | Straight from the Factory, 100% Genuine\",\"url\":\"https:\/\/fumot.uk\/\",\"logo\":{\"@type\":\"ImageObject\",\"inLanguage\":\"fr-FR\",\"@id\":\"https:\/\/fumot.uk\/#\/schema\/logo\/image\/\",\"url\":\"https:\/\/fumot.uk\/wp-content\/uploads\/2026\/01\/cropped-fumot-logo1.png\",\"contentUrl\":\"https:\/\/fumot.uk\/wp-content\/uploads\/2026\/01\/cropped-fumot-logo1.png\",\"width\":152,\"height\":106,\"caption\":\"Fumot Official Direct | Straight from the Factory, 100% Genuine\"},\"image\":{\"@id\":\"https:\/\/fumot.uk\/#\/schema\/logo\/image\/\"}}]}<\/script>\n<!-- \/ Yoast SEO plugin. -->","yoast_head_json":{"title":"RandM Tornado 12000 Myrtille Kiwi | 20ml, 850mAh","description":"RandM Tornado 12000 Blueberry Kiwi vape jetable : 20ml e\u2011liquide, batterie rechargeable Type\u2011C 850mAh, \u00e9cran LED, bobine en mesh, options de sel de nicotine 0\/2\/3\/5%.","robots":{"index":"index","follow":"follow","max-snippet":"max-snippet:-1","max-image-preview":"max-image-preview:large","max-video-preview":"max-video-preview:-1"},"canonical":"https:\/\/fumot.uk\/fr\/product\/blueberry-kiwi-randm-tornado-12000-puffs\/","og_locale":"fr_FR","og_type":"article","og_title":"RandM Tornado 12000 Blueberry Kiwi \u2013 12,000 Puffs","og_description":"Fresh blueberry meets tangy kiwi in the RandM Tornado 12000. 20ml prefilled, 850mAh Type\u2011C rechargeable, LED display, mesh coil. Shop at fumot.uk.","og_url":"https:\/\/fumot.uk\/fr\/product\/blueberry-kiwi-randm-tornado-12000-puffs\/","og_site_name":"Fumot Official Direct | Straight from the Factory, 100% Genuine","article_modified_time":"2026-01-20T08:00:06+00:00","og_image":[{"width":2560,"height":2560,"url":"https:\/\/fumot.uk\/wp-content\/uploads\/2026\/01\/Randm-Tornado-12000-Puffs-Blueberry-kiwi-Disposable-Vape-scaled-1.jpg","type":"image\/jpeg"}],"twitter_card":"summary_large_image","twitter_misc":{"Dur\u00e9e de lecture estim\u00e9e":"2 minutes"},"schema":{"@context":"https:\/\/schema.org","@graph":[{"@type":"WebPage","@id":"https:\/\/fumot.uk\/product\/blueberry-kiwi-randm-tornado-12000-puffs\/","url":"https:\/\/fumot.uk\/product\/blueberry-kiwi-randm-tornado-12000-puffs\/","name":"RandM Tornado 12000 Myrtille Kiwi | 20ml, 850mAh","isPartOf":{"@id":"https:\/\/fumot.uk\/#website"},"primaryImageOfPage":{"@id":"https:\/\/fumot.uk\/product\/blueberry-kiwi-randm-tornado-12000-puffs\/#primaryimage"},"image":{"@id":"https:\/\/fumot.uk\/product\/blueberry-kiwi-randm-tornado-12000-puffs\/#primaryimage"},"thumbnailUrl":"https:\/\/fumot.uk\/wp-content\/uploads\/2026\/01\/Randm-Tornado-12000-Puffs-Blueberry-kiwi-Disposable-Vape-scaled-1.jpg","datePublished":"2026-01-20T02:44:09+00:00","dateModified":"2026-01-20T08:00:06+00:00","description":"RandM Tornado 12000 Blueberry Kiwi vape jetable : 20ml e\u2011liquide, batterie rechargeable Type\u2011C 850mAh, \u00e9cran LED, bobine en mesh, options de sel de nicotine 0\/2\/3\/5%.","breadcrumb":{"@id":"https:\/\/fumot.uk\/product\/blueberry-kiwi-randm-tornado-12000-puffs\/#breadcrumb"},"inLanguage":"fr-FR","potentialAction":[{"@type":"ReadAction","target":["https:\/\/fumot.uk\/product\/blueberry-kiwi-randm-tornado-12000-puffs\/"]}]},{"@type":"ImageObject","inLanguage":"fr-FR","@id":"https:\/\/fumot.uk\/product\/blueberry-kiwi-randm-tornado-12000-puffs\/#primaryimage","url":"https:\/\/fumot.uk\/wp-content\/uploads\/2026\/01\/Randm-Tornado-12000-Puffs-Blueberry-kiwi-Disposable-Vape-scaled-1.jpg","contentUrl":"https:\/\/fumot.uk\/wp-content\/uploads\/2026\/01\/Randm-Tornado-12000-Puffs-Blueberry-kiwi-Disposable-Vape-scaled-1.jpg","width":2560,"height":2560},{"@type":"BreadcrumbList","@id":"https:\/\/fumot.uk\/product\/blueberry-kiwi-randm-tornado-12000-puffs\/#breadcrumb","itemListElement":[{"@type":"ListItem","position":1,"name":"Home","item":"https:\/\/fumot.uk\/"},{"@type":"ListItem","position":2,"name":"Shop","item":"https:\/\/fumot.uk\/shop\/"},{"@type":"ListItem","position":3,"name":"RandM Tornado 12000 Puffs Blueberry Kiwi Disposable Vape \u2013 20ml, 850mAh Type\u2011C, LED Display, Mesh Coil"}]},{"@type":"WebSite","@id":"https:\/\/fumot.uk\/#website","url":"https:\/\/fumot.uk\/","name":"Fumot Official Direct | Directement de l'usine, 100% Authentique","description":"Site officiel","publisher":{"@id":"https:\/\/fumot.uk\/#organization"},"potentialAction":[{"@type":"SearchAction","target":{"@type":"EntryPoint","urlTemplate":"https:\/\/fumot.uk\/?s={search_term_string}"},"query-input":{"@type":"PropertyValueSpecification","valueRequired":true,"valueName":"search_term_string"}}],"inLanguage":"fr-FR"},{"@type":"Organization","@id":"https:\/\/fumot.uk\/#organization","name":"Fumot Official Direct | Directement de l'usine, 100% Authentique","url":"https:\/\/fumot.uk\/","logo":{"@type":"ImageObject","inLanguage":"fr-FR","@id":"https:\/\/fumot.uk\/#\/schema\/logo\/image\/","url":"https:\/\/fumot.uk\/wp-content\/uploads\/2026\/01\/cropped-fumot-logo1.png","contentUrl":"https:\/\/fumot.uk\/wp-content\/uploads\/2026\/01\/cropped-fumot-logo1.png","width":152,"height":106,"caption":"Fumot Official Direct | Straight from the Factory, 100% Genuine"},"image":{"@id":"https:\/\/fumot.uk\/#\/schema\/logo\/image\/"}}]}},"_links":{"self":[{"href":"https:\/\/fumot.uk\/fr\/wp-json\/wp\/v2\/product\/402","targetHints":{"allow":["GET"]}}],"collection":[{"href":"https:\/\/fumot.uk\/fr\/wp-json\/wp\/v2\/product"}],"about":[{"href":"https:\/\/fumot.uk\/fr\/wp-json\/wp\/v2\/types\/product"}],"replies":[{"embeddable":true,"href":"https:\/\/fumot.uk\/fr\/wp-json\/wp\/v2\/comments?post=402"}],"wp:featuredmedia":[{"embeddable":true,"href":"https:\/\/fumot.uk\/fr\/wp-json\/wp\/v2\/media\/444"}],"wp:attachment":[{"href":"https:\/\/fumot.uk\/fr\/wp-json\/wp\/v2\/media?parent=402"}],"wp:term":[{"taxonomy":"product_brand","embeddable":true,"href":"https:\/\/fumot.uk\/fr\/wp-json\/wp\/v2\/product_brand?post=402"},{"taxonomy":"product_cat","embeddable":true,"href":"https:\/\/fumot.uk\/fr\/wp-json\/wp\/v2\/product_cat?post=402"},{"taxonomy":"product_tag","embeddable":true,"href":"https:\/\/fumot.uk\/fr\/wp-json\/wp\/v2\/product_tag?post=402"}],"curies":[{"name":"wp","href":"https:\/\/api.w.org\/{rel}","templated":true}]}}