{"id":401,"date":"2026-01-20T02:44:09","date_gmt":"2026-01-20T02:44:09","guid":{"rendered":"https:\/\/fumot.uk\/?post_type=product&#038;p=401"},"modified":"2026-01-20T08:00:04","modified_gmt":"2026-01-20T08:00:04","slug":"bingo-crush-randm-tornado-12000-puffs","status":"publish","type":"product","link":"https:\/\/fumot.uk\/fr\/product\/bingo-crush-randm-tornado-12000-puffs\/","title":{"rendered":"RandM Tornado 12000 Puffs Vape Jetable \u2013 Bingo Crush Fruits Mixtes | 20ml, 850mAh Rechargeable, Affichage LED, Bobine en Maille, Type\u2011C"},"content":{"rendered":"<p><strong>RandM Tornado 12000 Puffs (Bingo Crush)<\/strong> apporte une commodit\u00e9 durable \u00e0 une vape lumineuse et fruit\u00e9e. Con\u00e7u pour une utilisation quotidienne, ce <strong>vape jetable de 12000 bouff\u00e9es<\/strong> est pr\u00e9-rempli avec <strong>20ml d'e-liquide<\/strong>, aliment\u00e9 par un <strong>batterie rechargeable 850mAh<\/strong>, et termin\u00e9 avec un <strong>affichage LED<\/strong> clair pour que vous puissiez v\u00e9rifier les niveaux de batterie et de e-liquide en un coup d'\u0153il. Un <strong>bobine en maille<\/strong> maintient la saveur douce, propre et constante du premier tirage au dernier.<\/p>\n<h2>Saveur Bingo Crush : Fruits Mixtes Juteux, Finition Croquante<\/h2>\n<p><strong>Bingo Crush<\/strong> est un m\u00e9lange ludique de fruits mixtes avec une sensation vive et juteuse et une finition nette qui ne devient pas lourde avec le temps. Le profil penche vers le sucr\u00e9 mais \u00e9quilibr\u00e9\u2014id\u00e9al si vous aimez les saveurs fruit\u00e9es qui restent fra\u00eeches tout au long de la journ\u00e9e. Si vous aimez alterner entre les options de fruits, Bingo Crush est un choix facile pour un go\u00fbt agr\u00e9able toute la journ\u00e9e.<\/p>\n<h2>Caract\u00e9ristiques Cl\u00e9s du RandM Tornado 12000<\/h2>\n<ul>\n<li><strong>Jusqu'\u00e0 12000 bouff\u00e9es<\/strong> (d\u00e9pend des habitudes d'utilisation)<\/li>\n<li><strong>20ml<\/strong> capacit\u00e9 de e-liquide pr\u00e9rempli<\/li>\n<li><strong>Options de sel de nicotine :<\/strong> 0% \/ 2% \/ 3% \/ 5%<\/li>\n<li><strong>850mAh rechargeable<\/strong> batterie int\u00e9gr\u00e9e<\/li>\n<li><strong>charge Type\u2011C<\/strong> pour une recharge simple<\/li>\n<li><strong>affichage LED<\/strong> pour l'\u00e9tat de la batterie et du e-liquide<\/li>\n<li><strong>Bobine en maille<\/strong> pour un chauffage uniforme et une saveur plus douce<\/li>\n<li>Partie de la <strong>RandM Tornado 12000<\/strong> gamme avec <strong>40 saveurs<\/strong><\/li>\n<\/ul>\n<h2>Pourquoi Choisir RandM Tornado 12000 Bingo Crush ?<\/h2>\n<p>Lorsque vous voulez une grande capacit\u00e9 sans prise de t\u00eate, le Tornado 12000 r\u00e9pond \u00e0 vos attentes. Le <strong>affichage LED<\/strong> vous aide \u00e0 planifier votre journ\u00e9e, le <strong>20ml<\/strong> remplissage soutient une utilisation prolong\u00e9e, et la <strong>rechargeable<\/strong> batterie vous maintient en marche. Associez cela \u00e0 un <strong>bobine en maille<\/strong>, et Bingo Crush reste lumineux, doux et satisfaisant tirage apr\u00e8s tirage.<\/p>\n<h2>D\u00e9couvrez Plus de Saveurs sur fumot.uk<\/h2>\n<p>Vous souhaitez comparer les forces de nicotine ou explorer d'autres m\u00e9langes de fruits ? Visitez <a href=\"https:\/\/fumot.uk\/fr\/\">fumot.uk<\/a> ou parcourez l'ensemble de la <a href=\"https:\/\/fumot.uk\/fr\/product-category\/randm-tornado-12000-puffs\/\">collection RandM Tornado 12000 Puffs<\/a> pour trouver votre prochain favori.<\/p>\n<p><strong>Remarque :<\/strong> Le nombre de bouff\u00e9es peut varier en fonction de la longueur et de la fr\u00e9quence des tirages.<\/p>","protected":false},"excerpt":{"rendered":"<p>RandM Tornado 12000 Puffs Vape Jetable en saveur Bingo Crush fruits m\u00e9lang\u00e9s. Pr\u00e9-rempli avec 20ml d'e-liquide, batterie rechargeable 850mAh, affichage LED de la batterie\/liquide, bobine en mesh, charge Type\u2011C. Sels de nicotine : 0\/2\/3\/5%.<\/p>","protected":false},"featured_media":443,"comment_status":"open","ping_status":"closed","template":"","meta":[],"product_brand":[],"product_cat":[58,59,17],"product_tag":[60,20,33,23,25,26,62,37,28],"class_list":{"0":"post-401","1":"product","2":"type-product","3":"status-publish","4":"has-post-thumbnail","6":"product_cat-12000-puff","7":"product_cat-randm-tornado-12000-puffs","8":"product_cat-vape","9":"product_tag-20ml","10":"product_tag-850mah","11":"product_tag-blueberry","12":"product_tag-display","13":"product_tag-mesh-coil","14":"product_tag-rechargeable","15":"product_tag-sale-vape","16":"product_tag-strawberry","17":"product_tag-type-c","19":"first","20":"instock","21":"sale","22":"shipping-taxable","23":"purchasable","24":"product-type-variable","25":"has-default-attributes"},"yoast_head":"<!-- This site is optimized with the Yoast SEO plugin v26.8 - https:\/\/yoast.com\/product\/yoast-seo-wordpress\/ -->\n<title>RandM Tornado 12000 Bingo Crush | 20ml LED Display<\/title>\n<meta name=\"description\" content=\"RandM Tornado 12000 Puffs Bingo Crush: 20ml e-liquid, 850mAh rechargeable, LED display, mesh coil, Type\u2011C. Nicotine salts 0\/2\/3\/5%.\" \/>\n<meta name=\"robots\" content=\"index, follow, max-snippet:-1, max-image-preview:large, max-video-preview:-1\" \/>\n<link rel=\"canonical\" href=\"https:\/\/fumot.uk\/fr\/product\/bingo-crush-randm-tornado-12000-puffs\/\" \/>\n<meta property=\"og:locale\" content=\"fr_FR\" \/>\n<meta property=\"og:type\" content=\"article\" \/>\n<meta property=\"og:title\" content=\"RandM Tornado 12000 Bingo Crush \u2013 Mixed Fruit, LED Display\" \/>\n<meta property=\"og:description\" content=\"Juicy mixed-fruit Bingo Crush in the RandM Tornado 12000: 20ml prefilled, 850mAh rechargeable, LED display, mesh coil, Type\u2011C. Nicotine 0\/2\/3\/5%.\" \/>\n<meta property=\"og:url\" content=\"https:\/\/fumot.uk\/fr\/product\/bingo-crush-randm-tornado-12000-puffs\/\" \/>\n<meta property=\"og:site_name\" content=\"Fumot Official Direct | Straight from the Factory, 100% Genuine\" \/>\n<meta property=\"article:modified_time\" content=\"2026-01-20T08:00:04+00:00\" \/>\n<meta property=\"og:image\" content=\"https:\/\/fumot.uk\/wp-content\/uploads\/2026\/01\/Randm-Tornado-12000-Puffs-Bingo-Crush-Disposable-Vape-scaled-1.jpg\" \/>\n\t<meta property=\"og:image:width\" content=\"2560\" \/>\n\t<meta property=\"og:image:height\" content=\"2560\" \/>\n\t<meta property=\"og:image:type\" content=\"image\/jpeg\" \/>\n<meta name=\"twitter:card\" content=\"summary_large_image\" \/>\n<meta name=\"twitter:label1\" content=\"Dur\u00e9e de lecture estim\u00e9e\" \/>\n\t<meta name=\"twitter:data1\" content=\"2 minutes\" \/>\n<script type=\"application\/ld+json\" class=\"yoast-schema-graph\">{\"@context\":\"https:\/\/schema.org\",\"@graph\":[{\"@type\":\"WebPage\",\"@id\":\"https:\/\/fumot.uk\/product\/bingo-crush-randm-tornado-12000-puffs\/\",\"url\":\"https:\/\/fumot.uk\/product\/bingo-crush-randm-tornado-12000-puffs\/\",\"name\":\"RandM Tornado 12000 Bingo Crush | 20ml LED Display\",\"isPartOf\":{\"@id\":\"https:\/\/fumot.uk\/#website\"},\"primaryImageOfPage\":{\"@id\":\"https:\/\/fumot.uk\/product\/bingo-crush-randm-tornado-12000-puffs\/#primaryimage\"},\"image\":{\"@id\":\"https:\/\/fumot.uk\/product\/bingo-crush-randm-tornado-12000-puffs\/#primaryimage\"},\"thumbnailUrl\":\"https:\/\/fumot.uk\/wp-content\/uploads\/2026\/01\/Randm-Tornado-12000-Puffs-Bingo-Crush-Disposable-Vape-scaled-1.jpg\",\"datePublished\":\"2026-01-20T02:44:09+00:00\",\"dateModified\":\"2026-01-20T08:00:04+00:00\",\"description\":\"RandM Tornado 12000 Puffs Bingo Crush: 20ml e-liquid, 850mAh rechargeable, LED display, mesh coil, Type\u2011C. Nicotine salts 0\/2\/3\/5%.\",\"breadcrumb\":{\"@id\":\"https:\/\/fumot.uk\/product\/bingo-crush-randm-tornado-12000-puffs\/#breadcrumb\"},\"inLanguage\":\"fr-FR\",\"potentialAction\":[{\"@type\":\"ReadAction\",\"target\":[\"https:\/\/fumot.uk\/product\/bingo-crush-randm-tornado-12000-puffs\/\"]}]},{\"@type\":\"ImageObject\",\"inLanguage\":\"fr-FR\",\"@id\":\"https:\/\/fumot.uk\/product\/bingo-crush-randm-tornado-12000-puffs\/#primaryimage\",\"url\":\"https:\/\/fumot.uk\/wp-content\/uploads\/2026\/01\/Randm-Tornado-12000-Puffs-Bingo-Crush-Disposable-Vape-scaled-1.jpg\",\"contentUrl\":\"https:\/\/fumot.uk\/wp-content\/uploads\/2026\/01\/Randm-Tornado-12000-Puffs-Bingo-Crush-Disposable-Vape-scaled-1.jpg\",\"width\":2560,\"height\":2560},{\"@type\":\"BreadcrumbList\",\"@id\":\"https:\/\/fumot.uk\/product\/bingo-crush-randm-tornado-12000-puffs\/#breadcrumb\",\"itemListElement\":[{\"@type\":\"ListItem\",\"position\":1,\"name\":\"Home\",\"item\":\"https:\/\/fumot.uk\/\"},{\"@type\":\"ListItem\",\"position\":2,\"name\":\"Shop\",\"item\":\"https:\/\/fumot.uk\/shop\/\"},{\"@type\":\"ListItem\",\"position\":3,\"name\":\"RandM Tornado 12000 Puffs Disposable Vape \u2013 Bingo Crush Mixed Fruit | 20ml, 850mAh Rechargeable, LED Display, Mesh Coil, Type\u2011C\"}]},{\"@type\":\"WebSite\",\"@id\":\"https:\/\/fumot.uk\/#website\",\"url\":\"https:\/\/fumot.uk\/\",\"name\":\"Fumot Official Direct | Straight from the Factory, 100% Genuine\",\"description\":\"Official Website\",\"publisher\":{\"@id\":\"https:\/\/fumot.uk\/#organization\"},\"potentialAction\":[{\"@type\":\"SearchAction\",\"target\":{\"@type\":\"EntryPoint\",\"urlTemplate\":\"https:\/\/fumot.uk\/?s={search_term_string}\"},\"query-input\":{\"@type\":\"PropertyValueSpecification\",\"valueRequired\":true,\"valueName\":\"search_term_string\"}}],\"inLanguage\":\"fr-FR\"},{\"@type\":\"Organization\",\"@id\":\"https:\/\/fumot.uk\/#organization\",\"name\":\"Fumot Official Direct | Straight from the Factory, 100% Genuine\",\"url\":\"https:\/\/fumot.uk\/\",\"logo\":{\"@type\":\"ImageObject\",\"inLanguage\":\"fr-FR\",\"@id\":\"https:\/\/fumot.uk\/#\/schema\/logo\/image\/\",\"url\":\"https:\/\/fumot.uk\/wp-content\/uploads\/2026\/01\/cropped-fumot-logo1.png\",\"contentUrl\":\"https:\/\/fumot.uk\/wp-content\/uploads\/2026\/01\/cropped-fumot-logo1.png\",\"width\":152,\"height\":106,\"caption\":\"Fumot Official Direct | Straight from the Factory, 100% Genuine\"},\"image\":{\"@id\":\"https:\/\/fumot.uk\/#\/schema\/logo\/image\/\"}}]}<\/script>\n<!-- \/ Yoast SEO plugin. -->","yoast_head_json":{"title":"RandM Tornado 12000 Bingo Crush | 20ml Affichage LED","description":"RandM Tornado 12000 Puffs Bingo Crush : 20ml e-liquide, 850mAh rechargeable, \u00e9cran LED, bobine en maille, Type\u2011C. Sels de nicotine 0\/2\/3\/5%.","robots":{"index":"index","follow":"follow","max-snippet":"max-snippet:-1","max-image-preview":"max-image-preview:large","max-video-preview":"max-video-preview:-1"},"canonical":"https:\/\/fumot.uk\/fr\/product\/bingo-crush-randm-tornado-12000-puffs\/","og_locale":"fr_FR","og_type":"article","og_title":"RandM Tornado 12000 Bingo Crush \u2013 Mixed Fruit, LED Display","og_description":"Juicy mixed-fruit Bingo Crush in the RandM Tornado 12000: 20ml prefilled, 850mAh rechargeable, LED display, mesh coil, Type\u2011C. Nicotine 0\/2\/3\/5%.","og_url":"https:\/\/fumot.uk\/fr\/product\/bingo-crush-randm-tornado-12000-puffs\/","og_site_name":"Fumot Official Direct | Straight from the Factory, 100% Genuine","article_modified_time":"2026-01-20T08:00:04+00:00","og_image":[{"width":2560,"height":2560,"url":"https:\/\/fumot.uk\/wp-content\/uploads\/2026\/01\/Randm-Tornado-12000-Puffs-Bingo-Crush-Disposable-Vape-scaled-1.jpg","type":"image\/jpeg"}],"twitter_card":"summary_large_image","twitter_misc":{"Dur\u00e9e de lecture estim\u00e9e":"2 minutes"},"schema":{"@context":"https:\/\/schema.org","@graph":[{"@type":"WebPage","@id":"https:\/\/fumot.uk\/product\/bingo-crush-randm-tornado-12000-puffs\/","url":"https:\/\/fumot.uk\/product\/bingo-crush-randm-tornado-12000-puffs\/","name":"RandM Tornado 12000 Bingo Crush | 20ml Affichage LED","isPartOf":{"@id":"https:\/\/fumot.uk\/#website"},"primaryImageOfPage":{"@id":"https:\/\/fumot.uk\/product\/bingo-crush-randm-tornado-12000-puffs\/#primaryimage"},"image":{"@id":"https:\/\/fumot.uk\/product\/bingo-crush-randm-tornado-12000-puffs\/#primaryimage"},"thumbnailUrl":"https:\/\/fumot.uk\/wp-content\/uploads\/2026\/01\/Randm-Tornado-12000-Puffs-Bingo-Crush-Disposable-Vape-scaled-1.jpg","datePublished":"2026-01-20T02:44:09+00:00","dateModified":"2026-01-20T08:00:04+00:00","description":"RandM Tornado 12000 Puffs Bingo Crush : 20ml e-liquide, 850mAh rechargeable, \u00e9cran LED, bobine en maille, Type\u2011C. Sels de nicotine 0\/2\/3\/5%.","breadcrumb":{"@id":"https:\/\/fumot.uk\/product\/bingo-crush-randm-tornado-12000-puffs\/#breadcrumb"},"inLanguage":"fr-FR","potentialAction":[{"@type":"ReadAction","target":["https:\/\/fumot.uk\/product\/bingo-crush-randm-tornado-12000-puffs\/"]}]},{"@type":"ImageObject","inLanguage":"fr-FR","@id":"https:\/\/fumot.uk\/product\/bingo-crush-randm-tornado-12000-puffs\/#primaryimage","url":"https:\/\/fumot.uk\/wp-content\/uploads\/2026\/01\/Randm-Tornado-12000-Puffs-Bingo-Crush-Disposable-Vape-scaled-1.jpg","contentUrl":"https:\/\/fumot.uk\/wp-content\/uploads\/2026\/01\/Randm-Tornado-12000-Puffs-Bingo-Crush-Disposable-Vape-scaled-1.jpg","width":2560,"height":2560},{"@type":"BreadcrumbList","@id":"https:\/\/fumot.uk\/product\/bingo-crush-randm-tornado-12000-puffs\/#breadcrumb","itemListElement":[{"@type":"ListItem","position":1,"name":"Home","item":"https:\/\/fumot.uk\/"},{"@type":"ListItem","position":2,"name":"Shop","item":"https:\/\/fumot.uk\/shop\/"},{"@type":"ListItem","position":3,"name":"RandM Tornado 12000 Puffs Disposable Vape \u2013 Bingo Crush Mixed Fruit | 20ml, 850mAh Rechargeable, LED Display, Mesh Coil, Type\u2011C"}]},{"@type":"WebSite","@id":"https:\/\/fumot.uk\/#website","url":"https:\/\/fumot.uk\/","name":"Fumot Official Direct | Directement de l'usine, 100% Authentique","description":"Site officiel","publisher":{"@id":"https:\/\/fumot.uk\/#organization"},"potentialAction":[{"@type":"SearchAction","target":{"@type":"EntryPoint","urlTemplate":"https:\/\/fumot.uk\/?s={search_term_string}"},"query-input":{"@type":"PropertyValueSpecification","valueRequired":true,"valueName":"search_term_string"}}],"inLanguage":"fr-FR"},{"@type":"Organization","@id":"https:\/\/fumot.uk\/#organization","name":"Fumot Official Direct | Directement de l'usine, 100% Authentique","url":"https:\/\/fumot.uk\/","logo":{"@type":"ImageObject","inLanguage":"fr-FR","@id":"https:\/\/fumot.uk\/#\/schema\/logo\/image\/","url":"https:\/\/fumot.uk\/wp-content\/uploads\/2026\/01\/cropped-fumot-logo1.png","contentUrl":"https:\/\/fumot.uk\/wp-content\/uploads\/2026\/01\/cropped-fumot-logo1.png","width":152,"height":106,"caption":"Fumot Official Direct | Straight from the Factory, 100% Genuine"},"image":{"@id":"https:\/\/fumot.uk\/#\/schema\/logo\/image\/"}}]}},"_links":{"self":[{"href":"https:\/\/fumot.uk\/fr\/wp-json\/wp\/v2\/product\/401","targetHints":{"allow":["GET"]}}],"collection":[{"href":"https:\/\/fumot.uk\/fr\/wp-json\/wp\/v2\/product"}],"about":[{"href":"https:\/\/fumot.uk\/fr\/wp-json\/wp\/v2\/types\/product"}],"replies":[{"embeddable":true,"href":"https:\/\/fumot.uk\/fr\/wp-json\/wp\/v2\/comments?post=401"}],"wp:featuredmedia":[{"embeddable":true,"href":"https:\/\/fumot.uk\/fr\/wp-json\/wp\/v2\/media\/443"}],"wp:attachment":[{"href":"https:\/\/fumot.uk\/fr\/wp-json\/wp\/v2\/media?parent=401"}],"wp:term":[{"taxonomy":"product_brand","embeddable":true,"href":"https:\/\/fumot.uk\/fr\/wp-json\/wp\/v2\/product_brand?post=401"},{"taxonomy":"product_cat","embeddable":true,"href":"https:\/\/fumot.uk\/fr\/wp-json\/wp\/v2\/product_cat?post=401"},{"taxonomy":"product_tag","embeddable":true,"href":"https:\/\/fumot.uk\/fr\/wp-json\/wp\/v2\/product_tag?post=401"}],"curies":[{"name":"wp","href":"https:\/\/api.w.org\/{rel}","templated":true}]}}