{"id":399,"date":"2026-01-20T02:44:09","date_gmt":"2026-01-20T02:44:09","guid":{"rendered":"https:\/\/fumot.uk\/?post_type=product&#038;p=399"},"modified":"2026-01-20T08:00:02","modified_gmt":"2026-01-20T08:00:02","slug":"cherry-berry-randm-tornado-12000-puffs","status":"publish","type":"product","link":"https:\/\/fumot.uk\/fr\/product\/cherry-berry-randm-tornado-12000-puffs\/","title":{"rendered":"RAndM Tornado 12000 Puffs Cherry Berry Vape Jetable \u2013 20ml, 850mAh Rechargeable, \u00c9cran LED, Bobine en Maille, Type\u2011C"},"content":{"rendered":"<h2>RAndM Tornado 12000 Puffs Cherry Berry \u2013 douceur de cerise, finition riche en baies<\/h2>\n<p>Apportez une saveur de fruits \u00e9clatante \u00e0 votre journ\u00e9e avec le <strong>RAndM Tornado 12000 Puffs Cherry Berry Vape Jetable<\/strong>. Ce m\u00e9lange associe des notes de cerise juteuse \u00e0 une couche de baies m\u00e9lang\u00e9es pour une bouff\u00e9e vibrante et rafra\u00eechissante. Con\u00e7u pour une utilisation prolong\u00e9e, il dispose d'un g\u00e9n\u00e9reux <strong>Capacit\u00e9 de 20ml de e-liquide<\/strong>, un <strong>batterie rechargeable 850mAh<\/strong>, et un \u00e9cran <strong>affichage LED<\/strong> pour vous aider \u00e0 suivre les niveaux de batterie et de e-liquide sans deviner.<\/p>\n<h3>Profil de saveur Cherry Berry<\/h3>\n<p>Attendez-vous \u00e0 une note de t\u00eate de cerise douce suivie d'un m\u00e9lange de baies plus complet qui reste propre et vif. Si vous aimez les vapes fruit\u00e9es avec une finition \u00e9quilibr\u00e9e et douce, Cherry Berry est un choix facile au quotidien.<\/p>\n<h3>Caract\u00e9ristiques cl\u00e9s<\/h3>\n<ul>\n<li><strong>Jusqu'\u00e0 12000 bouff\u00e9es<\/strong> (en fonction de l'utilisation)<\/li>\n<li><strong>Capacit\u00e9 de e-liquide :<\/strong> 20ml<\/li>\n<li><strong>Batterie :<\/strong> 850mAh rechargeable<\/li>\n<li><strong>Chargement :<\/strong> Type\u2011C<\/li>\n<li><strong>Affichage :<\/strong> \u00c9cran LED pour le statut de la batterie et du e-liquide<\/li>\n<li><strong>R\u00e9sistance :<\/strong> Bobine en mesh pour une saveur constante et une vapeur plus douce<\/li>\n<li><strong>Options de sel de nicotine :<\/strong> 0% \/ 2% \/ 3% \/ 5%<\/li>\n<\/ul>\n<h3>Pourquoi vous allez l'appr\u00e9cier<\/h3>\n<p>Le <strong>bobine en maille<\/strong> aide \u00e0 offrir un go\u00fbt de Cherry Berry constant du d\u00e9but \u00e0 la fin, tandis que le <strong>affichage LED<\/strong> ajoute une commodit\u00e9 quotidienne\u2014pour que vous sachiez quand il est temps de recharger et de continuer.<\/p>\n<h3>Achetez la s\u00e9rie sur fumot.uk<\/h3>\n<p>D\u00e9couvrez plus de saveurs et la gamme compl\u00e8te sur <a href=\"https:\/\/fumot.uk\/fr\/\">fumot.uk<\/a>. Vous pouvez \u00e9galement parcourir notre <a href=\"https:\/\/fumot.uk\/fr\/product-category\/randm-tornado-12000-puffs\/\">collection RAndM Tornado 12000 Puffs<\/a> et explorer plus <a href=\"https:\/\/fumot.uk\/fr\/product-tag\/mesh-coil\/\">bobine en maille<\/a> options.<\/p>\n<p><small>Remarque : Le nombre de bouff\u00e9es peut varier en fonction des habitudes d'utilisation.<\/small><\/p>","protected":false},"excerpt":{"rendered":"<p>Vape jetable RAndM Tornado 12000 Puffs Cherry Berry avec 20ml de e-liquide, batterie rechargeable 850mAh, bobine en mesh, chargeur Type-C, et \u00e9cran LED. Nicotine : 0\/2\/3\/5%.<\/p>","protected":false},"featured_media":441,"comment_status":"open","ping_status":"closed","template":"","meta":[],"product_brand":[],"product_cat":[58,59,17],"product_tag":[60,20,41,33,36,23,25,26,62,28],"class_list":{"0":"post-399","1":"product","2":"type-product","3":"status-publish","4":"has-post-thumbnail","6":"product_cat-12000-puff","7":"product_cat-randm-tornado-12000-puffs","8":"product_cat-vape","9":"product_tag-20ml","10":"product_tag-850mah","11":"product_tag-berry","12":"product_tag-blueberry","13":"product_tag-cherry","14":"product_tag-display","15":"product_tag-mesh-coil","16":"product_tag-rechargeable","17":"product_tag-sale-vape","18":"product_tag-type-c","20":"first","21":"instock","22":"sale","23":"shipping-taxable","24":"purchasable","25":"product-type-variable","26":"has-default-attributes"},"yoast_head":"<!-- This site is optimized with the Yoast SEO plugin v26.8 - https:\/\/yoast.com\/product\/yoast-seo-wordpress\/ -->\n<title>RAndM Tornado 12000 Cherry Berry | 20ml Mesh Coil<\/title>\n<meta name=\"description\" content=\"RAndM Tornado 12000 Puffs Cherry Berry: 20ml e-liquid, 850mAh rechargeable battery, mesh coil, LED display, Type\u2011C. Nicotine 0\/2\/3\/5%.\" \/>\n<meta name=\"robots\" content=\"index, follow, max-snippet:-1, max-image-preview:large, max-video-preview:-1\" \/>\n<link rel=\"canonical\" href=\"https:\/\/fumot.uk\/fr\/product\/cherry-berry-randm-tornado-12000-puffs\/\" \/>\n<meta property=\"og:locale\" content=\"fr_FR\" \/>\n<meta property=\"og:type\" content=\"article\" \/>\n<meta property=\"og:title\" content=\"RAndM Tornado 12000 Puffs Cherry Berry \u2013 20ml, LED Display\" \/>\n<meta property=\"og:description\" content=\"Juicy cherry meets mixed berries in the RAndM Tornado 12000 Cherry Berry. 20ml e-liquid, 850mAh rechargeable, mesh coil, Type\u2011C, LED display.\" \/>\n<meta property=\"og:url\" content=\"https:\/\/fumot.uk\/fr\/product\/cherry-berry-randm-tornado-12000-puffs\/\" \/>\n<meta property=\"og:site_name\" content=\"Fumot Official Direct | Straight from the Factory, 100% Genuine\" \/>\n<meta property=\"article:modified_time\" content=\"2026-01-20T08:00:02+00:00\" \/>\n<meta property=\"og:image\" content=\"https:\/\/fumot.uk\/wp-content\/uploads\/2026\/01\/Randm-Tornado-12000-Puffs-Cherry-berry-Disposable-Vape-scaled-1.jpg\" \/>\n\t<meta property=\"og:image:width\" content=\"2560\" \/>\n\t<meta property=\"og:image:height\" content=\"2560\" \/>\n\t<meta property=\"og:image:type\" content=\"image\/jpeg\" \/>\n<meta name=\"twitter:card\" content=\"summary_large_image\" \/>\n<meta name=\"twitter:label1\" content=\"Dur\u00e9e de lecture estim\u00e9e\" \/>\n\t<meta name=\"twitter:data1\" content=\"2 minutes\" \/>\n<script type=\"application\/ld+json\" class=\"yoast-schema-graph\">{\"@context\":\"https:\/\/schema.org\",\"@graph\":[{\"@type\":\"WebPage\",\"@id\":\"https:\/\/fumot.uk\/product\/cherry-berry-randm-tornado-12000-puffs\/\",\"url\":\"https:\/\/fumot.uk\/product\/cherry-berry-randm-tornado-12000-puffs\/\",\"name\":\"RAndM Tornado 12000 Cherry Berry | 20ml Mesh Coil\",\"isPartOf\":{\"@id\":\"https:\/\/fumot.uk\/#website\"},\"primaryImageOfPage\":{\"@id\":\"https:\/\/fumot.uk\/product\/cherry-berry-randm-tornado-12000-puffs\/#primaryimage\"},\"image\":{\"@id\":\"https:\/\/fumot.uk\/product\/cherry-berry-randm-tornado-12000-puffs\/#primaryimage\"},\"thumbnailUrl\":\"https:\/\/fumot.uk\/wp-content\/uploads\/2026\/01\/Randm-Tornado-12000-Puffs-Cherry-berry-Disposable-Vape-scaled-1.jpg\",\"datePublished\":\"2026-01-20T02:44:09+00:00\",\"dateModified\":\"2026-01-20T08:00:02+00:00\",\"description\":\"RAndM Tornado 12000 Puffs Cherry Berry: 20ml e-liquid, 850mAh rechargeable battery, mesh coil, LED display, Type\u2011C. Nicotine 0\/2\/3\/5%.\",\"breadcrumb\":{\"@id\":\"https:\/\/fumot.uk\/product\/cherry-berry-randm-tornado-12000-puffs\/#breadcrumb\"},\"inLanguage\":\"fr-FR\",\"potentialAction\":[{\"@type\":\"ReadAction\",\"target\":[\"https:\/\/fumot.uk\/product\/cherry-berry-randm-tornado-12000-puffs\/\"]}]},{\"@type\":\"ImageObject\",\"inLanguage\":\"fr-FR\",\"@id\":\"https:\/\/fumot.uk\/product\/cherry-berry-randm-tornado-12000-puffs\/#primaryimage\",\"url\":\"https:\/\/fumot.uk\/wp-content\/uploads\/2026\/01\/Randm-Tornado-12000-Puffs-Cherry-berry-Disposable-Vape-scaled-1.jpg\",\"contentUrl\":\"https:\/\/fumot.uk\/wp-content\/uploads\/2026\/01\/Randm-Tornado-12000-Puffs-Cherry-berry-Disposable-Vape-scaled-1.jpg\",\"width\":2560,\"height\":2560},{\"@type\":\"BreadcrumbList\",\"@id\":\"https:\/\/fumot.uk\/product\/cherry-berry-randm-tornado-12000-puffs\/#breadcrumb\",\"itemListElement\":[{\"@type\":\"ListItem\",\"position\":1,\"name\":\"Home\",\"item\":\"https:\/\/fumot.uk\/\"},{\"@type\":\"ListItem\",\"position\":2,\"name\":\"Shop\",\"item\":\"https:\/\/fumot.uk\/shop\/\"},{\"@type\":\"ListItem\",\"position\":3,\"name\":\"RAndM Tornado 12000 Puffs Cherry Berry Disposable Vape \u2013 20ml, 850mAh Rechargeable, LED Display, Mesh Coil, Type\u2011C\"}]},{\"@type\":\"WebSite\",\"@id\":\"https:\/\/fumot.uk\/#website\",\"url\":\"https:\/\/fumot.uk\/\",\"name\":\"Fumot Official Direct | Straight from the Factory, 100% Genuine\",\"description\":\"Official Website\",\"publisher\":{\"@id\":\"https:\/\/fumot.uk\/#organization\"},\"potentialAction\":[{\"@type\":\"SearchAction\",\"target\":{\"@type\":\"EntryPoint\",\"urlTemplate\":\"https:\/\/fumot.uk\/?s={search_term_string}\"},\"query-input\":{\"@type\":\"PropertyValueSpecification\",\"valueRequired\":true,\"valueName\":\"search_term_string\"}}],\"inLanguage\":\"fr-FR\"},{\"@type\":\"Organization\",\"@id\":\"https:\/\/fumot.uk\/#organization\",\"name\":\"Fumot Official Direct | Straight from the Factory, 100% Genuine\",\"url\":\"https:\/\/fumot.uk\/\",\"logo\":{\"@type\":\"ImageObject\",\"inLanguage\":\"fr-FR\",\"@id\":\"https:\/\/fumot.uk\/#\/schema\/logo\/image\/\",\"url\":\"https:\/\/fumot.uk\/wp-content\/uploads\/2026\/01\/cropped-fumot-logo1.png\",\"contentUrl\":\"https:\/\/fumot.uk\/wp-content\/uploads\/2026\/01\/cropped-fumot-logo1.png\",\"width\":152,\"height\":106,\"caption\":\"Fumot Official Direct | Straight from the Factory, 100% Genuine\"},\"image\":{\"@id\":\"https:\/\/fumot.uk\/#\/schema\/logo\/image\/\"}}]}<\/script>\n<!-- \/ Yoast SEO plugin. -->","yoast_head_json":{"title":"RAndM Tornado 12000 Cherry Berry | Bobine en maille de 20 ml","description":"RAndM Tornado 12000 Puffs Cherry Berry : 20ml e-liquide, batterie rechargeable 850mAh, bobine en mesh, affichage LED, Type\u2011C. Nicotine 0\/2\/3\/5%.","robots":{"index":"index","follow":"follow","max-snippet":"max-snippet:-1","max-image-preview":"max-image-preview:large","max-video-preview":"max-video-preview:-1"},"canonical":"https:\/\/fumot.uk\/fr\/product\/cherry-berry-randm-tornado-12000-puffs\/","og_locale":"fr_FR","og_type":"article","og_title":"RAndM Tornado 12000 Puffs Cherry Berry \u2013 20ml, LED Display","og_description":"Juicy cherry meets mixed berries in the RAndM Tornado 12000 Cherry Berry. 20ml e-liquid, 850mAh rechargeable, mesh coil, Type\u2011C, LED display.","og_url":"https:\/\/fumot.uk\/fr\/product\/cherry-berry-randm-tornado-12000-puffs\/","og_site_name":"Fumot Official Direct | Straight from the Factory, 100% Genuine","article_modified_time":"2026-01-20T08:00:02+00:00","og_image":[{"width":2560,"height":2560,"url":"https:\/\/fumot.uk\/wp-content\/uploads\/2026\/01\/Randm-Tornado-12000-Puffs-Cherry-berry-Disposable-Vape-scaled-1.jpg","type":"image\/jpeg"}],"twitter_card":"summary_large_image","twitter_misc":{"Dur\u00e9e de lecture estim\u00e9e":"2 minutes"},"schema":{"@context":"https:\/\/schema.org","@graph":[{"@type":"WebPage","@id":"https:\/\/fumot.uk\/product\/cherry-berry-randm-tornado-12000-puffs\/","url":"https:\/\/fumot.uk\/product\/cherry-berry-randm-tornado-12000-puffs\/","name":"RAndM Tornado 12000 Cherry Berry | Bobine en maille de 20 ml","isPartOf":{"@id":"https:\/\/fumot.uk\/#website"},"primaryImageOfPage":{"@id":"https:\/\/fumot.uk\/product\/cherry-berry-randm-tornado-12000-puffs\/#primaryimage"},"image":{"@id":"https:\/\/fumot.uk\/product\/cherry-berry-randm-tornado-12000-puffs\/#primaryimage"},"thumbnailUrl":"https:\/\/fumot.uk\/wp-content\/uploads\/2026\/01\/Randm-Tornado-12000-Puffs-Cherry-berry-Disposable-Vape-scaled-1.jpg","datePublished":"2026-01-20T02:44:09+00:00","dateModified":"2026-01-20T08:00:02+00:00","description":"RAndM Tornado 12000 Puffs Cherry Berry : 20ml e-liquide, batterie rechargeable 850mAh, bobine en mesh, affichage LED, Type\u2011C. Nicotine 0\/2\/3\/5%.","breadcrumb":{"@id":"https:\/\/fumot.uk\/product\/cherry-berry-randm-tornado-12000-puffs\/#breadcrumb"},"inLanguage":"fr-FR","potentialAction":[{"@type":"ReadAction","target":["https:\/\/fumot.uk\/product\/cherry-berry-randm-tornado-12000-puffs\/"]}]},{"@type":"ImageObject","inLanguage":"fr-FR","@id":"https:\/\/fumot.uk\/product\/cherry-berry-randm-tornado-12000-puffs\/#primaryimage","url":"https:\/\/fumot.uk\/wp-content\/uploads\/2026\/01\/Randm-Tornado-12000-Puffs-Cherry-berry-Disposable-Vape-scaled-1.jpg","contentUrl":"https:\/\/fumot.uk\/wp-content\/uploads\/2026\/01\/Randm-Tornado-12000-Puffs-Cherry-berry-Disposable-Vape-scaled-1.jpg","width":2560,"height":2560},{"@type":"BreadcrumbList","@id":"https:\/\/fumot.uk\/product\/cherry-berry-randm-tornado-12000-puffs\/#breadcrumb","itemListElement":[{"@type":"ListItem","position":1,"name":"Home","item":"https:\/\/fumot.uk\/"},{"@type":"ListItem","position":2,"name":"Shop","item":"https:\/\/fumot.uk\/shop\/"},{"@type":"ListItem","position":3,"name":"RAndM Tornado 12000 Puffs Cherry Berry Disposable Vape \u2013 20ml, 850mAh Rechargeable, LED Display, Mesh Coil, Type\u2011C"}]},{"@type":"WebSite","@id":"https:\/\/fumot.uk\/#website","url":"https:\/\/fumot.uk\/","name":"Fumot Official Direct | Directement de l'usine, 100% Authentique","description":"Site officiel","publisher":{"@id":"https:\/\/fumot.uk\/#organization"},"potentialAction":[{"@type":"SearchAction","target":{"@type":"EntryPoint","urlTemplate":"https:\/\/fumot.uk\/?s={search_term_string}"},"query-input":{"@type":"PropertyValueSpecification","valueRequired":true,"valueName":"search_term_string"}}],"inLanguage":"fr-FR"},{"@type":"Organization","@id":"https:\/\/fumot.uk\/#organization","name":"Fumot Official Direct | Directement de l'usine, 100% Authentique","url":"https:\/\/fumot.uk\/","logo":{"@type":"ImageObject","inLanguage":"fr-FR","@id":"https:\/\/fumot.uk\/#\/schema\/logo\/image\/","url":"https:\/\/fumot.uk\/wp-content\/uploads\/2026\/01\/cropped-fumot-logo1.png","contentUrl":"https:\/\/fumot.uk\/wp-content\/uploads\/2026\/01\/cropped-fumot-logo1.png","width":152,"height":106,"caption":"Fumot Official Direct | Straight from the Factory, 100% Genuine"},"image":{"@id":"https:\/\/fumot.uk\/#\/schema\/logo\/image\/"}}]}},"_links":{"self":[{"href":"https:\/\/fumot.uk\/fr\/wp-json\/wp\/v2\/product\/399","targetHints":{"allow":["GET"]}}],"collection":[{"href":"https:\/\/fumot.uk\/fr\/wp-json\/wp\/v2\/product"}],"about":[{"href":"https:\/\/fumot.uk\/fr\/wp-json\/wp\/v2\/types\/product"}],"replies":[{"embeddable":true,"href":"https:\/\/fumot.uk\/fr\/wp-json\/wp\/v2\/comments?post=399"}],"wp:featuredmedia":[{"embeddable":true,"href":"https:\/\/fumot.uk\/fr\/wp-json\/wp\/v2\/media\/441"}],"wp:attachment":[{"href":"https:\/\/fumot.uk\/fr\/wp-json\/wp\/v2\/media?parent=399"}],"wp:term":[{"taxonomy":"product_brand","embeddable":true,"href":"https:\/\/fumot.uk\/fr\/wp-json\/wp\/v2\/product_brand?post=399"},{"taxonomy":"product_cat","embeddable":true,"href":"https:\/\/fumot.uk\/fr\/wp-json\/wp\/v2\/product_cat?post=399"},{"taxonomy":"product_tag","embeddable":true,"href":"https:\/\/fumot.uk\/fr\/wp-json\/wp\/v2\/product_tag?post=399"}],"curies":[{"name":"wp","href":"https:\/\/api.w.org\/{rel}","templated":true}]}}