{"id":398,"date":"2026-01-20T02:44:08","date_gmt":"2026-01-20T02:44:08","guid":{"rendered":"https:\/\/fumot.uk\/?post_type=product&#038;p=398"},"modified":"2026-01-20T07:05:38","modified_gmt":"2026-01-20T07:05:38","slug":"vimto-randm-tornado-12000-puffs","status":"publish","type":"product","link":"https:\/\/fumot.uk\/fr\/product\/vimto-randm-tornado-12000-puffs\/","title":{"rendered":"RandM Tornado 12000 Puffs Vape Jetable Vimto (20ml, 850mAh, \u00c9cran LED, Bobine en Maille)"},"content":{"rendered":"<p><strong>RandM Tornado 12000 Puffs \u2013 Vimto<\/strong> apporte un m\u00e9lange de baies vibrant \u00e0 une vape jetable haute performance con\u00e7ue pour un plaisir long et constant. Avec <strong>20ml d'e-liquide<\/strong>, une <strong>Batterie rechargeable 850mAh<\/strong>, et un \u00e9cran <strong>affichage LED<\/strong> pour le niveau de batterie et de liquide, vous saurez toujours o\u00f9 vous en \u00eates\u2014pas de surprises en milieu de session.<\/p>\n<p><strong>Saveur Vimto<\/strong> est un m\u00e9lange sucr\u00e9 et rafra\u00eechissant inspir\u00e9 par des notes de fruits classiques : <strong>raisin, fraise et m\u00fbre<\/strong>. Le profil est juteux et structur\u00e9\u2014id\u00e9al pour les amateurs de fruits qui veulent une vape douce et satisfaisante avec une finition de baies \u00e9clatante.<\/p>\n<h3>Pourquoi vous allez adorer le RandM Tornado 12000 (Vimto)<\/h3>\n<ul>\n<li><strong>Jusqu'\u00e0 12000 bouff\u00e9es<\/strong> par appareil (l'utilisation varie)<\/li>\n<li><strong>20ml d'e-liquide<\/strong> capacit\u00e9<\/li>\n<li><strong>Bobine en maille<\/strong> pour une saveur et une vapeur douces et uniformes<\/li>\n<li><strong>affichage LED<\/strong> montre l'\u00e9tat de la batterie + e-liquide<\/li>\n<li><strong>Batterie rechargeable 850mAh<\/strong> pour une utilisation quotidienne fiable<\/li>\n<li><strong>charge Type-C<\/strong> (c\u00e2ble pas toujours inclus)<\/li>\n<li><strong>Options de sel de nicotine :<\/strong> 0%, 2%, 3%, 5%<\/li>\n<\/ul>\n<h3>Focus sur la saveur : Vimto (Raisin \u2022 Fraise \u2022 M\u00fbre)<\/h3>\n<p>Attendez-vous \u00e0 un m\u00e9lange fruit\u00e9 et sucr\u00e9 de baies avec une tonalit\u00e9 de raisin arrondie et une finition douce de baies plus sombres. C'est une saveur facile \u00e0 vapoter toute la journ\u00e9e qui reste douce gr\u00e2ce au chauffage constant de la bobine en mesh.<\/p>\n<p><strong>Explorez plus de vapes jetables et de saveurs sur<\/strong> <a href=\"https:\/\/fumot.uk\/fr\/\">fumot.uk<\/a>. Vous cherchez des options similaires \u00e0 haute bouff\u00e9e ? Parcourez notre <a href=\"https:\/\/fumot.uk\/fr\/product-category\/12000-puff\/\">collection de 12000 bouff\u00e9es<\/a> ou d\u00e9couvrez plus de la gamme <a href=\"https:\/\/fumot.uk\/fr\/product-category\/randm-tornado-12000-puffs\/\">RandM Tornado 12000 Puffs<\/a>.<\/p>\n<p><em>Remarque :<\/em> Le nombre de bouff\u00e9es est une estimation et peut varier selon la longueur de l'inhalation et le style d'utilisation.<\/p>","protected":false},"excerpt":{"rendered":"<p>RandM Tornado 12000 Puffs saveur Vimto\u2014raisin juteux, fraise &amp; m\u00fbre. 20ml e-liquide, batterie rechargeable 850mAh, affichage LED de statut, bobine en mesh, chargement Type\u2011C, options de sel de nicotine 0\/2\/3\/5%.<\/p>","protected":false},"featured_media":440,"comment_status":"open","ping_status":"closed","template":"","meta":[],"product_brand":[],"product_cat":[58,59,17],"product_tag":[60,20,33,23,25,26,62,28,38],"class_list":{"0":"post-398","1":"product","2":"type-product","3":"status-publish","4":"has-post-thumbnail","6":"product_cat-12000-puff","7":"product_cat-randm-tornado-12000-puffs","8":"product_cat-vape","9":"product_tag-20ml","10":"product_tag-850mah","11":"product_tag-blueberry","12":"product_tag-display","13":"product_tag-mesh-coil","14":"product_tag-rechargeable","15":"product_tag-sale-vape","16":"product_tag-type-c","17":"product_tag-vimto","19":"first","20":"instock","21":"sale","22":"shipping-taxable","23":"purchasable","24":"product-type-variable","25":"has-default-attributes"},"yoast_head":"<!-- This site is optimized with the Yoast SEO plugin v26.8 - https:\/\/yoast.com\/product\/yoast-seo-wordpress\/ -->\n<title>RandM Tornado 12000 Vimto | 20ml, 850mAh, Mesh Coil<\/title>\n<meta name=\"description\" content=\"RandM Tornado 12000 Puffs Vimto disposable vape: grape, strawberry &amp; blackberry. 20ml e-liquid, 850mAh rechargeable, LED display, mesh coil, 0\/2\/3\/5% nic salts.\" \/>\n<meta name=\"robots\" content=\"index, follow, max-snippet:-1, max-image-preview:large, max-video-preview:-1\" \/>\n<link rel=\"canonical\" href=\"https:\/\/fumot.uk\/fr\/product\/vimto-randm-tornado-12000-puffs\/\" \/>\n<meta property=\"og:locale\" content=\"fr_FR\" \/>\n<meta property=\"og:type\" content=\"article\" \/>\n<meta property=\"og:title\" content=\"RandM Tornado 12000 Puffs Vimto \u2013 Berry Blend Disposable Vape\" \/>\n<meta property=\"og:description\" content=\"Enjoy Vimto\u2019s grape, strawberry &amp; blackberry taste with 20ml e-liquid, an 850mAh rechargeable battery, mesh coil, and LED battery\/liquid display. Shop at fumot.uk.\" \/>\n<meta property=\"og:url\" content=\"https:\/\/fumot.uk\/fr\/product\/vimto-randm-tornado-12000-puffs\/\" \/>\n<meta property=\"og:site_name\" content=\"Fumot Official Direct | Straight from the Factory, 100% Genuine\" \/>\n<meta property=\"article:modified_time\" content=\"2026-01-20T07:05:38+00:00\" \/>\n<meta property=\"og:image\" content=\"https:\/\/fumot.uk\/wp-content\/uploads\/2026\/01\/Randm-Tornado-12000-Puffs-Vimto-Disposable-Vape-scaled-1.jpg\" \/>\n\t<meta property=\"og:image:width\" content=\"2560\" \/>\n\t<meta property=\"og:image:height\" content=\"2560\" \/>\n\t<meta property=\"og:image:type\" content=\"image\/jpeg\" \/>\n<meta name=\"twitter:card\" content=\"summary_large_image\" \/>\n<meta name=\"twitter:label1\" content=\"Dur\u00e9e de lecture estim\u00e9e\" \/>\n\t<meta name=\"twitter:data1\" content=\"2 minutes\" \/>\n<script type=\"application\/ld+json\" class=\"yoast-schema-graph\">{\"@context\":\"https:\/\/schema.org\",\"@graph\":[{\"@type\":\"WebPage\",\"@id\":\"https:\/\/fumot.uk\/product\/vimto-randm-tornado-12000-puffs\/\",\"url\":\"https:\/\/fumot.uk\/product\/vimto-randm-tornado-12000-puffs\/\",\"name\":\"RandM Tornado 12000 Vimto | 20ml, 850mAh, Mesh Coil\",\"isPartOf\":{\"@id\":\"https:\/\/fumot.uk\/#website\"},\"primaryImageOfPage\":{\"@id\":\"https:\/\/fumot.uk\/product\/vimto-randm-tornado-12000-puffs\/#primaryimage\"},\"image\":{\"@id\":\"https:\/\/fumot.uk\/product\/vimto-randm-tornado-12000-puffs\/#primaryimage\"},\"thumbnailUrl\":\"https:\/\/fumot.uk\/wp-content\/uploads\/2026\/01\/Randm-Tornado-12000-Puffs-Vimto-Disposable-Vape-scaled-1.jpg\",\"datePublished\":\"2026-01-20T02:44:08+00:00\",\"dateModified\":\"2026-01-20T07:05:38+00:00\",\"description\":\"RandM Tornado 12000 Puffs Vimto disposable vape: grape, strawberry & blackberry. 20ml e-liquid, 850mAh rechargeable, LED display, mesh coil, 0\/2\/3\/5% nic salts.\",\"breadcrumb\":{\"@id\":\"https:\/\/fumot.uk\/product\/vimto-randm-tornado-12000-puffs\/#breadcrumb\"},\"inLanguage\":\"fr-FR\",\"potentialAction\":[{\"@type\":\"ReadAction\",\"target\":[\"https:\/\/fumot.uk\/product\/vimto-randm-tornado-12000-puffs\/\"]}]},{\"@type\":\"ImageObject\",\"inLanguage\":\"fr-FR\",\"@id\":\"https:\/\/fumot.uk\/product\/vimto-randm-tornado-12000-puffs\/#primaryimage\",\"url\":\"https:\/\/fumot.uk\/wp-content\/uploads\/2026\/01\/Randm-Tornado-12000-Puffs-Vimto-Disposable-Vape-scaled-1.jpg\",\"contentUrl\":\"https:\/\/fumot.uk\/wp-content\/uploads\/2026\/01\/Randm-Tornado-12000-Puffs-Vimto-Disposable-Vape-scaled-1.jpg\",\"width\":2560,\"height\":2560},{\"@type\":\"BreadcrumbList\",\"@id\":\"https:\/\/fumot.uk\/product\/vimto-randm-tornado-12000-puffs\/#breadcrumb\",\"itemListElement\":[{\"@type\":\"ListItem\",\"position\":1,\"name\":\"Home\",\"item\":\"https:\/\/fumot.uk\/\"},{\"@type\":\"ListItem\",\"position\":2,\"name\":\"Shop\",\"item\":\"https:\/\/fumot.uk\/shop\/\"},{\"@type\":\"ListItem\",\"position\":3,\"name\":\"RandM Tornado 12000 Puffs Vimto Disposable Vape (20ml, 850mAh, LED Display, Mesh Coil)\"}]},{\"@type\":\"WebSite\",\"@id\":\"https:\/\/fumot.uk\/#website\",\"url\":\"https:\/\/fumot.uk\/\",\"name\":\"Fumot Official Direct | Straight from the Factory, 100% Genuine\",\"description\":\"Official Website\",\"publisher\":{\"@id\":\"https:\/\/fumot.uk\/#organization\"},\"potentialAction\":[{\"@type\":\"SearchAction\",\"target\":{\"@type\":\"EntryPoint\",\"urlTemplate\":\"https:\/\/fumot.uk\/?s={search_term_string}\"},\"query-input\":{\"@type\":\"PropertyValueSpecification\",\"valueRequired\":true,\"valueName\":\"search_term_string\"}}],\"inLanguage\":\"fr-FR\"},{\"@type\":\"Organization\",\"@id\":\"https:\/\/fumot.uk\/#organization\",\"name\":\"Fumot Official Direct | Straight from the Factory, 100% Genuine\",\"url\":\"https:\/\/fumot.uk\/\",\"logo\":{\"@type\":\"ImageObject\",\"inLanguage\":\"fr-FR\",\"@id\":\"https:\/\/fumot.uk\/#\/schema\/logo\/image\/\",\"url\":\"https:\/\/fumot.uk\/wp-content\/uploads\/2026\/01\/cropped-fumot-logo1.png\",\"contentUrl\":\"https:\/\/fumot.uk\/wp-content\/uploads\/2026\/01\/cropped-fumot-logo1.png\",\"width\":152,\"height\":106,\"caption\":\"Fumot Official Direct | Straight from the Factory, 100% Genuine\"},\"image\":{\"@id\":\"https:\/\/fumot.uk\/#\/schema\/logo\/image\/\"}}]}<\/script>\n<!-- \/ Yoast SEO plugin. -->","yoast_head_json":{"title":"RandM Tornado 12000 Vimto | 20ml, 850mAh, Mesh Coil","description":"RandM Tornado 12000 Puffs Vimto vape jetable : raisin, fraise &amp; m\u00fbre. 20ml e-liquide, 850mAh rechargeable, \u00e9cran LED, bobine en maille, 0\/2\/3\/5% sels de nicotine.","robots":{"index":"index","follow":"follow","max-snippet":"max-snippet:-1","max-image-preview":"max-image-preview:large","max-video-preview":"max-video-preview:-1"},"canonical":"https:\/\/fumot.uk\/fr\/product\/vimto-randm-tornado-12000-puffs\/","og_locale":"fr_FR","og_type":"article","og_title":"RandM Tornado 12000 Puffs Vimto \u2013 Berry Blend Disposable Vape","og_description":"Enjoy Vimto\u2019s grape, strawberry & blackberry taste with 20ml e-liquid, an 850mAh rechargeable battery, mesh coil, and LED battery\/liquid display. Shop at fumot.uk.","og_url":"https:\/\/fumot.uk\/fr\/product\/vimto-randm-tornado-12000-puffs\/","og_site_name":"Fumot Official Direct | Straight from the Factory, 100% Genuine","article_modified_time":"2026-01-20T07:05:38+00:00","og_image":[{"width":2560,"height":2560,"url":"https:\/\/fumot.uk\/wp-content\/uploads\/2026\/01\/Randm-Tornado-12000-Puffs-Vimto-Disposable-Vape-scaled-1.jpg","type":"image\/jpeg"}],"twitter_card":"summary_large_image","twitter_misc":{"Dur\u00e9e de lecture estim\u00e9e":"2 minutes"},"schema":{"@context":"https:\/\/schema.org","@graph":[{"@type":"WebPage","@id":"https:\/\/fumot.uk\/product\/vimto-randm-tornado-12000-puffs\/","url":"https:\/\/fumot.uk\/product\/vimto-randm-tornado-12000-puffs\/","name":"RandM Tornado 12000 Vimto | 20ml, 850mAh, Mesh Coil","isPartOf":{"@id":"https:\/\/fumot.uk\/#website"},"primaryImageOfPage":{"@id":"https:\/\/fumot.uk\/product\/vimto-randm-tornado-12000-puffs\/#primaryimage"},"image":{"@id":"https:\/\/fumot.uk\/product\/vimto-randm-tornado-12000-puffs\/#primaryimage"},"thumbnailUrl":"https:\/\/fumot.uk\/wp-content\/uploads\/2026\/01\/Randm-Tornado-12000-Puffs-Vimto-Disposable-Vape-scaled-1.jpg","datePublished":"2026-01-20T02:44:08+00:00","dateModified":"2026-01-20T07:05:38+00:00","description":"RandM Tornado 12000 Puffs Vimto vape jetable : raisin, fraise &amp; m\u00fbre. 20ml e-liquide, 850mAh rechargeable, \u00e9cran LED, bobine en maille, 0\/2\/3\/5% sels de nicotine.","breadcrumb":{"@id":"https:\/\/fumot.uk\/product\/vimto-randm-tornado-12000-puffs\/#breadcrumb"},"inLanguage":"fr-FR","potentialAction":[{"@type":"ReadAction","target":["https:\/\/fumot.uk\/product\/vimto-randm-tornado-12000-puffs\/"]}]},{"@type":"ImageObject","inLanguage":"fr-FR","@id":"https:\/\/fumot.uk\/product\/vimto-randm-tornado-12000-puffs\/#primaryimage","url":"https:\/\/fumot.uk\/wp-content\/uploads\/2026\/01\/Randm-Tornado-12000-Puffs-Vimto-Disposable-Vape-scaled-1.jpg","contentUrl":"https:\/\/fumot.uk\/wp-content\/uploads\/2026\/01\/Randm-Tornado-12000-Puffs-Vimto-Disposable-Vape-scaled-1.jpg","width":2560,"height":2560},{"@type":"BreadcrumbList","@id":"https:\/\/fumot.uk\/product\/vimto-randm-tornado-12000-puffs\/#breadcrumb","itemListElement":[{"@type":"ListItem","position":1,"name":"Home","item":"https:\/\/fumot.uk\/"},{"@type":"ListItem","position":2,"name":"Shop","item":"https:\/\/fumot.uk\/shop\/"},{"@type":"ListItem","position":3,"name":"RandM Tornado 12000 Puffs Vimto Disposable Vape (20ml, 850mAh, LED Display, Mesh Coil)"}]},{"@type":"WebSite","@id":"https:\/\/fumot.uk\/#website","url":"https:\/\/fumot.uk\/","name":"Fumot Official Direct | Directement de l'usine, 100% Authentique","description":"Site officiel","publisher":{"@id":"https:\/\/fumot.uk\/#organization"},"potentialAction":[{"@type":"SearchAction","target":{"@type":"EntryPoint","urlTemplate":"https:\/\/fumot.uk\/?s={search_term_string}"},"query-input":{"@type":"PropertyValueSpecification","valueRequired":true,"valueName":"search_term_string"}}],"inLanguage":"fr-FR"},{"@type":"Organization","@id":"https:\/\/fumot.uk\/#organization","name":"Fumot Official Direct | Directement de l'usine, 100% Authentique","url":"https:\/\/fumot.uk\/","logo":{"@type":"ImageObject","inLanguage":"fr-FR","@id":"https:\/\/fumot.uk\/#\/schema\/logo\/image\/","url":"https:\/\/fumot.uk\/wp-content\/uploads\/2026\/01\/cropped-fumot-logo1.png","contentUrl":"https:\/\/fumot.uk\/wp-content\/uploads\/2026\/01\/cropped-fumot-logo1.png","width":152,"height":106,"caption":"Fumot Official Direct | Straight from the Factory, 100% Genuine"},"image":{"@id":"https:\/\/fumot.uk\/#\/schema\/logo\/image\/"}}]}},"_links":{"self":[{"href":"https:\/\/fumot.uk\/fr\/wp-json\/wp\/v2\/product\/398","targetHints":{"allow":["GET"]}}],"collection":[{"href":"https:\/\/fumot.uk\/fr\/wp-json\/wp\/v2\/product"}],"about":[{"href":"https:\/\/fumot.uk\/fr\/wp-json\/wp\/v2\/types\/product"}],"replies":[{"embeddable":true,"href":"https:\/\/fumot.uk\/fr\/wp-json\/wp\/v2\/comments?post=398"}],"wp:featuredmedia":[{"embeddable":true,"href":"https:\/\/fumot.uk\/fr\/wp-json\/wp\/v2\/media\/440"}],"wp:attachment":[{"href":"https:\/\/fumot.uk\/fr\/wp-json\/wp\/v2\/media?parent=398"}],"wp:term":[{"taxonomy":"product_brand","embeddable":true,"href":"https:\/\/fumot.uk\/fr\/wp-json\/wp\/v2\/product_brand?post=398"},{"taxonomy":"product_cat","embeddable":true,"href":"https:\/\/fumot.uk\/fr\/wp-json\/wp\/v2\/product_cat?post=398"},{"taxonomy":"product_tag","embeddable":true,"href":"https:\/\/fumot.uk\/fr\/wp-json\/wp\/v2\/product_tag?post=398"}],"curies":[{"name":"wp","href":"https:\/\/api.w.org\/{rel}","templated":true}]}}