{"id":3835,"date":"2026-01-21T04:04:58","date_gmt":"2026-01-21T04:04:58","guid":{"rendered":"https:\/\/fumot.uk\/?post_type=product&#038;p=3835"},"modified":"2026-01-21T08:39:13","modified_gmt":"2026-01-21T08:39:13","slug":"jnr-falcon-16000-puffs-pineapple-mango-orange","status":"publish","type":"product","link":"https:\/\/fumot.uk\/fr\/product\/jnr-falcon-16000-puffs-pineapple-mango-orange\/","title":{"rendered":"JNR Falcon 16000 Puffs Ananas Mangue Orange \u2013 Vape Jetable Cristal (22ml, Flux d'Air R\u00e9glable)"},"content":{"rendered":"<p><strong>JNR Falcon 16000 Puffs \u2013 Ananas Mangue Orange<\/strong> apporte un m\u00e9lange tropical \u00e9clatant \u00e0 une vape jetable premium inspir\u00e9e du cristal. Con\u00e7u avec <strong>Double Bobine Mesh<\/strong> chauffage et <strong>flux d'air r\u00e9glable<\/strong>, il est con\u00e7u pour offrir une vapeur dense et douce de mani\u00e8re constante\u2014tout en vous permettant d'affiner le tirage pour correspondre \u00e0 votre style.<\/p>\n<p><strong>Saveur : Ananas Mangue Orange<\/strong><br \/>Un trio vif de fruits tropicaux en parfait \u00e9quilibre : juteuse <strong>la mangue<\/strong> douceur, l'acidit\u00e9 croquante de <strong>l'ananas<\/strong>, et une <strong>orange<\/strong> finition nette. Chaque bouff\u00e9e est rafra\u00eechissante et stratifi\u00e9e\u2014douce au d\u00e9part, vive au milieu, et l\u00e9g\u00e8rement citronn\u00e9e \u00e0 l'expiration.<\/p>\n<h3><strong>Caract\u00e9ristiques cl\u00e9s<\/strong><\/h3>\n<ul>\n<li><strong>Bouff\u00e9es :<\/strong> Jusqu'\u00e0 16000 bouff\u00e9es<\/li>\n<li><strong>Capacit\u00e9 de e-liquide :<\/strong> 22ml<\/li>\n<li><strong>Options de nicotine :<\/strong> 2% ou 5%<\/li>\n<li><strong>R\u00e9sistance :<\/strong> Technologie Dual Mesh Coil<\/li>\n<li><strong>Flux d'air :<\/strong> Contr\u00f4le du flux d'air r\u00e9glable<\/li>\n<li><strong>Batterie :<\/strong> 850mAh rechargeable<\/li>\n<li><strong>Chargement :<\/strong> Type-C<\/li>\n<li><strong>R\u00e9sistance :<\/strong> 1\u03a9<\/li>\n<li><strong>Design :<\/strong> Artisanat style cristal<\/li>\n<li><strong>Gamme de saveurs :<\/strong> 20 saveurs disponibles<\/li>\n<\/ul>\n<h3><strong>Pourquoi vous allez l'aimer<\/strong><\/h3>\n<p>Si vous recherchez un <strong>vape jetable tropicale<\/strong> qui ne perd pas de son go\u00fbt apr\u00e8s quelques sessions, ce m\u00e9lange reste vibrant gr\u00e2ce \u00e0 la configuration Dual Mesh. Ajustez le flux d'air pour un tirage plus ouvert et a\u00e9r\u00e9 ou l\u00e9g\u00e8rement plus serr\u00e9\u2014id\u00e9al pour les utilisateurs qui pr\u00e9f\u00e8rent une sensation <strong>Direct-to-Lung<\/strong> .<\/p>\n<p>Explorez plus de saveurs dans la s\u00e9rie sur <a href=\"https:\/\/fumot.uk\/fr\/\" target=\"_blank\" rel=\"noopener\">fumot.uk<\/a>, ou parcourez la gamme compl\u00e8te ici : <a href=\"https:\/\/fumot.uk\/fr\/product-category\/jnr-falcon-16000-puffs\/\" target=\"_blank\" rel=\"noopener\">collection JNR Falcon 16000 Puffs<\/a>.<\/p>","protected":false},"excerpt":{"rendered":"<p>Ananas Tropical Mangue Orange dans une vape jetable JNR Falcon 16000 Puffs style cristal. 22ml, Double Bobine en Maille, d\u00e9bit d'air r\u00e9glable, rechargeable 850mAh (Type-C), options de nicotine 2%\/5%.<\/p>","protected":false},"featured_media":3875,"comment_status":"open","ping_status":"closed","template":"","meta":[],"product_brand":[],"product_cat":[191,192,17],"product_tag":[193,20,21,113,72,73,42,80,35,26,62,28],"class_list":{"0":"post-3835","1":"product","2":"type-product","3":"status-publish","4":"has-post-thumbnail","6":"product_cat-16000-puff","7":"product_cat-jnr-falcon-16000-puffs","8":"product_cat-vape","9":"product_tag-22ml","10":"product_tag-850mah","11":"product_tag-adjustable-airflow","12":"product_tag-crystal-vape","13":"product_tag-direct-to-lung","14":"product_tag-dual-mesh","15":"product_tag-mango","16":"product_tag-orange","17":"product_tag-pineapple","18":"product_tag-rechargeable","19":"product_tag-sale-vape","20":"product_tag-type-c","22":"first","23":"instock","24":"sale","25":"shipping-taxable","26":"purchasable","27":"product-type-variable","28":"has-default-attributes"},"yoast_head":"<!-- This site is optimized with the Yoast SEO plugin v26.8 - https:\/\/yoast.com\/product\/yoast-seo-wordpress\/ -->\n<title>JNR Falcon 16000 Pineapple Mango Orange | 22ml<\/title>\n<meta name=\"description\" content=\"JNR Falcon 16000 Puffs Pineapple Mango Orange: 22ml e-liquid, Dual Mesh Coil, adjustable airflow, 850mAh rechargeable Type-C. Nicotine 2% or 5%.\" \/>\n<meta name=\"robots\" content=\"index, follow, max-snippet:-1, max-image-preview:large, max-video-preview:-1\" \/>\n<link rel=\"canonical\" href=\"https:\/\/fumot.uk\/fr\/product\/jnr-falcon-16000-puffs-pineapple-mango-orange\/\" \/>\n<meta property=\"og:locale\" content=\"fr_FR\" \/>\n<meta property=\"og:type\" content=\"article\" \/>\n<meta property=\"og:title\" content=\"JNR Falcon 16000 \u2013 Pineapple Mango Orange (22ml, Dual Mesh)\" \/>\n<meta property=\"og:description\" content=\"A crisp tropical trio: mango sweetness, pineapple tang, orange finish. Crystal-style design, adjustable airflow, 850mAh rechargeable Type\u2011C, 2%\/5% nicotine.\" \/>\n<meta property=\"og:url\" content=\"https:\/\/fumot.uk\/fr\/product\/jnr-falcon-16000-puffs-pineapple-mango-orange\/\" \/>\n<meta property=\"og:site_name\" content=\"Fumot Official Direct | Straight from the Factory, 100% Genuine\" \/>\n<meta property=\"article:modified_time\" content=\"2026-01-21T08:39:13+00:00\" \/>\n<meta property=\"og:image\" content=\"https:\/\/fumot.uk\/wp-content\/uploads\/2026\/01\/Pineapple-mango-orange_JNR-Falcon-16000-Puffs-Disposable-Vape-1024x1024.jpg\" \/>\n\t<meta property=\"og:image:width\" content=\"1024\" \/>\n\t<meta property=\"og:image:height\" content=\"1024\" \/>\n\t<meta property=\"og:image:type\" content=\"image\/jpeg\" \/>\n<meta name=\"twitter:card\" content=\"summary_large_image\" \/>\n<meta name=\"twitter:label1\" content=\"Dur\u00e9e de lecture estim\u00e9e\" \/>\n\t<meta name=\"twitter:data1\" content=\"1 minute\" \/>\n<script type=\"application\/ld+json\" class=\"yoast-schema-graph\">{\"@context\":\"https:\/\/schema.org\",\"@graph\":[{\"@type\":\"WebPage\",\"@id\":\"https:\/\/fumot.uk\/product\/jnr-falcon-16000-puffs-pineapple-mango-orange\/\",\"url\":\"https:\/\/fumot.uk\/product\/jnr-falcon-16000-puffs-pineapple-mango-orange\/\",\"name\":\"JNR Falcon 16000 Pineapple Mango Orange | 22ml\",\"isPartOf\":{\"@id\":\"https:\/\/fumot.uk\/#website\"},\"primaryImageOfPage\":{\"@id\":\"https:\/\/fumot.uk\/product\/jnr-falcon-16000-puffs-pineapple-mango-orange\/#primaryimage\"},\"image\":{\"@id\":\"https:\/\/fumot.uk\/product\/jnr-falcon-16000-puffs-pineapple-mango-orange\/#primaryimage\"},\"thumbnailUrl\":\"https:\/\/fumot.uk\/wp-content\/uploads\/2026\/01\/Pineapple-mango-orange_JNR-Falcon-16000-Puffs-Disposable-Vape.jpg\",\"datePublished\":\"2026-01-21T04:04:58+00:00\",\"dateModified\":\"2026-01-21T08:39:13+00:00\",\"description\":\"JNR Falcon 16000 Puffs Pineapple Mango Orange: 22ml e-liquid, Dual Mesh Coil, adjustable airflow, 850mAh rechargeable Type-C. Nicotine 2% or 5%.\",\"breadcrumb\":{\"@id\":\"https:\/\/fumot.uk\/product\/jnr-falcon-16000-puffs-pineapple-mango-orange\/#breadcrumb\"},\"inLanguage\":\"fr-FR\",\"potentialAction\":[{\"@type\":\"ReadAction\",\"target\":[\"https:\/\/fumot.uk\/product\/jnr-falcon-16000-puffs-pineapple-mango-orange\/\"]}]},{\"@type\":\"ImageObject\",\"inLanguage\":\"fr-FR\",\"@id\":\"https:\/\/fumot.uk\/product\/jnr-falcon-16000-puffs-pineapple-mango-orange\/#primaryimage\",\"url\":\"https:\/\/fumot.uk\/wp-content\/uploads\/2026\/01\/Pineapple-mango-orange_JNR-Falcon-16000-Puffs-Disposable-Vape.jpg\",\"contentUrl\":\"https:\/\/fumot.uk\/wp-content\/uploads\/2026\/01\/Pineapple-mango-orange_JNR-Falcon-16000-Puffs-Disposable-Vape.jpg\",\"width\":2500,\"height\":2500},{\"@type\":\"BreadcrumbList\",\"@id\":\"https:\/\/fumot.uk\/product\/jnr-falcon-16000-puffs-pineapple-mango-orange\/#breadcrumb\",\"itemListElement\":[{\"@type\":\"ListItem\",\"position\":1,\"name\":\"Home\",\"item\":\"https:\/\/fumot.uk\/\"},{\"@type\":\"ListItem\",\"position\":2,\"name\":\"Shop\",\"item\":\"https:\/\/fumot.uk\/shop\/\"},{\"@type\":\"ListItem\",\"position\":3,\"name\":\"JNR Falcon 16000 Puffs Pineapple Mango Orange \u2013 Crystal Disposable Vape (22ml, Adjustable Airflow)\"}]},{\"@type\":\"WebSite\",\"@id\":\"https:\/\/fumot.uk\/#website\",\"url\":\"https:\/\/fumot.uk\/\",\"name\":\"Fumot Official Direct | Straight from the Factory, 100% Genuine\",\"description\":\"Official Website\",\"publisher\":{\"@id\":\"https:\/\/fumot.uk\/#organization\"},\"potentialAction\":[{\"@type\":\"SearchAction\",\"target\":{\"@type\":\"EntryPoint\",\"urlTemplate\":\"https:\/\/fumot.uk\/?s={search_term_string}\"},\"query-input\":{\"@type\":\"PropertyValueSpecification\",\"valueRequired\":true,\"valueName\":\"search_term_string\"}}],\"inLanguage\":\"fr-FR\"},{\"@type\":\"Organization\",\"@id\":\"https:\/\/fumot.uk\/#organization\",\"name\":\"Fumot Official Direct | Straight from the Factory, 100% Genuine\",\"url\":\"https:\/\/fumot.uk\/\",\"logo\":{\"@type\":\"ImageObject\",\"inLanguage\":\"fr-FR\",\"@id\":\"https:\/\/fumot.uk\/#\/schema\/logo\/image\/\",\"url\":\"https:\/\/fumot.uk\/wp-content\/uploads\/2026\/01\/cropped-fumot-logo1.png\",\"contentUrl\":\"https:\/\/fumot.uk\/wp-content\/uploads\/2026\/01\/cropped-fumot-logo1.png\",\"width\":152,\"height\":106,\"caption\":\"Fumot Official Direct | Straight from the Factory, 100% Genuine\"},\"image\":{\"@id\":\"https:\/\/fumot.uk\/#\/schema\/logo\/image\/\"}}]}<\/script>\n<!-- \/ Yoast SEO plugin. -->","yoast_head_json":{"title":"JNR Falcon 16000 Ananas Mangue Orange | 22ml","description":"JNR Falcon 16000 Puffs Ananas Mangue Orange : 22ml e-liquide, Double Mesh Coil, flux d'air r\u00e9glable, 850mAh rechargeable Type-C. Nicotine 2% ou 5%.","robots":{"index":"index","follow":"follow","max-snippet":"max-snippet:-1","max-image-preview":"max-image-preview:large","max-video-preview":"max-video-preview:-1"},"canonical":"https:\/\/fumot.uk\/fr\/product\/jnr-falcon-16000-puffs-pineapple-mango-orange\/","og_locale":"fr_FR","og_type":"article","og_title":"JNR Falcon 16000 \u2013 Pineapple Mango Orange (22ml, Dual Mesh)","og_description":"A crisp tropical trio: mango sweetness, pineapple tang, orange finish. Crystal-style design, adjustable airflow, 850mAh rechargeable Type\u2011C, 2%\/5% nicotine.","og_url":"https:\/\/fumot.uk\/fr\/product\/jnr-falcon-16000-puffs-pineapple-mango-orange\/","og_site_name":"Fumot Official Direct | Straight from the Factory, 100% Genuine","article_modified_time":"2026-01-21T08:39:13+00:00","og_image":[{"width":1024,"height":1024,"url":"https:\/\/fumot.uk\/wp-content\/uploads\/2026\/01\/Pineapple-mango-orange_JNR-Falcon-16000-Puffs-Disposable-Vape-1024x1024.jpg","type":"image\/jpeg"}],"twitter_card":"summary_large_image","twitter_misc":{"Dur\u00e9e de lecture estim\u00e9e":"1 minute"},"schema":{"@context":"https:\/\/schema.org","@graph":[{"@type":"WebPage","@id":"https:\/\/fumot.uk\/product\/jnr-falcon-16000-puffs-pineapple-mango-orange\/","url":"https:\/\/fumot.uk\/product\/jnr-falcon-16000-puffs-pineapple-mango-orange\/","name":"JNR Falcon 16000 Ananas Mangue Orange | 22ml","isPartOf":{"@id":"https:\/\/fumot.uk\/#website"},"primaryImageOfPage":{"@id":"https:\/\/fumot.uk\/product\/jnr-falcon-16000-puffs-pineapple-mango-orange\/#primaryimage"},"image":{"@id":"https:\/\/fumot.uk\/product\/jnr-falcon-16000-puffs-pineapple-mango-orange\/#primaryimage"},"thumbnailUrl":"https:\/\/fumot.uk\/wp-content\/uploads\/2026\/01\/Pineapple-mango-orange_JNR-Falcon-16000-Puffs-Disposable-Vape.jpg","datePublished":"2026-01-21T04:04:58+00:00","dateModified":"2026-01-21T08:39:13+00:00","description":"JNR Falcon 16000 Puffs Ananas Mangue Orange : 22ml e-liquide, Double Mesh Coil, flux d'air r\u00e9glable, 850mAh rechargeable Type-C. Nicotine 2% ou 5%.","breadcrumb":{"@id":"https:\/\/fumot.uk\/product\/jnr-falcon-16000-puffs-pineapple-mango-orange\/#breadcrumb"},"inLanguage":"fr-FR","potentialAction":[{"@type":"ReadAction","target":["https:\/\/fumot.uk\/product\/jnr-falcon-16000-puffs-pineapple-mango-orange\/"]}]},{"@type":"ImageObject","inLanguage":"fr-FR","@id":"https:\/\/fumot.uk\/product\/jnr-falcon-16000-puffs-pineapple-mango-orange\/#primaryimage","url":"https:\/\/fumot.uk\/wp-content\/uploads\/2026\/01\/Pineapple-mango-orange_JNR-Falcon-16000-Puffs-Disposable-Vape.jpg","contentUrl":"https:\/\/fumot.uk\/wp-content\/uploads\/2026\/01\/Pineapple-mango-orange_JNR-Falcon-16000-Puffs-Disposable-Vape.jpg","width":2500,"height":2500},{"@type":"BreadcrumbList","@id":"https:\/\/fumot.uk\/product\/jnr-falcon-16000-puffs-pineapple-mango-orange\/#breadcrumb","itemListElement":[{"@type":"ListItem","position":1,"name":"Home","item":"https:\/\/fumot.uk\/"},{"@type":"ListItem","position":2,"name":"Shop","item":"https:\/\/fumot.uk\/shop\/"},{"@type":"ListItem","position":3,"name":"JNR Falcon 16000 Puffs Pineapple Mango Orange \u2013 Crystal Disposable Vape (22ml, Adjustable Airflow)"}]},{"@type":"WebSite","@id":"https:\/\/fumot.uk\/#website","url":"https:\/\/fumot.uk\/","name":"Fumot Official Direct | Directement de l'usine, 100% Authentique","description":"Site officiel","publisher":{"@id":"https:\/\/fumot.uk\/#organization"},"potentialAction":[{"@type":"SearchAction","target":{"@type":"EntryPoint","urlTemplate":"https:\/\/fumot.uk\/?s={search_term_string}"},"query-input":{"@type":"PropertyValueSpecification","valueRequired":true,"valueName":"search_term_string"}}],"inLanguage":"fr-FR"},{"@type":"Organization","@id":"https:\/\/fumot.uk\/#organization","name":"Fumot Official Direct | Directement de l'usine, 100% Authentique","url":"https:\/\/fumot.uk\/","logo":{"@type":"ImageObject","inLanguage":"fr-FR","@id":"https:\/\/fumot.uk\/#\/schema\/logo\/image\/","url":"https:\/\/fumot.uk\/wp-content\/uploads\/2026\/01\/cropped-fumot-logo1.png","contentUrl":"https:\/\/fumot.uk\/wp-content\/uploads\/2026\/01\/cropped-fumot-logo1.png","width":152,"height":106,"caption":"Fumot Official Direct | Straight from the Factory, 100% Genuine"},"image":{"@id":"https:\/\/fumot.uk\/#\/schema\/logo\/image\/"}}]}},"_links":{"self":[{"href":"https:\/\/fumot.uk\/fr\/wp-json\/wp\/v2\/product\/3835","targetHints":{"allow":["GET"]}}],"collection":[{"href":"https:\/\/fumot.uk\/fr\/wp-json\/wp\/v2\/product"}],"about":[{"href":"https:\/\/fumot.uk\/fr\/wp-json\/wp\/v2\/types\/product"}],"replies":[{"embeddable":true,"href":"https:\/\/fumot.uk\/fr\/wp-json\/wp\/v2\/comments?post=3835"}],"wp:featuredmedia":[{"embeddable":true,"href":"https:\/\/fumot.uk\/fr\/wp-json\/wp\/v2\/media\/3875"}],"wp:attachment":[{"href":"https:\/\/fumot.uk\/fr\/wp-json\/wp\/v2\/media?parent=3835"}],"wp:term":[{"taxonomy":"product_brand","embeddable":true,"href":"https:\/\/fumot.uk\/fr\/wp-json\/wp\/v2\/product_brand?post=3835"},{"taxonomy":"product_cat","embeddable":true,"href":"https:\/\/fumot.uk\/fr\/wp-json\/wp\/v2\/product_cat?post=3835"},{"taxonomy":"product_tag","embeddable":true,"href":"https:\/\/fumot.uk\/fr\/wp-json\/wp\/v2\/product_tag?post=3835"}],"curies":[{"name":"wp","href":"https:\/\/api.w.org\/{rel}","templated":true}]}}