{"id":3834,"date":"2026-01-21T04:04:57","date_gmt":"2026-01-21T04:04:57","guid":{"rendered":"https:\/\/fumot.uk\/?post_type=product&#038;p=3834"},"modified":"2026-01-21T08:42:30","modified_gmt":"2026-01-21T08:42:30","slug":"jnr-falcon-16000-puffs-strawberry-pinacolada","status":"publish","type":"product","link":"https:\/\/fumot.uk\/fr\/product\/jnr-falcon-16000-puffs-strawberry-pinacolada\/","title":{"rendered":"JNR Falcon 16000 Puffs Vape Jetable Fraise Pi\u00f1a Colada (22ml, Double Mesh, Flux d'Air R\u00e9glable)"},"content":{"rendered":"<p><strong>JNR Falcon 16000 Puffs Fraise Pi\u00f1a Colada<\/strong> apporte une touche tropicale ensoleill\u00e9e \u00e0 votre vape quotidienne : la douceur de la fraise m\u00fbre superpos\u00e9e \u00e0 la noix de coco cr\u00e9meuse et \u00e0 l'ananas juteux. C\u2019est le genre de saveur qui ressemble \u00e0 une mini escapade\u2014douce, rafra\u00eechissante et agr\u00e9ablement sucr\u00e9e sans \u00eatre \u00e9crasante.<\/p>\n<p>Con\u00e7u pour \u00eatre aussi beau que savoureux, le Falcon pr\u00e9sente un <strong>corps de style cristal<\/strong> et est con\u00e7u pour des performances constantes. Avec un <strong>Double Bobine Mesh<\/strong> pour un chauffage uniforme et une <strong>flux d'air r\u00e9glable<\/strong> valve, vous pouvez affiner votre tirage\u2014que vous pr\u00e9f\u00e9riez une inhalation plus ouverte et a\u00e9r\u00e9e ou une traction l\u00e9g\u00e8rement plus serr\u00e9e.<\/p>\n<h3><strong>Pourquoi vous allez l\u2019aimer<\/strong><\/h3>\n<ul>\n<li><strong>Saveur Fraise Pi\u00f1a Colada Tropicale<\/strong>: fraise + noix de coco + ananas dans un m\u00e9lange \u00e9quilibr\u00e9 inspir\u00e9 des vacances<\/li>\n<li><strong>Technologie Dual Mesh Coil<\/strong>: livraison de saveur plus douce et production de vapeur fiable<\/li>\n<li><strong>Flux d'air ajustable<\/strong>: personnalisez votre tirage pour correspondre \u00e0 votre pr\u00e9f\u00e9rence<\/li>\n<li><strong>Design style cristal<\/strong>: apparence propre et remarquable en main<\/li>\n<\/ul>\n<h3><strong>Sp\u00e9cifications du produit<\/strong><\/h3>\n<ul>\n<li><strong>Bouff\u00e9es<\/strong>: jusqu'\u00e0 16000<\/li>\n<li><strong>Capacit\u00e9 de liquide<\/strong>: 22ml<\/li>\n<li><strong>Options de nicotine<\/strong>: 2% ou 5%<\/li>\n<li><strong>Batterie<\/strong>: 850mAh rechargeable<\/li>\n<li><strong>Charge<\/strong>: Type-C<\/li>\n<li><strong>Bobine<\/strong>: Double Mesh<\/li>\n<li><strong>R\u00e9sistance<\/strong>: 1\u03a9<\/li>\n<li><strong>Flux d'air<\/strong>: r\u00e9glable<\/li>\n<\/ul>\n<p>Vous cherchez plus de saveurs ou les derni\u00e8res offres de vapes jetables ? Parcourez notre s\u00e9lection soigneusement choisie sur <a href=\"https:\/\/fumot.uk\/fr\/\">fumot.uk<\/a>.<\/p>","protected":false},"excerpt":{"rendered":"<p>JNR Falcon 16000 Puffs en Strawberry Pi\u00f1a Colada : fraise sucr\u00e9e avec noix de coco &amp; ananas, 22ml, Double Mesh Coil, d\u00e9bit d'air r\u00e9glable, rechargeable Type-C 850mAh. Nicotine : 2% ou 5%.<\/p>","protected":false},"featured_media":3874,"comment_status":"open","ping_status":"closed","template":"","meta":[],"product_brand":[],"product_cat":[191,192,17],"product_tag":[193,20,21,113,72,73,194,26,62,37,28],"class_list":{"0":"post-3834","1":"product","2":"type-product","3":"status-publish","4":"has-post-thumbnail","6":"product_cat-16000-puff","7":"product_cat-jnr-falcon-16000-puffs","8":"product_cat-vape","9":"product_tag-22ml","10":"product_tag-850mah","11":"product_tag-adjustable-airflow","12":"product_tag-crystal-vape","13":"product_tag-direct-to-lung","14":"product_tag-dual-mesh","15":"product_tag-pinacolada","16":"product_tag-rechargeable","17":"product_tag-sale-vape","18":"product_tag-strawberry","19":"product_tag-type-c","21":"first","22":"instock","23":"sale","24":"shipping-taxable","25":"purchasable","26":"product-type-variable","27":"has-default-attributes"},"yoast_head":"<!-- This site is optimized with the Yoast SEO plugin v26.8 - https:\/\/yoast.com\/product\/yoast-seo-wordpress\/ -->\n<title>JNR Falcon 16000 Strawberry Pi\u00f1a Colada | 22ml Vape<\/title>\n<meta name=\"description\" content=\"JNR Falcon 16000 Strawberry Pi\u00f1a Colada disposable vape: 22ml, Dual Mesh Coil, adjustable airflow, 850mAh Type-C rechargeable. Nicotine 2%\/5%.\" \/>\n<meta name=\"robots\" content=\"index, follow, max-snippet:-1, max-image-preview:large, max-video-preview:-1\" \/>\n<link rel=\"canonical\" href=\"https:\/\/fumot.uk\/fr\/product\/jnr-falcon-16000-puffs-strawberry-pinacolada\/\" \/>\n<meta property=\"og:locale\" content=\"fr_FR\" \/>\n<meta property=\"og:type\" content=\"article\" \/>\n<meta property=\"og:title\" content=\"JNR Falcon 16000 Strawberry Pi\u00f1a Colada (22ml, Dual Mesh)\" \/>\n<meta property=\"og:description\" content=\"Tropical strawberry meets coconut and pineapple. Up to 16000 puffs with adjustable airflow, Dual Mesh Coil, and 850mAh Type-C rechargeable battery. Shop on fumot.uk.\" \/>\n<meta property=\"og:url\" content=\"https:\/\/fumot.uk\/fr\/product\/jnr-falcon-16000-puffs-strawberry-pinacolada\/\" \/>\n<meta property=\"og:site_name\" content=\"Fumot Official Direct | Straight from the Factory, 100% Genuine\" \/>\n<meta property=\"article:modified_time\" content=\"2026-01-21T08:42:30+00:00\" \/>\n<meta property=\"og:image\" content=\"https:\/\/fumot.uk\/wp-content\/uploads\/2026\/01\/Strawberry-Pinacolada-JNR-Falcon-16000-Puffs-Disposable-Vape-1024x1024.jpg\" \/>\n\t<meta property=\"og:image:width\" content=\"1024\" \/>\n\t<meta property=\"og:image:height\" content=\"1024\" \/>\n\t<meta property=\"og:image:type\" content=\"image\/jpeg\" \/>\n<meta name=\"twitter:card\" content=\"summary_large_image\" \/>\n<meta name=\"twitter:label1\" content=\"Dur\u00e9e de lecture estim\u00e9e\" \/>\n\t<meta name=\"twitter:data1\" content=\"1 minute\" \/>\n<script type=\"application\/ld+json\" class=\"yoast-schema-graph\">{\"@context\":\"https:\/\/schema.org\",\"@graph\":[{\"@type\":\"WebPage\",\"@id\":\"https:\/\/fumot.uk\/product\/jnr-falcon-16000-puffs-strawberry-pinacolada\/\",\"url\":\"https:\/\/fumot.uk\/product\/jnr-falcon-16000-puffs-strawberry-pinacolada\/\",\"name\":\"JNR Falcon 16000 Strawberry Pi\u00f1a Colada | 22ml Vape\",\"isPartOf\":{\"@id\":\"https:\/\/fumot.uk\/#website\"},\"primaryImageOfPage\":{\"@id\":\"https:\/\/fumot.uk\/product\/jnr-falcon-16000-puffs-strawberry-pinacolada\/#primaryimage\"},\"image\":{\"@id\":\"https:\/\/fumot.uk\/product\/jnr-falcon-16000-puffs-strawberry-pinacolada\/#primaryimage\"},\"thumbnailUrl\":\"https:\/\/fumot.uk\/wp-content\/uploads\/2026\/01\/Strawberry-Pinacolada-JNR-Falcon-16000-Puffs-Disposable-Vape.jpg\",\"datePublished\":\"2026-01-21T04:04:57+00:00\",\"dateModified\":\"2026-01-21T08:42:30+00:00\",\"description\":\"JNR Falcon 16000 Strawberry Pi\u00f1a Colada disposable vape: 22ml, Dual Mesh Coil, adjustable airflow, 850mAh Type-C rechargeable. Nicotine 2%\/5%.\",\"breadcrumb\":{\"@id\":\"https:\/\/fumot.uk\/product\/jnr-falcon-16000-puffs-strawberry-pinacolada\/#breadcrumb\"},\"inLanguage\":\"fr-FR\",\"potentialAction\":[{\"@type\":\"ReadAction\",\"target\":[\"https:\/\/fumot.uk\/product\/jnr-falcon-16000-puffs-strawberry-pinacolada\/\"]}]},{\"@type\":\"ImageObject\",\"inLanguage\":\"fr-FR\",\"@id\":\"https:\/\/fumot.uk\/product\/jnr-falcon-16000-puffs-strawberry-pinacolada\/#primaryimage\",\"url\":\"https:\/\/fumot.uk\/wp-content\/uploads\/2026\/01\/Strawberry-Pinacolada-JNR-Falcon-16000-Puffs-Disposable-Vape.jpg\",\"contentUrl\":\"https:\/\/fumot.uk\/wp-content\/uploads\/2026\/01\/Strawberry-Pinacolada-JNR-Falcon-16000-Puffs-Disposable-Vape.jpg\",\"width\":2500,\"height\":2500},{\"@type\":\"BreadcrumbList\",\"@id\":\"https:\/\/fumot.uk\/product\/jnr-falcon-16000-puffs-strawberry-pinacolada\/#breadcrumb\",\"itemListElement\":[{\"@type\":\"ListItem\",\"position\":1,\"name\":\"Home\",\"item\":\"https:\/\/fumot.uk\/\"},{\"@type\":\"ListItem\",\"position\":2,\"name\":\"Shop\",\"item\":\"https:\/\/fumot.uk\/shop\/\"},{\"@type\":\"ListItem\",\"position\":3,\"name\":\"JNR Falcon 16000 Puffs Strawberry Pi\u00f1a Colada Disposable Vape (22ml, Dual Mesh, Adjustable Airflow)\"}]},{\"@type\":\"WebSite\",\"@id\":\"https:\/\/fumot.uk\/#website\",\"url\":\"https:\/\/fumot.uk\/\",\"name\":\"Fumot Official Direct | Straight from the Factory, 100% Genuine\",\"description\":\"Official Website\",\"publisher\":{\"@id\":\"https:\/\/fumot.uk\/#organization\"},\"potentialAction\":[{\"@type\":\"SearchAction\",\"target\":{\"@type\":\"EntryPoint\",\"urlTemplate\":\"https:\/\/fumot.uk\/?s={search_term_string}\"},\"query-input\":{\"@type\":\"PropertyValueSpecification\",\"valueRequired\":true,\"valueName\":\"search_term_string\"}}],\"inLanguage\":\"fr-FR\"},{\"@type\":\"Organization\",\"@id\":\"https:\/\/fumot.uk\/#organization\",\"name\":\"Fumot Official Direct | Straight from the Factory, 100% Genuine\",\"url\":\"https:\/\/fumot.uk\/\",\"logo\":{\"@type\":\"ImageObject\",\"inLanguage\":\"fr-FR\",\"@id\":\"https:\/\/fumot.uk\/#\/schema\/logo\/image\/\",\"url\":\"https:\/\/fumot.uk\/wp-content\/uploads\/2026\/01\/cropped-fumot-logo1.png\",\"contentUrl\":\"https:\/\/fumot.uk\/wp-content\/uploads\/2026\/01\/cropped-fumot-logo1.png\",\"width\":152,\"height\":106,\"caption\":\"Fumot Official Direct | Straight from the Factory, 100% Genuine\"},\"image\":{\"@id\":\"https:\/\/fumot.uk\/#\/schema\/logo\/image\/\"}}]}<\/script>\n<!-- \/ Yoast SEO plugin. -->","yoast_head_json":{"title":"JNR Falcon 16000 Fraise Pi\u00f1a Colada | Vape 22ml","description":"JNR Falcon 16000 Strawberry Pi\u00f1a Colada vape jetable : 22ml, Double Mesh Coil, flux d'air r\u00e9glable, rechargeable Type-C 850mAh. Nicotine 2%\/5%.","robots":{"index":"index","follow":"follow","max-snippet":"max-snippet:-1","max-image-preview":"max-image-preview:large","max-video-preview":"max-video-preview:-1"},"canonical":"https:\/\/fumot.uk\/fr\/product\/jnr-falcon-16000-puffs-strawberry-pinacolada\/","og_locale":"fr_FR","og_type":"article","og_title":"JNR Falcon 16000 Strawberry Pi\u00f1a Colada (22ml, Dual Mesh)","og_description":"Tropical strawberry meets coconut and pineapple. Up to 16000 puffs with adjustable airflow, Dual Mesh Coil, and 850mAh Type-C rechargeable battery. Shop on fumot.uk.","og_url":"https:\/\/fumot.uk\/fr\/product\/jnr-falcon-16000-puffs-strawberry-pinacolada\/","og_site_name":"Fumot Official Direct | Straight from the Factory, 100% Genuine","article_modified_time":"2026-01-21T08:42:30+00:00","og_image":[{"width":1024,"height":1024,"url":"https:\/\/fumot.uk\/wp-content\/uploads\/2026\/01\/Strawberry-Pinacolada-JNR-Falcon-16000-Puffs-Disposable-Vape-1024x1024.jpg","type":"image\/jpeg"}],"twitter_card":"summary_large_image","twitter_misc":{"Dur\u00e9e de lecture estim\u00e9e":"1 minute"},"schema":{"@context":"https:\/\/schema.org","@graph":[{"@type":"WebPage","@id":"https:\/\/fumot.uk\/product\/jnr-falcon-16000-puffs-strawberry-pinacolada\/","url":"https:\/\/fumot.uk\/product\/jnr-falcon-16000-puffs-strawberry-pinacolada\/","name":"JNR Falcon 16000 Fraise Pi\u00f1a Colada | Vape 22ml","isPartOf":{"@id":"https:\/\/fumot.uk\/#website"},"primaryImageOfPage":{"@id":"https:\/\/fumot.uk\/product\/jnr-falcon-16000-puffs-strawberry-pinacolada\/#primaryimage"},"image":{"@id":"https:\/\/fumot.uk\/product\/jnr-falcon-16000-puffs-strawberry-pinacolada\/#primaryimage"},"thumbnailUrl":"https:\/\/fumot.uk\/wp-content\/uploads\/2026\/01\/Strawberry-Pinacolada-JNR-Falcon-16000-Puffs-Disposable-Vape.jpg","datePublished":"2026-01-21T04:04:57+00:00","dateModified":"2026-01-21T08:42:30+00:00","description":"JNR Falcon 16000 Strawberry Pi\u00f1a Colada vape jetable : 22ml, Double Mesh Coil, flux d'air r\u00e9glable, rechargeable Type-C 850mAh. Nicotine 2%\/5%.","breadcrumb":{"@id":"https:\/\/fumot.uk\/product\/jnr-falcon-16000-puffs-strawberry-pinacolada\/#breadcrumb"},"inLanguage":"fr-FR","potentialAction":[{"@type":"ReadAction","target":["https:\/\/fumot.uk\/product\/jnr-falcon-16000-puffs-strawberry-pinacolada\/"]}]},{"@type":"ImageObject","inLanguage":"fr-FR","@id":"https:\/\/fumot.uk\/product\/jnr-falcon-16000-puffs-strawberry-pinacolada\/#primaryimage","url":"https:\/\/fumot.uk\/wp-content\/uploads\/2026\/01\/Strawberry-Pinacolada-JNR-Falcon-16000-Puffs-Disposable-Vape.jpg","contentUrl":"https:\/\/fumot.uk\/wp-content\/uploads\/2026\/01\/Strawberry-Pinacolada-JNR-Falcon-16000-Puffs-Disposable-Vape.jpg","width":2500,"height":2500},{"@type":"BreadcrumbList","@id":"https:\/\/fumot.uk\/product\/jnr-falcon-16000-puffs-strawberry-pinacolada\/#breadcrumb","itemListElement":[{"@type":"ListItem","position":1,"name":"Home","item":"https:\/\/fumot.uk\/"},{"@type":"ListItem","position":2,"name":"Shop","item":"https:\/\/fumot.uk\/shop\/"},{"@type":"ListItem","position":3,"name":"JNR Falcon 16000 Puffs Strawberry Pi\u00f1a Colada Disposable Vape (22ml, Dual Mesh, Adjustable Airflow)"}]},{"@type":"WebSite","@id":"https:\/\/fumot.uk\/#website","url":"https:\/\/fumot.uk\/","name":"Fumot Official Direct | Directement de l'usine, 100% Authentique","description":"Site officiel","publisher":{"@id":"https:\/\/fumot.uk\/#organization"},"potentialAction":[{"@type":"SearchAction","target":{"@type":"EntryPoint","urlTemplate":"https:\/\/fumot.uk\/?s={search_term_string}"},"query-input":{"@type":"PropertyValueSpecification","valueRequired":true,"valueName":"search_term_string"}}],"inLanguage":"fr-FR"},{"@type":"Organization","@id":"https:\/\/fumot.uk\/#organization","name":"Fumot Official Direct | Directement de l'usine, 100% Authentique","url":"https:\/\/fumot.uk\/","logo":{"@type":"ImageObject","inLanguage":"fr-FR","@id":"https:\/\/fumot.uk\/#\/schema\/logo\/image\/","url":"https:\/\/fumot.uk\/wp-content\/uploads\/2026\/01\/cropped-fumot-logo1.png","contentUrl":"https:\/\/fumot.uk\/wp-content\/uploads\/2026\/01\/cropped-fumot-logo1.png","width":152,"height":106,"caption":"Fumot Official Direct | Straight from the Factory, 100% Genuine"},"image":{"@id":"https:\/\/fumot.uk\/#\/schema\/logo\/image\/"}}]}},"_links":{"self":[{"href":"https:\/\/fumot.uk\/fr\/wp-json\/wp\/v2\/product\/3834","targetHints":{"allow":["GET"]}}],"collection":[{"href":"https:\/\/fumot.uk\/fr\/wp-json\/wp\/v2\/product"}],"about":[{"href":"https:\/\/fumot.uk\/fr\/wp-json\/wp\/v2\/types\/product"}],"replies":[{"embeddable":true,"href":"https:\/\/fumot.uk\/fr\/wp-json\/wp\/v2\/comments?post=3834"}],"wp:featuredmedia":[{"embeddable":true,"href":"https:\/\/fumot.uk\/fr\/wp-json\/wp\/v2\/media\/3874"}],"wp:attachment":[{"href":"https:\/\/fumot.uk\/fr\/wp-json\/wp\/v2\/media?parent=3834"}],"wp:term":[{"taxonomy":"product_brand","embeddable":true,"href":"https:\/\/fumot.uk\/fr\/wp-json\/wp\/v2\/product_brand?post=3834"},{"taxonomy":"product_cat","embeddable":true,"href":"https:\/\/fumot.uk\/fr\/wp-json\/wp\/v2\/product_cat?post=3834"},{"taxonomy":"product_tag","embeddable":true,"href":"https:\/\/fumot.uk\/fr\/wp-json\/wp\/v2\/product_tag?post=3834"}],"curies":[{"name":"wp","href":"https:\/\/api.w.org\/{rel}","templated":true}]}}