{"id":3832,"date":"2026-01-21T04:04:57","date_gmt":"2026-01-21T04:04:57","guid":{"rendered":"https:\/\/fumot.uk\/?post_type=product&#038;p=3832"},"modified":"2026-01-21T08:43:25","modified_gmt":"2026-01-21T08:43:25","slug":"jnr-falcon-16000-puffs-passion-fruit-kiwi","status":"publish","type":"product","link":"https:\/\/fumot.uk\/fr\/product\/jnr-falcon-16000-puffs-passion-fruit-kiwi\/","title":{"rendered":"JNR Falcon 16000 Puffs Fruit de la Passion Kiwi Vape Jetable (22ml, Double Mesh, Flux d'Air R\u00e9glable)"},"content":{"rendered":"<p><strong>JNR Falcon 16000 Puffs \u2013 Fruit de la passion Kiwi<\/strong> m\u00e9lange un design cristallin remarquable avec une performance fiable pour une vape douce et ax\u00e9e sur la saveur. Construit avec un <strong>Double Bobine Mesh<\/strong> pour un chauffage plus uniforme et une vapeur constante, il dispose \u00e9galement <strong>flux d'air r\u00e9glable<\/strong> afin que vous puissiez affiner votre tirage de plus a\u00e9r\u00e9 \u00e0 plus restreint\u2014selon votre pr\u00e9f\u00e9rence.<\/p>\n<p><strong>Saveur : Fruit de la passion Kiwi<\/strong><br \/>Le fruit de la passion tropical apporte une note sucr\u00e9e-acidul\u00e9e vive, tandis que le kiwi ajoute une finition fruit\u00e9e, croquante et rafra\u00eechissante. Le r\u00e9sultat est un go\u00fbt en couches qui reste vif de la premi\u00e8re \u00e0 la derni\u00e8re bouff\u00e9e\u2014fruit\u00e9, \u00e9quilibr\u00e9 et pur.<\/p>\n<h3><strong>Caract\u00e9ristiques cl\u00e9s<\/strong><\/h3>\n<ul>\n<li><strong>Bouff\u00e9es :<\/strong> Jusqu'\u00e0 16000<\/li>\n<li><strong>Capacit\u00e9 de e-liquide :<\/strong> 22ml<\/li>\n<li><strong>Options de nicotine :<\/strong> 2% ou 5%<\/li>\n<li><strong>Batterie :<\/strong> 850mAh rechargeable<\/li>\n<li><strong>Chargement :<\/strong> Type-C<\/li>\n<li><strong>R\u00e9sistance :<\/strong> Double Bobine Mesh<\/li>\n<li><strong>Flux d'air :<\/strong> Contr\u00f4le du flux d'air r\u00e9glable<\/li>\n<li><strong>R\u00e9sistance :<\/strong> 1\u03a9<\/li>\n<li><strong>Design :<\/strong> Finition inspir\u00e9e du cristal pour un look et une sensation premium<\/li>\n<li><strong>Gamme de saveurs :<\/strong> 20 saveurs disponibles dans la s\u00e9rie<\/li>\n<\/ul>\n<h3><strong>Pourquoi vous allez l'adorer<\/strong><\/h3>\n<ul>\n<li><strong>Livraison de saveur constante<\/strong> gr\u00e2ce au chauffage Dual Mesh<\/li>\n<li><strong>Contr\u00f4le de tirage personnalis\u00e9<\/strong> avec flux d'air ajustable<\/li>\n<li><strong>Commodit\u00e9 durable<\/strong> avec une grande capacit\u00e9 de 22 ml et une batterie rechargeable<\/li>\n<\/ul>\n<p>Vous cherchez plus d'options ax\u00e9es sur les fruits ou la gamme compl\u00e8te <strong>JNR Falcon 16000 Puffs<\/strong> ? D\u00e9couvrez plus sur <a href=\"https:\/\/fumot.uk\/fr\/\">fumot.uk<\/a>.<\/p>","protected":false},"excerpt":{"rendered":"<p>JNR Falcon 16000 Puffs Fruit de la passion Kiwi vape jetable avec 22ml d'e-liquide, Double Mesh Coil, flux d'air r\u00e9glable, et batterie rechargeable 850mAh Type\u2011C. Nicotine : 2% ou 5%.<\/p>","protected":false},"featured_media":3872,"comment_status":"open","ping_status":"closed","template":"","meta":[],"product_brand":[],"product_cat":[191,192,17],"product_tag":[193,20,21,113,72,73,45,46,26,62,28],"class_list":{"0":"post-3832","1":"product","2":"type-product","3":"status-publish","4":"has-post-thumbnail","6":"product_cat-16000-puff","7":"product_cat-jnr-falcon-16000-puffs","8":"product_cat-vape","9":"product_tag-22ml","10":"product_tag-850mah","11":"product_tag-adjustable-airflow","12":"product_tag-crystal-vape","13":"product_tag-direct-to-lung","14":"product_tag-dual-mesh","15":"product_tag-kiwi","16":"product_tag-passion-fruit","17":"product_tag-rechargeable","18":"product_tag-sale-vape","19":"product_tag-type-c","21":"first","22":"instock","23":"sale","24":"shipping-taxable","25":"purchasable","26":"product-type-variable","27":"has-default-attributes"},"yoast_head":"<!-- This site is optimized with the Yoast SEO plugin v26.8 - https:\/\/yoast.com\/product\/yoast-seo-wordpress\/ -->\n<title>JNR Falcon 16000 Passion Fruit Kiwi | 22ml Dual Mesh<\/title>\n<meta name=\"description\" content=\"JNR Falcon 16000 Puffs Passion Fruit Kiwi: 22ml, Dual Mesh Coil, adjustable airflow, 850mAh rechargeable Type\u2011C. Choose 2% or 5% nicotine.\" \/>\n<meta name=\"robots\" content=\"index, follow, max-snippet:-1, max-image-preview:large, max-video-preview:-1\" \/>\n<link rel=\"canonical\" href=\"https:\/\/fumot.uk\/fr\/product\/jnr-falcon-16000-puffs-passion-fruit-kiwi\/\" \/>\n<meta property=\"og:locale\" content=\"fr_FR\" \/>\n<meta property=\"og:type\" content=\"article\" \/>\n<meta property=\"og:title\" content=\"JNR Falcon 16000 Puffs \u2013 Passion Fruit Kiwi\" \/>\n<meta property=\"og:description\" content=\"Tropical passion fruit meets crisp kiwi. 22ml capacity, Dual Mesh Coil, adjustable airflow, 850mAh Type\u2011C rechargeable. 2% or 5% nicotine.\" \/>\n<meta property=\"og:url\" content=\"https:\/\/fumot.uk\/fr\/product\/jnr-falcon-16000-puffs-passion-fruit-kiwi\/\" \/>\n<meta property=\"og:site_name\" content=\"Fumot Official Direct | Straight from the Factory, 100% Genuine\" \/>\n<meta property=\"article:modified_time\" content=\"2026-01-21T08:43:25+00:00\" \/>\n<meta property=\"og:image\" content=\"https:\/\/fumot.uk\/wp-content\/uploads\/2026\/01\/Passion-Fruit-Kiwi_JNR-Falcon-16000-Puffs-Disposable-Vape-1024x1024.jpg\" \/>\n\t<meta property=\"og:image:width\" content=\"1024\" \/>\n\t<meta property=\"og:image:height\" content=\"1024\" \/>\n\t<meta property=\"og:image:type\" content=\"image\/jpeg\" \/>\n<meta name=\"twitter:card\" content=\"summary_large_image\" \/>\n<meta name=\"twitter:label1\" content=\"Dur\u00e9e de lecture estim\u00e9e\" \/>\n\t<meta name=\"twitter:data1\" content=\"1 minute\" \/>\n<script type=\"application\/ld+json\" class=\"yoast-schema-graph\">{\"@context\":\"https:\/\/schema.org\",\"@graph\":[{\"@type\":\"WebPage\",\"@id\":\"https:\/\/fumot.uk\/product\/jnr-falcon-16000-puffs-passion-fruit-kiwi\/\",\"url\":\"https:\/\/fumot.uk\/product\/jnr-falcon-16000-puffs-passion-fruit-kiwi\/\",\"name\":\"JNR Falcon 16000 Passion Fruit Kiwi | 22ml Dual Mesh\",\"isPartOf\":{\"@id\":\"https:\/\/fumot.uk\/#website\"},\"primaryImageOfPage\":{\"@id\":\"https:\/\/fumot.uk\/product\/jnr-falcon-16000-puffs-passion-fruit-kiwi\/#primaryimage\"},\"image\":{\"@id\":\"https:\/\/fumot.uk\/product\/jnr-falcon-16000-puffs-passion-fruit-kiwi\/#primaryimage\"},\"thumbnailUrl\":\"https:\/\/fumot.uk\/wp-content\/uploads\/2026\/01\/Passion-Fruit-Kiwi_JNR-Falcon-16000-Puffs-Disposable-Vape.jpg\",\"datePublished\":\"2026-01-21T04:04:57+00:00\",\"dateModified\":\"2026-01-21T08:43:25+00:00\",\"description\":\"JNR Falcon 16000 Puffs Passion Fruit Kiwi: 22ml, Dual Mesh Coil, adjustable airflow, 850mAh rechargeable Type\u2011C. Choose 2% or 5% nicotine.\",\"breadcrumb\":{\"@id\":\"https:\/\/fumot.uk\/product\/jnr-falcon-16000-puffs-passion-fruit-kiwi\/#breadcrumb\"},\"inLanguage\":\"fr-FR\",\"potentialAction\":[{\"@type\":\"ReadAction\",\"target\":[\"https:\/\/fumot.uk\/product\/jnr-falcon-16000-puffs-passion-fruit-kiwi\/\"]}]},{\"@type\":\"ImageObject\",\"inLanguage\":\"fr-FR\",\"@id\":\"https:\/\/fumot.uk\/product\/jnr-falcon-16000-puffs-passion-fruit-kiwi\/#primaryimage\",\"url\":\"https:\/\/fumot.uk\/wp-content\/uploads\/2026\/01\/Passion-Fruit-Kiwi_JNR-Falcon-16000-Puffs-Disposable-Vape.jpg\",\"contentUrl\":\"https:\/\/fumot.uk\/wp-content\/uploads\/2026\/01\/Passion-Fruit-Kiwi_JNR-Falcon-16000-Puffs-Disposable-Vape.jpg\",\"width\":2500,\"height\":2500},{\"@type\":\"BreadcrumbList\",\"@id\":\"https:\/\/fumot.uk\/product\/jnr-falcon-16000-puffs-passion-fruit-kiwi\/#breadcrumb\",\"itemListElement\":[{\"@type\":\"ListItem\",\"position\":1,\"name\":\"Home\",\"item\":\"https:\/\/fumot.uk\/\"},{\"@type\":\"ListItem\",\"position\":2,\"name\":\"Shop\",\"item\":\"https:\/\/fumot.uk\/shop\/\"},{\"@type\":\"ListItem\",\"position\":3,\"name\":\"JNR Falcon 16000 Puffs Passion Fruit Kiwi Disposable Vape (22ml, Dual Mesh, Adjustable Airflow)\"}]},{\"@type\":\"WebSite\",\"@id\":\"https:\/\/fumot.uk\/#website\",\"url\":\"https:\/\/fumot.uk\/\",\"name\":\"Fumot Official Direct | Straight from the Factory, 100% Genuine\",\"description\":\"Official Website\",\"publisher\":{\"@id\":\"https:\/\/fumot.uk\/#organization\"},\"potentialAction\":[{\"@type\":\"SearchAction\",\"target\":{\"@type\":\"EntryPoint\",\"urlTemplate\":\"https:\/\/fumot.uk\/?s={search_term_string}\"},\"query-input\":{\"@type\":\"PropertyValueSpecification\",\"valueRequired\":true,\"valueName\":\"search_term_string\"}}],\"inLanguage\":\"fr-FR\"},{\"@type\":\"Organization\",\"@id\":\"https:\/\/fumot.uk\/#organization\",\"name\":\"Fumot Official Direct | Straight from the Factory, 100% Genuine\",\"url\":\"https:\/\/fumot.uk\/\",\"logo\":{\"@type\":\"ImageObject\",\"inLanguage\":\"fr-FR\",\"@id\":\"https:\/\/fumot.uk\/#\/schema\/logo\/image\/\",\"url\":\"https:\/\/fumot.uk\/wp-content\/uploads\/2026\/01\/cropped-fumot-logo1.png\",\"contentUrl\":\"https:\/\/fumot.uk\/wp-content\/uploads\/2026\/01\/cropped-fumot-logo1.png\",\"width\":152,\"height\":106,\"caption\":\"Fumot Official Direct | Straight from the Factory, 100% Genuine\"},\"image\":{\"@id\":\"https:\/\/fumot.uk\/#\/schema\/logo\/image\/\"}}]}<\/script>\n<!-- \/ Yoast SEO plugin. -->","yoast_head_json":{"title":"JNR Falcon 16000 Fruit de la Passion Kiwi | 22ml Double Maille","description":"JNR Falcon 16000 Puffs Fruit de la Passion Kiwi : 22ml, Double Bobine en Maille, flux d'air r\u00e9glable, 850mAh rechargeable Type\u2011C. Choisissez 2% ou 5% nicotine.","robots":{"index":"index","follow":"follow","max-snippet":"max-snippet:-1","max-image-preview":"max-image-preview:large","max-video-preview":"max-video-preview:-1"},"canonical":"https:\/\/fumot.uk\/fr\/product\/jnr-falcon-16000-puffs-passion-fruit-kiwi\/","og_locale":"fr_FR","og_type":"article","og_title":"JNR Falcon 16000 Puffs \u2013 Passion Fruit Kiwi","og_description":"Tropical passion fruit meets crisp kiwi. 22ml capacity, Dual Mesh Coil, adjustable airflow, 850mAh Type\u2011C rechargeable. 2% or 5% nicotine.","og_url":"https:\/\/fumot.uk\/fr\/product\/jnr-falcon-16000-puffs-passion-fruit-kiwi\/","og_site_name":"Fumot Official Direct | Straight from the Factory, 100% Genuine","article_modified_time":"2026-01-21T08:43:25+00:00","og_image":[{"width":1024,"height":1024,"url":"https:\/\/fumot.uk\/wp-content\/uploads\/2026\/01\/Passion-Fruit-Kiwi_JNR-Falcon-16000-Puffs-Disposable-Vape-1024x1024.jpg","type":"image\/jpeg"}],"twitter_card":"summary_large_image","twitter_misc":{"Dur\u00e9e de lecture estim\u00e9e":"1 minute"},"schema":{"@context":"https:\/\/schema.org","@graph":[{"@type":"WebPage","@id":"https:\/\/fumot.uk\/product\/jnr-falcon-16000-puffs-passion-fruit-kiwi\/","url":"https:\/\/fumot.uk\/product\/jnr-falcon-16000-puffs-passion-fruit-kiwi\/","name":"JNR Falcon 16000 Fruit de la Passion Kiwi | 22ml Double Maille","isPartOf":{"@id":"https:\/\/fumot.uk\/#website"},"primaryImageOfPage":{"@id":"https:\/\/fumot.uk\/product\/jnr-falcon-16000-puffs-passion-fruit-kiwi\/#primaryimage"},"image":{"@id":"https:\/\/fumot.uk\/product\/jnr-falcon-16000-puffs-passion-fruit-kiwi\/#primaryimage"},"thumbnailUrl":"https:\/\/fumot.uk\/wp-content\/uploads\/2026\/01\/Passion-Fruit-Kiwi_JNR-Falcon-16000-Puffs-Disposable-Vape.jpg","datePublished":"2026-01-21T04:04:57+00:00","dateModified":"2026-01-21T08:43:25+00:00","description":"JNR Falcon 16000 Puffs Fruit de la Passion Kiwi : 22ml, Double Bobine en Maille, flux d'air r\u00e9glable, 850mAh rechargeable Type\u2011C. Choisissez 2% ou 5% nicotine.","breadcrumb":{"@id":"https:\/\/fumot.uk\/product\/jnr-falcon-16000-puffs-passion-fruit-kiwi\/#breadcrumb"},"inLanguage":"fr-FR","potentialAction":[{"@type":"ReadAction","target":["https:\/\/fumot.uk\/product\/jnr-falcon-16000-puffs-passion-fruit-kiwi\/"]}]},{"@type":"ImageObject","inLanguage":"fr-FR","@id":"https:\/\/fumot.uk\/product\/jnr-falcon-16000-puffs-passion-fruit-kiwi\/#primaryimage","url":"https:\/\/fumot.uk\/wp-content\/uploads\/2026\/01\/Passion-Fruit-Kiwi_JNR-Falcon-16000-Puffs-Disposable-Vape.jpg","contentUrl":"https:\/\/fumot.uk\/wp-content\/uploads\/2026\/01\/Passion-Fruit-Kiwi_JNR-Falcon-16000-Puffs-Disposable-Vape.jpg","width":2500,"height":2500},{"@type":"BreadcrumbList","@id":"https:\/\/fumot.uk\/product\/jnr-falcon-16000-puffs-passion-fruit-kiwi\/#breadcrumb","itemListElement":[{"@type":"ListItem","position":1,"name":"Home","item":"https:\/\/fumot.uk\/"},{"@type":"ListItem","position":2,"name":"Shop","item":"https:\/\/fumot.uk\/shop\/"},{"@type":"ListItem","position":3,"name":"JNR Falcon 16000 Puffs Passion Fruit Kiwi Disposable Vape (22ml, Dual Mesh, Adjustable Airflow)"}]},{"@type":"WebSite","@id":"https:\/\/fumot.uk\/#website","url":"https:\/\/fumot.uk\/","name":"Fumot Official Direct | Directement de l'usine, 100% Authentique","description":"Site officiel","publisher":{"@id":"https:\/\/fumot.uk\/#organization"},"potentialAction":[{"@type":"SearchAction","target":{"@type":"EntryPoint","urlTemplate":"https:\/\/fumot.uk\/?s={search_term_string}"},"query-input":{"@type":"PropertyValueSpecification","valueRequired":true,"valueName":"search_term_string"}}],"inLanguage":"fr-FR"},{"@type":"Organization","@id":"https:\/\/fumot.uk\/#organization","name":"Fumot Official Direct | Directement de l'usine, 100% Authentique","url":"https:\/\/fumot.uk\/","logo":{"@type":"ImageObject","inLanguage":"fr-FR","@id":"https:\/\/fumot.uk\/#\/schema\/logo\/image\/","url":"https:\/\/fumot.uk\/wp-content\/uploads\/2026\/01\/cropped-fumot-logo1.png","contentUrl":"https:\/\/fumot.uk\/wp-content\/uploads\/2026\/01\/cropped-fumot-logo1.png","width":152,"height":106,"caption":"Fumot Official Direct | Straight from the Factory, 100% Genuine"},"image":{"@id":"https:\/\/fumot.uk\/#\/schema\/logo\/image\/"}}]}},"_links":{"self":[{"href":"https:\/\/fumot.uk\/fr\/wp-json\/wp\/v2\/product\/3832","targetHints":{"allow":["GET"]}}],"collection":[{"href":"https:\/\/fumot.uk\/fr\/wp-json\/wp\/v2\/product"}],"about":[{"href":"https:\/\/fumot.uk\/fr\/wp-json\/wp\/v2\/types\/product"}],"replies":[{"embeddable":true,"href":"https:\/\/fumot.uk\/fr\/wp-json\/wp\/v2\/comments?post=3832"}],"wp:featuredmedia":[{"embeddable":true,"href":"https:\/\/fumot.uk\/fr\/wp-json\/wp\/v2\/media\/3872"}],"wp:attachment":[{"href":"https:\/\/fumot.uk\/fr\/wp-json\/wp\/v2\/media?parent=3832"}],"wp:term":[{"taxonomy":"product_brand","embeddable":true,"href":"https:\/\/fumot.uk\/fr\/wp-json\/wp\/v2\/product_brand?post=3832"},{"taxonomy":"product_cat","embeddable":true,"href":"https:\/\/fumot.uk\/fr\/wp-json\/wp\/v2\/product_cat?post=3832"},{"taxonomy":"product_tag","embeddable":true,"href":"https:\/\/fumot.uk\/fr\/wp-json\/wp\/v2\/product_tag?post=3832"}],"curies":[{"name":"wp","href":"https:\/\/api.w.org\/{rel}","templated":true}]}}