{"id":3831,"date":"2026-01-21T04:04:57","date_gmt":"2026-01-21T04:04:57","guid":{"rendered":"https:\/\/fumot.uk\/?post_type=product&#038;p=3831"},"modified":"2026-01-21T08:41:37","modified_gmt":"2026-01-21T08:41:37","slug":"jnr-falcon-16000-puffs-mango-passion-fruit","status":"publish","type":"product","link":"https:\/\/fumot.uk\/fr\/product\/jnr-falcon-16000-puffs-mango-passion-fruit\/","title":{"rendered":"JNR Falcon 16000 Puffs Vape Jetable Mangue Fruit de la Passion (22ml, Double Mesh, Flux d'Air Ajustable)"},"content":{"rendered":"<p><strong>JNR Falcon 16000 Puffs \u2013 Mangue Fruit de la Passion<\/strong> offre un m\u00e9lange tropical \u00e9clatant dans un appareil au style cristal \u00e9l\u00e9gant. Avec <strong>Double Bobine Mesh<\/strong> un chauffage pour une saveur constante et un <strong>flux d'air r\u00e9glable<\/strong> curseur, vous pouvez ajuster chaque bouff\u00e9e de plus douce \u00e0 plus ouverte\u2014id\u00e9al pour une session de vape satisfaisante et personnalis\u00e9e.<\/p>\n<p>La saveur est tout en contraste : <strong>mangue m\u00fbrie au soleil<\/strong> douceur en t\u00eate, suivie par <strong>l'\u00e9clat frais et sucr\u00e9-acidul\u00e9 du fruit de la passion<\/strong>. C\u2019est juteux, frais et facile \u00e0 appr\u00e9cier toute la journ\u00e9e sans \u00eatre lourd.<\/p>\n<h3><strong>Caract\u00e9ristiques cl\u00e9s<\/strong><\/h3>\n<ul>\n<li><strong>Jusqu'\u00e0 16000 bouff\u00e9es<\/strong> (l'utilisation varie selon la longueur du tirage)<\/li>\n<li><strong>22ml<\/strong> capacit\u00e9 de e-liquide<\/li>\n<li><strong>Options de nicotine :<\/strong> 2% ou 5%<\/li>\n<li><strong>Double Bobine Mesh<\/strong> pour un chauffage uniforme et une vapeur dense<\/li>\n<li><strong>Flux d'air ajustable<\/strong> pour un tirage personnalis\u00e9<\/li>\n<li><strong>Batterie rechargeable 850mAh<\/strong><\/li>\n<li><strong>charge Type-C<\/strong> (c\u00e2ble non inclus)<\/li>\n<li><strong>R\u00e9sistance de 1.0\u03a9<\/strong><\/li>\n<li><strong>Design style cristal<\/strong> avec une sensation premium<\/li>\n<\/ul>\n<h3><strong>Pourquoi Vous Aimerez Mangue Fruit de la Passion<\/strong><\/h3>\n<ul>\n<li><strong>Saveur tropicale vibrante<\/strong> qui reste fra\u00eeche du d\u00e9but \u00e0 la fin<\/li>\n<li><strong>Douceur \u00e9quilibr\u00e9e<\/strong> avec une finition l\u00e9g\u00e8rement acidul\u00e9e<\/li>\n<li><strong>Parfait pour les amateurs de saveurs fruit\u00e9es<\/strong> qui recherchent quelque chose de rafra\u00eechissant, pas de type bonbon<\/li>\n<\/ul>\n<p>Explorez plus de saveurs et la gamme compl\u00e8te sur <a href=\"https:\/\/fumot.uk\/fr\/\" target=\"_blank\" rel=\"noopener\">fumot.uk<\/a>, ou parcourez notre <a href=\"https:\/\/fumot.uk\/fr\/product-category\/jnr-falcon-16000-puffs\/\" target=\"_blank\" rel=\"noopener\">collection JNR Falcon 16000 Puffs<\/a>. Si vous appr\u00e9ciez ce profil, consultez nos <a href=\"https:\/\/fumot.uk\/fr\/product-tag\/mango\/\" target=\"_blank\" rel=\"noopener\">Mangue<\/a> options \u00e9galement.<\/p>\n<p><small>Remarque : Ce produit contient de la nicotine. La nicotine est une substance chimique addictive. Ne pas vendre aux mineurs.<\/small><\/p>","protected":false},"excerpt":{"rendered":"<p>Tropical et rafra\u00eechissant : JNR Falcon 16000 Puffs Mangue Fruit de la Passion avec 22ml de e-liquide, Double R\u00e9sistance Mesh, flux d'air r\u00e9glable, et une batterie rechargeable 850mAh Type\u2011C. Nicotine : 2% ou 5%.<\/p>","protected":false},"featured_media":3871,"comment_status":"open","ping_status":"closed","template":"","meta":[],"product_brand":[],"product_cat":[191,192,17],"product_tag":[193,20,21,113,72,73,42,46,26,62,28],"class_list":{"0":"post-3831","1":"product","2":"type-product","3":"status-publish","4":"has-post-thumbnail","6":"product_cat-16000-puff","7":"product_cat-jnr-falcon-16000-puffs","8":"product_cat-vape","9":"product_tag-22ml","10":"product_tag-850mah","11":"product_tag-adjustable-airflow","12":"product_tag-crystal-vape","13":"product_tag-direct-to-lung","14":"product_tag-dual-mesh","15":"product_tag-mango","16":"product_tag-passion-fruit","17":"product_tag-rechargeable","18":"product_tag-sale-vape","19":"product_tag-type-c","21":"first","22":"instock","23":"sale","24":"shipping-taxable","25":"purchasable","26":"product-type-variable","27":"has-default-attributes"},"yoast_head":"<!-- This site is optimized with the Yoast SEO plugin v26.8 - https:\/\/yoast.com\/product\/yoast-seo-wordpress\/ -->\n<title>JNR Falcon 16000 Mango Passion Fruit | 16000 Puffs<\/title>\n<meta name=\"description\" content=\"JNR Falcon 16000 Puffs Mango Passion Fruit: 22ml, Dual Mesh Coil, adjustable airflow, 850mAh rechargeable Type\u2011C. Choose 2% or 5% nicotine.\" \/>\n<meta name=\"robots\" content=\"index, follow, max-snippet:-1, max-image-preview:large, max-video-preview:-1\" \/>\n<link rel=\"canonical\" href=\"https:\/\/fumot.uk\/fr\/product\/jnr-falcon-16000-puffs-mango-passion-fruit\/\" \/>\n<meta property=\"og:locale\" content=\"fr_FR\" \/>\n<meta property=\"og:type\" content=\"article\" \/>\n<meta property=\"og:title\" content=\"JNR Falcon 16000 Puffs \u2013 Mango Passion Fruit\" \/>\n<meta property=\"og:description\" content=\"Juicy mango meets tangy passion fruit in a crystal-style disposable vape. 22ml, Dual Mesh Coil, adjustable airflow, 850mAh Type\u2011C rechargeable.\" \/>\n<meta property=\"og:url\" content=\"https:\/\/fumot.uk\/fr\/product\/jnr-falcon-16000-puffs-mango-passion-fruit\/\" \/>\n<meta property=\"og:site_name\" content=\"Fumot Official Direct | Straight from the Factory, 100% Genuine\" \/>\n<meta property=\"article:modified_time\" content=\"2026-01-21T08:41:37+00:00\" \/>\n<meta property=\"og:image\" content=\"https:\/\/fumot.uk\/wp-content\/uploads\/2026\/01\/Mango-Passion-Fruit-JNR-Falcon-16000-Puffs-Disposable-Vape-1024x1024.jpg\" \/>\n\t<meta property=\"og:image:width\" content=\"1024\" \/>\n\t<meta property=\"og:image:height\" content=\"1024\" \/>\n\t<meta property=\"og:image:type\" content=\"image\/jpeg\" \/>\n<meta name=\"twitter:card\" content=\"summary_large_image\" \/>\n<meta name=\"twitter:label1\" content=\"Dur\u00e9e de lecture estim\u00e9e\" \/>\n\t<meta name=\"twitter:data1\" content=\"1 minute\" \/>\n<script type=\"application\/ld+json\" class=\"yoast-schema-graph\">{\"@context\":\"https:\/\/schema.org\",\"@graph\":[{\"@type\":\"WebPage\",\"@id\":\"https:\/\/fumot.uk\/product\/jnr-falcon-16000-puffs-mango-passion-fruit\/\",\"url\":\"https:\/\/fumot.uk\/product\/jnr-falcon-16000-puffs-mango-passion-fruit\/\",\"name\":\"JNR Falcon 16000 Mango Passion Fruit | 16000 Puffs\",\"isPartOf\":{\"@id\":\"https:\/\/fumot.uk\/#website\"},\"primaryImageOfPage\":{\"@id\":\"https:\/\/fumot.uk\/product\/jnr-falcon-16000-puffs-mango-passion-fruit\/#primaryimage\"},\"image\":{\"@id\":\"https:\/\/fumot.uk\/product\/jnr-falcon-16000-puffs-mango-passion-fruit\/#primaryimage\"},\"thumbnailUrl\":\"https:\/\/fumot.uk\/wp-content\/uploads\/2026\/01\/Mango-Passion-Fruit-JNR-Falcon-16000-Puffs-Disposable-Vape.jpg\",\"datePublished\":\"2026-01-21T04:04:57+00:00\",\"dateModified\":\"2026-01-21T08:41:37+00:00\",\"description\":\"JNR Falcon 16000 Puffs Mango Passion Fruit: 22ml, Dual Mesh Coil, adjustable airflow, 850mAh rechargeable Type\u2011C. Choose 2% or 5% nicotine.\",\"breadcrumb\":{\"@id\":\"https:\/\/fumot.uk\/product\/jnr-falcon-16000-puffs-mango-passion-fruit\/#breadcrumb\"},\"inLanguage\":\"fr-FR\",\"potentialAction\":[{\"@type\":\"ReadAction\",\"target\":[\"https:\/\/fumot.uk\/product\/jnr-falcon-16000-puffs-mango-passion-fruit\/\"]}]},{\"@type\":\"ImageObject\",\"inLanguage\":\"fr-FR\",\"@id\":\"https:\/\/fumot.uk\/product\/jnr-falcon-16000-puffs-mango-passion-fruit\/#primaryimage\",\"url\":\"https:\/\/fumot.uk\/wp-content\/uploads\/2026\/01\/Mango-Passion-Fruit-JNR-Falcon-16000-Puffs-Disposable-Vape.jpg\",\"contentUrl\":\"https:\/\/fumot.uk\/wp-content\/uploads\/2026\/01\/Mango-Passion-Fruit-JNR-Falcon-16000-Puffs-Disposable-Vape.jpg\",\"width\":2500,\"height\":2500},{\"@type\":\"BreadcrumbList\",\"@id\":\"https:\/\/fumot.uk\/product\/jnr-falcon-16000-puffs-mango-passion-fruit\/#breadcrumb\",\"itemListElement\":[{\"@type\":\"ListItem\",\"position\":1,\"name\":\"Home\",\"item\":\"https:\/\/fumot.uk\/\"},{\"@type\":\"ListItem\",\"position\":2,\"name\":\"Shop\",\"item\":\"https:\/\/fumot.uk\/shop\/\"},{\"@type\":\"ListItem\",\"position\":3,\"name\":\"JNR Falcon 16000 Puffs Mango Passion Fruit Disposable Vape (22ml, Dual Mesh, Adjustable Airflow)\"}]},{\"@type\":\"WebSite\",\"@id\":\"https:\/\/fumot.uk\/#website\",\"url\":\"https:\/\/fumot.uk\/\",\"name\":\"Fumot Official Direct | Straight from the Factory, 100% Genuine\",\"description\":\"Official Website\",\"publisher\":{\"@id\":\"https:\/\/fumot.uk\/#organization\"},\"potentialAction\":[{\"@type\":\"SearchAction\",\"target\":{\"@type\":\"EntryPoint\",\"urlTemplate\":\"https:\/\/fumot.uk\/?s={search_term_string}\"},\"query-input\":{\"@type\":\"PropertyValueSpecification\",\"valueRequired\":true,\"valueName\":\"search_term_string\"}}],\"inLanguage\":\"fr-FR\"},{\"@type\":\"Organization\",\"@id\":\"https:\/\/fumot.uk\/#organization\",\"name\":\"Fumot Official Direct | Straight from the Factory, 100% Genuine\",\"url\":\"https:\/\/fumot.uk\/\",\"logo\":{\"@type\":\"ImageObject\",\"inLanguage\":\"fr-FR\",\"@id\":\"https:\/\/fumot.uk\/#\/schema\/logo\/image\/\",\"url\":\"https:\/\/fumot.uk\/wp-content\/uploads\/2026\/01\/cropped-fumot-logo1.png\",\"contentUrl\":\"https:\/\/fumot.uk\/wp-content\/uploads\/2026\/01\/cropped-fumot-logo1.png\",\"width\":152,\"height\":106,\"caption\":\"Fumot Official Direct | Straight from the Factory, 100% Genuine\"},\"image\":{\"@id\":\"https:\/\/fumot.uk\/#\/schema\/logo\/image\/\"}}]}<\/script>\n<!-- \/ Yoast SEO plugin. -->","yoast_head_json":{"title":"JNR Falcon 16000 Mangue Fruit de la Passion | 16000 Bouff\u00e9es","description":"JNR Falcon 16000 Puffs Mangue Fruit de la Passion : 22ml, Double R\u00e9sistance Mesh, flux d'air r\u00e9glable, 850mAh rechargeable Type\u2011C. Choisissez 2% ou 5% nicotine.","robots":{"index":"index","follow":"follow","max-snippet":"max-snippet:-1","max-image-preview":"max-image-preview:large","max-video-preview":"max-video-preview:-1"},"canonical":"https:\/\/fumot.uk\/fr\/product\/jnr-falcon-16000-puffs-mango-passion-fruit\/","og_locale":"fr_FR","og_type":"article","og_title":"JNR Falcon 16000 Puffs \u2013 Mango Passion Fruit","og_description":"Juicy mango meets tangy passion fruit in a crystal-style disposable vape. 22ml, Dual Mesh Coil, adjustable airflow, 850mAh Type\u2011C rechargeable.","og_url":"https:\/\/fumot.uk\/fr\/product\/jnr-falcon-16000-puffs-mango-passion-fruit\/","og_site_name":"Fumot Official Direct | Straight from the Factory, 100% Genuine","article_modified_time":"2026-01-21T08:41:37+00:00","og_image":[{"width":1024,"height":1024,"url":"https:\/\/fumot.uk\/wp-content\/uploads\/2026\/01\/Mango-Passion-Fruit-JNR-Falcon-16000-Puffs-Disposable-Vape-1024x1024.jpg","type":"image\/jpeg"}],"twitter_card":"summary_large_image","twitter_misc":{"Dur\u00e9e de lecture estim\u00e9e":"1 minute"},"schema":{"@context":"https:\/\/schema.org","@graph":[{"@type":"WebPage","@id":"https:\/\/fumot.uk\/product\/jnr-falcon-16000-puffs-mango-passion-fruit\/","url":"https:\/\/fumot.uk\/product\/jnr-falcon-16000-puffs-mango-passion-fruit\/","name":"JNR Falcon 16000 Mangue Fruit de la Passion | 16000 Bouff\u00e9es","isPartOf":{"@id":"https:\/\/fumot.uk\/#website"},"primaryImageOfPage":{"@id":"https:\/\/fumot.uk\/product\/jnr-falcon-16000-puffs-mango-passion-fruit\/#primaryimage"},"image":{"@id":"https:\/\/fumot.uk\/product\/jnr-falcon-16000-puffs-mango-passion-fruit\/#primaryimage"},"thumbnailUrl":"https:\/\/fumot.uk\/wp-content\/uploads\/2026\/01\/Mango-Passion-Fruit-JNR-Falcon-16000-Puffs-Disposable-Vape.jpg","datePublished":"2026-01-21T04:04:57+00:00","dateModified":"2026-01-21T08:41:37+00:00","description":"JNR Falcon 16000 Puffs Mangue Fruit de la Passion : 22ml, Double R\u00e9sistance Mesh, flux d'air r\u00e9glable, 850mAh rechargeable Type\u2011C. Choisissez 2% ou 5% nicotine.","breadcrumb":{"@id":"https:\/\/fumot.uk\/product\/jnr-falcon-16000-puffs-mango-passion-fruit\/#breadcrumb"},"inLanguage":"fr-FR","potentialAction":[{"@type":"ReadAction","target":["https:\/\/fumot.uk\/product\/jnr-falcon-16000-puffs-mango-passion-fruit\/"]}]},{"@type":"ImageObject","inLanguage":"fr-FR","@id":"https:\/\/fumot.uk\/product\/jnr-falcon-16000-puffs-mango-passion-fruit\/#primaryimage","url":"https:\/\/fumot.uk\/wp-content\/uploads\/2026\/01\/Mango-Passion-Fruit-JNR-Falcon-16000-Puffs-Disposable-Vape.jpg","contentUrl":"https:\/\/fumot.uk\/wp-content\/uploads\/2026\/01\/Mango-Passion-Fruit-JNR-Falcon-16000-Puffs-Disposable-Vape.jpg","width":2500,"height":2500},{"@type":"BreadcrumbList","@id":"https:\/\/fumot.uk\/product\/jnr-falcon-16000-puffs-mango-passion-fruit\/#breadcrumb","itemListElement":[{"@type":"ListItem","position":1,"name":"Home","item":"https:\/\/fumot.uk\/"},{"@type":"ListItem","position":2,"name":"Shop","item":"https:\/\/fumot.uk\/shop\/"},{"@type":"ListItem","position":3,"name":"JNR Falcon 16000 Puffs Mango Passion Fruit Disposable Vape (22ml, Dual Mesh, Adjustable Airflow)"}]},{"@type":"WebSite","@id":"https:\/\/fumot.uk\/#website","url":"https:\/\/fumot.uk\/","name":"Fumot Official Direct | Directement de l'usine, 100% Authentique","description":"Site officiel","publisher":{"@id":"https:\/\/fumot.uk\/#organization"},"potentialAction":[{"@type":"SearchAction","target":{"@type":"EntryPoint","urlTemplate":"https:\/\/fumot.uk\/?s={search_term_string}"},"query-input":{"@type":"PropertyValueSpecification","valueRequired":true,"valueName":"search_term_string"}}],"inLanguage":"fr-FR"},{"@type":"Organization","@id":"https:\/\/fumot.uk\/#organization","name":"Fumot Official Direct | Directement de l'usine, 100% Authentique","url":"https:\/\/fumot.uk\/","logo":{"@type":"ImageObject","inLanguage":"fr-FR","@id":"https:\/\/fumot.uk\/#\/schema\/logo\/image\/","url":"https:\/\/fumot.uk\/wp-content\/uploads\/2026\/01\/cropped-fumot-logo1.png","contentUrl":"https:\/\/fumot.uk\/wp-content\/uploads\/2026\/01\/cropped-fumot-logo1.png","width":152,"height":106,"caption":"Fumot Official Direct | Straight from the Factory, 100% Genuine"},"image":{"@id":"https:\/\/fumot.uk\/#\/schema\/logo\/image\/"}}]}},"_links":{"self":[{"href":"https:\/\/fumot.uk\/fr\/wp-json\/wp\/v2\/product\/3831","targetHints":{"allow":["GET"]}}],"collection":[{"href":"https:\/\/fumot.uk\/fr\/wp-json\/wp\/v2\/product"}],"about":[{"href":"https:\/\/fumot.uk\/fr\/wp-json\/wp\/v2\/types\/product"}],"replies":[{"embeddable":true,"href":"https:\/\/fumot.uk\/fr\/wp-json\/wp\/v2\/comments?post=3831"}],"wp:featuredmedia":[{"embeddable":true,"href":"https:\/\/fumot.uk\/fr\/wp-json\/wp\/v2\/media\/3871"}],"wp:attachment":[{"href":"https:\/\/fumot.uk\/fr\/wp-json\/wp\/v2\/media?parent=3831"}],"wp:term":[{"taxonomy":"product_brand","embeddable":true,"href":"https:\/\/fumot.uk\/fr\/wp-json\/wp\/v2\/product_brand?post=3831"},{"taxonomy":"product_cat","embeddable":true,"href":"https:\/\/fumot.uk\/fr\/wp-json\/wp\/v2\/product_cat?post=3831"},{"taxonomy":"product_tag","embeddable":true,"href":"https:\/\/fumot.uk\/fr\/wp-json\/wp\/v2\/product_tag?post=3831"}],"curies":[{"name":"wp","href":"https:\/\/api.w.org\/{rel}","templated":true}]}}