{"id":3829,"date":"2026-01-21T04:04:56","date_gmt":"2026-01-21T04:04:56","guid":{"rendered":"https:\/\/fumot.uk\/?post_type=product&#038;p=3829"},"modified":"2026-01-21T08:44:54","modified_gmt":"2026-01-21T08:44:54","slug":"jnr-falcon-16000-puffs-grapefruit-lemonade-ice","status":"publish","type":"product","link":"https:\/\/fumot.uk\/fr\/product\/jnr-falcon-16000-puffs-grapefruit-lemonade-ice\/","title":{"rendered":"JNR Falcon 16000 Puffs Pamplemousse Limonade Glac\u00e9e Vape Jetable (22ml, Double Mesh, Flux d'Air R\u00e9glable)"},"content":{"rendered":"<p><strong>JNR Falcon 16000 Puffs \u2013 Grapefruit Lemonade Ice<\/strong> est un m\u00e9lange de fruits audacieux et rafra\u00eechissant envelopp\u00e9 dans un corps de style cristal premium. Con\u00e7u pour une performance fluide et une saveur constante, il pr\u00e9sente <strong>Double Bobine Mesh<\/strong> un chauffage pour une vaporisation uniforme et des nuages denses et satisfaisants. Avec <strong>flux d'air r\u00e9glable<\/strong>, vous pouvez affiner votre tirage, des bouff\u00e9es de style DTL plus a\u00e9r\u00e9es \u00e0 une inhalation plus restreinte\u2014con\u00e7u pour correspondre \u00e0 votre pr\u00e9f\u00e9rence.<\/p>\n<p><strong>Profil de saveur :<\/strong> vif, juteux <strong>pamplemousse<\/strong> rencontre une note <strong>lemonade<\/strong>, termin\u00e9 par une <strong>glace<\/strong> p\u00e9tillante. Le r\u00e9sultat est une vape d'agrumes sucr\u00e9e-acidul\u00e9e qui reste rafra\u00eechissante de la premi\u00e8re bouff\u00e9e \u00e0 la derni\u00e8re\u2014surtout si vous appr\u00e9ciez les saveurs de fruits frais et glac\u00e9s.<\/p>\n<h3><strong>Caract\u00e9ristiques cl\u00e9s<\/strong><\/h3>\n<ul>\n<li><strong>Bouff\u00e9es :<\/strong> Jusqu'\u00e0 16000<\/li>\n<li><strong>Capacit\u00e9 de e-liquide :<\/strong> 22ml<\/li>\n<li><strong>Options de nicotine :<\/strong> 2% ou 5%<\/li>\n<li><strong>R\u00e9sistance :<\/strong> Double bobine en mesh pour une saveur et une vapeur constantes<\/li>\n<li><strong>Flux d'air :<\/strong> Contr\u00f4le du flux d'air r\u00e9glable<\/li>\n<li><strong>Batterie :<\/strong> 850mAh rechargeable<\/li>\n<li><strong>Chargement :<\/strong> Type-C<\/li>\n<li><strong>R\u00e9sistance :<\/strong> 1\u03a9<\/li>\n<li><strong>Design :<\/strong> Artisanat inspir\u00e9 du cristal pour un look et une sensation remarquables<\/li>\n<\/ul>\n<h3><strong>Pourquoi vous aimerez Grapefruit Lemonade Ice<\/strong><\/h3>\n<p>Si vous recherchez un <strong>vape jetable \u00e0 dominante agrumes<\/strong> qui ne semble pas lourde, cette saveur atteint un excellent \u00e9quilibre : morsure de pamplemousse acidul\u00e9e, p\u00e9tillant de limonade, et une finition rafra\u00eechissante qui reste douce\u2014non \u00e9crasante.<\/p>\n<p>D\u00e9couvrez plus de saveurs et la gamme compl\u00e8te sur notre site : <a href=\"https:\/\/fumot.uk\/fr\/\" target=\"_blank\" rel=\"noopener\">fumot.uk<\/a>. Vous pouvez \u00e9galement parcourir le <a href=\"https:\/\/fumot.uk\/fr\/product-category\/16000-puff\/\" target=\"_blank\" rel=\"noopener\">collection 16000 puffs<\/a> pour plus d'options durables.<\/p>","protected":false},"excerpt":{"rendered":"<p>Le pamplemousse croquant rencontre la limonade p\u00e9tillante avec une finition glac\u00e9e. JNR Falcon 16000 Puffs propose 22ml de e-liquide, une double r\u00e9sistance en mesh, un flux d'air r\u00e9glable et une batterie rechargeable de 850mAh Type\u2011C.<\/p>","protected":false},"featured_media":3869,"comment_status":"open","ping_status":"closed","template":"","meta":[],"product_brand":[],"product_cat":[191,192,17],"product_tag":[193,20,21,113,72,73,179,48,26,62,28],"class_list":{"0":"post-3829","1":"product","2":"type-product","3":"status-publish","4":"has-post-thumbnail","6":"product_cat-16000-puff","7":"product_cat-jnr-falcon-16000-puffs","8":"product_cat-vape","9":"product_tag-22ml","10":"product_tag-850mah","11":"product_tag-adjustable-airflow","12":"product_tag-crystal-vape","13":"product_tag-direct-to-lung","14":"product_tag-dual-mesh","15":"product_tag-grapefruit","16":"product_tag-lemonade","17":"product_tag-rechargeable","18":"product_tag-sale-vape","19":"product_tag-type-c","21":"first","22":"instock","23":"sale","24":"shipping-taxable","25":"purchasable","26":"product-type-variable","27":"has-default-attributes"},"yoast_head":"<!-- This site is optimized with the Yoast SEO plugin v26.8 - https:\/\/yoast.com\/product\/yoast-seo-wordpress\/ -->\n<title>JNR Falcon 16000 Grapefruit Lemonade Ice | 22ml<\/title>\n<meta name=\"description\" content=\"JNR Falcon 16000 Puffs Grapefruit Lemonade Ice: tangy grapefruit + lemonade with a cool icy finish. 22ml, Dual Mesh Coil, adjustable airflow, 850mAh Type\u2011C.\" \/>\n<meta name=\"robots\" content=\"index, follow, max-snippet:-1, max-image-preview:large, max-video-preview:-1\" \/>\n<link rel=\"canonical\" href=\"https:\/\/fumot.uk\/fr\/product\/jnr-falcon-16000-puffs-grapefruit-lemonade-ice\/\" \/>\n<meta property=\"og:locale\" content=\"fr_FR\" \/>\n<meta property=\"og:type\" content=\"article\" \/>\n<meta property=\"og:title\" content=\"JNR Falcon 16000 \u2013 Grapefruit Lemonade Ice\" \/>\n<meta property=\"og:description\" content=\"Sweet-tart grapefruit and sparkling lemonade with a clean icy finish. 22ml, Dual Mesh Coil, adjustable airflow, rechargeable 850mAh Type\u2011C.\" \/>\n<meta property=\"og:url\" content=\"https:\/\/fumot.uk\/fr\/product\/jnr-falcon-16000-puffs-grapefruit-lemonade-ice\/\" \/>\n<meta property=\"og:site_name\" content=\"Fumot Official Direct | Straight from the Factory, 100% Genuine\" \/>\n<meta property=\"article:modified_time\" content=\"2026-01-21T08:44:54+00:00\" \/>\n<meta property=\"og:image\" content=\"https:\/\/fumot.uk\/wp-content\/uploads\/2026\/01\/Grapefruit-lemonade-ice_JNR-Falcon-16000-Puffs-Disposable-Vape-1024x1024.jpg\" \/>\n\t<meta property=\"og:image:width\" content=\"1024\" \/>\n\t<meta property=\"og:image:height\" content=\"1024\" \/>\n\t<meta property=\"og:image:type\" content=\"image\/jpeg\" \/>\n<meta name=\"twitter:card\" content=\"summary_large_image\" \/>\n<meta name=\"twitter:label1\" content=\"Dur\u00e9e de lecture estim\u00e9e\" \/>\n\t<meta name=\"twitter:data1\" content=\"1 minute\" \/>\n<script type=\"application\/ld+json\" class=\"yoast-schema-graph\">{\"@context\":\"https:\/\/schema.org\",\"@graph\":[{\"@type\":\"WebPage\",\"@id\":\"https:\/\/fumot.uk\/product\/jnr-falcon-16000-puffs-grapefruit-lemonade-ice\/\",\"url\":\"https:\/\/fumot.uk\/product\/jnr-falcon-16000-puffs-grapefruit-lemonade-ice\/\",\"name\":\"JNR Falcon 16000 Grapefruit Lemonade Ice | 22ml\",\"isPartOf\":{\"@id\":\"https:\/\/fumot.uk\/#website\"},\"primaryImageOfPage\":{\"@id\":\"https:\/\/fumot.uk\/product\/jnr-falcon-16000-puffs-grapefruit-lemonade-ice\/#primaryimage\"},\"image\":{\"@id\":\"https:\/\/fumot.uk\/product\/jnr-falcon-16000-puffs-grapefruit-lemonade-ice\/#primaryimage\"},\"thumbnailUrl\":\"https:\/\/fumot.uk\/wp-content\/uploads\/2026\/01\/Grapefruit-lemonade-ice_JNR-Falcon-16000-Puffs-Disposable-Vape.jpg\",\"datePublished\":\"2026-01-21T04:04:56+00:00\",\"dateModified\":\"2026-01-21T08:44:54+00:00\",\"description\":\"JNR Falcon 16000 Puffs Grapefruit Lemonade Ice: tangy grapefruit + lemonade with a cool icy finish. 22ml, Dual Mesh Coil, adjustable airflow, 850mAh Type\u2011C.\",\"breadcrumb\":{\"@id\":\"https:\/\/fumot.uk\/product\/jnr-falcon-16000-puffs-grapefruit-lemonade-ice\/#breadcrumb\"},\"inLanguage\":\"fr-FR\",\"potentialAction\":[{\"@type\":\"ReadAction\",\"target\":[\"https:\/\/fumot.uk\/product\/jnr-falcon-16000-puffs-grapefruit-lemonade-ice\/\"]}]},{\"@type\":\"ImageObject\",\"inLanguage\":\"fr-FR\",\"@id\":\"https:\/\/fumot.uk\/product\/jnr-falcon-16000-puffs-grapefruit-lemonade-ice\/#primaryimage\",\"url\":\"https:\/\/fumot.uk\/wp-content\/uploads\/2026\/01\/Grapefruit-lemonade-ice_JNR-Falcon-16000-Puffs-Disposable-Vape.jpg\",\"contentUrl\":\"https:\/\/fumot.uk\/wp-content\/uploads\/2026\/01\/Grapefruit-lemonade-ice_JNR-Falcon-16000-Puffs-Disposable-Vape.jpg\",\"width\":2500,\"height\":2500},{\"@type\":\"BreadcrumbList\",\"@id\":\"https:\/\/fumot.uk\/product\/jnr-falcon-16000-puffs-grapefruit-lemonade-ice\/#breadcrumb\",\"itemListElement\":[{\"@type\":\"ListItem\",\"position\":1,\"name\":\"Home\",\"item\":\"https:\/\/fumot.uk\/\"},{\"@type\":\"ListItem\",\"position\":2,\"name\":\"Shop\",\"item\":\"https:\/\/fumot.uk\/shop\/\"},{\"@type\":\"ListItem\",\"position\":3,\"name\":\"JNR Falcon 16000 Puffs Grapefruit Lemonade Ice Disposable Vape (22ml, Dual Mesh, Adjustable Airflow)\"}]},{\"@type\":\"WebSite\",\"@id\":\"https:\/\/fumot.uk\/#website\",\"url\":\"https:\/\/fumot.uk\/\",\"name\":\"Fumot Official Direct | Straight from the Factory, 100% Genuine\",\"description\":\"Official Website\",\"publisher\":{\"@id\":\"https:\/\/fumot.uk\/#organization\"},\"potentialAction\":[{\"@type\":\"SearchAction\",\"target\":{\"@type\":\"EntryPoint\",\"urlTemplate\":\"https:\/\/fumot.uk\/?s={search_term_string}\"},\"query-input\":{\"@type\":\"PropertyValueSpecification\",\"valueRequired\":true,\"valueName\":\"search_term_string\"}}],\"inLanguage\":\"fr-FR\"},{\"@type\":\"Organization\",\"@id\":\"https:\/\/fumot.uk\/#organization\",\"name\":\"Fumot Official Direct | Straight from the Factory, 100% Genuine\",\"url\":\"https:\/\/fumot.uk\/\",\"logo\":{\"@type\":\"ImageObject\",\"inLanguage\":\"fr-FR\",\"@id\":\"https:\/\/fumot.uk\/#\/schema\/logo\/image\/\",\"url\":\"https:\/\/fumot.uk\/wp-content\/uploads\/2026\/01\/cropped-fumot-logo1.png\",\"contentUrl\":\"https:\/\/fumot.uk\/wp-content\/uploads\/2026\/01\/cropped-fumot-logo1.png\",\"width\":152,\"height\":106,\"caption\":\"Fumot Official Direct | Straight from the Factory, 100% Genuine\"},\"image\":{\"@id\":\"https:\/\/fumot.uk\/#\/schema\/logo\/image\/\"}}]}<\/script>\n<!-- \/ Yoast SEO plugin. -->","yoast_head_json":{"title":"JNR Falcon 16000 Limonade Pamplemousse Glac\u00e9e | 22ml","description":"JNR Falcon 16000 Puffs Pamplemousse Limonade Glac\u00e9e : pamplemousse acidul\u00e9 + limonade avec une finition glac\u00e9e rafra\u00eechissante. 22ml, Double R\u00e9sistance en Maille, flux d'air r\u00e9glable, 850mAh Type\u2011C.","robots":{"index":"index","follow":"follow","max-snippet":"max-snippet:-1","max-image-preview":"max-image-preview:large","max-video-preview":"max-video-preview:-1"},"canonical":"https:\/\/fumot.uk\/fr\/product\/jnr-falcon-16000-puffs-grapefruit-lemonade-ice\/","og_locale":"fr_FR","og_type":"article","og_title":"JNR Falcon 16000 \u2013 Grapefruit Lemonade Ice","og_description":"Sweet-tart grapefruit and sparkling lemonade with a clean icy finish. 22ml, Dual Mesh Coil, adjustable airflow, rechargeable 850mAh Type\u2011C.","og_url":"https:\/\/fumot.uk\/fr\/product\/jnr-falcon-16000-puffs-grapefruit-lemonade-ice\/","og_site_name":"Fumot Official Direct | Straight from the Factory, 100% Genuine","article_modified_time":"2026-01-21T08:44:54+00:00","og_image":[{"width":1024,"height":1024,"url":"https:\/\/fumot.uk\/wp-content\/uploads\/2026\/01\/Grapefruit-lemonade-ice_JNR-Falcon-16000-Puffs-Disposable-Vape-1024x1024.jpg","type":"image\/jpeg"}],"twitter_card":"summary_large_image","twitter_misc":{"Dur\u00e9e de lecture estim\u00e9e":"1 minute"},"schema":{"@context":"https:\/\/schema.org","@graph":[{"@type":"WebPage","@id":"https:\/\/fumot.uk\/product\/jnr-falcon-16000-puffs-grapefruit-lemonade-ice\/","url":"https:\/\/fumot.uk\/product\/jnr-falcon-16000-puffs-grapefruit-lemonade-ice\/","name":"JNR Falcon 16000 Limonade Pamplemousse Glac\u00e9e | 22ml","isPartOf":{"@id":"https:\/\/fumot.uk\/#website"},"primaryImageOfPage":{"@id":"https:\/\/fumot.uk\/product\/jnr-falcon-16000-puffs-grapefruit-lemonade-ice\/#primaryimage"},"image":{"@id":"https:\/\/fumot.uk\/product\/jnr-falcon-16000-puffs-grapefruit-lemonade-ice\/#primaryimage"},"thumbnailUrl":"https:\/\/fumot.uk\/wp-content\/uploads\/2026\/01\/Grapefruit-lemonade-ice_JNR-Falcon-16000-Puffs-Disposable-Vape.jpg","datePublished":"2026-01-21T04:04:56+00:00","dateModified":"2026-01-21T08:44:54+00:00","description":"JNR Falcon 16000 Puffs Pamplemousse Limonade Glac\u00e9e : pamplemousse acidul\u00e9 + limonade avec une finition glac\u00e9e rafra\u00eechissante. 22ml, Double R\u00e9sistance en Maille, flux d'air r\u00e9glable, 850mAh Type\u2011C.","breadcrumb":{"@id":"https:\/\/fumot.uk\/product\/jnr-falcon-16000-puffs-grapefruit-lemonade-ice\/#breadcrumb"},"inLanguage":"fr-FR","potentialAction":[{"@type":"ReadAction","target":["https:\/\/fumot.uk\/product\/jnr-falcon-16000-puffs-grapefruit-lemonade-ice\/"]}]},{"@type":"ImageObject","inLanguage":"fr-FR","@id":"https:\/\/fumot.uk\/product\/jnr-falcon-16000-puffs-grapefruit-lemonade-ice\/#primaryimage","url":"https:\/\/fumot.uk\/wp-content\/uploads\/2026\/01\/Grapefruit-lemonade-ice_JNR-Falcon-16000-Puffs-Disposable-Vape.jpg","contentUrl":"https:\/\/fumot.uk\/wp-content\/uploads\/2026\/01\/Grapefruit-lemonade-ice_JNR-Falcon-16000-Puffs-Disposable-Vape.jpg","width":2500,"height":2500},{"@type":"BreadcrumbList","@id":"https:\/\/fumot.uk\/product\/jnr-falcon-16000-puffs-grapefruit-lemonade-ice\/#breadcrumb","itemListElement":[{"@type":"ListItem","position":1,"name":"Home","item":"https:\/\/fumot.uk\/"},{"@type":"ListItem","position":2,"name":"Shop","item":"https:\/\/fumot.uk\/shop\/"},{"@type":"ListItem","position":3,"name":"JNR Falcon 16000 Puffs Grapefruit Lemonade Ice Disposable Vape (22ml, Dual Mesh, Adjustable Airflow)"}]},{"@type":"WebSite","@id":"https:\/\/fumot.uk\/#website","url":"https:\/\/fumot.uk\/","name":"Fumot Official Direct | Directement de l'usine, 100% Authentique","description":"Site officiel","publisher":{"@id":"https:\/\/fumot.uk\/#organization"},"potentialAction":[{"@type":"SearchAction","target":{"@type":"EntryPoint","urlTemplate":"https:\/\/fumot.uk\/?s={search_term_string}"},"query-input":{"@type":"PropertyValueSpecification","valueRequired":true,"valueName":"search_term_string"}}],"inLanguage":"fr-FR"},{"@type":"Organization","@id":"https:\/\/fumot.uk\/#organization","name":"Fumot Official Direct | Directement de l'usine, 100% Authentique","url":"https:\/\/fumot.uk\/","logo":{"@type":"ImageObject","inLanguage":"fr-FR","@id":"https:\/\/fumot.uk\/#\/schema\/logo\/image\/","url":"https:\/\/fumot.uk\/wp-content\/uploads\/2026\/01\/cropped-fumot-logo1.png","contentUrl":"https:\/\/fumot.uk\/wp-content\/uploads\/2026\/01\/cropped-fumot-logo1.png","width":152,"height":106,"caption":"Fumot Official Direct | Straight from the Factory, 100% Genuine"},"image":{"@id":"https:\/\/fumot.uk\/#\/schema\/logo\/image\/"}}]}},"_links":{"self":[{"href":"https:\/\/fumot.uk\/fr\/wp-json\/wp\/v2\/product\/3829","targetHints":{"allow":["GET"]}}],"collection":[{"href":"https:\/\/fumot.uk\/fr\/wp-json\/wp\/v2\/product"}],"about":[{"href":"https:\/\/fumot.uk\/fr\/wp-json\/wp\/v2\/types\/product"}],"replies":[{"embeddable":true,"href":"https:\/\/fumot.uk\/fr\/wp-json\/wp\/v2\/comments?post=3829"}],"wp:featuredmedia":[{"embeddable":true,"href":"https:\/\/fumot.uk\/fr\/wp-json\/wp\/v2\/media\/3869"}],"wp:attachment":[{"href":"https:\/\/fumot.uk\/fr\/wp-json\/wp\/v2\/media?parent=3829"}],"wp:term":[{"taxonomy":"product_brand","embeddable":true,"href":"https:\/\/fumot.uk\/fr\/wp-json\/wp\/v2\/product_brand?post=3829"},{"taxonomy":"product_cat","embeddable":true,"href":"https:\/\/fumot.uk\/fr\/wp-json\/wp\/v2\/product_cat?post=3829"},{"taxonomy":"product_tag","embeddable":true,"href":"https:\/\/fumot.uk\/fr\/wp-json\/wp\/v2\/product_tag?post=3829"}],"curies":[{"name":"wp","href":"https:\/\/api.w.org\/{rel}","templated":true}]}}