{"id":3824,"date":"2026-01-21T04:04:55","date_gmt":"2026-01-21T04:04:55","guid":{"rendered":"https:\/\/fumot.uk\/?post_type=product&#038;p=3824"},"modified":"2026-01-21T09:11:43","modified_gmt":"2026-01-21T09:11:43","slug":"jnr-falcon-16000-puffs-blue-razz-ice","status":"publish","type":"product","link":"https:\/\/fumot.uk\/fr\/product\/jnr-falcon-16000-puffs-blue-razz-ice\/","title":{"rendered":"JNR Falcon 16000 Puffs Blue Razz Ice Vape Jetable (22ml, Double Mesh, Flux d'Air R\u00e9glable)"},"content":{"rendered":"<p><strong>JNR Falcon 16000 Puffs \u2013 Blue Razz Ice<\/strong> offre une douceur audacieuse de bonbon \u00e0 la framboise bleue, termin\u00e9e par une fra\u00eecheur menthol\u00e9e propre et glac\u00e9e. Con\u00e7u avec un design inspir\u00e9 de l'artisanat en cristal, ce vape jetable \u00e0 haute capacit\u00e9 est con\u00e7u pour une saveur constante et des nuages denses gr\u00e2ce \u00e0 son <strong>Double Bobine Mesh<\/strong> syst\u00e8me de chauffage. Avec <strong>flux d'air r\u00e9glable<\/strong>, vous pouvez affiner votre tirage\u2014d'une aspiration plus douce et a\u00e9r\u00e9e \u00e0 un coup plus concentr\u00e9\u2014pour que chaque session soit personnelle.<\/p>\n<p><strong>Profil de saveur :<\/strong> Blue Razz Ice m\u00e9lange des notes vives et acidul\u00e9es de framboise bleue avec une finition fra\u00eeche et rafra\u00eechissante. La douceur fruit\u00e9e reste en avant-plan tandis que l'expiration glac\u00e9e garde le vape frais et l\u00e9ger\u2014id\u00e9al lorsque vous voulez une option sucr\u00e9e mais rafra\u00eechissante pour toute la journ\u00e9e.<\/p>\n<h3>Caract\u00e9ristiques cl\u00e9s<\/h3>\n<ul>\n<li><strong>Bouff\u00e9es :<\/strong> jusqu'\u00e0 16000<\/li>\n<li><strong>Capacit\u00e9 de e-liquide :<\/strong> 22ml<\/li>\n<li><strong>Options de nicotine :<\/strong> 2% ou 5%<\/li>\n<li><strong>Technologie de la bobine :<\/strong> Double Mesh Coil pour un chauffage uniforme<\/li>\n<li><strong>Flux d'air :<\/strong> Contr\u00f4le du flux d'air r\u00e9glable<\/li>\n<li><strong>Batterie :<\/strong> 850mAh rechargeable<\/li>\n<li><strong>Chargement :<\/strong> Type-C<\/li>\n<li><strong>R\u00e9sistance :<\/strong> 1\u03a9<\/li>\n<li><strong>Design :<\/strong> Look de fabrication style cristal<\/li>\n<li><strong>Gamme de saveurs :<\/strong> 20 saveurs disponibles dans la s\u00e9rie Falcon<\/li>\n<\/ul>\n<h3>Pourquoi Blue Razz Ice est un favori des fans<\/h3>\n<p>Si vous aimez le punch de <strong>semblable \u00e0 un bonbon<\/strong> avec une finition rafra\u00eechissante qui ne domine pas le fruit, Blue Razz Ice atteint un \u00e9quilibre satisfaisant. C'est sucr\u00e9, vibrant et rafra\u00eechissant\u2014parfait pour des pauses rapides ou des sessions plus longues o\u00f9 vous voulez un arri\u00e8re-go\u00fbt propre et frais.<\/p>\n<p><strong>Achetez en toute confiance chez<\/strong> <a href=\"https:\/\/fumot.uk\/fr\/\">fumot.uk<\/a> et explorez plus d'options \u00e0 haute bouff\u00e9e dans notre <a href=\"https:\/\/fumot.uk\/fr\/product-category\/16000-puff\/\">collection 16000 puffs<\/a>.<\/p>","protected":false},"excerpt":{"rendered":"<p>JNR Falcon 16000 Puffs Blue Razz Ice : framboise bleue sucr\u00e9e avec une finition menthe glac\u00e9e, Double Mesh Coil, flux d'air r\u00e9glable, 22ml, 850mAh rechargeable Type\u2011C. Nicotine : 2% ou 5%.<\/p>","protected":false},"featured_media":3864,"comment_status":"open","ping_status":"closed","template":"","meta":[],"product_brand":[],"product_cat":[191,192,17],"product_tag":[193,20,21,22,113,72,73,29,26,62,28],"class_list":{"0":"post-3824","1":"product","2":"type-product","3":"status-publish","4":"has-post-thumbnail","6":"product_cat-16000-puff","7":"product_cat-jnr-falcon-16000-puffs","8":"product_cat-vape","9":"product_tag-22ml","10":"product_tag-850mah","11":"product_tag-adjustable-airflow","12":"product_tag-blue-razz","13":"product_tag-crystal-vape","14":"product_tag-direct-to-lung","15":"product_tag-dual-mesh","16":"product_tag-ice","17":"product_tag-rechargeable","18":"product_tag-sale-vape","19":"product_tag-type-c","21":"first","22":"instock","23":"sale","24":"shipping-taxable","25":"purchasable","26":"product-type-variable","27":"has-default-attributes"},"yoast_head":"<!-- This site is optimized with the Yoast SEO plugin v26.8 - https:\/\/yoast.com\/product\/yoast-seo-wordpress\/ -->\n<title>JNR Falcon 16000 Puffs Blue Razz Ice | fumot.uk<\/title>\n<meta name=\"description\" content=\"JNR Falcon 16000 Puffs Blue Razz Ice disposable vape: 22ml, Dual Mesh Coil, adjustable airflow, 850mAh Type\u2011C rechargeable. 2% or 5% nicotine.\" \/>\n<meta name=\"robots\" content=\"index, follow, max-snippet:-1, max-image-preview:large, max-video-preview:-1\" \/>\n<link rel=\"canonical\" href=\"https:\/\/fumot.uk\/fr\/product\/jnr-falcon-16000-puffs-blue-razz-ice\/\" \/>\n<meta property=\"og:locale\" content=\"fr_FR\" \/>\n<meta property=\"og:type\" content=\"article\" \/>\n<meta property=\"og:title\" content=\"JNR Falcon 16000 Puffs \u2013 Blue Razz Ice\" \/>\n<meta property=\"og:description\" content=\"Sweet blue raspberry meets an icy mint finish. 22ml, Dual Mesh Coil, adjustable airflow, 850mAh Type\u2011C rechargeable. Available in 2% or 5% nicotine.\" \/>\n<meta property=\"og:url\" content=\"https:\/\/fumot.uk\/fr\/product\/jnr-falcon-16000-puffs-blue-razz-ice\/\" \/>\n<meta property=\"og:site_name\" content=\"Fumot Official Direct | Straight from the Factory, 100% Genuine\" \/>\n<meta property=\"article:modified_time\" content=\"2026-01-21T09:11:43+00:00\" \/>\n<meta property=\"og:image\" content=\"https:\/\/fumot.uk\/wp-content\/uploads\/2026\/01\/Blue-Razz-Ice_JNR-Falcon-16000-Puffs-Disposable-Vape-1024x1024.jpg\" \/>\n\t<meta property=\"og:image:width\" content=\"1024\" \/>\n\t<meta property=\"og:image:height\" content=\"1024\" \/>\n\t<meta property=\"og:image:type\" content=\"image\/jpeg\" \/>\n<meta name=\"twitter:card\" content=\"summary_large_image\" \/>\n<meta name=\"twitter:label1\" content=\"Dur\u00e9e de lecture estim\u00e9e\" \/>\n\t<meta name=\"twitter:data1\" content=\"1 minute\" \/>\n<script type=\"application\/ld+json\" class=\"yoast-schema-graph\">{\"@context\":\"https:\/\/schema.org\",\"@graph\":[{\"@type\":\"WebPage\",\"@id\":\"https:\/\/fumot.uk\/product\/jnr-falcon-16000-puffs-blue-razz-ice\/\",\"url\":\"https:\/\/fumot.uk\/product\/jnr-falcon-16000-puffs-blue-razz-ice\/\",\"name\":\"JNR Falcon 16000 Puffs Blue Razz Ice | fumot.uk\",\"isPartOf\":{\"@id\":\"https:\/\/fumot.uk\/#website\"},\"primaryImageOfPage\":{\"@id\":\"https:\/\/fumot.uk\/product\/jnr-falcon-16000-puffs-blue-razz-ice\/#primaryimage\"},\"image\":{\"@id\":\"https:\/\/fumot.uk\/product\/jnr-falcon-16000-puffs-blue-razz-ice\/#primaryimage\"},\"thumbnailUrl\":\"https:\/\/fumot.uk\/wp-content\/uploads\/2026\/01\/Blue-Razz-Ice_JNR-Falcon-16000-Puffs-Disposable-Vape.jpg\",\"datePublished\":\"2026-01-21T04:04:55+00:00\",\"dateModified\":\"2026-01-21T09:11:43+00:00\",\"description\":\"JNR Falcon 16000 Puffs Blue Razz Ice disposable vape: 22ml, Dual Mesh Coil, adjustable airflow, 850mAh Type\u2011C rechargeable. 2% or 5% nicotine.\",\"breadcrumb\":{\"@id\":\"https:\/\/fumot.uk\/product\/jnr-falcon-16000-puffs-blue-razz-ice\/#breadcrumb\"},\"inLanguage\":\"fr-FR\",\"potentialAction\":[{\"@type\":\"ReadAction\",\"target\":[\"https:\/\/fumot.uk\/product\/jnr-falcon-16000-puffs-blue-razz-ice\/\"]}]},{\"@type\":\"ImageObject\",\"inLanguage\":\"fr-FR\",\"@id\":\"https:\/\/fumot.uk\/product\/jnr-falcon-16000-puffs-blue-razz-ice\/#primaryimage\",\"url\":\"https:\/\/fumot.uk\/wp-content\/uploads\/2026\/01\/Blue-Razz-Ice_JNR-Falcon-16000-Puffs-Disposable-Vape.jpg\",\"contentUrl\":\"https:\/\/fumot.uk\/wp-content\/uploads\/2026\/01\/Blue-Razz-Ice_JNR-Falcon-16000-Puffs-Disposable-Vape.jpg\",\"width\":2500,\"height\":2500},{\"@type\":\"BreadcrumbList\",\"@id\":\"https:\/\/fumot.uk\/product\/jnr-falcon-16000-puffs-blue-razz-ice\/#breadcrumb\",\"itemListElement\":[{\"@type\":\"ListItem\",\"position\":1,\"name\":\"Home\",\"item\":\"https:\/\/fumot.uk\/\"},{\"@type\":\"ListItem\",\"position\":2,\"name\":\"Shop\",\"item\":\"https:\/\/fumot.uk\/shop\/\"},{\"@type\":\"ListItem\",\"position\":3,\"name\":\"JNR Falcon 16000 Puffs Blue Razz Ice Disposable Vape (22ml, Dual Mesh, Adjustable Airflow)\"}]},{\"@type\":\"WebSite\",\"@id\":\"https:\/\/fumot.uk\/#website\",\"url\":\"https:\/\/fumot.uk\/\",\"name\":\"Fumot Official Direct | Straight from the Factory, 100% Genuine\",\"description\":\"Official Website\",\"publisher\":{\"@id\":\"https:\/\/fumot.uk\/#organization\"},\"potentialAction\":[{\"@type\":\"SearchAction\",\"target\":{\"@type\":\"EntryPoint\",\"urlTemplate\":\"https:\/\/fumot.uk\/?s={search_term_string}\"},\"query-input\":{\"@type\":\"PropertyValueSpecification\",\"valueRequired\":true,\"valueName\":\"search_term_string\"}}],\"inLanguage\":\"fr-FR\"},{\"@type\":\"Organization\",\"@id\":\"https:\/\/fumot.uk\/#organization\",\"name\":\"Fumot Official Direct | Straight from the Factory, 100% Genuine\",\"url\":\"https:\/\/fumot.uk\/\",\"logo\":{\"@type\":\"ImageObject\",\"inLanguage\":\"fr-FR\",\"@id\":\"https:\/\/fumot.uk\/#\/schema\/logo\/image\/\",\"url\":\"https:\/\/fumot.uk\/wp-content\/uploads\/2026\/01\/cropped-fumot-logo1.png\",\"contentUrl\":\"https:\/\/fumot.uk\/wp-content\/uploads\/2026\/01\/cropped-fumot-logo1.png\",\"width\":152,\"height\":106,\"caption\":\"Fumot Official Direct | Straight from the Factory, 100% Genuine\"},\"image\":{\"@id\":\"https:\/\/fumot.uk\/#\/schema\/logo\/image\/\"}}]}<\/script>\n<!-- \/ Yoast SEO plugin. -->","yoast_head_json":{"title":"JNR Falcon 16000 Puffs Blue Razz Ice | fumot.uk","description":"JNR Falcon 16000 Puffs Blue Razz Ice vape jetable : 22ml, Double Bobine en Maille, flux d'air r\u00e9glable, rechargeable Type\u2011C 850mAh. 2% ou 5% nicotine.","robots":{"index":"index","follow":"follow","max-snippet":"max-snippet:-1","max-image-preview":"max-image-preview:large","max-video-preview":"max-video-preview:-1"},"canonical":"https:\/\/fumot.uk\/fr\/product\/jnr-falcon-16000-puffs-blue-razz-ice\/","og_locale":"fr_FR","og_type":"article","og_title":"JNR Falcon 16000 Puffs \u2013 Blue Razz Ice","og_description":"Sweet blue raspberry meets an icy mint finish. 22ml, Dual Mesh Coil, adjustable airflow, 850mAh Type\u2011C rechargeable. Available in 2% or 5% nicotine.","og_url":"https:\/\/fumot.uk\/fr\/product\/jnr-falcon-16000-puffs-blue-razz-ice\/","og_site_name":"Fumot Official Direct | Straight from the Factory, 100% Genuine","article_modified_time":"2026-01-21T09:11:43+00:00","og_image":[{"width":1024,"height":1024,"url":"https:\/\/fumot.uk\/wp-content\/uploads\/2026\/01\/Blue-Razz-Ice_JNR-Falcon-16000-Puffs-Disposable-Vape-1024x1024.jpg","type":"image\/jpeg"}],"twitter_card":"summary_large_image","twitter_misc":{"Dur\u00e9e de lecture estim\u00e9e":"1 minute"},"schema":{"@context":"https:\/\/schema.org","@graph":[{"@type":"WebPage","@id":"https:\/\/fumot.uk\/product\/jnr-falcon-16000-puffs-blue-razz-ice\/","url":"https:\/\/fumot.uk\/product\/jnr-falcon-16000-puffs-blue-razz-ice\/","name":"JNR Falcon 16000 Puffs Blue Razz Ice | fumot.uk","isPartOf":{"@id":"https:\/\/fumot.uk\/#website"},"primaryImageOfPage":{"@id":"https:\/\/fumot.uk\/product\/jnr-falcon-16000-puffs-blue-razz-ice\/#primaryimage"},"image":{"@id":"https:\/\/fumot.uk\/product\/jnr-falcon-16000-puffs-blue-razz-ice\/#primaryimage"},"thumbnailUrl":"https:\/\/fumot.uk\/wp-content\/uploads\/2026\/01\/Blue-Razz-Ice_JNR-Falcon-16000-Puffs-Disposable-Vape.jpg","datePublished":"2026-01-21T04:04:55+00:00","dateModified":"2026-01-21T09:11:43+00:00","description":"JNR Falcon 16000 Puffs Blue Razz Ice vape jetable : 22ml, Double Bobine en Maille, flux d'air r\u00e9glable, rechargeable Type\u2011C 850mAh. 2% ou 5% nicotine.","breadcrumb":{"@id":"https:\/\/fumot.uk\/product\/jnr-falcon-16000-puffs-blue-razz-ice\/#breadcrumb"},"inLanguage":"fr-FR","potentialAction":[{"@type":"ReadAction","target":["https:\/\/fumot.uk\/product\/jnr-falcon-16000-puffs-blue-razz-ice\/"]}]},{"@type":"ImageObject","inLanguage":"fr-FR","@id":"https:\/\/fumot.uk\/product\/jnr-falcon-16000-puffs-blue-razz-ice\/#primaryimage","url":"https:\/\/fumot.uk\/wp-content\/uploads\/2026\/01\/Blue-Razz-Ice_JNR-Falcon-16000-Puffs-Disposable-Vape.jpg","contentUrl":"https:\/\/fumot.uk\/wp-content\/uploads\/2026\/01\/Blue-Razz-Ice_JNR-Falcon-16000-Puffs-Disposable-Vape.jpg","width":2500,"height":2500},{"@type":"BreadcrumbList","@id":"https:\/\/fumot.uk\/product\/jnr-falcon-16000-puffs-blue-razz-ice\/#breadcrumb","itemListElement":[{"@type":"ListItem","position":1,"name":"Home","item":"https:\/\/fumot.uk\/"},{"@type":"ListItem","position":2,"name":"Shop","item":"https:\/\/fumot.uk\/shop\/"},{"@type":"ListItem","position":3,"name":"JNR Falcon 16000 Puffs Blue Razz Ice Disposable Vape (22ml, Dual Mesh, Adjustable Airflow)"}]},{"@type":"WebSite","@id":"https:\/\/fumot.uk\/#website","url":"https:\/\/fumot.uk\/","name":"Fumot Official Direct | Directement de l'usine, 100% Authentique","description":"Site officiel","publisher":{"@id":"https:\/\/fumot.uk\/#organization"},"potentialAction":[{"@type":"SearchAction","target":{"@type":"EntryPoint","urlTemplate":"https:\/\/fumot.uk\/?s={search_term_string}"},"query-input":{"@type":"PropertyValueSpecification","valueRequired":true,"valueName":"search_term_string"}}],"inLanguage":"fr-FR"},{"@type":"Organization","@id":"https:\/\/fumot.uk\/#organization","name":"Fumot Official Direct | Directement de l'usine, 100% Authentique","url":"https:\/\/fumot.uk\/","logo":{"@type":"ImageObject","inLanguage":"fr-FR","@id":"https:\/\/fumot.uk\/#\/schema\/logo\/image\/","url":"https:\/\/fumot.uk\/wp-content\/uploads\/2026\/01\/cropped-fumot-logo1.png","contentUrl":"https:\/\/fumot.uk\/wp-content\/uploads\/2026\/01\/cropped-fumot-logo1.png","width":152,"height":106,"caption":"Fumot Official Direct | Straight from the Factory, 100% Genuine"},"image":{"@id":"https:\/\/fumot.uk\/#\/schema\/logo\/image\/"}}]}},"_links":{"self":[{"href":"https:\/\/fumot.uk\/fr\/wp-json\/wp\/v2\/product\/3824","targetHints":{"allow":["GET"]}}],"collection":[{"href":"https:\/\/fumot.uk\/fr\/wp-json\/wp\/v2\/product"}],"about":[{"href":"https:\/\/fumot.uk\/fr\/wp-json\/wp\/v2\/types\/product"}],"replies":[{"embeddable":true,"href":"https:\/\/fumot.uk\/fr\/wp-json\/wp\/v2\/comments?post=3824"}],"wp:featuredmedia":[{"embeddable":true,"href":"https:\/\/fumot.uk\/fr\/wp-json\/wp\/v2\/media\/3864"}],"wp:attachment":[{"href":"https:\/\/fumot.uk\/fr\/wp-json\/wp\/v2\/media?parent=3824"}],"wp:term":[{"taxonomy":"product_brand","embeddable":true,"href":"https:\/\/fumot.uk\/fr\/wp-json\/wp\/v2\/product_brand?post=3824"},{"taxonomy":"product_cat","embeddable":true,"href":"https:\/\/fumot.uk\/fr\/wp-json\/wp\/v2\/product_cat?post=3824"},{"taxonomy":"product_tag","embeddable":true,"href":"https:\/\/fumot.uk\/fr\/wp-json\/wp\/v2\/product_tag?post=3824"}],"curies":[{"name":"wp","href":"https:\/\/api.w.org\/{rel}","templated":true}]}}