{"id":3803,"date":"2026-01-21T04:04:33","date_gmt":"2026-01-21T04:04:33","guid":{"rendered":"https:\/\/fumot.uk\/?post_type=product&#038;p=3803"},"modified":"2026-01-21T09:14:29","modified_gmt":"2026-01-21T09:14:29","slug":"al-fakher-crown-bar-20000-puffs-love-66-liebe-romantik-sus-und-zart","status":"publish","type":"product","link":"https:\/\/fumot.uk\/fr\/product\/al-fakher-crown-bar-20000-puffs-love-66-liebe-romantik-sus-und-zart\/","title":{"rendered":"AL FAKHER Crown Bar 20000 Puffs Love 66 Vape Jetable (20ml, 850mAh, Flux d'Air R\u00e9glable)"},"content":{"rendered":"<p><strong>AL FAKHER Crown Bar 20000 Puffs \u2013 Love 66<\/strong> associe un design en similicuir haut de gamme, inspir\u00e9 des affaires, \u00e0 un profil de saveur doux et sucr\u00e9 con\u00e7u pour un plaisir quotidien. Con\u00e7u pour une aspiration sur mesure, il dispose d'un <strong>syst\u00e8me de flux d'air r\u00e9glable<\/strong>, int\u00e9gr\u00e9, un <strong>\u00e9cran num\u00e9rique LED<\/strong>, et une <strong>bobine en mesh 0.6\u03a9<\/strong> pour une vapeur riche et un go\u00fbt pur.<\/p>\n<p><strong>Love 66<\/strong> est tout en douceur sucr\u00e9e avec un caract\u00e8re fruit\u00e9 d\u00e9licat et une finition cr\u00e9meuse semblable \u00e0 la vanille\u2014chaleureux, romantique et facile \u00e0 vapoter sans sensation de lourdeur. Si vous aimez les notes sucr\u00e9es et tendres qui persistent agr\u00e9ablement, Love 66 est un choix r\u00e9confortant.<\/p>\n<h3><strong>Focus sur la saveur : Love 66 \u2013 Doux, Tendre &amp; Romantique<\/strong><\/h3>\n<ul>\n<li><strong>Profil ax\u00e9 sur la douceur<\/strong> avec une sensation en bouche lisse et arrondie<\/li>\n<li><strong>Nuance fruit\u00e9e<\/strong> qui garde chaque bouff\u00e9e vivante<\/li>\n<li><strong>Finition douce \u00e0 la vanille<\/strong> pour un arri\u00e8re-go\u00fbt chaleureux<\/li>\n<\/ul>\n<h3><strong>Pourquoi vous allez adorer le Crown Bar 20000<\/strong><\/h3>\n<ul>\n<li><strong>Jusqu'\u00e0 20000+ bouff\u00e9es<\/strong> pour une utilisation longue dur\u00e9e<\/li>\n<li><strong>Capacit\u00e9 de 20ml de e-liquide<\/strong> pour des sessions prolong\u00e9es<\/li>\n<li><strong>Batterie rechargeable 850mAh<\/strong> avec <strong>Charge rapide USB-C<\/strong><\/li>\n<li><strong>bobine en mesh 0.6\u03a9<\/strong> pour une vapeur savoureuse et constante<\/li>\n<li><strong>Flux d'air ajustable<\/strong> pour affiner votre aspiration<\/li>\n<li><strong>\u00e9cran num\u00e9rique LED<\/strong> pour suivre d'un coup d'\u0153il<\/li>\n<li><strong>DTL (Direct-to-Lung)<\/strong> style d'inhalation<\/li>\n<\/ul>\n<h3><strong>Sp\u00e9cifications du Produit<\/strong><\/h3>\n<ul>\n<li><strong>Saveur :<\/strong> AL FAKHER Crown Bar 20000 Puffs<\/li>\n<li><strong>Saveur :<\/strong> Love 66<\/li>\n<li><strong>E-liquide :<\/strong> 20ml<\/li>\n<li><strong>Batterie :<\/strong> 850mAh (rechargeable USB-C)<\/li>\n<li><strong>R\u00e9sistance :<\/strong> Bobine en maille de 0,6\u03a9<\/li>\n<li><strong>Affichage :<\/strong> Affichage Num\u00e9rique LED<\/li>\n<li><strong>Flux d'air :<\/strong> R\u00e9glable<\/li>\n<li><strong>Bouff\u00e9es :<\/strong> 20000+ (l'utilisation varie)<\/li>\n<li><strong>Options de nicotine :<\/strong> 0% \/ 2% \/ 3% \/ 5%<\/li>\n<li><strong>Style de vapotage :<\/strong> DTL<\/li>\n<\/ul>\n<p>D\u00e9couvrez plus d'options durables dans notre <a href=\"https:\/\/fumot.uk\/fr\/\">Collection de vapes jetables 20000 puffs<\/a> on <strong>fumot.uk<\/strong>.<\/p>\n<p><strong>AL FAKHER Crown Bar 20000 \u2013 Love 66 :<\/strong> une saveur douce et romantique qui transforme les moments quotidiens en quelque chose de plus chaleureux.<\/p>","protected":false},"excerpt":{"rendered":"<p>AL FAKHER Crown Bar 20000 Puffs in Love 66 : notes fruit\u00e9es sucr\u00e9es avec une finition douce de vanille. 20ml, 850mAh USB\u2011C rechargeable, 0.6\u03a9 bobine en maille, affichage LED, flux d'air r\u00e9glable, DTL. Nicotine : 0\/2\/3\/5%.<\/p>","protected":false},"featured_media":3852,"comment_status":"open","ping_status":"closed","template":"","meta":[],"product_brand":[],"product_cat":[68,190,17],"product_tag":[60,20,21,33,72,23,25,26,37,28],"class_list":{"0":"post-3803","1":"product","2":"type-product","3":"status-publish","4":"has-post-thumbnail","6":"product_cat-20000-puff","7":"product_cat-al-fakher-crown-bar-20000-puffs","8":"product_cat-vape","9":"product_tag-20ml","10":"product_tag-850mah","11":"product_tag-adjustable-airflow","12":"product_tag-blueberry","13":"product_tag-direct-to-lung","14":"product_tag-display","15":"product_tag-mesh-coil","16":"product_tag-rechargeable","17":"product_tag-strawberry","18":"product_tag-type-c","20":"first","21":"instock","22":"sale","23":"shipping-taxable","24":"purchasable","25":"product-type-variable","26":"has-default-attributes"},"yoast_head":"<!-- This site is optimized with the Yoast SEO plugin v26.8 - https:\/\/yoast.com\/product\/yoast-seo-wordpress\/ -->\n<title>AL FAKHER Crown Bar 20000 Puffs Love 66 | fumot.uk<\/title>\n<meta name=\"description\" content=\"Shop AL FAKHER Crown Bar 20000 Puffs Love 66: sweet fruity flavor with soft vanilla finish. 20ml, 850mAh USB\u2011C, mesh coil, LED display, adjustable airflow.\" \/>\n<meta name=\"robots\" content=\"index, follow, max-snippet:-1, max-image-preview:large, max-video-preview:-1\" \/>\n<link rel=\"canonical\" href=\"https:\/\/fumot.uk\/fr\/product\/al-fakher-crown-bar-20000-puffs-love-66-liebe-romantik-sus-und-zart\/\" \/>\n<meta property=\"og:locale\" content=\"fr_FR\" \/>\n<meta property=\"og:type\" content=\"article\" \/>\n<meta property=\"og:title\" content=\"AL FAKHER Crown Bar 20000 Puffs \u2013 Love 66\" \/>\n<meta property=\"og:description\" content=\"Sweet, romantic Love 66 with fruity notes and a soft vanilla finish. 20ml, 850mAh USB\u2011C rechargeable, mesh coil, LED display, adjustable airflow. Available on fumot.uk.\" \/>\n<meta property=\"og:url\" content=\"https:\/\/fumot.uk\/fr\/product\/al-fakher-crown-bar-20000-puffs-love-66-liebe-romantik-sus-und-zart\/\" \/>\n<meta property=\"og:site_name\" content=\"Fumot Official Direct | Straight from the Factory, 100% Genuine\" \/>\n<meta property=\"article:modified_time\" content=\"2026-01-21T09:14:29+00:00\" \/>\n<meta property=\"og:image\" content=\"https:\/\/fumot.uk\/wp-content\/uploads\/2026\/01\/AL-FAKHER-CROWN-BAR-20000-Puffs-Love-66-Disposable-Vape-scaled-1.png\" \/>\n\t<meta property=\"og:image:width\" content=\"2560\" \/>\n\t<meta property=\"og:image:height\" content=\"2560\" \/>\n\t<meta property=\"og:image:type\" content=\"image\/png\" \/>\n<meta name=\"twitter:card\" content=\"summary_large_image\" \/>\n<meta name=\"twitter:label1\" content=\"Dur\u00e9e de lecture estim\u00e9e\" \/>\n\t<meta name=\"twitter:data1\" content=\"1 minute\" \/>\n<script type=\"application\/ld+json\" class=\"yoast-schema-graph\">{\"@context\":\"https:\/\/schema.org\",\"@graph\":[{\"@type\":\"WebPage\",\"@id\":\"https:\/\/fumot.uk\/product\/al-fakher-crown-bar-20000-puffs-love-66-liebe-romantik-sus-und-zart\/\",\"url\":\"https:\/\/fumot.uk\/product\/al-fakher-crown-bar-20000-puffs-love-66-liebe-romantik-sus-und-zart\/\",\"name\":\"AL FAKHER Crown Bar 20000 Puffs Love 66 | fumot.uk\",\"isPartOf\":{\"@id\":\"https:\/\/fumot.uk\/#website\"},\"primaryImageOfPage\":{\"@id\":\"https:\/\/fumot.uk\/product\/al-fakher-crown-bar-20000-puffs-love-66-liebe-romantik-sus-und-zart\/#primaryimage\"},\"image\":{\"@id\":\"https:\/\/fumot.uk\/product\/al-fakher-crown-bar-20000-puffs-love-66-liebe-romantik-sus-und-zart\/#primaryimage\"},\"thumbnailUrl\":\"https:\/\/fumot.uk\/wp-content\/uploads\/2026\/01\/AL-FAKHER-CROWN-BAR-20000-Puffs-Love-66-Disposable-Vape-scaled-1.png\",\"datePublished\":\"2026-01-21T04:04:33+00:00\",\"dateModified\":\"2026-01-21T09:14:29+00:00\",\"description\":\"Shop AL FAKHER Crown Bar 20000 Puffs Love 66: sweet fruity flavor with soft vanilla finish. 20ml, 850mAh USB\u2011C, mesh coil, LED display, adjustable airflow.\",\"breadcrumb\":{\"@id\":\"https:\/\/fumot.uk\/product\/al-fakher-crown-bar-20000-puffs-love-66-liebe-romantik-sus-und-zart\/#breadcrumb\"},\"inLanguage\":\"fr-FR\",\"potentialAction\":[{\"@type\":\"ReadAction\",\"target\":[\"https:\/\/fumot.uk\/product\/al-fakher-crown-bar-20000-puffs-love-66-liebe-romantik-sus-und-zart\/\"]}]},{\"@type\":\"ImageObject\",\"inLanguage\":\"fr-FR\",\"@id\":\"https:\/\/fumot.uk\/product\/al-fakher-crown-bar-20000-puffs-love-66-liebe-romantik-sus-und-zart\/#primaryimage\",\"url\":\"https:\/\/fumot.uk\/wp-content\/uploads\/2026\/01\/AL-FAKHER-CROWN-BAR-20000-Puffs-Love-66-Disposable-Vape-scaled-1.png\",\"contentUrl\":\"https:\/\/fumot.uk\/wp-content\/uploads\/2026\/01\/AL-FAKHER-CROWN-BAR-20000-Puffs-Love-66-Disposable-Vape-scaled-1.png\",\"width\":2560,\"height\":2560},{\"@type\":\"BreadcrumbList\",\"@id\":\"https:\/\/fumot.uk\/product\/al-fakher-crown-bar-20000-puffs-love-66-liebe-romantik-sus-und-zart\/#breadcrumb\",\"itemListElement\":[{\"@type\":\"ListItem\",\"position\":1,\"name\":\"Home\",\"item\":\"https:\/\/fumot.uk\/\"},{\"@type\":\"ListItem\",\"position\":2,\"name\":\"Shop\",\"item\":\"https:\/\/fumot.uk\/shop\/\"},{\"@type\":\"ListItem\",\"position\":3,\"name\":\"AL FAKHER Crown Bar 20000 Puffs Love 66 Disposable Vape (20ml, 850mAh, Adjustable Airflow)\"}]},{\"@type\":\"WebSite\",\"@id\":\"https:\/\/fumot.uk\/#website\",\"url\":\"https:\/\/fumot.uk\/\",\"name\":\"Fumot Official Direct | Straight from the Factory, 100% Genuine\",\"description\":\"Official Website\",\"publisher\":{\"@id\":\"https:\/\/fumot.uk\/#organization\"},\"potentialAction\":[{\"@type\":\"SearchAction\",\"target\":{\"@type\":\"EntryPoint\",\"urlTemplate\":\"https:\/\/fumot.uk\/?s={search_term_string}\"},\"query-input\":{\"@type\":\"PropertyValueSpecification\",\"valueRequired\":true,\"valueName\":\"search_term_string\"}}],\"inLanguage\":\"fr-FR\"},{\"@type\":\"Organization\",\"@id\":\"https:\/\/fumot.uk\/#organization\",\"name\":\"Fumot Official Direct | Straight from the Factory, 100% Genuine\",\"url\":\"https:\/\/fumot.uk\/\",\"logo\":{\"@type\":\"ImageObject\",\"inLanguage\":\"fr-FR\",\"@id\":\"https:\/\/fumot.uk\/#\/schema\/logo\/image\/\",\"url\":\"https:\/\/fumot.uk\/wp-content\/uploads\/2026\/01\/cropped-fumot-logo1.png\",\"contentUrl\":\"https:\/\/fumot.uk\/wp-content\/uploads\/2026\/01\/cropped-fumot-logo1.png\",\"width\":152,\"height\":106,\"caption\":\"Fumot Official Direct | Straight from the Factory, 100% Genuine\"},\"image\":{\"@id\":\"https:\/\/fumot.uk\/#\/schema\/logo\/image\/\"}}]}<\/script>\n<!-- \/ Yoast SEO plugin. -->","yoast_head_json":{"title":"AL FAKHER Crown Bar 20000 Puffs Love 66 | fumot.uk","description":"Boutique AL FAKHER Crown Bar 20000 Puffs Love 66 : saveur fruit\u00e9e douce avec une finition vanille douce. 20ml, 850mAh USB\u2011C, bobine en maille, \u00e9cran LED, d\u00e9bit d'air r\u00e9glable.","robots":{"index":"index","follow":"follow","max-snippet":"max-snippet:-1","max-image-preview":"max-image-preview:large","max-video-preview":"max-video-preview:-1"},"canonical":"https:\/\/fumot.uk\/fr\/product\/al-fakher-crown-bar-20000-puffs-love-66-liebe-romantik-sus-und-zart\/","og_locale":"fr_FR","og_type":"article","og_title":"AL FAKHER Crown Bar 20000 Puffs \u2013 Love 66","og_description":"Sweet, romantic Love 66 with fruity notes and a soft vanilla finish. 20ml, 850mAh USB\u2011C rechargeable, mesh coil, LED display, adjustable airflow. Available on fumot.uk.","og_url":"https:\/\/fumot.uk\/fr\/product\/al-fakher-crown-bar-20000-puffs-love-66-liebe-romantik-sus-und-zart\/","og_site_name":"Fumot Official Direct | Straight from the Factory, 100% Genuine","article_modified_time":"2026-01-21T09:14:29+00:00","og_image":[{"width":2560,"height":2560,"url":"https:\/\/fumot.uk\/wp-content\/uploads\/2026\/01\/AL-FAKHER-CROWN-BAR-20000-Puffs-Love-66-Disposable-Vape-scaled-1.png","type":"image\/png"}],"twitter_card":"summary_large_image","twitter_misc":{"Dur\u00e9e de lecture estim\u00e9e":"1 minute"},"schema":{"@context":"https:\/\/schema.org","@graph":[{"@type":"WebPage","@id":"https:\/\/fumot.uk\/product\/al-fakher-crown-bar-20000-puffs-love-66-liebe-romantik-sus-und-zart\/","url":"https:\/\/fumot.uk\/product\/al-fakher-crown-bar-20000-puffs-love-66-liebe-romantik-sus-und-zart\/","name":"AL FAKHER Crown Bar 20000 Puffs Love 66 | fumot.uk","isPartOf":{"@id":"https:\/\/fumot.uk\/#website"},"primaryImageOfPage":{"@id":"https:\/\/fumot.uk\/product\/al-fakher-crown-bar-20000-puffs-love-66-liebe-romantik-sus-und-zart\/#primaryimage"},"image":{"@id":"https:\/\/fumot.uk\/product\/al-fakher-crown-bar-20000-puffs-love-66-liebe-romantik-sus-und-zart\/#primaryimage"},"thumbnailUrl":"https:\/\/fumot.uk\/wp-content\/uploads\/2026\/01\/AL-FAKHER-CROWN-BAR-20000-Puffs-Love-66-Disposable-Vape-scaled-1.png","datePublished":"2026-01-21T04:04:33+00:00","dateModified":"2026-01-21T09:14:29+00:00","description":"Boutique AL FAKHER Crown Bar 20000 Puffs Love 66 : saveur fruit\u00e9e douce avec une finition vanille douce. 20ml, 850mAh USB\u2011C, bobine en maille, \u00e9cran LED, d\u00e9bit d'air r\u00e9glable.","breadcrumb":{"@id":"https:\/\/fumot.uk\/product\/al-fakher-crown-bar-20000-puffs-love-66-liebe-romantik-sus-und-zart\/#breadcrumb"},"inLanguage":"fr-FR","potentialAction":[{"@type":"ReadAction","target":["https:\/\/fumot.uk\/product\/al-fakher-crown-bar-20000-puffs-love-66-liebe-romantik-sus-und-zart\/"]}]},{"@type":"ImageObject","inLanguage":"fr-FR","@id":"https:\/\/fumot.uk\/product\/al-fakher-crown-bar-20000-puffs-love-66-liebe-romantik-sus-und-zart\/#primaryimage","url":"https:\/\/fumot.uk\/wp-content\/uploads\/2026\/01\/AL-FAKHER-CROWN-BAR-20000-Puffs-Love-66-Disposable-Vape-scaled-1.png","contentUrl":"https:\/\/fumot.uk\/wp-content\/uploads\/2026\/01\/AL-FAKHER-CROWN-BAR-20000-Puffs-Love-66-Disposable-Vape-scaled-1.png","width":2560,"height":2560},{"@type":"BreadcrumbList","@id":"https:\/\/fumot.uk\/product\/al-fakher-crown-bar-20000-puffs-love-66-liebe-romantik-sus-und-zart\/#breadcrumb","itemListElement":[{"@type":"ListItem","position":1,"name":"Home","item":"https:\/\/fumot.uk\/"},{"@type":"ListItem","position":2,"name":"Shop","item":"https:\/\/fumot.uk\/shop\/"},{"@type":"ListItem","position":3,"name":"AL FAKHER Crown Bar 20000 Puffs Love 66 Disposable Vape (20ml, 850mAh, Adjustable Airflow)"}]},{"@type":"WebSite","@id":"https:\/\/fumot.uk\/#website","url":"https:\/\/fumot.uk\/","name":"Fumot Official Direct | Directement de l'usine, 100% Authentique","description":"Site officiel","publisher":{"@id":"https:\/\/fumot.uk\/#organization"},"potentialAction":[{"@type":"SearchAction","target":{"@type":"EntryPoint","urlTemplate":"https:\/\/fumot.uk\/?s={search_term_string}"},"query-input":{"@type":"PropertyValueSpecification","valueRequired":true,"valueName":"search_term_string"}}],"inLanguage":"fr-FR"},{"@type":"Organization","@id":"https:\/\/fumot.uk\/#organization","name":"Fumot Official Direct | Directement de l'usine, 100% Authentique","url":"https:\/\/fumot.uk\/","logo":{"@type":"ImageObject","inLanguage":"fr-FR","@id":"https:\/\/fumot.uk\/#\/schema\/logo\/image\/","url":"https:\/\/fumot.uk\/wp-content\/uploads\/2026\/01\/cropped-fumot-logo1.png","contentUrl":"https:\/\/fumot.uk\/wp-content\/uploads\/2026\/01\/cropped-fumot-logo1.png","width":152,"height":106,"caption":"Fumot Official Direct | Straight from the Factory, 100% Genuine"},"image":{"@id":"https:\/\/fumot.uk\/#\/schema\/logo\/image\/"}}]}},"_links":{"self":[{"href":"https:\/\/fumot.uk\/fr\/wp-json\/wp\/v2\/product\/3803","targetHints":{"allow":["GET"]}}],"collection":[{"href":"https:\/\/fumot.uk\/fr\/wp-json\/wp\/v2\/product"}],"about":[{"href":"https:\/\/fumot.uk\/fr\/wp-json\/wp\/v2\/types\/product"}],"replies":[{"embeddable":true,"href":"https:\/\/fumot.uk\/fr\/wp-json\/wp\/v2\/comments?post=3803"}],"wp:featuredmedia":[{"embeddable":true,"href":"https:\/\/fumot.uk\/fr\/wp-json\/wp\/v2\/media\/3852"}],"wp:attachment":[{"href":"https:\/\/fumot.uk\/fr\/wp-json\/wp\/v2\/media?parent=3803"}],"wp:term":[{"taxonomy":"product_brand","embeddable":true,"href":"https:\/\/fumot.uk\/fr\/wp-json\/wp\/v2\/product_brand?post=3803"},{"taxonomy":"product_cat","embeddable":true,"href":"https:\/\/fumot.uk\/fr\/wp-json\/wp\/v2\/product_cat?post=3803"},{"taxonomy":"product_tag","embeddable":true,"href":"https:\/\/fumot.uk\/fr\/wp-json\/wp\/v2\/product_tag?post=3803"}],"curies":[{"name":"wp","href":"https:\/\/api.w.org\/{rel}","templated":true}]}}