{"id":3797,"date":"2026-01-21T04:04:32","date_gmt":"2026-01-21T04:04:32","guid":{"rendered":"https:\/\/fumot.uk\/?post_type=product&#038;p=3797"},"modified":"2026-01-21T09:16:41","modified_gmt":"2026-01-21T09:16:41","slug":"al-fakher-crown-bar-20000-puffs-strawberry-watermelon-erdbeere-trifft-wassermelone-fruchtig-frisch-verfuhrerisch","status":"publish","type":"product","link":"https:\/\/fumot.uk\/fr\/product\/al-fakher-crown-bar-20000-puffs-strawberry-watermelon-erdbeere-trifft-wassermelone-fruchtig-frisch-verfuhrerisch\/","title":{"rendered":"AL FAKHER Crown Bar 20000 Puffs Fraise Past\u00e8que \u2013 20ml, 850mAh Type\u2011C, Flux d'air r\u00e9glable, \u00c9cran LED"},"content":{"rendered":"<p><strong>AL FAKHER Crown Bar 20000 Puffs \u2013 Fraise Past\u00e8que<\/strong> apporte un look \u201c style business \u201d propre et moderne avec une exp\u00e9rience de vape facile et personnalisable. Fini dans un design aspect cuir premium et construit avec un net <strong>\u00e9cran num\u00e9rique LED<\/strong>, il est fait pour une utilisation quotidienne\u2014que vous pr\u00e9f\u00e9riez une aspiration plus serr\u00e9e ou plus ouverte gr\u00e2ce au <strong>flux d'air r\u00e9glable<\/strong>.<\/p>\n<p><strong>Saveur : Fraise Past\u00e8que<\/strong> est un m\u00e9lange lumineux, estival o\u00f9 la douceur de la fraise m\u00fbre rencontre la fra\u00eecheur juteuse de la past\u00e8que. Le profil reste lisse et \u00e9quilibr\u00e9\u2014ax\u00e9 sur le fruit, l\u00e9g\u00e8rement rafra\u00eechissant, et facile \u00e0 retrouver tout au long de la journ\u00e9e.<\/p>\n<h3><strong>Pourquoi vous allez l\u2019aimer<\/strong><\/h3>\n<ul>\n<li><strong>M\u00e9lange de fruits juteux :<\/strong> Douceur de la fraise + fra\u00eecheur de la past\u00e8que dans un m\u00e9lange doux et adapt\u00e9 au quotidien.<\/li>\n<li><strong>Aspiration personnalis\u00e9e :<\/strong> Flux d'air r\u00e9glable pour une inhalation qui correspond \u00e0 votre style.<\/li>\n<li><strong>Vapeur constante :<\/strong> <strong>bobine en mesh 0.6\u03a9<\/strong> con\u00e7u pour un chauffage uniforme et une saveur claire.<\/li>\n<li><strong>Puissance rapide et pratique :<\/strong> <strong>850mAh<\/strong> batterie rechargeable avec <strong>Charge rapide Type\u2011C<\/strong>.<\/li>\n<li><strong>Restez inform\u00e9 :<\/strong> L'affichage LED vous aide \u00e0 suivre d'un coup d'\u0153il.<\/li>\n<\/ul>\n<h3><strong>Sp\u00e9cifications du produit<\/strong><\/h3>\n<ul>\n<li><strong>Marque\/Mod\u00e8le :<\/strong> AL FAKHER Crown Bar<\/li>\n<li><strong>Bouff\u00e9es :<\/strong> 20000+ bouff\u00e9es<\/li>\n<li><strong>Saveur :<\/strong> Fraise Past\u00e8que<\/li>\n<li><strong>Capacit\u00e9 d'e\u2011liquide :<\/strong> 20ml<\/li>\n<li><strong>Batterie :<\/strong> 850mAh (charge rapide Type\u2011C)<\/li>\n<li><strong>R\u00e9sistance :<\/strong> Bobine en maille de 0,6\u03a9<\/li>\n<li><strong>Flux d'air :<\/strong> Syst\u00e8me de flux d'air r\u00e9glable<\/li>\n<li><strong>Affichage :<\/strong> \u00e9cran num\u00e9rique LED<\/li>\n<li><strong>Style de vapotage :<\/strong> DTL (Direct to Lung)<\/li>\n<li><strong>Options de nicotine :<\/strong> 0% \/ 2% \/ 3% \/ 5%<\/li>\n<\/ul>\n<p><strong>Explorez plus d'options 20000\u2011puffs :<\/strong> <a href=\"https:\/\/fumot.uk\/fr\/\" target=\"_blank\" rel=\"noopener\">fumot.uk<\/a><\/p>\n<p><strong>AL FAKHER Crown Bar 20000 Puffs Fraise Past\u00e8que<\/strong> \u2014 un duo de fruits lisse avec une finition fra\u00eeche, envelopp\u00e9 dans un appareil \u00e9l\u00e9gant au look premium.<\/p>","protected":false},"excerpt":{"rendered":"<p>AL FAKHER Crown Bar 20000 Puffs en Fraise Past\u00e8que : la douceur de la fraise m\u00fbre rencontre la fra\u00eecheur de la past\u00e8que juteuse. 20ml, 850mAh Type\u2011C, 0.6\u03a9 bobine en maille, affichage LED, flux d'air r\u00e9glable, DTL. Nicotine : 0\/2\/3\/5%.<\/p>","protected":false},"featured_media":3846,"comment_status":"open","ping_status":"closed","template":"","meta":[],"product_brand":[],"product_cat":[68,190],"product_tag":[60,20,21,72,23,25,26,37,28,32],"class_list":{"0":"post-3797","1":"product","2":"type-product","3":"status-publish","4":"has-post-thumbnail","6":"product_cat-20000-puff","7":"product_cat-al-fakher-crown-bar-20000-puffs","8":"product_tag-20ml","9":"product_tag-850mah","10":"product_tag-adjustable-airflow","11":"product_tag-direct-to-lung","12":"product_tag-display","13":"product_tag-mesh-coil","14":"product_tag-rechargeable","15":"product_tag-strawberry","16":"product_tag-type-c","17":"product_tag-watermelon","19":"first","20":"instock","21":"sale","22":"shipping-taxable","23":"purchasable","24":"product-type-variable","25":"has-default-attributes"},"yoast_head":"<!-- This site is optimized with the Yoast SEO plugin v26.8 - https:\/\/yoast.com\/product\/yoast-seo-wordpress\/ -->\n<title>AL FAKHER Crown Bar 20000 Strawberry Watermelon | fumot.uk<\/title>\n<meta name=\"description\" content=\"Shop AL FAKHER Crown Bar 20000 Puffs Strawberry Watermelon: 20ml, 850mAh Type\u2011C, 0.6\u03a9 mesh coil, LED display &amp; adjustable airflow. 0\/2\/3\/5%.\" \/>\n<meta name=\"robots\" content=\"index, follow, max-snippet:-1, max-image-preview:large, max-video-preview:-1\" \/>\n<link rel=\"canonical\" href=\"https:\/\/fumot.uk\/fr\/product\/al-fakher-crown-bar-20000-puffs-strawberry-watermelon-erdbeere-trifft-wassermelone-fruchtig-frisch-verfuhrerisch\/\" \/>\n<meta property=\"og:locale\" content=\"fr_FR\" \/>\n<meta property=\"og:type\" content=\"article\" \/>\n<meta property=\"og:title\" content=\"AL FAKHER Crown Bar 20000 Puffs \u2013 Strawberry Watermelon\" \/>\n<meta property=\"og:description\" content=\"A smooth strawberry-watermelon blend with a fresh finish. 20ml, 850mAh Type\u2011C, mesh coil, LED display and adjustable airflow. Available at fumot.uk.\" \/>\n<meta property=\"og:url\" content=\"https:\/\/fumot.uk\/fr\/product\/al-fakher-crown-bar-20000-puffs-strawberry-watermelon-erdbeere-trifft-wassermelone-fruchtig-frisch-verfuhrerisch\/\" \/>\n<meta property=\"og:site_name\" content=\"Fumot Official Direct | Straight from the Factory, 100% Genuine\" \/>\n<meta property=\"article:modified_time\" content=\"2026-01-21T09:16:41+00:00\" \/>\n<meta property=\"og:image\" content=\"https:\/\/fumot.uk\/wp-content\/uploads\/2026\/01\/AL-FAKHER-CROWN-BAR-20000-Puffs-Strawberry-Watermelon-Disposable-Vape-scaled-1.png\" \/>\n\t<meta property=\"og:image:width\" content=\"2560\" \/>\n\t<meta property=\"og:image:height\" content=\"2560\" \/>\n\t<meta property=\"og:image:type\" content=\"image\/png\" \/>\n<meta name=\"twitter:card\" content=\"summary_large_image\" \/>\n<meta name=\"twitter:label1\" content=\"Dur\u00e9e de lecture estim\u00e9e\" \/>\n\t<meta name=\"twitter:data1\" content=\"1 minute\" \/>\n<script type=\"application\/ld+json\" class=\"yoast-schema-graph\">{\"@context\":\"https:\/\/schema.org\",\"@graph\":[{\"@type\":\"WebPage\",\"@id\":\"https:\/\/fumot.uk\/product\/al-fakher-crown-bar-20000-puffs-strawberry-watermelon-erdbeere-trifft-wassermelone-fruchtig-frisch-verfuhrerisch\/\",\"url\":\"https:\/\/fumot.uk\/product\/al-fakher-crown-bar-20000-puffs-strawberry-watermelon-erdbeere-trifft-wassermelone-fruchtig-frisch-verfuhrerisch\/\",\"name\":\"AL FAKHER Crown Bar 20000 Strawberry Watermelon | fumot.uk\",\"isPartOf\":{\"@id\":\"https:\/\/fumot.uk\/#website\"},\"primaryImageOfPage\":{\"@id\":\"https:\/\/fumot.uk\/product\/al-fakher-crown-bar-20000-puffs-strawberry-watermelon-erdbeere-trifft-wassermelone-fruchtig-frisch-verfuhrerisch\/#primaryimage\"},\"image\":{\"@id\":\"https:\/\/fumot.uk\/product\/al-fakher-crown-bar-20000-puffs-strawberry-watermelon-erdbeere-trifft-wassermelone-fruchtig-frisch-verfuhrerisch\/#primaryimage\"},\"thumbnailUrl\":\"https:\/\/fumot.uk\/wp-content\/uploads\/2026\/01\/AL-FAKHER-CROWN-BAR-20000-Puffs-Strawberry-Watermelon-Disposable-Vape-scaled-1.png\",\"datePublished\":\"2026-01-21T04:04:32+00:00\",\"dateModified\":\"2026-01-21T09:16:41+00:00\",\"description\":\"Shop AL FAKHER Crown Bar 20000 Puffs Strawberry Watermelon: 20ml, 850mAh Type\u2011C, 0.6\u03a9 mesh coil, LED display & adjustable airflow. 0\/2\/3\/5%.\",\"breadcrumb\":{\"@id\":\"https:\/\/fumot.uk\/product\/al-fakher-crown-bar-20000-puffs-strawberry-watermelon-erdbeere-trifft-wassermelone-fruchtig-frisch-verfuhrerisch\/#breadcrumb\"},\"inLanguage\":\"fr-FR\",\"potentialAction\":[{\"@type\":\"ReadAction\",\"target\":[\"https:\/\/fumot.uk\/product\/al-fakher-crown-bar-20000-puffs-strawberry-watermelon-erdbeere-trifft-wassermelone-fruchtig-frisch-verfuhrerisch\/\"]}]},{\"@type\":\"ImageObject\",\"inLanguage\":\"fr-FR\",\"@id\":\"https:\/\/fumot.uk\/product\/al-fakher-crown-bar-20000-puffs-strawberry-watermelon-erdbeere-trifft-wassermelone-fruchtig-frisch-verfuhrerisch\/#primaryimage\",\"url\":\"https:\/\/fumot.uk\/wp-content\/uploads\/2026\/01\/AL-FAKHER-CROWN-BAR-20000-Puffs-Strawberry-Watermelon-Disposable-Vape-scaled-1.png\",\"contentUrl\":\"https:\/\/fumot.uk\/wp-content\/uploads\/2026\/01\/AL-FAKHER-CROWN-BAR-20000-Puffs-Strawberry-Watermelon-Disposable-Vape-scaled-1.png\",\"width\":2560,\"height\":2560},{\"@type\":\"BreadcrumbList\",\"@id\":\"https:\/\/fumot.uk\/product\/al-fakher-crown-bar-20000-puffs-strawberry-watermelon-erdbeere-trifft-wassermelone-fruchtig-frisch-verfuhrerisch\/#breadcrumb\",\"itemListElement\":[{\"@type\":\"ListItem\",\"position\":1,\"name\":\"Home\",\"item\":\"https:\/\/fumot.uk\/\"},{\"@type\":\"ListItem\",\"position\":2,\"name\":\"Shop\",\"item\":\"https:\/\/fumot.uk\/shop\/\"},{\"@type\":\"ListItem\",\"position\":3,\"name\":\"AL FAKHER Crown Bar 20000 Puffs Strawberry Watermelon \u2013 20ml, 850mAh Type\u2011C, Adjustable Airflow, LED Display\"}]},{\"@type\":\"WebSite\",\"@id\":\"https:\/\/fumot.uk\/#website\",\"url\":\"https:\/\/fumot.uk\/\",\"name\":\"Fumot Official Direct | Straight from the Factory, 100% Genuine\",\"description\":\"Official Website\",\"publisher\":{\"@id\":\"https:\/\/fumot.uk\/#organization\"},\"potentialAction\":[{\"@type\":\"SearchAction\",\"target\":{\"@type\":\"EntryPoint\",\"urlTemplate\":\"https:\/\/fumot.uk\/?s={search_term_string}\"},\"query-input\":{\"@type\":\"PropertyValueSpecification\",\"valueRequired\":true,\"valueName\":\"search_term_string\"}}],\"inLanguage\":\"fr-FR\"},{\"@type\":\"Organization\",\"@id\":\"https:\/\/fumot.uk\/#organization\",\"name\":\"Fumot Official Direct | Straight from the Factory, 100% Genuine\",\"url\":\"https:\/\/fumot.uk\/\",\"logo\":{\"@type\":\"ImageObject\",\"inLanguage\":\"fr-FR\",\"@id\":\"https:\/\/fumot.uk\/#\/schema\/logo\/image\/\",\"url\":\"https:\/\/fumot.uk\/wp-content\/uploads\/2026\/01\/cropped-fumot-logo1.png\",\"contentUrl\":\"https:\/\/fumot.uk\/wp-content\/uploads\/2026\/01\/cropped-fumot-logo1.png\",\"width\":152,\"height\":106,\"caption\":\"Fumot Official Direct | Straight from the Factory, 100% Genuine\"},\"image\":{\"@id\":\"https:\/\/fumot.uk\/#\/schema\/logo\/image\/\"}}]}<\/script>\n<!-- \/ Yoast SEO plugin. -->","yoast_head_json":{"title":"AL FAKHER Crown Bar 20000 Fraise Past\u00e8que | fumot.uk","description":"Boutique AL FAKHER Crown Bar 20000 Puffs Fraise Past\u00e8que : 20ml, 850mAh Type\u2011C, bobine en mesh 0.6\u03a9, \u00e9cran LED &amp; flux d'air r\u00e9glable. 0\/2\/3\/5%.","robots":{"index":"index","follow":"follow","max-snippet":"max-snippet:-1","max-image-preview":"max-image-preview:large","max-video-preview":"max-video-preview:-1"},"canonical":"https:\/\/fumot.uk\/fr\/product\/al-fakher-crown-bar-20000-puffs-strawberry-watermelon-erdbeere-trifft-wassermelone-fruchtig-frisch-verfuhrerisch\/","og_locale":"fr_FR","og_type":"article","og_title":"AL FAKHER Crown Bar 20000 Puffs \u2013 Strawberry Watermelon","og_description":"A smooth strawberry-watermelon blend with a fresh finish. 20ml, 850mAh Type\u2011C, mesh coil, LED display and adjustable airflow. Available at fumot.uk.","og_url":"https:\/\/fumot.uk\/fr\/product\/al-fakher-crown-bar-20000-puffs-strawberry-watermelon-erdbeere-trifft-wassermelone-fruchtig-frisch-verfuhrerisch\/","og_site_name":"Fumot Official Direct | Straight from the Factory, 100% Genuine","article_modified_time":"2026-01-21T09:16:41+00:00","og_image":[{"width":2560,"height":2560,"url":"https:\/\/fumot.uk\/wp-content\/uploads\/2026\/01\/AL-FAKHER-CROWN-BAR-20000-Puffs-Strawberry-Watermelon-Disposable-Vape-scaled-1.png","type":"image\/png"}],"twitter_card":"summary_large_image","twitter_misc":{"Dur\u00e9e de lecture estim\u00e9e":"1 minute"},"schema":{"@context":"https:\/\/schema.org","@graph":[{"@type":"WebPage","@id":"https:\/\/fumot.uk\/product\/al-fakher-crown-bar-20000-puffs-strawberry-watermelon-erdbeere-trifft-wassermelone-fruchtig-frisch-verfuhrerisch\/","url":"https:\/\/fumot.uk\/product\/al-fakher-crown-bar-20000-puffs-strawberry-watermelon-erdbeere-trifft-wassermelone-fruchtig-frisch-verfuhrerisch\/","name":"AL FAKHER Crown Bar 20000 Fraise Past\u00e8que | fumot.uk","isPartOf":{"@id":"https:\/\/fumot.uk\/#website"},"primaryImageOfPage":{"@id":"https:\/\/fumot.uk\/product\/al-fakher-crown-bar-20000-puffs-strawberry-watermelon-erdbeere-trifft-wassermelone-fruchtig-frisch-verfuhrerisch\/#primaryimage"},"image":{"@id":"https:\/\/fumot.uk\/product\/al-fakher-crown-bar-20000-puffs-strawberry-watermelon-erdbeere-trifft-wassermelone-fruchtig-frisch-verfuhrerisch\/#primaryimage"},"thumbnailUrl":"https:\/\/fumot.uk\/wp-content\/uploads\/2026\/01\/AL-FAKHER-CROWN-BAR-20000-Puffs-Strawberry-Watermelon-Disposable-Vape-scaled-1.png","datePublished":"2026-01-21T04:04:32+00:00","dateModified":"2026-01-21T09:16:41+00:00","description":"Boutique AL FAKHER Crown Bar 20000 Puffs Fraise Past\u00e8que : 20ml, 850mAh Type\u2011C, bobine en mesh 0.6\u03a9, \u00e9cran LED &amp; flux d'air r\u00e9glable. 0\/2\/3\/5%.","breadcrumb":{"@id":"https:\/\/fumot.uk\/product\/al-fakher-crown-bar-20000-puffs-strawberry-watermelon-erdbeere-trifft-wassermelone-fruchtig-frisch-verfuhrerisch\/#breadcrumb"},"inLanguage":"fr-FR","potentialAction":[{"@type":"ReadAction","target":["https:\/\/fumot.uk\/product\/al-fakher-crown-bar-20000-puffs-strawberry-watermelon-erdbeere-trifft-wassermelone-fruchtig-frisch-verfuhrerisch\/"]}]},{"@type":"ImageObject","inLanguage":"fr-FR","@id":"https:\/\/fumot.uk\/product\/al-fakher-crown-bar-20000-puffs-strawberry-watermelon-erdbeere-trifft-wassermelone-fruchtig-frisch-verfuhrerisch\/#primaryimage","url":"https:\/\/fumot.uk\/wp-content\/uploads\/2026\/01\/AL-FAKHER-CROWN-BAR-20000-Puffs-Strawberry-Watermelon-Disposable-Vape-scaled-1.png","contentUrl":"https:\/\/fumot.uk\/wp-content\/uploads\/2026\/01\/AL-FAKHER-CROWN-BAR-20000-Puffs-Strawberry-Watermelon-Disposable-Vape-scaled-1.png","width":2560,"height":2560},{"@type":"BreadcrumbList","@id":"https:\/\/fumot.uk\/product\/al-fakher-crown-bar-20000-puffs-strawberry-watermelon-erdbeere-trifft-wassermelone-fruchtig-frisch-verfuhrerisch\/#breadcrumb","itemListElement":[{"@type":"ListItem","position":1,"name":"Home","item":"https:\/\/fumot.uk\/"},{"@type":"ListItem","position":2,"name":"Shop","item":"https:\/\/fumot.uk\/shop\/"},{"@type":"ListItem","position":3,"name":"AL FAKHER Crown Bar 20000 Puffs Strawberry Watermelon \u2013 20ml, 850mAh Type\u2011C, Adjustable Airflow, LED Display"}]},{"@type":"WebSite","@id":"https:\/\/fumot.uk\/#website","url":"https:\/\/fumot.uk\/","name":"Fumot Official Direct | Directement de l'usine, 100% Authentique","description":"Site officiel","publisher":{"@id":"https:\/\/fumot.uk\/#organization"},"potentialAction":[{"@type":"SearchAction","target":{"@type":"EntryPoint","urlTemplate":"https:\/\/fumot.uk\/?s={search_term_string}"},"query-input":{"@type":"PropertyValueSpecification","valueRequired":true,"valueName":"search_term_string"}}],"inLanguage":"fr-FR"},{"@type":"Organization","@id":"https:\/\/fumot.uk\/#organization","name":"Fumot Official Direct | Directement de l'usine, 100% Authentique","url":"https:\/\/fumot.uk\/","logo":{"@type":"ImageObject","inLanguage":"fr-FR","@id":"https:\/\/fumot.uk\/#\/schema\/logo\/image\/","url":"https:\/\/fumot.uk\/wp-content\/uploads\/2026\/01\/cropped-fumot-logo1.png","contentUrl":"https:\/\/fumot.uk\/wp-content\/uploads\/2026\/01\/cropped-fumot-logo1.png","width":152,"height":106,"caption":"Fumot Official Direct | Straight from the Factory, 100% Genuine"},"image":{"@id":"https:\/\/fumot.uk\/#\/schema\/logo\/image\/"}}]}},"_links":{"self":[{"href":"https:\/\/fumot.uk\/fr\/wp-json\/wp\/v2\/product\/3797","targetHints":{"allow":["GET"]}}],"collection":[{"href":"https:\/\/fumot.uk\/fr\/wp-json\/wp\/v2\/product"}],"about":[{"href":"https:\/\/fumot.uk\/fr\/wp-json\/wp\/v2\/types\/product"}],"replies":[{"embeddable":true,"href":"https:\/\/fumot.uk\/fr\/wp-json\/wp\/v2\/comments?post=3797"}],"wp:featuredmedia":[{"embeddable":true,"href":"https:\/\/fumot.uk\/fr\/wp-json\/wp\/v2\/media\/3846"}],"wp:attachment":[{"href":"https:\/\/fumot.uk\/fr\/wp-json\/wp\/v2\/media?parent=3797"}],"wp:term":[{"taxonomy":"product_brand","embeddable":true,"href":"https:\/\/fumot.uk\/fr\/wp-json\/wp\/v2\/product_brand?post=3797"},{"taxonomy":"product_cat","embeddable":true,"href":"https:\/\/fumot.uk\/fr\/wp-json\/wp\/v2\/product_cat?post=3797"},{"taxonomy":"product_tag","embeddable":true,"href":"https:\/\/fumot.uk\/fr\/wp-json\/wp\/v2\/product_tag?post=3797"}],"curies":[{"name":"wp","href":"https:\/\/api.w.org\/{rel}","templated":true}]}}