{"id":3791,"date":"2026-01-21T04:04:31","date_gmt":"2026-01-21T04:04:31","guid":{"rendered":"https:\/\/fumot.uk\/?post_type=product&#038;p=3791"},"modified":"2026-01-21T09:18:16","modified_gmt":"2026-01-21T09:18:16","slug":"al-fakher-crown-bar-15k-puffs-sweet-passion-fruit","status":"publish","type":"product","link":"https:\/\/fumot.uk\/fr\/product\/al-fakher-crown-bar-15k-puffs-sweet-passion-fruit\/","title":{"rendered":"AL FAKHER Crown Bar 15K Puffs \u2013 Sweet Passion Fruit Vape Jetable (20ml, 850mAh, Type\u2011C, Display)"},"content":{"rendered":"<h3>Fruit de la passion sucr\u00e9 \u2013 AL FAKHER Crown Bar 15K Puffs<\/h3>\n<p><strong>AL FAKHER Crown Bar 15K Puffs Fruit de la passion sucr\u00e9<\/strong> apporte un profil lumineux et tropical de fruit de la passion avec une finition douce et sucr\u00e9e\u2014id\u00e9al lorsque vous voulez une vape fruit\u00e9e qui reste propre et constante du premier au dernier tirage.<\/p>\n<p>Con\u00e7u avec un look \u00e9l\u00e9gant et professionnel, ce <strong>vape jetable de 15 000 bouff\u00e9es<\/strong> pr\u00e9sente un <strong>affichage LED<\/strong> pour des mises \u00e0 jour en temps r\u00e9el du niveau de la batterie et du e-liquide, afin que vous sachiez toujours o\u00f9 vous en \u00eates. Un g\u00e9n\u00e9reux <strong>Capacit\u00e9 de 20ml de e-liquide<\/strong> et un <strong>bobine en mesh 0.6\u03a9<\/strong> aide \u00e0 d\u00e9livrer une saveur constante et une production de vapeur satisfaisante. Quand il est temps de recharger, le <strong>Charge rapide Type\u2011C<\/strong> port garde les choses pratiques.<\/p>\n<p>Explorez plus d'options fruit\u00e9es sur <a href=\"https:\/\/fumot.uk\/fr\/\" target=\"_blank\" rel=\"noopener\">fumot.uk<\/a> ou parcourez les saveurs associ\u00e9es dans notre <a href=\"https:\/\/ultravape.de\/product-tag\/passion-fruit\/\" target=\"_blank\" rel=\"noopener\">Fruit de la Passion<\/a> Mod\u00e8le :.<\/p>\n<h4>Caract\u00e9ristiques cl\u00e9s<\/h4>\n<ul>\n<li><strong>Jusqu'\u00e0 :<\/strong> 15 000 bouff\u00e9es<\/li>\n<li><strong>E-liquide :<\/strong> 20ml pr\u00e9rempli<\/li>\n<li><strong>R\u00e9sistance :<\/strong> Bobine en maille de 0,6\u03a9<\/li>\n<li><strong>Batterie :<\/strong> R\u00e9sistance en maille<\/li>\n<li><strong>Chargement :<\/strong> Type\u2011C<\/li>\n<li><strong>Affichage :<\/strong> \u00c9cran LED pour le statut de la batterie et du e-liquide<\/li>\n<li><strong>Options de nicotine :<\/strong> 0% \/ 2% \/ 3% \/ 5%<\/li>\n<\/ul>\n<h4>Notes de saveur : Fruit de la passion sucr\u00e9<\/h4>\n<p>Douceur juteuse du fruit de la passion avec un caract\u00e8re tropical et rafra\u00eechissant\u2014\u00e9quilibr\u00e9 pour une vape facile toute la journ\u00e9e sans go\u00fbt lourd.<\/p>","protected":false},"excerpt":{"rendered":"<p>Fruit de la passion tropical sucr\u00e9 dans la vape jetable AL FAKHER Crown Bar 15K\u201420ml pr\u00e9-remplis, batterie rechargeable 850mAh, charge Type\u2011C, affichage LED, et r\u00e9sistance en mesh de 0.6\u03a9.<\/p>","protected":false},"featured_media":3821,"comment_status":"open","ping_status":"closed","template":"","meta":[],"product_brand":[],"product_cat":[16,189,17],"product_tag":[60,20,72,23,25,46,26,27,62,28],"class_list":{"0":"post-3791","1":"product","2":"type-product","3":"status-publish","4":"has-post-thumbnail","6":"product_cat-15000-puff","7":"product_cat-al-fakher-crown-bar-15k-puffs","8":"product_cat-vape","9":"product_tag-20ml","10":"product_tag-850mah","11":"product_tag-direct-to-lung","12":"product_tag-display","13":"product_tag-mesh-coil","14":"product_tag-passion-fruit","15":"product_tag-rechargeable","16":"product_tag-rgb-light","17":"product_tag-sale-vape","18":"product_tag-type-c","20":"first","21":"instock","22":"sale","23":"shipping-taxable","24":"purchasable","25":"product-type-variable","26":"has-default-attributes"},"yoast_head":"<!-- This site is optimized with the Yoast SEO plugin v26.8 - https:\/\/yoast.com\/product\/yoast-seo-wordpress\/ -->\n<title>AL FAKHER Crown Bar 15K Sweet Passion Fruit Vape<\/title>\n<meta name=\"description\" content=\"AL FAKHER Crown Bar 15K Sweet Passion Fruit: 20ml prefilled, 850mAh rechargeable, Type\u2011C, LED display, 0.6\u03a9 mesh coil. Nicotine 0\u20135%.\" \/>\n<meta name=\"robots\" content=\"index, follow, max-snippet:-1, max-image-preview:large, max-video-preview:-1\" \/>\n<link rel=\"canonical\" href=\"https:\/\/fumot.uk\/fr\/product\/al-fakher-crown-bar-15k-puffs-sweet-passion-fruit\/\" \/>\n<meta property=\"og:locale\" content=\"fr_FR\" \/>\n<meta property=\"og:type\" content=\"article\" \/>\n<meta property=\"og:title\" content=\"AL FAKHER Crown Bar 15K \u2013 Sweet Passion Fruit\" \/>\n<meta property=\"og:description\" content=\"Tropical sweet passion fruit flavor with LED display, 20ml capacity, 0.6\u03a9 mesh coil and 850mAh rechargeable Type\u2011C battery. Up to 15K puffs.\" \/>\n<meta property=\"og:url\" content=\"https:\/\/fumot.uk\/fr\/product\/al-fakher-crown-bar-15k-puffs-sweet-passion-fruit\/\" \/>\n<meta property=\"og:site_name\" content=\"Fumot Official Direct | Straight from the Factory, 100% Genuine\" \/>\n<meta property=\"article:modified_time\" content=\"2026-01-21T09:18:16+00:00\" \/>\n<meta property=\"og:image\" content=\"https:\/\/fumot.uk\/wp-content\/uploads\/2026\/01\/Sweet-passion-fruit-al-fakher-crown-bar-Disposable-Vape.jpg\" \/>\n\t<meta property=\"og:image:width\" content=\"1246\" \/>\n\t<meta property=\"og:image:height\" content=\"1390\" \/>\n\t<meta property=\"og:image:type\" content=\"image\/jpeg\" \/>\n<meta name=\"twitter:card\" content=\"summary_large_image\" \/>\n<meta name=\"twitter:label1\" content=\"Dur\u00e9e de lecture estim\u00e9e\" \/>\n\t<meta name=\"twitter:data1\" content=\"1 minute\" \/>\n<script type=\"application\/ld+json\" class=\"yoast-schema-graph\">{\"@context\":\"https:\/\/schema.org\",\"@graph\":[{\"@type\":\"WebPage\",\"@id\":\"https:\/\/fumot.uk\/product\/al-fakher-crown-bar-15k-puffs-sweet-passion-fruit\/\",\"url\":\"https:\/\/fumot.uk\/product\/al-fakher-crown-bar-15k-puffs-sweet-passion-fruit\/\",\"name\":\"AL FAKHER Crown Bar 15K Sweet Passion Fruit Vape\",\"isPartOf\":{\"@id\":\"https:\/\/fumot.uk\/#website\"},\"primaryImageOfPage\":{\"@id\":\"https:\/\/fumot.uk\/product\/al-fakher-crown-bar-15k-puffs-sweet-passion-fruit\/#primaryimage\"},\"image\":{\"@id\":\"https:\/\/fumot.uk\/product\/al-fakher-crown-bar-15k-puffs-sweet-passion-fruit\/#primaryimage\"},\"thumbnailUrl\":\"https:\/\/fumot.uk\/wp-content\/uploads\/2026\/01\/Sweet-passion-fruit-al-fakher-crown-bar-Disposable-Vape.jpg\",\"datePublished\":\"2026-01-21T04:04:31+00:00\",\"dateModified\":\"2026-01-21T09:18:16+00:00\",\"description\":\"AL FAKHER Crown Bar 15K Sweet Passion Fruit: 20ml prefilled, 850mAh rechargeable, Type\u2011C, LED display, 0.6\u03a9 mesh coil. Nicotine 0\u20135%.\",\"breadcrumb\":{\"@id\":\"https:\/\/fumot.uk\/product\/al-fakher-crown-bar-15k-puffs-sweet-passion-fruit\/#breadcrumb\"},\"inLanguage\":\"fr-FR\",\"potentialAction\":[{\"@type\":\"ReadAction\",\"target\":[\"https:\/\/fumot.uk\/product\/al-fakher-crown-bar-15k-puffs-sweet-passion-fruit\/\"]}]},{\"@type\":\"ImageObject\",\"inLanguage\":\"fr-FR\",\"@id\":\"https:\/\/fumot.uk\/product\/al-fakher-crown-bar-15k-puffs-sweet-passion-fruit\/#primaryimage\",\"url\":\"https:\/\/fumot.uk\/wp-content\/uploads\/2026\/01\/Sweet-passion-fruit-al-fakher-crown-bar-Disposable-Vape.jpg\",\"contentUrl\":\"https:\/\/fumot.uk\/wp-content\/uploads\/2026\/01\/Sweet-passion-fruit-al-fakher-crown-bar-Disposable-Vape.jpg\",\"width\":1246,\"height\":1390},{\"@type\":\"BreadcrumbList\",\"@id\":\"https:\/\/fumot.uk\/product\/al-fakher-crown-bar-15k-puffs-sweet-passion-fruit\/#breadcrumb\",\"itemListElement\":[{\"@type\":\"ListItem\",\"position\":1,\"name\":\"Home\",\"item\":\"https:\/\/fumot.uk\/\"},{\"@type\":\"ListItem\",\"position\":2,\"name\":\"Shop\",\"item\":\"https:\/\/fumot.uk\/shop\/\"},{\"@type\":\"ListItem\",\"position\":3,\"name\":\"AL FAKHER Crown Bar 15K Puffs \u2013 Sweet Passion Fruit Disposable Vape (20ml, 850mAh, Type\u2011C, Display)\"}]},{\"@type\":\"WebSite\",\"@id\":\"https:\/\/fumot.uk\/#website\",\"url\":\"https:\/\/fumot.uk\/\",\"name\":\"Fumot Official Direct | Straight from the Factory, 100% Genuine\",\"description\":\"Official Website\",\"publisher\":{\"@id\":\"https:\/\/fumot.uk\/#organization\"},\"potentialAction\":[{\"@type\":\"SearchAction\",\"target\":{\"@type\":\"EntryPoint\",\"urlTemplate\":\"https:\/\/fumot.uk\/?s={search_term_string}\"},\"query-input\":{\"@type\":\"PropertyValueSpecification\",\"valueRequired\":true,\"valueName\":\"search_term_string\"}}],\"inLanguage\":\"fr-FR\"},{\"@type\":\"Organization\",\"@id\":\"https:\/\/fumot.uk\/#organization\",\"name\":\"Fumot Official Direct | Straight from the Factory, 100% Genuine\",\"url\":\"https:\/\/fumot.uk\/\",\"logo\":{\"@type\":\"ImageObject\",\"inLanguage\":\"fr-FR\",\"@id\":\"https:\/\/fumot.uk\/#\/schema\/logo\/image\/\",\"url\":\"https:\/\/fumot.uk\/wp-content\/uploads\/2026\/01\/cropped-fumot-logo1.png\",\"contentUrl\":\"https:\/\/fumot.uk\/wp-content\/uploads\/2026\/01\/cropped-fumot-logo1.png\",\"width\":152,\"height\":106,\"caption\":\"Fumot Official Direct | Straight from the Factory, 100% Genuine\"},\"image\":{\"@id\":\"https:\/\/fumot.uk\/#\/schema\/logo\/image\/\"}}]}<\/script>\n<!-- \/ Yoast SEO plugin. -->","yoast_head_json":{"title":"AL FAKHER Crown Bar 15K Vape Fruit de la Passion Sucr\u00e9","description":"AL FAKHER Crown Bar 15K Fruit de la Passion Sucr\u00e9 : 20ml pr\u00e9-rempli, 850mAh rechargeable, Type\u2011C, \u00e9cran LED, bobine en mesh 0.6\u03a9. Nicotine 0\u20135%.","robots":{"index":"index","follow":"follow","max-snippet":"max-snippet:-1","max-image-preview":"max-image-preview:large","max-video-preview":"max-video-preview:-1"},"canonical":"https:\/\/fumot.uk\/fr\/product\/al-fakher-crown-bar-15k-puffs-sweet-passion-fruit\/","og_locale":"fr_FR","og_type":"article","og_title":"AL FAKHER Crown Bar 15K \u2013 Sweet Passion Fruit","og_description":"Tropical sweet passion fruit flavor with LED display, 20ml capacity, 0.6\u03a9 mesh coil and 850mAh rechargeable Type\u2011C battery. Up to 15K puffs.","og_url":"https:\/\/fumot.uk\/fr\/product\/al-fakher-crown-bar-15k-puffs-sweet-passion-fruit\/","og_site_name":"Fumot Official Direct | Straight from the Factory, 100% Genuine","article_modified_time":"2026-01-21T09:18:16+00:00","og_image":[{"width":1246,"height":1390,"url":"https:\/\/fumot.uk\/wp-content\/uploads\/2026\/01\/Sweet-passion-fruit-al-fakher-crown-bar-Disposable-Vape.jpg","type":"image\/jpeg"}],"twitter_card":"summary_large_image","twitter_misc":{"Dur\u00e9e de lecture estim\u00e9e":"1 minute"},"schema":{"@context":"https:\/\/schema.org","@graph":[{"@type":"WebPage","@id":"https:\/\/fumot.uk\/product\/al-fakher-crown-bar-15k-puffs-sweet-passion-fruit\/","url":"https:\/\/fumot.uk\/product\/al-fakher-crown-bar-15k-puffs-sweet-passion-fruit\/","name":"AL FAKHER Crown Bar 15K Vape Fruit de la Passion Sucr\u00e9","isPartOf":{"@id":"https:\/\/fumot.uk\/#website"},"primaryImageOfPage":{"@id":"https:\/\/fumot.uk\/product\/al-fakher-crown-bar-15k-puffs-sweet-passion-fruit\/#primaryimage"},"image":{"@id":"https:\/\/fumot.uk\/product\/al-fakher-crown-bar-15k-puffs-sweet-passion-fruit\/#primaryimage"},"thumbnailUrl":"https:\/\/fumot.uk\/wp-content\/uploads\/2026\/01\/Sweet-passion-fruit-al-fakher-crown-bar-Disposable-Vape.jpg","datePublished":"2026-01-21T04:04:31+00:00","dateModified":"2026-01-21T09:18:16+00:00","description":"AL FAKHER Crown Bar 15K Fruit de la Passion Sucr\u00e9 : 20ml pr\u00e9-rempli, 850mAh rechargeable, Type\u2011C, \u00e9cran LED, bobine en mesh 0.6\u03a9. Nicotine 0\u20135%.","breadcrumb":{"@id":"https:\/\/fumot.uk\/product\/al-fakher-crown-bar-15k-puffs-sweet-passion-fruit\/#breadcrumb"},"inLanguage":"fr-FR","potentialAction":[{"@type":"ReadAction","target":["https:\/\/fumot.uk\/product\/al-fakher-crown-bar-15k-puffs-sweet-passion-fruit\/"]}]},{"@type":"ImageObject","inLanguage":"fr-FR","@id":"https:\/\/fumot.uk\/product\/al-fakher-crown-bar-15k-puffs-sweet-passion-fruit\/#primaryimage","url":"https:\/\/fumot.uk\/wp-content\/uploads\/2026\/01\/Sweet-passion-fruit-al-fakher-crown-bar-Disposable-Vape.jpg","contentUrl":"https:\/\/fumot.uk\/wp-content\/uploads\/2026\/01\/Sweet-passion-fruit-al-fakher-crown-bar-Disposable-Vape.jpg","width":1246,"height":1390},{"@type":"BreadcrumbList","@id":"https:\/\/fumot.uk\/product\/al-fakher-crown-bar-15k-puffs-sweet-passion-fruit\/#breadcrumb","itemListElement":[{"@type":"ListItem","position":1,"name":"Home","item":"https:\/\/fumot.uk\/"},{"@type":"ListItem","position":2,"name":"Shop","item":"https:\/\/fumot.uk\/shop\/"},{"@type":"ListItem","position":3,"name":"AL FAKHER Crown Bar 15K Puffs \u2013 Sweet Passion Fruit Disposable Vape (20ml, 850mAh, Type\u2011C, Display)"}]},{"@type":"WebSite","@id":"https:\/\/fumot.uk\/#website","url":"https:\/\/fumot.uk\/","name":"Fumot Official Direct | Directement de l'usine, 100% Authentique","description":"Site officiel","publisher":{"@id":"https:\/\/fumot.uk\/#organization"},"potentialAction":[{"@type":"SearchAction","target":{"@type":"EntryPoint","urlTemplate":"https:\/\/fumot.uk\/?s={search_term_string}"},"query-input":{"@type":"PropertyValueSpecification","valueRequired":true,"valueName":"search_term_string"}}],"inLanguage":"fr-FR"},{"@type":"Organization","@id":"https:\/\/fumot.uk\/#organization","name":"Fumot Official Direct | Directement de l'usine, 100% Authentique","url":"https:\/\/fumot.uk\/","logo":{"@type":"ImageObject","inLanguage":"fr-FR","@id":"https:\/\/fumot.uk\/#\/schema\/logo\/image\/","url":"https:\/\/fumot.uk\/wp-content\/uploads\/2026\/01\/cropped-fumot-logo1.png","contentUrl":"https:\/\/fumot.uk\/wp-content\/uploads\/2026\/01\/cropped-fumot-logo1.png","width":152,"height":106,"caption":"Fumot Official Direct | Straight from the Factory, 100% Genuine"},"image":{"@id":"https:\/\/fumot.uk\/#\/schema\/logo\/image\/"}}]}},"_links":{"self":[{"href":"https:\/\/fumot.uk\/fr\/wp-json\/wp\/v2\/product\/3791","targetHints":{"allow":["GET"]}}],"collection":[{"href":"https:\/\/fumot.uk\/fr\/wp-json\/wp\/v2\/product"}],"about":[{"href":"https:\/\/fumot.uk\/fr\/wp-json\/wp\/v2\/types\/product"}],"replies":[{"embeddable":true,"href":"https:\/\/fumot.uk\/fr\/wp-json\/wp\/v2\/comments?post=3791"}],"wp:featuredmedia":[{"embeddable":true,"href":"https:\/\/fumot.uk\/fr\/wp-json\/wp\/v2\/media\/3821"}],"wp:attachment":[{"href":"https:\/\/fumot.uk\/fr\/wp-json\/wp\/v2\/media?parent=3791"}],"wp:term":[{"taxonomy":"product_brand","embeddable":true,"href":"https:\/\/fumot.uk\/fr\/wp-json\/wp\/v2\/product_brand?post=3791"},{"taxonomy":"product_cat","embeddable":true,"href":"https:\/\/fumot.uk\/fr\/wp-json\/wp\/v2\/product_cat?post=3791"},{"taxonomy":"product_tag","embeddable":true,"href":"https:\/\/fumot.uk\/fr\/wp-json\/wp\/v2\/product_tag?post=3791"}],"curies":[{"name":"wp","href":"https:\/\/api.w.org\/{rel}","templated":true}]}}