{"id":379,"date":"2026-01-20T02:43:45","date_gmt":"2026-01-20T02:43:45","guid":{"rendered":"https:\/\/fumot.uk\/?post_type=product&#038;p=379"},"modified":"2026-01-20T07:05:48","modified_gmt":"2026-01-20T07:05:48","slug":"strawberry-red-bull-randm-tornado-12000-puffs","status":"publish","type":"product","link":"https:\/\/fumot.uk\/fr\/product\/strawberry-red-bull-randm-tornado-12000-puffs\/","title":{"rendered":"RandM Tornado 12000 Puffs Fraise Red Bull Vape Jetable (20ml, 850mAh, \u00c9cran LED)"},"content":{"rendered":"<p><strong>RandM Tornado 12000 Puffs Strawberry Red Bull<\/strong> est con\u00e7u pour de longues sessions et une utilisation quotidienne facile\u2014avec une <strong>bobine en maille<\/strong>, int\u00e9gr\u00e9, un <strong>affichage LED<\/strong>, et un <strong>Batterie rechargeable 850mAh<\/strong>. fiable. Avec une g\u00e9n\u00e9reuse <strong>20ml d'e-liquide<\/strong> capacit\u00e9 et jusqu'\u00e0 <strong>12 000 bouff\u00e9es<\/strong> (l'utilisation varie), c'est un excellent choix pour quiconque souhaite une vape savoureuse et constante sans tracas.<\/p>\n<p><strong>Profil de saveur : Strawberry Red Bull<\/strong><br \/>Ce m\u00e9lange associe des notes de fraise juteuses et lumineuses \u00e0 une touche inspir\u00e9e des boissons \u00e9nerg\u00e9tiques\u2014douce, vibrante et l\u00e9g\u00e8rement acidul\u00e9e \u00e0 l'expiration. C'est une saveur vive con\u00e7ue pour rester fra\u00eeche de la premi\u00e8re bouff\u00e9e \u00e0 la derni\u00e8re.<\/p>\n<h3>Caract\u00e9ristiques cl\u00e9s<\/h3>\n<ul>\n<li><strong>Jusqu'\u00e0 12 000 puffs<\/strong> par appareil (selon l'utilisation)<\/li>\n<li><strong>20ml<\/strong> e-liquide pr\u00e9-rempli<\/li>\n<li><strong>Options de sel de nicotine :<\/strong> 0% \/ 2% \/ 3% \/ 5%<\/li>\n<li><strong>Bobine en maille<\/strong> pour un chauffage uniforme et une vapeur douce<\/li>\n<li><strong>affichage LED<\/strong> montre l'\u00e9tat de la batterie et du e-liquide<\/li>\n<li><strong>850mAh<\/strong> int\u00e9gr\u00e9 <strong>rechargeable<\/strong> batterie<\/li>\n<li><strong>Type-C<\/strong> support de charge<\/li>\n<li>Partie de la <a href=\"https:\/\/fumot.uk\/fr\/product-category\/12000-puff\/\">12000 bouff\u00e9es<\/a> gamme avec plusieurs saveurs disponibles<\/li>\n<\/ul>\n<h3>Pourquoi Vous L'aimerez<\/h3>\n<ul>\n<li><strong>Saveur \u00e9nergique et au go\u00fbt frais<\/strong> qui reste agr\u00e9able toute la journ\u00e9e<\/li>\n<li><strong>Surveillance intelligente<\/strong>\u2014savoir quand il est temps de recharger ou quand le e-liquide est faible<\/li>\n<li><strong>Performance constante<\/strong> avec la douceur de la bobine en mesh<\/li>\n<\/ul>\n<p>D\u00e9couvrez plus d'appareils longue dur\u00e9e dans notre <a href=\"https:\/\/fumot.uk\/fr\/product-category\/12000-puff\/\">collection RandM Tornado 12000 Puffs<\/a> on <a href=\"https:\/\/fumot.uk\/fr\/\">fumot.uk<\/a>.<\/p>","protected":false},"excerpt":{"rendered":"<p>RandM Tornado 12000 Puffs Strawberry Red Bull cigarette \u00e9lectronique jetable avec 20ml d'e-liquide, batterie rechargeable 850mAh, \u00e9cran LED, bobine en mesh, et options de nicotine 0\/2\/3\/5%.<\/p>","protected":false},"featured_media":421,"comment_status":"open","ping_status":"closed","template":"","meta":[],"product_brand":[],"product_cat":[58,59,17],"product_tag":[60,20,23,25,26,64,62,37,28],"class_list":{"0":"post-379","1":"product","2":"type-product","3":"status-publish","4":"has-post-thumbnail","6":"product_cat-12000-puff","7":"product_cat-randm-tornado-12000-puffs","8":"product_cat-vape","9":"product_tag-20ml","10":"product_tag-850mah","11":"product_tag-display","12":"product_tag-mesh-coil","13":"product_tag-rechargeable","14":"product_tag-red-bull","15":"product_tag-sale-vape","16":"product_tag-strawberry","17":"product_tag-type-c","19":"first","20":"instock","21":"sale","22":"shipping-taxable","23":"purchasable","24":"product-type-variable","25":"has-default-attributes"},"yoast_head":"<!-- This site is optimized with the Yoast SEO plugin v26.8 - https:\/\/yoast.com\/product\/yoast-seo-wordpress\/ -->\n<title>RandM Tornado 12000 Strawberry Red Bull | 12000 Puffs<\/title>\n<meta name=\"description\" content=\"Shop RandM Tornado 12000 Puffs Strawberry Red Bull: 20ml, 850mAh rechargeable, LED display, mesh coil, nicotine 0\/2\/3\/5%. Available at fumot.uk.\" \/>\n<meta name=\"robots\" content=\"index, follow, max-snippet:-1, max-image-preview:large, max-video-preview:-1\" \/>\n<link rel=\"canonical\" href=\"https:\/\/fumot.uk\/fr\/product\/strawberry-red-bull-randm-tornado-12000-puffs\/\" \/>\n<meta property=\"og:locale\" content=\"fr_FR\" \/>\n<meta property=\"og:type\" content=\"article\" \/>\n<meta property=\"og:title\" content=\"Strawberry Red Bull RandM Tornado 12000 Puffs\" \/>\n<meta property=\"og:description\" content=\"Juicy strawberry with an energy-drink-inspired twist. 20ml, mesh coil, LED display, 850mAh rechargeable\u2014up to 12,000 puffs. Shop on fumot.uk.\" \/>\n<meta property=\"og:url\" content=\"https:\/\/fumot.uk\/fr\/product\/strawberry-red-bull-randm-tornado-12000-puffs\/\" \/>\n<meta property=\"og:site_name\" content=\"Fumot Official Direct | Straight from the Factory, 100% Genuine\" \/>\n<meta property=\"article:modified_time\" content=\"2026-01-20T07:05:48+00:00\" \/>\n<meta property=\"og:image\" content=\"https:\/\/fumot.uk\/wp-content\/uploads\/2026\/01\/Randm-Tornado-12000-Puffs-Strawberry-Red-bull-Disposable-Vape-scaled-1.jpg\" \/>\n\t<meta property=\"og:image:width\" content=\"2560\" \/>\n\t<meta property=\"og:image:height\" content=\"2560\" \/>\n\t<meta property=\"og:image:type\" content=\"image\/jpeg\" \/>\n<meta name=\"twitter:card\" content=\"summary_large_image\" \/>\n<meta name=\"twitter:label1\" content=\"Dur\u00e9e de lecture estim\u00e9e\" \/>\n\t<meta name=\"twitter:data1\" content=\"2 minutes\" \/>\n<script type=\"application\/ld+json\" class=\"yoast-schema-graph\">{\"@context\":\"https:\/\/schema.org\",\"@graph\":[{\"@type\":\"WebPage\",\"@id\":\"https:\/\/fumot.uk\/product\/strawberry-red-bull-randm-tornado-12000-puffs\/\",\"url\":\"https:\/\/fumot.uk\/product\/strawberry-red-bull-randm-tornado-12000-puffs\/\",\"name\":\"RandM Tornado 12000 Strawberry Red Bull | 12000 Puffs\",\"isPartOf\":{\"@id\":\"https:\/\/fumot.uk\/#website\"},\"primaryImageOfPage\":{\"@id\":\"https:\/\/fumot.uk\/product\/strawberry-red-bull-randm-tornado-12000-puffs\/#primaryimage\"},\"image\":{\"@id\":\"https:\/\/fumot.uk\/product\/strawberry-red-bull-randm-tornado-12000-puffs\/#primaryimage\"},\"thumbnailUrl\":\"https:\/\/fumot.uk\/wp-content\/uploads\/2026\/01\/Randm-Tornado-12000-Puffs-Strawberry-Red-bull-Disposable-Vape-scaled-1.jpg\",\"datePublished\":\"2026-01-20T02:43:45+00:00\",\"dateModified\":\"2026-01-20T07:05:48+00:00\",\"description\":\"Shop RandM Tornado 12000 Puffs Strawberry Red Bull: 20ml, 850mAh rechargeable, LED display, mesh coil, nicotine 0\/2\/3\/5%. Available at fumot.uk.\",\"breadcrumb\":{\"@id\":\"https:\/\/fumot.uk\/product\/strawberry-red-bull-randm-tornado-12000-puffs\/#breadcrumb\"},\"inLanguage\":\"fr-FR\",\"potentialAction\":[{\"@type\":\"ReadAction\",\"target\":[\"https:\/\/fumot.uk\/product\/strawberry-red-bull-randm-tornado-12000-puffs\/\"]}]},{\"@type\":\"ImageObject\",\"inLanguage\":\"fr-FR\",\"@id\":\"https:\/\/fumot.uk\/product\/strawberry-red-bull-randm-tornado-12000-puffs\/#primaryimage\",\"url\":\"https:\/\/fumot.uk\/wp-content\/uploads\/2026\/01\/Randm-Tornado-12000-Puffs-Strawberry-Red-bull-Disposable-Vape-scaled-1.jpg\",\"contentUrl\":\"https:\/\/fumot.uk\/wp-content\/uploads\/2026\/01\/Randm-Tornado-12000-Puffs-Strawberry-Red-bull-Disposable-Vape-scaled-1.jpg\",\"width\":2560,\"height\":2560},{\"@type\":\"BreadcrumbList\",\"@id\":\"https:\/\/fumot.uk\/product\/strawberry-red-bull-randm-tornado-12000-puffs\/#breadcrumb\",\"itemListElement\":[{\"@type\":\"ListItem\",\"position\":1,\"name\":\"Home\",\"item\":\"https:\/\/fumot.uk\/\"},{\"@type\":\"ListItem\",\"position\":2,\"name\":\"Shop\",\"item\":\"https:\/\/fumot.uk\/shop\/\"},{\"@type\":\"ListItem\",\"position\":3,\"name\":\"RandM Tornado 12000 Puffs Strawberry Red Bull Disposable Vape (20ml, 850mAh, LED Display)\"}]},{\"@type\":\"WebSite\",\"@id\":\"https:\/\/fumot.uk\/#website\",\"url\":\"https:\/\/fumot.uk\/\",\"name\":\"Fumot Official Direct | Straight from the Factory, 100% Genuine\",\"description\":\"Official Website\",\"publisher\":{\"@id\":\"https:\/\/fumot.uk\/#organization\"},\"potentialAction\":[{\"@type\":\"SearchAction\",\"target\":{\"@type\":\"EntryPoint\",\"urlTemplate\":\"https:\/\/fumot.uk\/?s={search_term_string}\"},\"query-input\":{\"@type\":\"PropertyValueSpecification\",\"valueRequired\":true,\"valueName\":\"search_term_string\"}}],\"inLanguage\":\"fr-FR\"},{\"@type\":\"Organization\",\"@id\":\"https:\/\/fumot.uk\/#organization\",\"name\":\"Fumot Official Direct | Straight from the Factory, 100% Genuine\",\"url\":\"https:\/\/fumot.uk\/\",\"logo\":{\"@type\":\"ImageObject\",\"inLanguage\":\"fr-FR\",\"@id\":\"https:\/\/fumot.uk\/#\/schema\/logo\/image\/\",\"url\":\"https:\/\/fumot.uk\/wp-content\/uploads\/2026\/01\/cropped-fumot-logo1.png\",\"contentUrl\":\"https:\/\/fumot.uk\/wp-content\/uploads\/2026\/01\/cropped-fumot-logo1.png\",\"width\":152,\"height\":106,\"caption\":\"Fumot Official Direct | Straight from the Factory, 100% Genuine\"},\"image\":{\"@id\":\"https:\/\/fumot.uk\/#\/schema\/logo\/image\/\"}}]}<\/script>\n<!-- \/ Yoast SEO plugin. -->","yoast_head_json":{"title":"RandM Tornado 12000 Fraise Red Bull | 12000 Bouff\u00e9es","description":"Achetez RandM Tornado 12000 Puffs Fraise Red Bull : 20ml, 850mAh rechargeable, \u00e9cran LED, bobine en maille, nicotine 0\/2\/3\/5%. Disponible sur fumot.uk.","robots":{"index":"index","follow":"follow","max-snippet":"max-snippet:-1","max-image-preview":"max-image-preview:large","max-video-preview":"max-video-preview:-1"},"canonical":"https:\/\/fumot.uk\/fr\/product\/strawberry-red-bull-randm-tornado-12000-puffs\/","og_locale":"fr_FR","og_type":"article","og_title":"Strawberry Red Bull RandM Tornado 12000 Puffs","og_description":"Juicy strawberry with an energy-drink-inspired twist. 20ml, mesh coil, LED display, 850mAh rechargeable\u2014up to 12,000 puffs. Shop on fumot.uk.","og_url":"https:\/\/fumot.uk\/fr\/product\/strawberry-red-bull-randm-tornado-12000-puffs\/","og_site_name":"Fumot Official Direct | Straight from the Factory, 100% Genuine","article_modified_time":"2026-01-20T07:05:48+00:00","og_image":[{"width":2560,"height":2560,"url":"https:\/\/fumot.uk\/wp-content\/uploads\/2026\/01\/Randm-Tornado-12000-Puffs-Strawberry-Red-bull-Disposable-Vape-scaled-1.jpg","type":"image\/jpeg"}],"twitter_card":"summary_large_image","twitter_misc":{"Dur\u00e9e de lecture estim\u00e9e":"2 minutes"},"schema":{"@context":"https:\/\/schema.org","@graph":[{"@type":"WebPage","@id":"https:\/\/fumot.uk\/product\/strawberry-red-bull-randm-tornado-12000-puffs\/","url":"https:\/\/fumot.uk\/product\/strawberry-red-bull-randm-tornado-12000-puffs\/","name":"RandM Tornado 12000 Fraise Red Bull | 12000 Bouff\u00e9es","isPartOf":{"@id":"https:\/\/fumot.uk\/#website"},"primaryImageOfPage":{"@id":"https:\/\/fumot.uk\/product\/strawberry-red-bull-randm-tornado-12000-puffs\/#primaryimage"},"image":{"@id":"https:\/\/fumot.uk\/product\/strawberry-red-bull-randm-tornado-12000-puffs\/#primaryimage"},"thumbnailUrl":"https:\/\/fumot.uk\/wp-content\/uploads\/2026\/01\/Randm-Tornado-12000-Puffs-Strawberry-Red-bull-Disposable-Vape-scaled-1.jpg","datePublished":"2026-01-20T02:43:45+00:00","dateModified":"2026-01-20T07:05:48+00:00","description":"Achetez RandM Tornado 12000 Puffs Fraise Red Bull : 20ml, 850mAh rechargeable, \u00e9cran LED, bobine en maille, nicotine 0\/2\/3\/5%. Disponible sur fumot.uk.","breadcrumb":{"@id":"https:\/\/fumot.uk\/product\/strawberry-red-bull-randm-tornado-12000-puffs\/#breadcrumb"},"inLanguage":"fr-FR","potentialAction":[{"@type":"ReadAction","target":["https:\/\/fumot.uk\/product\/strawberry-red-bull-randm-tornado-12000-puffs\/"]}]},{"@type":"ImageObject","inLanguage":"fr-FR","@id":"https:\/\/fumot.uk\/product\/strawberry-red-bull-randm-tornado-12000-puffs\/#primaryimage","url":"https:\/\/fumot.uk\/wp-content\/uploads\/2026\/01\/Randm-Tornado-12000-Puffs-Strawberry-Red-bull-Disposable-Vape-scaled-1.jpg","contentUrl":"https:\/\/fumot.uk\/wp-content\/uploads\/2026\/01\/Randm-Tornado-12000-Puffs-Strawberry-Red-bull-Disposable-Vape-scaled-1.jpg","width":2560,"height":2560},{"@type":"BreadcrumbList","@id":"https:\/\/fumot.uk\/product\/strawberry-red-bull-randm-tornado-12000-puffs\/#breadcrumb","itemListElement":[{"@type":"ListItem","position":1,"name":"Home","item":"https:\/\/fumot.uk\/"},{"@type":"ListItem","position":2,"name":"Shop","item":"https:\/\/fumot.uk\/shop\/"},{"@type":"ListItem","position":3,"name":"RandM Tornado 12000 Puffs Strawberry Red Bull Disposable Vape (20ml, 850mAh, LED Display)"}]},{"@type":"WebSite","@id":"https:\/\/fumot.uk\/#website","url":"https:\/\/fumot.uk\/","name":"Fumot Official Direct | Directement de l'usine, 100% Authentique","description":"Site officiel","publisher":{"@id":"https:\/\/fumot.uk\/#organization"},"potentialAction":[{"@type":"SearchAction","target":{"@type":"EntryPoint","urlTemplate":"https:\/\/fumot.uk\/?s={search_term_string}"},"query-input":{"@type":"PropertyValueSpecification","valueRequired":true,"valueName":"search_term_string"}}],"inLanguage":"fr-FR"},{"@type":"Organization","@id":"https:\/\/fumot.uk\/#organization","name":"Fumot Official Direct | Directement de l'usine, 100% Authentique","url":"https:\/\/fumot.uk\/","logo":{"@type":"ImageObject","inLanguage":"fr-FR","@id":"https:\/\/fumot.uk\/#\/schema\/logo\/image\/","url":"https:\/\/fumot.uk\/wp-content\/uploads\/2026\/01\/cropped-fumot-logo1.png","contentUrl":"https:\/\/fumot.uk\/wp-content\/uploads\/2026\/01\/cropped-fumot-logo1.png","width":152,"height":106,"caption":"Fumot Official Direct | Straight from the Factory, 100% Genuine"},"image":{"@id":"https:\/\/fumot.uk\/#\/schema\/logo\/image\/"}}]}},"_links":{"self":[{"href":"https:\/\/fumot.uk\/fr\/wp-json\/wp\/v2\/product\/379","targetHints":{"allow":["GET"]}}],"collection":[{"href":"https:\/\/fumot.uk\/fr\/wp-json\/wp\/v2\/product"}],"about":[{"href":"https:\/\/fumot.uk\/fr\/wp-json\/wp\/v2\/types\/product"}],"replies":[{"embeddable":true,"href":"https:\/\/fumot.uk\/fr\/wp-json\/wp\/v2\/comments?post=379"}],"wp:featuredmedia":[{"embeddable":true,"href":"https:\/\/fumot.uk\/fr\/wp-json\/wp\/v2\/media\/421"}],"wp:attachment":[{"href":"https:\/\/fumot.uk\/fr\/wp-json\/wp\/v2\/media?parent=379"}],"wp:term":[{"taxonomy":"product_brand","embeddable":true,"href":"https:\/\/fumot.uk\/fr\/wp-json\/wp\/v2\/product_brand?post=379"},{"taxonomy":"product_cat","embeddable":true,"href":"https:\/\/fumot.uk\/fr\/wp-json\/wp\/v2\/product_cat?post=379"},{"taxonomy":"product_tag","embeddable":true,"href":"https:\/\/fumot.uk\/fr\/wp-json\/wp\/v2\/product_tag?post=379"}],"curies":[{"name":"wp","href":"https:\/\/api.w.org\/{rel}","templated":true}]}}