{"id":3789,"date":"2026-01-21T04:04:30","date_gmt":"2026-01-21T04:04:30","guid":{"rendered":"https:\/\/fumot.uk\/?post_type=product&#038;p=3789"},"modified":"2026-01-21T09:21:20","modified_gmt":"2026-01-21T09:21:20","slug":"al-fakher-crown-bar-15k-puffs-white-flash","status":"publish","type":"product","link":"https:\/\/fumot.uk\/fr\/product\/al-fakher-crown-bar-15k-puffs-white-flash\/","title":{"rendered":"AL FAKHER Crown Bar 15K Puffs White Flash \u2013 Mint Lemon Ice, 20ml, Rechargeable Type\u2011C, LCD Display"},"content":{"rendered":"<h3>White Flash \u2013 AL FAKHER CROWN BAR 15K Puffs<\/h3>\n<p><strong>AL FAKHER CROWN BAR 15k Puffs White Flash<\/strong> offre un \u201c flash \u201d de saveur net et propre : menthe rafra\u00eechissante avec une subtile touche de citron. Le r\u00e9sultat est une finition lumineuse et glac\u00e9e qui reste rafra\u00eechissante du premier tirage au dernier\u2014parfait pour les amateurs de profils menthe-citron frais.<\/p>\n<p>Con\u00e7u pour de longues sessions, il dispose d'un <strong>Batterie rechargeable 850mAh<\/strong> avec <strong>Charge rapide Type\u2011C<\/strong>, plus un intelligent <strong>\u00e9cran LCD<\/strong> afin que vous puissiez v\u00e9rifier le niveau de la batterie et le liquide restant d'un coup d'\u0153il. \u00c0 l'int\u00e9rieur, <strong>20ml de e\u2011liquide<\/strong> et un <strong>bobine en maille avanc\u00e9e de 0.6\u03a9<\/strong> travaillent ensemble pour une vapeur douce et constante et une sortie de saveur stable.<\/p>\n<h4>Pourquoi vous allez adorer White Flash<\/h4>\n<ul>\n<li><strong>Profil Menthe + Citron Glac\u00e9 :<\/strong> menthe fra\u00eeche avec une l\u00e9g\u00e8re note de fruit citron<\/li>\n<li><strong>Jusqu'\u00e0 15 000 bouff\u00e9es :<\/strong> con\u00e7u pour une utilisation prolong\u00e9e (varie selon l'utilisation)<\/li>\n<li><strong>\u00c9cran LCD :<\/strong> indicateurs de batterie et de liquide en temps r\u00e9el<\/li>\n<li><strong>Bobine en maille de 0.6\u03a9 :<\/strong> chauffage uniforme et tirage propre et fiable<\/li>\n<li><strong>Commodit\u00e9 rechargeable :<\/strong> Batterie 850mAh avec charge Type\u2011C<\/li>\n<\/ul>\n<h4>Sp\u00e9cifications<\/h4>\n<ul>\n<li><strong>Marque \/ S\u00e9rie :<\/strong> AL FAKHER Crown Bar<\/li>\n<li><strong>Capacit\u00e9 d'e-liquide :<\/strong> White Flash (Menthe &amp; Citron)<\/li>\n<li><strong>Nombre de Bouff\u00e9es :<\/strong> Jusqu'\u00e0 15 000<\/li>\n<li><strong>Capacit\u00e9 de E\u2011Liquide :<\/strong> 20ml<\/li>\n<li><strong>R\u00e9sistance :<\/strong> Bobine en maille de 0,6\u03a9<\/li>\n<li><strong>Batterie :<\/strong> 850mAh (Rechargeable)<\/li>\n<li><strong>Chargement :<\/strong> Type\u2011C<\/li>\n<li><strong>Affichage :<\/strong> LCD (statut de la batterie &amp; du liquide)<\/li>\n<li><strong>Forces de Nicotine :<\/strong> 0% \/ 2% \/ 3% \/ 5%<\/li>\n<\/ul>\n<p><strong>D\u00e9couvrez plus de saveurs et d'appareils :<\/strong> Visitez <a href=\"https:\/\/fumot.uk\/fr\/\" target=\"_blank\" rel=\"noopener\">fumot.uk<\/a> pour les derni\u00e8res options AL FAKHER Crown Bar et autres choix de vape jetable 15 000 bouff\u00e9es.<\/p>","protected":false},"excerpt":{"rendered":"<p>AL FAKHER Crown Bar 15K White Flash : menthe glac\u00e9e avec une subtile touche de citron. 20ml e\u2011liquide, bobine en mesh 0.6\u03a9, \u00e9cran LCD, batterie rechargeable 850mAh Type\u2011C. Nicotine : 0\/2\/3\/5%.<\/p>","protected":false},"featured_media":3819,"comment_status":"open","ping_status":"closed","template":"","meta":[],"product_brand":[],"product_cat":[16,189,17],"product_tag":[60,20,31,72,23,24,25,26,27,62,28],"class_list":{"0":"post-3789","1":"product","2":"type-product","3":"status-publish","4":"has-post-thumbnail","6":"product_cat-15000-puff","7":"product_cat-al-fakher-crown-bar-15k-puffs","8":"product_cat-vape","9":"product_tag-20ml","10":"product_tag-850mah","11":"product_tag-apple","12":"product_tag-direct-to-lung","13":"product_tag-display","14":"product_tag-lemon","15":"product_tag-mesh-coil","16":"product_tag-rechargeable","17":"product_tag-rgb-light","18":"product_tag-sale-vape","19":"product_tag-type-c","21":"first","22":"instock","23":"sale","24":"shipping-taxable","25":"purchasable","26":"product-type-variable","27":"has-default-attributes"},"yoast_head":"<!-- This site is optimized with the Yoast SEO plugin v26.8 - https:\/\/yoast.com\/product\/yoast-seo-wordpress\/ -->\n<title>AL FAKHER Crown Bar 15K White Flash Mint Lemon<\/title>\n<meta name=\"description\" content=\"Shop AL FAKHER Crown Bar 15K White Flash: mint lemon ice flavour, 20ml e\u2011liquid, 0.6\u03a9 mesh coil, LCD display, 850mAh Type\u2011C rechargeable. 0\/2\/3\/5%.\" \/>\n<meta name=\"robots\" content=\"index, follow, max-snippet:-1, max-image-preview:large, max-video-preview:-1\" \/>\n<link rel=\"canonical\" href=\"https:\/\/fumot.uk\/fr\/product\/al-fakher-crown-bar-15k-puffs-white-flash\/\" \/>\n<meta property=\"og:locale\" content=\"fr_FR\" \/>\n<meta property=\"og:type\" content=\"article\" \/>\n<meta property=\"og:title\" content=\"White Flash: Mint Lemon Ice | AL FAKHER Crown Bar 15K\" \/>\n<meta property=\"og:description\" content=\"A clean, icy blast of mint with a light lemon twist. 20ml, 0.6\u03a9 mesh coil, LCD display, 850mAh Type\u2011C rechargeable\u2014up to 15,000 puffs.\" \/>\n<meta property=\"og:url\" content=\"https:\/\/fumot.uk\/fr\/product\/al-fakher-crown-bar-15k-puffs-white-flash\/\" \/>\n<meta property=\"og:site_name\" content=\"Fumot Official Direct | Straight from the Factory, 100% Genuine\" \/>\n<meta property=\"article:modified_time\" content=\"2026-01-21T09:21:20+00:00\" \/>\n<meta property=\"og:image\" content=\"https:\/\/fumot.uk\/wp-content\/uploads\/2026\/01\/al-fakher-crown-bar-white-flash-Disposable-Vape.jpg\" \/>\n\t<meta property=\"og:image:width\" content=\"1246\" \/>\n\t<meta property=\"og:image:height\" content=\"1390\" \/>\n\t<meta property=\"og:image:type\" content=\"image\/jpeg\" \/>\n<meta name=\"twitter:card\" content=\"summary_large_image\" \/>\n<meta name=\"twitter:label1\" content=\"Dur\u00e9e de lecture estim\u00e9e\" \/>\n\t<meta name=\"twitter:data1\" content=\"1 minute\" \/>\n<script type=\"application\/ld+json\" class=\"yoast-schema-graph\">{\"@context\":\"https:\/\/schema.org\",\"@graph\":[{\"@type\":\"WebPage\",\"@id\":\"https:\/\/fumot.uk\/product\/al-fakher-crown-bar-15k-puffs-white-flash\/\",\"url\":\"https:\/\/fumot.uk\/product\/al-fakher-crown-bar-15k-puffs-white-flash\/\",\"name\":\"AL FAKHER Crown Bar 15K White Flash Mint Lemon\",\"isPartOf\":{\"@id\":\"https:\/\/fumot.uk\/#website\"},\"primaryImageOfPage\":{\"@id\":\"https:\/\/fumot.uk\/product\/al-fakher-crown-bar-15k-puffs-white-flash\/#primaryimage\"},\"image\":{\"@id\":\"https:\/\/fumot.uk\/product\/al-fakher-crown-bar-15k-puffs-white-flash\/#primaryimage\"},\"thumbnailUrl\":\"https:\/\/fumot.uk\/wp-content\/uploads\/2026\/01\/al-fakher-crown-bar-white-flash-Disposable-Vape.jpg\",\"datePublished\":\"2026-01-21T04:04:30+00:00\",\"dateModified\":\"2026-01-21T09:21:20+00:00\",\"description\":\"Shop AL FAKHER Crown Bar 15K White Flash: mint lemon ice flavour, 20ml e\u2011liquid, 0.6\u03a9 mesh coil, LCD display, 850mAh Type\u2011C rechargeable. 0\/2\/3\/5%.\",\"breadcrumb\":{\"@id\":\"https:\/\/fumot.uk\/product\/al-fakher-crown-bar-15k-puffs-white-flash\/#breadcrumb\"},\"inLanguage\":\"fr-FR\",\"potentialAction\":[{\"@type\":\"ReadAction\",\"target\":[\"https:\/\/fumot.uk\/product\/al-fakher-crown-bar-15k-puffs-white-flash\/\"]}]},{\"@type\":\"ImageObject\",\"inLanguage\":\"fr-FR\",\"@id\":\"https:\/\/fumot.uk\/product\/al-fakher-crown-bar-15k-puffs-white-flash\/#primaryimage\",\"url\":\"https:\/\/fumot.uk\/wp-content\/uploads\/2026\/01\/al-fakher-crown-bar-white-flash-Disposable-Vape.jpg\",\"contentUrl\":\"https:\/\/fumot.uk\/wp-content\/uploads\/2026\/01\/al-fakher-crown-bar-white-flash-Disposable-Vape.jpg\",\"width\":1246,\"height\":1390},{\"@type\":\"BreadcrumbList\",\"@id\":\"https:\/\/fumot.uk\/product\/al-fakher-crown-bar-15k-puffs-white-flash\/#breadcrumb\",\"itemListElement\":[{\"@type\":\"ListItem\",\"position\":1,\"name\":\"Home\",\"item\":\"https:\/\/fumot.uk\/\"},{\"@type\":\"ListItem\",\"position\":2,\"name\":\"Shop\",\"item\":\"https:\/\/fumot.uk\/shop\/\"},{\"@type\":\"ListItem\",\"position\":3,\"name\":\"AL FAKHER Crown Bar 15K Puffs White Flash \u2013 Mint Lemon Ice, 20ml, Rechargeable Type\u2011C, LCD Display\"}]},{\"@type\":\"WebSite\",\"@id\":\"https:\/\/fumot.uk\/#website\",\"url\":\"https:\/\/fumot.uk\/\",\"name\":\"Fumot Official Direct | Straight from the Factory, 100% Genuine\",\"description\":\"Official Website\",\"publisher\":{\"@id\":\"https:\/\/fumot.uk\/#organization\"},\"potentialAction\":[{\"@type\":\"SearchAction\",\"target\":{\"@type\":\"EntryPoint\",\"urlTemplate\":\"https:\/\/fumot.uk\/?s={search_term_string}\"},\"query-input\":{\"@type\":\"PropertyValueSpecification\",\"valueRequired\":true,\"valueName\":\"search_term_string\"}}],\"inLanguage\":\"fr-FR\"},{\"@type\":\"Organization\",\"@id\":\"https:\/\/fumot.uk\/#organization\",\"name\":\"Fumot Official Direct | Straight from the Factory, 100% Genuine\",\"url\":\"https:\/\/fumot.uk\/\",\"logo\":{\"@type\":\"ImageObject\",\"inLanguage\":\"fr-FR\",\"@id\":\"https:\/\/fumot.uk\/#\/schema\/logo\/image\/\",\"url\":\"https:\/\/fumot.uk\/wp-content\/uploads\/2026\/01\/cropped-fumot-logo1.png\",\"contentUrl\":\"https:\/\/fumot.uk\/wp-content\/uploads\/2026\/01\/cropped-fumot-logo1.png\",\"width\":152,\"height\":106,\"caption\":\"Fumot Official Direct | Straight from the Factory, 100% Genuine\"},\"image\":{\"@id\":\"https:\/\/fumot.uk\/#\/schema\/logo\/image\/\"}}]}<\/script>\n<!-- \/ Yoast SEO plugin. -->","yoast_head_json":{"title":"AL FAKHER Crown Bar 15K White Flash Menthe Citron","description":"Boutique AL FAKHER Crown Bar 15K White Flash : saveur menthe citron glac\u00e9, 20ml e\u2011liquide, bobine en maille 0.6\u03a9, \u00e9cran LCD, rechargeable Type\u2011C 850mAh. 0\/2\/3\/5%.","robots":{"index":"index","follow":"follow","max-snippet":"max-snippet:-1","max-image-preview":"max-image-preview:large","max-video-preview":"max-video-preview:-1"},"canonical":"https:\/\/fumot.uk\/fr\/product\/al-fakher-crown-bar-15k-puffs-white-flash\/","og_locale":"fr_FR","og_type":"article","og_title":"White Flash: Mint Lemon Ice | AL FAKHER Crown Bar 15K","og_description":"A clean, icy blast of mint with a light lemon twist. 20ml, 0.6\u03a9 mesh coil, LCD display, 850mAh Type\u2011C rechargeable\u2014up to 15,000 puffs.","og_url":"https:\/\/fumot.uk\/fr\/product\/al-fakher-crown-bar-15k-puffs-white-flash\/","og_site_name":"Fumot Official Direct | Straight from the Factory, 100% Genuine","article_modified_time":"2026-01-21T09:21:20+00:00","og_image":[{"width":1246,"height":1390,"url":"https:\/\/fumot.uk\/wp-content\/uploads\/2026\/01\/al-fakher-crown-bar-white-flash-Disposable-Vape.jpg","type":"image\/jpeg"}],"twitter_card":"summary_large_image","twitter_misc":{"Dur\u00e9e de lecture estim\u00e9e":"1 minute"},"schema":{"@context":"https:\/\/schema.org","@graph":[{"@type":"WebPage","@id":"https:\/\/fumot.uk\/product\/al-fakher-crown-bar-15k-puffs-white-flash\/","url":"https:\/\/fumot.uk\/product\/al-fakher-crown-bar-15k-puffs-white-flash\/","name":"AL FAKHER Crown Bar 15K White Flash Menthe Citron","isPartOf":{"@id":"https:\/\/fumot.uk\/#website"},"primaryImageOfPage":{"@id":"https:\/\/fumot.uk\/product\/al-fakher-crown-bar-15k-puffs-white-flash\/#primaryimage"},"image":{"@id":"https:\/\/fumot.uk\/product\/al-fakher-crown-bar-15k-puffs-white-flash\/#primaryimage"},"thumbnailUrl":"https:\/\/fumot.uk\/wp-content\/uploads\/2026\/01\/al-fakher-crown-bar-white-flash-Disposable-Vape.jpg","datePublished":"2026-01-21T04:04:30+00:00","dateModified":"2026-01-21T09:21:20+00:00","description":"Boutique AL FAKHER Crown Bar 15K White Flash : saveur menthe citron glac\u00e9, 20ml e\u2011liquide, bobine en maille 0.6\u03a9, \u00e9cran LCD, rechargeable Type\u2011C 850mAh. 0\/2\/3\/5%.","breadcrumb":{"@id":"https:\/\/fumot.uk\/product\/al-fakher-crown-bar-15k-puffs-white-flash\/#breadcrumb"},"inLanguage":"fr-FR","potentialAction":[{"@type":"ReadAction","target":["https:\/\/fumot.uk\/product\/al-fakher-crown-bar-15k-puffs-white-flash\/"]}]},{"@type":"ImageObject","inLanguage":"fr-FR","@id":"https:\/\/fumot.uk\/product\/al-fakher-crown-bar-15k-puffs-white-flash\/#primaryimage","url":"https:\/\/fumot.uk\/wp-content\/uploads\/2026\/01\/al-fakher-crown-bar-white-flash-Disposable-Vape.jpg","contentUrl":"https:\/\/fumot.uk\/wp-content\/uploads\/2026\/01\/al-fakher-crown-bar-white-flash-Disposable-Vape.jpg","width":1246,"height":1390},{"@type":"BreadcrumbList","@id":"https:\/\/fumot.uk\/product\/al-fakher-crown-bar-15k-puffs-white-flash\/#breadcrumb","itemListElement":[{"@type":"ListItem","position":1,"name":"Home","item":"https:\/\/fumot.uk\/"},{"@type":"ListItem","position":2,"name":"Shop","item":"https:\/\/fumot.uk\/shop\/"},{"@type":"ListItem","position":3,"name":"AL FAKHER Crown Bar 15K Puffs White Flash \u2013 Mint Lemon Ice, 20ml, Rechargeable Type\u2011C, LCD Display"}]},{"@type":"WebSite","@id":"https:\/\/fumot.uk\/#website","url":"https:\/\/fumot.uk\/","name":"Fumot Official Direct | Directement de l'usine, 100% Authentique","description":"Site officiel","publisher":{"@id":"https:\/\/fumot.uk\/#organization"},"potentialAction":[{"@type":"SearchAction","target":{"@type":"EntryPoint","urlTemplate":"https:\/\/fumot.uk\/?s={search_term_string}"},"query-input":{"@type":"PropertyValueSpecification","valueRequired":true,"valueName":"search_term_string"}}],"inLanguage":"fr-FR"},{"@type":"Organization","@id":"https:\/\/fumot.uk\/#organization","name":"Fumot Official Direct | Directement de l'usine, 100% Authentique","url":"https:\/\/fumot.uk\/","logo":{"@type":"ImageObject","inLanguage":"fr-FR","@id":"https:\/\/fumot.uk\/#\/schema\/logo\/image\/","url":"https:\/\/fumot.uk\/wp-content\/uploads\/2026\/01\/cropped-fumot-logo1.png","contentUrl":"https:\/\/fumot.uk\/wp-content\/uploads\/2026\/01\/cropped-fumot-logo1.png","width":152,"height":106,"caption":"Fumot Official Direct | Straight from the Factory, 100% Genuine"},"image":{"@id":"https:\/\/fumot.uk\/#\/schema\/logo\/image\/"}}]}},"_links":{"self":[{"href":"https:\/\/fumot.uk\/fr\/wp-json\/wp\/v2\/product\/3789","targetHints":{"allow":["GET"]}}],"collection":[{"href":"https:\/\/fumot.uk\/fr\/wp-json\/wp\/v2\/product"}],"about":[{"href":"https:\/\/fumot.uk\/fr\/wp-json\/wp\/v2\/types\/product"}],"replies":[{"embeddable":true,"href":"https:\/\/fumot.uk\/fr\/wp-json\/wp\/v2\/comments?post=3789"}],"wp:featuredmedia":[{"embeddable":true,"href":"https:\/\/fumot.uk\/fr\/wp-json\/wp\/v2\/media\/3819"}],"wp:attachment":[{"href":"https:\/\/fumot.uk\/fr\/wp-json\/wp\/v2\/media?parent=3789"}],"wp:term":[{"taxonomy":"product_brand","embeddable":true,"href":"https:\/\/fumot.uk\/fr\/wp-json\/wp\/v2\/product_brand?post=3789"},{"taxonomy":"product_cat","embeddable":true,"href":"https:\/\/fumot.uk\/fr\/wp-json\/wp\/v2\/product_cat?post=3789"},{"taxonomy":"product_tag","embeddable":true,"href":"https:\/\/fumot.uk\/fr\/wp-json\/wp\/v2\/product_tag?post=3789"}],"curies":[{"name":"wp","href":"https:\/\/api.w.org\/{rel}","templated":true}]}}