{"id":3788,"date":"2026-01-21T04:04:30","date_gmt":"2026-01-21T04:04:30","guid":{"rendered":"https:\/\/fumot.uk\/?post_type=product&#038;p=3788"},"modified":"2026-01-21T09:20:49","modified_gmt":"2026-01-21T09:20:49","slug":"al-fakher-crown-bar-15k-puffs-black-currant-ice","status":"publish","type":"product","link":"https:\/\/fumot.uk\/fr\/product\/al-fakher-crown-bar-15k-puffs-black-currant-ice\/","title":{"rendered":"AL FAKHER CROWN BAR 15K Puffs Black Currant Ice (20ml, 850mAh, Display, Mesh Coil)"},"content":{"rendered":"<h3>Cassis Glac\u00e9 \u2013 AL FAKHER CROWN BAR 15K Puffs<\/h3>\n<p><strong>AL FAKHER CROWN BAR 15K Puffs Cassis Glac\u00e9<\/strong> offre une inhalation audacieuse de baies noires suivie d'une finition glac\u00e9e et propre. Le profil de cassis est riche et acidul\u00e9, tandis que la note rafra\u00eechissante garde chaque bouff\u00e9e nette\u2014id\u00e9al si vous aimez les saveurs fruit\u00e9es avec une touche de fra\u00eecheur.<\/p>\n<p>Con\u00e7u pour la coh\u00e9rence, ce vape jetable \u00e0 haute capacit\u00e9 pr\u00e9sente un <strong>bobine en mesh 0.6\u03a9<\/strong> pour une vapeur douce et uniforme et un <strong>affichage LED en temps r\u00e9el<\/strong> qui montre l'\u00e9tat de la batterie et du e-liquide en un coup d'\u0153il. Avec une g\u00e9n\u00e9reuse <strong>Capacit\u00e9 de 20ml de e-liquide<\/strong> et jusqu'\u00e0 <strong>15 000 bouff\u00e9es<\/strong> (d\u00e9pend de l'utilisation), il est con\u00e7u pour des sessions plus longues sans prise de t\u00eate.<\/p>\n<p>D\u00e9couvrez plus de saveurs et d'options d'appareils sur <a href=\"https:\/\/fumot.uk\/fr\/\">fumot.uk<\/a>.<\/p>\n<h4>Caract\u00e9ristiques cl\u00e9s<\/h4>\n<ul>\n<li><strong>Capacit\u00e9 d'e-liquide :<\/strong> Cassis avec une finition glac\u00e9e et menthol\u00e9e<\/li>\n<li><strong>Nombre de bouff\u00e9es :<\/strong> Jusqu'\u00e0 15 000 bouff\u00e9es (varie selon l'utilisateur)<\/li>\n<li><strong>Capacit\u00e9 de e-liquide :<\/strong> 20ml<\/li>\n<li><strong>R\u00e9sistance :<\/strong> Bobine en maille de 0,6\u03a9<\/li>\n<li><strong>Batterie :<\/strong> 850mAh rechargeable<\/li>\n<li><strong>Chargement :<\/strong> Type-C<\/li>\n<li><strong>Affichage :<\/strong> Affichage LED pour la batterie et le e-liquide<\/li>\n<li><strong>Options de nicotine :<\/strong> 0% \/ 2% \/ 3% \/ 5%<\/li>\n<\/ul>\n<h4>Pourquoi vous aimerez Cassis Glac\u00e9<\/h4>\n<ul>\n<li><strong>Go\u00fbt de baies profondes :<\/strong> Notes de cassis noir, juteuses et savoureuses<\/li>\n<li><strong>Finition fra\u00eeche :<\/strong> Touche rafra\u00eechissante qui garde le profil l\u00e9ger et propre<\/li>\n<li><strong>Adapt\u00e9 au quotidien :<\/strong> \u00c9quilibre sucr\u00e9\/acide avec un arri\u00e8re-go\u00fbt rafra\u00eechissant<\/li>\n<\/ul>","protected":false},"excerpt":{"rendered":"<p>AL FAKHER CROWN BAR 15K Cassis Glac\u00e9 avec 20ml d'e-liquide, bobine en maille de 0.6\u03a9, affichage LED, et batterie rechargeable Type\u2011C de 850mAh. Nicotine : 0\/2\/3\/5%.<\/p>","protected":false},"featured_media":3818,"comment_status":"open","ping_status":"closed","template":"","meta":[],"product_brand":[],"product_cat":[16,189,17],"product_tag":[60,20,72,23,25,26,27,62,28],"class_list":{"0":"post-3788","1":"product","2":"type-product","3":"status-publish","4":"has-post-thumbnail","6":"product_cat-15000-puff","7":"product_cat-al-fakher-crown-bar-15k-puffs","8":"product_cat-vape","9":"product_tag-20ml","10":"product_tag-850mah","11":"product_tag-direct-to-lung","12":"product_tag-display","13":"product_tag-mesh-coil","14":"product_tag-rechargeable","15":"product_tag-rgb-light","16":"product_tag-sale-vape","17":"product_tag-type-c","19":"first","20":"instock","21":"sale","22":"shipping-taxable","23":"purchasable","24":"product-type-variable","25":"has-default-attributes"},"yoast_head":"<!-- This site is optimized with the Yoast SEO plugin v26.8 - https:\/\/yoast.com\/product\/yoast-seo-wordpress\/ -->\n<title>AL FAKHER CROWN BAR 15K Black Currant Ice | 20ml<\/title>\n<meta name=\"description\" content=\"Black Currant Ice AL FAKHER CROWN BAR 15K: 20ml e-liquid, 0.6\u03a9 mesh coil, LED display, 850mAh Type\u2011C rechargeable. Nicotine 0\/2\/3\/5%.\" \/>\n<meta name=\"robots\" content=\"index, follow, max-snippet:-1, max-image-preview:large, max-video-preview:-1\" \/>\n<link rel=\"canonical\" href=\"https:\/\/fumot.uk\/fr\/product\/al-fakher-crown-bar-15k-puffs-black-currant-ice\/\" \/>\n<meta property=\"og:locale\" content=\"fr_FR\" \/>\n<meta property=\"og:type\" content=\"article\" \/>\n<meta property=\"og:title\" content=\"Black Currant Ice \u2013 AL FAKHER CROWN BAR 15K Puffs\" \/>\n<meta property=\"og:description\" content=\"Rich black currant flavour with an icy finish. 20ml capacity, 0.6\u03a9 mesh coil, LED display, 850mAh Type\u2011C rechargeable. Up to 15,000 puffs.\" \/>\n<meta property=\"og:url\" content=\"https:\/\/fumot.uk\/fr\/product\/al-fakher-crown-bar-15k-puffs-black-currant-ice\/\" \/>\n<meta property=\"og:site_name\" content=\"Fumot Official Direct | Straight from the Factory, 100% Genuine\" \/>\n<meta property=\"article:modified_time\" content=\"2026-01-21T09:20:49+00:00\" \/>\n<meta property=\"og:image\" content=\"https:\/\/fumot.uk\/wp-content\/uploads\/2026\/01\/Al-Fakher-Crown-Bar-Black-Currant-Ice-Disposable-Vape.jpg\" \/>\n\t<meta property=\"og:image:width\" content=\"1246\" \/>\n\t<meta property=\"og:image:height\" content=\"1390\" \/>\n\t<meta property=\"og:image:type\" content=\"image\/jpeg\" \/>\n<meta name=\"twitter:card\" content=\"summary_large_image\" \/>\n<meta name=\"twitter:label1\" content=\"Dur\u00e9e de lecture estim\u00e9e\" \/>\n\t<meta name=\"twitter:data1\" content=\"1 minute\" \/>\n<script type=\"application\/ld+json\" class=\"yoast-schema-graph\">{\"@context\":\"https:\/\/schema.org\",\"@graph\":[{\"@type\":\"WebPage\",\"@id\":\"https:\/\/fumot.uk\/product\/al-fakher-crown-bar-15k-puffs-black-currant-ice\/\",\"url\":\"https:\/\/fumot.uk\/product\/al-fakher-crown-bar-15k-puffs-black-currant-ice\/\",\"name\":\"AL FAKHER CROWN BAR 15K Black Currant Ice | 20ml\",\"isPartOf\":{\"@id\":\"https:\/\/fumot.uk\/#website\"},\"primaryImageOfPage\":{\"@id\":\"https:\/\/fumot.uk\/product\/al-fakher-crown-bar-15k-puffs-black-currant-ice\/#primaryimage\"},\"image\":{\"@id\":\"https:\/\/fumot.uk\/product\/al-fakher-crown-bar-15k-puffs-black-currant-ice\/#primaryimage\"},\"thumbnailUrl\":\"https:\/\/fumot.uk\/wp-content\/uploads\/2026\/01\/Al-Fakher-Crown-Bar-Black-Currant-Ice-Disposable-Vape.jpg\",\"datePublished\":\"2026-01-21T04:04:30+00:00\",\"dateModified\":\"2026-01-21T09:20:49+00:00\",\"description\":\"Black Currant Ice AL FAKHER CROWN BAR 15K: 20ml e-liquid, 0.6\u03a9 mesh coil, LED display, 850mAh Type\u2011C rechargeable. Nicotine 0\/2\/3\/5%.\",\"breadcrumb\":{\"@id\":\"https:\/\/fumot.uk\/product\/al-fakher-crown-bar-15k-puffs-black-currant-ice\/#breadcrumb\"},\"inLanguage\":\"fr-FR\",\"potentialAction\":[{\"@type\":\"ReadAction\",\"target\":[\"https:\/\/fumot.uk\/product\/al-fakher-crown-bar-15k-puffs-black-currant-ice\/\"]}]},{\"@type\":\"ImageObject\",\"inLanguage\":\"fr-FR\",\"@id\":\"https:\/\/fumot.uk\/product\/al-fakher-crown-bar-15k-puffs-black-currant-ice\/#primaryimage\",\"url\":\"https:\/\/fumot.uk\/wp-content\/uploads\/2026\/01\/Al-Fakher-Crown-Bar-Black-Currant-Ice-Disposable-Vape.jpg\",\"contentUrl\":\"https:\/\/fumot.uk\/wp-content\/uploads\/2026\/01\/Al-Fakher-Crown-Bar-Black-Currant-Ice-Disposable-Vape.jpg\",\"width\":1246,\"height\":1390},{\"@type\":\"BreadcrumbList\",\"@id\":\"https:\/\/fumot.uk\/product\/al-fakher-crown-bar-15k-puffs-black-currant-ice\/#breadcrumb\",\"itemListElement\":[{\"@type\":\"ListItem\",\"position\":1,\"name\":\"Home\",\"item\":\"https:\/\/fumot.uk\/\"},{\"@type\":\"ListItem\",\"position\":2,\"name\":\"Shop\",\"item\":\"https:\/\/fumot.uk\/shop\/\"},{\"@type\":\"ListItem\",\"position\":3,\"name\":\"AL FAKHER CROWN BAR 15K Puffs Black Currant Ice (20ml, 850mAh, Display, Mesh Coil)\"}]},{\"@type\":\"WebSite\",\"@id\":\"https:\/\/fumot.uk\/#website\",\"url\":\"https:\/\/fumot.uk\/\",\"name\":\"Fumot Official Direct | Straight from the Factory, 100% Genuine\",\"description\":\"Official Website\",\"publisher\":{\"@id\":\"https:\/\/fumot.uk\/#organization\"},\"potentialAction\":[{\"@type\":\"SearchAction\",\"target\":{\"@type\":\"EntryPoint\",\"urlTemplate\":\"https:\/\/fumot.uk\/?s={search_term_string}\"},\"query-input\":{\"@type\":\"PropertyValueSpecification\",\"valueRequired\":true,\"valueName\":\"search_term_string\"}}],\"inLanguage\":\"fr-FR\"},{\"@type\":\"Organization\",\"@id\":\"https:\/\/fumot.uk\/#organization\",\"name\":\"Fumot Official Direct | Straight from the Factory, 100% Genuine\",\"url\":\"https:\/\/fumot.uk\/\",\"logo\":{\"@type\":\"ImageObject\",\"inLanguage\":\"fr-FR\",\"@id\":\"https:\/\/fumot.uk\/#\/schema\/logo\/image\/\",\"url\":\"https:\/\/fumot.uk\/wp-content\/uploads\/2026\/01\/cropped-fumot-logo1.png\",\"contentUrl\":\"https:\/\/fumot.uk\/wp-content\/uploads\/2026\/01\/cropped-fumot-logo1.png\",\"width\":152,\"height\":106,\"caption\":\"Fumot Official Direct | Straight from the Factory, 100% Genuine\"},\"image\":{\"@id\":\"https:\/\/fumot.uk\/#\/schema\/logo\/image\/\"}}]}<\/script>\n<!-- \/ Yoast SEO plugin. -->","yoast_head_json":{"title":"BARRE AL FAKHER CROWN 15K Cassis Glac\u00e9 | 20ml","description":"Cassis Glac\u00e9 AL FAKHER CROWN BAR 15K : 20ml e-liquide, 0.6\u03a9 bobine en maille, affichage LED, 850mAh Type\u2011C rechargeable. Nicotine 0\/2\/3\/5%.","robots":{"index":"index","follow":"follow","max-snippet":"max-snippet:-1","max-image-preview":"max-image-preview:large","max-video-preview":"max-video-preview:-1"},"canonical":"https:\/\/fumot.uk\/fr\/product\/al-fakher-crown-bar-15k-puffs-black-currant-ice\/","og_locale":"fr_FR","og_type":"article","og_title":"Black Currant Ice \u2013 AL FAKHER CROWN BAR 15K Puffs","og_description":"Rich black currant flavour with an icy finish. 20ml capacity, 0.6\u03a9 mesh coil, LED display, 850mAh Type\u2011C rechargeable. Up to 15,000 puffs.","og_url":"https:\/\/fumot.uk\/fr\/product\/al-fakher-crown-bar-15k-puffs-black-currant-ice\/","og_site_name":"Fumot Official Direct | Straight from the Factory, 100% Genuine","article_modified_time":"2026-01-21T09:20:49+00:00","og_image":[{"width":1246,"height":1390,"url":"https:\/\/fumot.uk\/wp-content\/uploads\/2026\/01\/Al-Fakher-Crown-Bar-Black-Currant-Ice-Disposable-Vape.jpg","type":"image\/jpeg"}],"twitter_card":"summary_large_image","twitter_misc":{"Dur\u00e9e de lecture estim\u00e9e":"1 minute"},"schema":{"@context":"https:\/\/schema.org","@graph":[{"@type":"WebPage","@id":"https:\/\/fumot.uk\/product\/al-fakher-crown-bar-15k-puffs-black-currant-ice\/","url":"https:\/\/fumot.uk\/product\/al-fakher-crown-bar-15k-puffs-black-currant-ice\/","name":"BARRE AL FAKHER CROWN 15K Cassis Glac\u00e9 | 20ml","isPartOf":{"@id":"https:\/\/fumot.uk\/#website"},"primaryImageOfPage":{"@id":"https:\/\/fumot.uk\/product\/al-fakher-crown-bar-15k-puffs-black-currant-ice\/#primaryimage"},"image":{"@id":"https:\/\/fumot.uk\/product\/al-fakher-crown-bar-15k-puffs-black-currant-ice\/#primaryimage"},"thumbnailUrl":"https:\/\/fumot.uk\/wp-content\/uploads\/2026\/01\/Al-Fakher-Crown-Bar-Black-Currant-Ice-Disposable-Vape.jpg","datePublished":"2026-01-21T04:04:30+00:00","dateModified":"2026-01-21T09:20:49+00:00","description":"Cassis Glac\u00e9 AL FAKHER CROWN BAR 15K : 20ml e-liquide, 0.6\u03a9 bobine en maille, affichage LED, 850mAh Type\u2011C rechargeable. Nicotine 0\/2\/3\/5%.","breadcrumb":{"@id":"https:\/\/fumot.uk\/product\/al-fakher-crown-bar-15k-puffs-black-currant-ice\/#breadcrumb"},"inLanguage":"fr-FR","potentialAction":[{"@type":"ReadAction","target":["https:\/\/fumot.uk\/product\/al-fakher-crown-bar-15k-puffs-black-currant-ice\/"]}]},{"@type":"ImageObject","inLanguage":"fr-FR","@id":"https:\/\/fumot.uk\/product\/al-fakher-crown-bar-15k-puffs-black-currant-ice\/#primaryimage","url":"https:\/\/fumot.uk\/wp-content\/uploads\/2026\/01\/Al-Fakher-Crown-Bar-Black-Currant-Ice-Disposable-Vape.jpg","contentUrl":"https:\/\/fumot.uk\/wp-content\/uploads\/2026\/01\/Al-Fakher-Crown-Bar-Black-Currant-Ice-Disposable-Vape.jpg","width":1246,"height":1390},{"@type":"BreadcrumbList","@id":"https:\/\/fumot.uk\/product\/al-fakher-crown-bar-15k-puffs-black-currant-ice\/#breadcrumb","itemListElement":[{"@type":"ListItem","position":1,"name":"Home","item":"https:\/\/fumot.uk\/"},{"@type":"ListItem","position":2,"name":"Shop","item":"https:\/\/fumot.uk\/shop\/"},{"@type":"ListItem","position":3,"name":"AL FAKHER CROWN BAR 15K Puffs Black Currant Ice (20ml, 850mAh, Display, Mesh Coil)"}]},{"@type":"WebSite","@id":"https:\/\/fumot.uk\/#website","url":"https:\/\/fumot.uk\/","name":"Fumot Official Direct | Directement de l'usine, 100% Authentique","description":"Site officiel","publisher":{"@id":"https:\/\/fumot.uk\/#organization"},"potentialAction":[{"@type":"SearchAction","target":{"@type":"EntryPoint","urlTemplate":"https:\/\/fumot.uk\/?s={search_term_string}"},"query-input":{"@type":"PropertyValueSpecification","valueRequired":true,"valueName":"search_term_string"}}],"inLanguage":"fr-FR"},{"@type":"Organization","@id":"https:\/\/fumot.uk\/#organization","name":"Fumot Official Direct | Directement de l'usine, 100% Authentique","url":"https:\/\/fumot.uk\/","logo":{"@type":"ImageObject","inLanguage":"fr-FR","@id":"https:\/\/fumot.uk\/#\/schema\/logo\/image\/","url":"https:\/\/fumot.uk\/wp-content\/uploads\/2026\/01\/cropped-fumot-logo1.png","contentUrl":"https:\/\/fumot.uk\/wp-content\/uploads\/2026\/01\/cropped-fumot-logo1.png","width":152,"height":106,"caption":"Fumot Official Direct | Straight from the Factory, 100% Genuine"},"image":{"@id":"https:\/\/fumot.uk\/#\/schema\/logo\/image\/"}}]}},"_links":{"self":[{"href":"https:\/\/fumot.uk\/fr\/wp-json\/wp\/v2\/product\/3788","targetHints":{"allow":["GET"]}}],"collection":[{"href":"https:\/\/fumot.uk\/fr\/wp-json\/wp\/v2\/product"}],"about":[{"href":"https:\/\/fumot.uk\/fr\/wp-json\/wp\/v2\/types\/product"}],"replies":[{"embeddable":true,"href":"https:\/\/fumot.uk\/fr\/wp-json\/wp\/v2\/comments?post=3788"}],"wp:featuredmedia":[{"embeddable":true,"href":"https:\/\/fumot.uk\/fr\/wp-json\/wp\/v2\/media\/3818"}],"wp:attachment":[{"href":"https:\/\/fumot.uk\/fr\/wp-json\/wp\/v2\/media?parent=3788"}],"wp:term":[{"taxonomy":"product_brand","embeddable":true,"href":"https:\/\/fumot.uk\/fr\/wp-json\/wp\/v2\/product_brand?post=3788"},{"taxonomy":"product_cat","embeddable":true,"href":"https:\/\/fumot.uk\/fr\/wp-json\/wp\/v2\/product_cat?post=3788"},{"taxonomy":"product_tag","embeddable":true,"href":"https:\/\/fumot.uk\/fr\/wp-json\/wp\/v2\/product_tag?post=3788"}],"curies":[{"name":"wp","href":"https:\/\/api.w.org\/{rel}","templated":true}]}}