{"id":3783,"date":"2026-01-21T04:04:29","date_gmt":"2026-01-21T04:04:29","guid":{"rendered":"https:\/\/fumot.uk\/?post_type=product&#038;p=3783"},"modified":"2026-01-21T09:22:38","modified_gmt":"2026-01-21T09:22:38","slug":"al-fakher-crown-bar-15k-puffs-lucid-dream","status":"publish","type":"product","link":"https:\/\/fumot.uk\/fr\/product\/al-fakher-crown-bar-15k-puffs-lucid-dream\/","title":{"rendered":"AL FAKHER Crown Bar 15K Puffs Lucid Dream \u2013 Blueberry &amp; Tropical Fruit Vape Jetable (20ml, 850mAh, Display)"},"content":{"rendered":"<h3>AL FAKHER Crown Bar 15K Puffs \u2013 R\u00eave Lucide (Myrtille &amp; Fruits Tropicaux)<\/h3>\n<p><strong>AL FAKHER Crown Bar 15K R\u00eave Lucide<\/strong> est une vape jetable rechargeable haut de gamme con\u00e7ue pour de longues sessions et une saveur propre et constante. Con\u00e7u autour d'un <strong>Capacit\u00e9 de 20ml de e-liquide<\/strong>, un doux <strong>bobine en mesh 0.6\u03a9<\/strong>, et un <strong>batterie rechargeable de 850mAh<\/strong> avec <strong>Charge rapide USB Type\u2011C<\/strong>, c'est un choix quotidien facile pour les vapoteurs qui veulent de la commodit\u00e9 sans sacrifier le go\u00fbt.<\/p>\n<p>C\u00f4t\u00e9 saveur, <strong>R\u00eave lucide<\/strong> m\u00e9lange des <strong>myrtille<\/strong> sucr\u00e9s et juteux avec un m\u00e9lange \u00e9clatant de <strong>fruits tropicaux<\/strong> pour une finition rafra\u00eechissante et en couches\u2014fruit\u00e9, vibrant, et jamais lourd.<\/p>\n<p>Restez en contr\u00f4le avec le <a href=\"https:\/\/fumot.uk\/fr\/product-tag\/display\/\">affichage LED<\/a>, int\u00e9gr\u00e9, affichant le niveau de batterie et le liquide restant d'un coup d'\u0153il\u2014parfait pour planifier votre journ\u00e9e et \u00e9viter les surprises.<\/p>\n<h4>Caract\u00e9ristiques cl\u00e9s<\/h4>\n<ul>\n<li><strong>Jusqu'\u00e0 15 000 bouff\u00e9es<\/strong> (varie selon l'utilisation)<\/li>\n<li><strong>20ml d'e-liquide<\/strong> capacit\u00e9<\/li>\n<li><strong>bobine en mesh 0.6\u03a9<\/strong> pour un chauffage uniforme et une saveur nette<\/li>\n<li><strong>Batterie rechargeable 850mAh<\/strong><\/li>\n<li><strong>USB Type\u2011C<\/strong> recharge rapide<\/li>\n<li><strong>affichage LED<\/strong> pour le niveau de batterie et de e-liquide<\/li>\n<li><strong>Options de nicotine :<\/strong> 0% \/ 2% \/ 3% \/ 5%<\/li>\n<\/ul>\n<h4>Pourquoi vous aimerez R\u00eave Lucide<\/h4>\n<ul>\n<li><strong>: douceur fruit\u00e9e et juteuse avec une finition \u00e9quilibr\u00e9e<\/strong> douceur avec une touche tropicale<\/li>\n<li><strong>Profil de fruits frais et multi-couches pour vapoter toute la journ\u00e9e<\/strong> Tirage doux<\/li>\n<li><strong>gr\u00e2ce \u00e0 la performance de la bobine en maille<\/strong> R\u00eave Lucide \u2013 AL FAKHER Crown Bar 15K Puffs<\/li>\n<\/ul>\n<p>D\u00e9couvrez plus de saveurs et de dispositifs sur <a href=\"https:\/\/fumot.uk\/fr\/\">fumot.uk<\/a>.<\/p>","protected":false},"excerpt":{"rendered":"<p>AL FAKHER Crown Bar Lucid Dream rechargeable avec jusqu'\u00e0 15 000 bouff\u00e9es, 20ml de e-liquide, r\u00e9sistance en mesh de 0,6\u03a9, affichage LED et chargement USB\u2011C. Saveur myrtille + fruits tropicaux. Options de nicotine 0\u20135%.<\/p>","protected":false},"featured_media":3813,"comment_status":"open","ping_status":"closed","template":"","meta":[],"product_brand":[],"product_cat":[16,189,17],"product_tag":[60,20,33,72,23,42,25,26,27,62,28],"class_list":{"0":"post-3783","1":"product","2":"type-product","3":"status-publish","4":"has-post-thumbnail","6":"product_cat-15000-puff","7":"product_cat-al-fakher-crown-bar-15k-puffs","8":"product_cat-vape","9":"product_tag-20ml","10":"product_tag-850mah","11":"product_tag-blueberry","12":"product_tag-direct-to-lung","13":"product_tag-display","14":"product_tag-mango","15":"product_tag-mesh-coil","16":"product_tag-rechargeable","17":"product_tag-rgb-light","18":"product_tag-sale-vape","19":"product_tag-type-c","21":"first","22":"instock","23":"sale","24":"shipping-taxable","25":"purchasable","26":"product-type-variable","27":"has-default-attributes"},"yoast_head":"<!-- This site is optimized with the Yoast SEO plugin v26.8 - https:\/\/yoast.com\/product\/yoast-seo-wordpress\/ -->\n<title>AL FAKHER Crown Bar 15K Lucid Dream | 20ml Disposable Vape<\/title>\n<meta name=\"description\" content=\"AL FAKHER Crown Bar 15K Lucid Dream: blueberry &amp; tropical fruit. 20ml, 850mAh USB\u2011C rechargeable, 0.6\u03a9 mesh coil, LED display. 0\u20135% nicotine.\" \/>\n<meta name=\"robots\" content=\"index, follow, max-snippet:-1, max-image-preview:large, max-video-preview:-1\" \/>\n<link rel=\"canonical\" href=\"https:\/\/fumot.uk\/fr\/product\/al-fakher-crown-bar-15k-puffs-lucid-dream\/\" \/>\n<meta property=\"og:locale\" content=\"fr_FR\" \/>\n<meta property=\"og:type\" content=\"article\" \/>\n<meta property=\"og:title\" content=\"Lucid Dream \u2013 AL FAKHER Crown Bar 15K Puffs\" \/>\n<meta property=\"og:description\" content=\"Blueberry meets tropical fruit in Lucid Dream. 20ml, 850mAh USB\u2011C rechargeable, 0.6\u03a9 mesh coil, LED display, up to 15,000 puffs. 0\u20135% nicotine.\" \/>\n<meta property=\"og:url\" content=\"https:\/\/fumot.uk\/fr\/product\/al-fakher-crown-bar-15k-puffs-lucid-dream\/\" \/>\n<meta property=\"og:site_name\" content=\"Fumot Official Direct | Straight from the Factory, 100% Genuine\" \/>\n<meta property=\"article:modified_time\" content=\"2026-01-21T09:22:38+00:00\" \/>\n<meta property=\"og:image\" content=\"https:\/\/fumot.uk\/wp-content\/uploads\/2026\/01\/AL-FAKHER-CROWN-BAR-15k_Lucid-Dream-Disposable-Vape.jpg\" \/>\n\t<meta property=\"og:image:width\" content=\"1246\" \/>\n\t<meta property=\"og:image:height\" content=\"1390\" \/>\n\t<meta property=\"og:image:type\" content=\"image\/jpeg\" \/>\n<meta name=\"twitter:card\" content=\"summary_large_image\" \/>\n<meta name=\"twitter:label1\" content=\"Dur\u00e9e de lecture estim\u00e9e\" \/>\n\t<meta name=\"twitter:data1\" content=\"1 minute\" \/>\n<script type=\"application\/ld+json\" class=\"yoast-schema-graph\">{\"@context\":\"https:\/\/schema.org\",\"@graph\":[{\"@type\":\"WebPage\",\"@id\":\"https:\/\/fumot.uk\/product\/al-fakher-crown-bar-15k-puffs-lucid-dream\/\",\"url\":\"https:\/\/fumot.uk\/product\/al-fakher-crown-bar-15k-puffs-lucid-dream\/\",\"name\":\"AL FAKHER Crown Bar 15K Lucid Dream | 20ml Disposable Vape\",\"isPartOf\":{\"@id\":\"https:\/\/fumot.uk\/#website\"},\"primaryImageOfPage\":{\"@id\":\"https:\/\/fumot.uk\/product\/al-fakher-crown-bar-15k-puffs-lucid-dream\/#primaryimage\"},\"image\":{\"@id\":\"https:\/\/fumot.uk\/product\/al-fakher-crown-bar-15k-puffs-lucid-dream\/#primaryimage\"},\"thumbnailUrl\":\"https:\/\/fumot.uk\/wp-content\/uploads\/2026\/01\/AL-FAKHER-CROWN-BAR-15k_Lucid-Dream-Disposable-Vape.jpg\",\"datePublished\":\"2026-01-21T04:04:29+00:00\",\"dateModified\":\"2026-01-21T09:22:38+00:00\",\"description\":\"AL FAKHER Crown Bar 15K Lucid Dream: blueberry & tropical fruit. 20ml, 850mAh USB\u2011C rechargeable, 0.6\u03a9 mesh coil, LED display. 0\u20135% nicotine.\",\"breadcrumb\":{\"@id\":\"https:\/\/fumot.uk\/product\/al-fakher-crown-bar-15k-puffs-lucid-dream\/#breadcrumb\"},\"inLanguage\":\"fr-FR\",\"potentialAction\":[{\"@type\":\"ReadAction\",\"target\":[\"https:\/\/fumot.uk\/product\/al-fakher-crown-bar-15k-puffs-lucid-dream\/\"]}]},{\"@type\":\"ImageObject\",\"inLanguage\":\"fr-FR\",\"@id\":\"https:\/\/fumot.uk\/product\/al-fakher-crown-bar-15k-puffs-lucid-dream\/#primaryimage\",\"url\":\"https:\/\/fumot.uk\/wp-content\/uploads\/2026\/01\/AL-FAKHER-CROWN-BAR-15k_Lucid-Dream-Disposable-Vape.jpg\",\"contentUrl\":\"https:\/\/fumot.uk\/wp-content\/uploads\/2026\/01\/AL-FAKHER-CROWN-BAR-15k_Lucid-Dream-Disposable-Vape.jpg\",\"width\":1246,\"height\":1390},{\"@type\":\"BreadcrumbList\",\"@id\":\"https:\/\/fumot.uk\/product\/al-fakher-crown-bar-15k-puffs-lucid-dream\/#breadcrumb\",\"itemListElement\":[{\"@type\":\"ListItem\",\"position\":1,\"name\":\"Home\",\"item\":\"https:\/\/fumot.uk\/\"},{\"@type\":\"ListItem\",\"position\":2,\"name\":\"Shop\",\"item\":\"https:\/\/fumot.uk\/shop\/\"},{\"@type\":\"ListItem\",\"position\":3,\"name\":\"AL FAKHER Crown Bar 15K Puffs Lucid Dream \u2013 Blueberry &#038; Tropical Fruit Disposable Vape (20ml, 850mAh, Display)\"}]},{\"@type\":\"WebSite\",\"@id\":\"https:\/\/fumot.uk\/#website\",\"url\":\"https:\/\/fumot.uk\/\",\"name\":\"Fumot Official Direct | Straight from the Factory, 100% Genuine\",\"description\":\"Official Website\",\"publisher\":{\"@id\":\"https:\/\/fumot.uk\/#organization\"},\"potentialAction\":[{\"@type\":\"SearchAction\",\"target\":{\"@type\":\"EntryPoint\",\"urlTemplate\":\"https:\/\/fumot.uk\/?s={search_term_string}\"},\"query-input\":{\"@type\":\"PropertyValueSpecification\",\"valueRequired\":true,\"valueName\":\"search_term_string\"}}],\"inLanguage\":\"fr-FR\"},{\"@type\":\"Organization\",\"@id\":\"https:\/\/fumot.uk\/#organization\",\"name\":\"Fumot Official Direct | Straight from the Factory, 100% Genuine\",\"url\":\"https:\/\/fumot.uk\/\",\"logo\":{\"@type\":\"ImageObject\",\"inLanguage\":\"fr-FR\",\"@id\":\"https:\/\/fumot.uk\/#\/schema\/logo\/image\/\",\"url\":\"https:\/\/fumot.uk\/wp-content\/uploads\/2026\/01\/cropped-fumot-logo1.png\",\"contentUrl\":\"https:\/\/fumot.uk\/wp-content\/uploads\/2026\/01\/cropped-fumot-logo1.png\",\"width\":152,\"height\":106,\"caption\":\"Fumot Official Direct | Straight from the Factory, 100% Genuine\"},\"image\":{\"@id\":\"https:\/\/fumot.uk\/#\/schema\/logo\/image\/\"}}]}<\/script>\n<!-- \/ Yoast SEO plugin. -->","yoast_head_json":{"title":"AL FAKHER Crown Bar 15K Lucid Dream | Vape Jetable 20ml","description":"AL FAKHER Crown Bar 15K Lucid Dream : myrtille &amp; fruit tropical. 20ml, 850mAh USB\u2011C rechargeable, 0.6\u03a9 bobine en maille, affichage LED. 0\u20135% nicotine.","robots":{"index":"index","follow":"follow","max-snippet":"max-snippet:-1","max-image-preview":"max-image-preview:large","max-video-preview":"max-video-preview:-1"},"canonical":"https:\/\/fumot.uk\/fr\/product\/al-fakher-crown-bar-15k-puffs-lucid-dream\/","og_locale":"fr_FR","og_type":"article","og_title":"Lucid Dream \u2013 AL FAKHER Crown Bar 15K Puffs","og_description":"Blueberry meets tropical fruit in Lucid Dream. 20ml, 850mAh USB\u2011C rechargeable, 0.6\u03a9 mesh coil, LED display, up to 15,000 puffs. 0\u20135% nicotine.","og_url":"https:\/\/fumot.uk\/fr\/product\/al-fakher-crown-bar-15k-puffs-lucid-dream\/","og_site_name":"Fumot Official Direct | Straight from the Factory, 100% Genuine","article_modified_time":"2026-01-21T09:22:38+00:00","og_image":[{"width":1246,"height":1390,"url":"https:\/\/fumot.uk\/wp-content\/uploads\/2026\/01\/AL-FAKHER-CROWN-BAR-15k_Lucid-Dream-Disposable-Vape.jpg","type":"image\/jpeg"}],"twitter_card":"summary_large_image","twitter_misc":{"Dur\u00e9e de lecture estim\u00e9e":"1 minute"},"schema":{"@context":"https:\/\/schema.org","@graph":[{"@type":"WebPage","@id":"https:\/\/fumot.uk\/product\/al-fakher-crown-bar-15k-puffs-lucid-dream\/","url":"https:\/\/fumot.uk\/product\/al-fakher-crown-bar-15k-puffs-lucid-dream\/","name":"AL FAKHER Crown Bar 15K Lucid Dream | Vape Jetable 20ml","isPartOf":{"@id":"https:\/\/fumot.uk\/#website"},"primaryImageOfPage":{"@id":"https:\/\/fumot.uk\/product\/al-fakher-crown-bar-15k-puffs-lucid-dream\/#primaryimage"},"image":{"@id":"https:\/\/fumot.uk\/product\/al-fakher-crown-bar-15k-puffs-lucid-dream\/#primaryimage"},"thumbnailUrl":"https:\/\/fumot.uk\/wp-content\/uploads\/2026\/01\/AL-FAKHER-CROWN-BAR-15k_Lucid-Dream-Disposable-Vape.jpg","datePublished":"2026-01-21T04:04:29+00:00","dateModified":"2026-01-21T09:22:38+00:00","description":"AL FAKHER Crown Bar 15K Lucid Dream : myrtille &amp; fruit tropical. 20ml, 850mAh USB\u2011C rechargeable, 0.6\u03a9 bobine en maille, affichage LED. 0\u20135% nicotine.","breadcrumb":{"@id":"https:\/\/fumot.uk\/product\/al-fakher-crown-bar-15k-puffs-lucid-dream\/#breadcrumb"},"inLanguage":"fr-FR","potentialAction":[{"@type":"ReadAction","target":["https:\/\/fumot.uk\/product\/al-fakher-crown-bar-15k-puffs-lucid-dream\/"]}]},{"@type":"ImageObject","inLanguage":"fr-FR","@id":"https:\/\/fumot.uk\/product\/al-fakher-crown-bar-15k-puffs-lucid-dream\/#primaryimage","url":"https:\/\/fumot.uk\/wp-content\/uploads\/2026\/01\/AL-FAKHER-CROWN-BAR-15k_Lucid-Dream-Disposable-Vape.jpg","contentUrl":"https:\/\/fumot.uk\/wp-content\/uploads\/2026\/01\/AL-FAKHER-CROWN-BAR-15k_Lucid-Dream-Disposable-Vape.jpg","width":1246,"height":1390},{"@type":"BreadcrumbList","@id":"https:\/\/fumot.uk\/product\/al-fakher-crown-bar-15k-puffs-lucid-dream\/#breadcrumb","itemListElement":[{"@type":"ListItem","position":1,"name":"Home","item":"https:\/\/fumot.uk\/"},{"@type":"ListItem","position":2,"name":"Shop","item":"https:\/\/fumot.uk\/shop\/"},{"@type":"ListItem","position":3,"name":"AL FAKHER Crown Bar 15K Puffs Lucid Dream \u2013 Blueberry &#038; Tropical Fruit Disposable Vape (20ml, 850mAh, Display)"}]},{"@type":"WebSite","@id":"https:\/\/fumot.uk\/#website","url":"https:\/\/fumot.uk\/","name":"Fumot Official Direct | Directement de l'usine, 100% Authentique","description":"Site officiel","publisher":{"@id":"https:\/\/fumot.uk\/#organization"},"potentialAction":[{"@type":"SearchAction","target":{"@type":"EntryPoint","urlTemplate":"https:\/\/fumot.uk\/?s={search_term_string}"},"query-input":{"@type":"PropertyValueSpecification","valueRequired":true,"valueName":"search_term_string"}}],"inLanguage":"fr-FR"},{"@type":"Organization","@id":"https:\/\/fumot.uk\/#organization","name":"Fumot Official Direct | Directement de l'usine, 100% Authentique","url":"https:\/\/fumot.uk\/","logo":{"@type":"ImageObject","inLanguage":"fr-FR","@id":"https:\/\/fumot.uk\/#\/schema\/logo\/image\/","url":"https:\/\/fumot.uk\/wp-content\/uploads\/2026\/01\/cropped-fumot-logo1.png","contentUrl":"https:\/\/fumot.uk\/wp-content\/uploads\/2026\/01\/cropped-fumot-logo1.png","width":152,"height":106,"caption":"Fumot Official Direct | Straight from the Factory, 100% Genuine"},"image":{"@id":"https:\/\/fumot.uk\/#\/schema\/logo\/image\/"}}]}},"_links":{"self":[{"href":"https:\/\/fumot.uk\/fr\/wp-json\/wp\/v2\/product\/3783","targetHints":{"allow":["GET"]}}],"collection":[{"href":"https:\/\/fumot.uk\/fr\/wp-json\/wp\/v2\/product"}],"about":[{"href":"https:\/\/fumot.uk\/fr\/wp-json\/wp\/v2\/types\/product"}],"replies":[{"embeddable":true,"href":"https:\/\/fumot.uk\/fr\/wp-json\/wp\/v2\/comments?post=3783"}],"wp:featuredmedia":[{"embeddable":true,"href":"https:\/\/fumot.uk\/fr\/wp-json\/wp\/v2\/media\/3813"}],"wp:attachment":[{"href":"https:\/\/fumot.uk\/fr\/wp-json\/wp\/v2\/media?parent=3783"}],"wp:term":[{"taxonomy":"product_brand","embeddable":true,"href":"https:\/\/fumot.uk\/fr\/wp-json\/wp\/v2\/product_brand?post=3783"},{"taxonomy":"product_cat","embeddable":true,"href":"https:\/\/fumot.uk\/fr\/wp-json\/wp\/v2\/product_cat?post=3783"},{"taxonomy":"product_tag","embeddable":true,"href":"https:\/\/fumot.uk\/fr\/wp-json\/wp\/v2\/product_tag?post=3783"}],"curies":[{"name":"wp","href":"https:\/\/api.w.org\/{rel}","templated":true}]}}