{"id":3781,"date":"2026-01-21T04:04:28","date_gmt":"2026-01-21T04:04:28","guid":{"rendered":"https:\/\/fumot.uk\/?post_type=product&#038;p=3781"},"modified":"2026-01-21T09:26:11","modified_gmt":"2026-01-21T09:26:11","slug":"al-fakher-crown-bar-15k-puffs-gum-mint","status":"publish","type":"product","link":"https:\/\/fumot.uk\/fr\/product\/al-fakher-crown-bar-15k-puffs-gum-mint\/","title":{"rendered":"AL FAKHER Crown Bar 15K Puffs Gum Mint \u2013 20ml Vape Jetable Rechargeable (850mAh, Type\u2011C, Display)"},"content":{"rendered":"<h3>AL FAKHER Crown Bar 15K Puffs \u2013 Gum Mint<\/h3>\n<p>Rencontrez <strong>Chewing-gum menthe<\/strong> dans le <strong>AL FAKHER Crown Bar 15K Puffs<\/strong>: une douceur de bubblegum ludique termin\u00e9e par une touche de menthe fra\u00eeche et croquante. Le r\u00e9sultat est une saveur propre et rafra\u00eechissante pour toute la journ\u00e9e qui reste douce du premier tirage au dernier.<\/p>\n<p>Con\u00e7u pour de longues sessions et une utilisation quotidienne facile, ce <strong>vape jetable rechargeable<\/strong> dispose d'un <strong>batterie rechargeable de 850mAh<\/strong> avec <strong>Charge rapide Type\u2011C<\/strong>, un g\u00e9n\u00e9reux <strong>20ml de e\u2011liquide<\/strong> capacit\u00e9 g\u00e9n\u00e9reuse, et un <strong>bobine en mesh 0.6\u03a9<\/strong> con\u00e7u pour chauffer uniform\u00e9ment pour un go\u00fbt et une vapeur constants. Le <strong>\u00e9cran int\u00e9gr\u00e9<\/strong> vous tient inform\u00e9 avec des niveaux de batterie et de e-liquide en temps r\u00e9el\u2014aucune approximation.<\/p>\n<p><strong>Profil de saveur :<\/strong> sucr\u00e9 <a href=\"https:\/\/fumot.uk\/fr\/product-tag\/gummy\/\">gommeux<\/a> notes + glac\u00e9 <a href=\"https:\/\/fumot.uk\/fr\/product-tag\/mint\/\">menthe<\/a> fra\u00eecheur.<\/p>\n<h4>Caract\u00e9ristiques cl\u00e9s<\/h4>\n<ul>\n<li><strong>Bouff\u00e9es :<\/strong> jusqu'\u00e0 15 000<\/li>\n<li><strong>Capacit\u00e9 d'e\u2011liquide :<\/strong> 20ml<\/li>\n<li><strong>Batterie :<\/strong> R\u00e9sistance en maille<\/li>\n<li><strong>Chargement :<\/strong> Type\u2011C<\/li>\n<li><strong>R\u00e9sistance :<\/strong> Bobine en maille de 0,6\u03a9<\/li>\n<li><strong>Affichage :<\/strong> indicateur de niveau de batterie et de e-liquide<\/li>\n<li><strong>Options de nicotine :<\/strong> 0% \/ 2% \/ 3% \/ 5%<\/li>\n<\/ul>\n<p>D\u00e9couvrez plus d'appareils longue dur\u00e9e dans notre <a href=\"https:\/\/fumot.uk\/fr\/product-category\/15000-puff\/\">collection de 15000 bouff\u00e9es<\/a> et trouvez votre prochaine saveur pr\u00e9f\u00e9r\u00e9e sur <a href=\"https:\/\/fumot.uk\/fr\/\">fumot.uk<\/a>.<\/p>","protected":false},"excerpt":{"rendered":"<p>Le chewing-gum sucr\u00e9 rencontre la menthe fra\u00eeche dans le AL FAKHER Crown Bar 15K. 20ml, 850mAh rechargeable (Type\u2011C), 0.6\u03a9 bobine en maille, avec affichage. Nicotine : 0\/2\/3\/5%.<\/p>","protected":false},"featured_media":3811,"comment_status":"open","ping_status":"closed","template":"","meta":[],"product_brand":[],"product_cat":[16,189,17],"product_tag":[60,20,72,23,55,25,61,26,27,62,28],"class_list":{"0":"post-3781","1":"product","2":"type-product","3":"status-publish","4":"has-post-thumbnail","6":"product_cat-15000-puff","7":"product_cat-al-fakher-crown-bar-15k-puffs","8":"product_cat-vape","9":"product_tag-20ml","10":"product_tag-850mah","11":"product_tag-direct-to-lung","12":"product_tag-display","13":"product_tag-gummy","14":"product_tag-mesh-coil","15":"product_tag-mint","16":"product_tag-rechargeable","17":"product_tag-rgb-light","18":"product_tag-sale-vape","19":"product_tag-type-c","21":"first","22":"instock","23":"sale","24":"shipping-taxable","25":"purchasable","26":"product-type-variable","27":"has-default-attributes"},"yoast_head":"<!-- This site is optimized with the Yoast SEO plugin v26.8 - https:\/\/yoast.com\/product\/yoast-seo-wordpress\/ -->\n<title>AL FAKHER Crown Bar 15K Gum Mint | 20ml Type\u2011C<\/title>\n<meta name=\"description\" content=\"AL FAKHER Crown Bar 15K Gum Mint: sweet gum + cool mint. 20ml, 850mAh rechargeable Type\u2011C, 0.6\u03a9 mesh coil, display. 0\/2\/3\/5% nicotine.\" \/>\n<meta name=\"robots\" content=\"index, follow, max-snippet:-1, max-image-preview:large, max-video-preview:-1\" \/>\n<link rel=\"canonical\" href=\"https:\/\/fumot.uk\/fr\/product\/al-fakher-crown-bar-15k-puffs-gum-mint\/\" \/>\n<meta property=\"og:locale\" content=\"fr_FR\" \/>\n<meta property=\"og:type\" content=\"article\" \/>\n<meta property=\"og:title\" content=\"Gum Mint \u2013 AL FAKHER Crown Bar 15K Puffs\" \/>\n<meta property=\"og:description\" content=\"A sweet bubblegum base with a crisp mint finish. 20ml, 850mAh Type\u2011C rechargeable, 0.6\u03a9 mesh coil and display. Up to 15,000 puffs.\" \/>\n<meta property=\"og:url\" content=\"https:\/\/fumot.uk\/fr\/product\/al-fakher-crown-bar-15k-puffs-gum-mint\/\" \/>\n<meta property=\"og:site_name\" content=\"Fumot Official Direct | Straight from the Factory, 100% Genuine\" \/>\n<meta property=\"article:modified_time\" content=\"2026-01-21T09:26:11+00:00\" \/>\n<meta property=\"og:image\" content=\"https:\/\/fumot.uk\/wp-content\/uploads\/2026\/01\/AL-FAKHER-CROWN-BAR-15k_Gum-Mint-Disposable-Vape.jpg\" \/>\n\t<meta property=\"og:image:width\" content=\"1246\" \/>\n\t<meta property=\"og:image:height\" content=\"1390\" \/>\n\t<meta property=\"og:image:type\" content=\"image\/jpeg\" \/>\n<meta name=\"twitter:card\" content=\"summary_large_image\" \/>\n<meta name=\"twitter:label1\" content=\"Dur\u00e9e de lecture estim\u00e9e\" \/>\n\t<meta name=\"twitter:data1\" content=\"1 minute\" \/>\n<script type=\"application\/ld+json\" class=\"yoast-schema-graph\">{\"@context\":\"https:\/\/schema.org\",\"@graph\":[{\"@type\":\"WebPage\",\"@id\":\"https:\/\/fumot.uk\/product\/al-fakher-crown-bar-15k-puffs-gum-mint\/\",\"url\":\"https:\/\/fumot.uk\/product\/al-fakher-crown-bar-15k-puffs-gum-mint\/\",\"name\":\"AL FAKHER Crown Bar 15K Gum Mint | 20ml Type\u2011C\",\"isPartOf\":{\"@id\":\"https:\/\/fumot.uk\/#website\"},\"primaryImageOfPage\":{\"@id\":\"https:\/\/fumot.uk\/product\/al-fakher-crown-bar-15k-puffs-gum-mint\/#primaryimage\"},\"image\":{\"@id\":\"https:\/\/fumot.uk\/product\/al-fakher-crown-bar-15k-puffs-gum-mint\/#primaryimage\"},\"thumbnailUrl\":\"https:\/\/fumot.uk\/wp-content\/uploads\/2026\/01\/AL-FAKHER-CROWN-BAR-15k_Gum-Mint-Disposable-Vape.jpg\",\"datePublished\":\"2026-01-21T04:04:28+00:00\",\"dateModified\":\"2026-01-21T09:26:11+00:00\",\"description\":\"AL FAKHER Crown Bar 15K Gum Mint: sweet gum + cool mint. 20ml, 850mAh rechargeable Type\u2011C, 0.6\u03a9 mesh coil, display. 0\/2\/3\/5% nicotine.\",\"breadcrumb\":{\"@id\":\"https:\/\/fumot.uk\/product\/al-fakher-crown-bar-15k-puffs-gum-mint\/#breadcrumb\"},\"inLanguage\":\"fr-FR\",\"potentialAction\":[{\"@type\":\"ReadAction\",\"target\":[\"https:\/\/fumot.uk\/product\/al-fakher-crown-bar-15k-puffs-gum-mint\/\"]}]},{\"@type\":\"ImageObject\",\"inLanguage\":\"fr-FR\",\"@id\":\"https:\/\/fumot.uk\/product\/al-fakher-crown-bar-15k-puffs-gum-mint\/#primaryimage\",\"url\":\"https:\/\/fumot.uk\/wp-content\/uploads\/2026\/01\/AL-FAKHER-CROWN-BAR-15k_Gum-Mint-Disposable-Vape.jpg\",\"contentUrl\":\"https:\/\/fumot.uk\/wp-content\/uploads\/2026\/01\/AL-FAKHER-CROWN-BAR-15k_Gum-Mint-Disposable-Vape.jpg\",\"width\":1246,\"height\":1390},{\"@type\":\"BreadcrumbList\",\"@id\":\"https:\/\/fumot.uk\/product\/al-fakher-crown-bar-15k-puffs-gum-mint\/#breadcrumb\",\"itemListElement\":[{\"@type\":\"ListItem\",\"position\":1,\"name\":\"Home\",\"item\":\"https:\/\/fumot.uk\/\"},{\"@type\":\"ListItem\",\"position\":2,\"name\":\"Shop\",\"item\":\"https:\/\/fumot.uk\/shop\/\"},{\"@type\":\"ListItem\",\"position\":3,\"name\":\"AL FAKHER Crown Bar 15K Puffs Gum Mint \u2013 20ml Rechargeable Disposable Vape (850mAh, Type\u2011C, Display)\"}]},{\"@type\":\"WebSite\",\"@id\":\"https:\/\/fumot.uk\/#website\",\"url\":\"https:\/\/fumot.uk\/\",\"name\":\"Fumot Official Direct | Straight from the Factory, 100% Genuine\",\"description\":\"Official Website\",\"publisher\":{\"@id\":\"https:\/\/fumot.uk\/#organization\"},\"potentialAction\":[{\"@type\":\"SearchAction\",\"target\":{\"@type\":\"EntryPoint\",\"urlTemplate\":\"https:\/\/fumot.uk\/?s={search_term_string}\"},\"query-input\":{\"@type\":\"PropertyValueSpecification\",\"valueRequired\":true,\"valueName\":\"search_term_string\"}}],\"inLanguage\":\"fr-FR\"},{\"@type\":\"Organization\",\"@id\":\"https:\/\/fumot.uk\/#organization\",\"name\":\"Fumot Official Direct | Straight from the Factory, 100% Genuine\",\"url\":\"https:\/\/fumot.uk\/\",\"logo\":{\"@type\":\"ImageObject\",\"inLanguage\":\"fr-FR\",\"@id\":\"https:\/\/fumot.uk\/#\/schema\/logo\/image\/\",\"url\":\"https:\/\/fumot.uk\/wp-content\/uploads\/2026\/01\/cropped-fumot-logo1.png\",\"contentUrl\":\"https:\/\/fumot.uk\/wp-content\/uploads\/2026\/01\/cropped-fumot-logo1.png\",\"width\":152,\"height\":106,\"caption\":\"Fumot Official Direct | Straight from the Factory, 100% Genuine\"},\"image\":{\"@id\":\"https:\/\/fumot.uk\/#\/schema\/logo\/image\/\"}}]}<\/script>\n<!-- \/ Yoast SEO plugin. -->","yoast_head_json":{"title":"AL FAKHER Crown Bar 15K Gum Mint | 20ml Type\u2011C","description":"AL FAKHER Crown Bar 15K Gum Mint : gomme sucr\u00e9e + menthe fra\u00eeche. 20ml, 850mAh rechargeable Type\u2011C, 0.6\u03a9 bobine en maille, affichage. 0\/2\/3\/5% nicotine.","robots":{"index":"index","follow":"follow","max-snippet":"max-snippet:-1","max-image-preview":"max-image-preview:large","max-video-preview":"max-video-preview:-1"},"canonical":"https:\/\/fumot.uk\/fr\/product\/al-fakher-crown-bar-15k-puffs-gum-mint\/","og_locale":"fr_FR","og_type":"article","og_title":"Gum Mint \u2013 AL FAKHER Crown Bar 15K Puffs","og_description":"A sweet bubblegum base with a crisp mint finish. 20ml, 850mAh Type\u2011C rechargeable, 0.6\u03a9 mesh coil and display. Up to 15,000 puffs.","og_url":"https:\/\/fumot.uk\/fr\/product\/al-fakher-crown-bar-15k-puffs-gum-mint\/","og_site_name":"Fumot Official Direct | Straight from the Factory, 100% Genuine","article_modified_time":"2026-01-21T09:26:11+00:00","og_image":[{"width":1246,"height":1390,"url":"https:\/\/fumot.uk\/wp-content\/uploads\/2026\/01\/AL-FAKHER-CROWN-BAR-15k_Gum-Mint-Disposable-Vape.jpg","type":"image\/jpeg"}],"twitter_card":"summary_large_image","twitter_misc":{"Dur\u00e9e de lecture estim\u00e9e":"1 minute"},"schema":{"@context":"https:\/\/schema.org","@graph":[{"@type":"WebPage","@id":"https:\/\/fumot.uk\/product\/al-fakher-crown-bar-15k-puffs-gum-mint\/","url":"https:\/\/fumot.uk\/product\/al-fakher-crown-bar-15k-puffs-gum-mint\/","name":"AL FAKHER Crown Bar 15K Gum Mint | 20ml Type\u2011C","isPartOf":{"@id":"https:\/\/fumot.uk\/#website"},"primaryImageOfPage":{"@id":"https:\/\/fumot.uk\/product\/al-fakher-crown-bar-15k-puffs-gum-mint\/#primaryimage"},"image":{"@id":"https:\/\/fumot.uk\/product\/al-fakher-crown-bar-15k-puffs-gum-mint\/#primaryimage"},"thumbnailUrl":"https:\/\/fumot.uk\/wp-content\/uploads\/2026\/01\/AL-FAKHER-CROWN-BAR-15k_Gum-Mint-Disposable-Vape.jpg","datePublished":"2026-01-21T04:04:28+00:00","dateModified":"2026-01-21T09:26:11+00:00","description":"AL FAKHER Crown Bar 15K Gum Mint : gomme sucr\u00e9e + menthe fra\u00eeche. 20ml, 850mAh rechargeable Type\u2011C, 0.6\u03a9 bobine en maille, affichage. 0\/2\/3\/5% nicotine.","breadcrumb":{"@id":"https:\/\/fumot.uk\/product\/al-fakher-crown-bar-15k-puffs-gum-mint\/#breadcrumb"},"inLanguage":"fr-FR","potentialAction":[{"@type":"ReadAction","target":["https:\/\/fumot.uk\/product\/al-fakher-crown-bar-15k-puffs-gum-mint\/"]}]},{"@type":"ImageObject","inLanguage":"fr-FR","@id":"https:\/\/fumot.uk\/product\/al-fakher-crown-bar-15k-puffs-gum-mint\/#primaryimage","url":"https:\/\/fumot.uk\/wp-content\/uploads\/2026\/01\/AL-FAKHER-CROWN-BAR-15k_Gum-Mint-Disposable-Vape.jpg","contentUrl":"https:\/\/fumot.uk\/wp-content\/uploads\/2026\/01\/AL-FAKHER-CROWN-BAR-15k_Gum-Mint-Disposable-Vape.jpg","width":1246,"height":1390},{"@type":"BreadcrumbList","@id":"https:\/\/fumot.uk\/product\/al-fakher-crown-bar-15k-puffs-gum-mint\/#breadcrumb","itemListElement":[{"@type":"ListItem","position":1,"name":"Home","item":"https:\/\/fumot.uk\/"},{"@type":"ListItem","position":2,"name":"Shop","item":"https:\/\/fumot.uk\/shop\/"},{"@type":"ListItem","position":3,"name":"AL FAKHER Crown Bar 15K Puffs Gum Mint \u2013 20ml Rechargeable Disposable Vape (850mAh, Type\u2011C, Display)"}]},{"@type":"WebSite","@id":"https:\/\/fumot.uk\/#website","url":"https:\/\/fumot.uk\/","name":"Fumot Official Direct | Directement de l'usine, 100% Authentique","description":"Site officiel","publisher":{"@id":"https:\/\/fumot.uk\/#organization"},"potentialAction":[{"@type":"SearchAction","target":{"@type":"EntryPoint","urlTemplate":"https:\/\/fumot.uk\/?s={search_term_string}"},"query-input":{"@type":"PropertyValueSpecification","valueRequired":true,"valueName":"search_term_string"}}],"inLanguage":"fr-FR"},{"@type":"Organization","@id":"https:\/\/fumot.uk\/#organization","name":"Fumot Official Direct | Directement de l'usine, 100% Authentique","url":"https:\/\/fumot.uk\/","logo":{"@type":"ImageObject","inLanguage":"fr-FR","@id":"https:\/\/fumot.uk\/#\/schema\/logo\/image\/","url":"https:\/\/fumot.uk\/wp-content\/uploads\/2026\/01\/cropped-fumot-logo1.png","contentUrl":"https:\/\/fumot.uk\/wp-content\/uploads\/2026\/01\/cropped-fumot-logo1.png","width":152,"height":106,"caption":"Fumot Official Direct | Straight from the Factory, 100% Genuine"},"image":{"@id":"https:\/\/fumot.uk\/#\/schema\/logo\/image\/"}}]}},"_links":{"self":[{"href":"https:\/\/fumot.uk\/fr\/wp-json\/wp\/v2\/product\/3781","targetHints":{"allow":["GET"]}}],"collection":[{"href":"https:\/\/fumot.uk\/fr\/wp-json\/wp\/v2\/product"}],"about":[{"href":"https:\/\/fumot.uk\/fr\/wp-json\/wp\/v2\/types\/product"}],"replies":[{"embeddable":true,"href":"https:\/\/fumot.uk\/fr\/wp-json\/wp\/v2\/comments?post=3781"}],"wp:featuredmedia":[{"embeddable":true,"href":"https:\/\/fumot.uk\/fr\/wp-json\/wp\/v2\/media\/3811"}],"wp:attachment":[{"href":"https:\/\/fumot.uk\/fr\/wp-json\/wp\/v2\/media?parent=3781"}],"wp:term":[{"taxonomy":"product_brand","embeddable":true,"href":"https:\/\/fumot.uk\/fr\/wp-json\/wp\/v2\/product_brand?post=3781"},{"taxonomy":"product_cat","embeddable":true,"href":"https:\/\/fumot.uk\/fr\/wp-json\/wp\/v2\/product_cat?post=3781"},{"taxonomy":"product_tag","embeddable":true,"href":"https:\/\/fumot.uk\/fr\/wp-json\/wp\/v2\/product_tag?post=3781"}],"curies":[{"name":"wp","href":"https:\/\/api.w.org\/{rel}","templated":true}]}}