{"id":3780,"date":"2026-01-21T04:04:28","date_gmt":"2026-01-21T04:04:28","guid":{"rendered":"https:\/\/fumot.uk\/?post_type=product&#038;p=3780"},"modified":"2026-01-21T09:25:34","modified_gmt":"2026-01-21T09:25:34","slug":"al-fakher-crown-bar-15k-puffs-grape-mint","status":"publish","type":"product","link":"https:\/\/fumot.uk\/fr\/product\/al-fakher-crown-bar-15k-puffs-grape-mint\/","title":{"rendered":"AL FAKHER Crown Bar 15K Puffs Vape Jetable \u2013 Grape Mint, 20ml, Rechargeable Type\u2011C, Smart LED Display"},"content":{"rendered":"<h3>AL FAKHER Crown Bar 15K Puffs \u2013 Raisin Menthe<\/h3>\n<p><strong>AL FAKHER Crown Bar 15K Puffs Raisin Menthe<\/strong> est une vape jetable haute capacit\u00e9 con\u00e7ue pour de longues sessions et une saveur propre et constante. Avec jusqu'\u00e0 <strong>15 000 bouff\u00e9es<\/strong>, un g\u00e9n\u00e9reux <strong>capacit\u00e9 de 20ml de e\u2011liquide<\/strong>, et un <strong>bobine en mesh 0.6\u03a9<\/strong>, il d\u00e9livre une vapeur dense et un go\u00fbt net du premier au dernier tirage.<\/p>\n<p>Le profil de saveur est lumineux et rafra\u00eechissant : juteux <strong>douceur de raisin<\/strong> \u00e9quilibr\u00e9e par une fra\u00eeche <strong>finition menthol\u00e9e<\/strong>. C'est une option facile \u00e0 utiliser toute la journ\u00e9e si vous aimez les m\u00e9langes fruit\u00e9s avec un arri\u00e8re-go\u00fbt frais.<\/p>\n<p>Con\u00e7u pour la commodit\u00e9, il dispose d'un <strong>Batterie rechargeable 850mAh<\/strong> avec <strong>Charge rapide Type\u2011C<\/strong>. L'int\u00e9gr\u00e9e <strong>Affichage intelligent LED<\/strong> vous aide \u00e0 suivre les niveaux de batterie et de e-liquide d'un coup d'\u0153il\u2014vous n'avez donc pas \u00e0 deviner quand il est temps de recharger.<\/p>\n<p>Explorez plus de saveurs et d'appareils sur <a href=\"https:\/\/fumot.uk\/fr\/\">fumot.uk<\/a> et parcourez notre collection de <a href=\"https:\/\/fumot.uk\/fr\/product-tag\/smart-display\/\">vapes \u00e0 Affichage Intelligent<\/a> pour une utilisation quotidienne plus facile.<\/p>\n<h4>Caract\u00e9ristiques cl\u00e9s<\/h4>\n<ul>\n<li><strong>Bouff\u00e9es :<\/strong> Jusqu'\u00e0 15 000<\/li>\n<li><strong>Capacit\u00e9 d'e\u2011liquide :<\/strong> 20ml<\/li>\n<li><strong>R\u00e9sistance :<\/strong> Bobine en maille de 0,6\u03a9<\/li>\n<li><strong>Batterie :<\/strong> 850mAh (Rechargeable)<\/li>\n<li><strong>Chargement :<\/strong> Type\u2011C<\/li>\n<li><strong>Affichage :<\/strong> \u00c9cran LED intelligent (indicateurs de batterie et de liquide)<\/li>\n<li><strong>Forces de nicotine :<\/strong> 0% \/ 2% \/ 3% \/ 5%<\/li>\n<\/ul>\n<h4>Pourquoi vous aimerez Raisin Menthe<\/h4>\n<ul>\n<li>Raisin sucr\u00e9 en premier plan avec une expiration menthol\u00e9e rafra\u00eechissante<\/li>\n<li>Go\u00fbt \u00e9quilibr\u00e9 et rafra\u00eechissant\u2014id\u00e9al pour une utilisation quotidienne<\/li>\n<li>La bobine en maille aide \u00e0 maintenir la coh\u00e9rence de la saveur<\/li>\n<\/ul>\n<p><em>Remarque :<\/em> Le nombre de bouff\u00e9es peut varier selon les habitudes d'utilisation.<\/p>","protected":false},"excerpt":{"rendered":"<p>AL FAKHER Crown Bar 15K Puffs en Raisin Menthe : raisin juteux avec une finition menthe fra\u00eeche, 20ml e\u2011liquide, batterie rechargeable 850mAh Type\u2011C, bobine en maille 0.6\u03a9, et affichage intelligent LED.<\/p>","protected":false},"featured_media":3810,"comment_status":"open","ping_status":"closed","template":"","meta":[],"product_brand":[],"product_cat":[16,189,17],"product_tag":[60,20,72,23,39,25,61,26,27,62,28],"class_list":{"0":"post-3780","1":"product","2":"type-product","3":"status-publish","4":"has-post-thumbnail","6":"product_cat-15000-puff","7":"product_cat-al-fakher-crown-bar-15k-puffs","8":"product_cat-vape","9":"product_tag-20ml","10":"product_tag-850mah","11":"product_tag-direct-to-lung","12":"product_tag-display","13":"product_tag-grape","14":"product_tag-mesh-coil","15":"product_tag-mint","16":"product_tag-rechargeable","17":"product_tag-rgb-light","18":"product_tag-sale-vape","19":"product_tag-type-c","21":"first","22":"instock","23":"sale","24":"shipping-taxable","25":"purchasable","26":"product-type-variable","27":"has-default-attributes"},"yoast_head":"<!-- This site is optimized with the Yoast SEO plugin v26.8 - https:\/\/yoast.com\/product\/yoast-seo-wordpress\/ -->\n<title>AL FAKHER Crown Bar 15K Grape Mint | 20ml Smart Display<\/title>\n<meta name=\"description\" content=\"AL FAKHER Crown Bar 15K Puffs Grape Mint disposable vape with 20ml, 850mAh Type\u2011C rechargeable battery, 0.6\u03a9 mesh coil and LED smart display. 0-5% nicotine.\" \/>\n<meta name=\"robots\" content=\"index, follow, max-snippet:-1, max-image-preview:large, max-video-preview:-1\" \/>\n<link rel=\"canonical\" href=\"https:\/\/fumot.uk\/fr\/product\/al-fakher-crown-bar-15k-puffs-grape-mint\/\" \/>\n<meta property=\"og:locale\" content=\"fr_FR\" \/>\n<meta property=\"og:type\" content=\"article\" \/>\n<meta property=\"og:title\" content=\"AL FAKHER Crown Bar 15K Puffs \u2013 Grape Mint\" \/>\n<meta property=\"og:description\" content=\"Juicy grape meets cool mint in a long-lasting 15K puff device with 20ml capacity, Type\u2011C recharging, 0.6\u03a9 mesh coil, and an LED smart display.\" \/>\n<meta property=\"og:url\" content=\"https:\/\/fumot.uk\/fr\/product\/al-fakher-crown-bar-15k-puffs-grape-mint\/\" \/>\n<meta property=\"og:site_name\" content=\"Fumot Official Direct | Straight from the Factory, 100% Genuine\" \/>\n<meta property=\"article:modified_time\" content=\"2026-01-21T09:25:34+00:00\" \/>\n<meta property=\"og:image\" content=\"https:\/\/fumot.uk\/wp-content\/uploads\/2026\/01\/AL-FAKHER-CROWN-BAR-15k_Grape-Mint-Disposable-Vape.jpg\" \/>\n\t<meta property=\"og:image:width\" content=\"1246\" \/>\n\t<meta property=\"og:image:height\" content=\"1390\" \/>\n\t<meta property=\"og:image:type\" content=\"image\/jpeg\" \/>\n<meta name=\"twitter:card\" content=\"summary_large_image\" \/>\n<meta name=\"twitter:label1\" content=\"Dur\u00e9e de lecture estim\u00e9e\" \/>\n\t<meta name=\"twitter:data1\" content=\"1 minute\" \/>\n<script type=\"application\/ld+json\" class=\"yoast-schema-graph\">{\"@context\":\"https:\/\/schema.org\",\"@graph\":[{\"@type\":\"WebPage\",\"@id\":\"https:\/\/fumot.uk\/product\/al-fakher-crown-bar-15k-puffs-grape-mint\/\",\"url\":\"https:\/\/fumot.uk\/product\/al-fakher-crown-bar-15k-puffs-grape-mint\/\",\"name\":\"AL FAKHER Crown Bar 15K Grape Mint | 20ml Smart Display\",\"isPartOf\":{\"@id\":\"https:\/\/fumot.uk\/#website\"},\"primaryImageOfPage\":{\"@id\":\"https:\/\/fumot.uk\/product\/al-fakher-crown-bar-15k-puffs-grape-mint\/#primaryimage\"},\"image\":{\"@id\":\"https:\/\/fumot.uk\/product\/al-fakher-crown-bar-15k-puffs-grape-mint\/#primaryimage\"},\"thumbnailUrl\":\"https:\/\/fumot.uk\/wp-content\/uploads\/2026\/01\/AL-FAKHER-CROWN-BAR-15k_Grape-Mint-Disposable-Vape.jpg\",\"datePublished\":\"2026-01-21T04:04:28+00:00\",\"dateModified\":\"2026-01-21T09:25:34+00:00\",\"description\":\"AL FAKHER Crown Bar 15K Puffs Grape Mint disposable vape with 20ml, 850mAh Type\u2011C rechargeable battery, 0.6\u03a9 mesh coil and LED smart display. 0-5% nicotine.\",\"breadcrumb\":{\"@id\":\"https:\/\/fumot.uk\/product\/al-fakher-crown-bar-15k-puffs-grape-mint\/#breadcrumb\"},\"inLanguage\":\"fr-FR\",\"potentialAction\":[{\"@type\":\"ReadAction\",\"target\":[\"https:\/\/fumot.uk\/product\/al-fakher-crown-bar-15k-puffs-grape-mint\/\"]}]},{\"@type\":\"ImageObject\",\"inLanguage\":\"fr-FR\",\"@id\":\"https:\/\/fumot.uk\/product\/al-fakher-crown-bar-15k-puffs-grape-mint\/#primaryimage\",\"url\":\"https:\/\/fumot.uk\/wp-content\/uploads\/2026\/01\/AL-FAKHER-CROWN-BAR-15k_Grape-Mint-Disposable-Vape.jpg\",\"contentUrl\":\"https:\/\/fumot.uk\/wp-content\/uploads\/2026\/01\/AL-FAKHER-CROWN-BAR-15k_Grape-Mint-Disposable-Vape.jpg\",\"width\":1246,\"height\":1390},{\"@type\":\"BreadcrumbList\",\"@id\":\"https:\/\/fumot.uk\/product\/al-fakher-crown-bar-15k-puffs-grape-mint\/#breadcrumb\",\"itemListElement\":[{\"@type\":\"ListItem\",\"position\":1,\"name\":\"Home\",\"item\":\"https:\/\/fumot.uk\/\"},{\"@type\":\"ListItem\",\"position\":2,\"name\":\"Shop\",\"item\":\"https:\/\/fumot.uk\/shop\/\"},{\"@type\":\"ListItem\",\"position\":3,\"name\":\"AL FAKHER Crown Bar 15K Puffs Disposable Vape \u2013 Grape Mint, 20ml, Rechargeable Type\u2011C, Smart LED Display\"}]},{\"@type\":\"WebSite\",\"@id\":\"https:\/\/fumot.uk\/#website\",\"url\":\"https:\/\/fumot.uk\/\",\"name\":\"Fumot Official Direct | Straight from the Factory, 100% Genuine\",\"description\":\"Official Website\",\"publisher\":{\"@id\":\"https:\/\/fumot.uk\/#organization\"},\"potentialAction\":[{\"@type\":\"SearchAction\",\"target\":{\"@type\":\"EntryPoint\",\"urlTemplate\":\"https:\/\/fumot.uk\/?s={search_term_string}\"},\"query-input\":{\"@type\":\"PropertyValueSpecification\",\"valueRequired\":true,\"valueName\":\"search_term_string\"}}],\"inLanguage\":\"fr-FR\"},{\"@type\":\"Organization\",\"@id\":\"https:\/\/fumot.uk\/#organization\",\"name\":\"Fumot Official Direct | Straight from the Factory, 100% Genuine\",\"url\":\"https:\/\/fumot.uk\/\",\"logo\":{\"@type\":\"ImageObject\",\"inLanguage\":\"fr-FR\",\"@id\":\"https:\/\/fumot.uk\/#\/schema\/logo\/image\/\",\"url\":\"https:\/\/fumot.uk\/wp-content\/uploads\/2026\/01\/cropped-fumot-logo1.png\",\"contentUrl\":\"https:\/\/fumot.uk\/wp-content\/uploads\/2026\/01\/cropped-fumot-logo1.png\",\"width\":152,\"height\":106,\"caption\":\"Fumot Official Direct | Straight from the Factory, 100% Genuine\"},\"image\":{\"@id\":\"https:\/\/fumot.uk\/#\/schema\/logo\/image\/\"}}]}<\/script>\n<!-- \/ Yoast SEO plugin. -->","yoast_head_json":{"title":"AL FAKHER Crown Bar 15K Raisin Menthe | 20ml Smart Display","description":"AL FAKHER Crown Bar 15K Puffs Grape Mint vape jetable avec 20ml, batterie rechargeable 850mAh Type\u2011C, bobine en mesh 0.6\u03a9 et \u00e9cran intelligent LED. 0-5% nicotine.","robots":{"index":"index","follow":"follow","max-snippet":"max-snippet:-1","max-image-preview":"max-image-preview:large","max-video-preview":"max-video-preview:-1"},"canonical":"https:\/\/fumot.uk\/fr\/product\/al-fakher-crown-bar-15k-puffs-grape-mint\/","og_locale":"fr_FR","og_type":"article","og_title":"AL FAKHER Crown Bar 15K Puffs \u2013 Grape Mint","og_description":"Juicy grape meets cool mint in a long-lasting 15K puff device with 20ml capacity, Type\u2011C recharging, 0.6\u03a9 mesh coil, and an LED smart display.","og_url":"https:\/\/fumot.uk\/fr\/product\/al-fakher-crown-bar-15k-puffs-grape-mint\/","og_site_name":"Fumot Official Direct | Straight from the Factory, 100% Genuine","article_modified_time":"2026-01-21T09:25:34+00:00","og_image":[{"width":1246,"height":1390,"url":"https:\/\/fumot.uk\/wp-content\/uploads\/2026\/01\/AL-FAKHER-CROWN-BAR-15k_Grape-Mint-Disposable-Vape.jpg","type":"image\/jpeg"}],"twitter_card":"summary_large_image","twitter_misc":{"Dur\u00e9e de lecture estim\u00e9e":"1 minute"},"schema":{"@context":"https:\/\/schema.org","@graph":[{"@type":"WebPage","@id":"https:\/\/fumot.uk\/product\/al-fakher-crown-bar-15k-puffs-grape-mint\/","url":"https:\/\/fumot.uk\/product\/al-fakher-crown-bar-15k-puffs-grape-mint\/","name":"AL FAKHER Crown Bar 15K Raisin Menthe | 20ml Smart Display","isPartOf":{"@id":"https:\/\/fumot.uk\/#website"},"primaryImageOfPage":{"@id":"https:\/\/fumot.uk\/product\/al-fakher-crown-bar-15k-puffs-grape-mint\/#primaryimage"},"image":{"@id":"https:\/\/fumot.uk\/product\/al-fakher-crown-bar-15k-puffs-grape-mint\/#primaryimage"},"thumbnailUrl":"https:\/\/fumot.uk\/wp-content\/uploads\/2026\/01\/AL-FAKHER-CROWN-BAR-15k_Grape-Mint-Disposable-Vape.jpg","datePublished":"2026-01-21T04:04:28+00:00","dateModified":"2026-01-21T09:25:34+00:00","description":"AL FAKHER Crown Bar 15K Puffs Grape Mint vape jetable avec 20ml, batterie rechargeable 850mAh Type\u2011C, bobine en mesh 0.6\u03a9 et \u00e9cran intelligent LED. 0-5% nicotine.","breadcrumb":{"@id":"https:\/\/fumot.uk\/product\/al-fakher-crown-bar-15k-puffs-grape-mint\/#breadcrumb"},"inLanguage":"fr-FR","potentialAction":[{"@type":"ReadAction","target":["https:\/\/fumot.uk\/product\/al-fakher-crown-bar-15k-puffs-grape-mint\/"]}]},{"@type":"ImageObject","inLanguage":"fr-FR","@id":"https:\/\/fumot.uk\/product\/al-fakher-crown-bar-15k-puffs-grape-mint\/#primaryimage","url":"https:\/\/fumot.uk\/wp-content\/uploads\/2026\/01\/AL-FAKHER-CROWN-BAR-15k_Grape-Mint-Disposable-Vape.jpg","contentUrl":"https:\/\/fumot.uk\/wp-content\/uploads\/2026\/01\/AL-FAKHER-CROWN-BAR-15k_Grape-Mint-Disposable-Vape.jpg","width":1246,"height":1390},{"@type":"BreadcrumbList","@id":"https:\/\/fumot.uk\/product\/al-fakher-crown-bar-15k-puffs-grape-mint\/#breadcrumb","itemListElement":[{"@type":"ListItem","position":1,"name":"Home","item":"https:\/\/fumot.uk\/"},{"@type":"ListItem","position":2,"name":"Shop","item":"https:\/\/fumot.uk\/shop\/"},{"@type":"ListItem","position":3,"name":"AL FAKHER Crown Bar 15K Puffs Disposable Vape \u2013 Grape Mint, 20ml, Rechargeable Type\u2011C, Smart LED Display"}]},{"@type":"WebSite","@id":"https:\/\/fumot.uk\/#website","url":"https:\/\/fumot.uk\/","name":"Fumot Official Direct | Directement de l'usine, 100% Authentique","description":"Site officiel","publisher":{"@id":"https:\/\/fumot.uk\/#organization"},"potentialAction":[{"@type":"SearchAction","target":{"@type":"EntryPoint","urlTemplate":"https:\/\/fumot.uk\/?s={search_term_string}"},"query-input":{"@type":"PropertyValueSpecification","valueRequired":true,"valueName":"search_term_string"}}],"inLanguage":"fr-FR"},{"@type":"Organization","@id":"https:\/\/fumot.uk\/#organization","name":"Fumot Official Direct | Directement de l'usine, 100% Authentique","url":"https:\/\/fumot.uk\/","logo":{"@type":"ImageObject","inLanguage":"fr-FR","@id":"https:\/\/fumot.uk\/#\/schema\/logo\/image\/","url":"https:\/\/fumot.uk\/wp-content\/uploads\/2026\/01\/cropped-fumot-logo1.png","contentUrl":"https:\/\/fumot.uk\/wp-content\/uploads\/2026\/01\/cropped-fumot-logo1.png","width":152,"height":106,"caption":"Fumot Official Direct | Straight from the Factory, 100% Genuine"},"image":{"@id":"https:\/\/fumot.uk\/#\/schema\/logo\/image\/"}}]}},"_links":{"self":[{"href":"https:\/\/fumot.uk\/fr\/wp-json\/wp\/v2\/product\/3780","targetHints":{"allow":["GET"]}}],"collection":[{"href":"https:\/\/fumot.uk\/fr\/wp-json\/wp\/v2\/product"}],"about":[{"href":"https:\/\/fumot.uk\/fr\/wp-json\/wp\/v2\/types\/product"}],"replies":[{"embeddable":true,"href":"https:\/\/fumot.uk\/fr\/wp-json\/wp\/v2\/comments?post=3780"}],"wp:featuredmedia":[{"embeddable":true,"href":"https:\/\/fumot.uk\/fr\/wp-json\/wp\/v2\/media\/3810"}],"wp:attachment":[{"href":"https:\/\/fumot.uk\/fr\/wp-json\/wp\/v2\/media?parent=3780"}],"wp:term":[{"taxonomy":"product_brand","embeddable":true,"href":"https:\/\/fumot.uk\/fr\/wp-json\/wp\/v2\/product_brand?post=3780"},{"taxonomy":"product_cat","embeddable":true,"href":"https:\/\/fumot.uk\/fr\/wp-json\/wp\/v2\/product_cat?post=3780"},{"taxonomy":"product_tag","embeddable":true,"href":"https:\/\/fumot.uk\/fr\/wp-json\/wp\/v2\/product_tag?post=3780"}],"curies":[{"name":"wp","href":"https:\/\/api.w.org\/{rel}","templated":true}]}}