{"id":375,"date":"2026-01-20T02:43:44","date_gmt":"2026-01-20T02:43:44","guid":{"rendered":"https:\/\/fumot.uk\/?post_type=product&#038;p=375"},"modified":"2026-01-20T07:05:58","modified_gmt":"2026-01-20T07:05:58","slug":"blueberry-bubblegum-randm-tornado-12000-puffs","status":"publish","type":"product","link":"https:\/\/fumot.uk\/fr\/product\/blueberry-bubblegum-randm-tornado-12000-puffs\/","title":{"rendered":"Vape jetable R&amp;M Tornado 12000 Myrtille Bubblegum (20ml, 850mAh, Affichage)"},"content":{"rendered":"<p><strong>R&amp;M Tornado 12000 Puffs \u2013 Blueberry Bubblegum<\/strong> est fait pour les vapoteurs qui veulent une saveur audacieuse, un look \u00e9pur\u00e9 et une configuration facile pour toute la journ\u00e9e. Avec jusqu'\u00e0 <strong>12 000 bouff\u00e9es<\/strong>, un grand <strong>Capacit\u00e9 de 20ml de e-liquide<\/strong>, et une <strong>batterie rechargeable 850mAh<\/strong>, il est con\u00e7u pour garder vos sessions fluides et coh\u00e9rentes.<\/p>\n<p>Le <strong>affichage LED<\/strong> int\u00e9gr\u00e9 vous aide \u00e0 garder le contr\u00f4le en un coup d'\u0153il\u2014montrant \u00e0 la fois <strong>batterie<\/strong> et <strong>niveau de e-liquide<\/strong>. \u00c0 l'int\u00e9rieur, <strong>bobine en maille<\/strong> la technologie soutient un chauffage uniforme pour un go\u00fbt riche et une vapeur constante du premier au dernier tirage.<\/p>\n<h3>Saveur : Blueberry Bubblegum<\/h3>\n<p>Douce, juteuse <strong>myrtille<\/strong> rencontre ce classique <strong>bubblegum<\/strong> twist\u2014doux, semblable \u00e0 un bonbon, et agr\u00e9ablement nostalgique. Le r\u00e9sultat est une vape de style dessert fruit\u00e9 qui reste l\u00e9g\u00e8re et agr\u00e9able sans \u00eatre lourde.<\/p>\n<h3>Caract\u00e9ristiques cl\u00e9s<\/h3>\n<ul>\n<li><strong>Bouff\u00e9es :<\/strong> Jusqu'\u00e0 12 000<\/li>\n<li><strong>Capacit\u00e9 de e-liquide :<\/strong> 20ml<\/li>\n<li><strong>Options de sel de nicotine :<\/strong> 0% \/ 2% \/ 3% \/ 5%<\/li>\n<li><strong>Batterie :<\/strong> 850mAh rechargeable<\/li>\n<li><strong>Chargement :<\/strong> Type-C<\/li>\n<li><strong>R\u00e9sistance :<\/strong> Bobine en maille<\/li>\n<li><strong>Affichage :<\/strong> RandM Tornado 12000 Puffs Glace Noire (Menthe + M\u00fbre)<\/li>\n<li><strong>Gamme :<\/strong> 40 saveurs disponibles (varie selon le stock)<\/li>\n<\/ul>\n<p>D\u00e9couvrez plus de saveurs et de best-sellers sur <strong><a href=\"https:\/\/fumot.uk\/fr\/\">fumot.uk<\/a><\/strong>, ou parcourez la gamme compl\u00e8te dans notre <strong><a href=\"https:\/\/fumot.uk\/fr\/product-category\/randm-tornado-12000-puffs\/\">collection R&amp;M Tornado 12000<\/a><\/strong>. Vous cherchez plus de <strong><a href=\"https:\/\/fumot.uk\/fr\/product-tag\/20ml\/\">vapes jetables de 20ml<\/a><\/strong>? Nous avons plein d'options pour correspondre \u00e0 vos go\u00fbts.<\/p>","protected":false},"excerpt":{"rendered":"<p>R&amp;M Tornado 12000 Blueberry Bubblegum : myrtille sucr\u00e9e avec une finition classique de chewing-gum. 20ml, bobine en mesh, affichage LED, 850mAh rechargeable (Type\u2011C). Jusqu'\u00e0 12 000 bouff\u00e9es.<\/p>","protected":false},"featured_media":417,"comment_status":"open","ping_status":"closed","template":"","meta":[],"product_brand":[],"product_cat":[58,59,17],"product_tag":[60,20,33,49,23,25,26,62,28],"class_list":{"0":"post-375","1":"product","2":"type-product","3":"status-publish","4":"has-post-thumbnail","6":"product_cat-12000-puff","7":"product_cat-randm-tornado-12000-puffs","8":"product_cat-vape","9":"product_tag-20ml","10":"product_tag-850mah","11":"product_tag-blueberry","12":"product_tag-bubblegum","13":"product_tag-display","14":"product_tag-mesh-coil","15":"product_tag-rechargeable","16":"product_tag-sale-vape","17":"product_tag-type-c","19":"first","20":"instock","21":"sale","22":"shipping-taxable","23":"purchasable","24":"product-type-variable","25":"has-default-attributes"},"yoast_head":"<!-- This site is optimized with the Yoast SEO plugin v26.8 - https:\/\/yoast.com\/product\/yoast-seo-wordpress\/ -->\n<title>R&amp;M Tornado 12000 Blueberry Bubblegum | 20ml, Display<\/title>\n<meta name=\"description\" content=\"Shop R&amp;M Tornado 12000 Blueberry Bubblegum at fumot.uk: up to 12,000 puffs, 20ml, mesh coil, LED display, 850mAh rechargeable Type\u2011C. 0\/2\/3\/5%.\" \/>\n<meta name=\"robots\" content=\"index, follow, max-snippet:-1, max-image-preview:large, max-video-preview:-1\" \/>\n<link rel=\"canonical\" href=\"https:\/\/fumot.uk\/fr\/product\/blueberry-bubblegum-randm-tornado-12000-puffs\/\" \/>\n<meta property=\"og:locale\" content=\"fr_FR\" \/>\n<meta property=\"og:type\" content=\"article\" \/>\n<meta property=\"og:title\" content=\"R&amp;M Tornado 12000 Blueberry Bubblegum (12,000 Puffs)\" \/>\n<meta property=\"og:description\" content=\"Sweet blueberry meets classic bubblegum. 20ml capacity, mesh coil, LED battery\/e-liquid display, 850mAh rechargeable Type\u2011C. Available in 0\/2\/3\/5%.\" \/>\n<meta property=\"og:url\" content=\"https:\/\/fumot.uk\/fr\/product\/blueberry-bubblegum-randm-tornado-12000-puffs\/\" \/>\n<meta property=\"og:site_name\" content=\"Fumot Official Direct | Straight from the Factory, 100% Genuine\" \/>\n<meta property=\"article:modified_time\" content=\"2026-01-20T07:05:58+00:00\" \/>\n<meta property=\"og:image\" content=\"https:\/\/fumot.uk\/wp-content\/uploads\/2026\/01\/Randm-Tornado-12000-Puffs-Blueberry-bubblegum-Disposable-Vape-scaled-1.jpg\" \/>\n\t<meta property=\"og:image:width\" content=\"2560\" \/>\n\t<meta property=\"og:image:height\" content=\"2560\" \/>\n\t<meta property=\"og:image:type\" content=\"image\/jpeg\" \/>\n<meta name=\"twitter:card\" content=\"summary_large_image\" \/>\n<meta name=\"twitter:label1\" content=\"Dur\u00e9e de lecture estim\u00e9e\" \/>\n\t<meta name=\"twitter:data1\" content=\"2 minutes\" \/>\n<script type=\"application\/ld+json\" class=\"yoast-schema-graph\">{\"@context\":\"https:\/\/schema.org\",\"@graph\":[{\"@type\":\"WebPage\",\"@id\":\"https:\/\/fumot.uk\/product\/blueberry-bubblegum-randm-tornado-12000-puffs\/\",\"url\":\"https:\/\/fumot.uk\/product\/blueberry-bubblegum-randm-tornado-12000-puffs\/\",\"name\":\"R&M Tornado 12000 Blueberry Bubblegum | 20ml, Display\",\"isPartOf\":{\"@id\":\"https:\/\/fumot.uk\/#website\"},\"primaryImageOfPage\":{\"@id\":\"https:\/\/fumot.uk\/product\/blueberry-bubblegum-randm-tornado-12000-puffs\/#primaryimage\"},\"image\":{\"@id\":\"https:\/\/fumot.uk\/product\/blueberry-bubblegum-randm-tornado-12000-puffs\/#primaryimage\"},\"thumbnailUrl\":\"https:\/\/fumot.uk\/wp-content\/uploads\/2026\/01\/Randm-Tornado-12000-Puffs-Blueberry-bubblegum-Disposable-Vape-scaled-1.jpg\",\"datePublished\":\"2026-01-20T02:43:44+00:00\",\"dateModified\":\"2026-01-20T07:05:58+00:00\",\"description\":\"Shop R&M Tornado 12000 Blueberry Bubblegum at fumot.uk: up to 12,000 puffs, 20ml, mesh coil, LED display, 850mAh rechargeable Type\u2011C. 0\/2\/3\/5%.\",\"breadcrumb\":{\"@id\":\"https:\/\/fumot.uk\/product\/blueberry-bubblegum-randm-tornado-12000-puffs\/#breadcrumb\"},\"inLanguage\":\"fr-FR\",\"potentialAction\":[{\"@type\":\"ReadAction\",\"target\":[\"https:\/\/fumot.uk\/product\/blueberry-bubblegum-randm-tornado-12000-puffs\/\"]}]},{\"@type\":\"ImageObject\",\"inLanguage\":\"fr-FR\",\"@id\":\"https:\/\/fumot.uk\/product\/blueberry-bubblegum-randm-tornado-12000-puffs\/#primaryimage\",\"url\":\"https:\/\/fumot.uk\/wp-content\/uploads\/2026\/01\/Randm-Tornado-12000-Puffs-Blueberry-bubblegum-Disposable-Vape-scaled-1.jpg\",\"contentUrl\":\"https:\/\/fumot.uk\/wp-content\/uploads\/2026\/01\/Randm-Tornado-12000-Puffs-Blueberry-bubblegum-Disposable-Vape-scaled-1.jpg\",\"width\":2560,\"height\":2560},{\"@type\":\"BreadcrumbList\",\"@id\":\"https:\/\/fumot.uk\/product\/blueberry-bubblegum-randm-tornado-12000-puffs\/#breadcrumb\",\"itemListElement\":[{\"@type\":\"ListItem\",\"position\":1,\"name\":\"Home\",\"item\":\"https:\/\/fumot.uk\/\"},{\"@type\":\"ListItem\",\"position\":2,\"name\":\"Shop\",\"item\":\"https:\/\/fumot.uk\/shop\/\"},{\"@type\":\"ListItem\",\"position\":3,\"name\":\"R&#038;M Tornado 12000 Blueberry Bubblegum Disposable Vape (20ml, 850mAh, Display)\"}]},{\"@type\":\"WebSite\",\"@id\":\"https:\/\/fumot.uk\/#website\",\"url\":\"https:\/\/fumot.uk\/\",\"name\":\"Fumot Official Direct | Straight from the Factory, 100% Genuine\",\"description\":\"Official Website\",\"publisher\":{\"@id\":\"https:\/\/fumot.uk\/#organization\"},\"potentialAction\":[{\"@type\":\"SearchAction\",\"target\":{\"@type\":\"EntryPoint\",\"urlTemplate\":\"https:\/\/fumot.uk\/?s={search_term_string}\"},\"query-input\":{\"@type\":\"PropertyValueSpecification\",\"valueRequired\":true,\"valueName\":\"search_term_string\"}}],\"inLanguage\":\"fr-FR\"},{\"@type\":\"Organization\",\"@id\":\"https:\/\/fumot.uk\/#organization\",\"name\":\"Fumot Official Direct | Straight from the Factory, 100% Genuine\",\"url\":\"https:\/\/fumot.uk\/\",\"logo\":{\"@type\":\"ImageObject\",\"inLanguage\":\"fr-FR\",\"@id\":\"https:\/\/fumot.uk\/#\/schema\/logo\/image\/\",\"url\":\"https:\/\/fumot.uk\/wp-content\/uploads\/2026\/01\/cropped-fumot-logo1.png\",\"contentUrl\":\"https:\/\/fumot.uk\/wp-content\/uploads\/2026\/01\/cropped-fumot-logo1.png\",\"width\":152,\"height\":106,\"caption\":\"Fumot Official Direct | Straight from the Factory, 100% Genuine\"},\"image\":{\"@id\":\"https:\/\/fumot.uk\/#\/schema\/logo\/image\/\"}}]}<\/script>\n<!-- \/ Yoast SEO plugin. -->","yoast_head_json":{"title":"R&amp;M Tornado 12000 Bubblegum Myrtille | 20ml, Pr\u00e9sentoir","description":"Achetez R&amp;M Tornado 12000 Blueberry Bubblegum sur fumot.uk : jusqu'\u00e0 12 000 bouff\u00e9es, 20 ml, bobine en maille, affichage LED, 850 mAh rechargeable Type\u2011C. 0\/2\/3\/5%.","robots":{"index":"index","follow":"follow","max-snippet":"max-snippet:-1","max-image-preview":"max-image-preview:large","max-video-preview":"max-video-preview:-1"},"canonical":"https:\/\/fumot.uk\/fr\/product\/blueberry-bubblegum-randm-tornado-12000-puffs\/","og_locale":"fr_FR","og_type":"article","og_title":"R&M Tornado 12000 Blueberry Bubblegum (12,000 Puffs)","og_description":"Sweet blueberry meets classic bubblegum. 20ml capacity, mesh coil, LED battery\/e-liquid display, 850mAh rechargeable Type\u2011C. Available in 0\/2\/3\/5%.","og_url":"https:\/\/fumot.uk\/fr\/product\/blueberry-bubblegum-randm-tornado-12000-puffs\/","og_site_name":"Fumot Official Direct | Straight from the Factory, 100% Genuine","article_modified_time":"2026-01-20T07:05:58+00:00","og_image":[{"width":2560,"height":2560,"url":"https:\/\/fumot.uk\/wp-content\/uploads\/2026\/01\/Randm-Tornado-12000-Puffs-Blueberry-bubblegum-Disposable-Vape-scaled-1.jpg","type":"image\/jpeg"}],"twitter_card":"summary_large_image","twitter_misc":{"Dur\u00e9e de lecture estim\u00e9e":"2 minutes"},"schema":{"@context":"https:\/\/schema.org","@graph":[{"@type":"WebPage","@id":"https:\/\/fumot.uk\/product\/blueberry-bubblegum-randm-tornado-12000-puffs\/","url":"https:\/\/fumot.uk\/product\/blueberry-bubblegum-randm-tornado-12000-puffs\/","name":"R&amp;M Tornado 12000 Bubblegum Myrtille | 20ml, Pr\u00e9sentoir","isPartOf":{"@id":"https:\/\/fumot.uk\/#website"},"primaryImageOfPage":{"@id":"https:\/\/fumot.uk\/product\/blueberry-bubblegum-randm-tornado-12000-puffs\/#primaryimage"},"image":{"@id":"https:\/\/fumot.uk\/product\/blueberry-bubblegum-randm-tornado-12000-puffs\/#primaryimage"},"thumbnailUrl":"https:\/\/fumot.uk\/wp-content\/uploads\/2026\/01\/Randm-Tornado-12000-Puffs-Blueberry-bubblegum-Disposable-Vape-scaled-1.jpg","datePublished":"2026-01-20T02:43:44+00:00","dateModified":"2026-01-20T07:05:58+00:00","description":"Achetez R&amp;M Tornado 12000 Blueberry Bubblegum sur fumot.uk : jusqu'\u00e0 12 000 bouff\u00e9es, 20 ml, bobine en maille, affichage LED, 850 mAh rechargeable Type\u2011C. 0\/2\/3\/5%.","breadcrumb":{"@id":"https:\/\/fumot.uk\/product\/blueberry-bubblegum-randm-tornado-12000-puffs\/#breadcrumb"},"inLanguage":"fr-FR","potentialAction":[{"@type":"ReadAction","target":["https:\/\/fumot.uk\/product\/blueberry-bubblegum-randm-tornado-12000-puffs\/"]}]},{"@type":"ImageObject","inLanguage":"fr-FR","@id":"https:\/\/fumot.uk\/product\/blueberry-bubblegum-randm-tornado-12000-puffs\/#primaryimage","url":"https:\/\/fumot.uk\/wp-content\/uploads\/2026\/01\/Randm-Tornado-12000-Puffs-Blueberry-bubblegum-Disposable-Vape-scaled-1.jpg","contentUrl":"https:\/\/fumot.uk\/wp-content\/uploads\/2026\/01\/Randm-Tornado-12000-Puffs-Blueberry-bubblegum-Disposable-Vape-scaled-1.jpg","width":2560,"height":2560},{"@type":"BreadcrumbList","@id":"https:\/\/fumot.uk\/product\/blueberry-bubblegum-randm-tornado-12000-puffs\/#breadcrumb","itemListElement":[{"@type":"ListItem","position":1,"name":"Home","item":"https:\/\/fumot.uk\/"},{"@type":"ListItem","position":2,"name":"Shop","item":"https:\/\/fumot.uk\/shop\/"},{"@type":"ListItem","position":3,"name":"R&#038;M Tornado 12000 Blueberry Bubblegum Disposable Vape (20ml, 850mAh, Display)"}]},{"@type":"WebSite","@id":"https:\/\/fumot.uk\/#website","url":"https:\/\/fumot.uk\/","name":"Fumot Official Direct | Directement de l'usine, 100% Authentique","description":"Site officiel","publisher":{"@id":"https:\/\/fumot.uk\/#organization"},"potentialAction":[{"@type":"SearchAction","target":{"@type":"EntryPoint","urlTemplate":"https:\/\/fumot.uk\/?s={search_term_string}"},"query-input":{"@type":"PropertyValueSpecification","valueRequired":true,"valueName":"search_term_string"}}],"inLanguage":"fr-FR"},{"@type":"Organization","@id":"https:\/\/fumot.uk\/#organization","name":"Fumot Official Direct | Directement de l'usine, 100% Authentique","url":"https:\/\/fumot.uk\/","logo":{"@type":"ImageObject","inLanguage":"fr-FR","@id":"https:\/\/fumot.uk\/#\/schema\/logo\/image\/","url":"https:\/\/fumot.uk\/wp-content\/uploads\/2026\/01\/cropped-fumot-logo1.png","contentUrl":"https:\/\/fumot.uk\/wp-content\/uploads\/2026\/01\/cropped-fumot-logo1.png","width":152,"height":106,"caption":"Fumot Official Direct | Straight from the Factory, 100% Genuine"},"image":{"@id":"https:\/\/fumot.uk\/#\/schema\/logo\/image\/"}}]}},"_links":{"self":[{"href":"https:\/\/fumot.uk\/fr\/wp-json\/wp\/v2\/product\/375","targetHints":{"allow":["GET"]}}],"collection":[{"href":"https:\/\/fumot.uk\/fr\/wp-json\/wp\/v2\/product"}],"about":[{"href":"https:\/\/fumot.uk\/fr\/wp-json\/wp\/v2\/types\/product"}],"replies":[{"embeddable":true,"href":"https:\/\/fumot.uk\/fr\/wp-json\/wp\/v2\/comments?post=375"}],"wp:featuredmedia":[{"embeddable":true,"href":"https:\/\/fumot.uk\/fr\/wp-json\/wp\/v2\/media\/417"}],"wp:attachment":[{"href":"https:\/\/fumot.uk\/fr\/wp-json\/wp\/v2\/media?parent=375"}],"wp:term":[{"taxonomy":"product_brand","embeddable":true,"href":"https:\/\/fumot.uk\/fr\/wp-json\/wp\/v2\/product_brand?post=375"},{"taxonomy":"product_cat","embeddable":true,"href":"https:\/\/fumot.uk\/fr\/wp-json\/wp\/v2\/product_cat?post=375"},{"taxonomy":"product_tag","embeddable":true,"href":"https:\/\/fumot.uk\/fr\/wp-json\/wp\/v2\/product_tag?post=375"}],"curies":[{"name":"wp","href":"https:\/\/api.w.org\/{rel}","templated":true}]}}