{"id":3729,"date":"2026-01-20T10:15:51","date_gmt":"2026-01-20T10:15:51","guid":{"rendered":"https:\/\/fumot.uk\/?post_type=product&#038;p=3729"},"modified":"2026-01-21T01:25:17","modified_gmt":"2026-01-21T01:25:17","slug":"peach-mango-watermelon-waspe-aiviou-25000-puffs","status":"publish","type":"product","link":"https:\/\/fumot.uk\/fr\/product\/peach-mango-watermelon-waspe-aiviou-25000-puffs\/","title":{"rendered":"WASPE Aiviou 25000 Puffs Vape Jetable P\u00eache Mangue Past\u00e8que (25ml, Double Mesh, USB\u2011C, 0\/2\/5%)"},"content":{"rendered":"<h2>WASPE Aiviou 25000 Puffs \u2013 P\u00eache Mangue Past\u00e8que<\/h2>\n<p>Apportez l'\u00e9t\u00e9 \u00e0 chaque bouff\u00e9e avec <strong>Mangue P\u00eache Past\u00e8que<\/strong>: douceur de p\u00eache juteuse, richesse de mangue tropicale et \u00e9clat de past\u00e8que croquante, termin\u00e9 par une <strong>note de glace rafra\u00eechissante<\/strong>. Le r\u00e9sultat est fruit\u00e9, rafra\u00eechissant et au go\u00fbt pur\u2014sucr\u00e9 sans \u00eatre lourd.<\/p>\n<h3>Profil de Saveur<\/h3>\n<ul>\n<li><strong>Haut :<\/strong> p\u00eache m\u00fbre<\/li>\n<li><strong>Milieu :<\/strong> mangue luxuriante<\/li>\n<li><strong>Finition :<\/strong> past\u00e8que + fra\u00eecheur glac\u00e9e douce<\/li>\n<\/ul>\n<h3>Con\u00e7u pour des Nuages Doux et Consistants<\/h3>\n<p>Le <strong>double bobine en maille (1\u03a9 + 1\u03a9)<\/strong> est con\u00e7u pour garder la saveur pleine et stable de la premi\u00e8re \u00e0 la derni\u00e8re bouff\u00e9e. Avec <strong>flux d'air r\u00e9glable<\/strong>, vous pouvez affiner votre tirage pour une sensation plus a\u00e9r\u00e9e, adapt\u00e9e au DTL, ou une aspiration l\u00e9g\u00e8rement plus serr\u00e9e\u2014ce qui correspond \u00e0 votre style.<\/p>\n<h3>Commodit\u00e9 &amp; S\u00e9curit\u00e9 au Quotidien<\/h3>\n<p>Un lumineux <strong>affichage LED<\/strong> vous aide \u00e0 suivre les niveaux de batterie et de e-liquide d'un coup d'\u0153il, tandis que le <strong>verrouillage enfant<\/strong> int\u00e9gr\u00e9 ajoute une tranquillit\u00e9 d'esprit suppl\u00e9mentaire. Le <strong>Batterie rechargeable de 650mAh<\/strong> avec <strong>chargement rapide USB\u2011C<\/strong> vous permet de continuer sans tracas.<\/p>\n<h3>Choisissez Votre Force de Nicotine<\/h3>\n<p>Disponible en <strong>0%<\/strong>, <strong>2%<\/strong>, ou <strong>5%<\/strong> options de nicotine\u2014choisissez le niveau qui convient \u00e0 votre pr\u00e9f\u00e9rence.<\/p>\n<h3>Sp\u00e9cifications<\/h3>\n<ul>\n<li><strong>Bouff\u00e9es :<\/strong> jusqu'\u00e0 25 000<\/li>\n<li><strong>Capacit\u00e9 de e-liquide :<\/strong> 25ml<\/li>\n<li><strong>R\u00e9sistance :<\/strong> Double maille 1\u03a9 + 1\u03a9<\/li>\n<li><strong>Batterie :<\/strong> 650mAh (rechargeable)<\/li>\n<li><strong>Chargement :<\/strong> chargement rapide USB\u2011C (Type\u2011C)<\/li>\n<li><strong>Affichage :<\/strong> \u00e9cran LED (indicateurs de batterie &amp; liquide)<\/li>\n<li><strong>Flux d'air :<\/strong> r\u00e9glable<\/li>\n<li><strong>S\u00e9curit\u00e9 :<\/strong> verrouillage enfant<\/li>\n<li><strong>Nicotine :<\/strong> 0% \/ 2% \/ 5%<\/li>\n<\/ul>\n<p>D\u00e9couvrez plus d'options durables dans notre <a href=\"https:\/\/fumot.uk\/fr\/waspe-einweg-vapes\/\">collection de vapes jetables WASPE<\/a> at <strong>fumot.uk<\/strong>.<\/p>","protected":false},"excerpt":{"rendered":"<p>WASPE Aiviou 25000 Puffs en P\u00eache Mangue Past\u00e8que : m\u00e9lange de fruits juteux avec une finition glac\u00e9e douce. 25ml d'e-liquide, double r\u00e9sistance en mesh, d\u00e9bit d'air r\u00e9glable, affichage LED, rechargeable USB\u2011C 650mAh. 0\/2\/5% nicotine.<\/p>","protected":false},"featured_media":3735,"comment_status":"open","ping_status":"closed","template":"","meta":[],"product_brand":[],"product_cat":[172,17,188],"product_tag":[84,70,19,71,131,72,23,73,42,30,26,28,32],"class_list":{"0":"post-3729","1":"product","2":"type-product","3":"status-publish","4":"has-post-thumbnail","6":"product_cat-25000-puff","7":"product_cat-vape","8":"product_cat-waspe-aiviou-25000-puffs","9":"product_tag-0-nikotin","10":"product_tag-2-nikotin","11":"product_tag-25ml","12":"product_tag-5-nikotin","13":"product_tag-650mah","14":"product_tag-direct-to-lung","15":"product_tag-display","16":"product_tag-dual-mesh","17":"product_tag-mango","18":"product_tag-peach","19":"product_tag-rechargeable","20":"product_tag-type-c","21":"product_tag-watermelon","23":"first","24":"instock","25":"sale","26":"shipping-taxable","27":"purchasable","28":"product-type-variable","29":"has-default-attributes"},"yoast_head":"<!-- This site is optimized with the Yoast SEO plugin v26.8 - https:\/\/yoast.com\/product\/yoast-seo-wordpress\/ -->\n<title>WASPE Aiviou 25000 Puffs Peach Mango Watermelon Vape<\/title>\n<meta name=\"description\" content=\"Peach Mango Watermelon WASPE Aiviou 25000 Puffs disposable vape: 25ml, dual mesh coil, LED display, adjustable airflow, USB\u2011C 650mAh. 0\/2\/5%.\" \/>\n<meta name=\"robots\" content=\"index, follow, max-snippet:-1, max-image-preview:large, max-video-preview:-1\" \/>\n<link rel=\"canonical\" href=\"https:\/\/fumot.uk\/fr\/product\/peach-mango-watermelon-waspe-aiviou-25000-puffs\/\" \/>\n<meta property=\"og:locale\" content=\"fr_FR\" \/>\n<meta property=\"og:type\" content=\"article\" \/>\n<meta property=\"og:title\" content=\"Peach Mango Watermelon \u2013 WASPE Aiviou 25000 Puffs\" \/>\n<meta property=\"og:description\" content=\"A bright peach-mango-watermelon blend with a smooth icy finish. 25ml, dual mesh, LED display, adjustable airflow, USB\u2011C rechargeable. 0\/2\/5% nicotine.\" \/>\n<meta property=\"og:url\" content=\"https:\/\/fumot.uk\/fr\/product\/peach-mango-watermelon-waspe-aiviou-25000-puffs\/\" \/>\n<meta property=\"og:site_name\" content=\"Fumot Official Direct | Straight from the Factory, 100% Genuine\" \/>\n<meta property=\"article:modified_time\" content=\"2026-01-21T01:25:17+00:00\" \/>\n<meta property=\"og:image\" content=\"https:\/\/fumot.uk\/wp-content\/uploads\/2026\/01\/WASPE-Aiviou-25000-PUFFS-Peach-Mango-Watermelon-Disposable-Vape-1.jpg\" \/>\n\t<meta property=\"og:image:width\" content=\"2000\" \/>\n\t<meta property=\"og:image:height\" content=\"1875\" \/>\n\t<meta property=\"og:image:type\" content=\"image\/jpeg\" \/>\n<meta name=\"twitter:card\" content=\"summary_large_image\" \/>\n<meta name=\"twitter:label1\" content=\"Dur\u00e9e de lecture estim\u00e9e\" \/>\n\t<meta name=\"twitter:data1\" content=\"2 minutes\" \/>\n<script type=\"application\/ld+json\" class=\"yoast-schema-graph\">{\"@context\":\"https:\/\/schema.org\",\"@graph\":[{\"@type\":\"WebPage\",\"@id\":\"https:\/\/fumot.uk\/product\/peach-mango-watermelon-waspe-aiviou-25000-puffs\/\",\"url\":\"https:\/\/fumot.uk\/product\/peach-mango-watermelon-waspe-aiviou-25000-puffs\/\",\"name\":\"WASPE Aiviou 25000 Puffs Peach Mango Watermelon Vape\",\"isPartOf\":{\"@id\":\"https:\/\/fumot.uk\/#website\"},\"primaryImageOfPage\":{\"@id\":\"https:\/\/fumot.uk\/product\/peach-mango-watermelon-waspe-aiviou-25000-puffs\/#primaryimage\"},\"image\":{\"@id\":\"https:\/\/fumot.uk\/product\/peach-mango-watermelon-waspe-aiviou-25000-puffs\/#primaryimage\"},\"thumbnailUrl\":\"https:\/\/fumot.uk\/wp-content\/uploads\/2026\/01\/WASPE-Aiviou-25000-PUFFS-Peach-Mango-Watermelon-Disposable-Vape-1.jpg\",\"datePublished\":\"2026-01-20T10:15:51+00:00\",\"dateModified\":\"2026-01-21T01:25:17+00:00\",\"description\":\"Peach Mango Watermelon WASPE Aiviou 25000 Puffs disposable vape: 25ml, dual mesh coil, LED display, adjustable airflow, USB\u2011C 650mAh. 0\/2\/5%.\",\"breadcrumb\":{\"@id\":\"https:\/\/fumot.uk\/product\/peach-mango-watermelon-waspe-aiviou-25000-puffs\/#breadcrumb\"},\"inLanguage\":\"fr-FR\",\"potentialAction\":[{\"@type\":\"ReadAction\",\"target\":[\"https:\/\/fumot.uk\/product\/peach-mango-watermelon-waspe-aiviou-25000-puffs\/\"]}]},{\"@type\":\"ImageObject\",\"inLanguage\":\"fr-FR\",\"@id\":\"https:\/\/fumot.uk\/product\/peach-mango-watermelon-waspe-aiviou-25000-puffs\/#primaryimage\",\"url\":\"https:\/\/fumot.uk\/wp-content\/uploads\/2026\/01\/WASPE-Aiviou-25000-PUFFS-Peach-Mango-Watermelon-Disposable-Vape-1.jpg\",\"contentUrl\":\"https:\/\/fumot.uk\/wp-content\/uploads\/2026\/01\/WASPE-Aiviou-25000-PUFFS-Peach-Mango-Watermelon-Disposable-Vape-1.jpg\",\"width\":2000,\"height\":1875},{\"@type\":\"BreadcrumbList\",\"@id\":\"https:\/\/fumot.uk\/product\/peach-mango-watermelon-waspe-aiviou-25000-puffs\/#breadcrumb\",\"itemListElement\":[{\"@type\":\"ListItem\",\"position\":1,\"name\":\"Home\",\"item\":\"https:\/\/fumot.uk\/\"},{\"@type\":\"ListItem\",\"position\":2,\"name\":\"Shop\",\"item\":\"https:\/\/fumot.uk\/shop\/\"},{\"@type\":\"ListItem\",\"position\":3,\"name\":\"WASPE Aiviou 25000 Puffs Peach Mango Watermelon Disposable Vape (25ml, Dual Mesh, USB\u2011C, 0\/2\/5%)\"}]},{\"@type\":\"WebSite\",\"@id\":\"https:\/\/fumot.uk\/#website\",\"url\":\"https:\/\/fumot.uk\/\",\"name\":\"Fumot Official Direct | Straight from the Factory, 100% Genuine\",\"description\":\"Official Website\",\"publisher\":{\"@id\":\"https:\/\/fumot.uk\/#organization\"},\"potentialAction\":[{\"@type\":\"SearchAction\",\"target\":{\"@type\":\"EntryPoint\",\"urlTemplate\":\"https:\/\/fumot.uk\/?s={search_term_string}\"},\"query-input\":{\"@type\":\"PropertyValueSpecification\",\"valueRequired\":true,\"valueName\":\"search_term_string\"}}],\"inLanguage\":\"fr-FR\"},{\"@type\":\"Organization\",\"@id\":\"https:\/\/fumot.uk\/#organization\",\"name\":\"Fumot Official Direct | Straight from the Factory, 100% Genuine\",\"url\":\"https:\/\/fumot.uk\/\",\"logo\":{\"@type\":\"ImageObject\",\"inLanguage\":\"fr-FR\",\"@id\":\"https:\/\/fumot.uk\/#\/schema\/logo\/image\/\",\"url\":\"https:\/\/fumot.uk\/wp-content\/uploads\/2026\/01\/cropped-fumot-logo1.png\",\"contentUrl\":\"https:\/\/fumot.uk\/wp-content\/uploads\/2026\/01\/cropped-fumot-logo1.png\",\"width\":152,\"height\":106,\"caption\":\"Fumot Official Direct | Straight from the Factory, 100% Genuine\"},\"image\":{\"@id\":\"https:\/\/fumot.uk\/#\/schema\/logo\/image\/\"}}]}<\/script>\n<!-- \/ Yoast SEO plugin. -->","yoast_head_json":{"title":"Vape WASPE Aiviou 25000 Puffs P\u00eache Mangue Past\u00e8que","description":"Vape jetable Peach Mango Watermelon WASPE Aiviou 25000 Puffs : 25ml, double bobine en mesh, affichage LED, d\u00e9bit d'air r\u00e9glable, USB\u2011C 650mAh. 0\/2\/5%.","robots":{"index":"index","follow":"follow","max-snippet":"max-snippet:-1","max-image-preview":"max-image-preview:large","max-video-preview":"max-video-preview:-1"},"canonical":"https:\/\/fumot.uk\/fr\/product\/peach-mango-watermelon-waspe-aiviou-25000-puffs\/","og_locale":"fr_FR","og_type":"article","og_title":"Peach Mango Watermelon \u2013 WASPE Aiviou 25000 Puffs","og_description":"A bright peach-mango-watermelon blend with a smooth icy finish. 25ml, dual mesh, LED display, adjustable airflow, USB\u2011C rechargeable. 0\/2\/5% nicotine.","og_url":"https:\/\/fumot.uk\/fr\/product\/peach-mango-watermelon-waspe-aiviou-25000-puffs\/","og_site_name":"Fumot Official Direct | Straight from the Factory, 100% Genuine","article_modified_time":"2026-01-21T01:25:17+00:00","og_image":[{"width":2000,"height":1875,"url":"https:\/\/fumot.uk\/wp-content\/uploads\/2026\/01\/WASPE-Aiviou-25000-PUFFS-Peach-Mango-Watermelon-Disposable-Vape-1.jpg","type":"image\/jpeg"}],"twitter_card":"summary_large_image","twitter_misc":{"Dur\u00e9e de lecture estim\u00e9e":"2 minutes"},"schema":{"@context":"https:\/\/schema.org","@graph":[{"@type":"WebPage","@id":"https:\/\/fumot.uk\/product\/peach-mango-watermelon-waspe-aiviou-25000-puffs\/","url":"https:\/\/fumot.uk\/product\/peach-mango-watermelon-waspe-aiviou-25000-puffs\/","name":"Vape WASPE Aiviou 25000 Puffs P\u00eache Mangue Past\u00e8que","isPartOf":{"@id":"https:\/\/fumot.uk\/#website"},"primaryImageOfPage":{"@id":"https:\/\/fumot.uk\/product\/peach-mango-watermelon-waspe-aiviou-25000-puffs\/#primaryimage"},"image":{"@id":"https:\/\/fumot.uk\/product\/peach-mango-watermelon-waspe-aiviou-25000-puffs\/#primaryimage"},"thumbnailUrl":"https:\/\/fumot.uk\/wp-content\/uploads\/2026\/01\/WASPE-Aiviou-25000-PUFFS-Peach-Mango-Watermelon-Disposable-Vape-1.jpg","datePublished":"2026-01-20T10:15:51+00:00","dateModified":"2026-01-21T01:25:17+00:00","description":"Vape jetable Peach Mango Watermelon WASPE Aiviou 25000 Puffs : 25ml, double bobine en mesh, affichage LED, d\u00e9bit d'air r\u00e9glable, USB\u2011C 650mAh. 0\/2\/5%.","breadcrumb":{"@id":"https:\/\/fumot.uk\/product\/peach-mango-watermelon-waspe-aiviou-25000-puffs\/#breadcrumb"},"inLanguage":"fr-FR","potentialAction":[{"@type":"ReadAction","target":["https:\/\/fumot.uk\/product\/peach-mango-watermelon-waspe-aiviou-25000-puffs\/"]}]},{"@type":"ImageObject","inLanguage":"fr-FR","@id":"https:\/\/fumot.uk\/product\/peach-mango-watermelon-waspe-aiviou-25000-puffs\/#primaryimage","url":"https:\/\/fumot.uk\/wp-content\/uploads\/2026\/01\/WASPE-Aiviou-25000-PUFFS-Peach-Mango-Watermelon-Disposable-Vape-1.jpg","contentUrl":"https:\/\/fumot.uk\/wp-content\/uploads\/2026\/01\/WASPE-Aiviou-25000-PUFFS-Peach-Mango-Watermelon-Disposable-Vape-1.jpg","width":2000,"height":1875},{"@type":"BreadcrumbList","@id":"https:\/\/fumot.uk\/product\/peach-mango-watermelon-waspe-aiviou-25000-puffs\/#breadcrumb","itemListElement":[{"@type":"ListItem","position":1,"name":"Home","item":"https:\/\/fumot.uk\/"},{"@type":"ListItem","position":2,"name":"Shop","item":"https:\/\/fumot.uk\/shop\/"},{"@type":"ListItem","position":3,"name":"WASPE Aiviou 25000 Puffs Peach Mango Watermelon Disposable Vape (25ml, Dual Mesh, USB\u2011C, 0\/2\/5%)"}]},{"@type":"WebSite","@id":"https:\/\/fumot.uk\/#website","url":"https:\/\/fumot.uk\/","name":"Fumot Official Direct | Directement de l'usine, 100% Authentique","description":"Site officiel","publisher":{"@id":"https:\/\/fumot.uk\/#organization"},"potentialAction":[{"@type":"SearchAction","target":{"@type":"EntryPoint","urlTemplate":"https:\/\/fumot.uk\/?s={search_term_string}"},"query-input":{"@type":"PropertyValueSpecification","valueRequired":true,"valueName":"search_term_string"}}],"inLanguage":"fr-FR"},{"@type":"Organization","@id":"https:\/\/fumot.uk\/#organization","name":"Fumot Official Direct | Directement de l'usine, 100% Authentique","url":"https:\/\/fumot.uk\/","logo":{"@type":"ImageObject","inLanguage":"fr-FR","@id":"https:\/\/fumot.uk\/#\/schema\/logo\/image\/","url":"https:\/\/fumot.uk\/wp-content\/uploads\/2026\/01\/cropped-fumot-logo1.png","contentUrl":"https:\/\/fumot.uk\/wp-content\/uploads\/2026\/01\/cropped-fumot-logo1.png","width":152,"height":106,"caption":"Fumot Official Direct | Straight from the Factory, 100% Genuine"},"image":{"@id":"https:\/\/fumot.uk\/#\/schema\/logo\/image\/"}}]}},"_links":{"self":[{"href":"https:\/\/fumot.uk\/fr\/wp-json\/wp\/v2\/product\/3729","targetHints":{"allow":["GET"]}}],"collection":[{"href":"https:\/\/fumot.uk\/fr\/wp-json\/wp\/v2\/product"}],"about":[{"href":"https:\/\/fumot.uk\/fr\/wp-json\/wp\/v2\/types\/product"}],"replies":[{"embeddable":true,"href":"https:\/\/fumot.uk\/fr\/wp-json\/wp\/v2\/comments?post=3729"}],"wp:featuredmedia":[{"embeddable":true,"href":"https:\/\/fumot.uk\/fr\/wp-json\/wp\/v2\/media\/3735"}],"wp:attachment":[{"href":"https:\/\/fumot.uk\/fr\/wp-json\/wp\/v2\/media?parent=3729"}],"wp:term":[{"taxonomy":"product_brand","embeddable":true,"href":"https:\/\/fumot.uk\/fr\/wp-json\/wp\/v2\/product_brand?post=3729"},{"taxonomy":"product_cat","embeddable":true,"href":"https:\/\/fumot.uk\/fr\/wp-json\/wp\/v2\/product_cat?post=3729"},{"taxonomy":"product_tag","embeddable":true,"href":"https:\/\/fumot.uk\/fr\/wp-json\/wp\/v2\/product_tag?post=3729"}],"curies":[{"name":"wp","href":"https:\/\/api.w.org\/{rel}","templated":true}]}}