{"id":3724,"date":"2026-01-20T10:15:50","date_gmt":"2026-01-20T10:15:50","guid":{"rendered":"https:\/\/fumot.uk\/?post_type=product&#038;p=3724"},"modified":"2026-01-21T01:25:39","modified_gmt":"2026-01-21T01:25:39","slug":"watermelon-ice-waspe-aiviou-25000-puffs","status":"publish","type":"product","link":"https:\/\/fumot.uk\/fr\/product\/watermelon-ice-waspe-aiviou-25000-puffs\/","title":{"rendered":"WASPE Aiviou Melon d'eau Glace Vape Jetable 25000 Bouff\u00e9es | 25ml, Double Maille, \u00c9cran LED, USB\u2011C"},"content":{"rendered":"<h2>WASPE Aiviou 25000 Puffs \u2013 Glace Past\u00e8que<\/h2>\n<p><strong>Glace Past\u00e8que<\/strong> m\u00e9lange la douceur de la past\u00e8que m\u00fbre et juteuse avec une finition propre et rafra\u00eechissante\u2014lumineux, doux et facile \u00e0 appr\u00e9cier du premier tirage au dernier. Si vous aimez les vapes fruit\u00e9es avec une touche glac\u00e9e (non \u00e9crasante), cette saveur est un choix quotidien croquant.<\/p>\n<h3>Profil de Saveur : Past\u00e8que Sucr\u00e9e + Glace Fra\u00eeche<\/h3>\n<ul>\n<li><strong>Note de t\u00eate :<\/strong> douceur fra\u00eeche de bonbon \u00e0 la past\u00e8que<\/li>\n<li><strong>Corps :<\/strong> go\u00fbt de past\u00e8que doux et complet sans sensation de lourdeur<\/li>\n<li><strong>Finition :<\/strong> fra\u00eecheur glac\u00e9e l\u00e9g\u00e8re pour un arri\u00e8re-go\u00fbt rafra\u00eechi<\/li>\n<\/ul>\n<h3>Design Intelligent pour la Commodit\u00e9 Quotidienne<\/h3>\n<ul>\n<li><strong>Double Bobine Mesh (1\u03a9 + 1\u03a9) :<\/strong> con\u00e7u pour une saveur plus riche et un tirage plus doux<\/li>\n<li><strong>Flux d'air ajustable :<\/strong> ajustez pour un tirage plus ouvert et a\u00e9r\u00e9 selon votre pr\u00e9f\u00e9rence<\/li>\n<li><strong>Affichage LED :<\/strong> v\u00e9rifiez l'\u00e9tat de la batterie et du e\u2011liquide d'un coup d'\u0153il<\/li>\n<li><strong>Verrouillage enfant :<\/strong> aide \u00e0 pr\u00e9venir l'utilisation involontaire<\/li>\n<\/ul>\n<h3>Performance Durable et Rechargeable<\/h3>\n<p>Construit avec un <strong>Batterie rechargeable de 650mAh<\/strong> et <strong>chargement rapide USB\u2011C<\/strong>, le WASPE Aiviou est con\u00e7u pour une utilisation prolong\u00e9e\u2014jusqu'\u00e0 <strong>25 000 bouff\u00e9es<\/strong> (l'utilisation varie selon la longueur du tirage et le flux d'air).<\/p>\n<h3>Options de nicotine<\/h3>\n<p>Choisissez la force qui convient \u00e0 votre routine : <strong>0%<\/strong>, <strong>2%<\/strong>, ou <strong>5%<\/strong> nicotine.<\/p>\n<h3>Sp\u00e9cifications<\/h3>\n<ul>\n<li><strong>Bouff\u00e9es :<\/strong> jusqu'\u00e0 25 000<\/li>\n<li><strong>Capacit\u00e9 d'e\u2011liquide :<\/strong> 25ml<\/li>\n<li><strong>R\u00e9sistance :<\/strong> Double maille 1\u03a9 + 1\u03a9<\/li>\n<li><strong>Nicotine :<\/strong> 0% \/ 2% \/ 5%<\/li>\n<li><strong>Batterie :<\/strong> 650mAh (rechargeable)<\/li>\n<li><strong>Chargement :<\/strong> USB\u2011C (Type\u2011C)<\/li>\n<li><strong>Affichage :<\/strong> indicateur de batterie &amp; e\u2011liquide LED<\/li>\n<li><strong>S\u00e9curit\u00e9 :<\/strong> verrouillage enfant<\/li>\n<\/ul>\n<p><strong>Explorez plus d'options de 25 000 bouff\u00e9es sur<\/strong> <a href=\"https:\/\/fumot.uk\/fr\/\" target=\"_blank\" rel=\"noopener\">fumot.uk<\/a>.<\/p>","protected":false},"excerpt":{"rendered":"<p>Vape jetable Juicy Watermelon Ice par WASPE Aiviou\u2014jusqu'\u00e0 25 000 bouff\u00e9es, 25ml d'e\u2011liquide, bobine Dual Mesh, \u00e9cran LED, flux d'air r\u00e9glable, rechargeable USB\u2011C. Nicotine : 0\/2\/5%.<\/p>","protected":false},"featured_media":3730,"comment_status":"open","ping_status":"closed","template":"","meta":[],"product_brand":[],"product_cat":[172,17,188],"product_tag":[84,70,19,71,131,72,23,73,29,26,28,32],"class_list":{"0":"post-3724","1":"product","2":"type-product","3":"status-publish","4":"has-post-thumbnail","6":"product_cat-25000-puff","7":"product_cat-vape","8":"product_cat-waspe-aiviou-25000-puffs","9":"product_tag-0-nikotin","10":"product_tag-2-nikotin","11":"product_tag-25ml","12":"product_tag-5-nikotin","13":"product_tag-650mah","14":"product_tag-direct-to-lung","15":"product_tag-display","16":"product_tag-dual-mesh","17":"product_tag-ice","18":"product_tag-rechargeable","19":"product_tag-type-c","20":"product_tag-watermelon","22":"first","23":"instock","24":"sale","25":"shipping-taxable","26":"purchasable","27":"product-type-variable","28":"has-default-attributes"},"yoast_head":"<!-- This site is optimized with the Yoast SEO plugin v26.8 - https:\/\/yoast.com\/product\/yoast-seo-wordpress\/ -->\n<title>WASPE Aiviou Watermelon Ice 25000 Puffs | 25ml<\/title>\n<meta name=\"description\" content=\"WASPE Aiviou Watermelon Ice disposable vape: up to 25,000 puffs, 25ml, Dual Mesh, LED display, adjustable airflow, USB\u2011C. Nicotine 0\/2\/5%.\" \/>\n<meta name=\"robots\" content=\"index, follow, max-snippet:-1, max-image-preview:large, max-video-preview:-1\" \/>\n<link rel=\"canonical\" href=\"https:\/\/fumot.uk\/fr\/product\/watermelon-ice-waspe-aiviou-25000-puffs\/\" \/>\n<meta property=\"og:locale\" content=\"fr_FR\" \/>\n<meta property=\"og:type\" content=\"article\" \/>\n<meta property=\"og:title\" content=\"WASPE Aiviou Watermelon Ice \u2013 25,000 Puffs Disposable Vape\" \/>\n<meta property=\"og:description\" content=\"Sweet watermelon with a clean icy finish. 25ml e\u2011liquid, Dual Mesh coil, LED display, adjustable airflow and USB\u2011C rechargeable. 0\/2\/5% nicotine.\" \/>\n<meta property=\"og:url\" content=\"https:\/\/fumot.uk\/fr\/product\/watermelon-ice-waspe-aiviou-25000-puffs\/\" \/>\n<meta property=\"og:site_name\" content=\"Fumot Official Direct | Straight from the Factory, 100% Genuine\" \/>\n<meta property=\"article:modified_time\" content=\"2026-01-21T01:25:39+00:00\" \/>\n<meta property=\"og:image\" content=\"https:\/\/fumot.uk\/wp-content\/uploads\/2026\/01\/WASPE-Aiviou-25000-PUFFS-Watermelon-Ice-Disposable-Vape-Packing.jpg\" \/>\n\t<meta property=\"og:image:width\" content=\"2000\" \/>\n\t<meta property=\"og:image:height\" content=\"1875\" \/>\n\t<meta property=\"og:image:type\" content=\"image\/jpeg\" \/>\n<meta name=\"twitter:card\" content=\"summary_large_image\" \/>\n<meta name=\"twitter:label1\" content=\"Dur\u00e9e de lecture estim\u00e9e\" \/>\n\t<meta name=\"twitter:data1\" content=\"3 minutes\" \/>\n<script type=\"application\/ld+json\" class=\"yoast-schema-graph\">{\"@context\":\"https:\/\/schema.org\",\"@graph\":[{\"@type\":\"WebPage\",\"@id\":\"https:\/\/fumot.uk\/product\/watermelon-ice-waspe-aiviou-25000-puffs\/\",\"url\":\"https:\/\/fumot.uk\/product\/watermelon-ice-waspe-aiviou-25000-puffs\/\",\"name\":\"WASPE Aiviou Watermelon Ice 25000 Puffs | 25ml\",\"isPartOf\":{\"@id\":\"https:\/\/fumot.uk\/#website\"},\"primaryImageOfPage\":{\"@id\":\"https:\/\/fumot.uk\/product\/watermelon-ice-waspe-aiviou-25000-puffs\/#primaryimage\"},\"image\":{\"@id\":\"https:\/\/fumot.uk\/product\/watermelon-ice-waspe-aiviou-25000-puffs\/#primaryimage\"},\"thumbnailUrl\":\"https:\/\/fumot.uk\/wp-content\/uploads\/2026\/01\/WASPE-Aiviou-25000-PUFFS-Watermelon-Ice-Disposable-Vape-Packing.jpg\",\"datePublished\":\"2026-01-20T10:15:50+00:00\",\"dateModified\":\"2026-01-21T01:25:39+00:00\",\"description\":\"WASPE Aiviou Watermelon Ice disposable vape: up to 25,000 puffs, 25ml, Dual Mesh, LED display, adjustable airflow, USB\u2011C. Nicotine 0\/2\/5%.\",\"breadcrumb\":{\"@id\":\"https:\/\/fumot.uk\/product\/watermelon-ice-waspe-aiviou-25000-puffs\/#breadcrumb\"},\"inLanguage\":\"fr-FR\",\"potentialAction\":[{\"@type\":\"ReadAction\",\"target\":[\"https:\/\/fumot.uk\/product\/watermelon-ice-waspe-aiviou-25000-puffs\/\"]}]},{\"@type\":\"ImageObject\",\"inLanguage\":\"fr-FR\",\"@id\":\"https:\/\/fumot.uk\/product\/watermelon-ice-waspe-aiviou-25000-puffs\/#primaryimage\",\"url\":\"https:\/\/fumot.uk\/wp-content\/uploads\/2026\/01\/WASPE-Aiviou-25000-PUFFS-Watermelon-Ice-Disposable-Vape-Packing.jpg\",\"contentUrl\":\"https:\/\/fumot.uk\/wp-content\/uploads\/2026\/01\/WASPE-Aiviou-25000-PUFFS-Watermelon-Ice-Disposable-Vape-Packing.jpg\",\"width\":2000,\"height\":1875},{\"@type\":\"BreadcrumbList\",\"@id\":\"https:\/\/fumot.uk\/product\/watermelon-ice-waspe-aiviou-25000-puffs\/#breadcrumb\",\"itemListElement\":[{\"@type\":\"ListItem\",\"position\":1,\"name\":\"Home\",\"item\":\"https:\/\/fumot.uk\/\"},{\"@type\":\"ListItem\",\"position\":2,\"name\":\"Shop\",\"item\":\"https:\/\/fumot.uk\/shop\/\"},{\"@type\":\"ListItem\",\"position\":3,\"name\":\"WASPE Aiviou Watermelon Ice Disposable Vape 25000 Puffs | 25ml, Dual Mesh, LED Display, USB\u2011C\"}]},{\"@type\":\"WebSite\",\"@id\":\"https:\/\/fumot.uk\/#website\",\"url\":\"https:\/\/fumot.uk\/\",\"name\":\"Fumot Official Direct | Straight from the Factory, 100% Genuine\",\"description\":\"Official Website\",\"publisher\":{\"@id\":\"https:\/\/fumot.uk\/#organization\"},\"potentialAction\":[{\"@type\":\"SearchAction\",\"target\":{\"@type\":\"EntryPoint\",\"urlTemplate\":\"https:\/\/fumot.uk\/?s={search_term_string}\"},\"query-input\":{\"@type\":\"PropertyValueSpecification\",\"valueRequired\":true,\"valueName\":\"search_term_string\"}}],\"inLanguage\":\"fr-FR\"},{\"@type\":\"Organization\",\"@id\":\"https:\/\/fumot.uk\/#organization\",\"name\":\"Fumot Official Direct | Straight from the Factory, 100% Genuine\",\"url\":\"https:\/\/fumot.uk\/\",\"logo\":{\"@type\":\"ImageObject\",\"inLanguage\":\"fr-FR\",\"@id\":\"https:\/\/fumot.uk\/#\/schema\/logo\/image\/\",\"url\":\"https:\/\/fumot.uk\/wp-content\/uploads\/2026\/01\/cropped-fumot-logo1.png\",\"contentUrl\":\"https:\/\/fumot.uk\/wp-content\/uploads\/2026\/01\/cropped-fumot-logo1.png\",\"width\":152,\"height\":106,\"caption\":\"Fumot Official Direct | Straight from the Factory, 100% Genuine\"},\"image\":{\"@id\":\"https:\/\/fumot.uk\/#\/schema\/logo\/image\/\"}}]}<\/script>\n<!-- \/ Yoast SEO plugin. -->","yoast_head_json":{"title":"WASPE Aiviou Past\u00e8que Glace 25000 Bouff\u00e9es | 25ml","description":"WASPE Aiviou Watermelon Ice vape jetable : jusqu'\u00e0 25 000 bouff\u00e9es, 25 ml, Double Mesh, affichage LED, d\u00e9bit d'air r\u00e9glable, USB\u2011C. Nicotine 0\/2\/5%.","robots":{"index":"index","follow":"follow","max-snippet":"max-snippet:-1","max-image-preview":"max-image-preview:large","max-video-preview":"max-video-preview:-1"},"canonical":"https:\/\/fumot.uk\/fr\/product\/watermelon-ice-waspe-aiviou-25000-puffs\/","og_locale":"fr_FR","og_type":"article","og_title":"WASPE Aiviou Watermelon Ice \u2013 25,000 Puffs Disposable Vape","og_description":"Sweet watermelon with a clean icy finish. 25ml e\u2011liquid, Dual Mesh coil, LED display, adjustable airflow and USB\u2011C rechargeable. 0\/2\/5% nicotine.","og_url":"https:\/\/fumot.uk\/fr\/product\/watermelon-ice-waspe-aiviou-25000-puffs\/","og_site_name":"Fumot Official Direct | Straight from the Factory, 100% Genuine","article_modified_time":"2026-01-21T01:25:39+00:00","og_image":[{"width":2000,"height":1875,"url":"https:\/\/fumot.uk\/wp-content\/uploads\/2026\/01\/WASPE-Aiviou-25000-PUFFS-Watermelon-Ice-Disposable-Vape-Packing.jpg","type":"image\/jpeg"}],"twitter_card":"summary_large_image","twitter_misc":{"Dur\u00e9e de lecture estim\u00e9e":"3 minutes"},"schema":{"@context":"https:\/\/schema.org","@graph":[{"@type":"WebPage","@id":"https:\/\/fumot.uk\/product\/watermelon-ice-waspe-aiviou-25000-puffs\/","url":"https:\/\/fumot.uk\/product\/watermelon-ice-waspe-aiviou-25000-puffs\/","name":"WASPE Aiviou Past\u00e8que Glace 25000 Bouff\u00e9es | 25ml","isPartOf":{"@id":"https:\/\/fumot.uk\/#website"},"primaryImageOfPage":{"@id":"https:\/\/fumot.uk\/product\/watermelon-ice-waspe-aiviou-25000-puffs\/#primaryimage"},"image":{"@id":"https:\/\/fumot.uk\/product\/watermelon-ice-waspe-aiviou-25000-puffs\/#primaryimage"},"thumbnailUrl":"https:\/\/fumot.uk\/wp-content\/uploads\/2026\/01\/WASPE-Aiviou-25000-PUFFS-Watermelon-Ice-Disposable-Vape-Packing.jpg","datePublished":"2026-01-20T10:15:50+00:00","dateModified":"2026-01-21T01:25:39+00:00","description":"WASPE Aiviou Watermelon Ice vape jetable : jusqu'\u00e0 25 000 bouff\u00e9es, 25 ml, Double Mesh, affichage LED, d\u00e9bit d'air r\u00e9glable, USB\u2011C. Nicotine 0\/2\/5%.","breadcrumb":{"@id":"https:\/\/fumot.uk\/product\/watermelon-ice-waspe-aiviou-25000-puffs\/#breadcrumb"},"inLanguage":"fr-FR","potentialAction":[{"@type":"ReadAction","target":["https:\/\/fumot.uk\/product\/watermelon-ice-waspe-aiviou-25000-puffs\/"]}]},{"@type":"ImageObject","inLanguage":"fr-FR","@id":"https:\/\/fumot.uk\/product\/watermelon-ice-waspe-aiviou-25000-puffs\/#primaryimage","url":"https:\/\/fumot.uk\/wp-content\/uploads\/2026\/01\/WASPE-Aiviou-25000-PUFFS-Watermelon-Ice-Disposable-Vape-Packing.jpg","contentUrl":"https:\/\/fumot.uk\/wp-content\/uploads\/2026\/01\/WASPE-Aiviou-25000-PUFFS-Watermelon-Ice-Disposable-Vape-Packing.jpg","width":2000,"height":1875},{"@type":"BreadcrumbList","@id":"https:\/\/fumot.uk\/product\/watermelon-ice-waspe-aiviou-25000-puffs\/#breadcrumb","itemListElement":[{"@type":"ListItem","position":1,"name":"Home","item":"https:\/\/fumot.uk\/"},{"@type":"ListItem","position":2,"name":"Shop","item":"https:\/\/fumot.uk\/shop\/"},{"@type":"ListItem","position":3,"name":"WASPE Aiviou Watermelon Ice Disposable Vape 25000 Puffs | 25ml, Dual Mesh, LED Display, USB\u2011C"}]},{"@type":"WebSite","@id":"https:\/\/fumot.uk\/#website","url":"https:\/\/fumot.uk\/","name":"Fumot Official Direct | Directement de l'usine, 100% Authentique","description":"Site officiel","publisher":{"@id":"https:\/\/fumot.uk\/#organization"},"potentialAction":[{"@type":"SearchAction","target":{"@type":"EntryPoint","urlTemplate":"https:\/\/fumot.uk\/?s={search_term_string}"},"query-input":{"@type":"PropertyValueSpecification","valueRequired":true,"valueName":"search_term_string"}}],"inLanguage":"fr-FR"},{"@type":"Organization","@id":"https:\/\/fumot.uk\/#organization","name":"Fumot Official Direct | Directement de l'usine, 100% Authentique","url":"https:\/\/fumot.uk\/","logo":{"@type":"ImageObject","inLanguage":"fr-FR","@id":"https:\/\/fumot.uk\/#\/schema\/logo\/image\/","url":"https:\/\/fumot.uk\/wp-content\/uploads\/2026\/01\/cropped-fumot-logo1.png","contentUrl":"https:\/\/fumot.uk\/wp-content\/uploads\/2026\/01\/cropped-fumot-logo1.png","width":152,"height":106,"caption":"Fumot Official Direct | Straight from the Factory, 100% Genuine"},"image":{"@id":"https:\/\/fumot.uk\/#\/schema\/logo\/image\/"}}]}},"_links":{"self":[{"href":"https:\/\/fumot.uk\/fr\/wp-json\/wp\/v2\/product\/3724","targetHints":{"allow":["GET"]}}],"collection":[{"href":"https:\/\/fumot.uk\/fr\/wp-json\/wp\/v2\/product"}],"about":[{"href":"https:\/\/fumot.uk\/fr\/wp-json\/wp\/v2\/types\/product"}],"replies":[{"embeddable":true,"href":"https:\/\/fumot.uk\/fr\/wp-json\/wp\/v2\/comments?post=3724"}],"wp:featuredmedia":[{"embeddable":true,"href":"https:\/\/fumot.uk\/fr\/wp-json\/wp\/v2\/media\/3730"}],"wp:attachment":[{"href":"https:\/\/fumot.uk\/fr\/wp-json\/wp\/v2\/media?parent=3724"}],"wp:term":[{"taxonomy":"product_brand","embeddable":true,"href":"https:\/\/fumot.uk\/fr\/wp-json\/wp\/v2\/product_brand?post=3724"},{"taxonomy":"product_cat","embeddable":true,"href":"https:\/\/fumot.uk\/fr\/wp-json\/wp\/v2\/product_cat?post=3724"},{"taxonomy":"product_tag","embeddable":true,"href":"https:\/\/fumot.uk\/fr\/wp-json\/wp\/v2\/product_tag?post=3724"}],"curies":[{"name":"wp","href":"https:\/\/api.w.org\/{rel}","templated":true}]}}