{"id":370,"date":"2026-01-20T02:43:44","date_gmt":"2026-01-20T02:43:44","guid":{"rendered":"https:\/\/fumot.uk\/?post_type=product&#038;p=370"},"modified":"2026-01-20T07:05:55","modified_gmt":"2026-01-20T07:05:55","slug":"kiwi-passion-fruit-guava-randm-tornado-12000-puffs","status":"publish","type":"product","link":"https:\/\/fumot.uk\/fr\/product\/kiwi-passion-fruit-guava-randm-tornado-12000-puffs\/","title":{"rendered":"R&amp;M RandM Tornado 12000 Puffs Kiwi Fruit de la Passion Goyave Vape Jetable (20ml, 850mAh, \u00c9cran LED, Bobine en Maille)"},"content":{"rendered":"<p><strong>Kiwi Fruit de la Passion Goyave \u2013 RandM Tornado 12000 Puffs<\/strong> apporte un m\u00e9lange tropical \u00e9clatant \u00e0 une vape jetable longue dur\u00e9e con\u00e7ue pour la commodit\u00e9 quotidienne. Attendez-vous \u00e0 une inhalation douce et r\u00e9guli\u00e8re gr\u00e2ce \u00e0 une <strong>bobine en maille<\/strong>, plus un <strong>affichage LED<\/strong> facile \u00e0 lire <strong>batterie<\/strong> et <strong>qui vous aide \u00e0 garder un \u0153il sur les niveaux de<\/strong> e-liquide.<\/p>\n<h3>. Saveur : Kiwi Fruit de la Passion Goyave<\/h3>\n<p>Ce profil superpose <strong>un kiwi croquant<\/strong> avec la saveur juteuse du <strong>fruit de la passion<\/strong>, compl\u00e9t\u00e9 par <strong>une goyave douce et aromatique<\/strong>. Le r\u00e9sultat est un go\u00fbt tropical rafra\u00eechissant et sucr\u00e9 qui reste vibrant de la premi\u00e8re bouff\u00e9e \u00e0 la derni\u00e8re.<\/p>\n<h3>Caract\u00e9ristiques cl\u00e9s<\/h3>\n<ul>\n<li><strong>Jusqu'\u00e0 12000 bouff\u00e9es<\/strong> par appareil (l'utilisation varie)<\/li>\n<li><strong>20ml d'e-liquide<\/strong> capacit\u00e9<\/li>\n<li><strong>Options de sel de nicotine :<\/strong> 0% \/ 2% \/ 3% \/ 5%<\/li>\n<li><strong>Bobine en maille<\/strong> pour une vapeur plus douce et plus homog\u00e8ne<\/li>\n<li><strong>affichage LED<\/strong> pour l'\u00e9tat de la batterie et du e-liquide<\/li>\n<li><strong>Rechargeable 850mAh<\/strong> batterie int\u00e9gr\u00e9e<\/li>\n<li><strong>charge Type-C<\/strong> (c\u00e2ble pas toujours inclus)<\/li>\n<\/ul>\n<h3>Pourquoi vous allez l\u2019aimer<\/h3>\n<ul>\n<li><strong>Pas de remplissage, pas d'installation :<\/strong> ouvrez et vapez<\/li>\n<li><strong>Livraison de saveur stable :<\/strong> la r\u00e9sistance en mesh aide \u00e0 garder les notes tropicales propres et constantes<\/li>\n<li><strong>Utilisation quotidienne plus intelligente :<\/strong> l'affichage facilite la planification de la recharge et indique quand il est temps de remplacer<\/li>\n<\/ul>\n<p>Explorez plus de saveurs et d'options RandM sur <a href=\"https:\/\/fumot.uk\/fr\/\">fumot.uk<\/a>, ou parcourez notre collection compl\u00e8te de <a href=\"https:\/\/fumot.uk\/fr\/product-category\/randm-tornado-12000-puffs\/\">RandM Tornado 12000 Puffs<\/a> pour trouver votre prochain favori.<\/p>\n<p><small>Remarque : Le nombre de bouff\u00e9es est une estimation et d\u00e9pend des habitudes d'utilisation individuelles. Ce produit est destin\u00e9 uniquement aux utilisateurs adultes.<\/small><\/p>","protected":false},"excerpt":{"rendered":"<p>Kiwi tropical fruit de la passion et goyave dans la vape jetable RandM Tornado 12000 Puffs\u201420ml de e-liquide, bobine en mesh, affichage LED de la batterie\/e-liquide, et appareil rechargeable 850mAh Type\u2011C. Sel de nicotine : 0\/2\/3\/5%.<\/p>","protected":false},"featured_media":395,"comment_status":"open","ping_status":"closed","template":"","meta":[],"product_brand":[],"product_cat":[58,59,17],"product_tag":[60,20,23,45,25,46,26,62,28],"class_list":{"0":"post-370","1":"product","2":"type-product","3":"status-publish","4":"has-post-thumbnail","6":"product_cat-12000-puff","7":"product_cat-randm-tornado-12000-puffs","8":"product_cat-vape","9":"product_tag-20ml","10":"product_tag-850mah","11":"product_tag-display","12":"product_tag-kiwi","13":"product_tag-mesh-coil","14":"product_tag-passion-fruit","15":"product_tag-rechargeable","16":"product_tag-sale-vape","17":"product_tag-type-c","19":"first","20":"instock","21":"sale","22":"shipping-taxable","23":"purchasable","24":"product-type-variable","25":"has-default-attributes"},"yoast_head":"<!-- This site is optimized with the Yoast SEO plugin v26.8 - https:\/\/yoast.com\/product\/yoast-seo-wordpress\/ -->\n<title>RandM Tornado 12000 Kiwi Passion Fruit Guava | fumot.uk<\/title>\n<meta name=\"description\" content=\"RandM Tornado 12000 Puffs Kiwi Passion Fruit Guava disposable vape: 20ml e-liquid, mesh coil, LED display, 850mAh rechargeable Type\u2011C. 0\/2\/3\/5%.\" \/>\n<meta name=\"robots\" content=\"index, follow, max-snippet:-1, max-image-preview:large, max-video-preview:-1\" \/>\n<link rel=\"canonical\" href=\"https:\/\/fumot.uk\/fr\/product\/kiwi-passion-fruit-guava-randm-tornado-12000-puffs\/\" \/>\n<meta property=\"og:locale\" content=\"fr_FR\" \/>\n<meta property=\"og:type\" content=\"article\" \/>\n<meta property=\"og:title\" content=\"Kiwi Passion Fruit Guava \u2013 RandM Tornado 12000 Puffs\" \/>\n<meta property=\"og:description\" content=\"A bright tropical blend with mesh-coil smoothness, LED battery\/e-liquid display, 20ml e-liquid and 850mAh rechargeable Type\u2011C. Shop on fumot.uk.\" \/>\n<meta property=\"og:url\" content=\"https:\/\/fumot.uk\/fr\/product\/kiwi-passion-fruit-guava-randm-tornado-12000-puffs\/\" \/>\n<meta property=\"og:site_name\" content=\"Fumot Official Direct | Straight from the Factory, 100% Genuine\" \/>\n<meta property=\"article:modified_time\" content=\"2026-01-20T07:05:55+00:00\" \/>\n<meta property=\"og:image\" content=\"https:\/\/fumot.uk\/wp-content\/uploads\/2026\/01\/Randm-Tornado-12000-Puffs-Kiwi-passion-fruit-guava-Disposable-Vape-scaled-1.jpg\" \/>\n\t<meta property=\"og:image:width\" content=\"2560\" \/>\n\t<meta property=\"og:image:height\" content=\"2560\" \/>\n\t<meta property=\"og:image:type\" content=\"image\/jpeg\" \/>\n<meta name=\"twitter:card\" content=\"summary_large_image\" \/>\n<meta name=\"twitter:label1\" content=\"Dur\u00e9e de lecture estim\u00e9e\" \/>\n\t<meta name=\"twitter:data1\" content=\"2 minutes\" \/>\n<script type=\"application\/ld+json\" class=\"yoast-schema-graph\">{\"@context\":\"https:\/\/schema.org\",\"@graph\":[{\"@type\":\"WebPage\",\"@id\":\"https:\/\/fumot.uk\/product\/kiwi-passion-fruit-guava-randm-tornado-12000-puffs\/\",\"url\":\"https:\/\/fumot.uk\/product\/kiwi-passion-fruit-guava-randm-tornado-12000-puffs\/\",\"name\":\"RandM Tornado 12000 Kiwi Passion Fruit Guava | fumot.uk\",\"isPartOf\":{\"@id\":\"https:\/\/fumot.uk\/#website\"},\"primaryImageOfPage\":{\"@id\":\"https:\/\/fumot.uk\/product\/kiwi-passion-fruit-guava-randm-tornado-12000-puffs\/#primaryimage\"},\"image\":{\"@id\":\"https:\/\/fumot.uk\/product\/kiwi-passion-fruit-guava-randm-tornado-12000-puffs\/#primaryimage\"},\"thumbnailUrl\":\"https:\/\/fumot.uk\/wp-content\/uploads\/2026\/01\/Randm-Tornado-12000-Puffs-Kiwi-passion-fruit-guava-Disposable-Vape-scaled-1.jpg\",\"datePublished\":\"2026-01-20T02:43:44+00:00\",\"dateModified\":\"2026-01-20T07:05:55+00:00\",\"description\":\"RandM Tornado 12000 Puffs Kiwi Passion Fruit Guava disposable vape: 20ml e-liquid, mesh coil, LED display, 850mAh rechargeable Type\u2011C. 0\/2\/3\/5%.\",\"breadcrumb\":{\"@id\":\"https:\/\/fumot.uk\/product\/kiwi-passion-fruit-guava-randm-tornado-12000-puffs\/#breadcrumb\"},\"inLanguage\":\"fr-FR\",\"potentialAction\":[{\"@type\":\"ReadAction\",\"target\":[\"https:\/\/fumot.uk\/product\/kiwi-passion-fruit-guava-randm-tornado-12000-puffs\/\"]}]},{\"@type\":\"ImageObject\",\"inLanguage\":\"fr-FR\",\"@id\":\"https:\/\/fumot.uk\/product\/kiwi-passion-fruit-guava-randm-tornado-12000-puffs\/#primaryimage\",\"url\":\"https:\/\/fumot.uk\/wp-content\/uploads\/2026\/01\/Randm-Tornado-12000-Puffs-Kiwi-passion-fruit-guava-Disposable-Vape-scaled-1.jpg\",\"contentUrl\":\"https:\/\/fumot.uk\/wp-content\/uploads\/2026\/01\/Randm-Tornado-12000-Puffs-Kiwi-passion-fruit-guava-Disposable-Vape-scaled-1.jpg\",\"width\":2560,\"height\":2560},{\"@type\":\"BreadcrumbList\",\"@id\":\"https:\/\/fumot.uk\/product\/kiwi-passion-fruit-guava-randm-tornado-12000-puffs\/#breadcrumb\",\"itemListElement\":[{\"@type\":\"ListItem\",\"position\":1,\"name\":\"Home\",\"item\":\"https:\/\/fumot.uk\/\"},{\"@type\":\"ListItem\",\"position\":2,\"name\":\"Shop\",\"item\":\"https:\/\/fumot.uk\/shop\/\"},{\"@type\":\"ListItem\",\"position\":3,\"name\":\"R&#038;M RandM Tornado 12000 Puffs Kiwi Passion Fruit Guava Disposable Vape (20ml, 850mAh, LED Display, Mesh Coil)\"}]},{\"@type\":\"WebSite\",\"@id\":\"https:\/\/fumot.uk\/#website\",\"url\":\"https:\/\/fumot.uk\/\",\"name\":\"Fumot Official Direct | Straight from the Factory, 100% Genuine\",\"description\":\"Official Website\",\"publisher\":{\"@id\":\"https:\/\/fumot.uk\/#organization\"},\"potentialAction\":[{\"@type\":\"SearchAction\",\"target\":{\"@type\":\"EntryPoint\",\"urlTemplate\":\"https:\/\/fumot.uk\/?s={search_term_string}\"},\"query-input\":{\"@type\":\"PropertyValueSpecification\",\"valueRequired\":true,\"valueName\":\"search_term_string\"}}],\"inLanguage\":\"fr-FR\"},{\"@type\":\"Organization\",\"@id\":\"https:\/\/fumot.uk\/#organization\",\"name\":\"Fumot Official Direct | Straight from the Factory, 100% Genuine\",\"url\":\"https:\/\/fumot.uk\/\",\"logo\":{\"@type\":\"ImageObject\",\"inLanguage\":\"fr-FR\",\"@id\":\"https:\/\/fumot.uk\/#\/schema\/logo\/image\/\",\"url\":\"https:\/\/fumot.uk\/wp-content\/uploads\/2026\/01\/cropped-fumot-logo1.png\",\"contentUrl\":\"https:\/\/fumot.uk\/wp-content\/uploads\/2026\/01\/cropped-fumot-logo1.png\",\"width\":152,\"height\":106,\"caption\":\"Fumot Official Direct | Straight from the Factory, 100% Genuine\"},\"image\":{\"@id\":\"https:\/\/fumot.uk\/#\/schema\/logo\/image\/\"}}]}<\/script>\n<!-- \/ Yoast SEO plugin. -->","yoast_head_json":{"title":"RandM Tornado 12000 Kiwi Fruit de la Passion Goyave | fumot.uk","description":"RandM Tornado 12000 Puffs Kiwi Passion Fruit Guava vape jetable : 20ml e-liquide, bobine en mesh, \u00e9cran LED, rechargeable 850mAh Type\u2011C. 0\/2\/3\/5%.","robots":{"index":"index","follow":"follow","max-snippet":"max-snippet:-1","max-image-preview":"max-image-preview:large","max-video-preview":"max-video-preview:-1"},"canonical":"https:\/\/fumot.uk\/fr\/product\/kiwi-passion-fruit-guava-randm-tornado-12000-puffs\/","og_locale":"fr_FR","og_type":"article","og_title":"Kiwi Passion Fruit Guava \u2013 RandM Tornado 12000 Puffs","og_description":"A bright tropical blend with mesh-coil smoothness, LED battery\/e-liquid display, 20ml e-liquid and 850mAh rechargeable Type\u2011C. Shop on fumot.uk.","og_url":"https:\/\/fumot.uk\/fr\/product\/kiwi-passion-fruit-guava-randm-tornado-12000-puffs\/","og_site_name":"Fumot Official Direct | Straight from the Factory, 100% Genuine","article_modified_time":"2026-01-20T07:05:55+00:00","og_image":[{"width":2560,"height":2560,"url":"https:\/\/fumot.uk\/wp-content\/uploads\/2026\/01\/Randm-Tornado-12000-Puffs-Kiwi-passion-fruit-guava-Disposable-Vape-scaled-1.jpg","type":"image\/jpeg"}],"twitter_card":"summary_large_image","twitter_misc":{"Dur\u00e9e de lecture estim\u00e9e":"2 minutes"},"schema":{"@context":"https:\/\/schema.org","@graph":[{"@type":"WebPage","@id":"https:\/\/fumot.uk\/product\/kiwi-passion-fruit-guava-randm-tornado-12000-puffs\/","url":"https:\/\/fumot.uk\/product\/kiwi-passion-fruit-guava-randm-tornado-12000-puffs\/","name":"RandM Tornado 12000 Kiwi Fruit de la Passion Goyave | fumot.uk","isPartOf":{"@id":"https:\/\/fumot.uk\/#website"},"primaryImageOfPage":{"@id":"https:\/\/fumot.uk\/product\/kiwi-passion-fruit-guava-randm-tornado-12000-puffs\/#primaryimage"},"image":{"@id":"https:\/\/fumot.uk\/product\/kiwi-passion-fruit-guava-randm-tornado-12000-puffs\/#primaryimage"},"thumbnailUrl":"https:\/\/fumot.uk\/wp-content\/uploads\/2026\/01\/Randm-Tornado-12000-Puffs-Kiwi-passion-fruit-guava-Disposable-Vape-scaled-1.jpg","datePublished":"2026-01-20T02:43:44+00:00","dateModified":"2026-01-20T07:05:55+00:00","description":"RandM Tornado 12000 Puffs Kiwi Passion Fruit Guava vape jetable : 20ml e-liquide, bobine en mesh, \u00e9cran LED, rechargeable 850mAh Type\u2011C. 0\/2\/3\/5%.","breadcrumb":{"@id":"https:\/\/fumot.uk\/product\/kiwi-passion-fruit-guava-randm-tornado-12000-puffs\/#breadcrumb"},"inLanguage":"fr-FR","potentialAction":[{"@type":"ReadAction","target":["https:\/\/fumot.uk\/product\/kiwi-passion-fruit-guava-randm-tornado-12000-puffs\/"]}]},{"@type":"ImageObject","inLanguage":"fr-FR","@id":"https:\/\/fumot.uk\/product\/kiwi-passion-fruit-guava-randm-tornado-12000-puffs\/#primaryimage","url":"https:\/\/fumot.uk\/wp-content\/uploads\/2026\/01\/Randm-Tornado-12000-Puffs-Kiwi-passion-fruit-guava-Disposable-Vape-scaled-1.jpg","contentUrl":"https:\/\/fumot.uk\/wp-content\/uploads\/2026\/01\/Randm-Tornado-12000-Puffs-Kiwi-passion-fruit-guava-Disposable-Vape-scaled-1.jpg","width":2560,"height":2560},{"@type":"BreadcrumbList","@id":"https:\/\/fumot.uk\/product\/kiwi-passion-fruit-guava-randm-tornado-12000-puffs\/#breadcrumb","itemListElement":[{"@type":"ListItem","position":1,"name":"Home","item":"https:\/\/fumot.uk\/"},{"@type":"ListItem","position":2,"name":"Shop","item":"https:\/\/fumot.uk\/shop\/"},{"@type":"ListItem","position":3,"name":"R&#038;M RandM Tornado 12000 Puffs Kiwi Passion Fruit Guava Disposable Vape (20ml, 850mAh, LED Display, Mesh Coil)"}]},{"@type":"WebSite","@id":"https:\/\/fumot.uk\/#website","url":"https:\/\/fumot.uk\/","name":"Fumot Official Direct | Directement de l'usine, 100% Authentique","description":"Site officiel","publisher":{"@id":"https:\/\/fumot.uk\/#organization"},"potentialAction":[{"@type":"SearchAction","target":{"@type":"EntryPoint","urlTemplate":"https:\/\/fumot.uk\/?s={search_term_string}"},"query-input":{"@type":"PropertyValueSpecification","valueRequired":true,"valueName":"search_term_string"}}],"inLanguage":"fr-FR"},{"@type":"Organization","@id":"https:\/\/fumot.uk\/#organization","name":"Fumot Official Direct | Directement de l'usine, 100% Authentique","url":"https:\/\/fumot.uk\/","logo":{"@type":"ImageObject","inLanguage":"fr-FR","@id":"https:\/\/fumot.uk\/#\/schema\/logo\/image\/","url":"https:\/\/fumot.uk\/wp-content\/uploads\/2026\/01\/cropped-fumot-logo1.png","contentUrl":"https:\/\/fumot.uk\/wp-content\/uploads\/2026\/01\/cropped-fumot-logo1.png","width":152,"height":106,"caption":"Fumot Official Direct | Straight from the Factory, 100% Genuine"},"image":{"@id":"https:\/\/fumot.uk\/#\/schema\/logo\/image\/"}}]}},"_links":{"self":[{"href":"https:\/\/fumot.uk\/fr\/wp-json\/wp\/v2\/product\/370","targetHints":{"allow":["GET"]}}],"collection":[{"href":"https:\/\/fumot.uk\/fr\/wp-json\/wp\/v2\/product"}],"about":[{"href":"https:\/\/fumot.uk\/fr\/wp-json\/wp\/v2\/types\/product"}],"replies":[{"embeddable":true,"href":"https:\/\/fumot.uk\/fr\/wp-json\/wp\/v2\/comments?post=370"}],"wp:featuredmedia":[{"embeddable":true,"href":"https:\/\/fumot.uk\/fr\/wp-json\/wp\/v2\/media\/395"}],"wp:attachment":[{"href":"https:\/\/fumot.uk\/fr\/wp-json\/wp\/v2\/media?parent=370"}],"wp:term":[{"taxonomy":"product_brand","embeddable":true,"href":"https:\/\/fumot.uk\/fr\/wp-json\/wp\/v2\/product_brand?post=370"},{"taxonomy":"product_cat","embeddable":true,"href":"https:\/\/fumot.uk\/fr\/wp-json\/wp\/v2\/product_cat?post=370"},{"taxonomy":"product_tag","embeddable":true,"href":"https:\/\/fumot.uk\/fr\/wp-json\/wp\/v2\/product_tag?post=370"}],"curies":[{"name":"wp","href":"https:\/\/api.w.org\/{rel}","templated":true}]}}