{"id":369,"date":"2026-01-20T02:43:43","date_gmt":"2026-01-20T02:43:43","guid":{"rendered":"https:\/\/fumot.uk\/?post_type=product&#038;p=369"},"modified":"2026-01-20T02:45:55","modified_gmt":"2026-01-20T02:45:55","slug":"blueberry-on-ice-randm-tornado-12000-puffs","status":"publish","type":"product","link":"https:\/\/fumot.uk\/fr\/product\/blueberry-on-ice-randm-tornado-12000-puffs\/","title":{"rendered":"Blueberry on ice-Randm Tornado 12000 Puffs"},"content":{"rendered":"<p data-start=\"0\" data-end=\"308\"><strong>Randm Tornado 12000 Puffs Blueberry On Ice<\/strong> est \u00e9quip\u00e9 d'un \u00e9cran LED et de la technologie Mesh-Coil, offrant en m\u00eame temps un r\u00e9servoir de 20ML de e-liquide ainsi qu'une batterie rechargeable de 850mAh. Il r\u00e9pond \u00e0 diff\u00e9rents besoins et assure une exp\u00e9rience de vapotage durable et stable.<\/p>\n<p data-start=\"310\" data-end=\"461\" data-is-last-node=\"\" data-is-only-node=\"\"><strong>Blueberry On Ice<\/strong> combine le go\u00fbt frais des myrtilles avec une note de glace rafra\u00eechissante. Chaque bouff\u00e9e offre une double fra\u00eecheur et douceur.<\/p>\n<p data-start=\"0\" data-end=\"44\">Caract\u00e9ristiques du Randm Tornado 12000 Puffs :<\/p>\n<p data-start=\"46\" data-end=\"263\" data-is-last-node=\"\" data-is-only-node=\"\">\u2611 0\/2\/3\/5% sel de nicotine<br data-start=\"68\" data-end=\"71\" \/>\u2611 20 ml de e-liquide<br data-start=\"87\" data-end=\"90\" \/>\u2611 12000 bouff\u00e9es par appareil<br data-start=\"112\" data-end=\"115\" \/>\u2611 Indicateur de statut de la batterie et du e-liquide<br data-start=\"154\" data-end=\"157\" \/>\u2611 Batterie rechargeable<br data-start=\"181\" data-end=\"184\" \/>\u2611 R\u00e9sistance en mesh<br data-start=\"195\" data-end=\"198\" \/>\u2611 Batterie int\u00e9gr\u00e9e de 850mAh<br data-start=\"224\" data-end=\"227\" \/>\u2611 40 saveurs disponibles<\/p>\n<div class=\"text-base my-auto mx-auto py-5 [--thread-content-margin:--spacing(4)] @[37rem]:[--thread-content-margin:--spacing(6)] @[72rem]:[--thread-content-margin:--spacing(16)] px-(--thread-content-margin)\">\n<div class=\"[--thread-content-max-width:32rem] @[34rem]:[--thread-content-max-width:40rem] @[64rem]:[--thread-content-max-width:48rem] mx-auto flex max-w-(--thread-content-max-width) flex-1 text-base gap-4 md:gap-5 lg:gap-6 group\/turn-messages focus-visible:outline-hidden\" tabindex=\"-1\">\n<div class=\"group\/conversation-turn relative flex w-full min-w-0 flex-col agent-turn\">\n<div class=\"relative flex-col gap-1 md:gap-3\">\n<div class=\"flex max-w-full flex-col grow\">\n<div class=\"min-h-8 text-message relative flex w-full flex-col items-end gap-2 text-start break-words whitespace-normal [.text-message+&amp;]:mt-5\" dir=\"auto\" data-message-author-role=\"assistant\" data-message-id=\"d5b23223-a108-4603-8ba8-4809768ea77b\" data-message-model-slug=\"gpt-4o\">\n<div class=\"flex w-full flex-col gap-1 empty:hidden first:pt-[3px]\">\n<div class=\"markdown prose dark:prose-invert w-full break-words light\">\n<div class=\"relative flex-col gap-1 md:gap-3\">\n<div class=\"flex max-w-full flex-col grow\">\n<div class=\"min-h-8 text-message relative flex w-full flex-col items-end gap-2 text-start break-words whitespace-normal [.text-message+&amp;]:mt-5\" dir=\"auto\" data-message-author-role=\"assistant\" data-message-id=\"c0a3e990-46b2-4a29-9b2f-fc086273552f\" data-message-model-slug=\"gpt-4o\">\n<div class=\"flex w-full flex-col gap-1 empty:hidden first:pt-[3px]\">\n<div class=\"markdown prose dark:prose-invert w-full break-words light\">\n<article class=\"text-token-text-primary w-full\" dir=\"auto\" data-testid=\"conversation-turn-20\" data-scroll-anchor=\"true\">\n<div class=\"text-base my-auto mx-auto py-5 [--thread-content-margin:--spacing(4)] @[37rem]:[--thread-content-margin:--spacing(6)] @[72rem]:[--thread-content-margin:--spacing(16)] px-(--thread-content-margin)\">\n<div class=\"[--thread-content-max-width:32rem] @[34rem]:[--thread-content-max-width:40rem] @[64rem]:[--thread-content-max-width:48rem] mx-auto flex max-w-(--thread-content-max-width) flex-1 text-base gap-4 md:gap-5 lg:gap-6 group\/turn-messages focus-visible:outline-hidden\" tabindex=\"-1\">\n<div class=\"group\/conversation-turn relative flex w-full min-w-0 flex-col agent-turn\">\n<div class=\"relative flex-col gap-1 md:gap-3\">\n<div class=\"flex max-w-full flex-col grow\">\n<div class=\"min-h-8 text-message relative flex w-full flex-col items-end gap-2 text-start break-words whitespace-normal [.text-message+&amp;]:mt-5\" dir=\"auto\" data-message-author-role=\"assistant\" data-message-id=\"d52c15e3-abeb-483a-8c4f-fb80d8bb8192\" data-message-model-slug=\"gpt-4-1-mini\">\n<div class=\"flex w-full flex-col gap-1 empty:hidden first:pt-[3px]\">\n<div class=\"markdown prose dark:prose-invert w-full break-words light\">\n<article class=\"text-token-text-primary w-full\" dir=\"auto\" data-testid=\"conversation-turn-28\" data-scroll-anchor=\"true\">\n<div class=\"text-base my-auto mx-auto py-5 [--thread-content-margin:--spacing(4)] @[37rem]:[--thread-content-margin:--spacing(6)] @[72rem]:[--thread-content-margin:--spacing(16)] px-(--thread-content-margin)\">\n<div class=\"[--thread-content-max-width:32rem] @[34rem]:[--thread-content-max-width:40rem] @[64rem]:[--thread-content-max-width:48rem] mx-auto flex max-w-(--thread-content-max-width) flex-1 text-base gap-4 md:gap-5 lg:gap-6 group\/turn-messages focus-visible:outline-hidden\" tabindex=\"-1\">\n<div class=\"group\/conversation-turn relative flex w-full min-w-0 flex-col agent-turn\">\n<div class=\"relative flex-col gap-1 md:gap-3\">\n<div class=\"flex max-w-full flex-col grow\">\n<div class=\"min-h-8 text-message relative flex w-full flex-col items-end gap-2 text-start break-words whitespace-normal [.text-message+&amp;]:mt-5\" dir=\"auto\" data-message-author-role=\"assistant\" data-message-id=\"0a1ae15e-7a04-4344-95db-eb475fccc688\" data-message-model-slug=\"gpt-4-1-mini\">\n<div class=\"flex w-full flex-col gap-1 empty:hidden first:pt-[3px]\">\n<div class=\"markdown prose dark:prose-invert w-full break-words light\">\n<div class=\"flex max-w-full flex-col grow\">\n<div class=\"min-h-8 text-message relative flex w-full flex-col items-end gap-2 text-start break-words whitespace-normal [.text-message+&amp;]:mt-5\" dir=\"auto\" data-message-author-role=\"assistant\" data-message-id=\"80fe737e-b3e3-4bf4-a793-bb47343173a5\" data-message-model-slug=\"gpt-4-1-mini\">\n<div class=\"flex w-full flex-col gap-1 empty:hidden first:pt-[3px]\">\n<div class=\"markdown prose dark:prose-invert w-full break-words light\">\n<article class=\"text-token-text-primary w-full\" dir=\"auto\" data-testid=\"conversation-turn-10\" data-scroll-anchor=\"true\">\n<div class=\"text-base my-auto mx-auto py-5 [--thread-content-margin:--spacing(4)] @[37rem]:[--thread-content-margin:--spacing(6)] @[72rem]:[--thread-content-margin:--spacing(16)] px-(--thread-content-margin)\">\n<div class=\"[--thread-content-max-width:32rem] @[34rem]:[--thread-content-max-width:40rem] @[64rem]:[--thread-content-max-width:48rem] mx-auto flex max-w-(--thread-content-max-width) flex-1 text-base gap-4 md:gap-5 lg:gap-6 group\/turn-messages focus-visible:outline-hidden\" tabindex=\"-1\">\n<div class=\"group\/conversation-turn relative flex w-full min-w-0 flex-col agent-turn\">\n<div class=\"relative flex-col gap-1 md:gap-3\">\n<div class=\"flex max-w-full flex-col grow\">\n<div class=\"min-h-8 text-message relative flex w-full flex-col items-end gap-2 text-start break-words whitespace-normal [.text-message+&amp;]:mt-5\" dir=\"auto\" data-message-author-role=\"assistant\" data-message-id=\"c3953f09-ccfa-40ab-b057-522649433b2c\" data-message-model-slug=\"gpt-4-1-mini\">\n<div class=\"flex w-full flex-col gap-1 empty:hidden first:pt-[3px]\">\n<div class=\"markdown prose dark:prose-invert w-full break-words light\">\n<p data-start=\"0\" data-end=\"240\" data-is-last-node=\"\" data-is-only-node=\"\">En tant qu'entreprise \u00e9mergente de cigarettes \u00e9lectroniques, <a href=\"http:\/\/ultravape.de\">ultravape.de<\/a> vous offrira les cigarettes \u00e9lectroniques de la plus haute qualit\u00e9 et le meilleur service.<br \/>\nSi vous cherchez une cigarette \u00e9lectronique de haute qualit\u00e9, vous pouvez essayer le <a href=\"https:\/\/ultravape.de\/product-category\/randm-tornado-12000-puffs\/\">Randm Tornado 12000 Puffs<\/a> essayer.<\/p>\n<\/div>\n<\/div>\n<\/div>\n<\/div>\n<\/div>\n<\/div>\n<\/div>\n<\/div>\n<\/article>\n<\/div>\n<\/div>\n<\/div>\n<\/div>\n<\/div>\n<\/div>\n<\/div>\n<\/div>\n<\/div>\n<\/div>\n<\/div>\n<\/div>\n<\/article>\n<\/div>\n<\/div>\n<\/div>\n<\/div>\n<\/div>\n<\/div>\n<\/div>\n<\/div>\n<\/article>\n<\/div>\n<\/div>\n<\/div>\n<\/div>\n<\/div>\n<\/div>\n<\/div>\n<\/div>\n<\/div>\n<\/div>\n<\/div>\n<\/div>\n<\/div>","protected":false},"excerpt":{"rendered":"<p>Randm Tornado 12000 Puffs Blueberry On Ice est \u00e9quip\u00e9 d'un \u00e9cran LED et de la technologie Mesh-Coil, offrant en m\u00eame temps un r\u00e9servoir d'e-liquide de 20ML ainsi qu'une batterie rechargeable de 850mAh. Il r\u00e9pond \u00e0 diff\u00e9rents besoins et assure une exp\u00e9rience de vapotage durable et stable. Blueberry On Ice combine le go\u00fbt frais des myrtilles avec une note de glace rafra\u00eechissante. Chaque bouff\u00e9e offre une [\u2026]<\/p>","protected":false},"featured_media":394,"comment_status":"open","ping_status":"closed","template":"","meta":[],"product_brand":[],"product_cat":[58,59,17],"product_tag":[60,20,33,23,29,25,26,62,28],"class_list":{"0":"post-369","1":"product","2":"type-product","3":"status-publish","4":"has-post-thumbnail","6":"product_cat-12000-puff","7":"product_cat-randm-tornado-12000-puffs","8":"product_cat-vape","9":"product_tag-20ml","10":"product_tag-850mah","11":"product_tag-blueberry","12":"product_tag-display","13":"product_tag-ice","14":"product_tag-mesh-coil","15":"product_tag-rechargeable","16":"product_tag-sale-vape","17":"product_tag-type-c","19":"first","20":"instock","21":"sale","22":"shipping-taxable","23":"purchasable","24":"product-type-variable","25":"has-default-attributes"},"yoast_head":"<!-- This site is optimized with the Yoast SEO plugin v26.8 - https:\/\/yoast.com\/product\/yoast-seo-wordpress\/ -->\n<title>Blueberry on ice-Randm Tornado 12000 Puffs - Fumot Official Direct | Straight from the Factory, 100% Genuine<\/title>\n<meta name=\"robots\" content=\"index, follow, max-snippet:-1, max-image-preview:large, max-video-preview:-1\" \/>\n<link rel=\"canonical\" href=\"https:\/\/fumot.uk\/fr\/product\/blueberry-on-ice-randm-tornado-12000-puffs\/\" \/>\n<meta property=\"og:locale\" content=\"fr_FR\" \/>\n<meta property=\"og:type\" content=\"article\" \/>\n<meta property=\"og:title\" content=\"Blueberry on ice-Randm Tornado 12000 Puffs - Fumot Official Direct | Straight from the Factory, 100% Genuine\" \/>\n<meta property=\"og:description\" content=\"Randm Tornado 12000 Puffs Blueberry On Ice ist mit einem LED-Display und Mesh-Coil-Technologie ausgestattet und bietet gleichzeitig einen 20ML gro\u00dfen E-Liquid-Beh\u00e4lter sowie einen 850mAh wiederaufladbaren Akku. Es erf\u00fcllt unterschiedliche Bed\u00fcrfnisse und sorgt f\u00fcr ein dauerhaftes und stabiles Dampferlebnis. Blueberry On Ice kombiniert den frischen Geschmack von Blaubeeren mit einer erfrischenden Eisnote. Jeder Zug bietet eine [&hellip;]\" \/>\n<meta property=\"og:url\" content=\"https:\/\/fumot.uk\/fr\/product\/blueberry-on-ice-randm-tornado-12000-puffs\/\" \/>\n<meta property=\"og:site_name\" content=\"Fumot Official Direct | Straight from the Factory, 100% Genuine\" \/>\n<meta property=\"article:modified_time\" content=\"2026-01-20T02:45:55+00:00\" \/>\n<meta property=\"og:image\" content=\"https:\/\/fumot.uk\/wp-content\/uploads\/2026\/01\/Randm-Tornado-12000-Puffs-Blueberry-on-ice-Disposable-Vape-scaled-1.jpg\" \/>\n\t<meta property=\"og:image:width\" content=\"2560\" \/>\n\t<meta property=\"og:image:height\" content=\"2560\" \/>\n\t<meta property=\"og:image:type\" content=\"image\/jpeg\" \/>\n<meta name=\"twitter:card\" content=\"summary_large_image\" \/>\n<meta name=\"twitter:label1\" content=\"Dur\u00e9e de lecture estim\u00e9e\" \/>\n\t<meta name=\"twitter:data1\" content=\"2 minutes\" \/>\n<script type=\"application\/ld+json\" class=\"yoast-schema-graph\">{\"@context\":\"https:\/\/schema.org\",\"@graph\":[{\"@type\":\"WebPage\",\"@id\":\"https:\/\/fumot.uk\/product\/blueberry-on-ice-randm-tornado-12000-puffs\/\",\"url\":\"https:\/\/fumot.uk\/product\/blueberry-on-ice-randm-tornado-12000-puffs\/\",\"name\":\"Blueberry on ice-Randm Tornado 12000 Puffs - Fumot Official Direct | Straight from the Factory, 100% Genuine\",\"isPartOf\":{\"@id\":\"https:\/\/fumot.uk\/#website\"},\"primaryImageOfPage\":{\"@id\":\"https:\/\/fumot.uk\/product\/blueberry-on-ice-randm-tornado-12000-puffs\/#primaryimage\"},\"image\":{\"@id\":\"https:\/\/fumot.uk\/product\/blueberry-on-ice-randm-tornado-12000-puffs\/#primaryimage\"},\"thumbnailUrl\":\"https:\/\/fumot.uk\/wp-content\/uploads\/2026\/01\/Randm-Tornado-12000-Puffs-Blueberry-on-ice-Disposable-Vape-scaled-1.jpg\",\"datePublished\":\"2026-01-20T02:43:43+00:00\",\"dateModified\":\"2026-01-20T02:45:55+00:00\",\"breadcrumb\":{\"@id\":\"https:\/\/fumot.uk\/product\/blueberry-on-ice-randm-tornado-12000-puffs\/#breadcrumb\"},\"inLanguage\":\"fr-FR\",\"potentialAction\":[{\"@type\":\"ReadAction\",\"target\":[\"https:\/\/fumot.uk\/product\/blueberry-on-ice-randm-tornado-12000-puffs\/\"]}]},{\"@type\":\"ImageObject\",\"inLanguage\":\"fr-FR\",\"@id\":\"https:\/\/fumot.uk\/product\/blueberry-on-ice-randm-tornado-12000-puffs\/#primaryimage\",\"url\":\"https:\/\/fumot.uk\/wp-content\/uploads\/2026\/01\/Randm-Tornado-12000-Puffs-Blueberry-on-ice-Disposable-Vape-scaled-1.jpg\",\"contentUrl\":\"https:\/\/fumot.uk\/wp-content\/uploads\/2026\/01\/Randm-Tornado-12000-Puffs-Blueberry-on-ice-Disposable-Vape-scaled-1.jpg\",\"width\":2560,\"height\":2560},{\"@type\":\"BreadcrumbList\",\"@id\":\"https:\/\/fumot.uk\/product\/blueberry-on-ice-randm-tornado-12000-puffs\/#breadcrumb\",\"itemListElement\":[{\"@type\":\"ListItem\",\"position\":1,\"name\":\"Home\",\"item\":\"https:\/\/fumot.uk\/\"},{\"@type\":\"ListItem\",\"position\":2,\"name\":\"Shop\",\"item\":\"https:\/\/fumot.uk\/shop\/\"},{\"@type\":\"ListItem\",\"position\":3,\"name\":\"Blueberry on ice-Randm Tornado 12000 Puffs\"}]},{\"@type\":\"WebSite\",\"@id\":\"https:\/\/fumot.uk\/#website\",\"url\":\"https:\/\/fumot.uk\/\",\"name\":\"Fumot Official Direct | Straight from the Factory, 100% Genuine\",\"description\":\"Official Website\",\"publisher\":{\"@id\":\"https:\/\/fumot.uk\/#organization\"},\"potentialAction\":[{\"@type\":\"SearchAction\",\"target\":{\"@type\":\"EntryPoint\",\"urlTemplate\":\"https:\/\/fumot.uk\/?s={search_term_string}\"},\"query-input\":{\"@type\":\"PropertyValueSpecification\",\"valueRequired\":true,\"valueName\":\"search_term_string\"}}],\"inLanguage\":\"fr-FR\"},{\"@type\":\"Organization\",\"@id\":\"https:\/\/fumot.uk\/#organization\",\"name\":\"Fumot Official Direct | Straight from the Factory, 100% Genuine\",\"url\":\"https:\/\/fumot.uk\/\",\"logo\":{\"@type\":\"ImageObject\",\"inLanguage\":\"fr-FR\",\"@id\":\"https:\/\/fumot.uk\/#\/schema\/logo\/image\/\",\"url\":\"https:\/\/fumot.uk\/wp-content\/uploads\/2026\/01\/cropped-fumot-logo1.png\",\"contentUrl\":\"https:\/\/fumot.uk\/wp-content\/uploads\/2026\/01\/cropped-fumot-logo1.png\",\"width\":152,\"height\":106,\"caption\":\"Fumot Official Direct | Straight from the Factory, 100% Genuine\"},\"image\":{\"@id\":\"https:\/\/fumot.uk\/#\/schema\/logo\/image\/\"}}]}<\/script>\n<!-- \/ Yoast SEO plugin. -->","yoast_head_json":{"title":"Myrtille sur glace-Randm Tornado 12000 Bouff\u00e9es - Fumot Officiel Direct | Directement de l'usine, 100% Authentique","robots":{"index":"index","follow":"follow","max-snippet":"max-snippet:-1","max-image-preview":"max-image-preview:large","max-video-preview":"max-video-preview:-1"},"canonical":"https:\/\/fumot.uk\/fr\/product\/blueberry-on-ice-randm-tornado-12000-puffs\/","og_locale":"fr_FR","og_type":"article","og_title":"Blueberry on ice-Randm Tornado 12000 Puffs - Fumot Official Direct | Straight from the Factory, 100% Genuine","og_description":"Randm Tornado 12000 Puffs Blueberry On Ice ist mit einem LED-Display und Mesh-Coil-Technologie ausgestattet und bietet gleichzeitig einen 20ML gro\u00dfen E-Liquid-Beh\u00e4lter sowie einen 850mAh wiederaufladbaren Akku. Es erf\u00fcllt unterschiedliche Bed\u00fcrfnisse und sorgt f\u00fcr ein dauerhaftes und stabiles Dampferlebnis. Blueberry On Ice kombiniert den frischen Geschmack von Blaubeeren mit einer erfrischenden Eisnote. Jeder Zug bietet eine [&hellip;]","og_url":"https:\/\/fumot.uk\/fr\/product\/blueberry-on-ice-randm-tornado-12000-puffs\/","og_site_name":"Fumot Official Direct | Straight from the Factory, 100% Genuine","article_modified_time":"2026-01-20T02:45:55+00:00","og_image":[{"width":2560,"height":2560,"url":"https:\/\/fumot.uk\/wp-content\/uploads\/2026\/01\/Randm-Tornado-12000-Puffs-Blueberry-on-ice-Disposable-Vape-scaled-1.jpg","type":"image\/jpeg"}],"twitter_card":"summary_large_image","twitter_misc":{"Dur\u00e9e de lecture estim\u00e9e":"2 minutes"},"schema":{"@context":"https:\/\/schema.org","@graph":[{"@type":"WebPage","@id":"https:\/\/fumot.uk\/product\/blueberry-on-ice-randm-tornado-12000-puffs\/","url":"https:\/\/fumot.uk\/product\/blueberry-on-ice-randm-tornado-12000-puffs\/","name":"Myrtille sur glace-Randm Tornado 12000 Bouff\u00e9es - Fumot Officiel Direct | Directement de l'usine, 100% Authentique","isPartOf":{"@id":"https:\/\/fumot.uk\/#website"},"primaryImageOfPage":{"@id":"https:\/\/fumot.uk\/product\/blueberry-on-ice-randm-tornado-12000-puffs\/#primaryimage"},"image":{"@id":"https:\/\/fumot.uk\/product\/blueberry-on-ice-randm-tornado-12000-puffs\/#primaryimage"},"thumbnailUrl":"https:\/\/fumot.uk\/wp-content\/uploads\/2026\/01\/Randm-Tornado-12000-Puffs-Blueberry-on-ice-Disposable-Vape-scaled-1.jpg","datePublished":"2026-01-20T02:43:43+00:00","dateModified":"2026-01-20T02:45:55+00:00","breadcrumb":{"@id":"https:\/\/fumot.uk\/product\/blueberry-on-ice-randm-tornado-12000-puffs\/#breadcrumb"},"inLanguage":"fr-FR","potentialAction":[{"@type":"ReadAction","target":["https:\/\/fumot.uk\/product\/blueberry-on-ice-randm-tornado-12000-puffs\/"]}]},{"@type":"ImageObject","inLanguage":"fr-FR","@id":"https:\/\/fumot.uk\/product\/blueberry-on-ice-randm-tornado-12000-puffs\/#primaryimage","url":"https:\/\/fumot.uk\/wp-content\/uploads\/2026\/01\/Randm-Tornado-12000-Puffs-Blueberry-on-ice-Disposable-Vape-scaled-1.jpg","contentUrl":"https:\/\/fumot.uk\/wp-content\/uploads\/2026\/01\/Randm-Tornado-12000-Puffs-Blueberry-on-ice-Disposable-Vape-scaled-1.jpg","width":2560,"height":2560},{"@type":"BreadcrumbList","@id":"https:\/\/fumot.uk\/product\/blueberry-on-ice-randm-tornado-12000-puffs\/#breadcrumb","itemListElement":[{"@type":"ListItem","position":1,"name":"Home","item":"https:\/\/fumot.uk\/"},{"@type":"ListItem","position":2,"name":"Shop","item":"https:\/\/fumot.uk\/shop\/"},{"@type":"ListItem","position":3,"name":"Blueberry on ice-Randm Tornado 12000 Puffs"}]},{"@type":"WebSite","@id":"https:\/\/fumot.uk\/#website","url":"https:\/\/fumot.uk\/","name":"Fumot Official Direct | Directement de l'usine, 100% Authentique","description":"Site officiel","publisher":{"@id":"https:\/\/fumot.uk\/#organization"},"potentialAction":[{"@type":"SearchAction","target":{"@type":"EntryPoint","urlTemplate":"https:\/\/fumot.uk\/?s={search_term_string}"},"query-input":{"@type":"PropertyValueSpecification","valueRequired":true,"valueName":"search_term_string"}}],"inLanguage":"fr-FR"},{"@type":"Organization","@id":"https:\/\/fumot.uk\/#organization","name":"Fumot Official Direct | Directement de l'usine, 100% Authentique","url":"https:\/\/fumot.uk\/","logo":{"@type":"ImageObject","inLanguage":"fr-FR","@id":"https:\/\/fumot.uk\/#\/schema\/logo\/image\/","url":"https:\/\/fumot.uk\/wp-content\/uploads\/2026\/01\/cropped-fumot-logo1.png","contentUrl":"https:\/\/fumot.uk\/wp-content\/uploads\/2026\/01\/cropped-fumot-logo1.png","width":152,"height":106,"caption":"Fumot Official Direct | Straight from the Factory, 100% Genuine"},"image":{"@id":"https:\/\/fumot.uk\/#\/schema\/logo\/image\/"}}]}},"_links":{"self":[{"href":"https:\/\/fumot.uk\/fr\/wp-json\/wp\/v2\/product\/369","targetHints":{"allow":["GET"]}}],"collection":[{"href":"https:\/\/fumot.uk\/fr\/wp-json\/wp\/v2\/product"}],"about":[{"href":"https:\/\/fumot.uk\/fr\/wp-json\/wp\/v2\/types\/product"}],"replies":[{"embeddable":true,"href":"https:\/\/fumot.uk\/fr\/wp-json\/wp\/v2\/comments?post=369"}],"wp:featuredmedia":[{"embeddable":true,"href":"https:\/\/fumot.uk\/fr\/wp-json\/wp\/v2\/media\/394"}],"wp:attachment":[{"href":"https:\/\/fumot.uk\/fr\/wp-json\/wp\/v2\/media?parent=369"}],"wp:term":[{"taxonomy":"product_brand","embeddable":true,"href":"https:\/\/fumot.uk\/fr\/wp-json\/wp\/v2\/product_brand?post=369"},{"taxonomy":"product_cat","embeddable":true,"href":"https:\/\/fumot.uk\/fr\/wp-json\/wp\/v2\/product_cat?post=369"},{"taxonomy":"product_tag","embeddable":true,"href":"https:\/\/fumot.uk\/fr\/wp-json\/wp\/v2\/product_tag?post=369"}],"curies":[{"name":"wp","href":"https:\/\/api.w.org\/{rel}","templated":true}]}}