{"id":3594,"date":"2026-01-20T10:14:16","date_gmt":"2026-01-20T10:14:16","guid":{"rendered":"https:\/\/fumot.uk\/?post_type=product&#038;p=3594"},"modified":"2026-01-21T01:27:08","modified_gmt":"2026-01-21T01:27:08","slug":"waspe-fw-30000-puffs-watermelon-mango-peach","status":"publish","type":"product","link":"https:\/\/fumot.uk\/fr\/product\/waspe-fw-30000-puffs-watermelon-mango-peach\/","title":{"rendered":"WASPE FW-30000 Vape Jetable (30 000 Bouff\u00e9es) \u2013 Past\u00e8que Mangue P\u00eache, Double R\u00e9sistance en Maille, \u00c9cran LED, Flux d'Air R\u00e9glable"},"content":{"rendered":"<h2>WASPE FW-30000 Past\u00e8que Mangue P\u00eache (30,000 Bouff\u00e9es)<\/h2>\n<p>Savourez un trio tropical lumineux \u00e0 chaque inhalation : <strong>Past\u00e8que Mangue P\u00eache<\/strong>. La past\u00e8que juteuse m\u00e8ne avec une douceur propre et rafra\u00eechissante, suivie de la profondeur de la mangue m\u00fbre et d'une finition p\u00eache douce. Le r\u00e9sultat est une vape fruit\u00e9e en couches qui reste \u00e9quilibr\u00e9e\u2014douce, vibrante et facile \u00e0 appr\u00e9cier toute la journ\u00e9e.<\/p>\n<h3>Profil de Saveur : Past\u00e8que \u2022 Mangue \u2022 P\u00eache<\/h3>\n<ul>\n<li><strong>Note de t\u00eate :<\/strong> past\u00e8que croquante<\/li>\n<li><strong>Milieu :<\/strong> douceur de mangue riche<\/li>\n<li><strong>Finition :<\/strong> p\u00eache douce et moelleuse<\/li>\n<\/ul>\n<h3>Pourquoi vous aimerez le FW-30000<\/h3>\n<ul>\n<li><strong>Jusqu'\u00e0 30 000 bouff\u00e9es (Mode r\u00e9gulier)<\/strong> pour une utilisation longue dur\u00e9e<\/li>\n<li><strong>Mode impulsion (jusqu'\u00e0 15,000 bouff\u00e9es)<\/strong> pour une inhalation plus forte et plus intense<\/li>\n<li><strong>Double Bobine Mesh (1\u03a9 + 1\u03a9)<\/strong> aide \u00e0 d\u00e9livrer une saveur propre et une vapeur constante<\/li>\n<li><strong>Flux d'air ajustable<\/strong> pour affiner votre aspiration<\/li>\n<li><strong>Affichage LED intelligent<\/strong> montre l'\u00e9tat de la batterie et du e-liquide en un coup d'\u0153il<\/li>\n<li><strong>Capacit\u00e9 de 28ml de e-liquide<\/strong> pour une vape prolong\u00e9e entre les charges<\/li>\n<li><strong>Batterie rechargeable 850mAh<\/strong> avec <strong>USB Type-C<\/strong> chargement<\/li>\n<\/ul>\n<h3>Modes &amp; Flux d'air<\/h3>\n<p>Le contr\u00f4le de flux d'air rotatif vous permet de passer d'une sensation plus douce \u00e0 plus ouverte. Choisissez :<\/p>\n<ul>\n<li><strong>R\u00e9gulier :<\/strong> jusqu'\u00e0 <strong>30 000 bouff\u00e9es<\/strong>\u2014id\u00e9al pour une saveur r\u00e9guli\u00e8re quotidienne<\/li>\n<li><strong>Impulsion :<\/strong> jusqu'\u00e0 <strong>15 000 bouff\u00e9es<\/strong>\u2014go\u00fbt plus audacieux et sensation de gorge plus forte<\/li>\n<\/ul>\n<h3>Sp\u00e9cifications<\/h3>\n<ul>\n<li><strong>Bouff\u00e9es :<\/strong> R\u00e9gulier 30,000 \/ Impulsion 15,000<\/li>\n<li><strong>R\u00e9sistance :<\/strong> Double maille 1\u03a9 + 1\u03a9<\/li>\n<li><strong>E-liquide :<\/strong> 28ml<\/li>\n<li><strong>Nicotine :<\/strong> 0% \/ 2% \/ 5%<\/li>\n<li><strong>Batterie :<\/strong> 850mAh<\/li>\n<li><strong>Chargement :<\/strong> Type-C (rechargeable)<\/li>\n<li><strong>Caract\u00e9ristiques :<\/strong> Flux d'air ajustable, affichage LED<\/li>\n<\/ul>\n<h3>Explorez plus sur fumot.uk<\/h3>\n<p>Vous cherchez plus de jetables longue dur\u00e9e et de saveurs fruit\u00e9es ? Parcourez notre collection \u00e0 <a href=\"https:\/\/fumot.uk\/fr\/\">fumot.uk<\/a> et d\u00e9couvrez plus d'options dans le <a href=\"https:\/\/fumot.uk\/fr\/product-category\/30000-puff\/\">Vape jetable 30,000 bouff\u00e9es<\/a> .<\/p>\n<p><em>Remarque : Le nombre de bouff\u00e9es peut varier en fonction des habitudes d'utilisation et du mode s\u00e9lectionn\u00e9.<\/em><\/p>","protected":false},"excerpt":{"rendered":"<p>WASPE FW-30000 Vape jetable Past\u00e8que Mangue P\u00eache avec jusqu'\u00e0 30 000 bouff\u00e9es (R\u00e9gulier) ou 15 000 (Pulse). Double bobine en mesh, flux d'air r\u00e9glable, \u00e9cran LED, 28ml de e-liquide, rechargeable Type\u2011C 850mAh. Nicotine : 0%\/2%\/5%.<\/p>","protected":false},"featured_media":3637,"comment_status":"open","ping_status":"closed","template":"","meta":[],"product_brand":[],"product_cat":[125,17,187],"product_tag":[84,70,124,71,20,21,72,23,73,42,30,26,28,32],"class_list":{"0":"post-3594","1":"product","2":"type-product","3":"status-publish","4":"has-post-thumbnail","6":"product_cat-30000-puff","7":"product_cat-vape","8":"product_cat-waspe-fw-30000-puffs","9":"product_tag-0-nikotin","10":"product_tag-2-nikotin","11":"product_tag-28ml","12":"product_tag-5-nikotin","13":"product_tag-850mah","14":"product_tag-adjustable-airflow","15":"product_tag-direct-to-lung","16":"product_tag-display","17":"product_tag-dual-mesh","18":"product_tag-mango","19":"product_tag-peach","20":"product_tag-rechargeable","21":"product_tag-type-c","22":"product_tag-watermelon","24":"first","25":"instock","26":"sale","27":"shipping-taxable","28":"purchasable","29":"product-type-variable","30":"has-default-attributes"},"yoast_head":"<!-- This site is optimized with the Yoast SEO plugin v26.8 - https:\/\/yoast.com\/product\/yoast-seo-wordpress\/ -->\n<title>WASPE FW-30000 Watermelon Mango Peach | 30000 Puffs<\/title>\n<meta name=\"description\" content=\"WASPE FW-30000 Watermelon Mango Peach: up to 30,000 puffs, dual mesh coil, adjustable airflow, LED display, 28ml e-liquid, 850mAh Type\u2011C rechargeable.\" \/>\n<meta name=\"robots\" content=\"index, follow, max-snippet:-1, max-image-preview:large, max-video-preview:-1\" \/>\n<link rel=\"canonical\" href=\"https:\/\/fumot.uk\/fr\/product\/waspe-fw-30000-puffs-watermelon-mango-peach\/\" \/>\n<meta property=\"og:locale\" content=\"fr_FR\" \/>\n<meta property=\"og:type\" content=\"article\" \/>\n<meta property=\"og:title\" content=\"WASPE FW-30000 \u2013 Watermelon Mango Peach (Up to 30,000 Puffs)\" \/>\n<meta property=\"og:description\" content=\"A juicy watermelon-mango-peach blend with dual mesh coil, adjustable airflow and LED display. 28ml e-liquid, 850mAh Type\u2011C rechargeable. 0\/2\/5% nicotine.\" \/>\n<meta property=\"og:url\" content=\"https:\/\/fumot.uk\/fr\/product\/waspe-fw-30000-puffs-watermelon-mango-peach\/\" \/>\n<meta property=\"og:site_name\" content=\"Fumot Official Direct | Straight from the Factory, 100% Genuine\" \/>\n<meta property=\"article:modified_time\" content=\"2026-01-21T01:27:08+00:00\" \/>\n<meta property=\"og:image\" content=\"https:\/\/fumot.uk\/wp-content\/uploads\/2026\/01\/WASPE-FW-30000-PUFFS-watermelon-mango-peach-Disposable-Vape.jpg\" \/>\n\t<meta property=\"og:image:width\" content=\"1600\" \/>\n\t<meta property=\"og:image:height\" content=\"1600\" \/>\n\t<meta property=\"og:image:type\" content=\"image\/jpeg\" \/>\n<meta name=\"twitter:card\" content=\"summary_large_image\" \/>\n<meta name=\"twitter:label1\" content=\"Dur\u00e9e de lecture estim\u00e9e\" \/>\n\t<meta name=\"twitter:data1\" content=\"2 minutes\" \/>\n<script type=\"application\/ld+json\" class=\"yoast-schema-graph\">{\"@context\":\"https:\/\/schema.org\",\"@graph\":[{\"@type\":\"WebPage\",\"@id\":\"https:\/\/fumot.uk\/product\/waspe-fw-30000-puffs-watermelon-mango-peach\/\",\"url\":\"https:\/\/fumot.uk\/product\/waspe-fw-30000-puffs-watermelon-mango-peach\/\",\"name\":\"WASPE FW-30000 Watermelon Mango Peach | 30000 Puffs\",\"isPartOf\":{\"@id\":\"https:\/\/fumot.uk\/#website\"},\"primaryImageOfPage\":{\"@id\":\"https:\/\/fumot.uk\/product\/waspe-fw-30000-puffs-watermelon-mango-peach\/#primaryimage\"},\"image\":{\"@id\":\"https:\/\/fumot.uk\/product\/waspe-fw-30000-puffs-watermelon-mango-peach\/#primaryimage\"},\"thumbnailUrl\":\"https:\/\/fumot.uk\/wp-content\/uploads\/2026\/01\/WASPE-FW-30000-PUFFS-watermelon-mango-peach-Disposable-Vape.jpg\",\"datePublished\":\"2026-01-20T10:14:16+00:00\",\"dateModified\":\"2026-01-21T01:27:08+00:00\",\"description\":\"WASPE FW-30000 Watermelon Mango Peach: up to 30,000 puffs, dual mesh coil, adjustable airflow, LED display, 28ml e-liquid, 850mAh Type\u2011C rechargeable.\",\"breadcrumb\":{\"@id\":\"https:\/\/fumot.uk\/product\/waspe-fw-30000-puffs-watermelon-mango-peach\/#breadcrumb\"},\"inLanguage\":\"fr-FR\",\"potentialAction\":[{\"@type\":\"ReadAction\",\"target\":[\"https:\/\/fumot.uk\/product\/waspe-fw-30000-puffs-watermelon-mango-peach\/\"]}]},{\"@type\":\"ImageObject\",\"inLanguage\":\"fr-FR\",\"@id\":\"https:\/\/fumot.uk\/product\/waspe-fw-30000-puffs-watermelon-mango-peach\/#primaryimage\",\"url\":\"https:\/\/fumot.uk\/wp-content\/uploads\/2026\/01\/WASPE-FW-30000-PUFFS-watermelon-mango-peach-Disposable-Vape.jpg\",\"contentUrl\":\"https:\/\/fumot.uk\/wp-content\/uploads\/2026\/01\/WASPE-FW-30000-PUFFS-watermelon-mango-peach-Disposable-Vape.jpg\",\"width\":1600,\"height\":1600},{\"@type\":\"BreadcrumbList\",\"@id\":\"https:\/\/fumot.uk\/product\/waspe-fw-30000-puffs-watermelon-mango-peach\/#breadcrumb\",\"itemListElement\":[{\"@type\":\"ListItem\",\"position\":1,\"name\":\"Home\",\"item\":\"https:\/\/fumot.uk\/\"},{\"@type\":\"ListItem\",\"position\":2,\"name\":\"Shop\",\"item\":\"https:\/\/fumot.uk\/shop\/\"},{\"@type\":\"ListItem\",\"position\":3,\"name\":\"WASPE FW-30000 Disposable Vape (30,000 Puffs) \u2013 Watermelon Mango Peach, Dual Mesh Coil, LED Display, Adjustable Airflow\"}]},{\"@type\":\"WebSite\",\"@id\":\"https:\/\/fumot.uk\/#website\",\"url\":\"https:\/\/fumot.uk\/\",\"name\":\"Fumot Official Direct | Straight from the Factory, 100% Genuine\",\"description\":\"Official Website\",\"publisher\":{\"@id\":\"https:\/\/fumot.uk\/#organization\"},\"potentialAction\":[{\"@type\":\"SearchAction\",\"target\":{\"@type\":\"EntryPoint\",\"urlTemplate\":\"https:\/\/fumot.uk\/?s={search_term_string}\"},\"query-input\":{\"@type\":\"PropertyValueSpecification\",\"valueRequired\":true,\"valueName\":\"search_term_string\"}}],\"inLanguage\":\"fr-FR\"},{\"@type\":\"Organization\",\"@id\":\"https:\/\/fumot.uk\/#organization\",\"name\":\"Fumot Official Direct | Straight from the Factory, 100% Genuine\",\"url\":\"https:\/\/fumot.uk\/\",\"logo\":{\"@type\":\"ImageObject\",\"inLanguage\":\"fr-FR\",\"@id\":\"https:\/\/fumot.uk\/#\/schema\/logo\/image\/\",\"url\":\"https:\/\/fumot.uk\/wp-content\/uploads\/2026\/01\/cropped-fumot-logo1.png\",\"contentUrl\":\"https:\/\/fumot.uk\/wp-content\/uploads\/2026\/01\/cropped-fumot-logo1.png\",\"width\":152,\"height\":106,\"caption\":\"Fumot Official Direct | Straight from the Factory, 100% Genuine\"},\"image\":{\"@id\":\"https:\/\/fumot.uk\/#\/schema\/logo\/image\/\"}}]}<\/script>\n<!-- \/ Yoast SEO plugin. -->","yoast_head_json":{"title":"WASPE FW-30000 Past\u00e8que Mangue P\u00eache | 30000 Bouff\u00e9es","description":"WASPE FW-30000 Past\u00e8que Mangue P\u00eache : jusqu'\u00e0 30 000 bouff\u00e9es, double bobine en mesh, flux d'air r\u00e9glable, \u00e9cran LED, 28ml de e-liquide, 850mAh Type\u2011C rechargeable.","robots":{"index":"index","follow":"follow","max-snippet":"max-snippet:-1","max-image-preview":"max-image-preview:large","max-video-preview":"max-video-preview:-1"},"canonical":"https:\/\/fumot.uk\/fr\/product\/waspe-fw-30000-puffs-watermelon-mango-peach\/","og_locale":"fr_FR","og_type":"article","og_title":"WASPE FW-30000 \u2013 Watermelon Mango Peach (Up to 30,000 Puffs)","og_description":"A juicy watermelon-mango-peach blend with dual mesh coil, adjustable airflow and LED display. 28ml e-liquid, 850mAh Type\u2011C rechargeable. 0\/2\/5% nicotine.","og_url":"https:\/\/fumot.uk\/fr\/product\/waspe-fw-30000-puffs-watermelon-mango-peach\/","og_site_name":"Fumot Official Direct | Straight from the Factory, 100% Genuine","article_modified_time":"2026-01-21T01:27:08+00:00","og_image":[{"width":1600,"height":1600,"url":"https:\/\/fumot.uk\/wp-content\/uploads\/2026\/01\/WASPE-FW-30000-PUFFS-watermelon-mango-peach-Disposable-Vape.jpg","type":"image\/jpeg"}],"twitter_card":"summary_large_image","twitter_misc":{"Dur\u00e9e de lecture estim\u00e9e":"2 minutes"},"schema":{"@context":"https:\/\/schema.org","@graph":[{"@type":"WebPage","@id":"https:\/\/fumot.uk\/product\/waspe-fw-30000-puffs-watermelon-mango-peach\/","url":"https:\/\/fumot.uk\/product\/waspe-fw-30000-puffs-watermelon-mango-peach\/","name":"WASPE FW-30000 Past\u00e8que Mangue P\u00eache | 30000 Bouff\u00e9es","isPartOf":{"@id":"https:\/\/fumot.uk\/#website"},"primaryImageOfPage":{"@id":"https:\/\/fumot.uk\/product\/waspe-fw-30000-puffs-watermelon-mango-peach\/#primaryimage"},"image":{"@id":"https:\/\/fumot.uk\/product\/waspe-fw-30000-puffs-watermelon-mango-peach\/#primaryimage"},"thumbnailUrl":"https:\/\/fumot.uk\/wp-content\/uploads\/2026\/01\/WASPE-FW-30000-PUFFS-watermelon-mango-peach-Disposable-Vape.jpg","datePublished":"2026-01-20T10:14:16+00:00","dateModified":"2026-01-21T01:27:08+00:00","description":"WASPE FW-30000 Past\u00e8que Mangue P\u00eache : jusqu'\u00e0 30 000 bouff\u00e9es, double bobine en mesh, flux d'air r\u00e9glable, \u00e9cran LED, 28ml de e-liquide, 850mAh Type\u2011C rechargeable.","breadcrumb":{"@id":"https:\/\/fumot.uk\/product\/waspe-fw-30000-puffs-watermelon-mango-peach\/#breadcrumb"},"inLanguage":"fr-FR","potentialAction":[{"@type":"ReadAction","target":["https:\/\/fumot.uk\/product\/waspe-fw-30000-puffs-watermelon-mango-peach\/"]}]},{"@type":"ImageObject","inLanguage":"fr-FR","@id":"https:\/\/fumot.uk\/product\/waspe-fw-30000-puffs-watermelon-mango-peach\/#primaryimage","url":"https:\/\/fumot.uk\/wp-content\/uploads\/2026\/01\/WASPE-FW-30000-PUFFS-watermelon-mango-peach-Disposable-Vape.jpg","contentUrl":"https:\/\/fumot.uk\/wp-content\/uploads\/2026\/01\/WASPE-FW-30000-PUFFS-watermelon-mango-peach-Disposable-Vape.jpg","width":1600,"height":1600},{"@type":"BreadcrumbList","@id":"https:\/\/fumot.uk\/product\/waspe-fw-30000-puffs-watermelon-mango-peach\/#breadcrumb","itemListElement":[{"@type":"ListItem","position":1,"name":"Home","item":"https:\/\/fumot.uk\/"},{"@type":"ListItem","position":2,"name":"Shop","item":"https:\/\/fumot.uk\/shop\/"},{"@type":"ListItem","position":3,"name":"WASPE FW-30000 Disposable Vape (30,000 Puffs) \u2013 Watermelon Mango Peach, Dual Mesh Coil, LED Display, Adjustable Airflow"}]},{"@type":"WebSite","@id":"https:\/\/fumot.uk\/#website","url":"https:\/\/fumot.uk\/","name":"Fumot Official Direct | Directement de l'usine, 100% Authentique","description":"Site officiel","publisher":{"@id":"https:\/\/fumot.uk\/#organization"},"potentialAction":[{"@type":"SearchAction","target":{"@type":"EntryPoint","urlTemplate":"https:\/\/fumot.uk\/?s={search_term_string}"},"query-input":{"@type":"PropertyValueSpecification","valueRequired":true,"valueName":"search_term_string"}}],"inLanguage":"fr-FR"},{"@type":"Organization","@id":"https:\/\/fumot.uk\/#organization","name":"Fumot Official Direct | Directement de l'usine, 100% Authentique","url":"https:\/\/fumot.uk\/","logo":{"@type":"ImageObject","inLanguage":"fr-FR","@id":"https:\/\/fumot.uk\/#\/schema\/logo\/image\/","url":"https:\/\/fumot.uk\/wp-content\/uploads\/2026\/01\/cropped-fumot-logo1.png","contentUrl":"https:\/\/fumot.uk\/wp-content\/uploads\/2026\/01\/cropped-fumot-logo1.png","width":152,"height":106,"caption":"Fumot Official Direct | Straight from the Factory, 100% Genuine"},"image":{"@id":"https:\/\/fumot.uk\/#\/schema\/logo\/image\/"}}]}},"_links":{"self":[{"href":"https:\/\/fumot.uk\/fr\/wp-json\/wp\/v2\/product\/3594","targetHints":{"allow":["GET"]}}],"collection":[{"href":"https:\/\/fumot.uk\/fr\/wp-json\/wp\/v2\/product"}],"about":[{"href":"https:\/\/fumot.uk\/fr\/wp-json\/wp\/v2\/types\/product"}],"replies":[{"embeddable":true,"href":"https:\/\/fumot.uk\/fr\/wp-json\/wp\/v2\/comments?post=3594"}],"wp:featuredmedia":[{"embeddable":true,"href":"https:\/\/fumot.uk\/fr\/wp-json\/wp\/v2\/media\/3637"}],"wp:attachment":[{"href":"https:\/\/fumot.uk\/fr\/wp-json\/wp\/v2\/media?parent=3594"}],"wp:term":[{"taxonomy":"product_brand","embeddable":true,"href":"https:\/\/fumot.uk\/fr\/wp-json\/wp\/v2\/product_brand?post=3594"},{"taxonomy":"product_cat","embeddable":true,"href":"https:\/\/fumot.uk\/fr\/wp-json\/wp\/v2\/product_cat?post=3594"},{"taxonomy":"product_tag","embeddable":true,"href":"https:\/\/fumot.uk\/fr\/wp-json\/wp\/v2\/product_tag?post=3594"}],"curies":[{"name":"wp","href":"https:\/\/api.w.org\/{rel}","templated":true}]}}