{"id":3592,"date":"2026-01-20T10:14:16","date_gmt":"2026-01-20T10:14:16","guid":{"rendered":"https:\/\/fumot.uk\/?post_type=product&#038;p=3592"},"modified":"2026-01-21T01:26:41","modified_gmt":"2026-01-21T01:26:41","slug":"waspe-fw-30000-puffs-strawberry-kiwi","status":"publish","type":"product","link":"https:\/\/fumot.uk\/fr\/product\/waspe-fw-30000-puffs-strawberry-kiwi\/","title":{"rendered":"WASPE FW-30000 Vape Jetable 30000 Bouff\u00e9es \u2013 Fraise Kiwi | Double Mesh, Flux d'air R\u00e9glable, \u00c9cran LED"},"content":{"rendered":"<h2>WASPE FW-30000 Fraise Kiwi (Jusqu'\u00e0 30000 Bouff\u00e9es) \u2013 Douce Fraise Rencontre Kiwi Zest\u00e9<\/h2>\n<p>Profitez d'un m\u00e9lange lumineux et fruit\u00e9 o\u00f9 <strong>la douceur de la fraise m\u00fbre<\/strong> se marie avec la <strong>fra\u00eecheur acidul\u00e9e du kiwi<\/strong>. Le <strong>WASPE FW-30000 Fraise Kiwi<\/strong> est con\u00e7u pour une saveur douce et constante et une vapeur dense\u2014id\u00e9al pour une utilisation quotidienne et en voyage. Un indicateur clair <strong>affichage LED<\/strong> vous aide \u00e0 suivre les niveaux de batterie et de e-liquide, pour que votre exp\u00e9rience de vape reste pr\u00e9visible et sans tracas.<\/p>\n<h3>Profil de saveur : Fraise Kiwi<\/h3>\n<ul>\n<li><strong>Note de t\u00eate :<\/strong> douceur juteuse de fraise<\/li>\n<li><strong>Finition :<\/strong> une touche de kiwi croquant pour un arri\u00e8re-go\u00fbt propre et rafra\u00eechissant<\/li>\n<li><strong>Global :<\/strong> go\u00fbt de fruit sucr\u00e9-acidul\u00e9 \u00e9quilibr\u00e9 avec une sensation douce dans la gorge<\/li>\n<\/ul>\n<h3>Caract\u00e9ristiques cl\u00e9s<\/h3>\n<ul>\n<li><strong>Jusqu'\u00e0 30000 bouff\u00e9es (Mode r\u00e9gulier)<\/strong> pour une performance durable<\/li>\n<li><strong>Mode Pulse :<\/strong> jusqu'\u00e0 15000 bouff\u00e9es pour un coup et une saveur plus intenses<\/li>\n<li><strong>Double Bobine Mesh (1\u03a9 + 1\u03a9)<\/strong> pour un chauffage uniforme et un go\u00fbt pur<\/li>\n<li><strong>Flux d'air ajustable<\/strong> pour affiner votre tirage (id\u00e9al pour les fans de Direct-to-Lung)<\/li>\n<li><strong>Grande capacit\u00e9 de 28ml de e-liquide<\/strong> pour une utilisation prolong\u00e9e<\/li>\n<li><strong>affichage LED<\/strong> montre l'\u00e9tat de la batterie et du e-liquide en un coup d'\u0153il<\/li>\n<li><strong>batterie rechargeable de 850mAh<\/strong> avec <strong>Rechargeable Type-C<\/strong> commodit\u00e9<\/li>\n<li><strong>Options de nicotine :<\/strong> 0% \/ 2% \/ 5% (choisissez votre force pr\u00e9f\u00e9r\u00e9e)<\/li>\n<\/ul>\n<h3>Modes Expliqu\u00e9s<\/h3>\n<ul>\n<li><strong>Mode R\u00e9gulier :<\/strong> Jusqu'\u00e0 30000 bouff\u00e9es \u2013 une vape stable et conviviale au quotidien<\/li>\n<li><strong>Mode Pulse :<\/strong> Jusqu'\u00e0 15000 bouff\u00e9es \u2013 sensation plus forte et livraison de saveur plus riche<\/li>\n<\/ul>\n<h3>Sp\u00e9cifications<\/h3>\n<ul>\n<li><strong>Produit :<\/strong> Vape Jetable WASPE FW-30000<\/li>\n<li><strong>Capacit\u00e9 d'e-liquide :<\/strong> Fraise Kiwi<\/li>\n<li><strong>E-liquide :<\/strong> 28ml<\/li>\n<li><strong>R\u00e9sistance :<\/strong> Double maille 1\u03a9 + 1\u03a9<\/li>\n<li><strong>Bouff\u00e9es :<\/strong> R\u00e9gulier 30000 \/ Pulse 15000<\/li>\n<li><strong>Batterie :<\/strong> 850mAh<\/li>\n<li><strong>Chargement :<\/strong> Type-C (Rechargeable)<\/li>\n<li><strong>Flux d'air :<\/strong> R\u00e9glable<\/li>\n<li><strong>Affichage :<\/strong> LED<\/li>\n<li><strong>Nicotine :<\/strong> 0% \/ 2% \/ 5%<\/li>\n<\/ul>\n<p>Achetez cette saveur et d\u00e9couvrez plus d'options durables sur <a href=\"https:\/\/fumot.uk\/fr\/\">fumot.uk<\/a>.<\/p>","protected":false},"excerpt":{"rendered":"<p>WASPE FW-30000 Vape jetable saveur Fraise Kiwi avec jusqu'\u00e0 30000 bouff\u00e9es (R\u00e9gulier) \/ 15000 (Pulse), 28ml d'e-liquide, double bobine en mesh, flux d'air r\u00e9glable, affichage LED, rechargeable Type-C 850mAh. Nicotine : 0%\/2%\/5%.<\/p>","protected":false},"featured_media":3635,"comment_status":"open","ping_status":"closed","template":"","meta":[],"product_brand":[],"product_cat":[125,17,187],"product_tag":[84,70,124,71,20,21,72,23,73,45,26,37,28],"class_list":{"0":"post-3592","1":"product","2":"type-product","3":"status-publish","4":"has-post-thumbnail","6":"product_cat-30000-puff","7":"product_cat-vape","8":"product_cat-waspe-fw-30000-puffs","9":"product_tag-0-nikotin","10":"product_tag-2-nikotin","11":"product_tag-28ml","12":"product_tag-5-nikotin","13":"product_tag-850mah","14":"product_tag-adjustable-airflow","15":"product_tag-direct-to-lung","16":"product_tag-display","17":"product_tag-dual-mesh","18":"product_tag-kiwi","19":"product_tag-rechargeable","20":"product_tag-strawberry","21":"product_tag-type-c","23":"first","24":"instock","25":"sale","26":"shipping-taxable","27":"purchasable","28":"product-type-variable","29":"has-default-attributes"},"yoast_head":"<!-- This site is optimized with the Yoast SEO plugin v26.8 - https:\/\/yoast.com\/product\/yoast-seo-wordpress\/ -->\n<title>WASPE FW-30000 Strawberry Kiwi 30000 Puffs | LED<\/title>\n<meta name=\"description\" content=\"WASPE FW-30000 Strawberry Kiwi: up to 30000 puffs, 28ml e-liquid, dual mesh coil, adjustable airflow, LED display, 850mAh Type\u2011C rechargeable. 0\/2\/5% nicotine.\" \/>\n<meta name=\"robots\" content=\"index, follow, max-snippet:-1, max-image-preview:large, max-video-preview:-1\" \/>\n<link rel=\"canonical\" href=\"https:\/\/fumot.uk\/fr\/product\/waspe-fw-30000-puffs-strawberry-kiwi\/\" \/>\n<meta property=\"og:locale\" content=\"fr_FR\" \/>\n<meta property=\"og:type\" content=\"article\" \/>\n<meta property=\"og:title\" content=\"WASPE FW-30000 Strawberry Kiwi \u2013 Up to 30000 Puffs\" \/>\n<meta property=\"og:description\" content=\"Sweet strawberry with a zesty kiwi finish. Dual mesh coil, adjustable airflow, LED display, 28ml e-liquid, 850mAh Type\u2011C rechargeable. Nicotine 0\/2\/5%.\" \/>\n<meta property=\"og:url\" content=\"https:\/\/fumot.uk\/fr\/product\/waspe-fw-30000-puffs-strawberry-kiwi\/\" \/>\n<meta property=\"og:site_name\" content=\"Fumot Official Direct | Straight from the Factory, 100% Genuine\" \/>\n<meta property=\"article:modified_time\" content=\"2026-01-21T01:26:41+00:00\" \/>\n<meta property=\"og:image\" content=\"https:\/\/fumot.uk\/wp-content\/uploads\/2026\/01\/WASPE-FW-30000-PUFFS-Strawberry-kiwi-Disposable-Vape.jpg\" \/>\n\t<meta property=\"og:image:width\" content=\"1600\" \/>\n\t<meta property=\"og:image:height\" content=\"1600\" \/>\n\t<meta property=\"og:image:type\" content=\"image\/jpeg\" \/>\n<meta name=\"twitter:card\" content=\"summary_large_image\" \/>\n<meta name=\"twitter:label1\" content=\"Dur\u00e9e de lecture estim\u00e9e\" \/>\n\t<meta name=\"twitter:data1\" content=\"2 minutes\" \/>\n<script type=\"application\/ld+json\" class=\"yoast-schema-graph\">{\"@context\":\"https:\/\/schema.org\",\"@graph\":[{\"@type\":\"WebPage\",\"@id\":\"https:\/\/fumot.uk\/product\/waspe-fw-30000-puffs-strawberry-kiwi\/\",\"url\":\"https:\/\/fumot.uk\/product\/waspe-fw-30000-puffs-strawberry-kiwi\/\",\"name\":\"WASPE FW-30000 Strawberry Kiwi 30000 Puffs | LED\",\"isPartOf\":{\"@id\":\"https:\/\/fumot.uk\/#website\"},\"primaryImageOfPage\":{\"@id\":\"https:\/\/fumot.uk\/product\/waspe-fw-30000-puffs-strawberry-kiwi\/#primaryimage\"},\"image\":{\"@id\":\"https:\/\/fumot.uk\/product\/waspe-fw-30000-puffs-strawberry-kiwi\/#primaryimage\"},\"thumbnailUrl\":\"https:\/\/fumot.uk\/wp-content\/uploads\/2026\/01\/WASPE-FW-30000-PUFFS-Strawberry-kiwi-Disposable-Vape.jpg\",\"datePublished\":\"2026-01-20T10:14:16+00:00\",\"dateModified\":\"2026-01-21T01:26:41+00:00\",\"description\":\"WASPE FW-30000 Strawberry Kiwi: up to 30000 puffs, 28ml e-liquid, dual mesh coil, adjustable airflow, LED display, 850mAh Type\u2011C rechargeable. 0\/2\/5% nicotine.\",\"breadcrumb\":{\"@id\":\"https:\/\/fumot.uk\/product\/waspe-fw-30000-puffs-strawberry-kiwi\/#breadcrumb\"},\"inLanguage\":\"fr-FR\",\"potentialAction\":[{\"@type\":\"ReadAction\",\"target\":[\"https:\/\/fumot.uk\/product\/waspe-fw-30000-puffs-strawberry-kiwi\/\"]}]},{\"@type\":\"ImageObject\",\"inLanguage\":\"fr-FR\",\"@id\":\"https:\/\/fumot.uk\/product\/waspe-fw-30000-puffs-strawberry-kiwi\/#primaryimage\",\"url\":\"https:\/\/fumot.uk\/wp-content\/uploads\/2026\/01\/WASPE-FW-30000-PUFFS-Strawberry-kiwi-Disposable-Vape.jpg\",\"contentUrl\":\"https:\/\/fumot.uk\/wp-content\/uploads\/2026\/01\/WASPE-FW-30000-PUFFS-Strawberry-kiwi-Disposable-Vape.jpg\",\"width\":1600,\"height\":1600},{\"@type\":\"BreadcrumbList\",\"@id\":\"https:\/\/fumot.uk\/product\/waspe-fw-30000-puffs-strawberry-kiwi\/#breadcrumb\",\"itemListElement\":[{\"@type\":\"ListItem\",\"position\":1,\"name\":\"Home\",\"item\":\"https:\/\/fumot.uk\/\"},{\"@type\":\"ListItem\",\"position\":2,\"name\":\"Shop\",\"item\":\"https:\/\/fumot.uk\/shop\/\"},{\"@type\":\"ListItem\",\"position\":3,\"name\":\"WASPE FW-30000 Disposable Vape 30000 Puffs \u2013 Strawberry Kiwi | Dual Mesh, Adjustable Airflow, LED Display\"}]},{\"@type\":\"WebSite\",\"@id\":\"https:\/\/fumot.uk\/#website\",\"url\":\"https:\/\/fumot.uk\/\",\"name\":\"Fumot Official Direct | Straight from the Factory, 100% Genuine\",\"description\":\"Official Website\",\"publisher\":{\"@id\":\"https:\/\/fumot.uk\/#organization\"},\"potentialAction\":[{\"@type\":\"SearchAction\",\"target\":{\"@type\":\"EntryPoint\",\"urlTemplate\":\"https:\/\/fumot.uk\/?s={search_term_string}\"},\"query-input\":{\"@type\":\"PropertyValueSpecification\",\"valueRequired\":true,\"valueName\":\"search_term_string\"}}],\"inLanguage\":\"fr-FR\"},{\"@type\":\"Organization\",\"@id\":\"https:\/\/fumot.uk\/#organization\",\"name\":\"Fumot Official Direct | Straight from the Factory, 100% Genuine\",\"url\":\"https:\/\/fumot.uk\/\",\"logo\":{\"@type\":\"ImageObject\",\"inLanguage\":\"fr-FR\",\"@id\":\"https:\/\/fumot.uk\/#\/schema\/logo\/image\/\",\"url\":\"https:\/\/fumot.uk\/wp-content\/uploads\/2026\/01\/cropped-fumot-logo1.png\",\"contentUrl\":\"https:\/\/fumot.uk\/wp-content\/uploads\/2026\/01\/cropped-fumot-logo1.png\",\"width\":152,\"height\":106,\"caption\":\"Fumot Official Direct | Straight from the Factory, 100% Genuine\"},\"image\":{\"@id\":\"https:\/\/fumot.uk\/#\/schema\/logo\/image\/\"}}]}<\/script>\n<!-- \/ Yoast SEO plugin. -->","yoast_head_json":{"title":"WASPE FW-30000 Fraise Kiwi 30000 Bouff\u00e9es | LED","description":"WASPE FW-30000 Fraise Kiwi : jusqu'\u00e0 30000 bouff\u00e9es, 28ml de e-liquide, double r\u00e9sistance en maille, flux d'air r\u00e9glable, affichage LED, 850mAh Type\u2011C rechargeable. 0\/2\/5% nicotine.","robots":{"index":"index","follow":"follow","max-snippet":"max-snippet:-1","max-image-preview":"max-image-preview:large","max-video-preview":"max-video-preview:-1"},"canonical":"https:\/\/fumot.uk\/fr\/product\/waspe-fw-30000-puffs-strawberry-kiwi\/","og_locale":"fr_FR","og_type":"article","og_title":"WASPE FW-30000 Strawberry Kiwi \u2013 Up to 30000 Puffs","og_description":"Sweet strawberry with a zesty kiwi finish. Dual mesh coil, adjustable airflow, LED display, 28ml e-liquid, 850mAh Type\u2011C rechargeable. Nicotine 0\/2\/5%.","og_url":"https:\/\/fumot.uk\/fr\/product\/waspe-fw-30000-puffs-strawberry-kiwi\/","og_site_name":"Fumot Official Direct | Straight from the Factory, 100% Genuine","article_modified_time":"2026-01-21T01:26:41+00:00","og_image":[{"width":1600,"height":1600,"url":"https:\/\/fumot.uk\/wp-content\/uploads\/2026\/01\/WASPE-FW-30000-PUFFS-Strawberry-kiwi-Disposable-Vape.jpg","type":"image\/jpeg"}],"twitter_card":"summary_large_image","twitter_misc":{"Dur\u00e9e de lecture estim\u00e9e":"2 minutes"},"schema":{"@context":"https:\/\/schema.org","@graph":[{"@type":"WebPage","@id":"https:\/\/fumot.uk\/product\/waspe-fw-30000-puffs-strawberry-kiwi\/","url":"https:\/\/fumot.uk\/product\/waspe-fw-30000-puffs-strawberry-kiwi\/","name":"WASPE FW-30000 Fraise Kiwi 30000 Bouff\u00e9es | LED","isPartOf":{"@id":"https:\/\/fumot.uk\/#website"},"primaryImageOfPage":{"@id":"https:\/\/fumot.uk\/product\/waspe-fw-30000-puffs-strawberry-kiwi\/#primaryimage"},"image":{"@id":"https:\/\/fumot.uk\/product\/waspe-fw-30000-puffs-strawberry-kiwi\/#primaryimage"},"thumbnailUrl":"https:\/\/fumot.uk\/wp-content\/uploads\/2026\/01\/WASPE-FW-30000-PUFFS-Strawberry-kiwi-Disposable-Vape.jpg","datePublished":"2026-01-20T10:14:16+00:00","dateModified":"2026-01-21T01:26:41+00:00","description":"WASPE FW-30000 Fraise Kiwi : jusqu'\u00e0 30000 bouff\u00e9es, 28ml de e-liquide, double r\u00e9sistance en maille, flux d'air r\u00e9glable, affichage LED, 850mAh Type\u2011C rechargeable. 0\/2\/5% nicotine.","breadcrumb":{"@id":"https:\/\/fumot.uk\/product\/waspe-fw-30000-puffs-strawberry-kiwi\/#breadcrumb"},"inLanguage":"fr-FR","potentialAction":[{"@type":"ReadAction","target":["https:\/\/fumot.uk\/product\/waspe-fw-30000-puffs-strawberry-kiwi\/"]}]},{"@type":"ImageObject","inLanguage":"fr-FR","@id":"https:\/\/fumot.uk\/product\/waspe-fw-30000-puffs-strawberry-kiwi\/#primaryimage","url":"https:\/\/fumot.uk\/wp-content\/uploads\/2026\/01\/WASPE-FW-30000-PUFFS-Strawberry-kiwi-Disposable-Vape.jpg","contentUrl":"https:\/\/fumot.uk\/wp-content\/uploads\/2026\/01\/WASPE-FW-30000-PUFFS-Strawberry-kiwi-Disposable-Vape.jpg","width":1600,"height":1600},{"@type":"BreadcrumbList","@id":"https:\/\/fumot.uk\/product\/waspe-fw-30000-puffs-strawberry-kiwi\/#breadcrumb","itemListElement":[{"@type":"ListItem","position":1,"name":"Home","item":"https:\/\/fumot.uk\/"},{"@type":"ListItem","position":2,"name":"Shop","item":"https:\/\/fumot.uk\/shop\/"},{"@type":"ListItem","position":3,"name":"WASPE FW-30000 Disposable Vape 30000 Puffs \u2013 Strawberry Kiwi | Dual Mesh, Adjustable Airflow, LED Display"}]},{"@type":"WebSite","@id":"https:\/\/fumot.uk\/#website","url":"https:\/\/fumot.uk\/","name":"Fumot Official Direct | Directement de l'usine, 100% Authentique","description":"Site officiel","publisher":{"@id":"https:\/\/fumot.uk\/#organization"},"potentialAction":[{"@type":"SearchAction","target":{"@type":"EntryPoint","urlTemplate":"https:\/\/fumot.uk\/?s={search_term_string}"},"query-input":{"@type":"PropertyValueSpecification","valueRequired":true,"valueName":"search_term_string"}}],"inLanguage":"fr-FR"},{"@type":"Organization","@id":"https:\/\/fumot.uk\/#organization","name":"Fumot Official Direct | Directement de l'usine, 100% Authentique","url":"https:\/\/fumot.uk\/","logo":{"@type":"ImageObject","inLanguage":"fr-FR","@id":"https:\/\/fumot.uk\/#\/schema\/logo\/image\/","url":"https:\/\/fumot.uk\/wp-content\/uploads\/2026\/01\/cropped-fumot-logo1.png","contentUrl":"https:\/\/fumot.uk\/wp-content\/uploads\/2026\/01\/cropped-fumot-logo1.png","width":152,"height":106,"caption":"Fumot Official Direct | Straight from the Factory, 100% Genuine"},"image":{"@id":"https:\/\/fumot.uk\/#\/schema\/logo\/image\/"}}]}},"_links":{"self":[{"href":"https:\/\/fumot.uk\/fr\/wp-json\/wp\/v2\/product\/3592","targetHints":{"allow":["GET"]}}],"collection":[{"href":"https:\/\/fumot.uk\/fr\/wp-json\/wp\/v2\/product"}],"about":[{"href":"https:\/\/fumot.uk\/fr\/wp-json\/wp\/v2\/types\/product"}],"replies":[{"embeddable":true,"href":"https:\/\/fumot.uk\/fr\/wp-json\/wp\/v2\/comments?post=3592"}],"wp:featuredmedia":[{"embeddable":true,"href":"https:\/\/fumot.uk\/fr\/wp-json\/wp\/v2\/media\/3635"}],"wp:attachment":[{"href":"https:\/\/fumot.uk\/fr\/wp-json\/wp\/v2\/media?parent=3592"}],"wp:term":[{"taxonomy":"product_brand","embeddable":true,"href":"https:\/\/fumot.uk\/fr\/wp-json\/wp\/v2\/product_brand?post=3592"},{"taxonomy":"product_cat","embeddable":true,"href":"https:\/\/fumot.uk\/fr\/wp-json\/wp\/v2\/product_cat?post=3592"},{"taxonomy":"product_tag","embeddable":true,"href":"https:\/\/fumot.uk\/fr\/wp-json\/wp\/v2\/product_tag?post=3592"}],"curies":[{"name":"wp","href":"https:\/\/api.w.org\/{rel}","templated":true}]}}