{"id":3575,"date":"2026-01-20T10:13:52","date_gmt":"2026-01-20T10:13:52","guid":{"rendered":"https:\/\/fumot.uk\/?post_type=product&#038;p=3575"},"modified":"2026-01-21T01:28:29","modified_gmt":"2026-01-21T01:28:29","slug":"waspe-fw-30000-puffs-strawberry-red-bull","status":"publish","type":"product","link":"https:\/\/fumot.uk\/fr\/product\/waspe-fw-30000-puffs-strawberry-red-bull\/","title":{"rendered":"WASPE FW-30000 Vape Jetable Red Bull Fraise (30 000 Bouff\u00e9es) | Double Mesh, D\u00e9bit d'Air R\u00e9glable, \u00c9cran LED"},"content":{"rendered":"<h2>WASPE FW-30000 Strawberry Red Bull \u2013 Douce Fraise Rencontre un Coup de Style \u00c9nerg\u00e9tique<\/h2>\n<p>Vous avez envie d'une vape fruit\u00e9e avec une touche vive ? Le <strong>WASPE FW-30000 Strawberry Red Bull<\/strong> m\u00e9lange une fraise lumineuse et sucr\u00e9e avec une finition inspir\u00e9e des boissons \u00e9nerg\u00e9tiques pour un go\u00fbt rafra\u00eechissant et en couches. Chaque bouff\u00e9e offre une inhalation douce, une saveur pure et une vapeur satisfaisante\u2014con\u00e7u pour des sessions quotidiennes ou des moments en d\u00e9placement.<\/p>\n<h3>Points forts de saveur<\/h3>\n<ul>\n<li><strong>Profil ax\u00e9 sur la fraise<\/strong> avec une note l\u00e9g\u00e8rement zest\u00e9e, de style \u00e9nerg\u00e9tique<\/li>\n<li><strong>Douceur \u00e9quilibr\u00e9e<\/strong>\u2014fruit\u00e9, pas trop lourd<\/li>\n<li><strong>Sensation douce dans la gorge<\/strong> avec une livraison de saveur constante<\/li>\n<\/ul>\n<h3>Con\u00e7u pour une Performance Longue Dur\u00e9e<\/h3>\n<p>Le <strong>WASPE FW-30000<\/strong> est con\u00e7u pour garder les choses simples tout en offrant des fonctionnalit\u00e9s premium. Un clair <strong>affichage LED<\/strong> vous aide \u00e0 suivre les niveaux de batterie et de e-liquide, pour ne pas deviner en milieu de journ\u00e9e. Le <strong>flux d'air r\u00e9glable<\/strong> vous permet d'ajuster l'inhalation \u00e0 votre pr\u00e9f\u00e9rence, tandis que le <strong>bobine double mesh<\/strong> soutient un chauffage uniforme pour une vapeur dense et une finition propre.<\/p>\n<h3>Modes Intelligents (Cadran de Flux d'Air Ajustable)<\/h3>\n<ul>\n<li><strong>Mode R\u00e9gulier :<\/strong> jusqu'\u00e0 <strong>30 000 bouff\u00e9es<\/strong> pour une utilisation quotidienne r\u00e9guli\u00e8re<\/li>\n<li><strong>Mode Pulse :<\/strong> jusqu'\u00e0 <strong>15 000 bouff\u00e9es<\/strong> pour un coup plus intense et une saveur plus audacieuse<\/li>\n<\/ul>\n<h3>Sp\u00e9cifications Cl\u00e9s<\/h3>\n<ul>\n<li><strong>Bouff\u00e9es :<\/strong> R\u00e9gulier jusqu'\u00e0 30 000 \/ Pulse jusqu'\u00e0 15 000<\/li>\n<li><strong>R\u00e9sistance :<\/strong> 1\u03a9 + 1\u03a9 Double Bobine en Maille<\/li>\n<li><strong>850mAh (rechargeable)<\/strong> 28ml<\/li>\n<li><strong>Options de Nicotine :<\/strong> 0% \/ 2% \/ 5%<\/li>\n<li><strong>Batterie :<\/strong> 850mAh<\/li>\n<li><strong>Chargement :<\/strong> Rechargeable Type-C<\/li>\n<li><strong>Affichage :<\/strong> LED (indicateurs de batterie et de e-liquide)<\/li>\n<li><strong>Flux d'air :<\/strong> R\u00e9glable<\/li>\n<\/ul>\n<h3>Choisissez Votre Force de Nicotine<\/h3>\n<p>S\u00e9lectionnez l'option qui correspond \u00e0 votre routine : <strong>0% nicotine<\/strong> pour la saveur uniquement, <strong>2%<\/strong> pour une exp\u00e9rience de nicotine plus l\u00e9g\u00e8re, ou <strong>5%<\/strong> pour un coup plus fort.<\/p>\n<p>D\u00e9couvrez plus de jetables \u00e0 haute bouff\u00e9e et de nouvelles saveurs sur <a href=\"https:\/\/fumot.uk\/fr\/\">fumot.uk<\/a>.<\/p>","protected":false},"excerpt":{"rendered":"<p>WASPE FW-30000 Strawberry Red Bull vape jetable avec jusqu'\u00e0 30 000 bouff\u00e9es (Mode R\u00e9gulier), double bobine en mesh, flux d'air r\u00e9glable, affichage LED, 28ml d'e-liquide, et chargement Type\u2011C. Nicotine : 0%\/2%\/5%.<\/p>","protected":false},"featured_media":3632,"comment_status":"open","ping_status":"closed","template":"","meta":[],"product_brand":[],"product_cat":[125,17,187],"product_tag":[84,70,124,71,20,21,72,23,73,26,64,37,28],"class_list":{"0":"post-3575","1":"product","2":"type-product","3":"status-publish","4":"has-post-thumbnail","6":"product_cat-30000-puff","7":"product_cat-vape","8":"product_cat-waspe-fw-30000-puffs","9":"product_tag-0-nikotin","10":"product_tag-2-nikotin","11":"product_tag-28ml","12":"product_tag-5-nikotin","13":"product_tag-850mah","14":"product_tag-adjustable-airflow","15":"product_tag-direct-to-lung","16":"product_tag-display","17":"product_tag-dual-mesh","18":"product_tag-rechargeable","19":"product_tag-red-bull","20":"product_tag-strawberry","21":"product_tag-type-c","23":"first","24":"instock","25":"sale","26":"shipping-taxable","27":"purchasable","28":"product-type-variable","29":"has-default-attributes"},"yoast_head":"<!-- This site is optimized with the Yoast SEO plugin v26.8 - https:\/\/yoast.com\/product\/yoast-seo-wordpress\/ -->\n<title>WASPE FW-30000 Strawberry Red Bull | 30000 Puffs<\/title>\n<meta name=\"description\" content=\"WASPE FW-30000 Strawberry Red Bull disposable vape: up to 30,000 puffs, 28ml e-liquid, dual mesh coil, adjustable airflow, LED display, Type\u2011C. 0\/2\/5% nicotine.\" \/>\n<meta name=\"robots\" content=\"index, follow, max-snippet:-1, max-image-preview:large, max-video-preview:-1\" \/>\n<link rel=\"canonical\" href=\"https:\/\/fumot.uk\/fr\/product\/waspe-fw-30000-puffs-strawberry-red-bull\/\" \/>\n<meta property=\"og:locale\" content=\"fr_FR\" \/>\n<meta property=\"og:type\" content=\"article\" \/>\n<meta property=\"og:title\" content=\"WASPE FW-30000 Strawberry Red Bull \u2013 30,000 Puffs\" \/>\n<meta property=\"og:description\" content=\"Fruity strawberry with an energy-style finish. Dual mesh coil, adjustable airflow, LED display, 28ml e-liquid, Type\u2011C charging. Nicotine 0%\/2%\/5%.\" \/>\n<meta property=\"og:url\" content=\"https:\/\/fumot.uk\/fr\/product\/waspe-fw-30000-puffs-strawberry-red-bull\/\" \/>\n<meta property=\"og:site_name\" content=\"Fumot Official Direct | Straight from the Factory, 100% Genuine\" \/>\n<meta property=\"article:modified_time\" content=\"2026-01-21T01:28:29+00:00\" \/>\n<meta property=\"og:image\" content=\"https:\/\/fumot.uk\/wp-content\/uploads\/2026\/01\/WASPE-FW-30000-PUFFS_Strawberry-Red-Bull-Disposable-Vape.jpg\" \/>\n\t<meta property=\"og:image:width\" content=\"1600\" \/>\n\t<meta property=\"og:image:height\" content=\"1600\" \/>\n\t<meta property=\"og:image:type\" content=\"image\/jpeg\" \/>\n<meta name=\"twitter:card\" content=\"summary_large_image\" \/>\n<meta name=\"twitter:label1\" content=\"Dur\u00e9e de lecture estim\u00e9e\" \/>\n\t<meta name=\"twitter:data1\" content=\"2 minutes\" \/>\n<script type=\"application\/ld+json\" class=\"yoast-schema-graph\">{\"@context\":\"https:\/\/schema.org\",\"@graph\":[{\"@type\":\"WebPage\",\"@id\":\"https:\/\/fumot.uk\/product\/waspe-fw-30000-puffs-strawberry-red-bull\/\",\"url\":\"https:\/\/fumot.uk\/product\/waspe-fw-30000-puffs-strawberry-red-bull\/\",\"name\":\"WASPE FW-30000 Strawberry Red Bull | 30000 Puffs\",\"isPartOf\":{\"@id\":\"https:\/\/fumot.uk\/#website\"},\"primaryImageOfPage\":{\"@id\":\"https:\/\/fumot.uk\/product\/waspe-fw-30000-puffs-strawberry-red-bull\/#primaryimage\"},\"image\":{\"@id\":\"https:\/\/fumot.uk\/product\/waspe-fw-30000-puffs-strawberry-red-bull\/#primaryimage\"},\"thumbnailUrl\":\"https:\/\/fumot.uk\/wp-content\/uploads\/2026\/01\/WASPE-FW-30000-PUFFS_Strawberry-Red-Bull-Disposable-Vape.jpg\",\"datePublished\":\"2026-01-20T10:13:52+00:00\",\"dateModified\":\"2026-01-21T01:28:29+00:00\",\"description\":\"WASPE FW-30000 Strawberry Red Bull disposable vape: up to 30,000 puffs, 28ml e-liquid, dual mesh coil, adjustable airflow, LED display, Type\u2011C. 0\/2\/5% nicotine.\",\"breadcrumb\":{\"@id\":\"https:\/\/fumot.uk\/product\/waspe-fw-30000-puffs-strawberry-red-bull\/#breadcrumb\"},\"inLanguage\":\"fr-FR\",\"potentialAction\":[{\"@type\":\"ReadAction\",\"target\":[\"https:\/\/fumot.uk\/product\/waspe-fw-30000-puffs-strawberry-red-bull\/\"]}]},{\"@type\":\"ImageObject\",\"inLanguage\":\"fr-FR\",\"@id\":\"https:\/\/fumot.uk\/product\/waspe-fw-30000-puffs-strawberry-red-bull\/#primaryimage\",\"url\":\"https:\/\/fumot.uk\/wp-content\/uploads\/2026\/01\/WASPE-FW-30000-PUFFS_Strawberry-Red-Bull-Disposable-Vape.jpg\",\"contentUrl\":\"https:\/\/fumot.uk\/wp-content\/uploads\/2026\/01\/WASPE-FW-30000-PUFFS_Strawberry-Red-Bull-Disposable-Vape.jpg\",\"width\":1600,\"height\":1600},{\"@type\":\"BreadcrumbList\",\"@id\":\"https:\/\/fumot.uk\/product\/waspe-fw-30000-puffs-strawberry-red-bull\/#breadcrumb\",\"itemListElement\":[{\"@type\":\"ListItem\",\"position\":1,\"name\":\"Home\",\"item\":\"https:\/\/fumot.uk\/\"},{\"@type\":\"ListItem\",\"position\":2,\"name\":\"Shop\",\"item\":\"https:\/\/fumot.uk\/shop\/\"},{\"@type\":\"ListItem\",\"position\":3,\"name\":\"WASPE FW-30000 Strawberry Red Bull Disposable Vape (30,000 Puffs) | Dual Mesh, Adjustable Airflow, LED Display\"}]},{\"@type\":\"WebSite\",\"@id\":\"https:\/\/fumot.uk\/#website\",\"url\":\"https:\/\/fumot.uk\/\",\"name\":\"Fumot Official Direct | Straight from the Factory, 100% Genuine\",\"description\":\"Official Website\",\"publisher\":{\"@id\":\"https:\/\/fumot.uk\/#organization\"},\"potentialAction\":[{\"@type\":\"SearchAction\",\"target\":{\"@type\":\"EntryPoint\",\"urlTemplate\":\"https:\/\/fumot.uk\/?s={search_term_string}\"},\"query-input\":{\"@type\":\"PropertyValueSpecification\",\"valueRequired\":true,\"valueName\":\"search_term_string\"}}],\"inLanguage\":\"fr-FR\"},{\"@type\":\"Organization\",\"@id\":\"https:\/\/fumot.uk\/#organization\",\"name\":\"Fumot Official Direct | Straight from the Factory, 100% Genuine\",\"url\":\"https:\/\/fumot.uk\/\",\"logo\":{\"@type\":\"ImageObject\",\"inLanguage\":\"fr-FR\",\"@id\":\"https:\/\/fumot.uk\/#\/schema\/logo\/image\/\",\"url\":\"https:\/\/fumot.uk\/wp-content\/uploads\/2026\/01\/cropped-fumot-logo1.png\",\"contentUrl\":\"https:\/\/fumot.uk\/wp-content\/uploads\/2026\/01\/cropped-fumot-logo1.png\",\"width\":152,\"height\":106,\"caption\":\"Fumot Official Direct | Straight from the Factory, 100% Genuine\"},\"image\":{\"@id\":\"https:\/\/fumot.uk\/#\/schema\/logo\/image\/\"}}]}<\/script>\n<!-- \/ Yoast SEO plugin. -->","yoast_head_json":{"title":"WASPE FW-30000 Red Bull Fraise | 30000 Bouff\u00e9es","description":"WASPE FW-30000 Red Bull Fraise vape jetable : jusqu'\u00e0 30 000 bouff\u00e9es, 28 ml de e-liquide, double r\u00e9sistance mesh, flux d'air r\u00e9glable, \u00e9cran LED, Type\u2011C. 0\/2\/5% nicotine.","robots":{"index":"index","follow":"follow","max-snippet":"max-snippet:-1","max-image-preview":"max-image-preview:large","max-video-preview":"max-video-preview:-1"},"canonical":"https:\/\/fumot.uk\/fr\/product\/waspe-fw-30000-puffs-strawberry-red-bull\/","og_locale":"fr_FR","og_type":"article","og_title":"WASPE FW-30000 Strawberry Red Bull \u2013 30,000 Puffs","og_description":"Fruity strawberry with an energy-style finish. Dual mesh coil, adjustable airflow, LED display, 28ml e-liquid, Type\u2011C charging. Nicotine 0%\/2%\/5%.","og_url":"https:\/\/fumot.uk\/fr\/product\/waspe-fw-30000-puffs-strawberry-red-bull\/","og_site_name":"Fumot Official Direct | Straight from the Factory, 100% Genuine","article_modified_time":"2026-01-21T01:28:29+00:00","og_image":[{"width":1600,"height":1600,"url":"https:\/\/fumot.uk\/wp-content\/uploads\/2026\/01\/WASPE-FW-30000-PUFFS_Strawberry-Red-Bull-Disposable-Vape.jpg","type":"image\/jpeg"}],"twitter_card":"summary_large_image","twitter_misc":{"Dur\u00e9e de lecture estim\u00e9e":"2 minutes"},"schema":{"@context":"https:\/\/schema.org","@graph":[{"@type":"WebPage","@id":"https:\/\/fumot.uk\/product\/waspe-fw-30000-puffs-strawberry-red-bull\/","url":"https:\/\/fumot.uk\/product\/waspe-fw-30000-puffs-strawberry-red-bull\/","name":"WASPE FW-30000 Red Bull Fraise | 30000 Bouff\u00e9es","isPartOf":{"@id":"https:\/\/fumot.uk\/#website"},"primaryImageOfPage":{"@id":"https:\/\/fumot.uk\/product\/waspe-fw-30000-puffs-strawberry-red-bull\/#primaryimage"},"image":{"@id":"https:\/\/fumot.uk\/product\/waspe-fw-30000-puffs-strawberry-red-bull\/#primaryimage"},"thumbnailUrl":"https:\/\/fumot.uk\/wp-content\/uploads\/2026\/01\/WASPE-FW-30000-PUFFS_Strawberry-Red-Bull-Disposable-Vape.jpg","datePublished":"2026-01-20T10:13:52+00:00","dateModified":"2026-01-21T01:28:29+00:00","description":"WASPE FW-30000 Red Bull Fraise vape jetable : jusqu'\u00e0 30 000 bouff\u00e9es, 28 ml de e-liquide, double r\u00e9sistance mesh, flux d'air r\u00e9glable, \u00e9cran LED, Type\u2011C. 0\/2\/5% nicotine.","breadcrumb":{"@id":"https:\/\/fumot.uk\/product\/waspe-fw-30000-puffs-strawberry-red-bull\/#breadcrumb"},"inLanguage":"fr-FR","potentialAction":[{"@type":"ReadAction","target":["https:\/\/fumot.uk\/product\/waspe-fw-30000-puffs-strawberry-red-bull\/"]}]},{"@type":"ImageObject","inLanguage":"fr-FR","@id":"https:\/\/fumot.uk\/product\/waspe-fw-30000-puffs-strawberry-red-bull\/#primaryimage","url":"https:\/\/fumot.uk\/wp-content\/uploads\/2026\/01\/WASPE-FW-30000-PUFFS_Strawberry-Red-Bull-Disposable-Vape.jpg","contentUrl":"https:\/\/fumot.uk\/wp-content\/uploads\/2026\/01\/WASPE-FW-30000-PUFFS_Strawberry-Red-Bull-Disposable-Vape.jpg","width":1600,"height":1600},{"@type":"BreadcrumbList","@id":"https:\/\/fumot.uk\/product\/waspe-fw-30000-puffs-strawberry-red-bull\/#breadcrumb","itemListElement":[{"@type":"ListItem","position":1,"name":"Home","item":"https:\/\/fumot.uk\/"},{"@type":"ListItem","position":2,"name":"Shop","item":"https:\/\/fumot.uk\/shop\/"},{"@type":"ListItem","position":3,"name":"WASPE FW-30000 Strawberry Red Bull Disposable Vape (30,000 Puffs) | Dual Mesh, Adjustable Airflow, LED Display"}]},{"@type":"WebSite","@id":"https:\/\/fumot.uk\/#website","url":"https:\/\/fumot.uk\/","name":"Fumot Official Direct | Directement de l'usine, 100% Authentique","description":"Site officiel","publisher":{"@id":"https:\/\/fumot.uk\/#organization"},"potentialAction":[{"@type":"SearchAction","target":{"@type":"EntryPoint","urlTemplate":"https:\/\/fumot.uk\/?s={search_term_string}"},"query-input":{"@type":"PropertyValueSpecification","valueRequired":true,"valueName":"search_term_string"}}],"inLanguage":"fr-FR"},{"@type":"Organization","@id":"https:\/\/fumot.uk\/#organization","name":"Fumot Official Direct | Directement de l'usine, 100% Authentique","url":"https:\/\/fumot.uk\/","logo":{"@type":"ImageObject","inLanguage":"fr-FR","@id":"https:\/\/fumot.uk\/#\/schema\/logo\/image\/","url":"https:\/\/fumot.uk\/wp-content\/uploads\/2026\/01\/cropped-fumot-logo1.png","contentUrl":"https:\/\/fumot.uk\/wp-content\/uploads\/2026\/01\/cropped-fumot-logo1.png","width":152,"height":106,"caption":"Fumot Official Direct | Straight from the Factory, 100% Genuine"},"image":{"@id":"https:\/\/fumot.uk\/#\/schema\/logo\/image\/"}}]}},"_links":{"self":[{"href":"https:\/\/fumot.uk\/fr\/wp-json\/wp\/v2\/product\/3575","targetHints":{"allow":["GET"]}}],"collection":[{"href":"https:\/\/fumot.uk\/fr\/wp-json\/wp\/v2\/product"}],"about":[{"href":"https:\/\/fumot.uk\/fr\/wp-json\/wp\/v2\/types\/product"}],"replies":[{"embeddable":true,"href":"https:\/\/fumot.uk\/fr\/wp-json\/wp\/v2\/comments?post=3575"}],"wp:featuredmedia":[{"embeddable":true,"href":"https:\/\/fumot.uk\/fr\/wp-json\/wp\/v2\/media\/3632"}],"wp:attachment":[{"href":"https:\/\/fumot.uk\/fr\/wp-json\/wp\/v2\/media?parent=3575"}],"wp:term":[{"taxonomy":"product_brand","embeddable":true,"href":"https:\/\/fumot.uk\/fr\/wp-json\/wp\/v2\/product_brand?post=3575"},{"taxonomy":"product_cat","embeddable":true,"href":"https:\/\/fumot.uk\/fr\/wp-json\/wp\/v2\/product_cat?post=3575"},{"taxonomy":"product_tag","embeddable":true,"href":"https:\/\/fumot.uk\/fr\/wp-json\/wp\/v2\/product_tag?post=3575"}],"curies":[{"name":"wp","href":"https:\/\/api.w.org\/{rel}","templated":true}]}}