{"id":3574,"date":"2026-01-20T10:13:51","date_gmt":"2026-01-20T10:13:51","guid":{"rendered":"https:\/\/fumot.uk\/?post_type=product&#038;p=3574"},"modified":"2026-01-21T01:30:11","modified_gmt":"2026-01-21T01:30:11","slug":"waspe-fw-30000-puffs-blueberry-ice","status":"publish","type":"product","link":"https:\/\/fumot.uk\/fr\/product\/waspe-fw-30000-puffs-blueberry-ice\/","title":{"rendered":"WASPE FW-30000 Blueberry Ice Vape Jetable (Jusqu'\u00e0 30000 Bouff\u00e9es) | Double Mesh, \u00c9cran LED, Flux d'air R\u00e9glable"},"content":{"rendered":"<h2>WASPE FW-30000 Blueberry Ice \u2013 Myrtilles sucr\u00e9es avec une finition glac\u00e9e et croustillante<\/h2>\n<p>D\u00e9couvrez votre rafra\u00eechissement quotidien : <strong>WASPE FW-30000 Blueberry Ice<\/strong> offre une note de myrtille m\u00fbre et sucr\u00e9e suivie d'une expiration propre et rafra\u00eechissante. La saveur reste douce et constante gr\u00e2ce \u00e0 un <strong>bobine double mesh<\/strong> syst\u00e8me et une g\u00e9n\u00e9reuse <strong>capacit\u00e9 de 28ml e-liquide\u2014id\u00e9al pour la maison, le trajet ou les week-ends.<\/strong> Myrtilles en avant.<\/p>\n<h3>Points forts de saveur<\/h3>\n<ul>\n<li><strong>: douceur fruit\u00e9e et juteuse avec une finition \u00e9quilibr\u00e9e<\/strong>Expiration glaciale<\/li>\n<li><strong>: rafra\u00eechissant sans submerger le fruit<\/strong>Hit de gorge doux<\/li>\n<li><strong>: tirage confortable pour une utilisation quotidienne<\/strong>Con\u00e7u pour de longues sessions : Affichage \u00d7 Double Mesh \u00d7 Flux d'air r\u00e9glable<\/li>\n<\/ul>\n<h3>Affichage LED intelligent<\/h3>\n<p><strong>V\u00e9rifiez votre<\/strong><br \/>d'un coup d'\u0153il, pour ne pas \u00eatre pris au d\u00e9pourvu en milieu de session. <strong>le niveau de batterie<\/strong> et <strong>le statut de l'e-liquide<\/strong> Flux d'air r\u00e9glable (2 modes).<\/p>\n<p><strong>Ajustez votre tirage pour correspondre \u00e0 votre moment :<\/strong><br \/>pour un plaisir quotidien r\u00e9gulier<\/p>\n<ul>\n<li><strong>Mode R\u00e9gulier<\/strong>: jusqu'\u00e0 <strong>30000 bouff\u00e9es<\/strong> pour un hit plus intense et une saveur plus riche<\/li>\n<li><strong>Mode Pulse<\/strong>: jusqu'\u00e0 <strong>15000 bouff\u00e9es<\/strong> Chauffage uniforme pour une saveur propre, une densit\u00e9 de vapeur satisfaisante et un go\u00fbt constant du d\u00e9but \u00e0 la fin.<\/li>\n<\/ul>\n<p><strong>Double Bobine Mesh (1\u03a9 + 1\u03a9)<\/strong><br \/>: R\u00e9gulier jusqu'\u00e0 30000 \/ Pulse jusqu'\u00e0 15000.<\/p>\n<h3>Caract\u00e9ristiques cl\u00e9s<\/h3>\n<ul>\n<li><strong>Bouff\u00e9es<\/strong>: 850mAh<\/li>\n<li><strong>Bobine<\/strong>: Double Mesh 1\u03a9 + 1\u03a9<\/li>\n<li><strong>E-liquide<\/strong>: 28ml<\/li>\n<li><strong>Options de nicotine<\/strong>: 0% \/ 2% \/ 5%<\/li>\n<li><strong>Batterie<\/strong>: 850mAh<\/li>\n<li><strong>Charge<\/strong>: LED<\/li>\n<li><strong>Flux d'air<\/strong>: R\u00e9glable<\/li>\n<li><strong>Affichage<\/strong>Pourquoi choisir Blueberry Ice ?<\/li>\n<\/ul>\n<h3>avec une finition rafra\u00eechissante, cette saveur atteint le juste milieu\u2014go\u00fbt de myrtille \u00e9clatant, une touche glac\u00e9e fra\u00eeche, et un appareil con\u00e7u pour une commodit\u00e9 durable.<\/h3>\n<p>Si vous aimez <strong>vapes jetables fruit\u00e9es<\/strong> Explorez plus de saveurs et les derni\u00e8res arriv\u00e9es chez.<\/p>\n<p>WASPE FW-30000 Blueberry Ice \u2013 Jusqu'\u00e0 30000 bouff\u00e9es <a href=\"https:\/\/fumot.uk\/fr\/\">fumot.uk<\/a>.<\/p>","protected":false},"excerpt":{"rendered":"<p>WASPE FW-30000 Blueberry Ice vape jetable avec jusqu'\u00e0 30000 bouff\u00e9es (mode r\u00e9gulier), double bobine en mesh, \u00e9cran LED, flux d'air r\u00e9glable, 28ml d'e-liquide, et batterie rechargeable Type\u2011C 850mAh. Nicotine : 0%\/2%\/5%.<\/p>","protected":false},"featured_media":3618,"comment_status":"open","ping_status":"closed","template":"","meta":[],"product_brand":[],"product_cat":[125,17,187],"product_tag":[84,70,124,71,20,21,33,72,23,73,29,26,28],"class_list":{"0":"post-3574","1":"product","2":"type-product","3":"status-publish","4":"has-post-thumbnail","6":"product_cat-30000-puff","7":"product_cat-vape","8":"product_cat-waspe-fw-30000-puffs","9":"product_tag-0-nikotin","10":"product_tag-2-nikotin","11":"product_tag-28ml","12":"product_tag-5-nikotin","13":"product_tag-850mah","14":"product_tag-adjustable-airflow","15":"product_tag-blueberry","16":"product_tag-direct-to-lung","17":"product_tag-display","18":"product_tag-dual-mesh","19":"product_tag-ice","20":"product_tag-rechargeable","21":"product_tag-type-c","23":"first","24":"instock","25":"sale","26":"shipping-taxable","27":"purchasable","28":"product-type-variable","29":"has-default-attributes"},"yoast_head":"<!-- This site is optimized with the Yoast SEO plugin v26.8 - https:\/\/yoast.com\/product\/yoast-seo-wordpress\/ -->\n<title>WASPE FW-30000 Blueberry Ice | Up to 30000 Puffs<\/title>\n<meta name=\"description\" content=\"WASPE FW-30000 Blueberry Ice disposable vape: up to 30000 puffs, dual mesh coil, LED display, adjustable airflow, 28ml e-liquid, 850mAh Type\u2011C rechargeable. 0\/2\/5% nicotine.\" \/>\n<meta name=\"robots\" content=\"index, follow, max-snippet:-1, max-image-preview:large, max-video-preview:-1\" \/>\n<link rel=\"canonical\" href=\"https:\/\/fumot.uk\/fr\/product\/waspe-fw-30000-puffs-blueberry-ice\/\" \/>\n<meta property=\"og:locale\" content=\"fr_FR\" \/>\n<meta property=\"og:type\" content=\"article\" \/>\n<meta property=\"og:title\" content=\"WASPE FW-30000 Blueberry Ice \u2013 Up to 30000 Puffs\" \/>\n<meta property=\"og:description\" content=\"Sweet blueberry flavor with a cool icy finish. Dual mesh coil, LED display, adjustable airflow, 28ml e-liquid, 850mAh Type\u2011C rechargeable. Available in 0\/2\/5% nicotine.\" \/>\n<meta property=\"og:url\" content=\"https:\/\/fumot.uk\/fr\/product\/waspe-fw-30000-puffs-blueberry-ice\/\" \/>\n<meta property=\"og:site_name\" content=\"Fumot Official Direct | Straight from the Factory, 100% Genuine\" \/>\n<meta property=\"article:modified_time\" content=\"2026-01-21T01:30:11+00:00\" \/>\n<meta property=\"og:image\" content=\"https:\/\/fumot.uk\/wp-content\/uploads\/2026\/01\/WASPE-FW-30000-PUFFS_Blueberry-Ice-Disposable-Vape.jpg\" \/>\n\t<meta property=\"og:image:width\" content=\"1600\" \/>\n\t<meta property=\"og:image:height\" content=\"1600\" \/>\n\t<meta property=\"og:image:type\" content=\"image\/jpeg\" \/>\n<meta name=\"twitter:card\" content=\"summary_large_image\" \/>\n<meta name=\"twitter:label1\" content=\"Dur\u00e9e de lecture estim\u00e9e\" \/>\n\t<meta name=\"twitter:data1\" content=\"2 minutes\" \/>\n<script type=\"application\/ld+json\" class=\"yoast-schema-graph\">{\"@context\":\"https:\/\/schema.org\",\"@graph\":[{\"@type\":\"WebPage\",\"@id\":\"https:\/\/fumot.uk\/product\/waspe-fw-30000-puffs-blueberry-ice\/\",\"url\":\"https:\/\/fumot.uk\/product\/waspe-fw-30000-puffs-blueberry-ice\/\",\"name\":\"WASPE FW-30000 Blueberry Ice | Up to 30000 Puffs\",\"isPartOf\":{\"@id\":\"https:\/\/fumot.uk\/#website\"},\"primaryImageOfPage\":{\"@id\":\"https:\/\/fumot.uk\/product\/waspe-fw-30000-puffs-blueberry-ice\/#primaryimage\"},\"image\":{\"@id\":\"https:\/\/fumot.uk\/product\/waspe-fw-30000-puffs-blueberry-ice\/#primaryimage\"},\"thumbnailUrl\":\"https:\/\/fumot.uk\/wp-content\/uploads\/2026\/01\/WASPE-FW-30000-PUFFS_Blueberry-Ice-Disposable-Vape.jpg\",\"datePublished\":\"2026-01-20T10:13:51+00:00\",\"dateModified\":\"2026-01-21T01:30:11+00:00\",\"description\":\"WASPE FW-30000 Blueberry Ice disposable vape: up to 30000 puffs, dual mesh coil, LED display, adjustable airflow, 28ml e-liquid, 850mAh Type\u2011C rechargeable. 0\/2\/5% nicotine.\",\"breadcrumb\":{\"@id\":\"https:\/\/fumot.uk\/product\/waspe-fw-30000-puffs-blueberry-ice\/#breadcrumb\"},\"inLanguage\":\"fr-FR\",\"potentialAction\":[{\"@type\":\"ReadAction\",\"target\":[\"https:\/\/fumot.uk\/product\/waspe-fw-30000-puffs-blueberry-ice\/\"]}]},{\"@type\":\"ImageObject\",\"inLanguage\":\"fr-FR\",\"@id\":\"https:\/\/fumot.uk\/product\/waspe-fw-30000-puffs-blueberry-ice\/#primaryimage\",\"url\":\"https:\/\/fumot.uk\/wp-content\/uploads\/2026\/01\/WASPE-FW-30000-PUFFS_Blueberry-Ice-Disposable-Vape.jpg\",\"contentUrl\":\"https:\/\/fumot.uk\/wp-content\/uploads\/2026\/01\/WASPE-FW-30000-PUFFS_Blueberry-Ice-Disposable-Vape.jpg\",\"width\":1600,\"height\":1600},{\"@type\":\"BreadcrumbList\",\"@id\":\"https:\/\/fumot.uk\/product\/waspe-fw-30000-puffs-blueberry-ice\/#breadcrumb\",\"itemListElement\":[{\"@type\":\"ListItem\",\"position\":1,\"name\":\"Home\",\"item\":\"https:\/\/fumot.uk\/\"},{\"@type\":\"ListItem\",\"position\":2,\"name\":\"Shop\",\"item\":\"https:\/\/fumot.uk\/shop\/\"},{\"@type\":\"ListItem\",\"position\":3,\"name\":\"WASPE FW-30000 Blueberry Ice Disposable Vape (Up to 30000 Puffs) | Dual Mesh, LED Display, Adjustable Airflow\"}]},{\"@type\":\"WebSite\",\"@id\":\"https:\/\/fumot.uk\/#website\",\"url\":\"https:\/\/fumot.uk\/\",\"name\":\"Fumot Official Direct | Straight from the Factory, 100% Genuine\",\"description\":\"Official Website\",\"publisher\":{\"@id\":\"https:\/\/fumot.uk\/#organization\"},\"potentialAction\":[{\"@type\":\"SearchAction\",\"target\":{\"@type\":\"EntryPoint\",\"urlTemplate\":\"https:\/\/fumot.uk\/?s={search_term_string}\"},\"query-input\":{\"@type\":\"PropertyValueSpecification\",\"valueRequired\":true,\"valueName\":\"search_term_string\"}}],\"inLanguage\":\"fr-FR\"},{\"@type\":\"Organization\",\"@id\":\"https:\/\/fumot.uk\/#organization\",\"name\":\"Fumot Official Direct | Straight from the Factory, 100% Genuine\",\"url\":\"https:\/\/fumot.uk\/\",\"logo\":{\"@type\":\"ImageObject\",\"inLanguage\":\"fr-FR\",\"@id\":\"https:\/\/fumot.uk\/#\/schema\/logo\/image\/\",\"url\":\"https:\/\/fumot.uk\/wp-content\/uploads\/2026\/01\/cropped-fumot-logo1.png\",\"contentUrl\":\"https:\/\/fumot.uk\/wp-content\/uploads\/2026\/01\/cropped-fumot-logo1.png\",\"width\":152,\"height\":106,\"caption\":\"Fumot Official Direct | Straight from the Factory, 100% Genuine\"},\"image\":{\"@id\":\"https:\/\/fumot.uk\/#\/schema\/logo\/image\/\"}}]}<\/script>\n<!-- \/ Yoast SEO plugin. -->","yoast_head_json":{"title":"WASPE FW-30000 Blueberry Ice | Jusqu'\u00e0 30000 bouff\u00e9es","description":"WASPE FW-30000 Blueberry Ice vape jetable : jusqu'\u00e0 30000 bouff\u00e9es, double r\u00e9sistance en mesh, \u00e9cran LED, flux d'air r\u00e9glable, 28ml d'e-liquide, 850mAh Type\u2011C rechargeable. 0\/2\/5% nicotine.","robots":{"index":"index","follow":"follow","max-snippet":"max-snippet:-1","max-image-preview":"max-image-preview:large","max-video-preview":"max-video-preview:-1"},"canonical":"https:\/\/fumot.uk\/fr\/product\/waspe-fw-30000-puffs-blueberry-ice\/","og_locale":"fr_FR","og_type":"article","og_title":"WASPE FW-30000 Blueberry Ice \u2013 Up to 30000 Puffs","og_description":"Sweet blueberry flavor with a cool icy finish. Dual mesh coil, LED display, adjustable airflow, 28ml e-liquid, 850mAh Type\u2011C rechargeable. Available in 0\/2\/5% nicotine.","og_url":"https:\/\/fumot.uk\/fr\/product\/waspe-fw-30000-puffs-blueberry-ice\/","og_site_name":"Fumot Official Direct | Straight from the Factory, 100% Genuine","article_modified_time":"2026-01-21T01:30:11+00:00","og_image":[{"width":1600,"height":1600,"url":"https:\/\/fumot.uk\/wp-content\/uploads\/2026\/01\/WASPE-FW-30000-PUFFS_Blueberry-Ice-Disposable-Vape.jpg","type":"image\/jpeg"}],"twitter_card":"summary_large_image","twitter_misc":{"Dur\u00e9e de lecture estim\u00e9e":"2 minutes"},"schema":{"@context":"https:\/\/schema.org","@graph":[{"@type":"WebPage","@id":"https:\/\/fumot.uk\/product\/waspe-fw-30000-puffs-blueberry-ice\/","url":"https:\/\/fumot.uk\/product\/waspe-fw-30000-puffs-blueberry-ice\/","name":"WASPE FW-30000 Blueberry Ice | Jusqu'\u00e0 30000 bouff\u00e9es","isPartOf":{"@id":"https:\/\/fumot.uk\/#website"},"primaryImageOfPage":{"@id":"https:\/\/fumot.uk\/product\/waspe-fw-30000-puffs-blueberry-ice\/#primaryimage"},"image":{"@id":"https:\/\/fumot.uk\/product\/waspe-fw-30000-puffs-blueberry-ice\/#primaryimage"},"thumbnailUrl":"https:\/\/fumot.uk\/wp-content\/uploads\/2026\/01\/WASPE-FW-30000-PUFFS_Blueberry-Ice-Disposable-Vape.jpg","datePublished":"2026-01-20T10:13:51+00:00","dateModified":"2026-01-21T01:30:11+00:00","description":"WASPE FW-30000 Blueberry Ice vape jetable : jusqu'\u00e0 30000 bouff\u00e9es, double r\u00e9sistance en mesh, \u00e9cran LED, flux d'air r\u00e9glable, 28ml d'e-liquide, 850mAh Type\u2011C rechargeable. 0\/2\/5% nicotine.","breadcrumb":{"@id":"https:\/\/fumot.uk\/product\/waspe-fw-30000-puffs-blueberry-ice\/#breadcrumb"},"inLanguage":"fr-FR","potentialAction":[{"@type":"ReadAction","target":["https:\/\/fumot.uk\/product\/waspe-fw-30000-puffs-blueberry-ice\/"]}]},{"@type":"ImageObject","inLanguage":"fr-FR","@id":"https:\/\/fumot.uk\/product\/waspe-fw-30000-puffs-blueberry-ice\/#primaryimage","url":"https:\/\/fumot.uk\/wp-content\/uploads\/2026\/01\/WASPE-FW-30000-PUFFS_Blueberry-Ice-Disposable-Vape.jpg","contentUrl":"https:\/\/fumot.uk\/wp-content\/uploads\/2026\/01\/WASPE-FW-30000-PUFFS_Blueberry-Ice-Disposable-Vape.jpg","width":1600,"height":1600},{"@type":"BreadcrumbList","@id":"https:\/\/fumot.uk\/product\/waspe-fw-30000-puffs-blueberry-ice\/#breadcrumb","itemListElement":[{"@type":"ListItem","position":1,"name":"Home","item":"https:\/\/fumot.uk\/"},{"@type":"ListItem","position":2,"name":"Shop","item":"https:\/\/fumot.uk\/shop\/"},{"@type":"ListItem","position":3,"name":"WASPE FW-30000 Blueberry Ice Disposable Vape (Up to 30000 Puffs) | Dual Mesh, LED Display, Adjustable Airflow"}]},{"@type":"WebSite","@id":"https:\/\/fumot.uk\/#website","url":"https:\/\/fumot.uk\/","name":"Fumot Official Direct | Directement de l'usine, 100% Authentique","description":"Site officiel","publisher":{"@id":"https:\/\/fumot.uk\/#organization"},"potentialAction":[{"@type":"SearchAction","target":{"@type":"EntryPoint","urlTemplate":"https:\/\/fumot.uk\/?s={search_term_string}"},"query-input":{"@type":"PropertyValueSpecification","valueRequired":true,"valueName":"search_term_string"}}],"inLanguage":"fr-FR"},{"@type":"Organization","@id":"https:\/\/fumot.uk\/#organization","name":"Fumot Official Direct | Directement de l'usine, 100% Authentique","url":"https:\/\/fumot.uk\/","logo":{"@type":"ImageObject","inLanguage":"fr-FR","@id":"https:\/\/fumot.uk\/#\/schema\/logo\/image\/","url":"https:\/\/fumot.uk\/wp-content\/uploads\/2026\/01\/cropped-fumot-logo1.png","contentUrl":"https:\/\/fumot.uk\/wp-content\/uploads\/2026\/01\/cropped-fumot-logo1.png","width":152,"height":106,"caption":"Fumot Official Direct | Straight from the Factory, 100% Genuine"},"image":{"@id":"https:\/\/fumot.uk\/#\/schema\/logo\/image\/"}}]}},"_links":{"self":[{"href":"https:\/\/fumot.uk\/fr\/wp-json\/wp\/v2\/product\/3574","targetHints":{"allow":["GET"]}}],"collection":[{"href":"https:\/\/fumot.uk\/fr\/wp-json\/wp\/v2\/product"}],"about":[{"href":"https:\/\/fumot.uk\/fr\/wp-json\/wp\/v2\/types\/product"}],"replies":[{"embeddable":true,"href":"https:\/\/fumot.uk\/fr\/wp-json\/wp\/v2\/comments?post=3574"}],"wp:featuredmedia":[{"embeddable":true,"href":"https:\/\/fumot.uk\/fr\/wp-json\/wp\/v2\/media\/3618"}],"wp:attachment":[{"href":"https:\/\/fumot.uk\/fr\/wp-json\/wp\/v2\/media?parent=3574"}],"wp:term":[{"taxonomy":"product_brand","embeddable":true,"href":"https:\/\/fumot.uk\/fr\/wp-json\/wp\/v2\/product_brand?post=3574"},{"taxonomy":"product_cat","embeddable":true,"href":"https:\/\/fumot.uk\/fr\/wp-json\/wp\/v2\/product_cat?post=3574"},{"taxonomy":"product_tag","embeddable":true,"href":"https:\/\/fumot.uk\/fr\/wp-json\/wp\/v2\/product_tag?post=3574"}],"curies":[{"name":"wp","href":"https:\/\/api.w.org\/{rel}","templated":true}]}}