{"id":3573,"date":"2026-01-20T10:13:51","date_gmt":"2026-01-20T10:13:51","guid":{"rendered":"https:\/\/fumot.uk\/?post_type=product&#038;p=3573"},"modified":"2026-01-21T01:38:48","modified_gmt":"2026-01-21T01:38:48","slug":"waspe-fw-30000-puffs-strawberry-watermelon","status":"publish","type":"product","link":"https:\/\/fumot.uk\/fr\/product\/waspe-fw-30000-puffs-strawberry-watermelon\/","title":{"rendered":"WASPE FW-30000 Puffs Vape Jetable \u2013 Fraise Past\u00e8que, Double Bobine en Mesh, \u00c9cran LED, Flux d'air R\u00e9glable"},"content":{"rendered":"<h2>WASPE FW-30000 Fraise Past\u00e8que (Jusqu'\u00e0 30 000 bouff\u00e9es)<\/h2>\n<p>D\u00e9couvrez un m\u00e9lange lumineux et juteux qui reste satisfaisant de la premi\u00e8re inhalation \u00e0 la derni\u00e8re : <strong>Fraise Past\u00e8que<\/strong>. Des notes de fraise sucr\u00e9e se marient \u00e0 la fra\u00eecheur croquante de la past\u00e8que pour une finition fruit\u00e9e et propre. Con\u00e7u pour une utilisation quotidienne \u00e0 la maison ou en d\u00e9placement, le <strong>vape jetable WASPE FW-30000<\/strong> offre une vapeur douce et une saveur constante avec un hit de gorge agr\u00e9able (d\u00e9pendant de la teneur en nicotine).<\/p>\n<h3>Profil de saveur : Fraise \u00d7 Past\u00e8que<\/h3>\n<ul>\n<li><strong>Go\u00fbt :<\/strong> Fraise sucr\u00e9e en avant, past\u00e8que rafra\u00eechissante \u00e0 l'expiration<\/li>\n<li><strong>Ambiance :<\/strong> L\u00e9ger, fruit\u00e9 et facile \u00e0 appr\u00e9cier toute la journ\u00e9e<\/li>\n<li><strong>Finition :<\/strong> Doux et propre sans sensation de lourdeur<\/li>\n<\/ul>\n<h3>Caract\u00e9ristiques cl\u00e9s<\/h3>\n<ul>\n<li><strong>Jusqu'\u00e0 30 000 bouff\u00e9es (Mode R\u00e9gulier)<\/strong> pour un vapotage quotidien longue dur\u00e9e<\/li>\n<li><strong>Mode Pulse : jusqu'\u00e0 15 000 bouff\u00e9es<\/strong> pour un coup plus intense et une saveur plus audacieuse<\/li>\n<li><strong>Double Bobine Mesh (1\u03a9 + 1\u03a9)<\/strong> pour un chauffage uniforme, une vapeur dense et un go\u00fbt plus clair<\/li>\n<li><strong>Flux d'air ajustable<\/strong> pour affiner votre tirage de plus doux \u00e0 plus percutant<\/li>\n<li><strong>Affichage LED intelligent<\/strong> montre les niveaux de batterie et de e-liquide en un coup d'\u0153il<\/li>\n<li><strong>Capacit\u00e9 de 28ml de e-liquide<\/strong> pour une utilisation prolong\u00e9e<\/li>\n<li><strong>Batterie rechargeable 850mAh<\/strong> avec <strong>Type-C<\/strong> chargement<\/li>\n<li><strong>Options de nicotine :<\/strong> 0% \/ 2% \/ 5%<\/li>\n<\/ul>\n<h3>Deux Modes, Deux Styles<\/h3>\n<ul>\n<li><strong>Mode R\u00e9gulier :<\/strong> Jusqu'\u00e0 <strong>30 000 bouff\u00e9es<\/strong> \u2014 saveur \u00e9quilibr\u00e9e et performance quotidienne douce<\/li>\n<li><strong>Mode Pulse :<\/strong> Jusqu'\u00e0 <strong>15 000 bouff\u00e9es<\/strong> \u2014 sortie plus forte pour un go\u00fbt plus riche et un hit de gorge plus perceptible<\/li>\n<\/ul>\n<h3>Sp\u00e9cifications<\/h3>\n<ul>\n<li><strong>Produit :<\/strong> Vape Jetable WASPE FW-30000<\/li>\n<li><strong>Saveur :<\/strong> Fraise Past\u00e8que<\/li>\n<li><strong>Bouff\u00e9es :<\/strong> R\u00e9gulier jusqu'\u00e0 30 000 \/ Pulse jusqu'\u00e0 15 000<\/li>\n<li><strong>R\u00e9sistance :<\/strong> Double maille 1\u03a9 + 1\u03a9<\/li>\n<li><strong>E-liquide :<\/strong> 28ml<\/li>\n<li><strong>Batterie :<\/strong> 850mAh (Rechargeable)<\/li>\n<li><strong>Chargement :<\/strong> Type-C<\/li>\n<li><strong>Affichage :<\/strong> LED (batterie + e-liquide)<\/li>\n<li><strong>Flux d'air :<\/strong> R\u00e9glable<\/li>\n<li><strong>Forces de Nicotine :<\/strong> 0% \/ 2% \/ 5%<\/li>\n<\/ul>\n<p>D\u00e9couvrez plus de saveurs et les derniers appareils WASPE sur <a href=\"https:\/\/fumot.uk\/fr\/\">fumot.uk<\/a>.<\/p>\n<p><em>Remarque : Le nombre de bouff\u00e9es est une estimation et varie selon la longueur de tirage et le style de vapotage.<\/em><\/p>","protected":false},"excerpt":{"rendered":"<p>Saveur Fraise Past\u00e8que Juteuse dans la vape jetable WASPE FW-30000. Jusqu'\u00e0 30 000 bouff\u00e9es (R\u00e9gulier), Double R\u00e9sistance en Maille, flux d'air r\u00e9glable, \u00e9cran LED, 28ml de e-liquide, rechargeable Type\u2011C 850mAh.<\/p>","protected":false},"featured_media":3617,"comment_status":"open","ping_status":"closed","template":"","meta":[],"product_brand":[],"product_cat":[125,17,187],"product_tag":[84,70,124,71,20,21,72,23,73,26,37,28,32],"class_list":{"0":"post-3573","1":"product","2":"type-product","3":"status-publish","4":"has-post-thumbnail","6":"product_cat-30000-puff","7":"product_cat-vape","8":"product_cat-waspe-fw-30000-puffs","9":"product_tag-0-nikotin","10":"product_tag-2-nikotin","11":"product_tag-28ml","12":"product_tag-5-nikotin","13":"product_tag-850mah","14":"product_tag-adjustable-airflow","15":"product_tag-direct-to-lung","16":"product_tag-display","17":"product_tag-dual-mesh","18":"product_tag-rechargeable","19":"product_tag-strawberry","20":"product_tag-type-c","21":"product_tag-watermelon","23":"first","24":"instock","25":"sale","26":"shipping-taxable","27":"purchasable","28":"product-type-variable","29":"has-default-attributes"},"yoast_head":"<!-- This site is optimized with the Yoast SEO plugin v26.8 - https:\/\/yoast.com\/product\/yoast-seo-wordpress\/ -->\n<title>WASPE FW-30000 Strawberry Watermelon | 30000 Puffs<\/title>\n<meta name=\"description\" content=\"WASPE FW-30000 Strawberry Watermelon disposable vape: up to 30,000 puffs, Dual Mesh Coil, adjustable airflow, LED display, 28ml, 850mAh Type-C.\" \/>\n<meta name=\"robots\" content=\"index, follow, max-snippet:-1, max-image-preview:large, max-video-preview:-1\" \/>\n<link rel=\"canonical\" href=\"https:\/\/fumot.uk\/fr\/product\/waspe-fw-30000-puffs-strawberry-watermelon\/\" \/>\n<meta property=\"og:locale\" content=\"fr_FR\" \/>\n<meta property=\"og:type\" content=\"article\" \/>\n<meta property=\"og:title\" content=\"WASPE FW-30000 Strawberry Watermelon \u2013 Up to 30,000 Puffs\" \/>\n<meta property=\"og:description\" content=\"Sweet strawberry meets refreshing watermelon. Dual mesh coil, adjustable airflow, LED display, 28ml e-liquid, 850mAh Type\u2011C rechargeable. Nicotine 0\/2\/5%.\" \/>\n<meta property=\"og:url\" content=\"https:\/\/fumot.uk\/fr\/product\/waspe-fw-30000-puffs-strawberry-watermelon\/\" \/>\n<meta property=\"og:site_name\" content=\"Fumot Official Direct | Straight from the Factory, 100% Genuine\" \/>\n<meta property=\"article:modified_time\" content=\"2026-01-21T01:38:48+00:00\" \/>\n<meta property=\"og:image\" content=\"https:\/\/fumot.uk\/wp-content\/uploads\/2026\/01\/Strawberry-Watermelon-WASPE-FW-30000-PUFFS-Disposable-Vape.jpg\" \/>\n\t<meta property=\"og:image:width\" content=\"1600\" \/>\n\t<meta property=\"og:image:height\" content=\"1600\" \/>\n\t<meta property=\"og:image:type\" content=\"image\/jpeg\" \/>\n<meta name=\"twitter:card\" content=\"summary_large_image\" \/>\n<meta name=\"twitter:label1\" content=\"Dur\u00e9e de lecture estim\u00e9e\" \/>\n\t<meta name=\"twitter:data1\" content=\"2 minutes\" \/>\n<script type=\"application\/ld+json\" class=\"yoast-schema-graph\">{\"@context\":\"https:\/\/schema.org\",\"@graph\":[{\"@type\":\"WebPage\",\"@id\":\"https:\/\/fumot.uk\/product\/waspe-fw-30000-puffs-strawberry-watermelon\/\",\"url\":\"https:\/\/fumot.uk\/product\/waspe-fw-30000-puffs-strawberry-watermelon\/\",\"name\":\"WASPE FW-30000 Strawberry Watermelon | 30000 Puffs\",\"isPartOf\":{\"@id\":\"https:\/\/fumot.uk\/#website\"},\"primaryImageOfPage\":{\"@id\":\"https:\/\/fumot.uk\/product\/waspe-fw-30000-puffs-strawberry-watermelon\/#primaryimage\"},\"image\":{\"@id\":\"https:\/\/fumot.uk\/product\/waspe-fw-30000-puffs-strawberry-watermelon\/#primaryimage\"},\"thumbnailUrl\":\"https:\/\/fumot.uk\/wp-content\/uploads\/2026\/01\/Strawberry-Watermelon-WASPE-FW-30000-PUFFS-Disposable-Vape.jpg\",\"datePublished\":\"2026-01-20T10:13:51+00:00\",\"dateModified\":\"2026-01-21T01:38:48+00:00\",\"description\":\"WASPE FW-30000 Strawberry Watermelon disposable vape: up to 30,000 puffs, Dual Mesh Coil, adjustable airflow, LED display, 28ml, 850mAh Type-C.\",\"breadcrumb\":{\"@id\":\"https:\/\/fumot.uk\/product\/waspe-fw-30000-puffs-strawberry-watermelon\/#breadcrumb\"},\"inLanguage\":\"fr-FR\",\"potentialAction\":[{\"@type\":\"ReadAction\",\"target\":[\"https:\/\/fumot.uk\/product\/waspe-fw-30000-puffs-strawberry-watermelon\/\"]}]},{\"@type\":\"ImageObject\",\"inLanguage\":\"fr-FR\",\"@id\":\"https:\/\/fumot.uk\/product\/waspe-fw-30000-puffs-strawberry-watermelon\/#primaryimage\",\"url\":\"https:\/\/fumot.uk\/wp-content\/uploads\/2026\/01\/Strawberry-Watermelon-WASPE-FW-30000-PUFFS-Disposable-Vape.jpg\",\"contentUrl\":\"https:\/\/fumot.uk\/wp-content\/uploads\/2026\/01\/Strawberry-Watermelon-WASPE-FW-30000-PUFFS-Disposable-Vape.jpg\",\"width\":1600,\"height\":1600},{\"@type\":\"BreadcrumbList\",\"@id\":\"https:\/\/fumot.uk\/product\/waspe-fw-30000-puffs-strawberry-watermelon\/#breadcrumb\",\"itemListElement\":[{\"@type\":\"ListItem\",\"position\":1,\"name\":\"Home\",\"item\":\"https:\/\/fumot.uk\/\"},{\"@type\":\"ListItem\",\"position\":2,\"name\":\"Shop\",\"item\":\"https:\/\/fumot.uk\/shop\/\"},{\"@type\":\"ListItem\",\"position\":3,\"name\":\"WASPE FW-30000 Puffs Disposable Vape \u2013 Strawberry Watermelon, Dual Mesh Coil, LED Display, Adjustable Airflow\"}]},{\"@type\":\"WebSite\",\"@id\":\"https:\/\/fumot.uk\/#website\",\"url\":\"https:\/\/fumot.uk\/\",\"name\":\"Fumot Official Direct | Straight from the Factory, 100% Genuine\",\"description\":\"Official Website\",\"publisher\":{\"@id\":\"https:\/\/fumot.uk\/#organization\"},\"potentialAction\":[{\"@type\":\"SearchAction\",\"target\":{\"@type\":\"EntryPoint\",\"urlTemplate\":\"https:\/\/fumot.uk\/?s={search_term_string}\"},\"query-input\":{\"@type\":\"PropertyValueSpecification\",\"valueRequired\":true,\"valueName\":\"search_term_string\"}}],\"inLanguage\":\"fr-FR\"},{\"@type\":\"Organization\",\"@id\":\"https:\/\/fumot.uk\/#organization\",\"name\":\"Fumot Official Direct | Straight from the Factory, 100% Genuine\",\"url\":\"https:\/\/fumot.uk\/\",\"logo\":{\"@type\":\"ImageObject\",\"inLanguage\":\"fr-FR\",\"@id\":\"https:\/\/fumot.uk\/#\/schema\/logo\/image\/\",\"url\":\"https:\/\/fumot.uk\/wp-content\/uploads\/2026\/01\/cropped-fumot-logo1.png\",\"contentUrl\":\"https:\/\/fumot.uk\/wp-content\/uploads\/2026\/01\/cropped-fumot-logo1.png\",\"width\":152,\"height\":106,\"caption\":\"Fumot Official Direct | Straight from the Factory, 100% Genuine\"},\"image\":{\"@id\":\"https:\/\/fumot.uk\/#\/schema\/logo\/image\/\"}}]}<\/script>\n<!-- \/ Yoast SEO plugin. -->","yoast_head_json":{"title":"WASPE FW-30000 Fraise Past\u00e8que | 30000 Bouff\u00e9es","description":"WASPE FW-30000 Vape jetable \u00e0 la fraise et \u00e0 la past\u00e8que : jusqu'\u00e0 30 000 bouff\u00e9es, Double R\u00e9sistance Mesh, d\u00e9bit d'air r\u00e9glable, \u00e9cran LED, 28ml, 850mAh Type-C.","robots":{"index":"index","follow":"follow","max-snippet":"max-snippet:-1","max-image-preview":"max-image-preview:large","max-video-preview":"max-video-preview:-1"},"canonical":"https:\/\/fumot.uk\/fr\/product\/waspe-fw-30000-puffs-strawberry-watermelon\/","og_locale":"fr_FR","og_type":"article","og_title":"WASPE FW-30000 Strawberry Watermelon \u2013 Up to 30,000 Puffs","og_description":"Sweet strawberry meets refreshing watermelon. Dual mesh coil, adjustable airflow, LED display, 28ml e-liquid, 850mAh Type\u2011C rechargeable. Nicotine 0\/2\/5%.","og_url":"https:\/\/fumot.uk\/fr\/product\/waspe-fw-30000-puffs-strawberry-watermelon\/","og_site_name":"Fumot Official Direct | Straight from the Factory, 100% Genuine","article_modified_time":"2026-01-21T01:38:48+00:00","og_image":[{"width":1600,"height":1600,"url":"https:\/\/fumot.uk\/wp-content\/uploads\/2026\/01\/Strawberry-Watermelon-WASPE-FW-30000-PUFFS-Disposable-Vape.jpg","type":"image\/jpeg"}],"twitter_card":"summary_large_image","twitter_misc":{"Dur\u00e9e de lecture estim\u00e9e":"2 minutes"},"schema":{"@context":"https:\/\/schema.org","@graph":[{"@type":"WebPage","@id":"https:\/\/fumot.uk\/product\/waspe-fw-30000-puffs-strawberry-watermelon\/","url":"https:\/\/fumot.uk\/product\/waspe-fw-30000-puffs-strawberry-watermelon\/","name":"WASPE FW-30000 Fraise Past\u00e8que | 30000 Bouff\u00e9es","isPartOf":{"@id":"https:\/\/fumot.uk\/#website"},"primaryImageOfPage":{"@id":"https:\/\/fumot.uk\/product\/waspe-fw-30000-puffs-strawberry-watermelon\/#primaryimage"},"image":{"@id":"https:\/\/fumot.uk\/product\/waspe-fw-30000-puffs-strawberry-watermelon\/#primaryimage"},"thumbnailUrl":"https:\/\/fumot.uk\/wp-content\/uploads\/2026\/01\/Strawberry-Watermelon-WASPE-FW-30000-PUFFS-Disposable-Vape.jpg","datePublished":"2026-01-20T10:13:51+00:00","dateModified":"2026-01-21T01:38:48+00:00","description":"WASPE FW-30000 Vape jetable \u00e0 la fraise et \u00e0 la past\u00e8que : jusqu'\u00e0 30 000 bouff\u00e9es, Double R\u00e9sistance Mesh, d\u00e9bit d'air r\u00e9glable, \u00e9cran LED, 28ml, 850mAh Type-C.","breadcrumb":{"@id":"https:\/\/fumot.uk\/product\/waspe-fw-30000-puffs-strawberry-watermelon\/#breadcrumb"},"inLanguage":"fr-FR","potentialAction":[{"@type":"ReadAction","target":["https:\/\/fumot.uk\/product\/waspe-fw-30000-puffs-strawberry-watermelon\/"]}]},{"@type":"ImageObject","inLanguage":"fr-FR","@id":"https:\/\/fumot.uk\/product\/waspe-fw-30000-puffs-strawberry-watermelon\/#primaryimage","url":"https:\/\/fumot.uk\/wp-content\/uploads\/2026\/01\/Strawberry-Watermelon-WASPE-FW-30000-PUFFS-Disposable-Vape.jpg","contentUrl":"https:\/\/fumot.uk\/wp-content\/uploads\/2026\/01\/Strawberry-Watermelon-WASPE-FW-30000-PUFFS-Disposable-Vape.jpg","width":1600,"height":1600},{"@type":"BreadcrumbList","@id":"https:\/\/fumot.uk\/product\/waspe-fw-30000-puffs-strawberry-watermelon\/#breadcrumb","itemListElement":[{"@type":"ListItem","position":1,"name":"Home","item":"https:\/\/fumot.uk\/"},{"@type":"ListItem","position":2,"name":"Shop","item":"https:\/\/fumot.uk\/shop\/"},{"@type":"ListItem","position":3,"name":"WASPE FW-30000 Puffs Disposable Vape \u2013 Strawberry Watermelon, Dual Mesh Coil, LED Display, Adjustable Airflow"}]},{"@type":"WebSite","@id":"https:\/\/fumot.uk\/#website","url":"https:\/\/fumot.uk\/","name":"Fumot Official Direct | Directement de l'usine, 100% Authentique","description":"Site officiel","publisher":{"@id":"https:\/\/fumot.uk\/#organization"},"potentialAction":[{"@type":"SearchAction","target":{"@type":"EntryPoint","urlTemplate":"https:\/\/fumot.uk\/?s={search_term_string}"},"query-input":{"@type":"PropertyValueSpecification","valueRequired":true,"valueName":"search_term_string"}}],"inLanguage":"fr-FR"},{"@type":"Organization","@id":"https:\/\/fumot.uk\/#organization","name":"Fumot Official Direct | Directement de l'usine, 100% Authentique","url":"https:\/\/fumot.uk\/","logo":{"@type":"ImageObject","inLanguage":"fr-FR","@id":"https:\/\/fumot.uk\/#\/schema\/logo\/image\/","url":"https:\/\/fumot.uk\/wp-content\/uploads\/2026\/01\/cropped-fumot-logo1.png","contentUrl":"https:\/\/fumot.uk\/wp-content\/uploads\/2026\/01\/cropped-fumot-logo1.png","width":152,"height":106,"caption":"Fumot Official Direct | Straight from the Factory, 100% Genuine"},"image":{"@id":"https:\/\/fumot.uk\/#\/schema\/logo\/image\/"}}]}},"_links":{"self":[{"href":"https:\/\/fumot.uk\/fr\/wp-json\/wp\/v2\/product\/3573","targetHints":{"allow":["GET"]}}],"collection":[{"href":"https:\/\/fumot.uk\/fr\/wp-json\/wp\/v2\/product"}],"about":[{"href":"https:\/\/fumot.uk\/fr\/wp-json\/wp\/v2\/types\/product"}],"replies":[{"embeddable":true,"href":"https:\/\/fumot.uk\/fr\/wp-json\/wp\/v2\/comments?post=3573"}],"wp:featuredmedia":[{"embeddable":true,"href":"https:\/\/fumot.uk\/fr\/wp-json\/wp\/v2\/media\/3617"}],"wp:attachment":[{"href":"https:\/\/fumot.uk\/fr\/wp-json\/wp\/v2\/media?parent=3573"}],"wp:term":[{"taxonomy":"product_brand","embeddable":true,"href":"https:\/\/fumot.uk\/fr\/wp-json\/wp\/v2\/product_brand?post=3573"},{"taxonomy":"product_cat","embeddable":true,"href":"https:\/\/fumot.uk\/fr\/wp-json\/wp\/v2\/product_cat?post=3573"},{"taxonomy":"product_tag","embeddable":true,"href":"https:\/\/fumot.uk\/fr\/wp-json\/wp\/v2\/product_tag?post=3573"}],"curies":[{"name":"wp","href":"https:\/\/api.w.org\/{rel}","templated":true}]}}