{"id":3570,"date":"2026-01-20T10:13:51","date_gmt":"2026-01-20T10:13:51","guid":{"rendered":"https:\/\/fumot.uk\/?post_type=product&#038;p=3570"},"modified":"2026-01-20T10:15:44","modified_gmt":"2026-01-20T10:15:44","slug":"waspe-fw-30000-puffs-mixed-berry","status":"publish","type":"product","link":"https:\/\/fumot.uk\/fr\/product\/waspe-fw-30000-puffs-mixed-berry\/","title":{"rendered":"WASPE FW-30000 PUFFS-Baies M\u00e9lang\u00e9es"},"content":{"rendered":"<h4 data-start=\"64\" data-end=\"137\"><strong data-start=\"64\" data-end=\"135\">WASPE FW-30000 Baies m\u00e9lang\u00e9es : Fra\u00eecheur fruit\u00e9e, plaisir de vapeur intense<\/strong><\/h4>\n<p data-start=\"139\" data-end=\"569\">Profitez du m\u00e9lange parfait d'ar\u00f4me fruit\u00e9 \u2013 <strong data-start=\"197\" data-end=\"214\">M\u00e9lang\u00e9 <a href=\"https:\/\/ultravape.de\/product-tag\/berry\/\">Baies<\/a><\/strong>, qui se transforme en une explosion de saveurs sucr\u00e9es et l\u00e9g\u00e8rement acidul\u00e9es dans la bouche. Chaque bouff\u00e9e offre un go\u00fbt de baies plein et une vapeur douce et fine, qui convainc tant par le go\u00fbt que par un agr\u00e9able hit en gorge. Que ce soit pour le plaisir quotidien ou en d\u00e9placement \u2013 cet ar\u00f4me assure une exp\u00e9rience de vapeur rafra\u00eechissante et durable.<\/p>\n<h4 data-start=\"563\" data-end=\"588\"><strong data-start=\"563\" data-end=\"586\">Caract\u00e9ristiques sp\u00e9ciales :<\/strong><\/h4>\n<p>1. Ar\u00f4me fruit\u00e9 intense, \u00e9quilibr\u00e9 sucr\u00e9-acidul\u00e9<br data-start=\"79\" data-end=\"82\" \/>2. Hit en gorge doux, go\u00fbt pur<strong data-start=\"82\" data-end=\"122\"><br \/>\n<\/strong><\/p>\n<h4 data-start=\"44\" data-end=\"142\"><strong data-start=\"44\" data-end=\"140\">WASPE FW-30000 E-cigarette : \u00c9cran intelligent \u00d7 Double Mesh Coil \u00d7 Flux d'air r\u00e9glable<\/strong><\/h4>\n<p data-start=\"144\" data-end=\"431\"><strong data-start=\"144\" data-end=\"173\">\u00c9cran LED intelligent<\/strong><br data-start=\"173\" data-end=\"176\" \/>L'\u00e9cran LED affiche \u00e0 tout moment le niveau de la batterie et du liquide, \u00e9vitant ainsi les pannes soudaines ou le r\u00e9servoir vide. En combinaison avec la batterie de 850mAh et la charge rapide Type-C, il assure une recharge rapide, une longue dur\u00e9e de vie de la batterie et des performances stables.<\/p>\n<p data-start=\"433\" data-end=\"515\"><strong data-start=\"433\" data-end=\"460\">Flux d'air r\u00e9glable<\/strong><br data-start=\"460\" data-end=\"463\" \/>Le r\u00e9gulateur de flux d'air rotatif permet deux modes :<\/p>\n<ul data-start=\"516\" data-end=\"669\">\n<li data-start=\"516\" data-end=\"588\">\n<p data-start=\"518\" data-end=\"588\"><strong data-start=\"518\" data-end=\"535\">Mode standard<\/strong>: 30000 bouff\u00e9es, id\u00e9al pour le plaisir quotidien de la vapeur.<\/p>\n<\/li>\n<li data-start=\"589\" data-end=\"669\">\n<p data-start=\"591\" data-end=\"669\"><strong data-start=\"591\" data-end=\"606\">Mode Pulse<\/strong>: 15000 bouff\u00e9es, go\u00fbt intense et hit en gorge plus fort.<\/p>\n<\/li>\n<\/ul>\n<p><strong>Double Bobine Mesh<\/strong><br data-start=\"689\" data-end=\"692\" \/>La Double Mesh Coil 1\u03a9 + 1\u03a9 assure un chauffage uniforme, une vapeur dense et un go\u00fbt pur. Avec le grand r\u00e9servoir de 28ml, il est possible de vapoter longtemps. Des concentrations de nicotine de 0%, 2% et 5% sont disponibles, adapt\u00e9es aux d\u00e9butants et aux vapoteurs exp\u00e9riment\u00e9s.<\/p>\n<h4 data-start=\"671\" data-end=\"946\"><strong data-start=\"671\" data-end=\"689\">Caract\u00e9ristiques de base\uff1a<\/strong><\/h4>\n<p>R\u00e9gulier : 30000 bouff\u00e9es<br \/>\nPulse : 15000 bouff\u00e9es<br \/>\nDouble Mesh Coil : 1ohm+1ohm<br \/>\nE-liquide : 28ml<br \/>\nNicotine<strong>:<\/strong>0%\/2%\/5%<br \/>\nBatterie : 850mah<br \/>\nFlux d'air ajustable<br \/>\nRechargeable : Type-C<br \/>\nAffichage LED<\/p>\n<p>D\u00e9couvrez sur <a href=\"http:\/\/ultravape.de\/\"><strong data-start=\"47\" data-end=\"63\">ultravape.de<\/strong><\/a> une grande s\u00e9lection de cigarettes \u00e9lectroniques de haute qualit\u00e9. Nous vous offrons un service excellent et des produits de premier choix pour une exp\u00e9rience de vapeur de qualit\u00e9 sup\u00e9rieure.<\/p>\n<p><strong data-start=\"82\" data-end=\"122\">\u00a0<\/strong><\/p>","protected":false},"excerpt":{"rendered":"<p>WASPE FW-30000 Baies M\u00e9lang\u00e9es : Saveur intense, fra\u00eeche et fruit\u00e9e Profitez du m\u00e9lange parfait d'ar\u00f4me fruit\u00e9 \u2013 Baies M\u00e9lang\u00e9es, qui se d\u00e9ploie en une explosion de go\u00fbt sucr\u00e9 et l\u00e9g\u00e8rement acidul\u00e9 en bouche. Chaque bouff\u00e9e offre un go\u00fbt de baies plein et une vapeur douce et fine, qui convainc tant par son go\u00fbt que par un agr\u00e9able hit en gorge. Que ce soit pour le plaisir quotidien ou [\u2026]<\/p>","protected":false},"featured_media":3614,"comment_status":"open","ping_status":"closed","template":"","meta":[],"product_brand":[],"product_cat":[125,17,187],"product_tag":[84,70,124,71,20,21,72,23,73,79,26,28],"class_list":{"0":"post-3570","1":"product","2":"type-product","3":"status-publish","4":"has-post-thumbnail","6":"product_cat-30000-puff","7":"product_cat-vape","8":"product_cat-waspe-fw-30000-puffs","9":"product_tag-0-nikotin","10":"product_tag-2-nikotin","11":"product_tag-28ml","12":"product_tag-5-nikotin","13":"product_tag-850mah","14":"product_tag-adjustable-airflow","15":"product_tag-direct-to-lung","16":"product_tag-display","17":"product_tag-dual-mesh","18":"product_tag-mixed-berries","19":"product_tag-rechargeable","20":"product_tag-type-c","22":"first","23":"instock","24":"sale","25":"shipping-taxable","26":"purchasable","27":"product-type-variable","28":"has-default-attributes"},"yoast_head":"<!-- This site is optimized with the Yoast SEO plugin v26.8 - https:\/\/yoast.com\/product\/yoast-seo-wordpress\/ -->\n<title>WASPE FW-30000 PUFFS-Mixed Berry - Fumot Official Direct | Straight from the Factory, 100% Genuine<\/title>\n<meta name=\"robots\" content=\"index, follow, max-snippet:-1, max-image-preview:large, max-video-preview:-1\" \/>\n<link rel=\"canonical\" href=\"https:\/\/fumot.uk\/fr\/product\/waspe-fw-30000-puffs-mixed-berry\/\" \/>\n<meta property=\"og:locale\" content=\"fr_FR\" \/>\n<meta property=\"og:type\" content=\"article\" \/>\n<meta property=\"og:title\" content=\"WASPE FW-30000 PUFFS-Mixed Berry - Fumot Official Direct | Straight from the Factory, 100% Genuine\" \/>\n<meta property=\"og:description\" content=\"WASPE FW-30000 Mixed Berries: Beerig-frisch, intensiver Dampfgenuss Genie\u00dfen Sie die perfekte Mischung aus fruchtigem Aroma \u2013 Mixed Berries, das sich zu einer s\u00fc\u00dfen und leicht s\u00e4uerlichen Geschmacksexplosion im Mund entfaltet. Jeder Zug liefert vollen Beerengeschmack und sanften, feinen Dampf, der sowohl geschmacklich \u00fcberzeugt als auch einen angenehmen Throat-Hit bietet. Ob f\u00fcr den t\u00e4glichen Genuss oder [&hellip;]\" \/>\n<meta property=\"og:url\" content=\"https:\/\/fumot.uk\/fr\/product\/waspe-fw-30000-puffs-mixed-berry\/\" \/>\n<meta property=\"og:site_name\" content=\"Fumot Official Direct | Straight from the Factory, 100% Genuine\" \/>\n<meta property=\"article:modified_time\" content=\"2026-01-20T10:15:44+00:00\" \/>\n<meta property=\"og:image\" content=\"https:\/\/fumot.uk\/wp-content\/uploads\/2026\/01\/Mixed-Berry-WASPE-FW-30000-PUFFS-Disposable-Vape.jpg\" \/>\n\t<meta property=\"og:image:width\" content=\"1600\" \/>\n\t<meta property=\"og:image:height\" content=\"1600\" \/>\n\t<meta property=\"og:image:type\" content=\"image\/jpeg\" \/>\n<meta name=\"twitter:card\" content=\"summary_large_image\" \/>\n<meta name=\"twitter:label1\" content=\"Dur\u00e9e de lecture estim\u00e9e\" \/>\n\t<meta name=\"twitter:data1\" content=\"2 minutes\" \/>\n<script type=\"application\/ld+json\" class=\"yoast-schema-graph\">{\"@context\":\"https:\/\/schema.org\",\"@graph\":[{\"@type\":\"WebPage\",\"@id\":\"https:\/\/fumot.uk\/product\/waspe-fw-30000-puffs-mixed-berry\/\",\"url\":\"https:\/\/fumot.uk\/product\/waspe-fw-30000-puffs-mixed-berry\/\",\"name\":\"WASPE FW-30000 PUFFS-Mixed Berry - Fumot Official Direct | Straight from the Factory, 100% Genuine\",\"isPartOf\":{\"@id\":\"https:\/\/fumot.uk\/#website\"},\"primaryImageOfPage\":{\"@id\":\"https:\/\/fumot.uk\/product\/waspe-fw-30000-puffs-mixed-berry\/#primaryimage\"},\"image\":{\"@id\":\"https:\/\/fumot.uk\/product\/waspe-fw-30000-puffs-mixed-berry\/#primaryimage\"},\"thumbnailUrl\":\"https:\/\/fumot.uk\/wp-content\/uploads\/2026\/01\/Mixed-Berry-WASPE-FW-30000-PUFFS-Disposable-Vape.jpg\",\"datePublished\":\"2026-01-20T10:13:51+00:00\",\"dateModified\":\"2026-01-20T10:15:44+00:00\",\"breadcrumb\":{\"@id\":\"https:\/\/fumot.uk\/product\/waspe-fw-30000-puffs-mixed-berry\/#breadcrumb\"},\"inLanguage\":\"fr-FR\",\"potentialAction\":[{\"@type\":\"ReadAction\",\"target\":[\"https:\/\/fumot.uk\/product\/waspe-fw-30000-puffs-mixed-berry\/\"]}]},{\"@type\":\"ImageObject\",\"inLanguage\":\"fr-FR\",\"@id\":\"https:\/\/fumot.uk\/product\/waspe-fw-30000-puffs-mixed-berry\/#primaryimage\",\"url\":\"https:\/\/fumot.uk\/wp-content\/uploads\/2026\/01\/Mixed-Berry-WASPE-FW-30000-PUFFS-Disposable-Vape.jpg\",\"contentUrl\":\"https:\/\/fumot.uk\/wp-content\/uploads\/2026\/01\/Mixed-Berry-WASPE-FW-30000-PUFFS-Disposable-Vape.jpg\",\"width\":1600,\"height\":1600},{\"@type\":\"BreadcrumbList\",\"@id\":\"https:\/\/fumot.uk\/product\/waspe-fw-30000-puffs-mixed-berry\/#breadcrumb\",\"itemListElement\":[{\"@type\":\"ListItem\",\"position\":1,\"name\":\"Home\",\"item\":\"https:\/\/fumot.uk\/\"},{\"@type\":\"ListItem\",\"position\":2,\"name\":\"Shop\",\"item\":\"https:\/\/fumot.uk\/shop\/\"},{\"@type\":\"ListItem\",\"position\":3,\"name\":\"WASPE FW-30000 PUFFS-Mixed Berry\"}]},{\"@type\":\"WebSite\",\"@id\":\"https:\/\/fumot.uk\/#website\",\"url\":\"https:\/\/fumot.uk\/\",\"name\":\"Fumot Official Direct | Straight from the Factory, 100% Genuine\",\"description\":\"Official Website\",\"publisher\":{\"@id\":\"https:\/\/fumot.uk\/#organization\"},\"potentialAction\":[{\"@type\":\"SearchAction\",\"target\":{\"@type\":\"EntryPoint\",\"urlTemplate\":\"https:\/\/fumot.uk\/?s={search_term_string}\"},\"query-input\":{\"@type\":\"PropertyValueSpecification\",\"valueRequired\":true,\"valueName\":\"search_term_string\"}}],\"inLanguage\":\"fr-FR\"},{\"@type\":\"Organization\",\"@id\":\"https:\/\/fumot.uk\/#organization\",\"name\":\"Fumot Official Direct | Straight from the Factory, 100% Genuine\",\"url\":\"https:\/\/fumot.uk\/\",\"logo\":{\"@type\":\"ImageObject\",\"inLanguage\":\"fr-FR\",\"@id\":\"https:\/\/fumot.uk\/#\/schema\/logo\/image\/\",\"url\":\"https:\/\/fumot.uk\/wp-content\/uploads\/2026\/01\/cropped-fumot-logo1.png\",\"contentUrl\":\"https:\/\/fumot.uk\/wp-content\/uploads\/2026\/01\/cropped-fumot-logo1.png\",\"width\":152,\"height\":106,\"caption\":\"Fumot Official Direct | Straight from the Factory, 100% Genuine\"},\"image\":{\"@id\":\"https:\/\/fumot.uk\/#\/schema\/logo\/image\/\"}}]}<\/script>\n<!-- \/ Yoast SEO plugin. -->","yoast_head_json":{"title":"WASPE FW-30000 PUFFS-Mixed Berry - Fumot Official Direct | Directement de l'usine, 100% Authentique","robots":{"index":"index","follow":"follow","max-snippet":"max-snippet:-1","max-image-preview":"max-image-preview:large","max-video-preview":"max-video-preview:-1"},"canonical":"https:\/\/fumot.uk\/fr\/product\/waspe-fw-30000-puffs-mixed-berry\/","og_locale":"fr_FR","og_type":"article","og_title":"WASPE FW-30000 PUFFS-Mixed Berry - Fumot Official Direct | Straight from the Factory, 100% Genuine","og_description":"WASPE FW-30000 Mixed Berries: Beerig-frisch, intensiver Dampfgenuss Genie\u00dfen Sie die perfekte Mischung aus fruchtigem Aroma \u2013 Mixed Berries, das sich zu einer s\u00fc\u00dfen und leicht s\u00e4uerlichen Geschmacksexplosion im Mund entfaltet. Jeder Zug liefert vollen Beerengeschmack und sanften, feinen Dampf, der sowohl geschmacklich \u00fcberzeugt als auch einen angenehmen Throat-Hit bietet. Ob f\u00fcr den t\u00e4glichen Genuss oder [&hellip;]","og_url":"https:\/\/fumot.uk\/fr\/product\/waspe-fw-30000-puffs-mixed-berry\/","og_site_name":"Fumot Official Direct | Straight from the Factory, 100% Genuine","article_modified_time":"2026-01-20T10:15:44+00:00","og_image":[{"width":1600,"height":1600,"url":"https:\/\/fumot.uk\/wp-content\/uploads\/2026\/01\/Mixed-Berry-WASPE-FW-30000-PUFFS-Disposable-Vape.jpg","type":"image\/jpeg"}],"twitter_card":"summary_large_image","twitter_misc":{"Dur\u00e9e de lecture estim\u00e9e":"2 minutes"},"schema":{"@context":"https:\/\/schema.org","@graph":[{"@type":"WebPage","@id":"https:\/\/fumot.uk\/product\/waspe-fw-30000-puffs-mixed-berry\/","url":"https:\/\/fumot.uk\/product\/waspe-fw-30000-puffs-mixed-berry\/","name":"WASPE FW-30000 PUFFS-Mixed Berry - Fumot Official Direct | Directement de l'usine, 100% Authentique","isPartOf":{"@id":"https:\/\/fumot.uk\/#website"},"primaryImageOfPage":{"@id":"https:\/\/fumot.uk\/product\/waspe-fw-30000-puffs-mixed-berry\/#primaryimage"},"image":{"@id":"https:\/\/fumot.uk\/product\/waspe-fw-30000-puffs-mixed-berry\/#primaryimage"},"thumbnailUrl":"https:\/\/fumot.uk\/wp-content\/uploads\/2026\/01\/Mixed-Berry-WASPE-FW-30000-PUFFS-Disposable-Vape.jpg","datePublished":"2026-01-20T10:13:51+00:00","dateModified":"2026-01-20T10:15:44+00:00","breadcrumb":{"@id":"https:\/\/fumot.uk\/product\/waspe-fw-30000-puffs-mixed-berry\/#breadcrumb"},"inLanguage":"fr-FR","potentialAction":[{"@type":"ReadAction","target":["https:\/\/fumot.uk\/product\/waspe-fw-30000-puffs-mixed-berry\/"]}]},{"@type":"ImageObject","inLanguage":"fr-FR","@id":"https:\/\/fumot.uk\/product\/waspe-fw-30000-puffs-mixed-berry\/#primaryimage","url":"https:\/\/fumot.uk\/wp-content\/uploads\/2026\/01\/Mixed-Berry-WASPE-FW-30000-PUFFS-Disposable-Vape.jpg","contentUrl":"https:\/\/fumot.uk\/wp-content\/uploads\/2026\/01\/Mixed-Berry-WASPE-FW-30000-PUFFS-Disposable-Vape.jpg","width":1600,"height":1600},{"@type":"BreadcrumbList","@id":"https:\/\/fumot.uk\/product\/waspe-fw-30000-puffs-mixed-berry\/#breadcrumb","itemListElement":[{"@type":"ListItem","position":1,"name":"Home","item":"https:\/\/fumot.uk\/"},{"@type":"ListItem","position":2,"name":"Shop","item":"https:\/\/fumot.uk\/shop\/"},{"@type":"ListItem","position":3,"name":"WASPE FW-30000 PUFFS-Mixed Berry"}]},{"@type":"WebSite","@id":"https:\/\/fumot.uk\/#website","url":"https:\/\/fumot.uk\/","name":"Fumot Official Direct | Directement de l'usine, 100% Authentique","description":"Site officiel","publisher":{"@id":"https:\/\/fumot.uk\/#organization"},"potentialAction":[{"@type":"SearchAction","target":{"@type":"EntryPoint","urlTemplate":"https:\/\/fumot.uk\/?s={search_term_string}"},"query-input":{"@type":"PropertyValueSpecification","valueRequired":true,"valueName":"search_term_string"}}],"inLanguage":"fr-FR"},{"@type":"Organization","@id":"https:\/\/fumot.uk\/#organization","name":"Fumot Official Direct | Directement de l'usine, 100% Authentique","url":"https:\/\/fumot.uk\/","logo":{"@type":"ImageObject","inLanguage":"fr-FR","@id":"https:\/\/fumot.uk\/#\/schema\/logo\/image\/","url":"https:\/\/fumot.uk\/wp-content\/uploads\/2026\/01\/cropped-fumot-logo1.png","contentUrl":"https:\/\/fumot.uk\/wp-content\/uploads\/2026\/01\/cropped-fumot-logo1.png","width":152,"height":106,"caption":"Fumot Official Direct | Straight from the Factory, 100% Genuine"},"image":{"@id":"https:\/\/fumot.uk\/#\/schema\/logo\/image\/"}}]}},"_links":{"self":[{"href":"https:\/\/fumot.uk\/fr\/wp-json\/wp\/v2\/product\/3570","targetHints":{"allow":["GET"]}}],"collection":[{"href":"https:\/\/fumot.uk\/fr\/wp-json\/wp\/v2\/product"}],"about":[{"href":"https:\/\/fumot.uk\/fr\/wp-json\/wp\/v2\/types\/product"}],"replies":[{"embeddable":true,"href":"https:\/\/fumot.uk\/fr\/wp-json\/wp\/v2\/comments?post=3570"}],"wp:featuredmedia":[{"embeddable":true,"href":"https:\/\/fumot.uk\/fr\/wp-json\/wp\/v2\/media\/3614"}],"wp:attachment":[{"href":"https:\/\/fumot.uk\/fr\/wp-json\/wp\/v2\/media?parent=3570"}],"wp:term":[{"taxonomy":"product_brand","embeddable":true,"href":"https:\/\/fumot.uk\/fr\/wp-json\/wp\/v2\/product_brand?post=3570"},{"taxonomy":"product_cat","embeddable":true,"href":"https:\/\/fumot.uk\/fr\/wp-json\/wp\/v2\/product_cat?post=3570"},{"taxonomy":"product_tag","embeddable":true,"href":"https:\/\/fumot.uk\/fr\/wp-json\/wp\/v2\/product_tag?post=3570"}],"curies":[{"name":"wp","href":"https:\/\/api.w.org\/{rel}","templated":true}]}}