{"id":3568,"date":"2026-01-20T10:13:50","date_gmt":"2026-01-20T10:13:50","guid":{"rendered":"https:\/\/fumot.uk\/?post_type=product&#038;p=3568"},"modified":"2026-01-21T01:41:06","modified_gmt":"2026-01-21T01:41:06","slug":"waspe-fw-30000-puffs-cherry-ice","status":"publish","type":"product","link":"https:\/\/fumot.uk\/fr\/product\/waspe-fw-30000-puffs-cherry-ice\/","title":{"rendered":"WASPE FW-30000 Vape Jetable (Cherry Ice) \u2013 30 000 Bouff\u00e9es, \u00c9cran LED, Double Mesh, Flux d'Air R\u00e9glable"},"content":{"rendered":"<h2>WASPE FW-30000 Cherry Ice \u2013 Cerise Sucr\u00e9e, Finition Glac\u00e9e Croquante<\/h2>\n<p>Rencontrez <strong>Cerise glac\u00e9e<\/strong> dans le <strong>WASPE FW-30000<\/strong>: une note de cerise vive, semblable \u00e0 un bonbon, \u00e9quilibr\u00e9e par une expiration propre et rafra\u00eechissante. Chaque bouff\u00e9e offre une vape douce et rafra\u00eechissante qui reste constante du premier au dernier souffle\u2014id\u00e9al pour une utilisation quotidienne et en voyage.<\/p>\n<h3>Pourquoi Vous Aimerez Cherry Ice<\/h3>\n<ul>\n<li><strong>Saveur de cerise dominante<\/strong> avec une finition glac\u00e9e et fra\u00eeche (sucr\u00e9e mais rafra\u00eechissante).<\/li>\n<li><strong>Go\u00fbt pur &amp; hit de gorge doux<\/strong> con\u00e7u pour une vape confortable toute la journ\u00e9e.<\/li>\n<li><strong>Id\u00e9al pour des nuages de style DTL<\/strong> avec une production de vapeur satisfaisante.<\/li>\n<\/ul>\n<h3>Design Intelligent pour une Performance Durable<\/h3>\n<p><strong>Affichage LED Intelligent<\/strong><br \/>Suivez la batterie et le e-liquide d'un coup d'\u0153il, pour ne pas \u00eatre pris au d\u00e9pourvu. Le <strong>batterie rechargeable de 850mAh<\/strong> avec <strong>Charge rapide Type-C<\/strong> vous aide \u00e0 rester aliment\u00e9 pour des sessions plus longues.<\/p>\n<p><strong>Ajustez votre tirage pour correspondre \u00e0 votre moment :<\/strong><\/p>\n<ul>\n<li><strong>Mode R\u00e9gulier :<\/strong> jusqu'\u00e0 <strong>30 000 bouff\u00e9es<\/strong> pour une exp\u00e9rience quotidienne fluide et pr\u00eate.<\/li>\n<li><strong>Mode Pulse :<\/strong> jusqu'\u00e0 <strong>15 000 bouff\u00e9es<\/strong> pour un hit et une saveur plus forts et plus intenses.<\/li>\n<\/ul>\n<p><strong>Double Bobine Mesh (1\u03a9 + 1\u03a9)<\/strong><br \/>Con\u00e7u pour un chauffage uniforme et une saveur constante, aidant Cherry Ice \u00e0 avoir un go\u00fbt croquant et plein tout en produisant une vapeur dense.<\/p>\n<h3>Caract\u00e9ristiques en Un Coup d'\u0152il<\/h3>\n<ul>\n<li><strong>Bouff\u00e9es :<\/strong> R\u00e9gulier 30,000 \/ Impulsion 15,000<\/li>\n<li><strong>R\u00e9sistance :<\/strong> Double maille 1\u03a9 + 1\u03a9<\/li>\n<li><strong>Capacit\u00e9 de e-liquide :<\/strong> 28ml<\/li>\n<li><strong>Options de nicotine :<\/strong> 0% \/ 2% \/ 5%<\/li>\n<li><strong>Batterie :<\/strong> 850mAh (Rechargeable)<\/li>\n<li><strong>Chargement :<\/strong> Type-C<\/li>\n<li><strong>Caract\u00e9ristiques :<\/strong> Flux d'air ajustable, affichage LED<\/li>\n<\/ul>\n<p>Vous cherchez plus de saveurs et de jetables \u00e0 haute capacit\u00e9 ? D\u00e9couvrez les derni\u00e8res nouveaut\u00e9s sur <a href=\"https:\/\/fumot.uk\/fr\/\">fumot.uk<\/a>.<\/p>","protected":false},"excerpt":{"rendered":"<p>WASPE FW-30000 Cherry Ice vape jetable avec jusqu'\u00e0 30 000 bouff\u00e9es, 28ml de e-liquide, double r\u00e9sistance en mesh, affichage LED, flux d'air r\u00e9glable et batterie rechargeable Type\u2011C de 850mAh. Nicotine : 0%\/2%\/5%.<\/p>","protected":false},"featured_media":3612,"comment_status":"open","ping_status":"closed","template":"","meta":[],"product_brand":[],"product_cat":[125,17,187],"product_tag":[84,70,124,71,20,21,36,72,23,73,29,26,28],"class_list":{"0":"post-3568","1":"product","2":"type-product","3":"status-publish","4":"has-post-thumbnail","6":"product_cat-30000-puff","7":"product_cat-vape","8":"product_cat-waspe-fw-30000-puffs","9":"product_tag-0-nikotin","10":"product_tag-2-nikotin","11":"product_tag-28ml","12":"product_tag-5-nikotin","13":"product_tag-850mah","14":"product_tag-adjustable-airflow","15":"product_tag-cherry","16":"product_tag-direct-to-lung","17":"product_tag-display","18":"product_tag-dual-mesh","19":"product_tag-ice","20":"product_tag-rechargeable","21":"product_tag-type-c","23":"first","24":"instock","25":"sale","26":"shipping-taxable","27":"purchasable","28":"product-type-variable","29":"has-default-attributes"},"yoast_head":"<!-- This site is optimized with the Yoast SEO plugin v26.8 - https:\/\/yoast.com\/product\/yoast-seo-wordpress\/ -->\n<title>WASPE FW-30000 Cherry Ice Disposable Vape | 30000 Puffs<\/title>\n<meta name=\"description\" content=\"Cherry Ice WASPE FW-30000: up to 30,000 puffs, 28ml e-liquid, LED display, dual mesh coil, adjustable airflow, 850mAh Type\u2011C rechargeable. 0\/2\/5% nicotine.\" \/>\n<meta name=\"robots\" content=\"index, follow, max-snippet:-1, max-image-preview:large, max-video-preview:-1\" \/>\n<link rel=\"canonical\" href=\"https:\/\/fumot.uk\/fr\/product\/waspe-fw-30000-puffs-cherry-ice\/\" \/>\n<meta property=\"og:locale\" content=\"fr_FR\" \/>\n<meta property=\"og:type\" content=\"article\" \/>\n<meta property=\"og:title\" content=\"WASPE FW-30000 Cherry Ice \u2013 Up to 30,000 Puffs\" \/>\n<meta property=\"og:description\" content=\"Sweet cherry with an icy finish. LED display, dual mesh coil, adjustable airflow, 28ml e-liquid, and Type\u2011C rechargeable 850mAh battery. Nicotine: 0\/2\/5%.\" \/>\n<meta property=\"og:url\" content=\"https:\/\/fumot.uk\/fr\/product\/waspe-fw-30000-puffs-cherry-ice\/\" \/>\n<meta property=\"og:site_name\" content=\"Fumot Official Direct | Straight from the Factory, 100% Genuine\" \/>\n<meta property=\"article:modified_time\" content=\"2026-01-21T01:41:06+00:00\" \/>\n<meta property=\"og:image\" content=\"https:\/\/fumot.uk\/wp-content\/uploads\/2026\/01\/Cherry-ice-WASPE-FW-30000-PUFFS-Disposable-Vape.jpg\" \/>\n\t<meta property=\"og:image:width\" content=\"1600\" \/>\n\t<meta property=\"og:image:height\" content=\"1600\" \/>\n\t<meta property=\"og:image:type\" content=\"image\/jpeg\" \/>\n<meta name=\"twitter:card\" content=\"summary_large_image\" \/>\n<meta name=\"twitter:label1\" content=\"Dur\u00e9e de lecture estim\u00e9e\" \/>\n\t<meta name=\"twitter:data1\" content=\"2 minutes\" \/>\n<script type=\"application\/ld+json\" class=\"yoast-schema-graph\">{\"@context\":\"https:\/\/schema.org\",\"@graph\":[{\"@type\":\"WebPage\",\"@id\":\"https:\/\/fumot.uk\/product\/waspe-fw-30000-puffs-cherry-ice\/\",\"url\":\"https:\/\/fumot.uk\/product\/waspe-fw-30000-puffs-cherry-ice\/\",\"name\":\"WASPE FW-30000 Cherry Ice Disposable Vape | 30000 Puffs\",\"isPartOf\":{\"@id\":\"https:\/\/fumot.uk\/#website\"},\"primaryImageOfPage\":{\"@id\":\"https:\/\/fumot.uk\/product\/waspe-fw-30000-puffs-cherry-ice\/#primaryimage\"},\"image\":{\"@id\":\"https:\/\/fumot.uk\/product\/waspe-fw-30000-puffs-cherry-ice\/#primaryimage\"},\"thumbnailUrl\":\"https:\/\/fumot.uk\/wp-content\/uploads\/2026\/01\/Cherry-ice-WASPE-FW-30000-PUFFS-Disposable-Vape.jpg\",\"datePublished\":\"2026-01-20T10:13:50+00:00\",\"dateModified\":\"2026-01-21T01:41:06+00:00\",\"description\":\"Cherry Ice WASPE FW-30000: up to 30,000 puffs, 28ml e-liquid, LED display, dual mesh coil, adjustable airflow, 850mAh Type\u2011C rechargeable. 0\/2\/5% nicotine.\",\"breadcrumb\":{\"@id\":\"https:\/\/fumot.uk\/product\/waspe-fw-30000-puffs-cherry-ice\/#breadcrumb\"},\"inLanguage\":\"fr-FR\",\"potentialAction\":[{\"@type\":\"ReadAction\",\"target\":[\"https:\/\/fumot.uk\/product\/waspe-fw-30000-puffs-cherry-ice\/\"]}]},{\"@type\":\"ImageObject\",\"inLanguage\":\"fr-FR\",\"@id\":\"https:\/\/fumot.uk\/product\/waspe-fw-30000-puffs-cherry-ice\/#primaryimage\",\"url\":\"https:\/\/fumot.uk\/wp-content\/uploads\/2026\/01\/Cherry-ice-WASPE-FW-30000-PUFFS-Disposable-Vape.jpg\",\"contentUrl\":\"https:\/\/fumot.uk\/wp-content\/uploads\/2026\/01\/Cherry-ice-WASPE-FW-30000-PUFFS-Disposable-Vape.jpg\",\"width\":1600,\"height\":1600},{\"@type\":\"BreadcrumbList\",\"@id\":\"https:\/\/fumot.uk\/product\/waspe-fw-30000-puffs-cherry-ice\/#breadcrumb\",\"itemListElement\":[{\"@type\":\"ListItem\",\"position\":1,\"name\":\"Home\",\"item\":\"https:\/\/fumot.uk\/\"},{\"@type\":\"ListItem\",\"position\":2,\"name\":\"Shop\",\"item\":\"https:\/\/fumot.uk\/shop\/\"},{\"@type\":\"ListItem\",\"position\":3,\"name\":\"WASPE FW-30000 Disposable Vape (Cherry Ice) \u2013 30,000 Puffs, LED Display, Dual Mesh, Adjustable Airflow\"}]},{\"@type\":\"WebSite\",\"@id\":\"https:\/\/fumot.uk\/#website\",\"url\":\"https:\/\/fumot.uk\/\",\"name\":\"Fumot Official Direct | Straight from the Factory, 100% Genuine\",\"description\":\"Official Website\",\"publisher\":{\"@id\":\"https:\/\/fumot.uk\/#organization\"},\"potentialAction\":[{\"@type\":\"SearchAction\",\"target\":{\"@type\":\"EntryPoint\",\"urlTemplate\":\"https:\/\/fumot.uk\/?s={search_term_string}\"},\"query-input\":{\"@type\":\"PropertyValueSpecification\",\"valueRequired\":true,\"valueName\":\"search_term_string\"}}],\"inLanguage\":\"fr-FR\"},{\"@type\":\"Organization\",\"@id\":\"https:\/\/fumot.uk\/#organization\",\"name\":\"Fumot Official Direct | Straight from the Factory, 100% Genuine\",\"url\":\"https:\/\/fumot.uk\/\",\"logo\":{\"@type\":\"ImageObject\",\"inLanguage\":\"fr-FR\",\"@id\":\"https:\/\/fumot.uk\/#\/schema\/logo\/image\/\",\"url\":\"https:\/\/fumot.uk\/wp-content\/uploads\/2026\/01\/cropped-fumot-logo1.png\",\"contentUrl\":\"https:\/\/fumot.uk\/wp-content\/uploads\/2026\/01\/cropped-fumot-logo1.png\",\"width\":152,\"height\":106,\"caption\":\"Fumot Official Direct | Straight from the Factory, 100% Genuine\"},\"image\":{\"@id\":\"https:\/\/fumot.uk\/#\/schema\/logo\/image\/\"}}]}<\/script>\n<!-- \/ Yoast SEO plugin. -->","yoast_head_json":{"title":"WASPE FW-30000 Cherry Ice Vape Jetable | 30000 Bouff\u00e9es","description":"Glace Cerise WASPE FW-30000 : jusqu'\u00e0 30 000 bouff\u00e9es, 28ml de e-liquide, \u00e9cran LED, double bobine en mesh, flux d'air r\u00e9glable, rechargeable Type\u2011C 850mAh. 0\/2\/5% nicotine.","robots":{"index":"index","follow":"follow","max-snippet":"max-snippet:-1","max-image-preview":"max-image-preview:large","max-video-preview":"max-video-preview:-1"},"canonical":"https:\/\/fumot.uk\/fr\/product\/waspe-fw-30000-puffs-cherry-ice\/","og_locale":"fr_FR","og_type":"article","og_title":"WASPE FW-30000 Cherry Ice \u2013 Up to 30,000 Puffs","og_description":"Sweet cherry with an icy finish. LED display, dual mesh coil, adjustable airflow, 28ml e-liquid, and Type\u2011C rechargeable 850mAh battery. Nicotine: 0\/2\/5%.","og_url":"https:\/\/fumot.uk\/fr\/product\/waspe-fw-30000-puffs-cherry-ice\/","og_site_name":"Fumot Official Direct | Straight from the Factory, 100% Genuine","article_modified_time":"2026-01-21T01:41:06+00:00","og_image":[{"width":1600,"height":1600,"url":"https:\/\/fumot.uk\/wp-content\/uploads\/2026\/01\/Cherry-ice-WASPE-FW-30000-PUFFS-Disposable-Vape.jpg","type":"image\/jpeg"}],"twitter_card":"summary_large_image","twitter_misc":{"Dur\u00e9e de lecture estim\u00e9e":"2 minutes"},"schema":{"@context":"https:\/\/schema.org","@graph":[{"@type":"WebPage","@id":"https:\/\/fumot.uk\/product\/waspe-fw-30000-puffs-cherry-ice\/","url":"https:\/\/fumot.uk\/product\/waspe-fw-30000-puffs-cherry-ice\/","name":"WASPE FW-30000 Cherry Ice Vape Jetable | 30000 Bouff\u00e9es","isPartOf":{"@id":"https:\/\/fumot.uk\/#website"},"primaryImageOfPage":{"@id":"https:\/\/fumot.uk\/product\/waspe-fw-30000-puffs-cherry-ice\/#primaryimage"},"image":{"@id":"https:\/\/fumot.uk\/product\/waspe-fw-30000-puffs-cherry-ice\/#primaryimage"},"thumbnailUrl":"https:\/\/fumot.uk\/wp-content\/uploads\/2026\/01\/Cherry-ice-WASPE-FW-30000-PUFFS-Disposable-Vape.jpg","datePublished":"2026-01-20T10:13:50+00:00","dateModified":"2026-01-21T01:41:06+00:00","description":"Glace Cerise WASPE FW-30000 : jusqu'\u00e0 30 000 bouff\u00e9es, 28ml de e-liquide, \u00e9cran LED, double bobine en mesh, flux d'air r\u00e9glable, rechargeable Type\u2011C 850mAh. 0\/2\/5% nicotine.","breadcrumb":{"@id":"https:\/\/fumot.uk\/product\/waspe-fw-30000-puffs-cherry-ice\/#breadcrumb"},"inLanguage":"fr-FR","potentialAction":[{"@type":"ReadAction","target":["https:\/\/fumot.uk\/product\/waspe-fw-30000-puffs-cherry-ice\/"]}]},{"@type":"ImageObject","inLanguage":"fr-FR","@id":"https:\/\/fumot.uk\/product\/waspe-fw-30000-puffs-cherry-ice\/#primaryimage","url":"https:\/\/fumot.uk\/wp-content\/uploads\/2026\/01\/Cherry-ice-WASPE-FW-30000-PUFFS-Disposable-Vape.jpg","contentUrl":"https:\/\/fumot.uk\/wp-content\/uploads\/2026\/01\/Cherry-ice-WASPE-FW-30000-PUFFS-Disposable-Vape.jpg","width":1600,"height":1600},{"@type":"BreadcrumbList","@id":"https:\/\/fumot.uk\/product\/waspe-fw-30000-puffs-cherry-ice\/#breadcrumb","itemListElement":[{"@type":"ListItem","position":1,"name":"Home","item":"https:\/\/fumot.uk\/"},{"@type":"ListItem","position":2,"name":"Shop","item":"https:\/\/fumot.uk\/shop\/"},{"@type":"ListItem","position":3,"name":"WASPE FW-30000 Disposable Vape (Cherry Ice) \u2013 30,000 Puffs, LED Display, Dual Mesh, Adjustable Airflow"}]},{"@type":"WebSite","@id":"https:\/\/fumot.uk\/#website","url":"https:\/\/fumot.uk\/","name":"Fumot Official Direct | Directement de l'usine, 100% Authentique","description":"Site officiel","publisher":{"@id":"https:\/\/fumot.uk\/#organization"},"potentialAction":[{"@type":"SearchAction","target":{"@type":"EntryPoint","urlTemplate":"https:\/\/fumot.uk\/?s={search_term_string}"},"query-input":{"@type":"PropertyValueSpecification","valueRequired":true,"valueName":"search_term_string"}}],"inLanguage":"fr-FR"},{"@type":"Organization","@id":"https:\/\/fumot.uk\/#organization","name":"Fumot Official Direct | Directement de l'usine, 100% Authentique","url":"https:\/\/fumot.uk\/","logo":{"@type":"ImageObject","inLanguage":"fr-FR","@id":"https:\/\/fumot.uk\/#\/schema\/logo\/image\/","url":"https:\/\/fumot.uk\/wp-content\/uploads\/2026\/01\/cropped-fumot-logo1.png","contentUrl":"https:\/\/fumot.uk\/wp-content\/uploads\/2026\/01\/cropped-fumot-logo1.png","width":152,"height":106,"caption":"Fumot Official Direct | Straight from the Factory, 100% Genuine"},"image":{"@id":"https:\/\/fumot.uk\/#\/schema\/logo\/image\/"}}]}},"_links":{"self":[{"href":"https:\/\/fumot.uk\/fr\/wp-json\/wp\/v2\/product\/3568","targetHints":{"allow":["GET"]}}],"collection":[{"href":"https:\/\/fumot.uk\/fr\/wp-json\/wp\/v2\/product"}],"about":[{"href":"https:\/\/fumot.uk\/fr\/wp-json\/wp\/v2\/types\/product"}],"replies":[{"embeddable":true,"href":"https:\/\/fumot.uk\/fr\/wp-json\/wp\/v2\/comments?post=3568"}],"wp:featuredmedia":[{"embeddable":true,"href":"https:\/\/fumot.uk\/fr\/wp-json\/wp\/v2\/media\/3612"}],"wp:attachment":[{"href":"https:\/\/fumot.uk\/fr\/wp-json\/wp\/v2\/media?parent=3568"}],"wp:term":[{"taxonomy":"product_brand","embeddable":true,"href":"https:\/\/fumot.uk\/fr\/wp-json\/wp\/v2\/product_brand?post=3568"},{"taxonomy":"product_cat","embeddable":true,"href":"https:\/\/fumot.uk\/fr\/wp-json\/wp\/v2\/product_cat?post=3568"},{"taxonomy":"product_tag","embeddable":true,"href":"https:\/\/fumot.uk\/fr\/wp-json\/wp\/v2\/product_tag?post=3568"}],"curies":[{"name":"wp","href":"https:\/\/api.w.org\/{rel}","templated":true}]}}