{"id":3567,"date":"2026-01-20T10:13:50","date_gmt":"2026-01-20T10:13:50","guid":{"rendered":"https:\/\/fumot.uk\/?post_type=product&#038;p=3567"},"modified":"2026-01-21T01:40:47","modified_gmt":"2026-01-21T01:40:47","slug":"waspe-fw-30000-puffs-blueberry-raspberry","status":"publish","type":"product","link":"https:\/\/fumot.uk\/fr\/product\/waspe-fw-30000-puffs-blueberry-raspberry\/","title":{"rendered":"WASPE FW-30000 Vape Jetable (30,000 Bouff\u00e9es) \u2013 Myrtille Framboise | Double Mesh, \u00c9cran LED, Flux d'air R\u00e9glable"},"content":{"rendered":"<h2>WASPE FW-30000 Myrtille Framboise \u2013 Myrtille Sucr\u00e9e, Framboise Acidul\u00e9e<\/h2>\n<p>D\u00e9couvrez une saveur \u00e9clatante, juteuse et magnifiquement \u00e9quilibr\u00e9e. <strong>WASPE FW-30000 Myrtille Framboise<\/strong> m\u00e9lange la douceur sucr\u00e9e des myrtilles m\u00fbres avec une acidit\u00e9 vive de framboise\u2014cr\u00e9ant un profil fruit\u00e9 en couches qui reste pur du premier tirage au dernier. C'est une option rafra\u00eechissante pour toute la journ\u00e9e pour ceux qui appr\u00e9cient une vape fruit\u00e9e avec un hit de gorge doux et une vapeur satisfaisante.<\/p>\n<h3>Pourquoi Vous Aimerez Cette Saveur<\/h3>\n<ul>\n<li><strong>Go\u00fbt fruit\u00e9<\/strong>: myrtille sucr\u00e9e rencontre framboise l\u00e9g\u00e8rement acidul\u00e9e<\/li>\n<li><strong>Finition propre et douce<\/strong>: con\u00e7u pour un tirage confortable et constant<\/li>\n<li><strong>Id\u00e9al pour une utilisation quotidienne<\/strong>: saveur fra\u00eeche qui ne semble pas lourde<\/li>\n<\/ul>\n<h3>Caract\u00e9ristiques de WASPE FW-30000 (\u00c9cran LED \u00d7 Double Bobine Mesh \u00d7 Flux d'air Ajustable)<\/h3>\n<p><strong>V\u00e9rifiez votre<\/strong><br \/>L'\u00e9cran LED int\u00e9gr\u00e9 vous aide \u00e0 garder une trace de <strong>batterie<\/strong> et <strong>niveau de e-liquide<\/strong>, pour que vous puissiez vaper avec moins de surprises. Aliment\u00e9 par une <strong>850mAh<\/strong> batterie rechargeable avec <strong>Type\u2011C<\/strong> chargement pour des recharges pratiques.<\/p>\n<p><strong>Ajustez votre tirage pour correspondre \u00e0 votre moment :<\/strong><br \/>Utilisez le contr\u00f4le de flux d'air rotatif pour changer votre exp\u00e9rience :<\/p>\n<ul>\n<li><strong>Mode Standard<\/strong>: jusqu'\u00e0 <strong>30 000 bouff\u00e9es<\/strong> pour un plaisir quotidien et r\u00e9gulier<\/li>\n<li><strong>Mode Pulse<\/strong>: jusqu'\u00e0 <strong>15 000 bouff\u00e9es<\/strong> pour une saveur plus audacieuse et un hit de gorge plus fort<\/li>\n<\/ul>\n<p><strong>Double Bobine Mesh (1\u03a9 + 1\u03a9)<\/strong><br \/>Le <strong>double mesh<\/strong> l'installation est con\u00e7ue pour chauffer uniform\u00e9ment pour un go\u00fbt plus doux et une vapeur plus pleine. Avec une grande <strong>28ml<\/strong> capacit\u00e9 de e-liquide, il est con\u00e7u pour une utilisation durable.<\/p>\n<h3>Sp\u00e9cifications<\/h3>\n<ul>\n<li><strong>Bouff\u00e9es<\/strong>: R\u00e9gulier jusqu'\u00e0 30,000 \/ Pulse jusqu'\u00e0 15,000<\/li>\n<li><strong>Bobine<\/strong>: Double Mesh 1\u03a9 + 1\u03a9<\/li>\n<li><strong>Capacit\u00e9 de E-liquide<\/strong>: 28ml<\/li>\n<li><strong>Options de nicotine<\/strong>: 0% \/ 2% \/ 5%<\/li>\n<li><strong>Batterie<\/strong>: 850mAh (Rechargeable)<\/li>\n<li><strong>Charge<\/strong>: Type\u2011C<\/li>\n<li><strong>Flux d'air<\/strong>: R\u00e9glable<\/li>\n<li><strong>Affichage<\/strong>Pourquoi choisir Blueberry Ice ?<\/li>\n<\/ul>\n<p><strong>Explorez plus de vapes jetables durables et de saveurs sur<\/strong> <a href=\"https:\/\/fumot.uk\/fr\/\">fumot.uk<\/a>.<\/p>","protected":false},"excerpt":{"rendered":"<p>WASPE FW-30000 Blueberry Raspberry vape jetable avec jusqu'\u00e0 30 000 bouff\u00e9es (Standard) ou 15 000 (Pulse). Double bobine en mesh, \u00e9cran LED, flux d'air r\u00e9glable, 28 ml de e-liquide, rechargeable Type\u2011C 850mAh.<\/p>","protected":false},"featured_media":3611,"comment_status":"open","ping_status":"closed","template":"","meta":[],"product_brand":[],"product_cat":[125,17,187],"product_tag":[84,70,124,71,20,21,33,72,23,73,34,26,28],"class_list":{"0":"post-3567","1":"product","2":"type-product","3":"status-publish","4":"has-post-thumbnail","6":"product_cat-30000-puff","7":"product_cat-vape","8":"product_cat-waspe-fw-30000-puffs","9":"product_tag-0-nikotin","10":"product_tag-2-nikotin","11":"product_tag-28ml","12":"product_tag-5-nikotin","13":"product_tag-850mah","14":"product_tag-adjustable-airflow","15":"product_tag-blueberry","16":"product_tag-direct-to-lung","17":"product_tag-display","18":"product_tag-dual-mesh","19":"product_tag-raspberry","20":"product_tag-rechargeable","21":"product_tag-type-c","23":"first","24":"instock","25":"sale","26":"shipping-taxable","27":"purchasable","28":"product-type-variable","29":"has-default-attributes"},"yoast_head":"<!-- This site is optimized with the Yoast SEO plugin v26.8 - https:\/\/yoast.com\/product\/yoast-seo-wordpress\/ -->\n<title>WASPE FW-30000 Blueberry Raspberry | 30,000 Puffs<\/title>\n<meta name=\"description\" content=\"WASPE FW-30000 Blueberry Raspberry: up to 30,000 puffs, dual mesh 1\u03a9+1\u03a9, 28ml e-liquid, LED display, adjustable airflow, 850mAh Type\u2011C rechargeable.\" \/>\n<meta name=\"robots\" content=\"index, follow, max-snippet:-1, max-image-preview:large, max-video-preview:-1\" \/>\n<link rel=\"canonical\" href=\"https:\/\/fumot.uk\/fr\/product\/waspe-fw-30000-puffs-blueberry-raspberry\/\" \/>\n<meta property=\"og:locale\" content=\"fr_FR\" \/>\n<meta property=\"og:type\" content=\"article\" \/>\n<meta property=\"og:title\" content=\"WASPE FW-30000 Blueberry Raspberry \u2013 30,000 Puff Disposable Vape\" \/>\n<meta property=\"og:description\" content=\"Sweet blueberry meets tangy raspberry. LED display, adjustable airflow, dual mesh coil, 28ml e-liquid, 850mAh Type\u2011C rechargeable. Nicotine: 0\/2\/5%.\" \/>\n<meta property=\"og:url\" content=\"https:\/\/fumot.uk\/fr\/product\/waspe-fw-30000-puffs-blueberry-raspberry\/\" \/>\n<meta property=\"og:site_name\" content=\"Fumot Official Direct | Straight from the Factory, 100% Genuine\" \/>\n<meta property=\"article:modified_time\" content=\"2026-01-21T01:40:47+00:00\" \/>\n<meta property=\"og:image\" content=\"https:\/\/fumot.uk\/wp-content\/uploads\/2026\/01\/Blueberry-Raspberry_WASPE-FW-30000-PUFFS-Disposable-Vape.jpg\" \/>\n\t<meta property=\"og:image:width\" content=\"1600\" \/>\n\t<meta property=\"og:image:height\" content=\"1600\" \/>\n\t<meta property=\"og:image:type\" content=\"image\/jpeg\" \/>\n<meta name=\"twitter:card\" content=\"summary_large_image\" \/>\n<meta name=\"twitter:label1\" content=\"Dur\u00e9e de lecture estim\u00e9e\" \/>\n\t<meta name=\"twitter:data1\" content=\"2 minutes\" \/>\n<script type=\"application\/ld+json\" class=\"yoast-schema-graph\">{\"@context\":\"https:\/\/schema.org\",\"@graph\":[{\"@type\":\"WebPage\",\"@id\":\"https:\/\/fumot.uk\/product\/waspe-fw-30000-puffs-blueberry-raspberry\/\",\"url\":\"https:\/\/fumot.uk\/product\/waspe-fw-30000-puffs-blueberry-raspberry\/\",\"name\":\"WASPE FW-30000 Blueberry Raspberry | 30,000 Puffs\",\"isPartOf\":{\"@id\":\"https:\/\/fumot.uk\/#website\"},\"primaryImageOfPage\":{\"@id\":\"https:\/\/fumot.uk\/product\/waspe-fw-30000-puffs-blueberry-raspberry\/#primaryimage\"},\"image\":{\"@id\":\"https:\/\/fumot.uk\/product\/waspe-fw-30000-puffs-blueberry-raspberry\/#primaryimage\"},\"thumbnailUrl\":\"https:\/\/fumot.uk\/wp-content\/uploads\/2026\/01\/Blueberry-Raspberry_WASPE-FW-30000-PUFFS-Disposable-Vape.jpg\",\"datePublished\":\"2026-01-20T10:13:50+00:00\",\"dateModified\":\"2026-01-21T01:40:47+00:00\",\"description\":\"WASPE FW-30000 Blueberry Raspberry: up to 30,000 puffs, dual mesh 1\u03a9+1\u03a9, 28ml e-liquid, LED display, adjustable airflow, 850mAh Type\u2011C rechargeable.\",\"breadcrumb\":{\"@id\":\"https:\/\/fumot.uk\/product\/waspe-fw-30000-puffs-blueberry-raspberry\/#breadcrumb\"},\"inLanguage\":\"fr-FR\",\"potentialAction\":[{\"@type\":\"ReadAction\",\"target\":[\"https:\/\/fumot.uk\/product\/waspe-fw-30000-puffs-blueberry-raspberry\/\"]}]},{\"@type\":\"ImageObject\",\"inLanguage\":\"fr-FR\",\"@id\":\"https:\/\/fumot.uk\/product\/waspe-fw-30000-puffs-blueberry-raspberry\/#primaryimage\",\"url\":\"https:\/\/fumot.uk\/wp-content\/uploads\/2026\/01\/Blueberry-Raspberry_WASPE-FW-30000-PUFFS-Disposable-Vape.jpg\",\"contentUrl\":\"https:\/\/fumot.uk\/wp-content\/uploads\/2026\/01\/Blueberry-Raspberry_WASPE-FW-30000-PUFFS-Disposable-Vape.jpg\",\"width\":1600,\"height\":1600},{\"@type\":\"BreadcrumbList\",\"@id\":\"https:\/\/fumot.uk\/product\/waspe-fw-30000-puffs-blueberry-raspberry\/#breadcrumb\",\"itemListElement\":[{\"@type\":\"ListItem\",\"position\":1,\"name\":\"Home\",\"item\":\"https:\/\/fumot.uk\/\"},{\"@type\":\"ListItem\",\"position\":2,\"name\":\"Shop\",\"item\":\"https:\/\/fumot.uk\/shop\/\"},{\"@type\":\"ListItem\",\"position\":3,\"name\":\"WASPE FW-30000 Disposable Vape (30,000 Puffs) \u2013 Blueberry Raspberry | Dual Mesh, LED Display, Adjustable Airflow\"}]},{\"@type\":\"WebSite\",\"@id\":\"https:\/\/fumot.uk\/#website\",\"url\":\"https:\/\/fumot.uk\/\",\"name\":\"Fumot Official Direct | Straight from the Factory, 100% Genuine\",\"description\":\"Official Website\",\"publisher\":{\"@id\":\"https:\/\/fumot.uk\/#organization\"},\"potentialAction\":[{\"@type\":\"SearchAction\",\"target\":{\"@type\":\"EntryPoint\",\"urlTemplate\":\"https:\/\/fumot.uk\/?s={search_term_string}\"},\"query-input\":{\"@type\":\"PropertyValueSpecification\",\"valueRequired\":true,\"valueName\":\"search_term_string\"}}],\"inLanguage\":\"fr-FR\"},{\"@type\":\"Organization\",\"@id\":\"https:\/\/fumot.uk\/#organization\",\"name\":\"Fumot Official Direct | Straight from the Factory, 100% Genuine\",\"url\":\"https:\/\/fumot.uk\/\",\"logo\":{\"@type\":\"ImageObject\",\"inLanguage\":\"fr-FR\",\"@id\":\"https:\/\/fumot.uk\/#\/schema\/logo\/image\/\",\"url\":\"https:\/\/fumot.uk\/wp-content\/uploads\/2026\/01\/cropped-fumot-logo1.png\",\"contentUrl\":\"https:\/\/fumot.uk\/wp-content\/uploads\/2026\/01\/cropped-fumot-logo1.png\",\"width\":152,\"height\":106,\"caption\":\"Fumot Official Direct | Straight from the Factory, 100% Genuine\"},\"image\":{\"@id\":\"https:\/\/fumot.uk\/#\/schema\/logo\/image\/\"}}]}<\/script>\n<!-- \/ Yoast SEO plugin. -->","yoast_head_json":{"title":"WASPE FW-30000 Myrtille Framboise | 30 000 Bouff\u00e9es","description":"WASPE FW-30000 Myrtille Framboise : jusqu'\u00e0 30 000 bouff\u00e9es, double mesh 1\u03a9+1\u03a9, 28ml e-liquide, affichage LED, flux d'air r\u00e9glable, 850mAh Type\u2011C rechargeable.","robots":{"index":"index","follow":"follow","max-snippet":"max-snippet:-1","max-image-preview":"max-image-preview:large","max-video-preview":"max-video-preview:-1"},"canonical":"https:\/\/fumot.uk\/fr\/product\/waspe-fw-30000-puffs-blueberry-raspberry\/","og_locale":"fr_FR","og_type":"article","og_title":"WASPE FW-30000 Blueberry Raspberry \u2013 30,000 Puff Disposable Vape","og_description":"Sweet blueberry meets tangy raspberry. LED display, adjustable airflow, dual mesh coil, 28ml e-liquid, 850mAh Type\u2011C rechargeable. Nicotine: 0\/2\/5%.","og_url":"https:\/\/fumot.uk\/fr\/product\/waspe-fw-30000-puffs-blueberry-raspberry\/","og_site_name":"Fumot Official Direct | Straight from the Factory, 100% Genuine","article_modified_time":"2026-01-21T01:40:47+00:00","og_image":[{"width":1600,"height":1600,"url":"https:\/\/fumot.uk\/wp-content\/uploads\/2026\/01\/Blueberry-Raspberry_WASPE-FW-30000-PUFFS-Disposable-Vape.jpg","type":"image\/jpeg"}],"twitter_card":"summary_large_image","twitter_misc":{"Dur\u00e9e de lecture estim\u00e9e":"2 minutes"},"schema":{"@context":"https:\/\/schema.org","@graph":[{"@type":"WebPage","@id":"https:\/\/fumot.uk\/product\/waspe-fw-30000-puffs-blueberry-raspberry\/","url":"https:\/\/fumot.uk\/product\/waspe-fw-30000-puffs-blueberry-raspberry\/","name":"WASPE FW-30000 Myrtille Framboise | 30 000 Bouff\u00e9es","isPartOf":{"@id":"https:\/\/fumot.uk\/#website"},"primaryImageOfPage":{"@id":"https:\/\/fumot.uk\/product\/waspe-fw-30000-puffs-blueberry-raspberry\/#primaryimage"},"image":{"@id":"https:\/\/fumot.uk\/product\/waspe-fw-30000-puffs-blueberry-raspberry\/#primaryimage"},"thumbnailUrl":"https:\/\/fumot.uk\/wp-content\/uploads\/2026\/01\/Blueberry-Raspberry_WASPE-FW-30000-PUFFS-Disposable-Vape.jpg","datePublished":"2026-01-20T10:13:50+00:00","dateModified":"2026-01-21T01:40:47+00:00","description":"WASPE FW-30000 Myrtille Framboise : jusqu'\u00e0 30 000 bouff\u00e9es, double mesh 1\u03a9+1\u03a9, 28ml e-liquide, affichage LED, flux d'air r\u00e9glable, 850mAh Type\u2011C rechargeable.","breadcrumb":{"@id":"https:\/\/fumot.uk\/product\/waspe-fw-30000-puffs-blueberry-raspberry\/#breadcrumb"},"inLanguage":"fr-FR","potentialAction":[{"@type":"ReadAction","target":["https:\/\/fumot.uk\/product\/waspe-fw-30000-puffs-blueberry-raspberry\/"]}]},{"@type":"ImageObject","inLanguage":"fr-FR","@id":"https:\/\/fumot.uk\/product\/waspe-fw-30000-puffs-blueberry-raspberry\/#primaryimage","url":"https:\/\/fumot.uk\/wp-content\/uploads\/2026\/01\/Blueberry-Raspberry_WASPE-FW-30000-PUFFS-Disposable-Vape.jpg","contentUrl":"https:\/\/fumot.uk\/wp-content\/uploads\/2026\/01\/Blueberry-Raspberry_WASPE-FW-30000-PUFFS-Disposable-Vape.jpg","width":1600,"height":1600},{"@type":"BreadcrumbList","@id":"https:\/\/fumot.uk\/product\/waspe-fw-30000-puffs-blueberry-raspberry\/#breadcrumb","itemListElement":[{"@type":"ListItem","position":1,"name":"Home","item":"https:\/\/fumot.uk\/"},{"@type":"ListItem","position":2,"name":"Shop","item":"https:\/\/fumot.uk\/shop\/"},{"@type":"ListItem","position":3,"name":"WASPE FW-30000 Disposable Vape (30,000 Puffs) \u2013 Blueberry Raspberry | Dual Mesh, LED Display, Adjustable Airflow"}]},{"@type":"WebSite","@id":"https:\/\/fumot.uk\/#website","url":"https:\/\/fumot.uk\/","name":"Fumot Official Direct | Directement de l'usine, 100% Authentique","description":"Site officiel","publisher":{"@id":"https:\/\/fumot.uk\/#organization"},"potentialAction":[{"@type":"SearchAction","target":{"@type":"EntryPoint","urlTemplate":"https:\/\/fumot.uk\/?s={search_term_string}"},"query-input":{"@type":"PropertyValueSpecification","valueRequired":true,"valueName":"search_term_string"}}],"inLanguage":"fr-FR"},{"@type":"Organization","@id":"https:\/\/fumot.uk\/#organization","name":"Fumot Official Direct | Directement de l'usine, 100% Authentique","url":"https:\/\/fumot.uk\/","logo":{"@type":"ImageObject","inLanguage":"fr-FR","@id":"https:\/\/fumot.uk\/#\/schema\/logo\/image\/","url":"https:\/\/fumot.uk\/wp-content\/uploads\/2026\/01\/cropped-fumot-logo1.png","contentUrl":"https:\/\/fumot.uk\/wp-content\/uploads\/2026\/01\/cropped-fumot-logo1.png","width":152,"height":106,"caption":"Fumot Official Direct | Straight from the Factory, 100% Genuine"},"image":{"@id":"https:\/\/fumot.uk\/#\/schema\/logo\/image\/"}}]}},"_links":{"self":[{"href":"https:\/\/fumot.uk\/fr\/wp-json\/wp\/v2\/product\/3567","targetHints":{"allow":["GET"]}}],"collection":[{"href":"https:\/\/fumot.uk\/fr\/wp-json\/wp\/v2\/product"}],"about":[{"href":"https:\/\/fumot.uk\/fr\/wp-json\/wp\/v2\/types\/product"}],"replies":[{"embeddable":true,"href":"https:\/\/fumot.uk\/fr\/wp-json\/wp\/v2\/comments?post=3567"}],"wp:featuredmedia":[{"embeddable":true,"href":"https:\/\/fumot.uk\/fr\/wp-json\/wp\/v2\/media\/3611"}],"wp:attachment":[{"href":"https:\/\/fumot.uk\/fr\/wp-json\/wp\/v2\/media?parent=3567"}],"wp:term":[{"taxonomy":"product_brand","embeddable":true,"href":"https:\/\/fumot.uk\/fr\/wp-json\/wp\/v2\/product_brand?post=3567"},{"taxonomy":"product_cat","embeddable":true,"href":"https:\/\/fumot.uk\/fr\/wp-json\/wp\/v2\/product_cat?post=3567"},{"taxonomy":"product_tag","embeddable":true,"href":"https:\/\/fumot.uk\/fr\/wp-json\/wp\/v2\/product_tag?post=3567"}],"curies":[{"name":"wp","href":"https:\/\/api.w.org\/{rel}","templated":true}]}}