{"id":3566,"date":"2026-01-20T10:13:50","date_gmt":"2026-01-20T10:13:50","guid":{"rendered":"https:\/\/fumot.uk\/?post_type=product&#038;p=3566"},"modified":"2026-01-21T01:40:24","modified_gmt":"2026-01-21T01:40:24","slug":"watermelon-bubblegum-waspe-crystal-20000-puffs","status":"publish","type":"product","link":"https:\/\/fumot.uk\/fr\/product\/watermelon-bubblegum-waspe-crystal-20000-puffs\/","title":{"rendered":"WASPE Crystal 20000 Puffs Past\u00e8que Chewing-gum Vape Jetable (24ml, Double Mesh, \u00c9cran LED, USB-C)"},"content":{"rendered":"<h2>WASPE Crystal 20000 Puffs \u2013 Past\u00e8que Chewing-gum<\/h2>\n<p><strong>Past\u00e8que Chewing-gum<\/strong> m\u00e9lange de la past\u00e8que juteuse avec une finition douce et sucr\u00e9e de chewing-gum pour une vape lumineuse au style estival qui reste douce sans \u00eatre excessive. Chaque bouff\u00e9e est ronde et savoureuse\u2014melon frais au d\u00e9but, suivi d'une note douce de chewing-gum qui persiste agr\u00e9ablement.<\/p>\n<h3>Pourquoi vous allez adorer cette saveur<\/h3>\n<ul>\n<li><strong>Profil fruit\u00e9 en premier :<\/strong> go\u00fbt de past\u00e8que croquante avec une sensation propre et rafra\u00eechissante<\/li>\n<li><strong>Finition sucr\u00e9e :<\/strong> note douce de bonbon au chewing-gum pour une ambiance facile toute la journ\u00e9e<\/li>\n<li><strong>Vapeur douce :<\/strong> con\u00e7ue pour une bouff\u00e9e constante et satisfaisante du d\u00e9but \u00e0 la fin<\/li>\n<\/ul>\n<h3>Apparence cristalline, performance intelligente<\/h3>\n<p>Le <strong>WASPE Crystal 20000 Puffs<\/strong> associe un corps clair de style cristal avec des fonctionnalit\u00e9s pratiques pour une commodit\u00e9 quotidienne. Le <strong>affichage LED<\/strong> vous tient inform\u00e9 d'un coup d'\u0153il, tandis que le <strong>syst\u00e8me de double bobine en maille<\/strong> aide \u00e0 d\u00e9livrer une vapeur dense et douce et une saveur stable tout au long de la dur\u00e9e de vie de l'appareil. Il est <strong>sans entretien<\/strong> et pr\u00eat \u00e0 l'emploi d\u00e8s la sortie de la bo\u00eete.<\/p>\n<p>Explorez plus de saveurs et d'appareils sur <a href=\"https:\/\/fumot.uk\/fr\/\">fumot.uk<\/a>.<\/p>\n<h3>Caract\u00e9ristiques techniques<\/h3>\n<ul>\n<li><strong>Bouff\u00e9es :<\/strong> Jusqu'\u00e0 20000<\/li>\n<li><strong>R\u00e9sistance :<\/strong> Double bobine en maille 1\u03a9 + 1\u03a9<\/li>\n<li><strong>Capacit\u00e9 de e-liquide :<\/strong> 24ml<\/li>\n<li><strong>Options de nicotine :<\/strong> 0% \/ 2% \/ 5% (s\u00e9lectionnez votre pr\u00e9f\u00e9rence)<\/li>\n<li><strong>Batterie :<\/strong> 900mAh<\/li>\n<li><strong>Chargement :<\/strong> USB Type-C (rechargeable)<\/li>\n<li><strong>Affichage :<\/strong> affichage LED<\/li>\n<\/ul>\n<h3>Pour qui c'est<\/h3>\n<p>Si vous appr\u00e9ciez <strong>fruits + bonbons<\/strong> saveurs, Past\u00e8que Chewing-gum est un excellent choix : rafra\u00eechissant, l\u00e9g\u00e8rement sucr\u00e9 et facile \u00e0 retrouver tout au long de la journ\u00e9e\u2014que vous preniez une pause rapide ou que vous vous installiez pour une session plus longue.<\/p>","protected":false},"excerpt":{"rendered":"<p>La past\u00e8que juteuse rencontre une finition de chewing-gum lisse dans le WASPE Crystal 20000 Puffs. 24ml de e-liquide, doubles r\u00e9sistances en mesh, affichage LED et rechargeable USB\u2011C\u2014disponible en nicotine 0%\/2%\/5%.<\/p>","protected":false},"featured_media":3610,"comment_status":"open","ping_status":"closed","template":"","meta":[],"product_brand":[],"product_cat":[68,17,185],"product_tag":[84,70,171,71,186,49,113,72,23,73,26,28,32],"class_list":{"0":"post-3566","1":"product","2":"type-product","3":"status-publish","4":"has-post-thumbnail","6":"product_cat-20000-puff","7":"product_cat-vape","8":"product_cat-waspe-crystal-20000-puffs","9":"product_tag-0-nikotin","10":"product_tag-2-nikotin","11":"product_tag-24ml","12":"product_tag-5-nikotin","13":"product_tag-900mah","14":"product_tag-bubblegum","15":"product_tag-crystal-vape","16":"product_tag-direct-to-lung","17":"product_tag-display","18":"product_tag-dual-mesh","19":"product_tag-rechargeable","20":"product_tag-type-c","21":"product_tag-watermelon","23":"first","24":"instock","25":"sale","26":"shipping-taxable","27":"purchasable","28":"product-type-variable","29":"has-default-attributes"},"yoast_head":"<!-- This site is optimized with the Yoast SEO plugin v26.8 - https:\/\/yoast.com\/product\/yoast-seo-wordpress\/ -->\n<title>WASPE Crystal 20000 Puffs Watermelon Bubblegum Vape<\/title>\n<meta name=\"description\" content=\"WASPE Crystal 20000 Puffs Watermelon Bubblegum: 24ml, dual mesh coils, LED display, 900mAh USB\u2011C rechargeable. Choose 0%\/2%\/5% nicotine.\" \/>\n<meta name=\"robots\" content=\"index, follow, max-snippet:-1, max-image-preview:large, max-video-preview:-1\" \/>\n<link rel=\"canonical\" href=\"https:\/\/fumot.uk\/fr\/product\/watermelon-bubblegum-waspe-crystal-20000-puffs\/\" \/>\n<meta property=\"og:locale\" content=\"fr_FR\" \/>\n<meta property=\"og:type\" content=\"article\" \/>\n<meta property=\"og:title\" content=\"Watermelon Bubblegum \u2013 WASPE Crystal 20000 Puffs\" \/>\n<meta property=\"og:description\" content=\"Fresh watermelon with a smooth bubblegum finish. Crystal-style design with LED display, dual mesh coils, 24ml e-liquid and USB\u2011C rechargeable power.\" \/>\n<meta property=\"og:url\" content=\"https:\/\/fumot.uk\/fr\/product\/watermelon-bubblegum-waspe-crystal-20000-puffs\/\" \/>\n<meta property=\"og:site_name\" content=\"Fumot Official Direct | Straight from the Factory, 100% Genuine\" \/>\n<meta property=\"article:modified_time\" content=\"2026-01-21T01:40:24+00:00\" \/>\n<meta property=\"og:image\" content=\"https:\/\/fumot.uk\/wp-content\/uploads\/2026\/01\/WASPE-Crystal-20000-Puffs-Watermelon-Bubblegum-Disposable-Vape.jpg\" \/>\n\t<meta property=\"og:image:width\" content=\"2000\" \/>\n\t<meta property=\"og:image:height\" content=\"1500\" \/>\n\t<meta property=\"og:image:type\" content=\"image\/jpeg\" \/>\n<meta name=\"twitter:card\" content=\"summary_large_image\" \/>\n<meta name=\"twitter:label1\" content=\"Dur\u00e9e de lecture estim\u00e9e\" \/>\n\t<meta name=\"twitter:data1\" content=\"2 minutes\" \/>\n<script type=\"application\/ld+json\" class=\"yoast-schema-graph\">{\"@context\":\"https:\/\/schema.org\",\"@graph\":[{\"@type\":\"WebPage\",\"@id\":\"https:\/\/fumot.uk\/product\/watermelon-bubblegum-waspe-crystal-20000-puffs\/\",\"url\":\"https:\/\/fumot.uk\/product\/watermelon-bubblegum-waspe-crystal-20000-puffs\/\",\"name\":\"WASPE Crystal 20000 Puffs Watermelon Bubblegum Vape\",\"isPartOf\":{\"@id\":\"https:\/\/fumot.uk\/#website\"},\"primaryImageOfPage\":{\"@id\":\"https:\/\/fumot.uk\/product\/watermelon-bubblegum-waspe-crystal-20000-puffs\/#primaryimage\"},\"image\":{\"@id\":\"https:\/\/fumot.uk\/product\/watermelon-bubblegum-waspe-crystal-20000-puffs\/#primaryimage\"},\"thumbnailUrl\":\"https:\/\/fumot.uk\/wp-content\/uploads\/2026\/01\/WASPE-Crystal-20000-Puffs-Watermelon-Bubblegum-Disposable-Vape.jpg\",\"datePublished\":\"2026-01-20T10:13:50+00:00\",\"dateModified\":\"2026-01-21T01:40:24+00:00\",\"description\":\"WASPE Crystal 20000 Puffs Watermelon Bubblegum: 24ml, dual mesh coils, LED display, 900mAh USB\u2011C rechargeable. Choose 0%\/2%\/5% nicotine.\",\"breadcrumb\":{\"@id\":\"https:\/\/fumot.uk\/product\/watermelon-bubblegum-waspe-crystal-20000-puffs\/#breadcrumb\"},\"inLanguage\":\"fr-FR\",\"potentialAction\":[{\"@type\":\"ReadAction\",\"target\":[\"https:\/\/fumot.uk\/product\/watermelon-bubblegum-waspe-crystal-20000-puffs\/\"]}]},{\"@type\":\"ImageObject\",\"inLanguage\":\"fr-FR\",\"@id\":\"https:\/\/fumot.uk\/product\/watermelon-bubblegum-waspe-crystal-20000-puffs\/#primaryimage\",\"url\":\"https:\/\/fumot.uk\/wp-content\/uploads\/2026\/01\/WASPE-Crystal-20000-Puffs-Watermelon-Bubblegum-Disposable-Vape.jpg\",\"contentUrl\":\"https:\/\/fumot.uk\/wp-content\/uploads\/2026\/01\/WASPE-Crystal-20000-Puffs-Watermelon-Bubblegum-Disposable-Vape.jpg\",\"width\":2000,\"height\":1500},{\"@type\":\"BreadcrumbList\",\"@id\":\"https:\/\/fumot.uk\/product\/watermelon-bubblegum-waspe-crystal-20000-puffs\/#breadcrumb\",\"itemListElement\":[{\"@type\":\"ListItem\",\"position\":1,\"name\":\"Home\",\"item\":\"https:\/\/fumot.uk\/\"},{\"@type\":\"ListItem\",\"position\":2,\"name\":\"Shop\",\"item\":\"https:\/\/fumot.uk\/shop\/\"},{\"@type\":\"ListItem\",\"position\":3,\"name\":\"WASPE Crystal 20000 Puffs Watermelon Bubblegum Disposable Vape (24ml, Dual Mesh, LED Display, USB-C)\"}]},{\"@type\":\"WebSite\",\"@id\":\"https:\/\/fumot.uk\/#website\",\"url\":\"https:\/\/fumot.uk\/\",\"name\":\"Fumot Official Direct | Straight from the Factory, 100% Genuine\",\"description\":\"Official Website\",\"publisher\":{\"@id\":\"https:\/\/fumot.uk\/#organization\"},\"potentialAction\":[{\"@type\":\"SearchAction\",\"target\":{\"@type\":\"EntryPoint\",\"urlTemplate\":\"https:\/\/fumot.uk\/?s={search_term_string}\"},\"query-input\":{\"@type\":\"PropertyValueSpecification\",\"valueRequired\":true,\"valueName\":\"search_term_string\"}}],\"inLanguage\":\"fr-FR\"},{\"@type\":\"Organization\",\"@id\":\"https:\/\/fumot.uk\/#organization\",\"name\":\"Fumot Official Direct | Straight from the Factory, 100% Genuine\",\"url\":\"https:\/\/fumot.uk\/\",\"logo\":{\"@type\":\"ImageObject\",\"inLanguage\":\"fr-FR\",\"@id\":\"https:\/\/fumot.uk\/#\/schema\/logo\/image\/\",\"url\":\"https:\/\/fumot.uk\/wp-content\/uploads\/2026\/01\/cropped-fumot-logo1.png\",\"contentUrl\":\"https:\/\/fumot.uk\/wp-content\/uploads\/2026\/01\/cropped-fumot-logo1.png\",\"width\":152,\"height\":106,\"caption\":\"Fumot Official Direct | Straight from the Factory, 100% Genuine\"},\"image\":{\"@id\":\"https:\/\/fumot.uk\/#\/schema\/logo\/image\/\"}}]}<\/script>\n<!-- \/ Yoast SEO plugin. -->","yoast_head_json":{"title":"WASPE Crystal 20000 Puffs Vape Past\u00e8que Chewing-gum","description":"WASPE Crystal 20000 Puffs Bubblegum Past\u00e8que : 24ml, double bobines en mesh, \u00e9cran LED, rechargeable USB\u2011C 900mAh. Choisissez 0%\/2%\/5% nicotine.","robots":{"index":"index","follow":"follow","max-snippet":"max-snippet:-1","max-image-preview":"max-image-preview:large","max-video-preview":"max-video-preview:-1"},"canonical":"https:\/\/fumot.uk\/fr\/product\/watermelon-bubblegum-waspe-crystal-20000-puffs\/","og_locale":"fr_FR","og_type":"article","og_title":"Watermelon Bubblegum \u2013 WASPE Crystal 20000 Puffs","og_description":"Fresh watermelon with a smooth bubblegum finish. Crystal-style design with LED display, dual mesh coils, 24ml e-liquid and USB\u2011C rechargeable power.","og_url":"https:\/\/fumot.uk\/fr\/product\/watermelon-bubblegum-waspe-crystal-20000-puffs\/","og_site_name":"Fumot Official Direct | Straight from the Factory, 100% Genuine","article_modified_time":"2026-01-21T01:40:24+00:00","og_image":[{"width":2000,"height":1500,"url":"https:\/\/fumot.uk\/wp-content\/uploads\/2026\/01\/WASPE-Crystal-20000-Puffs-Watermelon-Bubblegum-Disposable-Vape.jpg","type":"image\/jpeg"}],"twitter_card":"summary_large_image","twitter_misc":{"Dur\u00e9e de lecture estim\u00e9e":"2 minutes"},"schema":{"@context":"https:\/\/schema.org","@graph":[{"@type":"WebPage","@id":"https:\/\/fumot.uk\/product\/watermelon-bubblegum-waspe-crystal-20000-puffs\/","url":"https:\/\/fumot.uk\/product\/watermelon-bubblegum-waspe-crystal-20000-puffs\/","name":"WASPE Crystal 20000 Puffs Vape Past\u00e8que Chewing-gum","isPartOf":{"@id":"https:\/\/fumot.uk\/#website"},"primaryImageOfPage":{"@id":"https:\/\/fumot.uk\/product\/watermelon-bubblegum-waspe-crystal-20000-puffs\/#primaryimage"},"image":{"@id":"https:\/\/fumot.uk\/product\/watermelon-bubblegum-waspe-crystal-20000-puffs\/#primaryimage"},"thumbnailUrl":"https:\/\/fumot.uk\/wp-content\/uploads\/2026\/01\/WASPE-Crystal-20000-Puffs-Watermelon-Bubblegum-Disposable-Vape.jpg","datePublished":"2026-01-20T10:13:50+00:00","dateModified":"2026-01-21T01:40:24+00:00","description":"WASPE Crystal 20000 Puffs Bubblegum Past\u00e8que : 24ml, double bobines en mesh, \u00e9cran LED, rechargeable USB\u2011C 900mAh. Choisissez 0%\/2%\/5% nicotine.","breadcrumb":{"@id":"https:\/\/fumot.uk\/product\/watermelon-bubblegum-waspe-crystal-20000-puffs\/#breadcrumb"},"inLanguage":"fr-FR","potentialAction":[{"@type":"ReadAction","target":["https:\/\/fumot.uk\/product\/watermelon-bubblegum-waspe-crystal-20000-puffs\/"]}]},{"@type":"ImageObject","inLanguage":"fr-FR","@id":"https:\/\/fumot.uk\/product\/watermelon-bubblegum-waspe-crystal-20000-puffs\/#primaryimage","url":"https:\/\/fumot.uk\/wp-content\/uploads\/2026\/01\/WASPE-Crystal-20000-Puffs-Watermelon-Bubblegum-Disposable-Vape.jpg","contentUrl":"https:\/\/fumot.uk\/wp-content\/uploads\/2026\/01\/WASPE-Crystal-20000-Puffs-Watermelon-Bubblegum-Disposable-Vape.jpg","width":2000,"height":1500},{"@type":"BreadcrumbList","@id":"https:\/\/fumot.uk\/product\/watermelon-bubblegum-waspe-crystal-20000-puffs\/#breadcrumb","itemListElement":[{"@type":"ListItem","position":1,"name":"Home","item":"https:\/\/fumot.uk\/"},{"@type":"ListItem","position":2,"name":"Shop","item":"https:\/\/fumot.uk\/shop\/"},{"@type":"ListItem","position":3,"name":"WASPE Crystal 20000 Puffs Watermelon Bubblegum Disposable Vape (24ml, Dual Mesh, LED Display, USB-C)"}]},{"@type":"WebSite","@id":"https:\/\/fumot.uk\/#website","url":"https:\/\/fumot.uk\/","name":"Fumot Official Direct | Directement de l'usine, 100% Authentique","description":"Site officiel","publisher":{"@id":"https:\/\/fumot.uk\/#organization"},"potentialAction":[{"@type":"SearchAction","target":{"@type":"EntryPoint","urlTemplate":"https:\/\/fumot.uk\/?s={search_term_string}"},"query-input":{"@type":"PropertyValueSpecification","valueRequired":true,"valueName":"search_term_string"}}],"inLanguage":"fr-FR"},{"@type":"Organization","@id":"https:\/\/fumot.uk\/#organization","name":"Fumot Official Direct | Directement de l'usine, 100% Authentique","url":"https:\/\/fumot.uk\/","logo":{"@type":"ImageObject","inLanguage":"fr-FR","@id":"https:\/\/fumot.uk\/#\/schema\/logo\/image\/","url":"https:\/\/fumot.uk\/wp-content\/uploads\/2026\/01\/cropped-fumot-logo1.png","contentUrl":"https:\/\/fumot.uk\/wp-content\/uploads\/2026\/01\/cropped-fumot-logo1.png","width":152,"height":106,"caption":"Fumot Official Direct | Straight from the Factory, 100% Genuine"},"image":{"@id":"https:\/\/fumot.uk\/#\/schema\/logo\/image\/"}}]}},"_links":{"self":[{"href":"https:\/\/fumot.uk\/fr\/wp-json\/wp\/v2\/product\/3566","targetHints":{"allow":["GET"]}}],"collection":[{"href":"https:\/\/fumot.uk\/fr\/wp-json\/wp\/v2\/product"}],"about":[{"href":"https:\/\/fumot.uk\/fr\/wp-json\/wp\/v2\/types\/product"}],"replies":[{"embeddable":true,"href":"https:\/\/fumot.uk\/fr\/wp-json\/wp\/v2\/comments?post=3566"}],"wp:featuredmedia":[{"embeddable":true,"href":"https:\/\/fumot.uk\/fr\/wp-json\/wp\/v2\/media\/3610"}],"wp:attachment":[{"href":"https:\/\/fumot.uk\/fr\/wp-json\/wp\/v2\/media?parent=3566"}],"wp:term":[{"taxonomy":"product_brand","embeddable":true,"href":"https:\/\/fumot.uk\/fr\/wp-json\/wp\/v2\/product_brand?post=3566"},{"taxonomy":"product_cat","embeddable":true,"href":"https:\/\/fumot.uk\/fr\/wp-json\/wp\/v2\/product_cat?post=3566"},{"taxonomy":"product_tag","embeddable":true,"href":"https:\/\/fumot.uk\/fr\/wp-json\/wp\/v2\/product_tag?post=3566"}],"curies":[{"name":"wp","href":"https:\/\/api.w.org\/{rel}","templated":true}]}}