{"id":3546,"date":"2026-01-20T10:13:26","date_gmt":"2026-01-20T10:13:26","guid":{"rendered":"https:\/\/fumot.uk\/?post_type=product&#038;p=3546"},"modified":"2026-01-21T01:43:42","modified_gmt":"2026-01-21T01:43:42","slug":"double-apple-ice-waspe-crystal-20000-puffs","status":"publish","type":"product","link":"https:\/\/fumot.uk\/fr\/product\/double-apple-ice-waspe-crystal-20000-puffs\/","title":{"rendered":"WASPE Crystal 20000 Puffs Double Apple Ice Vape Jetable (24ml, Double Mesh, \u00c9cran LED, Type\u2011C)"},"content":{"rendered":"<h2>WASPE Crystal 20000 Puffs \u2013 Double Apple Ice<\/h2>\n<p><strong>Double Pomme Glac\u00e9e<\/strong> m\u00e9lange la douceur juteuse des pommes m\u00fbres avec une finition propre et rafra\u00eechissante pour une vape croquante et agr\u00e9able au quotidien. La saveur reste vive et fruit\u00e9e sans devenir lourde\u2014parfaite quand vous voulez quelque chose de rafra\u00eechissant du premier au dernier souffle.<\/p>\n<h3>Profil de saveur : fra\u00eeche du verger &amp; glac\u00e9e douce<\/h3>\n<ul>\n<li><strong>Go\u00fbt :<\/strong> double pomme (douce + l\u00e9g\u00e8rement acidul\u00e9e)<\/li>\n<li><strong>Finition :<\/strong> l\u00e9g\u00e8re expiration glac\u00e9e pour un arri\u00e8re-go\u00fbt frais<\/li>\n<li><strong>Ambiance :<\/strong> propre, fruit\u00e9, et facile \u00e0 appr\u00e9cier toute la journ\u00e9e<\/li>\n<\/ul>\n<h3>Design cristallin, performance puissante<\/h3>\n<p>Le <strong>WASPE Crystal 20000<\/strong> se distingue par sa coque transparente \u201ccristal\u201d qui a l'air \u00e9l\u00e9gant dans la main et capte la lumi\u00e8re comme un bijou poli. \u00c0 l'int\u00e9rieur, un <strong>Double Bobine Mesh (1\u03a9 + 1\u03a9)<\/strong> aide \u00e0 d\u00e9livrer une vapeur dense et douce et une saveur constante, tandis que le <strong>affichage LED<\/strong> garde votre utilisation clairement visible.<\/p>\n<h3>Sp\u00e9cifications cl\u00e9s<\/h3>\n<ul>\n<li><strong>Bouff\u00e9es :<\/strong> jusqu'\u00e0 20000<\/li>\n<li><strong>Capacit\u00e9 de e-liquide :<\/strong> 24ml<\/li>\n<li><strong>Options de nicotine :<\/strong> 0% \/ 2% \/ 5% (s\u00e9lectionnez votre pr\u00e9f\u00e9rence)<\/li>\n<li><strong>R\u00e9sistance :<\/strong> Double maille 1\u03a9 + 1\u03a9<\/li>\n<li><strong>Batterie :<\/strong> 900mAh<\/li>\n<li><strong>Chargement :<\/strong> Rechargeable USB Type\u2011C<\/li>\n<li><strong>Affichage :<\/strong> indicateur LED<\/li>\n<\/ul>\n<h3>Pourquoi vous aimerez Double Apple Ice<\/h3>\n<p>Si vous appr\u00e9ciez <strong>saveurs de vape \u00e0 la pomme<\/strong> avec une touche plus fra\u00eeche, Double Apple Ice offre une douceur fruit\u00e9e \u00e9quilibr\u00e9e et une fra\u00eecheur rafra\u00eechissante\u2014douce, propre, et satisfaisante sans exag\u00e9rer sur la glace.<\/p>\n<p><strong>Explorez plus de saveurs et la gamme compl\u00e8te sur<\/strong> <a href=\"https:\/\/fumot.uk\/fr\/\">fumot.uk<\/a>.<\/p>","protected":false},"excerpt":{"rendered":"<p>Saveur de glace \u00e0 la pomme double croustillante dans la vape jetable WASPE Crystal 20000 bouff\u00e9es\u2014e-liquide de 24 ml, bobines en maille double, affichage LED, et rechargeable Type\u2011C (0%\/2%\/5% nicotine).<\/p>","protected":false},"featured_media":3591,"comment_status":"open","ping_status":"closed","template":"","meta":[],"product_brand":[],"product_cat":[68,17,185],"product_tag":[84,70,171,71,186,31,113,72,23,73,29,26,28],"class_list":{"0":"post-3546","1":"product","2":"type-product","3":"status-publish","4":"has-post-thumbnail","6":"product_cat-20000-puff","7":"product_cat-vape","8":"product_cat-waspe-crystal-20000-puffs","9":"product_tag-0-nikotin","10":"product_tag-2-nikotin","11":"product_tag-24ml","12":"product_tag-5-nikotin","13":"product_tag-900mah","14":"product_tag-apple","15":"product_tag-crystal-vape","16":"product_tag-direct-to-lung","17":"product_tag-display","18":"product_tag-dual-mesh","19":"product_tag-ice","20":"product_tag-rechargeable","21":"product_tag-type-c","23":"first","24":"instock","25":"sale","26":"shipping-taxable","27":"purchasable","28":"product-type-variable","29":"has-default-attributes"},"yoast_head":"<!-- This site is optimized with the Yoast SEO plugin v26.8 - https:\/\/yoast.com\/product\/yoast-seo-wordpress\/ -->\n<title>WASPE Crystal 20000 Double Apple Ice | fumot.uk<\/title>\n<meta name=\"description\" content=\"WASPE Crystal 20000 Puffs Double Apple Ice: juicy apple flavour with a cool finish. 24ml, Dual Mesh, LED display, 900mAh, Type\u2011C. 0\/2\/5% nicotine.\" \/>\n<meta name=\"robots\" content=\"index, follow, max-snippet:-1, max-image-preview:large, max-video-preview:-1\" \/>\n<link rel=\"canonical\" href=\"https:\/\/fumot.uk\/fr\/product\/double-apple-ice-waspe-crystal-20000-puffs\/\" \/>\n<meta property=\"og:locale\" content=\"fr_FR\" \/>\n<meta property=\"og:type\" content=\"article\" \/>\n<meta property=\"og:title\" content=\"WASPE Crystal 20000 \u2013 Double Apple Ice (20000 Puffs)\" \/>\n<meta property=\"og:description\" content=\"Juicy double apple with an icy-cool finish. 24ml e-liquid, Dual Mesh coils, LED display, 900mAh Type\u2011C rechargeable. Available in 0\/2\/5% nicotine at fumot.uk.\" \/>\n<meta property=\"og:url\" content=\"https:\/\/fumot.uk\/fr\/product\/double-apple-ice-waspe-crystal-20000-puffs\/\" \/>\n<meta property=\"og:site_name\" content=\"Fumot Official Direct | Straight from the Factory, 100% Genuine\" \/>\n<meta property=\"article:modified_time\" content=\"2026-01-21T01:43:42+00:00\" \/>\n<meta property=\"og:image\" content=\"https:\/\/fumot.uk\/wp-content\/uploads\/2026\/01\/WASPE-Crystal-20000-Puffs-Double-Apple-Ice-Disposable-Vape.jpg\" \/>\n\t<meta property=\"og:image:width\" content=\"2000\" \/>\n\t<meta property=\"og:image:height\" content=\"1500\" \/>\n\t<meta property=\"og:image:type\" content=\"image\/jpeg\" \/>\n<meta name=\"twitter:card\" content=\"summary_large_image\" \/>\n<meta name=\"twitter:label1\" content=\"Dur\u00e9e de lecture estim\u00e9e\" \/>\n\t<meta name=\"twitter:data1\" content=\"2 minutes\" \/>\n<script type=\"application\/ld+json\" class=\"yoast-schema-graph\">{\"@context\":\"https:\/\/schema.org\",\"@graph\":[{\"@type\":\"WebPage\",\"@id\":\"https:\/\/fumot.uk\/product\/double-apple-ice-waspe-crystal-20000-puffs\/\",\"url\":\"https:\/\/fumot.uk\/product\/double-apple-ice-waspe-crystal-20000-puffs\/\",\"name\":\"WASPE Crystal 20000 Double Apple Ice | fumot.uk\",\"isPartOf\":{\"@id\":\"https:\/\/fumot.uk\/#website\"},\"primaryImageOfPage\":{\"@id\":\"https:\/\/fumot.uk\/product\/double-apple-ice-waspe-crystal-20000-puffs\/#primaryimage\"},\"image\":{\"@id\":\"https:\/\/fumot.uk\/product\/double-apple-ice-waspe-crystal-20000-puffs\/#primaryimage\"},\"thumbnailUrl\":\"https:\/\/fumot.uk\/wp-content\/uploads\/2026\/01\/WASPE-Crystal-20000-Puffs-Double-Apple-Ice-Disposable-Vape.jpg\",\"datePublished\":\"2026-01-20T10:13:26+00:00\",\"dateModified\":\"2026-01-21T01:43:42+00:00\",\"description\":\"WASPE Crystal 20000 Puffs Double Apple Ice: juicy apple flavour with a cool finish. 24ml, Dual Mesh, LED display, 900mAh, Type\u2011C. 0\/2\/5% nicotine.\",\"breadcrumb\":{\"@id\":\"https:\/\/fumot.uk\/product\/double-apple-ice-waspe-crystal-20000-puffs\/#breadcrumb\"},\"inLanguage\":\"fr-FR\",\"potentialAction\":[{\"@type\":\"ReadAction\",\"target\":[\"https:\/\/fumot.uk\/product\/double-apple-ice-waspe-crystal-20000-puffs\/\"]}]},{\"@type\":\"ImageObject\",\"inLanguage\":\"fr-FR\",\"@id\":\"https:\/\/fumot.uk\/product\/double-apple-ice-waspe-crystal-20000-puffs\/#primaryimage\",\"url\":\"https:\/\/fumot.uk\/wp-content\/uploads\/2026\/01\/WASPE-Crystal-20000-Puffs-Double-Apple-Ice-Disposable-Vape.jpg\",\"contentUrl\":\"https:\/\/fumot.uk\/wp-content\/uploads\/2026\/01\/WASPE-Crystal-20000-Puffs-Double-Apple-Ice-Disposable-Vape.jpg\",\"width\":2000,\"height\":1500},{\"@type\":\"BreadcrumbList\",\"@id\":\"https:\/\/fumot.uk\/product\/double-apple-ice-waspe-crystal-20000-puffs\/#breadcrumb\",\"itemListElement\":[{\"@type\":\"ListItem\",\"position\":1,\"name\":\"Home\",\"item\":\"https:\/\/fumot.uk\/\"},{\"@type\":\"ListItem\",\"position\":2,\"name\":\"Shop\",\"item\":\"https:\/\/fumot.uk\/shop\/\"},{\"@type\":\"ListItem\",\"position\":3,\"name\":\"WASPE Crystal 20000 Puffs Double Apple Ice Disposable Vape (24ml, Dual Mesh, LED Display, Type\u2011C)\"}]},{\"@type\":\"WebSite\",\"@id\":\"https:\/\/fumot.uk\/#website\",\"url\":\"https:\/\/fumot.uk\/\",\"name\":\"Fumot Official Direct | Straight from the Factory, 100% Genuine\",\"description\":\"Official Website\",\"publisher\":{\"@id\":\"https:\/\/fumot.uk\/#organization\"},\"potentialAction\":[{\"@type\":\"SearchAction\",\"target\":{\"@type\":\"EntryPoint\",\"urlTemplate\":\"https:\/\/fumot.uk\/?s={search_term_string}\"},\"query-input\":{\"@type\":\"PropertyValueSpecification\",\"valueRequired\":true,\"valueName\":\"search_term_string\"}}],\"inLanguage\":\"fr-FR\"},{\"@type\":\"Organization\",\"@id\":\"https:\/\/fumot.uk\/#organization\",\"name\":\"Fumot Official Direct | Straight from the Factory, 100% Genuine\",\"url\":\"https:\/\/fumot.uk\/\",\"logo\":{\"@type\":\"ImageObject\",\"inLanguage\":\"fr-FR\",\"@id\":\"https:\/\/fumot.uk\/#\/schema\/logo\/image\/\",\"url\":\"https:\/\/fumot.uk\/wp-content\/uploads\/2026\/01\/cropped-fumot-logo1.png\",\"contentUrl\":\"https:\/\/fumot.uk\/wp-content\/uploads\/2026\/01\/cropped-fumot-logo1.png\",\"width\":152,\"height\":106,\"caption\":\"Fumot Official Direct | Straight from the Factory, 100% Genuine\"},\"image\":{\"@id\":\"https:\/\/fumot.uk\/#\/schema\/logo\/image\/\"}}]}<\/script>\n<!-- \/ Yoast SEO plugin. -->","yoast_head_json":{"title":"WASPE Crystal 20000 Double Apple Ice | fumot.uk","description":"WASPE Crystal 20000 Puffs Double Apple Ice : saveur de pomme juteuse avec une finition fra\u00eeche. 24ml, Dual Mesh, \u00e9cran LED, 900mAh, Type\u2011C. 0\/2\/5% nicotine.","robots":{"index":"index","follow":"follow","max-snippet":"max-snippet:-1","max-image-preview":"max-image-preview:large","max-video-preview":"max-video-preview:-1"},"canonical":"https:\/\/fumot.uk\/fr\/product\/double-apple-ice-waspe-crystal-20000-puffs\/","og_locale":"fr_FR","og_type":"article","og_title":"WASPE Crystal 20000 \u2013 Double Apple Ice (20000 Puffs)","og_description":"Juicy double apple with an icy-cool finish. 24ml e-liquid, Dual Mesh coils, LED display, 900mAh Type\u2011C rechargeable. Available in 0\/2\/5% nicotine at fumot.uk.","og_url":"https:\/\/fumot.uk\/fr\/product\/double-apple-ice-waspe-crystal-20000-puffs\/","og_site_name":"Fumot Official Direct | Straight from the Factory, 100% Genuine","article_modified_time":"2026-01-21T01:43:42+00:00","og_image":[{"width":2000,"height":1500,"url":"https:\/\/fumot.uk\/wp-content\/uploads\/2026\/01\/WASPE-Crystal-20000-Puffs-Double-Apple-Ice-Disposable-Vape.jpg","type":"image\/jpeg"}],"twitter_card":"summary_large_image","twitter_misc":{"Dur\u00e9e de lecture estim\u00e9e":"2 minutes"},"schema":{"@context":"https:\/\/schema.org","@graph":[{"@type":"WebPage","@id":"https:\/\/fumot.uk\/product\/double-apple-ice-waspe-crystal-20000-puffs\/","url":"https:\/\/fumot.uk\/product\/double-apple-ice-waspe-crystal-20000-puffs\/","name":"WASPE Crystal 20000 Double Apple Ice | fumot.uk","isPartOf":{"@id":"https:\/\/fumot.uk\/#website"},"primaryImageOfPage":{"@id":"https:\/\/fumot.uk\/product\/double-apple-ice-waspe-crystal-20000-puffs\/#primaryimage"},"image":{"@id":"https:\/\/fumot.uk\/product\/double-apple-ice-waspe-crystal-20000-puffs\/#primaryimage"},"thumbnailUrl":"https:\/\/fumot.uk\/wp-content\/uploads\/2026\/01\/WASPE-Crystal-20000-Puffs-Double-Apple-Ice-Disposable-Vape.jpg","datePublished":"2026-01-20T10:13:26+00:00","dateModified":"2026-01-21T01:43:42+00:00","description":"WASPE Crystal 20000 Puffs Double Apple Ice : saveur de pomme juteuse avec une finition fra\u00eeche. 24ml, Dual Mesh, \u00e9cran LED, 900mAh, Type\u2011C. 0\/2\/5% nicotine.","breadcrumb":{"@id":"https:\/\/fumot.uk\/product\/double-apple-ice-waspe-crystal-20000-puffs\/#breadcrumb"},"inLanguage":"fr-FR","potentialAction":[{"@type":"ReadAction","target":["https:\/\/fumot.uk\/product\/double-apple-ice-waspe-crystal-20000-puffs\/"]}]},{"@type":"ImageObject","inLanguage":"fr-FR","@id":"https:\/\/fumot.uk\/product\/double-apple-ice-waspe-crystal-20000-puffs\/#primaryimage","url":"https:\/\/fumot.uk\/wp-content\/uploads\/2026\/01\/WASPE-Crystal-20000-Puffs-Double-Apple-Ice-Disposable-Vape.jpg","contentUrl":"https:\/\/fumot.uk\/wp-content\/uploads\/2026\/01\/WASPE-Crystal-20000-Puffs-Double-Apple-Ice-Disposable-Vape.jpg","width":2000,"height":1500},{"@type":"BreadcrumbList","@id":"https:\/\/fumot.uk\/product\/double-apple-ice-waspe-crystal-20000-puffs\/#breadcrumb","itemListElement":[{"@type":"ListItem","position":1,"name":"Home","item":"https:\/\/fumot.uk\/"},{"@type":"ListItem","position":2,"name":"Shop","item":"https:\/\/fumot.uk\/shop\/"},{"@type":"ListItem","position":3,"name":"WASPE Crystal 20000 Puffs Double Apple Ice Disposable Vape (24ml, Dual Mesh, LED Display, Type\u2011C)"}]},{"@type":"WebSite","@id":"https:\/\/fumot.uk\/#website","url":"https:\/\/fumot.uk\/","name":"Fumot Official Direct | Directement de l'usine, 100% Authentique","description":"Site officiel","publisher":{"@id":"https:\/\/fumot.uk\/#organization"},"potentialAction":[{"@type":"SearchAction","target":{"@type":"EntryPoint","urlTemplate":"https:\/\/fumot.uk\/?s={search_term_string}"},"query-input":{"@type":"PropertyValueSpecification","valueRequired":true,"valueName":"search_term_string"}}],"inLanguage":"fr-FR"},{"@type":"Organization","@id":"https:\/\/fumot.uk\/#organization","name":"Fumot Official Direct | Directement de l'usine, 100% Authentique","url":"https:\/\/fumot.uk\/","logo":{"@type":"ImageObject","inLanguage":"fr-FR","@id":"https:\/\/fumot.uk\/#\/schema\/logo\/image\/","url":"https:\/\/fumot.uk\/wp-content\/uploads\/2026\/01\/cropped-fumot-logo1.png","contentUrl":"https:\/\/fumot.uk\/wp-content\/uploads\/2026\/01\/cropped-fumot-logo1.png","width":152,"height":106,"caption":"Fumot Official Direct | Straight from the Factory, 100% Genuine"},"image":{"@id":"https:\/\/fumot.uk\/#\/schema\/logo\/image\/"}}]}},"_links":{"self":[{"href":"https:\/\/fumot.uk\/fr\/wp-json\/wp\/v2\/product\/3546","targetHints":{"allow":["GET"]}}],"collection":[{"href":"https:\/\/fumot.uk\/fr\/wp-json\/wp\/v2\/product"}],"about":[{"href":"https:\/\/fumot.uk\/fr\/wp-json\/wp\/v2\/types\/product"}],"replies":[{"embeddable":true,"href":"https:\/\/fumot.uk\/fr\/wp-json\/wp\/v2\/comments?post=3546"}],"wp:featuredmedia":[{"embeddable":true,"href":"https:\/\/fumot.uk\/fr\/wp-json\/wp\/v2\/media\/3591"}],"wp:attachment":[{"href":"https:\/\/fumot.uk\/fr\/wp-json\/wp\/v2\/media?parent=3546"}],"wp:term":[{"taxonomy":"product_brand","embeddable":true,"href":"https:\/\/fumot.uk\/fr\/wp-json\/wp\/v2\/product_brand?post=3546"},{"taxonomy":"product_cat","embeddable":true,"href":"https:\/\/fumot.uk\/fr\/wp-json\/wp\/v2\/product_cat?post=3546"},{"taxonomy":"product_tag","embeddable":true,"href":"https:\/\/fumot.uk\/fr\/wp-json\/wp\/v2\/product_tag?post=3546"}],"curies":[{"name":"wp","href":"https:\/\/api.w.org\/{rel}","templated":true}]}}