{"id":3543,"date":"2026-01-20T10:13:25","date_gmt":"2026-01-20T10:13:25","guid":{"rendered":"https:\/\/fumot.uk\/?post_type=product&#038;p=3543"},"modified":"2026-01-21T01:44:04","modified_gmt":"2026-01-21T01:44:04","slug":"mixed-berries-waspe-crystal-20000-puffs","status":"publish","type":"product","link":"https:\/\/fumot.uk\/fr\/product\/mixed-berries-waspe-crystal-20000-puffs\/","title":{"rendered":"WASPE Crystal 20000 Puffs Mixed Berries Vape Jetable (24ml, Double Mesh, \u00c9cran LED, Rechargeable Type\u2011C)"},"content":{"rendered":"<h2>WASPE Crystal 20000 Puffs \u2013 Baies M\u00e9lang\u00e9es<\/h2>\n<p>Lumineux, juteux et doux : <strong>Baies m\u00e9lang\u00e9es<\/strong> m\u00e9lange m\u00fbr <strong>framboise<\/strong>, <strong>myrtille<\/strong>, et <strong>m\u00fbre<\/strong> en un profil de baies propre et \u00e9quilibr\u00e9. Chaque bouff\u00e9e offre un coup de fouet de fruits frais avec une douceur subtile\u2014jamais trop sucr\u00e9e\u2014ce qui en fait un choix facile pour une vape croquante et estivale toute la journ\u00e9e.<\/p>\n<h3>Saveur de Baies Fra\u00eeches, Con\u00e7ue pour Durer<\/h3>\n<ul>\n<li><strong>Go\u00fbt de baies en couches :<\/strong> framboise acidul\u00e9e au d\u00e9but, myrtille ronde au milieu, finition m\u00fbre profonde<\/li>\n<li><strong>Douceur constante :<\/strong> les doubles coils en mesh aident \u00e0 maintenir la saveur stable dans le temps<\/li>\n<li><strong>Format longue dur\u00e9e :<\/strong> jusqu'\u00e0 <strong>20 000 bouff\u00e9es<\/strong> (l'utilisation varie)<\/li>\n<\/ul>\n<h3>Apparence Cristalline. Performance Moderne au Quotidien.<\/h3>\n<p><strong>WASPE Crystal 20000 Puffs<\/strong> associe une coque transparente de style cristal avec des fonctionnalit\u00e9s pratiques pour le vapotage quotidien. Le <strong>affichage LED<\/strong> garde les choses simples d'un coup d'\u0153il, tandis que le <strong>Double Bobine Mesh<\/strong> setup supporte une vapeur dense et soyeuse et une d\u00e9finition claire des fruits\u2014id\u00e9al pour les utilisateurs qui aiment une bouff\u00e9e douce et savoureuse.<\/p>\n<h3>Sp\u00e9cifications<\/h3>\n<ul>\n<li><strong>Bouff\u00e9es :<\/strong> Jusqu'\u00e0 20 000<\/li>\n<li><strong>R\u00e9sistance :<\/strong> Double Bobine Mesh <strong>1\u03a9 + 1\u03a9<\/strong><\/li>\n<li><strong>850mAh (rechargeable)<\/strong> <strong>24ml<\/strong><\/li>\n<li><strong>Options de Nicotine :<\/strong> <strong>0%<\/strong> \/ <strong>2%<\/strong> \/ <strong>5%<\/strong><\/li>\n<li><strong>Batterie :<\/strong> <strong>900mAh<\/strong><\/li>\n<li><strong>Chargement :<\/strong> <a href=\"https:\/\/fumot.uk\/fr\/product-tag\/type-c\/\">rechargeable Type\u2011C<\/a><\/li>\n<li><strong>Affichage :<\/strong> LED<\/li>\n<\/ul>\n<h3>Pourquoi Baies M\u00e9lang\u00e9es sur fumot.uk ?<\/h3>\n<p>Si vous voulez une <strong>vape jetable rechargeable<\/strong> qui semble frais et ax\u00e9 sur les fruits, Baies M\u00e9lang\u00e9es offre un m\u00e9lange de baies vif avec une finition douce\u2014parfait pour les pauses, les trajets ou une soir\u00e9e d\u00e9tente. D\u00e9couvrez plus d'options sur <a href=\"https:\/\/fumot.uk\/fr\/\">fumot.uk<\/a>.<\/p>","protected":false},"excerpt":{"rendered":"<p>Vape jetable WASPE Crystal 20000 Puffs Baies M\u00e9lang\u00e9es avec 24ml d'e-liquide, doubles r\u00e9sistances mesh, \u00e9cran LED, batterie 900mAh, et recharge Type\u2011C. Nicotine : 0%\/2%\/5%.<\/p>","protected":false},"featured_media":3588,"comment_status":"open","ping_status":"closed","template":"","meta":[],"product_brand":[],"product_cat":[68,17,185],"product_tag":[84,70,171,71,186,113,72,23,73,79,26,28],"class_list":{"0":"post-3543","1":"product","2":"type-product","3":"status-publish","4":"has-post-thumbnail","6":"product_cat-20000-puff","7":"product_cat-vape","8":"product_cat-waspe-crystal-20000-puffs","9":"product_tag-0-nikotin","10":"product_tag-2-nikotin","11":"product_tag-24ml","12":"product_tag-5-nikotin","13":"product_tag-900mah","14":"product_tag-crystal-vape","15":"product_tag-direct-to-lung","16":"product_tag-display","17":"product_tag-dual-mesh","18":"product_tag-mixed-berries","19":"product_tag-rechargeable","20":"product_tag-type-c","22":"first","23":"instock","24":"sale","25":"shipping-taxable","26":"purchasable","27":"product-type-variable","28":"has-default-attributes"},"yoast_head":"<!-- This site is optimized with the Yoast SEO plugin v26.8 - https:\/\/yoast.com\/product\/yoast-seo-wordpress\/ -->\n<title>WASPE Crystal 20000 Puffs Mixed Berries | fumot.uk<\/title>\n<meta name=\"description\" content=\"Shop WASPE Crystal 20000 Puffs Mixed Berries: 24ml, dual mesh coil, LED display, 900mAh Type\u2011C rechargeable. Nicotine 0%\/2%\/5% at fumot.uk.\" \/>\n<meta name=\"robots\" content=\"index, follow, max-snippet:-1, max-image-preview:large, max-video-preview:-1\" \/>\n<link rel=\"canonical\" href=\"https:\/\/fumot.uk\/fr\/product\/mixed-berries-waspe-crystal-20000-puffs\/\" \/>\n<meta property=\"og:locale\" content=\"fr_FR\" \/>\n<meta property=\"og:type\" content=\"article\" \/>\n<meta property=\"og:title\" content=\"WASPE Crystal 20000 Puffs \u2013 Mixed Berries\" \/>\n<meta property=\"og:description\" content=\"A fresh blend of raspberry, blueberry &amp; blackberry. 24ml, dual mesh, LED display, 900mAh Type\u2011C rechargeable. Up to 20,000 puffs.\" \/>\n<meta property=\"og:url\" content=\"https:\/\/fumot.uk\/fr\/product\/mixed-berries-waspe-crystal-20000-puffs\/\" \/>\n<meta property=\"og:site_name\" content=\"Fumot Official Direct | Straight from the Factory, 100% Genuine\" \/>\n<meta property=\"article:modified_time\" content=\"2026-01-21T01:44:04+00:00\" \/>\n<meta property=\"og:image\" content=\"https:\/\/fumot.uk\/wp-content\/uploads\/2026\/01\/WASPE-Crystal-20000-Puffs-Mixed-Berries-Disposable-Vape.jpg\" \/>\n\t<meta property=\"og:image:width\" content=\"2000\" \/>\n\t<meta property=\"og:image:height\" content=\"1500\" \/>\n\t<meta property=\"og:image:type\" content=\"image\/jpeg\" \/>\n<meta name=\"twitter:card\" content=\"summary_large_image\" \/>\n<meta name=\"twitter:label1\" content=\"Dur\u00e9e de lecture estim\u00e9e\" \/>\n\t<meta name=\"twitter:data1\" content=\"2 minutes\" \/>\n<script type=\"application\/ld+json\" class=\"yoast-schema-graph\">{\"@context\":\"https:\/\/schema.org\",\"@graph\":[{\"@type\":\"WebPage\",\"@id\":\"https:\/\/fumot.uk\/product\/mixed-berries-waspe-crystal-20000-puffs\/\",\"url\":\"https:\/\/fumot.uk\/product\/mixed-berries-waspe-crystal-20000-puffs\/\",\"name\":\"WASPE Crystal 20000 Puffs Mixed Berries | fumot.uk\",\"isPartOf\":{\"@id\":\"https:\/\/fumot.uk\/#website\"},\"primaryImageOfPage\":{\"@id\":\"https:\/\/fumot.uk\/product\/mixed-berries-waspe-crystal-20000-puffs\/#primaryimage\"},\"image\":{\"@id\":\"https:\/\/fumot.uk\/product\/mixed-berries-waspe-crystal-20000-puffs\/#primaryimage\"},\"thumbnailUrl\":\"https:\/\/fumot.uk\/wp-content\/uploads\/2026\/01\/WASPE-Crystal-20000-Puffs-Mixed-Berries-Disposable-Vape.jpg\",\"datePublished\":\"2026-01-20T10:13:25+00:00\",\"dateModified\":\"2026-01-21T01:44:04+00:00\",\"description\":\"Shop WASPE Crystal 20000 Puffs Mixed Berries: 24ml, dual mesh coil, LED display, 900mAh Type\u2011C rechargeable. Nicotine 0%\/2%\/5% at fumot.uk.\",\"breadcrumb\":{\"@id\":\"https:\/\/fumot.uk\/product\/mixed-berries-waspe-crystal-20000-puffs\/#breadcrumb\"},\"inLanguage\":\"fr-FR\",\"potentialAction\":[{\"@type\":\"ReadAction\",\"target\":[\"https:\/\/fumot.uk\/product\/mixed-berries-waspe-crystal-20000-puffs\/\"]}]},{\"@type\":\"ImageObject\",\"inLanguage\":\"fr-FR\",\"@id\":\"https:\/\/fumot.uk\/product\/mixed-berries-waspe-crystal-20000-puffs\/#primaryimage\",\"url\":\"https:\/\/fumot.uk\/wp-content\/uploads\/2026\/01\/WASPE-Crystal-20000-Puffs-Mixed-Berries-Disposable-Vape.jpg\",\"contentUrl\":\"https:\/\/fumot.uk\/wp-content\/uploads\/2026\/01\/WASPE-Crystal-20000-Puffs-Mixed-Berries-Disposable-Vape.jpg\",\"width\":2000,\"height\":1500},{\"@type\":\"BreadcrumbList\",\"@id\":\"https:\/\/fumot.uk\/product\/mixed-berries-waspe-crystal-20000-puffs\/#breadcrumb\",\"itemListElement\":[{\"@type\":\"ListItem\",\"position\":1,\"name\":\"Home\",\"item\":\"https:\/\/fumot.uk\/\"},{\"@type\":\"ListItem\",\"position\":2,\"name\":\"Shop\",\"item\":\"https:\/\/fumot.uk\/shop\/\"},{\"@type\":\"ListItem\",\"position\":3,\"name\":\"WASPE Crystal 20000 Puffs Mixed Berries Disposable Vape (24ml, Dual Mesh, LED Display, Type\u2011C Rechargeable)\"}]},{\"@type\":\"WebSite\",\"@id\":\"https:\/\/fumot.uk\/#website\",\"url\":\"https:\/\/fumot.uk\/\",\"name\":\"Fumot Official Direct | Straight from the Factory, 100% Genuine\",\"description\":\"Official Website\",\"publisher\":{\"@id\":\"https:\/\/fumot.uk\/#organization\"},\"potentialAction\":[{\"@type\":\"SearchAction\",\"target\":{\"@type\":\"EntryPoint\",\"urlTemplate\":\"https:\/\/fumot.uk\/?s={search_term_string}\"},\"query-input\":{\"@type\":\"PropertyValueSpecification\",\"valueRequired\":true,\"valueName\":\"search_term_string\"}}],\"inLanguage\":\"fr-FR\"},{\"@type\":\"Organization\",\"@id\":\"https:\/\/fumot.uk\/#organization\",\"name\":\"Fumot Official Direct | Straight from the Factory, 100% Genuine\",\"url\":\"https:\/\/fumot.uk\/\",\"logo\":{\"@type\":\"ImageObject\",\"inLanguage\":\"fr-FR\",\"@id\":\"https:\/\/fumot.uk\/#\/schema\/logo\/image\/\",\"url\":\"https:\/\/fumot.uk\/wp-content\/uploads\/2026\/01\/cropped-fumot-logo1.png\",\"contentUrl\":\"https:\/\/fumot.uk\/wp-content\/uploads\/2026\/01\/cropped-fumot-logo1.png\",\"width\":152,\"height\":106,\"caption\":\"Fumot Official Direct | Straight from the Factory, 100% Genuine\"},\"image\":{\"@id\":\"https:\/\/fumot.uk\/#\/schema\/logo\/image\/\"}}]}<\/script>\n<!-- \/ Yoast SEO plugin. -->","yoast_head_json":{"title":"WASPE Crystal 20000 Puffs Baies M\u00e9lang\u00e9es | fumot.uk","description":"Acheter WASPE Crystal 20000 Puffs Baies M\u00e9lang\u00e9es : 24ml, double bobine en mesh, \u00e9cran LED, rechargeable Type\u2011C 900mAh. Nicotine 0%\/2%\/5% sur fumot.uk.","robots":{"index":"index","follow":"follow","max-snippet":"max-snippet:-1","max-image-preview":"max-image-preview:large","max-video-preview":"max-video-preview:-1"},"canonical":"https:\/\/fumot.uk\/fr\/product\/mixed-berries-waspe-crystal-20000-puffs\/","og_locale":"fr_FR","og_type":"article","og_title":"WASPE Crystal 20000 Puffs \u2013 Mixed Berries","og_description":"A fresh blend of raspberry, blueberry & blackberry. 24ml, dual mesh, LED display, 900mAh Type\u2011C rechargeable. Up to 20,000 puffs.","og_url":"https:\/\/fumot.uk\/fr\/product\/mixed-berries-waspe-crystal-20000-puffs\/","og_site_name":"Fumot Official Direct | Straight from the Factory, 100% Genuine","article_modified_time":"2026-01-21T01:44:04+00:00","og_image":[{"width":2000,"height":1500,"url":"https:\/\/fumot.uk\/wp-content\/uploads\/2026\/01\/WASPE-Crystal-20000-Puffs-Mixed-Berries-Disposable-Vape.jpg","type":"image\/jpeg"}],"twitter_card":"summary_large_image","twitter_misc":{"Dur\u00e9e de lecture estim\u00e9e":"2 minutes"},"schema":{"@context":"https:\/\/schema.org","@graph":[{"@type":"WebPage","@id":"https:\/\/fumot.uk\/product\/mixed-berries-waspe-crystal-20000-puffs\/","url":"https:\/\/fumot.uk\/product\/mixed-berries-waspe-crystal-20000-puffs\/","name":"WASPE Crystal 20000 Puffs Baies M\u00e9lang\u00e9es | fumot.uk","isPartOf":{"@id":"https:\/\/fumot.uk\/#website"},"primaryImageOfPage":{"@id":"https:\/\/fumot.uk\/product\/mixed-berries-waspe-crystal-20000-puffs\/#primaryimage"},"image":{"@id":"https:\/\/fumot.uk\/product\/mixed-berries-waspe-crystal-20000-puffs\/#primaryimage"},"thumbnailUrl":"https:\/\/fumot.uk\/wp-content\/uploads\/2026\/01\/WASPE-Crystal-20000-Puffs-Mixed-Berries-Disposable-Vape.jpg","datePublished":"2026-01-20T10:13:25+00:00","dateModified":"2026-01-21T01:44:04+00:00","description":"Acheter WASPE Crystal 20000 Puffs Baies M\u00e9lang\u00e9es : 24ml, double bobine en mesh, \u00e9cran LED, rechargeable Type\u2011C 900mAh. Nicotine 0%\/2%\/5% sur fumot.uk.","breadcrumb":{"@id":"https:\/\/fumot.uk\/product\/mixed-berries-waspe-crystal-20000-puffs\/#breadcrumb"},"inLanguage":"fr-FR","potentialAction":[{"@type":"ReadAction","target":["https:\/\/fumot.uk\/product\/mixed-berries-waspe-crystal-20000-puffs\/"]}]},{"@type":"ImageObject","inLanguage":"fr-FR","@id":"https:\/\/fumot.uk\/product\/mixed-berries-waspe-crystal-20000-puffs\/#primaryimage","url":"https:\/\/fumot.uk\/wp-content\/uploads\/2026\/01\/WASPE-Crystal-20000-Puffs-Mixed-Berries-Disposable-Vape.jpg","contentUrl":"https:\/\/fumot.uk\/wp-content\/uploads\/2026\/01\/WASPE-Crystal-20000-Puffs-Mixed-Berries-Disposable-Vape.jpg","width":2000,"height":1500},{"@type":"BreadcrumbList","@id":"https:\/\/fumot.uk\/product\/mixed-berries-waspe-crystal-20000-puffs\/#breadcrumb","itemListElement":[{"@type":"ListItem","position":1,"name":"Home","item":"https:\/\/fumot.uk\/"},{"@type":"ListItem","position":2,"name":"Shop","item":"https:\/\/fumot.uk\/shop\/"},{"@type":"ListItem","position":3,"name":"WASPE Crystal 20000 Puffs Mixed Berries Disposable Vape (24ml, Dual Mesh, LED Display, Type\u2011C Rechargeable)"}]},{"@type":"WebSite","@id":"https:\/\/fumot.uk\/#website","url":"https:\/\/fumot.uk\/","name":"Fumot Official Direct | Directement de l'usine, 100% Authentique","description":"Site officiel","publisher":{"@id":"https:\/\/fumot.uk\/#organization"},"potentialAction":[{"@type":"SearchAction","target":{"@type":"EntryPoint","urlTemplate":"https:\/\/fumot.uk\/?s={search_term_string}"},"query-input":{"@type":"PropertyValueSpecification","valueRequired":true,"valueName":"search_term_string"}}],"inLanguage":"fr-FR"},{"@type":"Organization","@id":"https:\/\/fumot.uk\/#organization","name":"Fumot Official Direct | Directement de l'usine, 100% Authentique","url":"https:\/\/fumot.uk\/","logo":{"@type":"ImageObject","inLanguage":"fr-FR","@id":"https:\/\/fumot.uk\/#\/schema\/logo\/image\/","url":"https:\/\/fumot.uk\/wp-content\/uploads\/2026\/01\/cropped-fumot-logo1.png","contentUrl":"https:\/\/fumot.uk\/wp-content\/uploads\/2026\/01\/cropped-fumot-logo1.png","width":152,"height":106,"caption":"Fumot Official Direct | Straight from the Factory, 100% Genuine"},"image":{"@id":"https:\/\/fumot.uk\/#\/schema\/logo\/image\/"}}]}},"_links":{"self":[{"href":"https:\/\/fumot.uk\/fr\/wp-json\/wp\/v2\/product\/3543","targetHints":{"allow":["GET"]}}],"collection":[{"href":"https:\/\/fumot.uk\/fr\/wp-json\/wp\/v2\/product"}],"about":[{"href":"https:\/\/fumot.uk\/fr\/wp-json\/wp\/v2\/types\/product"}],"replies":[{"embeddable":true,"href":"https:\/\/fumot.uk\/fr\/wp-json\/wp\/v2\/comments?post=3543"}],"wp:featuredmedia":[{"embeddable":true,"href":"https:\/\/fumot.uk\/fr\/wp-json\/wp\/v2\/media\/3588"}],"wp:attachment":[{"href":"https:\/\/fumot.uk\/fr\/wp-json\/wp\/v2\/media?parent=3543"}],"wp:term":[{"taxonomy":"product_brand","embeddable":true,"href":"https:\/\/fumot.uk\/fr\/wp-json\/wp\/v2\/product_brand?post=3543"},{"taxonomy":"product_cat","embeddable":true,"href":"https:\/\/fumot.uk\/fr\/wp-json\/wp\/v2\/product_cat?post=3543"},{"taxonomy":"product_tag","embeddable":true,"href":"https:\/\/fumot.uk\/fr\/wp-json\/wp\/v2\/product_tag?post=3543"}],"curies":[{"name":"wp","href":"https:\/\/api.w.org\/{rel}","templated":true}]}}