{"id":3541,"date":"2026-01-20T10:13:25","date_gmt":"2026-01-20T10:13:25","guid":{"rendered":"https:\/\/fumot.uk\/?post_type=product&#038;p=3541"},"modified":"2026-01-21T01:45:06","modified_gmt":"2026-01-21T01:45:06","slug":"strawberry-watermelon-waspe-crystal-20000-puffs","status":"publish","type":"product","link":"https:\/\/fumot.uk\/fr\/product\/strawberry-watermelon-waspe-crystal-20000-puffs\/","title":{"rendered":"WASPE Crystal 20000 Puffs Vape Jetable Fraise Past\u00e8que (24ml, Double Mesh, Type\u2011C, \u00c9cran LED)"},"content":{"rendered":"<h4>Fraise Past\u00e8que \u2013 une vape aux fruits d'\u00e9t\u00e9 croquants \u00e0 chaque bouff\u00e9e<\/h4>\n<p><strong>WASPE Crystal 20000 Puffs Fraise Past\u00e8que<\/strong> m\u00e9lange la douceur de la fraise m\u00fbre avec la fra\u00eecheur juteuse de la past\u00e8que pour une saveur douce et lumineuse qui reste agr\u00e9able de la premi\u00e8re bouff\u00e9e \u00e0 la derni\u00e8re. Le profil est fruit\u00e9 et pur\u2014sucr\u00e9 mais pas \u00e9crasant\u2014ce qui en fait un choix facile pour toute la journ\u00e9e lorsque vous voulez un go\u00fbt de vape l\u00e9ger et rafra\u00eechissant.<\/p>\n<h4>Design transparent et cristallin, sortie fluide<\/h4>\n<p>Con\u00e7u pour para\u00eetre aussi premium qu'il vape, le <strong>WASPE Crystal 20000 Puffs<\/strong> dispose d'une coque transparente de style cristal avec une finition moderne. \u00c0 l'int\u00e9rieur, le <a href=\"https:\/\/fumot.uk\/fr\/product-tag\/dual-mesh\/\">syst\u00e8me de double r\u00e9sistance Mesh<\/a> est con\u00e7u pour offrir une vapeur dense mais soyeuse et une saveur constante. Un <strong>affichage LED<\/strong> intelligent vous aide \u00e0 garder un \u0153il d'un coup d'\u0153il, tandis que la forme ergonomique tient confortablement en main.<\/p>\n<h4>Caract\u00e9ristiques cl\u00e9s<\/h4>\n<ul>\n<li><strong>Jusqu'\u00e0 20000 bouff\u00e9es<\/strong> pour une utilisation longue dur\u00e9e<\/li>\n<li><strong>Doubles R\u00e9sistances Mesh :<\/strong> 1\u03a9 + 1\u03a9 pour une vapeur douce et savoureuse<\/li>\n<li><strong>24ml d'e-liquide<\/strong> capacit\u00e9<\/li>\n<li><strong>Options de nicotine :<\/strong> 0% \/ 2% \/ 5% (s\u00e9lectionnez votre pr\u00e9f\u00e9rence)<\/li>\n<li><strong>batterie 900mAh<\/strong><\/li>\n<li><strong>Rechargeable via Type\u2011C<\/strong><\/li>\n<li><strong>affichage LED<\/strong><\/li>\n<\/ul>\n<h4>Pourquoi vous allez adorer cette saveur<\/h4>\n<p>Si vous aimez les m\u00e9langes ax\u00e9s sur les fruits, <strong>Fraise Past\u00e8que<\/strong> offre un m\u00e9lange \u00e9quilibr\u00e9 : la fraise ajoute une douceur douce semblable \u00e0 un bonbon, tandis que la past\u00e8que l'\u00e9l\u00e8ve avec une finition fra\u00eeche et aqueuse. C'est un excellent choix pour des moments de d\u00e9tente, une fra\u00eecheur quotidienne ou chaque fois que vous voulez une vape ind\u00e9niablement fruit\u00e9e sans arri\u00e8re-go\u00fbt lourd.<\/p>\n<p>D\u00e9couvrez plus de jetables de style cristal et d'options de saveurs sur <a href=\"https:\/\/fumot.uk\/fr\/\">fumot.uk<\/a>.<\/p>","protected":false},"excerpt":{"rendered":"<p>WASPE Crystal 20000 Puffs Strawberry Watermelon vape jetable avec 24ml d'e-liquide, bobines Dual Mesh, affichage LED, batterie 900mAh et recharge Type\u2011C. Nicotine : 0\/2\/5%.<\/p>","protected":false},"featured_media":3586,"comment_status":"open","ping_status":"closed","template":"","meta":[],"product_brand":[],"product_cat":[68,17,185],"product_tag":[84,70,171,71,186,113,72,23,73,26,37,28,32],"class_list":{"0":"post-3541","1":"product","2":"type-product","3":"status-publish","4":"has-post-thumbnail","6":"product_cat-20000-puff","7":"product_cat-vape","8":"product_cat-waspe-crystal-20000-puffs","9":"product_tag-0-nikotin","10":"product_tag-2-nikotin","11":"product_tag-24ml","12":"product_tag-5-nikotin","13":"product_tag-900mah","14":"product_tag-crystal-vape","15":"product_tag-direct-to-lung","16":"product_tag-display","17":"product_tag-dual-mesh","18":"product_tag-rechargeable","19":"product_tag-strawberry","20":"product_tag-type-c","21":"product_tag-watermelon","23":"first","24":"instock","25":"sale","26":"shipping-taxable","27":"purchasable","28":"product-type-variable","29":"has-default-attributes"},"yoast_head":"<!-- This site is optimized with the Yoast SEO plugin v26.8 - https:\/\/yoast.com\/product\/yoast-seo-wordpress\/ -->\n<title>WASPE Crystal 20000 Puffs Strawberry Watermelon Vape<\/title>\n<meta name=\"description\" content=\"Strawberry Watermelon WASPE Crystal 20000 Puffs disposable vape: 24ml, Dual Mesh, LED display, 900mAh Type\u2011C rechargeable. Nicotine 0\/2\/5%.\" \/>\n<meta name=\"robots\" content=\"index, follow, max-snippet:-1, max-image-preview:large, max-video-preview:-1\" \/>\n<link rel=\"canonical\" href=\"https:\/\/fumot.uk\/fr\/product\/strawberry-watermelon-waspe-crystal-20000-puffs\/\" \/>\n<meta property=\"og:locale\" content=\"fr_FR\" \/>\n<meta property=\"og:type\" content=\"article\" \/>\n<meta property=\"og:title\" content=\"Strawberry Watermelon \u2013 WASPE Crystal 20000 Puffs\" \/>\n<meta property=\"og:description\" content=\"Smooth strawberry sweetness meets juicy watermelon freshness. 24ml, Dual Mesh, LED display, 900mAh Type\u2011C rechargeable. Nicotine 0\/2\/5%.\" \/>\n<meta property=\"og:url\" content=\"https:\/\/fumot.uk\/fr\/product\/strawberry-watermelon-waspe-crystal-20000-puffs\/\" \/>\n<meta property=\"og:site_name\" content=\"Fumot Official Direct | Straight from the Factory, 100% Genuine\" \/>\n<meta property=\"article:modified_time\" content=\"2026-01-21T01:45:06+00:00\" \/>\n<meta property=\"og:image\" content=\"https:\/\/fumot.uk\/wp-content\/uploads\/2026\/01\/WASPE-Crystal-20000-Puffs-Strawberry-Watermelon-Disposable-Vape.jpg\" \/>\n\t<meta property=\"og:image:width\" content=\"2000\" \/>\n\t<meta property=\"og:image:height\" content=\"1500\" \/>\n\t<meta property=\"og:image:type\" content=\"image\/jpeg\" \/>\n<meta name=\"twitter:card\" content=\"summary_large_image\" \/>\n<meta name=\"twitter:label1\" content=\"Dur\u00e9e de lecture estim\u00e9e\" \/>\n\t<meta name=\"twitter:data1\" content=\"2 minutes\" \/>\n<script type=\"application\/ld+json\" class=\"yoast-schema-graph\">{\"@context\":\"https:\/\/schema.org\",\"@graph\":[{\"@type\":\"WebPage\",\"@id\":\"https:\/\/fumot.uk\/product\/strawberry-watermelon-waspe-crystal-20000-puffs\/\",\"url\":\"https:\/\/fumot.uk\/product\/strawberry-watermelon-waspe-crystal-20000-puffs\/\",\"name\":\"WASPE Crystal 20000 Puffs Strawberry Watermelon Vape\",\"isPartOf\":{\"@id\":\"https:\/\/fumot.uk\/#website\"},\"primaryImageOfPage\":{\"@id\":\"https:\/\/fumot.uk\/product\/strawberry-watermelon-waspe-crystal-20000-puffs\/#primaryimage\"},\"image\":{\"@id\":\"https:\/\/fumot.uk\/product\/strawberry-watermelon-waspe-crystal-20000-puffs\/#primaryimage\"},\"thumbnailUrl\":\"https:\/\/fumot.uk\/wp-content\/uploads\/2026\/01\/WASPE-Crystal-20000-Puffs-Strawberry-Watermelon-Disposable-Vape.jpg\",\"datePublished\":\"2026-01-20T10:13:25+00:00\",\"dateModified\":\"2026-01-21T01:45:06+00:00\",\"description\":\"Strawberry Watermelon WASPE Crystal 20000 Puffs disposable vape: 24ml, Dual Mesh, LED display, 900mAh Type\u2011C rechargeable. Nicotine 0\/2\/5%.\",\"breadcrumb\":{\"@id\":\"https:\/\/fumot.uk\/product\/strawberry-watermelon-waspe-crystal-20000-puffs\/#breadcrumb\"},\"inLanguage\":\"fr-FR\",\"potentialAction\":[{\"@type\":\"ReadAction\",\"target\":[\"https:\/\/fumot.uk\/product\/strawberry-watermelon-waspe-crystal-20000-puffs\/\"]}]},{\"@type\":\"ImageObject\",\"inLanguage\":\"fr-FR\",\"@id\":\"https:\/\/fumot.uk\/product\/strawberry-watermelon-waspe-crystal-20000-puffs\/#primaryimage\",\"url\":\"https:\/\/fumot.uk\/wp-content\/uploads\/2026\/01\/WASPE-Crystal-20000-Puffs-Strawberry-Watermelon-Disposable-Vape.jpg\",\"contentUrl\":\"https:\/\/fumot.uk\/wp-content\/uploads\/2026\/01\/WASPE-Crystal-20000-Puffs-Strawberry-Watermelon-Disposable-Vape.jpg\",\"width\":2000,\"height\":1500},{\"@type\":\"BreadcrumbList\",\"@id\":\"https:\/\/fumot.uk\/product\/strawberry-watermelon-waspe-crystal-20000-puffs\/#breadcrumb\",\"itemListElement\":[{\"@type\":\"ListItem\",\"position\":1,\"name\":\"Home\",\"item\":\"https:\/\/fumot.uk\/\"},{\"@type\":\"ListItem\",\"position\":2,\"name\":\"Shop\",\"item\":\"https:\/\/fumot.uk\/shop\/\"},{\"@type\":\"ListItem\",\"position\":3,\"name\":\"WASPE Crystal 20000 Puffs Strawberry Watermelon Disposable Vape (24ml, Dual Mesh, Type\u2011C, LED Display)\"}]},{\"@type\":\"WebSite\",\"@id\":\"https:\/\/fumot.uk\/#website\",\"url\":\"https:\/\/fumot.uk\/\",\"name\":\"Fumot Official Direct | Straight from the Factory, 100% Genuine\",\"description\":\"Official Website\",\"publisher\":{\"@id\":\"https:\/\/fumot.uk\/#organization\"},\"potentialAction\":[{\"@type\":\"SearchAction\",\"target\":{\"@type\":\"EntryPoint\",\"urlTemplate\":\"https:\/\/fumot.uk\/?s={search_term_string}\"},\"query-input\":{\"@type\":\"PropertyValueSpecification\",\"valueRequired\":true,\"valueName\":\"search_term_string\"}}],\"inLanguage\":\"fr-FR\"},{\"@type\":\"Organization\",\"@id\":\"https:\/\/fumot.uk\/#organization\",\"name\":\"Fumot Official Direct | Straight from the Factory, 100% Genuine\",\"url\":\"https:\/\/fumot.uk\/\",\"logo\":{\"@type\":\"ImageObject\",\"inLanguage\":\"fr-FR\",\"@id\":\"https:\/\/fumot.uk\/#\/schema\/logo\/image\/\",\"url\":\"https:\/\/fumot.uk\/wp-content\/uploads\/2026\/01\/cropped-fumot-logo1.png\",\"contentUrl\":\"https:\/\/fumot.uk\/wp-content\/uploads\/2026\/01\/cropped-fumot-logo1.png\",\"width\":152,\"height\":106,\"caption\":\"Fumot Official Direct | Straight from the Factory, 100% Genuine\"},\"image\":{\"@id\":\"https:\/\/fumot.uk\/#\/schema\/logo\/image\/\"}}]}<\/script>\n<!-- \/ Yoast SEO plugin. -->","yoast_head_json":{"title":"WASPE Crystal 20000 Puffs Vape Fraise Past\u00e8que","description":"Vape jetable Strawberry Watermelon WASPE Crystal 20000 Puffs : 24ml, Dual Mesh, \u00e9cran LED, rechargeable Type\u2011C 900mAh. Nicotine 0\/2\/5%.","robots":{"index":"index","follow":"follow","max-snippet":"max-snippet:-1","max-image-preview":"max-image-preview:large","max-video-preview":"max-video-preview:-1"},"canonical":"https:\/\/fumot.uk\/fr\/product\/strawberry-watermelon-waspe-crystal-20000-puffs\/","og_locale":"fr_FR","og_type":"article","og_title":"Strawberry Watermelon \u2013 WASPE Crystal 20000 Puffs","og_description":"Smooth strawberry sweetness meets juicy watermelon freshness. 24ml, Dual Mesh, LED display, 900mAh Type\u2011C rechargeable. Nicotine 0\/2\/5%.","og_url":"https:\/\/fumot.uk\/fr\/product\/strawberry-watermelon-waspe-crystal-20000-puffs\/","og_site_name":"Fumot Official Direct | Straight from the Factory, 100% Genuine","article_modified_time":"2026-01-21T01:45:06+00:00","og_image":[{"width":2000,"height":1500,"url":"https:\/\/fumot.uk\/wp-content\/uploads\/2026\/01\/WASPE-Crystal-20000-Puffs-Strawberry-Watermelon-Disposable-Vape.jpg","type":"image\/jpeg"}],"twitter_card":"summary_large_image","twitter_misc":{"Dur\u00e9e de lecture estim\u00e9e":"2 minutes"},"schema":{"@context":"https:\/\/schema.org","@graph":[{"@type":"WebPage","@id":"https:\/\/fumot.uk\/product\/strawberry-watermelon-waspe-crystal-20000-puffs\/","url":"https:\/\/fumot.uk\/product\/strawberry-watermelon-waspe-crystal-20000-puffs\/","name":"WASPE Crystal 20000 Puffs Vape Fraise Past\u00e8que","isPartOf":{"@id":"https:\/\/fumot.uk\/#website"},"primaryImageOfPage":{"@id":"https:\/\/fumot.uk\/product\/strawberry-watermelon-waspe-crystal-20000-puffs\/#primaryimage"},"image":{"@id":"https:\/\/fumot.uk\/product\/strawberry-watermelon-waspe-crystal-20000-puffs\/#primaryimage"},"thumbnailUrl":"https:\/\/fumot.uk\/wp-content\/uploads\/2026\/01\/WASPE-Crystal-20000-Puffs-Strawberry-Watermelon-Disposable-Vape.jpg","datePublished":"2026-01-20T10:13:25+00:00","dateModified":"2026-01-21T01:45:06+00:00","description":"Vape jetable Strawberry Watermelon WASPE Crystal 20000 Puffs : 24ml, Dual Mesh, \u00e9cran LED, rechargeable Type\u2011C 900mAh. Nicotine 0\/2\/5%.","breadcrumb":{"@id":"https:\/\/fumot.uk\/product\/strawberry-watermelon-waspe-crystal-20000-puffs\/#breadcrumb"},"inLanguage":"fr-FR","potentialAction":[{"@type":"ReadAction","target":["https:\/\/fumot.uk\/product\/strawberry-watermelon-waspe-crystal-20000-puffs\/"]}]},{"@type":"ImageObject","inLanguage":"fr-FR","@id":"https:\/\/fumot.uk\/product\/strawberry-watermelon-waspe-crystal-20000-puffs\/#primaryimage","url":"https:\/\/fumot.uk\/wp-content\/uploads\/2026\/01\/WASPE-Crystal-20000-Puffs-Strawberry-Watermelon-Disposable-Vape.jpg","contentUrl":"https:\/\/fumot.uk\/wp-content\/uploads\/2026\/01\/WASPE-Crystal-20000-Puffs-Strawberry-Watermelon-Disposable-Vape.jpg","width":2000,"height":1500},{"@type":"BreadcrumbList","@id":"https:\/\/fumot.uk\/product\/strawberry-watermelon-waspe-crystal-20000-puffs\/#breadcrumb","itemListElement":[{"@type":"ListItem","position":1,"name":"Home","item":"https:\/\/fumot.uk\/"},{"@type":"ListItem","position":2,"name":"Shop","item":"https:\/\/fumot.uk\/shop\/"},{"@type":"ListItem","position":3,"name":"WASPE Crystal 20000 Puffs Strawberry Watermelon Disposable Vape (24ml, Dual Mesh, Type\u2011C, LED Display)"}]},{"@type":"WebSite","@id":"https:\/\/fumot.uk\/#website","url":"https:\/\/fumot.uk\/","name":"Fumot Official Direct | Directement de l'usine, 100% Authentique","description":"Site officiel","publisher":{"@id":"https:\/\/fumot.uk\/#organization"},"potentialAction":[{"@type":"SearchAction","target":{"@type":"EntryPoint","urlTemplate":"https:\/\/fumot.uk\/?s={search_term_string}"},"query-input":{"@type":"PropertyValueSpecification","valueRequired":true,"valueName":"search_term_string"}}],"inLanguage":"fr-FR"},{"@type":"Organization","@id":"https:\/\/fumot.uk\/#organization","name":"Fumot Official Direct | Directement de l'usine, 100% Authentique","url":"https:\/\/fumot.uk\/","logo":{"@type":"ImageObject","inLanguage":"fr-FR","@id":"https:\/\/fumot.uk\/#\/schema\/logo\/image\/","url":"https:\/\/fumot.uk\/wp-content\/uploads\/2026\/01\/cropped-fumot-logo1.png","contentUrl":"https:\/\/fumot.uk\/wp-content\/uploads\/2026\/01\/cropped-fumot-logo1.png","width":152,"height":106,"caption":"Fumot Official Direct | Straight from the Factory, 100% Genuine"},"image":{"@id":"https:\/\/fumot.uk\/#\/schema\/logo\/image\/"}}]}},"_links":{"self":[{"href":"https:\/\/fumot.uk\/fr\/wp-json\/wp\/v2\/product\/3541","targetHints":{"allow":["GET"]}}],"collection":[{"href":"https:\/\/fumot.uk\/fr\/wp-json\/wp\/v2\/product"}],"about":[{"href":"https:\/\/fumot.uk\/fr\/wp-json\/wp\/v2\/types\/product"}],"replies":[{"embeddable":true,"href":"https:\/\/fumot.uk\/fr\/wp-json\/wp\/v2\/comments?post=3541"}],"wp:featuredmedia":[{"embeddable":true,"href":"https:\/\/fumot.uk\/fr\/wp-json\/wp\/v2\/media\/3586"}],"wp:attachment":[{"href":"https:\/\/fumot.uk\/fr\/wp-json\/wp\/v2\/media?parent=3541"}],"wp:term":[{"taxonomy":"product_brand","embeddable":true,"href":"https:\/\/fumot.uk\/fr\/wp-json\/wp\/v2\/product_brand?post=3541"},{"taxonomy":"product_cat","embeddable":true,"href":"https:\/\/fumot.uk\/fr\/wp-json\/wp\/v2\/product_cat?post=3541"},{"taxonomy":"product_tag","embeddable":true,"href":"https:\/\/fumot.uk\/fr\/wp-json\/wp\/v2\/product_tag?post=3541"}],"curies":[{"name":"wp","href":"https:\/\/api.w.org\/{rel}","templated":true}]}}