{"id":3540,"date":"2026-01-20T10:13:25","date_gmt":"2026-01-20T10:13:25","guid":{"rendered":"https:\/\/fumot.uk\/?post_type=product&#038;p=3540"},"modified":"2026-01-21T01:44:44","modified_gmt":"2026-01-21T01:44:44","slug":"lush-ice-waspe-crystal-20000-puffs","status":"publish","type":"product","link":"https:\/\/fumot.uk\/fr\/product\/lush-ice-waspe-crystal-20000-puffs\/","title":{"rendered":"WASPE Crystal 20000 Puffs Lush Ice Vape Jetable (Past\u00e8que Menthe) | 24ml, Double Mesh, USB\u2011C"},"content":{"rendered":"<h2>WASPE Crystal 20000 Puffs \u2013 Lush Ice (Past\u00e8que &amp; Menthe)<\/h2>\n<p>Frais, juteux et au go\u00fbt pur\u2014<strong>Glace luxuriante<\/strong> dans le <strong>WASPE Crystal 20000 Puffs<\/strong> m\u00e9lange la douceur de la past\u00e8que m\u00fbre avec une finition douce de menthe. Le r\u00e9sultat est un profil rafra\u00eechissant de \u201cfra\u00eecheur estivale\u201d qui reste net du premier au dernier tirage\u2014parfait lorsque vous voulez une vape glac\u00e9e facile et quotidienne qui n'est pas trop sucr\u00e9e.<\/p>\n<h3>Profil de saveur : Lush Ice<\/h3>\n<ul>\n<li><strong>Note de t\u00eate :<\/strong> past\u00e8que fra\u00eeche et juteuse<\/li>\n<li><strong>Finition :<\/strong> douce fra\u00eecheur menthol\u00e9e<\/li>\n<li><strong>Global :<\/strong> douceur \u00e9quilibr\u00e9e + coup de glace rafra\u00eechissant<\/li>\n<\/ul>\n<h3>Design Cristal, Performance Fluide<\/h3>\n<p>Le <strong>corps transparent cristallin<\/strong> donne \u00e0 WASPE Crystal son look moderne signature, tandis que le <strong>affichage LED<\/strong> garde votre utilisation simple. \u00c0 l'int\u00e9rieur, le <strong>Double Bobine Mesh (1\u03a9 + 1\u03a9)<\/strong> aide \u00e0 d\u00e9livrer une vapeur dense et constante avec un tirage fluide\u2014id\u00e9al pour les amateurs de saveurs riches et d'une finition fra\u00eeche.<\/p>\n<h3>Caract\u00e9ristiques cl\u00e9s<\/h3>\n<ul>\n<li><strong>Jusqu'\u00e0 20000 bouff\u00e9es<\/strong> (l'utilisation varie selon la longueur de chaque bouff\u00e9e)<\/li>\n<li><strong>24ml d'e-liquide<\/strong> capacit\u00e9<\/li>\n<li><strong>Double R\u00e9sistance en Maille :<\/strong> 1\u03a9 + 1\u03a9 pour une saveur et une vapeur stables<\/li>\n<li><strong>Batterie rechargeable de 900mAh<\/strong><\/li>\n<li><strong>Recharge USB\u2011C<\/strong> (Type\u2011C)<\/li>\n<li><strong>Affichage LED intelligent<\/strong> pour un statut clair d'un coup d'\u0153il<\/li>\n<li><strong>Options de nicotine :<\/strong> 0% \/ 2% \/ 5%<\/li>\n<\/ul>\n<h3>Caract\u00e9ristiques Techniques<\/h3>\n<p>\n  <strong>Bouff\u00e9es :<\/strong> Jusqu'\u00e0 20000<br \/>\n  <strong>E-liquide :<\/strong> 24ml<br \/>\n  <strong>R\u00e9sistance :<\/strong> Double maille 1\u03a9 + 1\u03a9<br \/>\n  <strong>Batterie :<\/strong> 900mAh<br \/>\n  <strong>Chargement :<\/strong> USB\u2011C (Type\u2011C)<br \/>\n  <strong>Affichage :<\/strong> LED<br \/>\n  <strong>Nicotine :<\/strong> 0% \/ 2% \/ 5%\n<\/p>\n<h3>Pourquoi Lush Ice est un Favori des Fans<\/h3>\n<p>Si vous aimez <strong>saveurs glac\u00e9es<\/strong> mais pr\u00e9f\u00e8rent une fra\u00eecheur plus douce \u00e0 un menthol agressif, Lush Ice atteint le juste milieu : la past\u00e8que reste vive et juteuse, tandis que la menthe garde chaque bouff\u00e9e propre et rafra\u00eechissante\u2014id\u00e9al pour les journ\u00e9es chaudes, les longs trajets ou une simple remise \u00e0 z\u00e9ro du palais entre des saveurs plus lourdes.<\/p>\n<p><strong>D\u00e9couvrez plus de la s\u00e9rie :<\/strong> <a href=\"https:\/\/fumot.uk\/fr\/product-category\/20000-puff\/\">Achetez des vapes de 20000 bouff\u00e9es<\/a> sur fumot.uk.<\/p>","protected":false},"excerpt":{"rendered":"<p>WASPE Crystal 20000 Puffs en Lush Ice m\u00e9lange past\u00e8que juteuse avec une fra\u00eecheur de menthe douce. 24ml e-liquide, Double Mesh Coil, affichage LED, 900mAh USB\u2011C rechargeable. Nicotine : 0%\/2%\/5%.<\/p>","protected":false},"featured_media":3585,"comment_status":"open","ping_status":"closed","template":"","meta":[],"product_brand":[],"product_cat":[68,17,185],"product_tag":[84,70,171,71,186,113,72,23,73,29,44,26,28],"class_list":{"0":"post-3540","1":"product","2":"type-product","3":"status-publish","4":"has-post-thumbnail","6":"product_cat-20000-puff","7":"product_cat-vape","8":"product_cat-waspe-crystal-20000-puffs","9":"product_tag-0-nikotin","10":"product_tag-2-nikotin","11":"product_tag-24ml","12":"product_tag-5-nikotin","13":"product_tag-900mah","14":"product_tag-crystal-vape","15":"product_tag-direct-to-lung","16":"product_tag-display","17":"product_tag-dual-mesh","18":"product_tag-ice","19":"product_tag-lush","20":"product_tag-rechargeable","21":"product_tag-type-c","23":"first","24":"instock","25":"sale","26":"shipping-taxable","27":"purchasable","28":"product-type-variable","29":"has-default-attributes"},"yoast_head":"<!-- This site is optimized with the Yoast SEO plugin v26.8 - https:\/\/yoast.com\/product\/yoast-seo-wordpress\/ -->\n<title>WASPE Crystal 20000 Puffs Lush Ice | Watermelon Mint<\/title>\n<meta name=\"description\" content=\"WASPE Crystal 20000 Puffs Lush Ice: watermelon + mint ice flavour, 24ml e-liquid, dual mesh coil, LED display, 900mAh USB\u2011C rechargeable. 0\/2\/5% nic.\" \/>\n<meta name=\"robots\" content=\"index, follow, max-snippet:-1, max-image-preview:large, max-video-preview:-1\" \/>\n<link rel=\"canonical\" href=\"https:\/\/fumot.uk\/fr\/product\/lush-ice-waspe-crystal-20000-puffs\/\" \/>\n<meta property=\"og:locale\" content=\"fr_FR\" \/>\n<meta property=\"og:type\" content=\"article\" \/>\n<meta property=\"og:title\" content=\"Lush Ice WASPE Crystal 20000 Puffs \u2013 Watermelon Mint Chill\" \/>\n<meta property=\"og:description\" content=\"Juicy watermelon with a smooth minty cool finish. 24ml, Dual Mesh Coil, LED display, 900mAh USB\u2011C rechargeable. Choose 0%\/2%\/5% nicotine on fumot.uk.\" \/>\n<meta property=\"og:url\" content=\"https:\/\/fumot.uk\/fr\/product\/lush-ice-waspe-crystal-20000-puffs\/\" \/>\n<meta property=\"og:site_name\" content=\"Fumot Official Direct | Straight from the Factory, 100% Genuine\" \/>\n<meta property=\"article:modified_time\" content=\"2026-01-21T01:44:44+00:00\" \/>\n<meta property=\"og:image\" content=\"https:\/\/fumot.uk\/wp-content\/uploads\/2026\/01\/WASPE-Crystal-20000-Puffs-Lush-Ice-Disposable-Vape.jpg\" \/>\n\t<meta property=\"og:image:width\" content=\"2000\" \/>\n\t<meta property=\"og:image:height\" content=\"1500\" \/>\n\t<meta property=\"og:image:type\" content=\"image\/jpeg\" \/>\n<meta name=\"twitter:card\" content=\"summary_large_image\" \/>\n<meta name=\"twitter:label1\" content=\"Dur\u00e9e de lecture estim\u00e9e\" \/>\n\t<meta name=\"twitter:data1\" content=\"2 minutes\" \/>\n<script type=\"application\/ld+json\" class=\"yoast-schema-graph\">{\"@context\":\"https:\/\/schema.org\",\"@graph\":[{\"@type\":\"WebPage\",\"@id\":\"https:\/\/fumot.uk\/product\/lush-ice-waspe-crystal-20000-puffs\/\",\"url\":\"https:\/\/fumot.uk\/product\/lush-ice-waspe-crystal-20000-puffs\/\",\"name\":\"WASPE Crystal 20000 Puffs Lush Ice | Watermelon Mint\",\"isPartOf\":{\"@id\":\"https:\/\/fumot.uk\/#website\"},\"primaryImageOfPage\":{\"@id\":\"https:\/\/fumot.uk\/product\/lush-ice-waspe-crystal-20000-puffs\/#primaryimage\"},\"image\":{\"@id\":\"https:\/\/fumot.uk\/product\/lush-ice-waspe-crystal-20000-puffs\/#primaryimage\"},\"thumbnailUrl\":\"https:\/\/fumot.uk\/wp-content\/uploads\/2026\/01\/WASPE-Crystal-20000-Puffs-Lush-Ice-Disposable-Vape.jpg\",\"datePublished\":\"2026-01-20T10:13:25+00:00\",\"dateModified\":\"2026-01-21T01:44:44+00:00\",\"description\":\"WASPE Crystal 20000 Puffs Lush Ice: watermelon + mint ice flavour, 24ml e-liquid, dual mesh coil, LED display, 900mAh USB\u2011C rechargeable. 0\/2\/5% nic.\",\"breadcrumb\":{\"@id\":\"https:\/\/fumot.uk\/product\/lush-ice-waspe-crystal-20000-puffs\/#breadcrumb\"},\"inLanguage\":\"fr-FR\",\"potentialAction\":[{\"@type\":\"ReadAction\",\"target\":[\"https:\/\/fumot.uk\/product\/lush-ice-waspe-crystal-20000-puffs\/\"]}]},{\"@type\":\"ImageObject\",\"inLanguage\":\"fr-FR\",\"@id\":\"https:\/\/fumot.uk\/product\/lush-ice-waspe-crystal-20000-puffs\/#primaryimage\",\"url\":\"https:\/\/fumot.uk\/wp-content\/uploads\/2026\/01\/WASPE-Crystal-20000-Puffs-Lush-Ice-Disposable-Vape.jpg\",\"contentUrl\":\"https:\/\/fumot.uk\/wp-content\/uploads\/2026\/01\/WASPE-Crystal-20000-Puffs-Lush-Ice-Disposable-Vape.jpg\",\"width\":2000,\"height\":1500},{\"@type\":\"BreadcrumbList\",\"@id\":\"https:\/\/fumot.uk\/product\/lush-ice-waspe-crystal-20000-puffs\/#breadcrumb\",\"itemListElement\":[{\"@type\":\"ListItem\",\"position\":1,\"name\":\"Home\",\"item\":\"https:\/\/fumot.uk\/\"},{\"@type\":\"ListItem\",\"position\":2,\"name\":\"Shop\",\"item\":\"https:\/\/fumot.uk\/shop\/\"},{\"@type\":\"ListItem\",\"position\":3,\"name\":\"WASPE Crystal 20000 Puffs Lush Ice Disposable Vape (Watermelon Mint) | 24ml, Dual Mesh, USB\u2011C\"}]},{\"@type\":\"WebSite\",\"@id\":\"https:\/\/fumot.uk\/#website\",\"url\":\"https:\/\/fumot.uk\/\",\"name\":\"Fumot Official Direct | Straight from the Factory, 100% Genuine\",\"description\":\"Official Website\",\"publisher\":{\"@id\":\"https:\/\/fumot.uk\/#organization\"},\"potentialAction\":[{\"@type\":\"SearchAction\",\"target\":{\"@type\":\"EntryPoint\",\"urlTemplate\":\"https:\/\/fumot.uk\/?s={search_term_string}\"},\"query-input\":{\"@type\":\"PropertyValueSpecification\",\"valueRequired\":true,\"valueName\":\"search_term_string\"}}],\"inLanguage\":\"fr-FR\"},{\"@type\":\"Organization\",\"@id\":\"https:\/\/fumot.uk\/#organization\",\"name\":\"Fumot Official Direct | Straight from the Factory, 100% Genuine\",\"url\":\"https:\/\/fumot.uk\/\",\"logo\":{\"@type\":\"ImageObject\",\"inLanguage\":\"fr-FR\",\"@id\":\"https:\/\/fumot.uk\/#\/schema\/logo\/image\/\",\"url\":\"https:\/\/fumot.uk\/wp-content\/uploads\/2026\/01\/cropped-fumot-logo1.png\",\"contentUrl\":\"https:\/\/fumot.uk\/wp-content\/uploads\/2026\/01\/cropped-fumot-logo1.png\",\"width\":152,\"height\":106,\"caption\":\"Fumot Official Direct | Straight from the Factory, 100% Genuine\"},\"image\":{\"@id\":\"https:\/\/fumot.uk\/#\/schema\/logo\/image\/\"}}]}<\/script>\n<!-- \/ Yoast SEO plugin. -->","yoast_head_json":{"title":"WASPE Crystal 20000 Puffs Lush Ice | Past\u00e8que Menthe","description":"WASPE Crystal 20000 Puffs Lush Ice : saveur past\u00e8que + menthe glac\u00e9e, e-liquide de 24 ml, double r\u00e9sistance en mesh, affichage LED, rechargeable USB\u2011C 900mAh. 0\/2\/5% nic.","robots":{"index":"index","follow":"follow","max-snippet":"max-snippet:-1","max-image-preview":"max-image-preview:large","max-video-preview":"max-video-preview:-1"},"canonical":"https:\/\/fumot.uk\/fr\/product\/lush-ice-waspe-crystal-20000-puffs\/","og_locale":"fr_FR","og_type":"article","og_title":"Lush Ice WASPE Crystal 20000 Puffs \u2013 Watermelon Mint Chill","og_description":"Juicy watermelon with a smooth minty cool finish. 24ml, Dual Mesh Coil, LED display, 900mAh USB\u2011C rechargeable. Choose 0%\/2%\/5% nicotine on fumot.uk.","og_url":"https:\/\/fumot.uk\/fr\/product\/lush-ice-waspe-crystal-20000-puffs\/","og_site_name":"Fumot Official Direct | Straight from the Factory, 100% Genuine","article_modified_time":"2026-01-21T01:44:44+00:00","og_image":[{"width":2000,"height":1500,"url":"https:\/\/fumot.uk\/wp-content\/uploads\/2026\/01\/WASPE-Crystal-20000-Puffs-Lush-Ice-Disposable-Vape.jpg","type":"image\/jpeg"}],"twitter_card":"summary_large_image","twitter_misc":{"Dur\u00e9e de lecture estim\u00e9e":"2 minutes"},"schema":{"@context":"https:\/\/schema.org","@graph":[{"@type":"WebPage","@id":"https:\/\/fumot.uk\/product\/lush-ice-waspe-crystal-20000-puffs\/","url":"https:\/\/fumot.uk\/product\/lush-ice-waspe-crystal-20000-puffs\/","name":"WASPE Crystal 20000 Puffs Lush Ice | Past\u00e8que Menthe","isPartOf":{"@id":"https:\/\/fumot.uk\/#website"},"primaryImageOfPage":{"@id":"https:\/\/fumot.uk\/product\/lush-ice-waspe-crystal-20000-puffs\/#primaryimage"},"image":{"@id":"https:\/\/fumot.uk\/product\/lush-ice-waspe-crystal-20000-puffs\/#primaryimage"},"thumbnailUrl":"https:\/\/fumot.uk\/wp-content\/uploads\/2026\/01\/WASPE-Crystal-20000-Puffs-Lush-Ice-Disposable-Vape.jpg","datePublished":"2026-01-20T10:13:25+00:00","dateModified":"2026-01-21T01:44:44+00:00","description":"WASPE Crystal 20000 Puffs Lush Ice : saveur past\u00e8que + menthe glac\u00e9e, e-liquide de 24 ml, double r\u00e9sistance en mesh, affichage LED, rechargeable USB\u2011C 900mAh. 0\/2\/5% nic.","breadcrumb":{"@id":"https:\/\/fumot.uk\/product\/lush-ice-waspe-crystal-20000-puffs\/#breadcrumb"},"inLanguage":"fr-FR","potentialAction":[{"@type":"ReadAction","target":["https:\/\/fumot.uk\/product\/lush-ice-waspe-crystal-20000-puffs\/"]}]},{"@type":"ImageObject","inLanguage":"fr-FR","@id":"https:\/\/fumot.uk\/product\/lush-ice-waspe-crystal-20000-puffs\/#primaryimage","url":"https:\/\/fumot.uk\/wp-content\/uploads\/2026\/01\/WASPE-Crystal-20000-Puffs-Lush-Ice-Disposable-Vape.jpg","contentUrl":"https:\/\/fumot.uk\/wp-content\/uploads\/2026\/01\/WASPE-Crystal-20000-Puffs-Lush-Ice-Disposable-Vape.jpg","width":2000,"height":1500},{"@type":"BreadcrumbList","@id":"https:\/\/fumot.uk\/product\/lush-ice-waspe-crystal-20000-puffs\/#breadcrumb","itemListElement":[{"@type":"ListItem","position":1,"name":"Home","item":"https:\/\/fumot.uk\/"},{"@type":"ListItem","position":2,"name":"Shop","item":"https:\/\/fumot.uk\/shop\/"},{"@type":"ListItem","position":3,"name":"WASPE Crystal 20000 Puffs Lush Ice Disposable Vape (Watermelon Mint) | 24ml, Dual Mesh, USB\u2011C"}]},{"@type":"WebSite","@id":"https:\/\/fumot.uk\/#website","url":"https:\/\/fumot.uk\/","name":"Fumot Official Direct | Directement de l'usine, 100% Authentique","description":"Site officiel","publisher":{"@id":"https:\/\/fumot.uk\/#organization"},"potentialAction":[{"@type":"SearchAction","target":{"@type":"EntryPoint","urlTemplate":"https:\/\/fumot.uk\/?s={search_term_string}"},"query-input":{"@type":"PropertyValueSpecification","valueRequired":true,"valueName":"search_term_string"}}],"inLanguage":"fr-FR"},{"@type":"Organization","@id":"https:\/\/fumot.uk\/#organization","name":"Fumot Official Direct | Directement de l'usine, 100% Authentique","url":"https:\/\/fumot.uk\/","logo":{"@type":"ImageObject","inLanguage":"fr-FR","@id":"https:\/\/fumot.uk\/#\/schema\/logo\/image\/","url":"https:\/\/fumot.uk\/wp-content\/uploads\/2026\/01\/cropped-fumot-logo1.png","contentUrl":"https:\/\/fumot.uk\/wp-content\/uploads\/2026\/01\/cropped-fumot-logo1.png","width":152,"height":106,"caption":"Fumot Official Direct | Straight from the Factory, 100% Genuine"},"image":{"@id":"https:\/\/fumot.uk\/#\/schema\/logo\/image\/"}}]}},"_links":{"self":[{"href":"https:\/\/fumot.uk\/fr\/wp-json\/wp\/v2\/product\/3540","targetHints":{"allow":["GET"]}}],"collection":[{"href":"https:\/\/fumot.uk\/fr\/wp-json\/wp\/v2\/product"}],"about":[{"href":"https:\/\/fumot.uk\/fr\/wp-json\/wp\/v2\/types\/product"}],"replies":[{"embeddable":true,"href":"https:\/\/fumot.uk\/fr\/wp-json\/wp\/v2\/comments?post=3540"}],"wp:featuredmedia":[{"embeddable":true,"href":"https:\/\/fumot.uk\/fr\/wp-json\/wp\/v2\/media\/3585"}],"wp:attachment":[{"href":"https:\/\/fumot.uk\/fr\/wp-json\/wp\/v2\/media?parent=3540"}],"wp:term":[{"taxonomy":"product_brand","embeddable":true,"href":"https:\/\/fumot.uk\/fr\/wp-json\/wp\/v2\/product_brand?post=3540"},{"taxonomy":"product_cat","embeddable":true,"href":"https:\/\/fumot.uk\/fr\/wp-json\/wp\/v2\/product_cat?post=3540"},{"taxonomy":"product_tag","embeddable":true,"href":"https:\/\/fumot.uk\/fr\/wp-json\/wp\/v2\/product_tag?post=3540"}],"curies":[{"name":"wp","href":"https:\/\/api.w.org\/{rel}","templated":true}]}}