{"id":3539,"date":"2026-01-20T10:13:24","date_gmt":"2026-01-20T10:13:24","guid":{"rendered":"https:\/\/fumot.uk\/?post_type=product&#038;p=3539"},"modified":"2026-01-20T10:15:05","modified_gmt":"2026-01-20T10:15:05","slug":"vozol-gear-power-20000-puffs-lemon-mint","status":"publish","type":"product","link":"https:\/\/fumot.uk\/fr\/product\/vozol-gear-power-20000-puffs-lemon-mint\/","title":{"rendered":"Vozol Gear Power 20000 Puffs-Citron Menthe"},"content":{"rendered":"<h4 data-start=\"0\" data-end=\"121\">Vozol Gear Power 20000 Puffs Lemon Mint : La combinaison parfaite de citron rafra\u00eechissant et acidul\u00e9 et de menthe fra\u00eeche<\/h4>\n<p data-start=\"123\" data-end=\"560\"><strong>Vozol Gear Power 20000 Puffs Lemon Mint<\/strong> combine habilement la fra\u00eecheur p\u00e9tillante du citron acidul\u00e9 avec la fra\u00eecheur vivifiante de la menthe. \u00c0 chaque bouff\u00e9e, un ar\u00f4me fruit\u00e9 stimulant et une fra\u00eecheur agr\u00e9able se d\u00e9ploient, rappelant une journ\u00e9e ensoleill\u00e9e de d\u00e9but d'\u00e9t\u00e9. Tant le citron juteux que la menthe rafra\u00eechissante et stimulante se fondent parfaitement en bouche et offrent une exp\u00e9rience gustative fra\u00eeche et vivante.<\/p>\n<p data-start=\"562\" data-end=\"948\" data-is-last-node=\"\" data-is-only-node=\"\">Tout en profitant de l'intense parfum de citron, le go\u00fbt de Lemon Mint apporte \u00e9galement une fra\u00eecheur \u00e9quilibr\u00e9e qui accompagne chaque bouff\u00e9e d'une touche claire et fra\u00eeche. Cette fra\u00eecheur renforce non seulement la fra\u00eecheur, mais assure \u00e9galement un \u00e9quilibre harmonieux avec la note acidul\u00e9e-sucr\u00e9e du citron, rendant chaque bouff\u00e9e complexe et particuli\u00e8rement durable en go\u00fbt.<\/p>\n<h4>Les caract\u00e9ristiques du Vozol Gear Power 20000 Puffs :<\/h4>\n<p><strong>\u2022 Bouff\u00e9es :<\/strong> 20000 bouff\u00e9es<br \/>\n<strong>\u2022 Teneur en nicotine :<\/strong> 5%<br \/>\n<strong>\u2022 Capacit\u00e9 de l'e-liquide :<\/strong> 20mL<br \/>\n<strong>\u2022 Conception de la bobine :<\/strong> Bobines \u00e0 double maillage<br \/>\n<strong>\u2022 \u00c9cran :<\/strong> \u00c9cran plein<br \/>\n<strong>\u2022 Technologie :<\/strong> Technologie S.i.L.C.<\/p>\n<h4 data-start=\"0\" data-end=\"50\"><strong data-start=\"0\" data-end=\"50\">Pourquoi choisir le Vozol GEAR POWER 20000 Puffs ?<\/strong><\/h4>\n<p data-start=\"18\" data-end=\"234\">1. Vozol Gear Power 20000 Puffs combine technologie de pointe et construction durable, vous permettant de profiter d'une exp\u00e9rience de vapotage intense sans interruptions - id\u00e9al pour ceux qui appr\u00e9cient la qualit\u00e9 et la durabilit\u00e9.<\/p>\n<p data-start=\"239\" data-end=\"419\">2. La capacit\u00e9 g\u00e9n\u00e9reuse du r\u00e9servoir de 20ml combin\u00e9e \u00e0 deux niveaux de puissance r\u00e9glables garantit une flexibilit\u00e9 et un confort maximum, que vous souhaitiez vapoter beaucoup ou moins.<\/p>\n<p data-start=\"424\" data-end=\"628\" data-is-last-node=\"\">3. Gr\u00e2ce \u00e0 la technologie innovante S.i.L.C. et \u00e0 l'affichage clair en temps r\u00e9el, vous avez toujours un contr\u00f4le parfait sur le go\u00fbt, la quantit\u00e9 de vapeur et l'\u00e9tat de la batterie - pour une utilisation intelligente et personnalis\u00e9e.<\/p>","protected":false},"excerpt":{"rendered":"<p>Vozol Gear Power 20000 Puffs Lemon Mint : La combinaison parfaite de citron rafra\u00eechissant et acidul\u00e9 et de menthe fra\u00eeche Vozol Gear Power 20000 Puffs Lemon Mint associe habilement la fra\u00eecheur p\u00e9tillante du citron acidul\u00e9 \u00e0 la fra\u00eecheur vivifiante de la menthe. \u00c0 chaque bouff\u00e9e, un ar\u00f4me fruit\u00e9 vivifiant et une fra\u00eecheur agr\u00e9able se d\u00e9ploient, rappelant un ensoleill\u00e9 [\u2026]<\/p>","protected":false},"featured_media":3584,"comment_status":"open","ping_status":"closed","template":"","meta":[],"product_brand":[],"product_cat":[68,17,184],"product_tag":[60,131,21,23,73,24,61,26,28],"class_list":{"0":"post-3539","1":"product","2":"type-product","3":"status-publish","4":"has-post-thumbnail","6":"product_cat-20000-puff","7":"product_cat-vape","8":"product_cat-vozol-gear-power-20000-puffs","9":"product_tag-20ml","10":"product_tag-650mah","11":"product_tag-adjustable-airflow","12":"product_tag-display","13":"product_tag-dual-mesh","14":"product_tag-lemon","15":"product_tag-mint","16":"product_tag-rechargeable","17":"product_tag-type-c","19":"first","20":"instock","21":"sale","22":"shipping-taxable","23":"purchasable","24":"product-type-variable","25":"has-default-attributes"},"yoast_head":"<!-- This site is optimized with the Yoast SEO plugin v26.8 - https:\/\/yoast.com\/product\/yoast-seo-wordpress\/ -->\n<title>Vozol Gear Power 20000 Puffs-Lemon Mint - Fumot Official Direct | Straight from the Factory, 100% Genuine<\/title>\n<meta name=\"robots\" content=\"index, follow, max-snippet:-1, max-image-preview:large, max-video-preview:-1\" \/>\n<link rel=\"canonical\" href=\"https:\/\/fumot.uk\/fr\/product\/vozol-gear-power-20000-puffs-lemon-mint\/\" \/>\n<meta property=\"og:locale\" content=\"fr_FR\" \/>\n<meta property=\"og:type\" content=\"article\" \/>\n<meta property=\"og:title\" content=\"Vozol Gear Power 20000 Puffs-Lemon Mint - Fumot Official Direct | Straight from the Factory, 100% Genuine\" \/>\n<meta property=\"og:description\" content=\"Vozol Gear Power 20000 Puffs Lemon Mint: Die perfekte Kombination aus erfrischend-s\u00e4uerlicher Zitrone und k\u00fchlender Minze Vozol Gear Power 20000 Puffs Lemon Mint verbindet auf geschickte Weise die spritzige Frische der s\u00e4uerlichen Zitrone mit der belebenden K\u00fchle der Minze. Bei jedem Zug entfaltet sich ein belebendes Fruchtaroma und eine angenehme Frische, die an einen sonnigen [&hellip;]\" \/>\n<meta property=\"og:url\" content=\"https:\/\/fumot.uk\/fr\/product\/vozol-gear-power-20000-puffs-lemon-mint\/\" \/>\n<meta property=\"og:site_name\" content=\"Fumot Official Direct | Straight from the Factory, 100% Genuine\" \/>\n<meta property=\"article:modified_time\" content=\"2026-01-20T10:15:05+00:00\" \/>\n<meta property=\"og:image\" content=\"https:\/\/fumot.uk\/wp-content\/uploads\/2026\/01\/Vozol-Gear-Power-20000-Puffs-Lemon-Mint-Disposable-Vape.png\" \/>\n\t<meta property=\"og:image:width\" content=\"1000\" \/>\n\t<meta property=\"og:image:height\" content=\"1000\" \/>\n\t<meta property=\"og:image:type\" content=\"image\/png\" \/>\n<meta name=\"twitter:card\" content=\"summary_large_image\" \/>\n<meta name=\"twitter:label1\" content=\"Dur\u00e9e de lecture estim\u00e9e\" \/>\n\t<meta name=\"twitter:data1\" content=\"2 minutes\" \/>\n<script type=\"application\/ld+json\" class=\"yoast-schema-graph\">{\"@context\":\"https:\/\/schema.org\",\"@graph\":[{\"@type\":\"WebPage\",\"@id\":\"https:\/\/fumot.uk\/product\/vozol-gear-power-20000-puffs-lemon-mint\/\",\"url\":\"https:\/\/fumot.uk\/product\/vozol-gear-power-20000-puffs-lemon-mint\/\",\"name\":\"Vozol Gear Power 20000 Puffs-Lemon Mint - Fumot Official Direct | Straight from the Factory, 100% Genuine\",\"isPartOf\":{\"@id\":\"https:\/\/fumot.uk\/#website\"},\"primaryImageOfPage\":{\"@id\":\"https:\/\/fumot.uk\/product\/vozol-gear-power-20000-puffs-lemon-mint\/#primaryimage\"},\"image\":{\"@id\":\"https:\/\/fumot.uk\/product\/vozol-gear-power-20000-puffs-lemon-mint\/#primaryimage\"},\"thumbnailUrl\":\"https:\/\/fumot.uk\/wp-content\/uploads\/2026\/01\/Vozol-Gear-Power-20000-Puffs-Lemon-Mint-Disposable-Vape.png\",\"datePublished\":\"2026-01-20T10:13:24+00:00\",\"dateModified\":\"2026-01-20T10:15:05+00:00\",\"breadcrumb\":{\"@id\":\"https:\/\/fumot.uk\/product\/vozol-gear-power-20000-puffs-lemon-mint\/#breadcrumb\"},\"inLanguage\":\"fr-FR\",\"potentialAction\":[{\"@type\":\"ReadAction\",\"target\":[\"https:\/\/fumot.uk\/product\/vozol-gear-power-20000-puffs-lemon-mint\/\"]}]},{\"@type\":\"ImageObject\",\"inLanguage\":\"fr-FR\",\"@id\":\"https:\/\/fumot.uk\/product\/vozol-gear-power-20000-puffs-lemon-mint\/#primaryimage\",\"url\":\"https:\/\/fumot.uk\/wp-content\/uploads\/2026\/01\/Vozol-Gear-Power-20000-Puffs-Lemon-Mint-Disposable-Vape.png\",\"contentUrl\":\"https:\/\/fumot.uk\/wp-content\/uploads\/2026\/01\/Vozol-Gear-Power-20000-Puffs-Lemon-Mint-Disposable-Vape.png\",\"width\":1000,\"height\":1000},{\"@type\":\"BreadcrumbList\",\"@id\":\"https:\/\/fumot.uk\/product\/vozol-gear-power-20000-puffs-lemon-mint\/#breadcrumb\",\"itemListElement\":[{\"@type\":\"ListItem\",\"position\":1,\"name\":\"Home\",\"item\":\"https:\/\/fumot.uk\/\"},{\"@type\":\"ListItem\",\"position\":2,\"name\":\"Shop\",\"item\":\"https:\/\/fumot.uk\/shop\/\"},{\"@type\":\"ListItem\",\"position\":3,\"name\":\"Vozol Gear Power 20000 Puffs-Lemon Mint\"}]},{\"@type\":\"WebSite\",\"@id\":\"https:\/\/fumot.uk\/#website\",\"url\":\"https:\/\/fumot.uk\/\",\"name\":\"Fumot Official Direct | Straight from the Factory, 100% Genuine\",\"description\":\"Official Website\",\"publisher\":{\"@id\":\"https:\/\/fumot.uk\/#organization\"},\"potentialAction\":[{\"@type\":\"SearchAction\",\"target\":{\"@type\":\"EntryPoint\",\"urlTemplate\":\"https:\/\/fumot.uk\/?s={search_term_string}\"},\"query-input\":{\"@type\":\"PropertyValueSpecification\",\"valueRequired\":true,\"valueName\":\"search_term_string\"}}],\"inLanguage\":\"fr-FR\"},{\"@type\":\"Organization\",\"@id\":\"https:\/\/fumot.uk\/#organization\",\"name\":\"Fumot Official Direct | Straight from the Factory, 100% Genuine\",\"url\":\"https:\/\/fumot.uk\/\",\"logo\":{\"@type\":\"ImageObject\",\"inLanguage\":\"fr-FR\",\"@id\":\"https:\/\/fumot.uk\/#\/schema\/logo\/image\/\",\"url\":\"https:\/\/fumot.uk\/wp-content\/uploads\/2026\/01\/cropped-fumot-logo1.png\",\"contentUrl\":\"https:\/\/fumot.uk\/wp-content\/uploads\/2026\/01\/cropped-fumot-logo1.png\",\"width\":152,\"height\":106,\"caption\":\"Fumot Official Direct | Straight from the Factory, 100% Genuine\"},\"image\":{\"@id\":\"https:\/\/fumot.uk\/#\/schema\/logo\/image\/\"}}]}<\/script>\n<!-- \/ Yoast SEO plugin. -->","yoast_head_json":{"title":"Vozol Gear Power 20000 Puffs-Citron Menthe - Fumot Officiel Direct | Directement de l'usine, 100% Authentique","robots":{"index":"index","follow":"follow","max-snippet":"max-snippet:-1","max-image-preview":"max-image-preview:large","max-video-preview":"max-video-preview:-1"},"canonical":"https:\/\/fumot.uk\/fr\/product\/vozol-gear-power-20000-puffs-lemon-mint\/","og_locale":"fr_FR","og_type":"article","og_title":"Vozol Gear Power 20000 Puffs-Lemon Mint - Fumot Official Direct | Straight from the Factory, 100% Genuine","og_description":"Vozol Gear Power 20000 Puffs Lemon Mint: Die perfekte Kombination aus erfrischend-s\u00e4uerlicher Zitrone und k\u00fchlender Minze Vozol Gear Power 20000 Puffs Lemon Mint verbindet auf geschickte Weise die spritzige Frische der s\u00e4uerlichen Zitrone mit der belebenden K\u00fchle der Minze. Bei jedem Zug entfaltet sich ein belebendes Fruchtaroma und eine angenehme Frische, die an einen sonnigen [&hellip;]","og_url":"https:\/\/fumot.uk\/fr\/product\/vozol-gear-power-20000-puffs-lemon-mint\/","og_site_name":"Fumot Official Direct | Straight from the Factory, 100% Genuine","article_modified_time":"2026-01-20T10:15:05+00:00","og_image":[{"width":1000,"height":1000,"url":"https:\/\/fumot.uk\/wp-content\/uploads\/2026\/01\/Vozol-Gear-Power-20000-Puffs-Lemon-Mint-Disposable-Vape.png","type":"image\/png"}],"twitter_card":"summary_large_image","twitter_misc":{"Dur\u00e9e de lecture estim\u00e9e":"2 minutes"},"schema":{"@context":"https:\/\/schema.org","@graph":[{"@type":"WebPage","@id":"https:\/\/fumot.uk\/product\/vozol-gear-power-20000-puffs-lemon-mint\/","url":"https:\/\/fumot.uk\/product\/vozol-gear-power-20000-puffs-lemon-mint\/","name":"Vozol Gear Power 20000 Puffs-Citron Menthe - Fumot Officiel Direct | Directement de l'usine, 100% Authentique","isPartOf":{"@id":"https:\/\/fumot.uk\/#website"},"primaryImageOfPage":{"@id":"https:\/\/fumot.uk\/product\/vozol-gear-power-20000-puffs-lemon-mint\/#primaryimage"},"image":{"@id":"https:\/\/fumot.uk\/product\/vozol-gear-power-20000-puffs-lemon-mint\/#primaryimage"},"thumbnailUrl":"https:\/\/fumot.uk\/wp-content\/uploads\/2026\/01\/Vozol-Gear-Power-20000-Puffs-Lemon-Mint-Disposable-Vape.png","datePublished":"2026-01-20T10:13:24+00:00","dateModified":"2026-01-20T10:15:05+00:00","breadcrumb":{"@id":"https:\/\/fumot.uk\/product\/vozol-gear-power-20000-puffs-lemon-mint\/#breadcrumb"},"inLanguage":"fr-FR","potentialAction":[{"@type":"ReadAction","target":["https:\/\/fumot.uk\/product\/vozol-gear-power-20000-puffs-lemon-mint\/"]}]},{"@type":"ImageObject","inLanguage":"fr-FR","@id":"https:\/\/fumot.uk\/product\/vozol-gear-power-20000-puffs-lemon-mint\/#primaryimage","url":"https:\/\/fumot.uk\/wp-content\/uploads\/2026\/01\/Vozol-Gear-Power-20000-Puffs-Lemon-Mint-Disposable-Vape.png","contentUrl":"https:\/\/fumot.uk\/wp-content\/uploads\/2026\/01\/Vozol-Gear-Power-20000-Puffs-Lemon-Mint-Disposable-Vape.png","width":1000,"height":1000},{"@type":"BreadcrumbList","@id":"https:\/\/fumot.uk\/product\/vozol-gear-power-20000-puffs-lemon-mint\/#breadcrumb","itemListElement":[{"@type":"ListItem","position":1,"name":"Home","item":"https:\/\/fumot.uk\/"},{"@type":"ListItem","position":2,"name":"Shop","item":"https:\/\/fumot.uk\/shop\/"},{"@type":"ListItem","position":3,"name":"Vozol Gear Power 20000 Puffs-Lemon Mint"}]},{"@type":"WebSite","@id":"https:\/\/fumot.uk\/#website","url":"https:\/\/fumot.uk\/","name":"Fumot Official Direct | Directement de l'usine, 100% Authentique","description":"Site officiel","publisher":{"@id":"https:\/\/fumot.uk\/#organization"},"potentialAction":[{"@type":"SearchAction","target":{"@type":"EntryPoint","urlTemplate":"https:\/\/fumot.uk\/?s={search_term_string}"},"query-input":{"@type":"PropertyValueSpecification","valueRequired":true,"valueName":"search_term_string"}}],"inLanguage":"fr-FR"},{"@type":"Organization","@id":"https:\/\/fumot.uk\/#organization","name":"Fumot Official Direct | Directement de l'usine, 100% Authentique","url":"https:\/\/fumot.uk\/","logo":{"@type":"ImageObject","inLanguage":"fr-FR","@id":"https:\/\/fumot.uk\/#\/schema\/logo\/image\/","url":"https:\/\/fumot.uk\/wp-content\/uploads\/2026\/01\/cropped-fumot-logo1.png","contentUrl":"https:\/\/fumot.uk\/wp-content\/uploads\/2026\/01\/cropped-fumot-logo1.png","width":152,"height":106,"caption":"Fumot Official Direct | Straight from the Factory, 100% Genuine"},"image":{"@id":"https:\/\/fumot.uk\/#\/schema\/logo\/image\/"}}]}},"_links":{"self":[{"href":"https:\/\/fumot.uk\/fr\/wp-json\/wp\/v2\/product\/3539","targetHints":{"allow":["GET"]}}],"collection":[{"href":"https:\/\/fumot.uk\/fr\/wp-json\/wp\/v2\/product"}],"about":[{"href":"https:\/\/fumot.uk\/fr\/wp-json\/wp\/v2\/types\/product"}],"replies":[{"embeddable":true,"href":"https:\/\/fumot.uk\/fr\/wp-json\/wp\/v2\/comments?post=3539"}],"wp:featuredmedia":[{"embeddable":true,"href":"https:\/\/fumot.uk\/fr\/wp-json\/wp\/v2\/media\/3584"}],"wp:attachment":[{"href":"https:\/\/fumot.uk\/fr\/wp-json\/wp\/v2\/media?parent=3539"}],"wp:term":[{"taxonomy":"product_brand","embeddable":true,"href":"https:\/\/fumot.uk\/fr\/wp-json\/wp\/v2\/product_brand?post=3539"},{"taxonomy":"product_cat","embeddable":true,"href":"https:\/\/fumot.uk\/fr\/wp-json\/wp\/v2\/product_cat?post=3539"},{"taxonomy":"product_tag","embeddable":true,"href":"https:\/\/fumot.uk\/fr\/wp-json\/wp\/v2\/product_tag?post=3539"}],"curies":[{"name":"wp","href":"https:\/\/api.w.org\/{rel}","templated":true}]}}