{"id":3537,"date":"2026-01-20T10:13:24","date_gmt":"2026-01-20T10:13:24","guid":{"rendered":"https:\/\/fumot.uk\/?post_type=product&#038;p=3537"},"modified":"2026-01-20T10:15:05","modified_gmt":"2026-01-20T10:15:05","slug":"vozol-gear-power-20000-puffs-strawberry-watermelon","status":"publish","type":"product","link":"https:\/\/fumot.uk\/fr\/product\/vozol-gear-power-20000-puffs-strawberry-watermelon\/","title":{"rendered":"Vozol Gear Power 20000 Puffs-Fraise Past\u00e8que"},"content":{"rendered":"<h4>Vozol Gear Power 20000 Puffs Strawberry Watermelon : La douce tentation de la fraise rencontre la fra\u00eecheur juteuse de la past\u00e8que<\/h4>\n<p><strong>Vozol Gear Power 20000 Puffs Strawberry Watermelon<\/strong> r\u00e9unit parfaitement la fraise juteuse et sucr\u00e9e avec la past\u00e8que rafra\u00eechissante et sucr\u00e9e. Chaque bouff\u00e9e lib\u00e8re un agr\u00e9able ar\u00f4me fruit\u00e9 qui offre une exp\u00e9rience gustative fra\u00eeche et vivifiante - comme si vous \u00e9tiez dans un verger d'\u00e9t\u00e9. Que ce soit la douce fraise ou la past\u00e8que juteuse, les deux se fondent harmonieusement sur la langue et vous offrent une exp\u00e9rience gustative riche.<\/p>\n<p>En plus de l'intense saveur fruit\u00e9e, la vari\u00e9t\u00e9 Strawberry <a href=\"https:\/\/ultravape.de\/product-tag\/watermelon\/\">Past\u00e8que<\/a> apporte \u00e9galement une fra\u00eecheur subtile qui accompagne chaque bouff\u00e9e d'une fra\u00eecheur rafra\u00eechissante. Cette note rafra\u00eechissante conf\u00e8re au go\u00fbt non seulement une fra\u00eecheur particuli\u00e8re, mais \u00e9quilibre \u00e9galement la douceur des fruits, rendant chaque bouff\u00e9e plus complexe et \u00e9quilibr\u00e9e.<\/p>\n<h4>Les caract\u00e9ristiques du Vozol Gear Power 20000 Puffs :<\/h4>\n<p><strong>\u2022 Bouff\u00e9es :<\/strong> 20000 bouff\u00e9es<br \/>\n<strong>\u2022 Teneur en nicotine :<\/strong> 5%<br \/>\n<strong>\u2022 Capacit\u00e9 de l'e-liquide :<\/strong> 20mL<br \/>\n<strong>\u2022 Conception de la bobine :<\/strong> Bobines \u00e0 double maillage<br \/>\n<strong>\u2022 \u00c9cran :<\/strong> \u00c9cran plein<br \/>\n<strong>\u2022 Technologie :<\/strong> Technologie S.i.L.C.<\/p>\n<h4 data-start=\"0\" data-end=\"50\"><strong data-start=\"0\" data-end=\"50\">Pourquoi choisir le Vozol GEAR POWER 20000 Puffs ?<\/strong><\/h4>\n<p data-start=\"20\" data-end=\"499\">1.Le Vozol Gear Power 20000 Puffs dispose d'un \u00e9cran plein qui vous permet de surveiller en temps r\u00e9el l'\u00e9tat de la batterie, le nombre de bouff\u00e9es ainsi que l'\u00e9tat de l'appareil. Contrairement aux cigarettes \u00e9lectroniques traditionnelles qui se contentent g\u00e9n\u00e9ralement de voyants lumineux, vous gardez ici une vue d'ensemble compl\u00e8te \u00e0 tout moment. Ainsi, vous \u00e9vitez les mauvaises surprises dues \u00e0 une baisse inattendue de la puissance de la batterie et profitez d'une exp\u00e9rience de vapotage intelligente et pratique.<\/p>\n<p data-start=\"504\" data-end=\"914\">2.Cet appareil est \u00e9quip\u00e9 de la technologie avanc\u00e9e S.i.L.C., qui am\u00e9liore non seulement la puret\u00e9 du go\u00fbt et l'\u00e9vaporation uniforme, mais r\u00e9duit \u00e9galement consid\u00e9rablement l'usure \u00e0 l'int\u00e9rieur de l'appareil. Le r\u00e9sultat est une exp\u00e9rience de vapotage plus stable et une dur\u00e9e de vie prolong\u00e9e du produit, vous permettant de b\u00e9n\u00e9ficier \u00e0 long terme d'une haute efficacit\u00e9 et d'un fonctionnement fluide.<\/p>\n<p data-start=\"919\" data-end=\"1407\" data-is-last-node=\"\">3.Le Vozol GEAR POWER 20k offre deux modes de puissance diff\u00e9rents, vous permettant de r\u00e9pondre de mani\u00e8re flexible \u00e0 vos besoins. Que vous pr\u00e9f\u00e9riez une dur\u00e9e d'utilisation plus longue ou une exp\u00e9rience de vapeur plus intense, l'appareil r\u00e9pond parfaitement \u00e0 ces deux exigences. En mode \u00e9conomie d'\u00e9nergie, jusqu'\u00e0 20 000 bouff\u00e9es sont possibles, tandis que le mode puissance offre des nuages plus denses et un go\u00fbt plus intense. Ainsi, l'appareil combine une performance puissante avec une capacit\u00e9 de batterie durable de mani\u00e8re id\u00e9ale.<\/p>","protected":false},"excerpt":{"rendered":"<p>Vozol Gear Power 20000 Puffs Strawberry Watermelon : La douce tentation de la fraise rencontre la jutosit\u00e9 rafra\u00eechissante de la past\u00e8que Vozol Gear Power 20000 Puffs Strawberry Watermelon unit parfaitement la fraise juteuse et sucr\u00e9e avec la past\u00e8que rafra\u00eechissante et sucr\u00e9e. Chaque bouff\u00e9e d\u00e9ploie un agr\u00e9able ar\u00f4me fruit\u00e9, offrant une exp\u00e9rience gustative fra\u00eeche et vivifiante \u2013 comme si l'on \u00e9tait dans un [\u2026]<\/p>","protected":false},"featured_media":3582,"comment_status":"open","ping_status":"closed","template":"","meta":[],"product_brand":[],"product_cat":[68,17,184],"product_tag":[60,131,21,23,73,26,37,28,32],"class_list":{"0":"post-3537","1":"product","2":"type-product","3":"status-publish","4":"has-post-thumbnail","6":"product_cat-20000-puff","7":"product_cat-vape","8":"product_cat-vozol-gear-power-20000-puffs","9":"product_tag-20ml","10":"product_tag-650mah","11":"product_tag-adjustable-airflow","12":"product_tag-display","13":"product_tag-dual-mesh","14":"product_tag-rechargeable","15":"product_tag-strawberry","16":"product_tag-type-c","17":"product_tag-watermelon","19":"first","20":"instock","21":"sale","22":"shipping-taxable","23":"purchasable","24":"product-type-variable","25":"has-default-attributes"},"yoast_head":"<!-- This site is optimized with the Yoast SEO plugin v26.8 - https:\/\/yoast.com\/product\/yoast-seo-wordpress\/ -->\n<title>Vozol Gear Power 20000 Puffs-Strawberry Watermelon - Fumot Official Direct | Straight from the Factory, 100% Genuine<\/title>\n<meta name=\"robots\" content=\"index, follow, max-snippet:-1, max-image-preview:large, max-video-preview:-1\" \/>\n<link rel=\"canonical\" href=\"https:\/\/fumot.uk\/fr\/product\/vozol-gear-power-20000-puffs-strawberry-watermelon\/\" \/>\n<meta property=\"og:locale\" content=\"fr_FR\" \/>\n<meta property=\"og:type\" content=\"article\" \/>\n<meta property=\"og:title\" content=\"Vozol Gear Power 20000 Puffs-Strawberry Watermelon - Fumot Official Direct | Straight from the Factory, 100% Genuine\" \/>\n<meta property=\"og:description\" content=\"Vozol Gear Power 20000 Puffs Strawberry Watermelon: Die s\u00fc\u00dfe Verlockung der Erdbeere trifft auf die erfrischende Saftigkeit der Wassermelone Vozol Gear Power 20000 Puffs Strawberry Watermelon vereint die saftig-s\u00fc\u00dfe Erdbeere perfekt mit der erfrischend s\u00fc\u00dfen Wassermelone. Jeder Zug entfaltet ein angenehmes Fruchtaroma, das eine frische und belebende Geschmackserfahrung bietet \u2013 als w\u00e4re man in einem [&hellip;]\" \/>\n<meta property=\"og:url\" content=\"https:\/\/fumot.uk\/fr\/product\/vozol-gear-power-20000-puffs-strawberry-watermelon\/\" \/>\n<meta property=\"og:site_name\" content=\"Fumot Official Direct | Straight from the Factory, 100% Genuine\" \/>\n<meta property=\"article:modified_time\" content=\"2026-01-20T10:15:05+00:00\" \/>\n<meta property=\"og:image\" content=\"https:\/\/fumot.uk\/wp-content\/uploads\/2026\/01\/Vozol-Gear-Power-20000-Puffs-Strawberry-Watermelon-Disposable-Vape.png\" \/>\n\t<meta property=\"og:image:width\" content=\"1000\" \/>\n\t<meta property=\"og:image:height\" content=\"1000\" \/>\n\t<meta property=\"og:image:type\" content=\"image\/png\" \/>\n<meta name=\"twitter:card\" content=\"summary_large_image\" \/>\n<meta name=\"twitter:label1\" content=\"Dur\u00e9e de lecture estim\u00e9e\" \/>\n\t<meta name=\"twitter:data1\" content=\"3 minutes\" \/>\n<script type=\"application\/ld+json\" class=\"yoast-schema-graph\">{\"@context\":\"https:\/\/schema.org\",\"@graph\":[{\"@type\":\"WebPage\",\"@id\":\"https:\/\/fumot.uk\/product\/vozol-gear-power-20000-puffs-strawberry-watermelon\/\",\"url\":\"https:\/\/fumot.uk\/product\/vozol-gear-power-20000-puffs-strawberry-watermelon\/\",\"name\":\"Vozol Gear Power 20000 Puffs-Strawberry Watermelon - Fumot Official Direct | Straight from the Factory, 100% Genuine\",\"isPartOf\":{\"@id\":\"https:\/\/fumot.uk\/#website\"},\"primaryImageOfPage\":{\"@id\":\"https:\/\/fumot.uk\/product\/vozol-gear-power-20000-puffs-strawberry-watermelon\/#primaryimage\"},\"image\":{\"@id\":\"https:\/\/fumot.uk\/product\/vozol-gear-power-20000-puffs-strawberry-watermelon\/#primaryimage\"},\"thumbnailUrl\":\"https:\/\/fumot.uk\/wp-content\/uploads\/2026\/01\/Vozol-Gear-Power-20000-Puffs-Strawberry-Watermelon-Disposable-Vape.png\",\"datePublished\":\"2026-01-20T10:13:24+00:00\",\"dateModified\":\"2026-01-20T10:15:05+00:00\",\"breadcrumb\":{\"@id\":\"https:\/\/fumot.uk\/product\/vozol-gear-power-20000-puffs-strawberry-watermelon\/#breadcrumb\"},\"inLanguage\":\"fr-FR\",\"potentialAction\":[{\"@type\":\"ReadAction\",\"target\":[\"https:\/\/fumot.uk\/product\/vozol-gear-power-20000-puffs-strawberry-watermelon\/\"]}]},{\"@type\":\"ImageObject\",\"inLanguage\":\"fr-FR\",\"@id\":\"https:\/\/fumot.uk\/product\/vozol-gear-power-20000-puffs-strawberry-watermelon\/#primaryimage\",\"url\":\"https:\/\/fumot.uk\/wp-content\/uploads\/2026\/01\/Vozol-Gear-Power-20000-Puffs-Strawberry-Watermelon-Disposable-Vape.png\",\"contentUrl\":\"https:\/\/fumot.uk\/wp-content\/uploads\/2026\/01\/Vozol-Gear-Power-20000-Puffs-Strawberry-Watermelon-Disposable-Vape.png\",\"width\":1000,\"height\":1000},{\"@type\":\"BreadcrumbList\",\"@id\":\"https:\/\/fumot.uk\/product\/vozol-gear-power-20000-puffs-strawberry-watermelon\/#breadcrumb\",\"itemListElement\":[{\"@type\":\"ListItem\",\"position\":1,\"name\":\"Home\",\"item\":\"https:\/\/fumot.uk\/\"},{\"@type\":\"ListItem\",\"position\":2,\"name\":\"Shop\",\"item\":\"https:\/\/fumot.uk\/shop\/\"},{\"@type\":\"ListItem\",\"position\":3,\"name\":\"Vozol Gear Power 20000 Puffs-Strawberry Watermelon\"}]},{\"@type\":\"WebSite\",\"@id\":\"https:\/\/fumot.uk\/#website\",\"url\":\"https:\/\/fumot.uk\/\",\"name\":\"Fumot Official Direct | Straight from the Factory, 100% Genuine\",\"description\":\"Official Website\",\"publisher\":{\"@id\":\"https:\/\/fumot.uk\/#organization\"},\"potentialAction\":[{\"@type\":\"SearchAction\",\"target\":{\"@type\":\"EntryPoint\",\"urlTemplate\":\"https:\/\/fumot.uk\/?s={search_term_string}\"},\"query-input\":{\"@type\":\"PropertyValueSpecification\",\"valueRequired\":true,\"valueName\":\"search_term_string\"}}],\"inLanguage\":\"fr-FR\"},{\"@type\":\"Organization\",\"@id\":\"https:\/\/fumot.uk\/#organization\",\"name\":\"Fumot Official Direct | Straight from the Factory, 100% Genuine\",\"url\":\"https:\/\/fumot.uk\/\",\"logo\":{\"@type\":\"ImageObject\",\"inLanguage\":\"fr-FR\",\"@id\":\"https:\/\/fumot.uk\/#\/schema\/logo\/image\/\",\"url\":\"https:\/\/fumot.uk\/wp-content\/uploads\/2026\/01\/cropped-fumot-logo1.png\",\"contentUrl\":\"https:\/\/fumot.uk\/wp-content\/uploads\/2026\/01\/cropped-fumot-logo1.png\",\"width\":152,\"height\":106,\"caption\":\"Fumot Official Direct | Straight from the Factory, 100% Genuine\"},\"image\":{\"@id\":\"https:\/\/fumot.uk\/#\/schema\/logo\/image\/\"}}]}<\/script>\n<!-- \/ Yoast SEO plugin. -->","yoast_head_json":{"title":"Vozol Gear Power 20000 Puffs-Fraise Past\u00e8que - Fumot Official Direct | Directement de l'usine, 100% Authentique","robots":{"index":"index","follow":"follow","max-snippet":"max-snippet:-1","max-image-preview":"max-image-preview:large","max-video-preview":"max-video-preview:-1"},"canonical":"https:\/\/fumot.uk\/fr\/product\/vozol-gear-power-20000-puffs-strawberry-watermelon\/","og_locale":"fr_FR","og_type":"article","og_title":"Vozol Gear Power 20000 Puffs-Strawberry Watermelon - Fumot Official Direct | Straight from the Factory, 100% Genuine","og_description":"Vozol Gear Power 20000 Puffs Strawberry Watermelon: Die s\u00fc\u00dfe Verlockung der Erdbeere trifft auf die erfrischende Saftigkeit der Wassermelone Vozol Gear Power 20000 Puffs Strawberry Watermelon vereint die saftig-s\u00fc\u00dfe Erdbeere perfekt mit der erfrischend s\u00fc\u00dfen Wassermelone. Jeder Zug entfaltet ein angenehmes Fruchtaroma, das eine frische und belebende Geschmackserfahrung bietet \u2013 als w\u00e4re man in einem [&hellip;]","og_url":"https:\/\/fumot.uk\/fr\/product\/vozol-gear-power-20000-puffs-strawberry-watermelon\/","og_site_name":"Fumot Official Direct | Straight from the Factory, 100% Genuine","article_modified_time":"2026-01-20T10:15:05+00:00","og_image":[{"width":1000,"height":1000,"url":"https:\/\/fumot.uk\/wp-content\/uploads\/2026\/01\/Vozol-Gear-Power-20000-Puffs-Strawberry-Watermelon-Disposable-Vape.png","type":"image\/png"}],"twitter_card":"summary_large_image","twitter_misc":{"Dur\u00e9e de lecture estim\u00e9e":"3 minutes"},"schema":{"@context":"https:\/\/schema.org","@graph":[{"@type":"WebPage","@id":"https:\/\/fumot.uk\/product\/vozol-gear-power-20000-puffs-strawberry-watermelon\/","url":"https:\/\/fumot.uk\/product\/vozol-gear-power-20000-puffs-strawberry-watermelon\/","name":"Vozol Gear Power 20000 Puffs-Fraise Past\u00e8que - Fumot Official Direct | Directement de l'usine, 100% Authentique","isPartOf":{"@id":"https:\/\/fumot.uk\/#website"},"primaryImageOfPage":{"@id":"https:\/\/fumot.uk\/product\/vozol-gear-power-20000-puffs-strawberry-watermelon\/#primaryimage"},"image":{"@id":"https:\/\/fumot.uk\/product\/vozol-gear-power-20000-puffs-strawberry-watermelon\/#primaryimage"},"thumbnailUrl":"https:\/\/fumot.uk\/wp-content\/uploads\/2026\/01\/Vozol-Gear-Power-20000-Puffs-Strawberry-Watermelon-Disposable-Vape.png","datePublished":"2026-01-20T10:13:24+00:00","dateModified":"2026-01-20T10:15:05+00:00","breadcrumb":{"@id":"https:\/\/fumot.uk\/product\/vozol-gear-power-20000-puffs-strawberry-watermelon\/#breadcrumb"},"inLanguage":"fr-FR","potentialAction":[{"@type":"ReadAction","target":["https:\/\/fumot.uk\/product\/vozol-gear-power-20000-puffs-strawberry-watermelon\/"]}]},{"@type":"ImageObject","inLanguage":"fr-FR","@id":"https:\/\/fumot.uk\/product\/vozol-gear-power-20000-puffs-strawberry-watermelon\/#primaryimage","url":"https:\/\/fumot.uk\/wp-content\/uploads\/2026\/01\/Vozol-Gear-Power-20000-Puffs-Strawberry-Watermelon-Disposable-Vape.png","contentUrl":"https:\/\/fumot.uk\/wp-content\/uploads\/2026\/01\/Vozol-Gear-Power-20000-Puffs-Strawberry-Watermelon-Disposable-Vape.png","width":1000,"height":1000},{"@type":"BreadcrumbList","@id":"https:\/\/fumot.uk\/product\/vozol-gear-power-20000-puffs-strawberry-watermelon\/#breadcrumb","itemListElement":[{"@type":"ListItem","position":1,"name":"Home","item":"https:\/\/fumot.uk\/"},{"@type":"ListItem","position":2,"name":"Shop","item":"https:\/\/fumot.uk\/shop\/"},{"@type":"ListItem","position":3,"name":"Vozol Gear Power 20000 Puffs-Strawberry Watermelon"}]},{"@type":"WebSite","@id":"https:\/\/fumot.uk\/#website","url":"https:\/\/fumot.uk\/","name":"Fumot Official Direct | Directement de l'usine, 100% Authentique","description":"Site officiel","publisher":{"@id":"https:\/\/fumot.uk\/#organization"},"potentialAction":[{"@type":"SearchAction","target":{"@type":"EntryPoint","urlTemplate":"https:\/\/fumot.uk\/?s={search_term_string}"},"query-input":{"@type":"PropertyValueSpecification","valueRequired":true,"valueName":"search_term_string"}}],"inLanguage":"fr-FR"},{"@type":"Organization","@id":"https:\/\/fumot.uk\/#organization","name":"Fumot Official Direct | Directement de l'usine, 100% Authentique","url":"https:\/\/fumot.uk\/","logo":{"@type":"ImageObject","inLanguage":"fr-FR","@id":"https:\/\/fumot.uk\/#\/schema\/logo\/image\/","url":"https:\/\/fumot.uk\/wp-content\/uploads\/2026\/01\/cropped-fumot-logo1.png","contentUrl":"https:\/\/fumot.uk\/wp-content\/uploads\/2026\/01\/cropped-fumot-logo1.png","width":152,"height":106,"caption":"Fumot Official Direct | Straight from the Factory, 100% Genuine"},"image":{"@id":"https:\/\/fumot.uk\/#\/schema\/logo\/image\/"}}]}},"_links":{"self":[{"href":"https:\/\/fumot.uk\/fr\/wp-json\/wp\/v2\/product\/3537","targetHints":{"allow":["GET"]}}],"collection":[{"href":"https:\/\/fumot.uk\/fr\/wp-json\/wp\/v2\/product"}],"about":[{"href":"https:\/\/fumot.uk\/fr\/wp-json\/wp\/v2\/types\/product"}],"replies":[{"embeddable":true,"href":"https:\/\/fumot.uk\/fr\/wp-json\/wp\/v2\/comments?post=3537"}],"wp:featuredmedia":[{"embeddable":true,"href":"https:\/\/fumot.uk\/fr\/wp-json\/wp\/v2\/media\/3582"}],"wp:attachment":[{"href":"https:\/\/fumot.uk\/fr\/wp-json\/wp\/v2\/media?parent=3537"}],"wp:term":[{"taxonomy":"product_brand","embeddable":true,"href":"https:\/\/fumot.uk\/fr\/wp-json\/wp\/v2\/product_brand?post=3537"},{"taxonomy":"product_cat","embeddable":true,"href":"https:\/\/fumot.uk\/fr\/wp-json\/wp\/v2\/product_cat?post=3537"},{"taxonomy":"product_tag","embeddable":true,"href":"https:\/\/fumot.uk\/fr\/wp-json\/wp\/v2\/product_tag?post=3537"}],"curies":[{"name":"wp","href":"https:\/\/api.w.org\/{rel}","templated":true}]}}