{"id":3529,"date":"2026-01-20T10:13:22","date_gmt":"2026-01-20T10:13:22","guid":{"rendered":"https:\/\/fumot.uk\/?post_type=product&#038;p=3529"},"modified":"2026-01-21T01:49:52","modified_gmt":"2026-01-21T01:49:52","slug":"vozol-gear-power-20000-puffs-lemon-lime","status":"publish","type":"product","link":"https:\/\/fumot.uk\/fr\/product\/vozol-gear-power-20000-puffs-lemon-lime\/","title":{"rendered":"Vozol Gear Power 20000 Bouff\u00e9es Vape Jetable Citron Citron Vert (20ml, 5% Nicotine, Double Maille, Affichage)"},"content":{"rendered":"<h2>Vozol Gear Power 20000 Puffs \u2013 Citron Lime<\/h2>\n<p>Apportez une touche d'agrumes croquante \u00e0 votre journ\u00e9e avec <strong>Vozol Gear Power 20000 Puffs Citron Lime<\/strong>. Cette saveur m\u00e9lange <strong>\u00e9clat vif de citron<\/strong> avec <strong>fra\u00eecheur de lime zest\u00e9e<\/strong> pour une vape propre et vive qui reste rafra\u00eechissante de la premi\u00e8re bouff\u00e9e \u00e0 la derni\u00e8re. Une finition douce et rafra\u00eechissante ajoute une sensation de \u201c fra\u00eechement press\u00e9 \u201d\u2014parfait lorsque vous voulez quelque chose de l\u00e9ger, vif et stimulant.<\/p>\n<h3>Profil de saveur : Citron + Lime, Propre &amp; Rafra\u00eechissant<\/h3>\n<ul>\n<li><strong>Notes de t\u00eate :<\/strong> \u00e9clat vif de citron<\/li>\n<li><strong>Notes de milieu :<\/strong> zeste de lime juteux<\/li>\n<li><strong>Finition :<\/strong> arri\u00e8re-go\u00fbt doux et l\u00e9g\u00e8rement frais<\/li>\n<\/ul>\n<h3>Caract\u00e9ristiques cl\u00e9s<\/h3>\n<ul>\n<li><strong>Bouff\u00e9es :<\/strong> Jusqu'\u00e0 20000 bouff\u00e9es<\/li>\n<li><strong>Force de nicotine :<\/strong> 5%<\/li>\n<li><strong>Capacit\u00e9 de e-liquide :<\/strong> 20ml (pr\u00e9-rempli)<\/li>\n<li><strong>R\u00e9sistance :<\/strong> Bobines \u00e0 double maillage<\/li>\n<li><strong>Affichage :<\/strong> Affichage plein \u00e9cran<\/li>\n<li><strong>Technologie :<\/strong> Technologie S.i.L.C.<\/li>\n<\/ul>\n<h3>Pourquoi choisir Vozol Gear Power 20000 ?<\/h3>\n<ol>\n<li><strong>Performance \u00e0 double maille :<\/strong> Le design \u00e0 double maille de la bobine supporte un chauffage plus uniforme pour une saveur constante et une vapeur satisfaisante.<\/li>\n<li><strong>Visibilit\u00e9 plein \u00e9cran :<\/strong> V\u00e9rifiez facilement les informations cl\u00e9s d'utilisation en un coup d'\u0153il, vous aidant \u00e0 rester pr\u00eat pendant que vous vapez.<\/li>\n<li><strong>Commodit\u00e9 durable :<\/strong> Une grande <strong>20ml<\/strong> capacit\u00e9 pr\u00e9-remplie et <strong>5% nicotine<\/strong> en font une option solide pour les utilisateurs qui pr\u00e9f\u00e8rent moins d'interruptions.<\/li>\n<\/ol>\n<h3>Explorez plus sur fumot.uk<\/h3>\n<p>Vous recherchez d'autres options \u00e0 grande capacit\u00e9 ? Parcourez notre collection de <a href=\"https:\/\/fumot.uk\/fr\/product-tag\/20ml\/\">vapes de 20ml<\/a> et d\u00e9couvrez plus de saveurs qui correspondent \u00e0 votre style.<\/p>\n<p><strong>Cat\u00e9gorie :<\/strong> 20000 bouff\u00e9es \/ Cigarette \u00e9lectronique jetable \/ Vozol Gear Power 20000 Puffs<\/p>\n<p><strong>Tags :<\/strong> 20ml, 650mah, Flux d'air r\u00e9glable, \u00c9cran, Double maille, Citron et Lime, rechargeable, Type-c<\/p>","protected":false},"excerpt":{"rendered":"<p>Une vape jetable Citron Vert lumineuse et zest\u00e9e avec une finition l\u00e9g\u00e8rement fra\u00eeche. Vozol Gear Power offre jusqu'\u00e0 20000 bouff\u00e9es avec 20ml d'e-liquide pr\u00e9-rempli, 5% de nicotine, des bobines Dual Mesh, et un \u00e9cran plein.<\/p>","protected":false},"featured_media":3558,"comment_status":"open","ping_status":"closed","template":"","meta":[],"product_brand":[],"product_cat":[68,17,184],"product_tag":[60,131,21,23,73,67,26,28],"class_list":{"0":"post-3529","1":"product","2":"type-product","3":"status-publish","4":"has-post-thumbnail","6":"product_cat-20000-puff","7":"product_cat-vape","8":"product_cat-vozol-gear-power-20000-puffs","9":"product_tag-20ml","10":"product_tag-650mah","11":"product_tag-adjustable-airflow","12":"product_tag-display","13":"product_tag-dual-mesh","14":"product_tag-lemon-and-lime","15":"product_tag-rechargeable","16":"product_tag-type-c","18":"first","19":"instock","20":"sale","21":"shipping-taxable","22":"purchasable","23":"product-type-variable","24":"has-default-attributes"},"yoast_head":"<!-- This site is optimized with the Yoast SEO plugin v26.8 - https:\/\/yoast.com\/product\/yoast-seo-wordpress\/ -->\n<title>Vozol Gear Power 20000 Puffs Lemon Lime | 20ml 5%<\/title>\n<meta name=\"description\" content=\"Vozol Gear Power Lemon Lime: up to 20000 puffs, 20ml pre-filled e-liquid, 5% nicotine, Dual Mesh coils and full-screen display. Fresh citrus taste.\" \/>\n<meta name=\"robots\" content=\"index, follow, max-snippet:-1, max-image-preview:large, max-video-preview:-1\" \/>\n<link rel=\"canonical\" href=\"https:\/\/fumot.uk\/fr\/product\/vozol-gear-power-20000-puffs-lemon-lime\/\" \/>\n<meta property=\"og:locale\" content=\"fr_FR\" \/>\n<meta property=\"og:type\" content=\"article\" \/>\n<meta property=\"og:title\" content=\"Vozol Gear Power 20000 Puffs \u2013 Lemon Lime\" \/>\n<meta property=\"og:description\" content=\"Crisp lemon tang meets zesty lime with a lightly cool finish. Up to 20000 puffs, 20ml pre-filled, 5% nicotine, Dual Mesh coils, full-screen display.\" \/>\n<meta property=\"og:url\" content=\"https:\/\/fumot.uk\/fr\/product\/vozol-gear-power-20000-puffs-lemon-lime\/\" \/>\n<meta property=\"og:site_name\" content=\"Fumot Official Direct | Straight from the Factory, 100% Genuine\" \/>\n<meta property=\"article:modified_time\" content=\"2026-01-21T01:49:52+00:00\" \/>\n<meta property=\"og:image\" content=\"https:\/\/fumot.uk\/wp-content\/uploads\/2026\/01\/Vozol-Gear-Power-20000-Puffs-Lemon-Lime-Disposable-Vape.png\" \/>\n\t<meta property=\"og:image:width\" content=\"1000\" \/>\n\t<meta property=\"og:image:height\" content=\"1000\" \/>\n\t<meta property=\"og:image:type\" content=\"image\/png\" \/>\n<meta name=\"twitter:card\" content=\"summary_large_image\" \/>\n<meta name=\"twitter:label1\" content=\"Dur\u00e9e de lecture estim\u00e9e\" \/>\n\t<meta name=\"twitter:data1\" content=\"2 minutes\" \/>\n<script type=\"application\/ld+json\" class=\"yoast-schema-graph\">{\"@context\":\"https:\/\/schema.org\",\"@graph\":[{\"@type\":\"WebPage\",\"@id\":\"https:\/\/fumot.uk\/product\/vozol-gear-power-20000-puffs-lemon-lime\/\",\"url\":\"https:\/\/fumot.uk\/product\/vozol-gear-power-20000-puffs-lemon-lime\/\",\"name\":\"Vozol Gear Power 20000 Puffs Lemon Lime | 20ml 5%\",\"isPartOf\":{\"@id\":\"https:\/\/fumot.uk\/#website\"},\"primaryImageOfPage\":{\"@id\":\"https:\/\/fumot.uk\/product\/vozol-gear-power-20000-puffs-lemon-lime\/#primaryimage\"},\"image\":{\"@id\":\"https:\/\/fumot.uk\/product\/vozol-gear-power-20000-puffs-lemon-lime\/#primaryimage\"},\"thumbnailUrl\":\"https:\/\/fumot.uk\/wp-content\/uploads\/2026\/01\/Vozol-Gear-Power-20000-Puffs-Lemon-Lime-Disposable-Vape.png\",\"datePublished\":\"2026-01-20T10:13:22+00:00\",\"dateModified\":\"2026-01-21T01:49:52+00:00\",\"description\":\"Vozol Gear Power Lemon Lime: up to 20000 puffs, 20ml pre-filled e-liquid, 5% nicotine, Dual Mesh coils and full-screen display. Fresh citrus taste.\",\"breadcrumb\":{\"@id\":\"https:\/\/fumot.uk\/product\/vozol-gear-power-20000-puffs-lemon-lime\/#breadcrumb\"},\"inLanguage\":\"fr-FR\",\"potentialAction\":[{\"@type\":\"ReadAction\",\"target\":[\"https:\/\/fumot.uk\/product\/vozol-gear-power-20000-puffs-lemon-lime\/\"]}]},{\"@type\":\"ImageObject\",\"inLanguage\":\"fr-FR\",\"@id\":\"https:\/\/fumot.uk\/product\/vozol-gear-power-20000-puffs-lemon-lime\/#primaryimage\",\"url\":\"https:\/\/fumot.uk\/wp-content\/uploads\/2026\/01\/Vozol-Gear-Power-20000-Puffs-Lemon-Lime-Disposable-Vape.png\",\"contentUrl\":\"https:\/\/fumot.uk\/wp-content\/uploads\/2026\/01\/Vozol-Gear-Power-20000-Puffs-Lemon-Lime-Disposable-Vape.png\",\"width\":1000,\"height\":1000},{\"@type\":\"BreadcrumbList\",\"@id\":\"https:\/\/fumot.uk\/product\/vozol-gear-power-20000-puffs-lemon-lime\/#breadcrumb\",\"itemListElement\":[{\"@type\":\"ListItem\",\"position\":1,\"name\":\"Home\",\"item\":\"https:\/\/fumot.uk\/\"},{\"@type\":\"ListItem\",\"position\":2,\"name\":\"Shop\",\"item\":\"https:\/\/fumot.uk\/shop\/\"},{\"@type\":\"ListItem\",\"position\":3,\"name\":\"Vozol Gear Power 20000 Puffs Lemon Lime Disposable Vape (20ml, 5% Nicotine, Dual Mesh, Display)\"}]},{\"@type\":\"WebSite\",\"@id\":\"https:\/\/fumot.uk\/#website\",\"url\":\"https:\/\/fumot.uk\/\",\"name\":\"Fumot Official Direct | Straight from the Factory, 100% Genuine\",\"description\":\"Official Website\",\"publisher\":{\"@id\":\"https:\/\/fumot.uk\/#organization\"},\"potentialAction\":[{\"@type\":\"SearchAction\",\"target\":{\"@type\":\"EntryPoint\",\"urlTemplate\":\"https:\/\/fumot.uk\/?s={search_term_string}\"},\"query-input\":{\"@type\":\"PropertyValueSpecification\",\"valueRequired\":true,\"valueName\":\"search_term_string\"}}],\"inLanguage\":\"fr-FR\"},{\"@type\":\"Organization\",\"@id\":\"https:\/\/fumot.uk\/#organization\",\"name\":\"Fumot Official Direct | Straight from the Factory, 100% Genuine\",\"url\":\"https:\/\/fumot.uk\/\",\"logo\":{\"@type\":\"ImageObject\",\"inLanguage\":\"fr-FR\",\"@id\":\"https:\/\/fumot.uk\/#\/schema\/logo\/image\/\",\"url\":\"https:\/\/fumot.uk\/wp-content\/uploads\/2026\/01\/cropped-fumot-logo1.png\",\"contentUrl\":\"https:\/\/fumot.uk\/wp-content\/uploads\/2026\/01\/cropped-fumot-logo1.png\",\"width\":152,\"height\":106,\"caption\":\"Fumot Official Direct | Straight from the Factory, 100% Genuine\"},\"image\":{\"@id\":\"https:\/\/fumot.uk\/#\/schema\/logo\/image\/\"}}]}<\/script>\n<!-- \/ Yoast SEO plugin. -->","yoast_head_json":{"title":"Vozol Gear Power 20000 Puffs Citron Vert | 20ml 5%","description":"Vozol Gear Power Lemon Lime : jusqu'\u00e0 20000 bouff\u00e9es, 20ml d'e-liquide pr\u00e9-rempli, 5% de nicotine, bobines Dual Mesh et \u00e9cran plein. Go\u00fbt frais d'agrumes.","robots":{"index":"index","follow":"follow","max-snippet":"max-snippet:-1","max-image-preview":"max-image-preview:large","max-video-preview":"max-video-preview:-1"},"canonical":"https:\/\/fumot.uk\/fr\/product\/vozol-gear-power-20000-puffs-lemon-lime\/","og_locale":"fr_FR","og_type":"article","og_title":"Vozol Gear Power 20000 Puffs \u2013 Lemon Lime","og_description":"Crisp lemon tang meets zesty lime with a lightly cool finish. Up to 20000 puffs, 20ml pre-filled, 5% nicotine, Dual Mesh coils, full-screen display.","og_url":"https:\/\/fumot.uk\/fr\/product\/vozol-gear-power-20000-puffs-lemon-lime\/","og_site_name":"Fumot Official Direct | Straight from the Factory, 100% Genuine","article_modified_time":"2026-01-21T01:49:52+00:00","og_image":[{"width":1000,"height":1000,"url":"https:\/\/fumot.uk\/wp-content\/uploads\/2026\/01\/Vozol-Gear-Power-20000-Puffs-Lemon-Lime-Disposable-Vape.png","type":"image\/png"}],"twitter_card":"summary_large_image","twitter_misc":{"Dur\u00e9e de lecture estim\u00e9e":"2 minutes"},"schema":{"@context":"https:\/\/schema.org","@graph":[{"@type":"WebPage","@id":"https:\/\/fumot.uk\/product\/vozol-gear-power-20000-puffs-lemon-lime\/","url":"https:\/\/fumot.uk\/product\/vozol-gear-power-20000-puffs-lemon-lime\/","name":"Vozol Gear Power 20000 Puffs Citron Vert | 20ml 5%","isPartOf":{"@id":"https:\/\/fumot.uk\/#website"},"primaryImageOfPage":{"@id":"https:\/\/fumot.uk\/product\/vozol-gear-power-20000-puffs-lemon-lime\/#primaryimage"},"image":{"@id":"https:\/\/fumot.uk\/product\/vozol-gear-power-20000-puffs-lemon-lime\/#primaryimage"},"thumbnailUrl":"https:\/\/fumot.uk\/wp-content\/uploads\/2026\/01\/Vozol-Gear-Power-20000-Puffs-Lemon-Lime-Disposable-Vape.png","datePublished":"2026-01-20T10:13:22+00:00","dateModified":"2026-01-21T01:49:52+00:00","description":"Vozol Gear Power Lemon Lime : jusqu'\u00e0 20000 bouff\u00e9es, 20ml d'e-liquide pr\u00e9-rempli, 5% de nicotine, bobines Dual Mesh et \u00e9cran plein. Go\u00fbt frais d'agrumes.","breadcrumb":{"@id":"https:\/\/fumot.uk\/product\/vozol-gear-power-20000-puffs-lemon-lime\/#breadcrumb"},"inLanguage":"fr-FR","potentialAction":[{"@type":"ReadAction","target":["https:\/\/fumot.uk\/product\/vozol-gear-power-20000-puffs-lemon-lime\/"]}]},{"@type":"ImageObject","inLanguage":"fr-FR","@id":"https:\/\/fumot.uk\/product\/vozol-gear-power-20000-puffs-lemon-lime\/#primaryimage","url":"https:\/\/fumot.uk\/wp-content\/uploads\/2026\/01\/Vozol-Gear-Power-20000-Puffs-Lemon-Lime-Disposable-Vape.png","contentUrl":"https:\/\/fumot.uk\/wp-content\/uploads\/2026\/01\/Vozol-Gear-Power-20000-Puffs-Lemon-Lime-Disposable-Vape.png","width":1000,"height":1000},{"@type":"BreadcrumbList","@id":"https:\/\/fumot.uk\/product\/vozol-gear-power-20000-puffs-lemon-lime\/#breadcrumb","itemListElement":[{"@type":"ListItem","position":1,"name":"Home","item":"https:\/\/fumot.uk\/"},{"@type":"ListItem","position":2,"name":"Shop","item":"https:\/\/fumot.uk\/shop\/"},{"@type":"ListItem","position":3,"name":"Vozol Gear Power 20000 Puffs Lemon Lime Disposable Vape (20ml, 5% Nicotine, Dual Mesh, Display)"}]},{"@type":"WebSite","@id":"https:\/\/fumot.uk\/#website","url":"https:\/\/fumot.uk\/","name":"Fumot Official Direct | Directement de l'usine, 100% Authentique","description":"Site officiel","publisher":{"@id":"https:\/\/fumot.uk\/#organization"},"potentialAction":[{"@type":"SearchAction","target":{"@type":"EntryPoint","urlTemplate":"https:\/\/fumot.uk\/?s={search_term_string}"},"query-input":{"@type":"PropertyValueSpecification","valueRequired":true,"valueName":"search_term_string"}}],"inLanguage":"fr-FR"},{"@type":"Organization","@id":"https:\/\/fumot.uk\/#organization","name":"Fumot Official Direct | Directement de l'usine, 100% Authentique","url":"https:\/\/fumot.uk\/","logo":{"@type":"ImageObject","inLanguage":"fr-FR","@id":"https:\/\/fumot.uk\/#\/schema\/logo\/image\/","url":"https:\/\/fumot.uk\/wp-content\/uploads\/2026\/01\/cropped-fumot-logo1.png","contentUrl":"https:\/\/fumot.uk\/wp-content\/uploads\/2026\/01\/cropped-fumot-logo1.png","width":152,"height":106,"caption":"Fumot Official Direct | Straight from the Factory, 100% Genuine"},"image":{"@id":"https:\/\/fumot.uk\/#\/schema\/logo\/image\/"}}]}},"_links":{"self":[{"href":"https:\/\/fumot.uk\/fr\/wp-json\/wp\/v2\/product\/3529","targetHints":{"allow":["GET"]}}],"collection":[{"href":"https:\/\/fumot.uk\/fr\/wp-json\/wp\/v2\/product"}],"about":[{"href":"https:\/\/fumot.uk\/fr\/wp-json\/wp\/v2\/types\/product"}],"replies":[{"embeddable":true,"href":"https:\/\/fumot.uk\/fr\/wp-json\/wp\/v2\/comments?post=3529"}],"wp:featuredmedia":[{"embeddable":true,"href":"https:\/\/fumot.uk\/fr\/wp-json\/wp\/v2\/media\/3558"}],"wp:attachment":[{"href":"https:\/\/fumot.uk\/fr\/wp-json\/wp\/v2\/media?parent=3529"}],"wp:term":[{"taxonomy":"product_brand","embeddable":true,"href":"https:\/\/fumot.uk\/fr\/wp-json\/wp\/v2\/product_brand?post=3529"},{"taxonomy":"product_cat","embeddable":true,"href":"https:\/\/fumot.uk\/fr\/wp-json\/wp\/v2\/product_cat?post=3529"},{"taxonomy":"product_tag","embeddable":true,"href":"https:\/\/fumot.uk\/fr\/wp-json\/wp\/v2\/product_tag?post=3529"}],"curies":[{"name":"wp","href":"https:\/\/api.w.org\/{rel}","templated":true}]}}