{"id":3524,"date":"2026-01-20T10:13:21","date_gmt":"2026-01-20T10:13:21","guid":{"rendered":"https:\/\/fumot.uk\/?post_type=product&#038;p=3524"},"modified":"2026-01-21T01:52:05","modified_gmt":"2026-01-21T01:52:05","slug":"vozol-gear-power-20000-puffs-blue-razz-ice","status":"publish","type":"product","link":"https:\/\/fumot.uk\/fr\/product\/vozol-gear-power-20000-puffs-blue-razz-ice\/","title":{"rendered":"Vozol Gear Power 20000 Puffs Blue Razz Ice Vape Jetable 20ml 5% Nicotine"},"content":{"rendered":"<h2>Vozol Gear Power 20000 Puffs \u2013 Blue Razz Ice<\/h2>\n<p>Rencontrez <strong>Glace Blue Razz<\/strong> dans sa forme la plus rafra\u00eechissante : un m\u00e9lange \u00e9clatant de douceur de myrtille et de framboise acidul\u00e9e, termin\u00e9 par une expiration propre et rafra\u00eechissante. La saveur reste nette et \u00e9quilibr\u00e9e\u2014fruit\u00e9e \u00e0 l'inhalation, glac\u00e9e \u00e0 la fin\u2014ce qui en fait un choix facile toute la journ\u00e9e lorsque vous voulez quelque chose de audacieux mais pas \u00e9crasant.<\/p>\n<h3>Profil de saveur : Myrtille + Framboise + Glace<\/h3>\n<ul>\n<li><strong>Notes de t\u00eate :<\/strong> douceur juteuse de myrtille<\/li>\n<li><strong>Notes de milieu :<\/strong> piquant de bonbon \u00e0 la framboise<\/li>\n<li><strong>Finition :<\/strong> fra\u00eecheur glac\u00e9e rafra\u00eechissante qui soul\u00e8ve le fruit<\/li>\n<\/ul>\n<h3>Caract\u00e9ristiques cl\u00e9s<\/h3>\n<ul>\n<li><strong>Bouff\u00e9es :<\/strong> Jusqu'\u00e0 20000 bouff\u00e9es<\/li>\n<li><strong>Teneur en Nicotine :<\/strong> 5% (par attribut de produit)<\/li>\n<li><strong>850mAh (rechargeable)<\/strong> 20ml<\/li>\n<li><strong>R\u00e9sistance :<\/strong> Bobines \u00e0 double maillage<\/li>\n<li><strong>Affichage :<\/strong> Affichage plein \u00e9cran (batterie et utilisation d'un coup d'\u0153il)<\/li>\n<li><strong>Technologie :<\/strong> technologie S.i.L.C. pour une sortie douce et constante<\/li>\n<li><strong>Batterie :<\/strong> 650mAh rechargeable<\/li>\n<li><strong>Chargement :<\/strong> Type-C<\/li>\n<li><strong>Flux d'air :<\/strong> Flux d'air ajustable<\/li>\n<\/ul>\n<h3>Pourquoi choisir Vozol Gear Power 20K ?<\/h3>\n<ol>\n<li><strong>Saveur constante, vapeur r\u00e9guli\u00e8re :<\/strong> Les doubles bobines en mesh et la technologie S.i.L.C. aident \u00e0 offrir une inhalation douce et un go\u00fbt fiable du premier au dernier souffle.<\/li>\n<li><strong>Deux modes de puissance :<\/strong> Passez d'une inhalation style \u00e9conomie de batterie \u00e0 un coup plus fort et plus ax\u00e9 sur la saveur lorsque vous voulez une intensit\u00e9 suppl\u00e9mentaire.<\/li>\n<li><strong>Utilisation quotidienne plus intelligente :<\/strong> L'\u00e9cran complet vous tient inform\u00e9 de l'\u00e9tat de l'appareil, donc il y a moins de surprises en cours de session.<\/li>\n<\/ol>\n<p><strong>Explorez plus d'options durables :<\/strong> Parcourez notre <a href=\"https:\/\/fumot.uk\/fr\/product-category\/20000-puff\/\">vapes de 20000 bouff\u00e9es<\/a> sur fumot.uk.<\/p>\n<p><em>Remarque :<\/em> Le nombre de puffs peut varier en fonction de la longueur de l'aspiration et des habitudes d'utilisation.<\/p>","protected":false},"excerpt":{"rendered":"<p>Vozol Gear Power 20K en Blue Razz Ice offre une myrtille sucr\u00e9e + framboise acidul\u00e9e avec une finition glac\u00e9e nette. 20ml, 5% nic, double bobines en mesh, \u00e9cran plein, recharge Type-C.<\/p>","protected":false},"featured_media":3553,"comment_status":"open","ping_status":"closed","template":"","meta":[],"product_brand":[],"product_cat":[68,17,184],"product_tag":[60,131,21,22,23,73,29,26,28],"class_list":{"0":"post-3524","1":"product","2":"type-product","3":"status-publish","4":"has-post-thumbnail","6":"product_cat-20000-puff","7":"product_cat-vape","8":"product_cat-vozol-gear-power-20000-puffs","9":"product_tag-20ml","10":"product_tag-650mah","11":"product_tag-adjustable-airflow","12":"product_tag-blue-razz","13":"product_tag-display","14":"product_tag-dual-mesh","15":"product_tag-ice","16":"product_tag-rechargeable","17":"product_tag-type-c","19":"first","20":"instock","21":"sale","22":"shipping-taxable","23":"purchasable","24":"product-type-variable","25":"has-default-attributes"},"yoast_head":"<!-- This site is optimized with the Yoast SEO plugin v26.8 - https:\/\/yoast.com\/product\/yoast-seo-wordpress\/ -->\n<title>Vozol Gear Power 20000 Puffs Blue Razz Ice | 20ml 5%<\/title>\n<meta name=\"description\" content=\"Vozol Gear Power 20K Blue Razz Ice: blueberry-raspberry flavour with an icy finish. 20ml e-liquid, 5% nicotine, dual mesh coils, display, Type-C recharge.\" \/>\n<meta name=\"robots\" content=\"index, follow, max-snippet:-1, max-image-preview:large, max-video-preview:-1\" \/>\n<link rel=\"canonical\" href=\"https:\/\/fumot.uk\/fr\/product\/vozol-gear-power-20000-puffs-blue-razz-ice\/\" \/>\n<meta property=\"og:locale\" content=\"fr_FR\" \/>\n<meta property=\"og:type\" content=\"article\" \/>\n<meta property=\"og:title\" content=\"Vozol Gear Power 20K \u2013 Blue Razz Ice (20ml, 5%)\" \/>\n<meta property=\"og:description\" content=\"Sweet blueberry, tangy raspberry and a cool ice finish. Dual mesh coils, full-screen display, adjustable airflow and Type\u2011C charging\u2014shop at fumot.uk.\" \/>\n<meta property=\"og:url\" content=\"https:\/\/fumot.uk\/fr\/product\/vozol-gear-power-20000-puffs-blue-razz-ice\/\" \/>\n<meta property=\"og:site_name\" content=\"Fumot Official Direct | Straight from the Factory, 100% Genuine\" \/>\n<meta property=\"article:modified_time\" content=\"2026-01-21T01:52:05+00:00\" \/>\n<meta property=\"og:image\" content=\"https:\/\/fumot.uk\/wp-content\/uploads\/2026\/01\/Vozol-Gear-Power-20000-Puffs-Blue-Razz-Ice-Disposable-Vape.png\" \/>\n\t<meta property=\"og:image:width\" content=\"1000\" \/>\n\t<meta property=\"og:image:height\" content=\"1000\" \/>\n\t<meta property=\"og:image:type\" content=\"image\/png\" \/>\n<meta name=\"twitter:card\" content=\"summary_large_image\" \/>\n<meta name=\"twitter:label1\" content=\"Dur\u00e9e de lecture estim\u00e9e\" \/>\n\t<meta name=\"twitter:data1\" content=\"2 minutes\" \/>\n<script type=\"application\/ld+json\" class=\"yoast-schema-graph\">{\"@context\":\"https:\/\/schema.org\",\"@graph\":[{\"@type\":\"WebPage\",\"@id\":\"https:\/\/fumot.uk\/product\/vozol-gear-power-20000-puffs-blue-razz-ice\/\",\"url\":\"https:\/\/fumot.uk\/product\/vozol-gear-power-20000-puffs-blue-razz-ice\/\",\"name\":\"Vozol Gear Power 20000 Puffs Blue Razz Ice | 20ml 5%\",\"isPartOf\":{\"@id\":\"https:\/\/fumot.uk\/#website\"},\"primaryImageOfPage\":{\"@id\":\"https:\/\/fumot.uk\/product\/vozol-gear-power-20000-puffs-blue-razz-ice\/#primaryimage\"},\"image\":{\"@id\":\"https:\/\/fumot.uk\/product\/vozol-gear-power-20000-puffs-blue-razz-ice\/#primaryimage\"},\"thumbnailUrl\":\"https:\/\/fumot.uk\/wp-content\/uploads\/2026\/01\/Vozol-Gear-Power-20000-Puffs-Blue-Razz-Ice-Disposable-Vape.png\",\"datePublished\":\"2026-01-20T10:13:21+00:00\",\"dateModified\":\"2026-01-21T01:52:05+00:00\",\"description\":\"Vozol Gear Power 20K Blue Razz Ice: blueberry-raspberry flavour with an icy finish. 20ml e-liquid, 5% nicotine, dual mesh coils, display, Type-C recharge.\",\"breadcrumb\":{\"@id\":\"https:\/\/fumot.uk\/product\/vozol-gear-power-20000-puffs-blue-razz-ice\/#breadcrumb\"},\"inLanguage\":\"fr-FR\",\"potentialAction\":[{\"@type\":\"ReadAction\",\"target\":[\"https:\/\/fumot.uk\/product\/vozol-gear-power-20000-puffs-blue-razz-ice\/\"]}]},{\"@type\":\"ImageObject\",\"inLanguage\":\"fr-FR\",\"@id\":\"https:\/\/fumot.uk\/product\/vozol-gear-power-20000-puffs-blue-razz-ice\/#primaryimage\",\"url\":\"https:\/\/fumot.uk\/wp-content\/uploads\/2026\/01\/Vozol-Gear-Power-20000-Puffs-Blue-Razz-Ice-Disposable-Vape.png\",\"contentUrl\":\"https:\/\/fumot.uk\/wp-content\/uploads\/2026\/01\/Vozol-Gear-Power-20000-Puffs-Blue-Razz-Ice-Disposable-Vape.png\",\"width\":1000,\"height\":1000},{\"@type\":\"BreadcrumbList\",\"@id\":\"https:\/\/fumot.uk\/product\/vozol-gear-power-20000-puffs-blue-razz-ice\/#breadcrumb\",\"itemListElement\":[{\"@type\":\"ListItem\",\"position\":1,\"name\":\"Home\",\"item\":\"https:\/\/fumot.uk\/\"},{\"@type\":\"ListItem\",\"position\":2,\"name\":\"Shop\",\"item\":\"https:\/\/fumot.uk\/shop\/\"},{\"@type\":\"ListItem\",\"position\":3,\"name\":\"Vozol Gear Power 20000 Puffs Blue Razz Ice Disposable Vape 20ml 5% Nicotine\"}]},{\"@type\":\"WebSite\",\"@id\":\"https:\/\/fumot.uk\/#website\",\"url\":\"https:\/\/fumot.uk\/\",\"name\":\"Fumot Official Direct | Straight from the Factory, 100% Genuine\",\"description\":\"Official Website\",\"publisher\":{\"@id\":\"https:\/\/fumot.uk\/#organization\"},\"potentialAction\":[{\"@type\":\"SearchAction\",\"target\":{\"@type\":\"EntryPoint\",\"urlTemplate\":\"https:\/\/fumot.uk\/?s={search_term_string}\"},\"query-input\":{\"@type\":\"PropertyValueSpecification\",\"valueRequired\":true,\"valueName\":\"search_term_string\"}}],\"inLanguage\":\"fr-FR\"},{\"@type\":\"Organization\",\"@id\":\"https:\/\/fumot.uk\/#organization\",\"name\":\"Fumot Official Direct | Straight from the Factory, 100% Genuine\",\"url\":\"https:\/\/fumot.uk\/\",\"logo\":{\"@type\":\"ImageObject\",\"inLanguage\":\"fr-FR\",\"@id\":\"https:\/\/fumot.uk\/#\/schema\/logo\/image\/\",\"url\":\"https:\/\/fumot.uk\/wp-content\/uploads\/2026\/01\/cropped-fumot-logo1.png\",\"contentUrl\":\"https:\/\/fumot.uk\/wp-content\/uploads\/2026\/01\/cropped-fumot-logo1.png\",\"width\":152,\"height\":106,\"caption\":\"Fumot Official Direct | Straight from the Factory, 100% Genuine\"},\"image\":{\"@id\":\"https:\/\/fumot.uk\/#\/schema\/logo\/image\/\"}}]}<\/script>\n<!-- \/ Yoast SEO plugin. -->","yoast_head_json":{"title":"Vozol Gear Power 20000 Puffs Blue Razz Ice | 20ml 5%","description":"Vozol Gear Power 20K Blue Razz Ice : saveur myrtille-framboise avec une finition glac\u00e9e. 20ml e-liquide, 5% nicotine, double bobines en maille, affichage, recharge Type-C.","robots":{"index":"index","follow":"follow","max-snippet":"max-snippet:-1","max-image-preview":"max-image-preview:large","max-video-preview":"max-video-preview:-1"},"canonical":"https:\/\/fumot.uk\/fr\/product\/vozol-gear-power-20000-puffs-blue-razz-ice\/","og_locale":"fr_FR","og_type":"article","og_title":"Vozol Gear Power 20K \u2013 Blue Razz Ice (20ml, 5%)","og_description":"Sweet blueberry, tangy raspberry and a cool ice finish. Dual mesh coils, full-screen display, adjustable airflow and Type\u2011C charging\u2014shop at fumot.uk.","og_url":"https:\/\/fumot.uk\/fr\/product\/vozol-gear-power-20000-puffs-blue-razz-ice\/","og_site_name":"Fumot Official Direct | Straight from the Factory, 100% Genuine","article_modified_time":"2026-01-21T01:52:05+00:00","og_image":[{"width":1000,"height":1000,"url":"https:\/\/fumot.uk\/wp-content\/uploads\/2026\/01\/Vozol-Gear-Power-20000-Puffs-Blue-Razz-Ice-Disposable-Vape.png","type":"image\/png"}],"twitter_card":"summary_large_image","twitter_misc":{"Dur\u00e9e de lecture estim\u00e9e":"2 minutes"},"schema":{"@context":"https:\/\/schema.org","@graph":[{"@type":"WebPage","@id":"https:\/\/fumot.uk\/product\/vozol-gear-power-20000-puffs-blue-razz-ice\/","url":"https:\/\/fumot.uk\/product\/vozol-gear-power-20000-puffs-blue-razz-ice\/","name":"Vozol Gear Power 20000 Puffs Blue Razz Ice | 20ml 5%","isPartOf":{"@id":"https:\/\/fumot.uk\/#website"},"primaryImageOfPage":{"@id":"https:\/\/fumot.uk\/product\/vozol-gear-power-20000-puffs-blue-razz-ice\/#primaryimage"},"image":{"@id":"https:\/\/fumot.uk\/product\/vozol-gear-power-20000-puffs-blue-razz-ice\/#primaryimage"},"thumbnailUrl":"https:\/\/fumot.uk\/wp-content\/uploads\/2026\/01\/Vozol-Gear-Power-20000-Puffs-Blue-Razz-Ice-Disposable-Vape.png","datePublished":"2026-01-20T10:13:21+00:00","dateModified":"2026-01-21T01:52:05+00:00","description":"Vozol Gear Power 20K Blue Razz Ice : saveur myrtille-framboise avec une finition glac\u00e9e. 20ml e-liquide, 5% nicotine, double bobines en maille, affichage, recharge Type-C.","breadcrumb":{"@id":"https:\/\/fumot.uk\/product\/vozol-gear-power-20000-puffs-blue-razz-ice\/#breadcrumb"},"inLanguage":"fr-FR","potentialAction":[{"@type":"ReadAction","target":["https:\/\/fumot.uk\/product\/vozol-gear-power-20000-puffs-blue-razz-ice\/"]}]},{"@type":"ImageObject","inLanguage":"fr-FR","@id":"https:\/\/fumot.uk\/product\/vozol-gear-power-20000-puffs-blue-razz-ice\/#primaryimage","url":"https:\/\/fumot.uk\/wp-content\/uploads\/2026\/01\/Vozol-Gear-Power-20000-Puffs-Blue-Razz-Ice-Disposable-Vape.png","contentUrl":"https:\/\/fumot.uk\/wp-content\/uploads\/2026\/01\/Vozol-Gear-Power-20000-Puffs-Blue-Razz-Ice-Disposable-Vape.png","width":1000,"height":1000},{"@type":"BreadcrumbList","@id":"https:\/\/fumot.uk\/product\/vozol-gear-power-20000-puffs-blue-razz-ice\/#breadcrumb","itemListElement":[{"@type":"ListItem","position":1,"name":"Home","item":"https:\/\/fumot.uk\/"},{"@type":"ListItem","position":2,"name":"Shop","item":"https:\/\/fumot.uk\/shop\/"},{"@type":"ListItem","position":3,"name":"Vozol Gear Power 20000 Puffs Blue Razz Ice Disposable Vape 20ml 5% Nicotine"}]},{"@type":"WebSite","@id":"https:\/\/fumot.uk\/#website","url":"https:\/\/fumot.uk\/","name":"Fumot Official Direct | Directement de l'usine, 100% Authentique","description":"Site officiel","publisher":{"@id":"https:\/\/fumot.uk\/#organization"},"potentialAction":[{"@type":"SearchAction","target":{"@type":"EntryPoint","urlTemplate":"https:\/\/fumot.uk\/?s={search_term_string}"},"query-input":{"@type":"PropertyValueSpecification","valueRequired":true,"valueName":"search_term_string"}}],"inLanguage":"fr-FR"},{"@type":"Organization","@id":"https:\/\/fumot.uk\/#organization","name":"Fumot Official Direct | Directement de l'usine, 100% Authentique","url":"https:\/\/fumot.uk\/","logo":{"@type":"ImageObject","inLanguage":"fr-FR","@id":"https:\/\/fumot.uk\/#\/schema\/logo\/image\/","url":"https:\/\/fumot.uk\/wp-content\/uploads\/2026\/01\/cropped-fumot-logo1.png","contentUrl":"https:\/\/fumot.uk\/wp-content\/uploads\/2026\/01\/cropped-fumot-logo1.png","width":152,"height":106,"caption":"Fumot Official Direct | Straight from the Factory, 100% Genuine"},"image":{"@id":"https:\/\/fumot.uk\/#\/schema\/logo\/image\/"}}]}},"_links":{"self":[{"href":"https:\/\/fumot.uk\/fr\/wp-json\/wp\/v2\/product\/3524","targetHints":{"allow":["GET"]}}],"collection":[{"href":"https:\/\/fumot.uk\/fr\/wp-json\/wp\/v2\/product"}],"about":[{"href":"https:\/\/fumot.uk\/fr\/wp-json\/wp\/v2\/types\/product"}],"replies":[{"embeddable":true,"href":"https:\/\/fumot.uk\/fr\/wp-json\/wp\/v2\/comments?post=3524"}],"wp:featuredmedia":[{"embeddable":true,"href":"https:\/\/fumot.uk\/fr\/wp-json\/wp\/v2\/media\/3553"}],"wp:attachment":[{"href":"https:\/\/fumot.uk\/fr\/wp-json\/wp\/v2\/media?parent=3524"}],"wp:term":[{"taxonomy":"product_brand","embeddable":true,"href":"https:\/\/fumot.uk\/fr\/wp-json\/wp\/v2\/product_brand?post=3524"},{"taxonomy":"product_cat","embeddable":true,"href":"https:\/\/fumot.uk\/fr\/wp-json\/wp\/v2\/product_cat?post=3524"},{"taxonomy":"product_tag","embeddable":true,"href":"https:\/\/fumot.uk\/fr\/wp-json\/wp\/v2\/product_tag?post=3524"}],"curies":[{"name":"wp","href":"https:\/\/api.w.org\/{rel}","templated":true}]}}