{"id":3523,"date":"2026-01-20T10:13:21","date_gmt":"2026-01-20T10:13:21","guid":{"rendered":"https:\/\/fumot.uk\/?post_type=product&#038;p=3523"},"modified":"2026-01-21T01:51:41","modified_gmt":"2026-01-21T01:51:41","slug":"vozol-gear-power-20000-puffs-blue-mojito","status":"publish","type":"product","link":"https:\/\/fumot.uk\/fr\/product\/vozol-gear-power-20000-puffs-blue-mojito\/","title":{"rendered":"Vozol Gear Power 20000 Puffs Blue Mojito Vape Jetable (20ml, 5% Nicotine) \u2013 Double Mesh, \u00c9cran, Type\u2011C"},"content":{"rendered":"<h2>Vozol Gear Power 20000 Puffs Blue Mojito<\/h2>\n<p><strong>Blue Mojito<\/strong> m\u00e9lange la douceur juteuse de la myrtille avec une fra\u00eecheur menthol\u00e9e et une l\u00e9g\u00e8re touche de citron\u2014propre, rafra\u00eechissant et stratifi\u00e9 comme un cocktail d'\u00e9t\u00e9. C'est une saveur lumineuse et rafra\u00eechissante qui reste douce du premier au dernier tirage, ce qui en fait un choix facile pour vapoter toute la journ\u00e9e.<\/p>\n<p>Gr\u00e2ce \u00e0 <strong>des doubles r\u00e9sistances en mesh<\/strong>, la saveur se manifeste avec une meilleure clart\u00e9 et une production de vapeur plus stable et plus constante. La note de menthe ne domine pas; au contraire, elle rehausse la myrtille et les agrumes pour une finition \u00e9quilibr\u00e9e et fra\u00eeche.<\/p>\n<h3>Caract\u00e9ristiques cl\u00e9s<\/h3>\n<ul>\n<li><strong>Jusqu'\u00e0 :<\/strong> 20 000 bouff\u00e9es<\/li>\n<li><strong>Force de nicotine :<\/strong> 5% (50mg)<\/li>\n<li><strong>Capacit\u00e9 de e-liquide :<\/strong> 20ml pr\u00e9rempli<\/li>\n<li><strong>R\u00e9sistance :<\/strong> Bobines \u00e0 double maillage<\/li>\n<li><strong>Affichage :<\/strong> Affichage plein \u00e9cran (batterie et utilisation d'un coup d'\u0153il)<\/li>\n<li><strong>Technologie :<\/strong> Technologie S.i.L.C.<\/li>\n<li><strong>Chargement :<\/strong> rechargeable Type\u2011C<\/li>\n<li><strong>Flux d'air :<\/strong> Flux d'air ajustable<\/li>\n<\/ul>\n<h3>Pourquoi choisir Vozol Gear Power 20K ?<\/h3>\n<ul>\n<li><strong>Technologie S.i.L.C.<\/strong> aide \u00e0 offrir une exp\u00e9rience gustative plus douce et plus stable tout au long de la dur\u00e9e de vie de l'appareil.<\/li>\n<li><strong>Deux styles de vapotage :<\/strong> Mode \u00e9conomie d'\u00e9nergie (jusqu'\u00e0 20 000 bouff\u00e9es) ou Mode puissance (jusqu'\u00e0 12 000 bouff\u00e9es), vous pouvez donc choisir la long\u00e9vit\u00e9 ou l'intensit\u00e9.<\/li>\n<li><strong>Moins de devinettes :<\/strong> l'affichage plein \u00e9cran garde la batterie et l'utilisation clairement visibles\u2014id\u00e9al pour la commodit\u00e9 quotidienne.<\/li>\n<\/ul>\n<p>D\u00e9couvrez plus de saveurs inspir\u00e9es des cocktails et les nouveaut\u00e9s sur <a href=\"https:\/\/fumot.uk\/fr\/\">fumot.uk<\/a>.<\/p>","protected":false},"excerpt":{"rendered":"<p>Vozol Gear Power 20000 Puffs Blue Mojito : fra\u00eecheur de myrtille, menthe et citron avec doubles coils en mesh, \u00e9cran plein, 20ml d'e-liquide pr\u00e9-rempli, 5% de nicotine et recharge Type\u2011C.<\/p>","protected":false},"featured_media":3552,"comment_status":"open","ping_status":"closed","template":"","meta":[],"product_brand":[],"product_cat":[68,17,184],"product_tag":[60,131,21,23,73,176,26,28],"class_list":{"0":"post-3523","1":"product","2":"type-product","3":"status-publish","4":"has-post-thumbnail","6":"product_cat-20000-puff","7":"product_cat-vape","8":"product_cat-vozol-gear-power-20000-puffs","9":"product_tag-20ml","10":"product_tag-650mah","11":"product_tag-adjustable-airflow","12":"product_tag-display","13":"product_tag-dual-mesh","14":"product_tag-mojito","15":"product_tag-rechargeable","16":"product_tag-type-c","18":"first","19":"instock","20":"sale","21":"shipping-taxable","22":"purchasable","23":"product-type-variable","24":"has-default-attributes"},"yoast_head":"<!-- This site is optimized with the Yoast SEO plugin v26.8 - https:\/\/yoast.com\/product\/yoast-seo-wordpress\/ -->\n<title>Vozol Gear Power 20000 Puffs Blue Mojito | fumot.uk<\/title>\n<meta name=\"description\" content=\"Vozol Gear Power 20K Blue Mojito disposable vape: blueberry, mint &amp; lemon. 20ml, 5% nicotine, dual mesh coils, display, adjustable airflow, Type\u2011C.\" \/>\n<meta name=\"robots\" content=\"index, follow, max-snippet:-1, max-image-preview:large, max-video-preview:-1\" \/>\n<link rel=\"canonical\" href=\"https:\/\/fumot.uk\/fr\/product\/vozol-gear-power-20000-puffs-blue-mojito\/\" \/>\n<meta property=\"og:locale\" content=\"fr_FR\" \/>\n<meta property=\"og:type\" content=\"article\" \/>\n<meta property=\"og:title\" content=\"Vozol Gear Power 20K Blue Mojito \u2013 Cool Berry Mojito Taste\" \/>\n<meta property=\"og:description\" content=\"A refreshing blueberry, mint and lemon blend with dual mesh coils, full-screen display, 20ml prefilled e-liquid and 5% nicotine. Shop at fumot.uk.\" \/>\n<meta property=\"og:url\" content=\"https:\/\/fumot.uk\/fr\/product\/vozol-gear-power-20000-puffs-blue-mojito\/\" \/>\n<meta property=\"og:site_name\" content=\"Fumot Official Direct | Straight from the Factory, 100% Genuine\" \/>\n<meta property=\"article:modified_time\" content=\"2026-01-21T01:51:41+00:00\" \/>\n<meta property=\"og:image\" content=\"https:\/\/fumot.uk\/wp-content\/uploads\/2026\/01\/Vozol-Gear-Power-20000-Puffs-blue_mojito-Disposable-Vape.png\" \/>\n\t<meta property=\"og:image:width\" content=\"1000\" \/>\n\t<meta property=\"og:image:height\" content=\"1000\" \/>\n\t<meta property=\"og:image:type\" content=\"image\/png\" \/>\n<meta name=\"twitter:card\" content=\"summary_large_image\" \/>\n<meta name=\"twitter:label1\" content=\"Dur\u00e9e de lecture estim\u00e9e\" \/>\n\t<meta name=\"twitter:data1\" content=\"2 minutes\" \/>\n<script type=\"application\/ld+json\" class=\"yoast-schema-graph\">{\"@context\":\"https:\/\/schema.org\",\"@graph\":[{\"@type\":\"WebPage\",\"@id\":\"https:\/\/fumot.uk\/product\/vozol-gear-power-20000-puffs-blue-mojito\/\",\"url\":\"https:\/\/fumot.uk\/product\/vozol-gear-power-20000-puffs-blue-mojito\/\",\"name\":\"Vozol Gear Power 20000 Puffs Blue Mojito | fumot.uk\",\"isPartOf\":{\"@id\":\"https:\/\/fumot.uk\/#website\"},\"primaryImageOfPage\":{\"@id\":\"https:\/\/fumot.uk\/product\/vozol-gear-power-20000-puffs-blue-mojito\/#primaryimage\"},\"image\":{\"@id\":\"https:\/\/fumot.uk\/product\/vozol-gear-power-20000-puffs-blue-mojito\/#primaryimage\"},\"thumbnailUrl\":\"https:\/\/fumot.uk\/wp-content\/uploads\/2026\/01\/Vozol-Gear-Power-20000-Puffs-blue_mojito-Disposable-Vape.png\",\"datePublished\":\"2026-01-20T10:13:21+00:00\",\"dateModified\":\"2026-01-21T01:51:41+00:00\",\"description\":\"Vozol Gear Power 20K Blue Mojito disposable vape: blueberry, mint & lemon. 20ml, 5% nicotine, dual mesh coils, display, adjustable airflow, Type\u2011C.\",\"breadcrumb\":{\"@id\":\"https:\/\/fumot.uk\/product\/vozol-gear-power-20000-puffs-blue-mojito\/#breadcrumb\"},\"inLanguage\":\"fr-FR\",\"potentialAction\":[{\"@type\":\"ReadAction\",\"target\":[\"https:\/\/fumot.uk\/product\/vozol-gear-power-20000-puffs-blue-mojito\/\"]}]},{\"@type\":\"ImageObject\",\"inLanguage\":\"fr-FR\",\"@id\":\"https:\/\/fumot.uk\/product\/vozol-gear-power-20000-puffs-blue-mojito\/#primaryimage\",\"url\":\"https:\/\/fumot.uk\/wp-content\/uploads\/2026\/01\/Vozol-Gear-Power-20000-Puffs-blue_mojito-Disposable-Vape.png\",\"contentUrl\":\"https:\/\/fumot.uk\/wp-content\/uploads\/2026\/01\/Vozol-Gear-Power-20000-Puffs-blue_mojito-Disposable-Vape.png\",\"width\":1000,\"height\":1000},{\"@type\":\"BreadcrumbList\",\"@id\":\"https:\/\/fumot.uk\/product\/vozol-gear-power-20000-puffs-blue-mojito\/#breadcrumb\",\"itemListElement\":[{\"@type\":\"ListItem\",\"position\":1,\"name\":\"Home\",\"item\":\"https:\/\/fumot.uk\/\"},{\"@type\":\"ListItem\",\"position\":2,\"name\":\"Shop\",\"item\":\"https:\/\/fumot.uk\/shop\/\"},{\"@type\":\"ListItem\",\"position\":3,\"name\":\"Vozol Gear Power 20000 Puffs Blue Mojito Disposable Vape (20ml, 5% Nicotine) \u2013 Dual Mesh, Display, Type\u2011C\"}]},{\"@type\":\"WebSite\",\"@id\":\"https:\/\/fumot.uk\/#website\",\"url\":\"https:\/\/fumot.uk\/\",\"name\":\"Fumot Official Direct | Straight from the Factory, 100% Genuine\",\"description\":\"Official Website\",\"publisher\":{\"@id\":\"https:\/\/fumot.uk\/#organization\"},\"potentialAction\":[{\"@type\":\"SearchAction\",\"target\":{\"@type\":\"EntryPoint\",\"urlTemplate\":\"https:\/\/fumot.uk\/?s={search_term_string}\"},\"query-input\":{\"@type\":\"PropertyValueSpecification\",\"valueRequired\":true,\"valueName\":\"search_term_string\"}}],\"inLanguage\":\"fr-FR\"},{\"@type\":\"Organization\",\"@id\":\"https:\/\/fumot.uk\/#organization\",\"name\":\"Fumot Official Direct | Straight from the Factory, 100% Genuine\",\"url\":\"https:\/\/fumot.uk\/\",\"logo\":{\"@type\":\"ImageObject\",\"inLanguage\":\"fr-FR\",\"@id\":\"https:\/\/fumot.uk\/#\/schema\/logo\/image\/\",\"url\":\"https:\/\/fumot.uk\/wp-content\/uploads\/2026\/01\/cropped-fumot-logo1.png\",\"contentUrl\":\"https:\/\/fumot.uk\/wp-content\/uploads\/2026\/01\/cropped-fumot-logo1.png\",\"width\":152,\"height\":106,\"caption\":\"Fumot Official Direct | Straight from the Factory, 100% Genuine\"},\"image\":{\"@id\":\"https:\/\/fumot.uk\/#\/schema\/logo\/image\/\"}}]}<\/script>\n<!-- \/ Yoast SEO plugin. -->","yoast_head_json":{"title":"Vozol Gear Power 20000 Puffs Blue Mojito | fumot.uk","description":"Vozol Gear Power 20K Blue Mojito cigarette \u00e9lectronique jetable : myrtille, menthe &amp; citron. 20ml, 5% nicotine, double bobine en maille, affichage, flux d'air r\u00e9glable, Type\u2011C.","robots":{"index":"index","follow":"follow","max-snippet":"max-snippet:-1","max-image-preview":"max-image-preview:large","max-video-preview":"max-video-preview:-1"},"canonical":"https:\/\/fumot.uk\/fr\/product\/vozol-gear-power-20000-puffs-blue-mojito\/","og_locale":"fr_FR","og_type":"article","og_title":"Vozol Gear Power 20K Blue Mojito \u2013 Cool Berry Mojito Taste","og_description":"A refreshing blueberry, mint and lemon blend with dual mesh coils, full-screen display, 20ml prefilled e-liquid and 5% nicotine. Shop at fumot.uk.","og_url":"https:\/\/fumot.uk\/fr\/product\/vozol-gear-power-20000-puffs-blue-mojito\/","og_site_name":"Fumot Official Direct | Straight from the Factory, 100% Genuine","article_modified_time":"2026-01-21T01:51:41+00:00","og_image":[{"width":1000,"height":1000,"url":"https:\/\/fumot.uk\/wp-content\/uploads\/2026\/01\/Vozol-Gear-Power-20000-Puffs-blue_mojito-Disposable-Vape.png","type":"image\/png"}],"twitter_card":"summary_large_image","twitter_misc":{"Dur\u00e9e de lecture estim\u00e9e":"2 minutes"},"schema":{"@context":"https:\/\/schema.org","@graph":[{"@type":"WebPage","@id":"https:\/\/fumot.uk\/product\/vozol-gear-power-20000-puffs-blue-mojito\/","url":"https:\/\/fumot.uk\/product\/vozol-gear-power-20000-puffs-blue-mojito\/","name":"Vozol Gear Power 20000 Puffs Blue Mojito | fumot.uk","isPartOf":{"@id":"https:\/\/fumot.uk\/#website"},"primaryImageOfPage":{"@id":"https:\/\/fumot.uk\/product\/vozol-gear-power-20000-puffs-blue-mojito\/#primaryimage"},"image":{"@id":"https:\/\/fumot.uk\/product\/vozol-gear-power-20000-puffs-blue-mojito\/#primaryimage"},"thumbnailUrl":"https:\/\/fumot.uk\/wp-content\/uploads\/2026\/01\/Vozol-Gear-Power-20000-Puffs-blue_mojito-Disposable-Vape.png","datePublished":"2026-01-20T10:13:21+00:00","dateModified":"2026-01-21T01:51:41+00:00","description":"Vozol Gear Power 20K Blue Mojito cigarette \u00e9lectronique jetable : myrtille, menthe &amp; citron. 20ml, 5% nicotine, double bobine en maille, affichage, flux d'air r\u00e9glable, Type\u2011C.","breadcrumb":{"@id":"https:\/\/fumot.uk\/product\/vozol-gear-power-20000-puffs-blue-mojito\/#breadcrumb"},"inLanguage":"fr-FR","potentialAction":[{"@type":"ReadAction","target":["https:\/\/fumot.uk\/product\/vozol-gear-power-20000-puffs-blue-mojito\/"]}]},{"@type":"ImageObject","inLanguage":"fr-FR","@id":"https:\/\/fumot.uk\/product\/vozol-gear-power-20000-puffs-blue-mojito\/#primaryimage","url":"https:\/\/fumot.uk\/wp-content\/uploads\/2026\/01\/Vozol-Gear-Power-20000-Puffs-blue_mojito-Disposable-Vape.png","contentUrl":"https:\/\/fumot.uk\/wp-content\/uploads\/2026\/01\/Vozol-Gear-Power-20000-Puffs-blue_mojito-Disposable-Vape.png","width":1000,"height":1000},{"@type":"BreadcrumbList","@id":"https:\/\/fumot.uk\/product\/vozol-gear-power-20000-puffs-blue-mojito\/#breadcrumb","itemListElement":[{"@type":"ListItem","position":1,"name":"Home","item":"https:\/\/fumot.uk\/"},{"@type":"ListItem","position":2,"name":"Shop","item":"https:\/\/fumot.uk\/shop\/"},{"@type":"ListItem","position":3,"name":"Vozol Gear Power 20000 Puffs Blue Mojito Disposable Vape (20ml, 5% Nicotine) \u2013 Dual Mesh, Display, Type\u2011C"}]},{"@type":"WebSite","@id":"https:\/\/fumot.uk\/#website","url":"https:\/\/fumot.uk\/","name":"Fumot Official Direct | Directement de l'usine, 100% Authentique","description":"Site officiel","publisher":{"@id":"https:\/\/fumot.uk\/#organization"},"potentialAction":[{"@type":"SearchAction","target":{"@type":"EntryPoint","urlTemplate":"https:\/\/fumot.uk\/?s={search_term_string}"},"query-input":{"@type":"PropertyValueSpecification","valueRequired":true,"valueName":"search_term_string"}}],"inLanguage":"fr-FR"},{"@type":"Organization","@id":"https:\/\/fumot.uk\/#organization","name":"Fumot Official Direct | Directement de l'usine, 100% Authentique","url":"https:\/\/fumot.uk\/","logo":{"@type":"ImageObject","inLanguage":"fr-FR","@id":"https:\/\/fumot.uk\/#\/schema\/logo\/image\/","url":"https:\/\/fumot.uk\/wp-content\/uploads\/2026\/01\/cropped-fumot-logo1.png","contentUrl":"https:\/\/fumot.uk\/wp-content\/uploads\/2026\/01\/cropped-fumot-logo1.png","width":152,"height":106,"caption":"Fumot Official Direct | Straight from the Factory, 100% Genuine"},"image":{"@id":"https:\/\/fumot.uk\/#\/schema\/logo\/image\/"}}]}},"_links":{"self":[{"href":"https:\/\/fumot.uk\/fr\/wp-json\/wp\/v2\/product\/3523","targetHints":{"allow":["GET"]}}],"collection":[{"href":"https:\/\/fumot.uk\/fr\/wp-json\/wp\/v2\/product"}],"about":[{"href":"https:\/\/fumot.uk\/fr\/wp-json\/wp\/v2\/types\/product"}],"replies":[{"embeddable":true,"href":"https:\/\/fumot.uk\/fr\/wp-json\/wp\/v2\/comments?post=3523"}],"wp:featuredmedia":[{"embeddable":true,"href":"https:\/\/fumot.uk\/fr\/wp-json\/wp\/v2\/media\/3552"}],"wp:attachment":[{"href":"https:\/\/fumot.uk\/fr\/wp-json\/wp\/v2\/media?parent=3523"}],"wp:term":[{"taxonomy":"product_brand","embeddable":true,"href":"https:\/\/fumot.uk\/fr\/wp-json\/wp\/v2\/product_brand?post=3523"},{"taxonomy":"product_cat","embeddable":true,"href":"https:\/\/fumot.uk\/fr\/wp-json\/wp\/v2\/product_cat?post=3523"},{"taxonomy":"product_tag","embeddable":true,"href":"https:\/\/fumot.uk\/fr\/wp-json\/wp\/v2\/product_tag?post=3523"}],"curies":[{"name":"wp","href":"https:\/\/api.w.org\/{rel}","templated":true}]}}